{"id":31493,"date":"2022-12-20T12:40:15","date_gmt":"2022-12-20T11:40:15","guid":{"rendered":"https:\/\/somllavors.com\/?post_type=product&#038;p=31493"},"modified":"2023-12-23T12:03:04","modified_gmt":"2023-12-23T11:03:04","slug":"vehicles-de-fusta-de-ciutat","status":"publish","type":"product","link":"https:\/\/somllavors.com\/es\/producte\/vehicles-de-fusta-de-ciutat","title":{"rendered":"Vehicles de fusta de ciutat"},"content":{"rendered":"","protected":false},"excerpt":{"rendered":"<p>Vehicles urbans de fusta de la ciutat. Diverteix-te rodant per tota la ciutat amb aquests robusts vehicles de fusta!<\/p>\n<p>El joc de nou peces inclou:<\/p>\n<ul>\n<li>Un cami\u00f3 de reciclatge,<\/li>\n<li>un cami\u00f3 de correu,<\/li>\n<li>un autob\u00fas escolar,<\/li>\n<li>una grua,<\/li>\n<li>un cami\u00f3 de bombers,<\/li>\n<li>un cami\u00f3 de gelats,<\/li>\n<li>un autob\u00fas urb\u00e0,<\/li>\n<li>una ambul\u00e0ncia,<\/li>\n<li>un cami\u00f3 de repartiment,<\/li>\n<\/ul>\n<p>Venen en una safata de fusta.<\/p>\n","protected":false},"featured_media":35810,"template":"","meta":{"_acf_changed":false,"site-sidebar-layout":"default","site-content-layout":"default","ast-site-content-layout":"default","site-content-style":"default","site-sidebar-style":"default","ast-global-header-display":"","ast-banner-title-visibility":"","ast-main-header-display":"","ast-hfb-above-header-display":"","ast-hfb-below-header-display":"","ast-hfb-mobile-header-display":"","site-post-title":"","ast-breadcrumbs-content":"","ast-featured-img":"","footer-sml-layout":"","ast-disable-related-posts":"","theme-transparent-header-meta":"default","adv-header-id-meta":"","stick-header-meta":"","header-above-stick-meta":"","header-main-stick-meta":"","header-below-stick-meta":"","astra-migrate-meta-layouts":"default","ast-page-background-enabled":"default","ast-page-background-meta":{"desktop":{"background-color":"","background-image":"","background-repeat":"repeat","background-position":"center center","background-size":"auto","background-attachment":"scroll","background-type":"","background-media":"","overlay-type":"","overlay-color":"","overlay-opacity":"","overlay-gradient":""},"tablet":{"background-color":"","background-image":"","background-repeat":"repeat","background-position":"center center","background-size":"auto","background-attachment":"scroll","background-type":"","background-media":"","overlay-type":"","overlay-color":"","overlay-opacity":"","overlay-gradient":""},"mobile":{"background-color":"","background-image":"","background-repeat":"repeat","background-position":"center center","background-size":"auto","background-attachment":"scroll","background-type":"","background-media":"","overlay-type":"","overlay-color":"","overlay-opacity":"","overlay-gradient":""}},"ast-content-background-meta":{"desktop":{"background-color":"var(--ast-global-color-5)","background-image":"","background-repeat":"repeat","background-position":"center center","background-size":"auto","background-attachment":"scroll","background-type":"","background-media":"","overlay-type":"","overlay-color":"","overlay-opacity":"","overlay-gradient":""},"tablet":{"background-color":"var(--ast-global-color-5)","background-image":"","background-repeat":"repeat","background-position":"center center","background-size":"auto","background-attachment":"scroll","background-type":"","background-media":"","overlay-type":"","overlay-color":"","overlay-opacity":"","overlay-gradient":""},"mobile":{"background-color":"var(--ast-global-color-5)","background-image":"","background-repeat":"repeat","background-position":"center center","background-size":"auto","background-attachment":"scroll","background-type":"","background-media":"","overlay-type":"","overlay-color":"","overlay-opacity":"","overlay-gradient":""}}},"pwb-brand":[],"product_brand":[],"product_cat":[623,893],"product_tag":[3342,3343,3341],"class_list":{"0":"post-31493","1":"product","2":"type-product","3":"status-publish","4":"has-post-thumbnail","6":"product_cat-joc-simbolic","7":"product_cat-jocs-de-fusta","8":"product_tag-ciudad","9":"product_tag-transportes","10":"product_tag-vehiculos-de-madera","11":"desktop-align-left","12":"tablet-align-left","13":"mobile-align-left","15":"first","16":"outofstock","17":"taxable","18":"shipping-taxable","19":"purchasable","20":"product-type-simple"},"acf":[],"yoast_head":"<!-- This site is optimized with the Yoast SEO Premium plugin v18.3 (Yoast SEO v27.4) - https:\/\/yoast.com\/product\/yoast-seo-premium-wordpress\/ -->\n<title>Vehicles de fusta de ciutat &#8212; Som Llavors<\/title>\n<meta name=\"description\" content=\"Vehicles urbans de fusta de la ciutat. Diverteix-te rodant per tota la ciutat amb aquests robusts vehicles de fusta!  El joc de nou peces inclou:   Un cami\u00f3 de reciclatge,  un cami\u00f3 de correu,  un autob\u00fas escolar,  una grua,  un cami\u00f3 de bombers,  un cami\u00f3 de gelats,  un autob\u00fas urb\u00e0,  una ambul\u00e0ncia,  un cami\u00f3 de repartiment,  Venen en una safata de fusta.\" \/>\n<meta name=\"robots\" content=\"index, follow, max-snippet:-1, max-image-preview:large, max-video-preview:-1\" \/>\n<link rel=\"canonical\" href=\"https:\/\/somllavors.com\/es\/producte\/vehicles-de-fusta-de-ciutat\" \/>\n<meta property=\"og:locale\" content=\"es_ES\" \/>\n<meta property=\"og:type\" content=\"article\" \/>\n<meta property=\"og:title\" content=\"Vehicles de fusta de ciutat\" \/>\n<meta property=\"og:description\" content=\"La teva botiga d\u2019ecocrian\u00e7a i espai d\u2019acompanyament a la maternitat\" \/>\n<meta property=\"og:url\" content=\"https:\/\/somllavors.com\/es\/producte\/vehicles-de-fusta-de-ciutat\" \/>\n<meta property=\"og:site_name\" content=\"Som Llavors\" \/>\n<meta property=\"article:publisher\" content=\"https:\/\/www.facebook.com\/somllavorsvng\/?locale=ca_ES\" \/>\n<meta property=\"article:modified_time\" content=\"2023-12-23T11:03:04+00:00\" \/>\n<meta property=\"og:image\" content=\"https:\/\/somllavors.com\/wp-content\/uploads\/2022\/12\/75fd90c1-eaf7-4ccf-8c59-709761ab65fa_1.03ceb63a4e8adbf3b10daef29f8473b4.jpeg\" \/>\n\t<meta property=\"og:image:width\" content=\"612\" \/>\n\t<meta property=\"og:image:height\" content=\"612\" \/>\n\t<meta property=\"og:image:type\" content=\"image\/jpeg\" \/>\n<meta name=\"twitter:card\" content=\"summary_large_image\" \/>\n<meta name=\"twitter:label1\" content=\"Precio\" \/>\n\t<meta name=\"twitter:data1\" content=\"29,90&euro; Iva incl\u00f2s\" \/>\n\t<meta name=\"twitter:label2\" content=\"Availability\" \/>\n\t<meta name=\"twitter:data2\" content=\"Out of stock\" \/>\n<script type=\"application\/ld+json\" class=\"yoast-schema-graph\">{\"@context\":\"https:\\\/\\\/schema.org\",\"@graph\":[{\"@type\":\"WebPage\",\"@id\":\"https:\\\/\\\/somllavors.com\\\/es\\\/producte\\\/vehicles-de-fusta-de-ciutat\",\"url\":\"https:\\\/\\\/somllavors.com\\\/es\\\/producte\\\/vehicles-de-fusta-de-ciutat\",\"name\":\"Vehicles de fusta de ciutat &#8212; Som Llavors\",\"isPartOf\":{\"@id\":\"https:\\\/\\\/somllavors.com\\\/es#website\"},\"primaryImageOfPage\":{\"@id\":\"https:\\\/\\\/somllavors.com\\\/es\\\/producte\\\/vehicles-de-fusta-de-ciutat#primaryimage\"},\"image\":{\"@id\":\"https:\\\/\\\/somllavors.com\\\/es\\\/producte\\\/vehicles-de-fusta-de-ciutat#primaryimage\"},\"thumbnailUrl\":\"https:\\\/\\\/somllavors.com\\\/wp-content\\\/uploads\\\/2022\\\/12\\\/75fd90c1-eaf7-4ccf-8c59-709761ab65fa_1.03ceb63a4e8adbf3b10daef29f8473b4.jpeg\",\"datePublished\":\"2022-12-20T11:40:15+00:00\",\"dateModified\":\"2023-12-23T11:03:04+00:00\",\"description\":\"Vehicles urbans de fusta de la ciutat. Diverteix-te rodant per tota la ciutat amb aquests robusts vehicles de fusta! El joc de nou peces inclou: Un cami\u00f3 de reciclatge, un cami\u00f3 de correu, un autob\u00fas escolar, una grua, un cami\u00f3 de bombers, un cami\u00f3 de gelats, un autob\u00fas urb\u00e0, una ambul\u00e0ncia, un cami\u00f3 de repartiment, Venen en una safata de fusta.\",\"breadcrumb\":{\"@id\":\"https:\\\/\\\/somllavors.com\\\/es\\\/producte\\\/vehicles-de-fusta-de-ciutat#breadcrumb\"},\"inLanguage\":\"es\",\"potentialAction\":[{\"@type\":\"ReadAction\",\"target\":[\"https:\\\/\\\/somllavors.com\\\/es\\\/producte\\\/vehicles-de-fusta-de-ciutat\"]}]},{\"@type\":\"ImageObject\",\"inLanguage\":\"es\",\"@id\":\"https:\\\/\\\/somllavors.com\\\/es\\\/producte\\\/vehicles-de-fusta-de-ciutat#primaryimage\",\"url\":\"https:\\\/\\\/somllavors.com\\\/wp-content\\\/uploads\\\/2022\\\/12\\\/75fd90c1-eaf7-4ccf-8c59-709761ab65fa_1.03ceb63a4e8adbf3b10daef29f8473b4.jpeg\",\"contentUrl\":\"https:\\\/\\\/somllavors.com\\\/wp-content\\\/uploads\\\/2022\\\/12\\\/75fd90c1-eaf7-4ccf-8c59-709761ab65fa_1.03ceb63a4e8adbf3b10daef29f8473b4.jpeg\",\"width\":612,\"height\":612,\"caption\":\"vehiculos de ciudad\"},{\"@type\":\"BreadcrumbList\",\"@id\":\"https:\\\/\\\/somllavors.com\\\/es\\\/producte\\\/vehicles-de-fusta-de-ciutat#breadcrumb\",\"itemListElement\":[{\"@type\":\"ListItem\",\"position\":1,\"name\":\"Inici\",\"item\":\"https:\\\/\\\/somllavors.com\\\/es\"},{\"@type\":\"ListItem\",\"position\":2,\"name\":\"Tienda\",\"item\":\"https:\\\/\\\/somllavors.com\\\/es\\\/botiga-2\"},{\"@type\":\"ListItem\",\"position\":3,\"name\":\"Vehicles de fusta de ciutat\"}]},{\"@type\":\"WebSite\",\"@id\":\"https:\\\/\\\/somllavors.com\\\/es#website\",\"url\":\"https:\\\/\\\/somllavors.com\\\/es\",\"name\":\"Som Llavors\",\"description\":\"Botiga de crian\u00e7a natural\",\"publisher\":{\"@id\":\"https:\\\/\\\/somllavors.com\\\/es#organization\"},\"alternateName\":\"Crian\u00e7a Natural i Sostenible\",\"potentialAction\":[{\"@type\":\"SearchAction\",\"target\":{\"@type\":\"EntryPoint\",\"urlTemplate\":\"https:\\\/\\\/somllavors.com\\\/es?s={search_term_string}\"},\"query-input\":{\"@type\":\"PropertyValueSpecification\",\"valueRequired\":true,\"valueName\":\"search_term_string\"}}],\"inLanguage\":\"es\"},{\"@type\":[\"Organization\",\"Place\",\"Store\"],\"@id\":\"https:\\\/\\\/somllavors.com\\\/es#organization\",\"name\":\"Som Llavors\",\"alternateName\":\"Crian\u00e7a Natural i Sostenible\",\"url\":\"https:\\\/\\\/somllavors.com\\\/es\",\"logo\":{\"@id\":\"https:\\\/\\\/somllavors.com\\\/es\\\/producte\\\/vehicles-de-fusta-de-ciutat#local-main-organization-logo\"},\"image\":{\"@id\":\"https:\\\/\\\/somllavors.com\\\/es\\\/producte\\\/vehicles-de-fusta-de-ciutat#local-main-organization-logo\"},\"sameAs\":[\"https:\\\/\\\/www.facebook.com\\\/somllavorsvng\\\/?locale=ca_ES\",\"https:\\\/\\\/www.instagram.com\\\/somllavors_vng\\\/\",\"https:\\\/\\\/www.youtube.com\\\/@somllavors\"],\"address\":{\"@id\":\"https:\\\/\\\/somllavors.com\\\/es\\\/producte\\\/vehicles-de-fusta-de-ciutat#local-main-place-address\"},\"geo\":{\"@type\":\"GeoCoordinates\",\"latitude\":\"41.2257737\",\"longitude\":\"1.723258859\"},\"telephone\":[\"623152704\"],\"openingHoursSpecification\":[{\"@type\":\"OpeningHoursSpecification\",\"dayOfWeek\":[\"Monday\",\"Sunday\"],\"opens\":\"00:00\",\"closes\":\"00:00\"},{\"@type\":\"OpeningHoursSpecification\",\"dayOfWeek\":[\"Tuesday\",\"Wednesday\",\"Thursday\",\"Friday\"],\"opens\":\"10:00\",\"closes\":\"20:00\"},{\"@type\":\"OpeningHoursSpecification\",\"dayOfWeek\":[\"Saturday\"],\"opens\":\"10:00\",\"closes\":\"13:30\"}],\"email\":\"info@somllavors.com\"},{\"@type\":\"PostalAddress\",\"@id\":\"https:\\\/\\\/somllavors.com\\\/es\\\/producte\\\/vehicles-de-fusta-de-ciutat#local-main-place-address\",\"streetAddress\":\"Carrer de l'aigua, 6\",\"addressLocality\":\"Vilanova i la Geltr\u00fa\",\"postalCode\":\"08800\",\"addressRegion\":\"Barcelona\",\"addressCountry\":\"ES\"},{\"@type\":\"ImageObject\",\"inLanguage\":\"es\",\"@id\":\"https:\\\/\\\/somllavors.com\\\/es\\\/producte\\\/vehicles-de-fusta-de-ciutat#local-main-organization-logo\",\"url\":\"https:\\\/\\\/somllavors.com\\\/wp-content\\\/uploads\\\/Logotip-Som-Llavors.jpg\",\"contentUrl\":\"https:\\\/\\\/somllavors.com\\\/wp-content\\\/uploads\\\/Logotip-Som-Llavors.jpg\",\"width\":1444,\"height\":1323,\"caption\":\"Som Llavors\"}]}<\/script>\n<meta property=\"product:price:amount\" content=\"29.90\" \/>\n<meta property=\"product:price:currency\" content=\"EUR\" \/>\n<meta property=\"og:availability\" content=\"out of stock\" \/>\n<meta property=\"product:availability\" content=\"out of stock\" \/>\n<meta property=\"product:retailer_item_id\" content=\"13170\" \/>\n<meta property=\"product:condition\" content=\"new\" \/>\n<meta name=\"geo.placename\" content=\"Vilanova i la Geltr\u00fa\" \/>\n<meta name=\"geo.position\" content=\"41.2257737;1.723258859\" \/>\n<meta name=\"geo.region\" content=\"Espa\u00f1a\" \/>\n<!-- \/ Yoast SEO Premium plugin. -->","yoast_head_json":{"title":"Vehicles de fusta de ciutat &#8212; Som Llavors","description":"Vehicles urbans de fusta de la ciutat. Diverteix-te rodant per tota la ciutat amb aquests robusts vehicles de fusta!  El joc de nou peces inclou:   Un cami\u00f3 de reciclatge,  un cami\u00f3 de correu,  un autob\u00fas escolar,  una grua,  un cami\u00f3 de bombers,  un cami\u00f3 de gelats,  un autob\u00fas urb\u00e0,  una ambul\u00e0ncia,  un cami\u00f3 de repartiment,  Venen en una safata de fusta.","robots":{"index":"index","follow":"follow","max-snippet":"max-snippet:-1","max-image-preview":"max-image-preview:large","max-video-preview":"max-video-preview:-1"},"canonical":"https:\/\/somllavors.com\/es\/producte\/vehicles-de-fusta-de-ciutat","og_locale":"es_ES","og_type":"article","og_title":"Vehicles de fusta de ciutat","og_description":"La teva botiga d\u2019ecocrian\u00e7a i espai d\u2019acompanyament a la maternitat","og_url":"https:\/\/somllavors.com\/es\/producte\/vehicles-de-fusta-de-ciutat","og_site_name":"Som Llavors","article_publisher":"https:\/\/www.facebook.com\/somllavorsvng\/?locale=ca_ES","article_modified_time":"2023-12-23T11:03:04+00:00","og_image":[{"width":612,"height":612,"url":"https:\/\/somllavors.com\/wp-content\/uploads\/2022\/12\/75fd90c1-eaf7-4ccf-8c59-709761ab65fa_1.03ceb63a4e8adbf3b10daef29f8473b4.jpeg","type":"image\/jpeg"}],"twitter_card":"summary_large_image","twitter_misc":{"Precio":"29,90&euro; Iva incl\u00f2s","Availability":"Out of stock"},"schema":{"@context":"https:\/\/schema.org","@graph":[{"@type":"WebPage","@id":"https:\/\/somllavors.com\/es\/producte\/vehicles-de-fusta-de-ciutat","url":"https:\/\/somllavors.com\/es\/producte\/vehicles-de-fusta-de-ciutat","name":"Vehicles de fusta de ciutat &#8212; Som Llavors","isPartOf":{"@id":"https:\/\/somllavors.com\/es#website"},"primaryImageOfPage":{"@id":"https:\/\/somllavors.com\/es\/producte\/vehicles-de-fusta-de-ciutat#primaryimage"},"image":{"@id":"https:\/\/somllavors.com\/es\/producte\/vehicles-de-fusta-de-ciutat#primaryimage"},"thumbnailUrl":"https:\/\/somllavors.com\/wp-content\/uploads\/2022\/12\/75fd90c1-eaf7-4ccf-8c59-709761ab65fa_1.03ceb63a4e8adbf3b10daef29f8473b4.jpeg","datePublished":"2022-12-20T11:40:15+00:00","dateModified":"2023-12-23T11:03:04+00:00","description":"Vehicles urbans de fusta de la ciutat. Diverteix-te rodant per tota la ciutat amb aquests robusts vehicles de fusta! El joc de nou peces inclou: Un cami\u00f3 de reciclatge, un cami\u00f3 de correu, un autob\u00fas escolar, una grua, un cami\u00f3 de bombers, un cami\u00f3 de gelats, un autob\u00fas urb\u00e0, una ambul\u00e0ncia, un cami\u00f3 de repartiment, Venen en una safata de fusta.","breadcrumb":{"@id":"https:\/\/somllavors.com\/es\/producte\/vehicles-de-fusta-de-ciutat#breadcrumb"},"inLanguage":"es","potentialAction":[{"@type":"ReadAction","target":["https:\/\/somllavors.com\/es\/producte\/vehicles-de-fusta-de-ciutat"]}]},{"@type":"ImageObject","inLanguage":"es","@id":"https:\/\/somllavors.com\/es\/producte\/vehicles-de-fusta-de-ciutat#primaryimage","url":"https:\/\/somllavors.com\/wp-content\/uploads\/2022\/12\/75fd90c1-eaf7-4ccf-8c59-709761ab65fa_1.03ceb63a4e8adbf3b10daef29f8473b4.jpeg","contentUrl":"https:\/\/somllavors.com\/wp-content\/uploads\/2022\/12\/75fd90c1-eaf7-4ccf-8c59-709761ab65fa_1.03ceb63a4e8adbf3b10daef29f8473b4.jpeg","width":612,"height":612,"caption":"vehiculos de ciudad"},{"@type":"BreadcrumbList","@id":"https:\/\/somllavors.com\/es\/producte\/vehicles-de-fusta-de-ciutat#breadcrumb","itemListElement":[{"@type":"ListItem","position":1,"name":"Inici","item":"https:\/\/somllavors.com\/es"},{"@type":"ListItem","position":2,"name":"Tienda","item":"https:\/\/somllavors.com\/es\/botiga-2"},{"@type":"ListItem","position":3,"name":"Vehicles de fusta de ciutat"}]},{"@type":"WebSite","@id":"https:\/\/somllavors.com\/es#website","url":"https:\/\/somllavors.com\/es","name":"Som Llavors","description":"Botiga de crian\u00e7a natural","publisher":{"@id":"https:\/\/somllavors.com\/es#organization"},"alternateName":"Crian\u00e7a Natural i Sostenible","potentialAction":[{"@type":"SearchAction","target":{"@type":"EntryPoint","urlTemplate":"https:\/\/somllavors.com\/es?s={search_term_string}"},"query-input":{"@type":"PropertyValueSpecification","valueRequired":true,"valueName":"search_term_string"}}],"inLanguage":"es"},{"@type":["Organization","Place","Store"],"@id":"https:\/\/somllavors.com\/es#organization","name":"Som Llavors","alternateName":"Crian\u00e7a Natural i Sostenible","url":"https:\/\/somllavors.com\/es","logo":{"@id":"https:\/\/somllavors.com\/es\/producte\/vehicles-de-fusta-de-ciutat#local-main-organization-logo"},"image":{"@id":"https:\/\/somllavors.com\/es\/producte\/vehicles-de-fusta-de-ciutat#local-main-organization-logo"},"sameAs":["https:\/\/www.facebook.com\/somllavorsvng\/?locale=ca_ES","https:\/\/www.instagram.com\/somllavors_vng\/","https:\/\/www.youtube.com\/@somllavors"],"address":{"@id":"https:\/\/somllavors.com\/es\/producte\/vehicles-de-fusta-de-ciutat#local-main-place-address"},"geo":{"@type":"GeoCoordinates","latitude":"41.2257737","longitude":"1.723258859"},"telephone":["623152704","623152704"],"openingHoursSpecification":[{"@type":"OpeningHoursSpecification","dayOfWeek":["Monday","Sunday"],"opens":"00:00","closes":"00:00"},{"@type":"OpeningHoursSpecification","dayOfWeek":["Tuesday","Wednesday","Thursday","Friday"],"opens":"10:00","closes":"20:00"},{"@type":"OpeningHoursSpecification","dayOfWeek":["Saturday"],"opens":"10:00","closes":"13:30"}],"email":"info@somllavors.com"},{"@type":"PostalAddress","@id":"https:\/\/somllavors.com\/es\/producte\/vehicles-de-fusta-de-ciutat#local-main-place-address","streetAddress":"Carrer de l'aigua, 6","addressLocality":"Vilanova i la Geltr\u00fa","postalCode":"08800","addressRegion":"Barcelona","addressCountry":"ES"},{"@type":"ImageObject","inLanguage":"es","@id":"https:\/\/somllavors.com\/es\/producte\/vehicles-de-fusta-de-ciutat#local-main-organization-logo","url":"https:\/\/somllavors.com\/wp-content\/uploads\/Logotip-Som-Llavors.jpg","contentUrl":"https:\/\/somllavors.com\/wp-content\/uploads\/Logotip-Som-Llavors.jpg","width":1444,"height":1323,"caption":"Som Llavors"}]},"product_price_amount":"29.90","product_price_currency":"EUR","og_availability":"out of stock","product_availability":"out of stock","product_retailer_item_id":"13170","product_condition":"new","geo.placename":"Vilanova i la Geltr\u00fa","geo.position":{"lat":"41.2257737","long":"1.723258859"},"geo.region":"Espa\u00f1a"},"brands":[],"_links":{"self":[{"href":"https:\/\/somllavors.com\/es\/wp-json\/wp\/v2\/product\/31493","targetHints":{"allow":["GET"]}}],"collection":[{"href":"https:\/\/somllavors.com\/es\/wp-json\/wp\/v2\/product"}],"about":[{"href":"https:\/\/somllavors.com\/es\/wp-json\/wp\/v2\/types\/product"}],"wp:featuredmedia":[{"embeddable":true,"href":"https:\/\/somllavors.com\/es\/wp-json\/wp\/v2\/media\/35810"}],"wp:attachment":[{"href":"https:\/\/somllavors.com\/es\/wp-json\/wp\/v2\/media?parent=31493"}],"wp:term":[{"taxonomy":"pwb-brand","embeddable":true,"href":"https:\/\/somllavors.com\/es\/wp-json\/wp\/v2\/pwb-brand?post=31493"},{"taxonomy":"product_brand","embeddable":true,"href":"https:\/\/somllavors.com\/es\/wp-json\/wp\/v2\/product_brand?post=31493"},{"taxonomy":"product_cat","embeddable":true,"href":"https:\/\/somllavors.com\/es\/wp-json\/wp\/v2\/product_cat?post=31493"},{"taxonomy":"product_tag","embeddable":true,"href":"https:\/\/somllavors.com\/es\/wp-json\/wp\/v2\/product_tag?post=31493"}],"curies":[{"name":"wp","href":"https:\/\/api.w.org\/{rel}","templated":true}]}}