{"id":31545,"date":"2022-12-21T10:31:52","date_gmt":"2022-12-21T09:31:52","guid":{"rendered":"https:\/\/somllavors.com\/?post_type=product&#038;p=31545"},"modified":"2023-12-07T10:31:54","modified_gmt":"2023-12-07T09:31:54","slug":"mitjons-de-coto-organic-x3-caramel-lassig","status":"publish","type":"product","link":"https:\/\/somllavors.com\/es\/producte\/mitjons-de-coto-organic-x3-caramel-lassig","title":{"rendered":"Mitjons de cot\u00f3 org\u00e0nic x3 Caramel- Lassig"},"content":{"rendered":"<ul>\n<li>Els mitjons amb cintura el\u00e0stica acanalada s\u00f3n f\u00e0cils de posar i treure i permeten una subjecci\u00f3 segura.<\/li>\n<li>Els detalls pr\u00e0ctics, com la costura de la puntera especialment plana, garanteixen un ajustament c\u00f2mode.<\/li>\n<li>Amb els seus colors apagats, els mitjons es poden combinar amb tota la vestimenta.<\/li>\n<li>Es produeixen i certifiquen segons les directrius GOTS (Global Organic Textile Standard).<\/li>\n<li>NOTA: S\u00f3c un producte natural \u00fanic! A causa del proc\u00e9s de fabricaci\u00f3 cur\u00f3s i respectu\u00f3s amb el medi ambient dels productes elaborats amb cot\u00f3 org\u00e0nic (GOTS), cada article \u00e9s \u00fanic i pot variar en color i estructura.<\/li>\n<\/ul>\n","protected":false},"excerpt":{"rendered":"<p>Els mitjons L\u00c4SSIG de la col\u00b7lecci\u00f3 Cozy Leg Wear mantenen calents els peus dels infants gr\u00e0cies a l&#8217;alta proporci\u00f3 de cot\u00f3 (org\u00e0nic) i s\u00f3n transpirables i agradables a la pell.<\/p>\n<p>&nbsp;<\/p>\n","protected":false},"featured_media":31553,"template":"","meta":{"_acf_changed":false,"site-sidebar-layout":"default","site-content-layout":"default","ast-site-content-layout":"default","site-content-style":"default","site-sidebar-style":"default","ast-global-header-display":"","ast-banner-title-visibility":"","ast-main-header-display":"","ast-hfb-above-header-display":"","ast-hfb-below-header-display":"","ast-hfb-mobile-header-display":"","site-post-title":"","ast-breadcrumbs-content":"","ast-featured-img":"","footer-sml-layout":"","ast-disable-related-posts":"","theme-transparent-header-meta":"default","adv-header-id-meta":"","stick-header-meta":"","header-above-stick-meta":"","header-main-stick-meta":"","header-below-stick-meta":"","astra-migrate-meta-layouts":"default","ast-page-background-enabled":"default","ast-page-background-meta":{"desktop":{"background-color":"","background-image":"","background-repeat":"repeat","background-position":"center center","background-size":"auto","background-attachment":"scroll","background-type":"","background-media":"","overlay-type":"","overlay-color":"","overlay-opacity":"","overlay-gradient":""},"tablet":{"background-color":"","background-image":"","background-repeat":"repeat","background-position":"center center","background-size":"auto","background-attachment":"scroll","background-type":"","background-media":"","overlay-type":"","overlay-color":"","overlay-opacity":"","overlay-gradient":""},"mobile":{"background-color":"","background-image":"","background-repeat":"repeat","background-position":"center center","background-size":"auto","background-attachment":"scroll","background-type":"","background-media":"","overlay-type":"","overlay-color":"","overlay-opacity":"","overlay-gradient":""}},"ast-content-background-meta":{"desktop":{"background-color":"var(--ast-global-color-5)","background-image":"","background-repeat":"repeat","background-position":"center center","background-size":"auto","background-attachment":"scroll","background-type":"","background-media":"","overlay-type":"","overlay-color":"","overlay-opacity":"","overlay-gradient":""},"tablet":{"background-color":"var(--ast-global-color-5)","background-image":"","background-repeat":"repeat","background-position":"center center","background-size":"auto","background-attachment":"scroll","background-type":"","background-media":"","overlay-type":"","overlay-color":"","overlay-opacity":"","overlay-gradient":""},"mobile":{"background-color":"var(--ast-global-color-5)","background-image":"","background-repeat":"repeat","background-position":"center center","background-size":"auto","background-attachment":"scroll","background-type":"","background-media":"","overlay-type":"","overlay-color":"","overlay-opacity":"","overlay-gradient":""}}},"pwb-brand":[4108],"product_brand":[],"product_cat":[4500,4068,822,2178],"product_tag":[800,2153,1357,1718],"class_list":{"0":"post-31545","1":"product","2":"type-product","3":"status-publish","4":"has-post-thumbnail","6":"pwb-brand-lassig","7":"product_cat-10-20e","8":"product_cat-mitjons-calcat-respectuos","9":"product_cat-mitjons-antilliscants","10":"product_cat-tornada-a-lescola","11":"product_tag-algodon-organico","12":"product_tag-antideslizantes","13":"product_tag-calcetines","14":"product_tag-lassig","15":"pa_talla-19-22","16":"pa_talla-23-26","17":"pa_talla-27-30","18":"desktop-align-left","19":"tablet-align-left","20":"mobile-align-left","22":"first","23":"outofstock","24":"taxable","25":"shipping-taxable","26":"product-type-variable"},"acf":[],"yoast_head":"<!-- This site is optimized with the Yoast SEO Premium plugin v18.3 (Yoast SEO v27.4) - https:\/\/yoast.com\/product\/yoast-seo-premium-wordpress\/ -->\n<title>Mitjons de cot\u00f3 org\u00e0nic x3 Caramel- Lassig &#8212; Som Llavors<\/title>\n<meta name=\"description\" content=\"Els mitjons L\u00c4SSIG de la col\u00b7lecci\u00f3 Cozy Leg Wear mantenen calents els peus dels infants gr\u00e0cies a l&#039;alta proporci\u00f3 de cot\u00f3 (org\u00e0nic) i s\u00f3n transpirables i agradables a la pell.  &nbsp;\" \/>\n<meta name=\"robots\" content=\"index, follow, max-snippet:-1, max-image-preview:large, max-video-preview:-1\" \/>\n<link rel=\"canonical\" href=\"https:\/\/somllavors.com\/es\/producte\/mitjons-de-coto-organic-x3-caramel-lassig\" \/>\n<meta property=\"og:locale\" content=\"es_ES\" \/>\n<meta property=\"og:type\" content=\"article\" \/>\n<meta property=\"og:title\" content=\"Mitjons de cot\u00f3 org\u00e0nic x3 Caramel- Lassig\" \/>\n<meta property=\"og:description\" content=\"La teva botiga d\u2019ecocrian\u00e7a i espai d\u2019acompanyament a la maternitat\" \/>\n<meta property=\"og:url\" content=\"https:\/\/somllavors.com\/es\/producte\/mitjons-de-coto-organic-x3-caramel-lassig\" \/>\n<meta property=\"og:site_name\" content=\"Som Llavors\" \/>\n<meta property=\"article:publisher\" content=\"https:\/\/www.facebook.com\/somllavorsvng\/?locale=ca_ES\" \/>\n<meta property=\"article:modified_time\" content=\"2023-12-07T09:31:54+00:00\" \/>\n<meta property=\"og:image\" content=\"https:\/\/somllavors.com\/wp-content\/uploads\/2022\/12\/Som-Llavors-CALCETIN-DEP.-3PCS-P-CARA.jpg\" \/>\n\t<meta property=\"og:image:width\" content=\"768\" \/>\n\t<meta property=\"og:image:height\" content=\"768\" \/>\n\t<meta property=\"og:image:type\" content=\"image\/jpeg\" \/>\n<meta name=\"twitter:card\" content=\"summary_large_image\" \/>\n<meta name=\"twitter:label1\" content=\"Availability\" \/>\n\t<meta name=\"twitter:data1\" content=\"Out of stock\" \/>\n<script type=\"application\/ld+json\" class=\"yoast-schema-graph\">{\"@context\":\"https:\\\/\\\/schema.org\",\"@graph\":[{\"@type\":\"WebPage\",\"@id\":\"https:\\\/\\\/somllavors.com\\\/es\\\/producte\\\/mitjons-de-coto-organic-x3-caramel-lassig\",\"url\":\"https:\\\/\\\/somllavors.com\\\/es\\\/producte\\\/mitjons-de-coto-organic-x3-caramel-lassig\",\"name\":\"Mitjons de cot\u00f3 org\u00e0nic x3 Caramel- Lassig &#8212; Som Llavors\",\"isPartOf\":{\"@id\":\"https:\\\/\\\/somllavors.com\\\/es#website\"},\"primaryImageOfPage\":{\"@id\":\"https:\\\/\\\/somllavors.com\\\/es\\\/producte\\\/mitjons-de-coto-organic-x3-caramel-lassig#primaryimage\"},\"image\":{\"@id\":\"https:\\\/\\\/somllavors.com\\\/es\\\/producte\\\/mitjons-de-coto-organic-x3-caramel-lassig#primaryimage\"},\"thumbnailUrl\":\"https:\\\/\\\/somllavors.com\\\/wp-content\\\/uploads\\\/2022\\\/12\\\/Som-Llavors-CALCETIN-DEP.-3PCS-P-CARA.jpg\",\"datePublished\":\"2022-12-21T09:31:52+00:00\",\"dateModified\":\"2023-12-07T09:31:54+00:00\",\"description\":\"Els mitjons L\u00c4SSIG de la col\u00b7lecci\u00f3 Cozy Leg Wear mantenen calents els peus dels infants gr\u00e0cies a l'alta proporci\u00f3 de cot\u00f3 (org\u00e0nic) i s\u00f3n transpirables i agradables a la pell. &nbsp;\",\"breadcrumb\":{\"@id\":\"https:\\\/\\\/somllavors.com\\\/es\\\/producte\\\/mitjons-de-coto-organic-x3-caramel-lassig#breadcrumb\"},\"inLanguage\":\"es\",\"potentialAction\":[{\"@type\":\"ReadAction\",\"target\":[\"https:\\\/\\\/somllavors.com\\\/es\\\/producte\\\/mitjons-de-coto-organic-x3-caramel-lassig\"]}]},{\"@type\":\"ImageObject\",\"inLanguage\":\"es\",\"@id\":\"https:\\\/\\\/somllavors.com\\\/es\\\/producte\\\/mitjons-de-coto-organic-x3-caramel-lassig#primaryimage\",\"url\":\"https:\\\/\\\/somllavors.com\\\/wp-content\\\/uploads\\\/2022\\\/12\\\/Som-Llavors-CALCETIN-DEP.-3PCS-P-CARA.jpg\",\"contentUrl\":\"https:\\\/\\\/somllavors.com\\\/wp-content\\\/uploads\\\/2022\\\/12\\\/Som-Llavors-CALCETIN-DEP.-3PCS-P-CARA.jpg\",\"width\":768,\"height\":768,\"caption\":\"calcetines algod\u00f3n org\u00e1nico lassig\"},{\"@type\":\"BreadcrumbList\",\"@id\":\"https:\\\/\\\/somllavors.com\\\/es\\\/producte\\\/mitjons-de-coto-organic-x3-caramel-lassig#breadcrumb\",\"itemListElement\":[{\"@type\":\"ListItem\",\"position\":1,\"name\":\"Inici\",\"item\":\"https:\\\/\\\/somllavors.com\\\/es\"},{\"@type\":\"ListItem\",\"position\":2,\"name\":\"Tienda\",\"item\":\"https:\\\/\\\/somllavors.com\\\/es\\\/botiga-2\"},{\"@type\":\"ListItem\",\"position\":3,\"name\":\"Mitjons de cot\u00f3 org\u00e0nic x3 Caramel- Lassig\"}]},{\"@type\":\"WebSite\",\"@id\":\"https:\\\/\\\/somllavors.com\\\/es#website\",\"url\":\"https:\\\/\\\/somllavors.com\\\/es\",\"name\":\"Som Llavors\",\"description\":\"Botiga de crian\u00e7a natural\",\"publisher\":{\"@id\":\"https:\\\/\\\/somllavors.com\\\/es#organization\"},\"alternateName\":\"Crian\u00e7a Natural i Sostenible\",\"potentialAction\":[{\"@type\":\"SearchAction\",\"target\":{\"@type\":\"EntryPoint\",\"urlTemplate\":\"https:\\\/\\\/somllavors.com\\\/es?s={search_term_string}\"},\"query-input\":{\"@type\":\"PropertyValueSpecification\",\"valueRequired\":true,\"valueName\":\"search_term_string\"}}],\"inLanguage\":\"es\"},{\"@type\":[\"Organization\",\"Place\",\"Store\"],\"@id\":\"https:\\\/\\\/somllavors.com\\\/es#organization\",\"name\":\"Som Llavors\",\"alternateName\":\"Crian\u00e7a Natural i Sostenible\",\"url\":\"https:\\\/\\\/somllavors.com\\\/es\",\"logo\":{\"@id\":\"https:\\\/\\\/somllavors.com\\\/es\\\/producte\\\/mitjons-de-coto-organic-x3-caramel-lassig#local-main-organization-logo\"},\"image\":{\"@id\":\"https:\\\/\\\/somllavors.com\\\/es\\\/producte\\\/mitjons-de-coto-organic-x3-caramel-lassig#local-main-organization-logo\"},\"sameAs\":[\"https:\\\/\\\/www.facebook.com\\\/somllavorsvng\\\/?locale=ca_ES\",\"https:\\\/\\\/www.instagram.com\\\/somllavors_vng\\\/\",\"https:\\\/\\\/www.youtube.com\\\/@somllavors\"],\"address\":{\"@id\":\"https:\\\/\\\/somllavors.com\\\/es\\\/producte\\\/mitjons-de-coto-organic-x3-caramel-lassig#local-main-place-address\"},\"geo\":{\"@type\":\"GeoCoordinates\",\"latitude\":\"41.2257737\",\"longitude\":\"1.723258859\"},\"telephone\":[\"623152704\"],\"openingHoursSpecification\":[{\"@type\":\"OpeningHoursSpecification\",\"dayOfWeek\":[\"Monday\",\"Sunday\"],\"opens\":\"00:00\",\"closes\":\"00:00\"},{\"@type\":\"OpeningHoursSpecification\",\"dayOfWeek\":[\"Tuesday\",\"Wednesday\",\"Thursday\",\"Friday\"],\"opens\":\"10:00\",\"closes\":\"20:00\"},{\"@type\":\"OpeningHoursSpecification\",\"dayOfWeek\":[\"Saturday\"],\"opens\":\"10:00\",\"closes\":\"13:30\"}],\"email\":\"info@somllavors.com\"},{\"@type\":\"PostalAddress\",\"@id\":\"https:\\\/\\\/somllavors.com\\\/es\\\/producte\\\/mitjons-de-coto-organic-x3-caramel-lassig#local-main-place-address\",\"streetAddress\":\"Carrer de l'aigua, 6\",\"addressLocality\":\"Vilanova i la Geltr\u00fa\",\"postalCode\":\"08800\",\"addressRegion\":\"Barcelona\",\"addressCountry\":\"ES\"},{\"@type\":\"ImageObject\",\"inLanguage\":\"es\",\"@id\":\"https:\\\/\\\/somllavors.com\\\/es\\\/producte\\\/mitjons-de-coto-organic-x3-caramel-lassig#local-main-organization-logo\",\"url\":\"https:\\\/\\\/somllavors.com\\\/wp-content\\\/uploads\\\/Logotip-Som-Llavors.jpg\",\"contentUrl\":\"https:\\\/\\\/somllavors.com\\\/wp-content\\\/uploads\\\/Logotip-Som-Llavors.jpg\",\"width\":1444,\"height\":1323,\"caption\":\"Som Llavors\"}]}<\/script>\n<meta property=\"og:availability\" content=\"out of stock\" \/>\n<meta property=\"product:availability\" content=\"out of stock\" \/>\n<meta property=\"product:condition\" content=\"new\" \/>\n<meta name=\"geo.placename\" content=\"Vilanova i la Geltr\u00fa\" \/>\n<meta name=\"geo.position\" content=\"41.2257737;1.723258859\" \/>\n<meta name=\"geo.region\" content=\"Espa\u00f1a\" \/>\n<!-- \/ Yoast SEO Premium plugin. -->","yoast_head_json":{"title":"Mitjons de cot\u00f3 org\u00e0nic x3 Caramel- Lassig &#8212; Som Llavors","description":"Els mitjons L\u00c4SSIG de la col\u00b7lecci\u00f3 Cozy Leg Wear mantenen calents els peus dels infants gr\u00e0cies a l'alta proporci\u00f3 de cot\u00f3 (org\u00e0nic) i s\u00f3n transpirables i agradables a la pell.  &nbsp;","robots":{"index":"index","follow":"follow","max-snippet":"max-snippet:-1","max-image-preview":"max-image-preview:large","max-video-preview":"max-video-preview:-1"},"canonical":"https:\/\/somllavors.com\/es\/producte\/mitjons-de-coto-organic-x3-caramel-lassig","og_locale":"es_ES","og_type":"article","og_title":"Mitjons de cot\u00f3 org\u00e0nic x3 Caramel- Lassig","og_description":"La teva botiga d\u2019ecocrian\u00e7a i espai d\u2019acompanyament a la maternitat","og_url":"https:\/\/somllavors.com\/es\/producte\/mitjons-de-coto-organic-x3-caramel-lassig","og_site_name":"Som Llavors","article_publisher":"https:\/\/www.facebook.com\/somllavorsvng\/?locale=ca_ES","article_modified_time":"2023-12-07T09:31:54+00:00","og_image":[{"width":768,"height":768,"url":"https:\/\/somllavors.com\/wp-content\/uploads\/2022\/12\/Som-Llavors-CALCETIN-DEP.-3PCS-P-CARA.jpg","type":"image\/jpeg"}],"twitter_card":"summary_large_image","twitter_misc":{"Availability":"Out of stock"},"schema":{"@context":"https:\/\/schema.org","@graph":[{"@type":"WebPage","@id":"https:\/\/somllavors.com\/es\/producte\/mitjons-de-coto-organic-x3-caramel-lassig","url":"https:\/\/somllavors.com\/es\/producte\/mitjons-de-coto-organic-x3-caramel-lassig","name":"Mitjons de cot\u00f3 org\u00e0nic x3 Caramel- Lassig &#8212; Som Llavors","isPartOf":{"@id":"https:\/\/somllavors.com\/es#website"},"primaryImageOfPage":{"@id":"https:\/\/somllavors.com\/es\/producte\/mitjons-de-coto-organic-x3-caramel-lassig#primaryimage"},"image":{"@id":"https:\/\/somllavors.com\/es\/producte\/mitjons-de-coto-organic-x3-caramel-lassig#primaryimage"},"thumbnailUrl":"https:\/\/somllavors.com\/wp-content\/uploads\/2022\/12\/Som-Llavors-CALCETIN-DEP.-3PCS-P-CARA.jpg","datePublished":"2022-12-21T09:31:52+00:00","dateModified":"2023-12-07T09:31:54+00:00","description":"Els mitjons L\u00c4SSIG de la col\u00b7lecci\u00f3 Cozy Leg Wear mantenen calents els peus dels infants gr\u00e0cies a l'alta proporci\u00f3 de cot\u00f3 (org\u00e0nic) i s\u00f3n transpirables i agradables a la pell. &nbsp;","breadcrumb":{"@id":"https:\/\/somllavors.com\/es\/producte\/mitjons-de-coto-organic-x3-caramel-lassig#breadcrumb"},"inLanguage":"es","potentialAction":[{"@type":"ReadAction","target":["https:\/\/somllavors.com\/es\/producte\/mitjons-de-coto-organic-x3-caramel-lassig"]}]},{"@type":"ImageObject","inLanguage":"es","@id":"https:\/\/somllavors.com\/es\/producte\/mitjons-de-coto-organic-x3-caramel-lassig#primaryimage","url":"https:\/\/somllavors.com\/wp-content\/uploads\/2022\/12\/Som-Llavors-CALCETIN-DEP.-3PCS-P-CARA.jpg","contentUrl":"https:\/\/somllavors.com\/wp-content\/uploads\/2022\/12\/Som-Llavors-CALCETIN-DEP.-3PCS-P-CARA.jpg","width":768,"height":768,"caption":"calcetines algod\u00f3n org\u00e1nico lassig"},{"@type":"BreadcrumbList","@id":"https:\/\/somllavors.com\/es\/producte\/mitjons-de-coto-organic-x3-caramel-lassig#breadcrumb","itemListElement":[{"@type":"ListItem","position":1,"name":"Inici","item":"https:\/\/somllavors.com\/es"},{"@type":"ListItem","position":2,"name":"Tienda","item":"https:\/\/somllavors.com\/es\/botiga-2"},{"@type":"ListItem","position":3,"name":"Mitjons de cot\u00f3 org\u00e0nic x3 Caramel- Lassig"}]},{"@type":"WebSite","@id":"https:\/\/somllavors.com\/es#website","url":"https:\/\/somllavors.com\/es","name":"Som Llavors","description":"Botiga de crian\u00e7a natural","publisher":{"@id":"https:\/\/somllavors.com\/es#organization"},"alternateName":"Crian\u00e7a Natural i Sostenible","potentialAction":[{"@type":"SearchAction","target":{"@type":"EntryPoint","urlTemplate":"https:\/\/somllavors.com\/es?s={search_term_string}"},"query-input":{"@type":"PropertyValueSpecification","valueRequired":true,"valueName":"search_term_string"}}],"inLanguage":"es"},{"@type":["Organization","Place","Store"],"@id":"https:\/\/somllavors.com\/es#organization","name":"Som Llavors","alternateName":"Crian\u00e7a Natural i Sostenible","url":"https:\/\/somllavors.com\/es","logo":{"@id":"https:\/\/somllavors.com\/es\/producte\/mitjons-de-coto-organic-x3-caramel-lassig#local-main-organization-logo"},"image":{"@id":"https:\/\/somllavors.com\/es\/producte\/mitjons-de-coto-organic-x3-caramel-lassig#local-main-organization-logo"},"sameAs":["https:\/\/www.facebook.com\/somllavorsvng\/?locale=ca_ES","https:\/\/www.instagram.com\/somllavors_vng\/","https:\/\/www.youtube.com\/@somllavors"],"address":{"@id":"https:\/\/somllavors.com\/es\/producte\/mitjons-de-coto-organic-x3-caramel-lassig#local-main-place-address"},"geo":{"@type":"GeoCoordinates","latitude":"41.2257737","longitude":"1.723258859"},"telephone":["623152704","623152704"],"openingHoursSpecification":[{"@type":"OpeningHoursSpecification","dayOfWeek":["Monday","Sunday"],"opens":"00:00","closes":"00:00"},{"@type":"OpeningHoursSpecification","dayOfWeek":["Tuesday","Wednesday","Thursday","Friday"],"opens":"10:00","closes":"20:00"},{"@type":"OpeningHoursSpecification","dayOfWeek":["Saturday"],"opens":"10:00","closes":"13:30"}],"email":"info@somllavors.com"},{"@type":"PostalAddress","@id":"https:\/\/somllavors.com\/es\/producte\/mitjons-de-coto-organic-x3-caramel-lassig#local-main-place-address","streetAddress":"Carrer de l'aigua, 6","addressLocality":"Vilanova i la Geltr\u00fa","postalCode":"08800","addressRegion":"Barcelona","addressCountry":"ES"},{"@type":"ImageObject","inLanguage":"es","@id":"https:\/\/somllavors.com\/es\/producte\/mitjons-de-coto-organic-x3-caramel-lassig#local-main-organization-logo","url":"https:\/\/somllavors.com\/wp-content\/uploads\/Logotip-Som-Llavors.jpg","contentUrl":"https:\/\/somllavors.com\/wp-content\/uploads\/Logotip-Som-Llavors.jpg","width":1444,"height":1323,"caption":"Som Llavors"}]},"og_availability":"out of stock","product_availability":"out of stock","product_condition":"new","geo.placename":"Vilanova i la Geltr\u00fa","geo.position":{"lat":"41.2257737","long":"1.723258859"},"geo.region":"Espa\u00f1a"},"brands":[{"id":4108,"name":"Lassig","slug":"lassig"}],"_links":{"self":[{"href":"https:\/\/somllavors.com\/es\/wp-json\/wp\/v2\/product\/31545","targetHints":{"allow":["GET"]}}],"collection":[{"href":"https:\/\/somllavors.com\/es\/wp-json\/wp\/v2\/product"}],"about":[{"href":"https:\/\/somllavors.com\/es\/wp-json\/wp\/v2\/types\/product"}],"wp:featuredmedia":[{"embeddable":true,"href":"https:\/\/somllavors.com\/es\/wp-json\/wp\/v2\/media\/31553"}],"wp:attachment":[{"href":"https:\/\/somllavors.com\/es\/wp-json\/wp\/v2\/media?parent=31545"}],"wp:term":[{"taxonomy":"pwb-brand","embeddable":true,"href":"https:\/\/somllavors.com\/es\/wp-json\/wp\/v2\/pwb-brand?post=31545"},{"taxonomy":"product_brand","embeddable":true,"href":"https:\/\/somllavors.com\/es\/wp-json\/wp\/v2\/product_brand?post=31545"},{"taxonomy":"product_cat","embeddable":true,"href":"https:\/\/somllavors.com\/es\/wp-json\/wp\/v2\/product_cat?post=31545"},{"taxonomy":"product_tag","embeddable":true,"href":"https:\/\/somllavors.com\/es\/wp-json\/wp\/v2\/product_tag?post=31545"}],"curies":[{"name":"wp","href":"https:\/\/api.w.org\/{rel}","templated":true}]}}