{"id":32503,"date":"2023-01-03T13:12:40","date_gmt":"2023-01-03T12:12:40","guid":{"rendered":"https:\/\/somllavors.com\/?post_type=product&#038;p=32503"},"modified":"2026-04-29T14:43:10","modified_gmt":"2026-04-29T12:43:10","slug":"cascs-pel-soroll-banz-0-3-anys-blue-lagoon","status":"publish","type":"product","link":"https:\/\/somllavors.com\/es\/producte\/cascs-pel-soroll-banz-0-3-anys-blue-lagoon","title":{"rendered":"Cascs pel soroll Banz 0-3 anys &#8211; Blue lagoon"},"content":{"rendered":"<ul>\n<li>La part dels cascs que est\u00e0 en contacte amb el seu cap i orelles \u00e9s tova per tal de resultar m\u00e9s c\u00f2mode per als nadons i l&#8217;obertura \u00e9s regulable per adaptar-se a la seva mida.<\/li>\n<li>De mida redu\u00efda perqu\u00e8 sigui f\u00e0cil de transportar i guardar.<\/li>\n<li><span style=\"font-size: 16px;\">Especificacions BABY<\/span>\n<ul>\n<li><span style=\"font-size: 16px;\">Pes 142 gr.<\/span><\/li>\n<li><span style=\"font-size: 16px;\">NRR 26.8 dB.<\/span><\/li>\n<li><span style=\"font-size: 16px;\">Atenuaci\u00f3 mitjana a 500 Hz 26,53 dB. <\/span><span style=\"font-size: 16px;\">Atenuaci\u00f3 mitjana a 1000 Hz 40,53 dB.<\/span><\/li>\n<li>Normativa: ANSI S3.19 (EUA). EN352-1: 1993 (Europa).<\/li>\n<\/ul>\n<\/li>\n<\/ul>\n","protected":false},"excerpt":{"rendered":"<p>Els cascs antisoroll de Banz s\u00f3n perfectes per a tots els concerts, espectacles,&#8230; amb infants on el nivell de decibels \u00e9s massa alt per a les seves orelles. Incl\u00fas per utilitzar dins de casa i evitar sorolls d&#8217;obres, taladro, aspiradora,&#8230;<\/p>\n","protected":false},"featured_media":32506,"template":"","meta":{"_acf_changed":false,"site-sidebar-layout":"default","site-content-layout":"default","ast-site-content-layout":"default","site-content-style":"default","site-sidebar-style":"default","ast-global-header-display":"","ast-banner-title-visibility":"","ast-main-header-display":"","ast-hfb-above-header-display":"","ast-hfb-below-header-display":"","ast-hfb-mobile-header-display":"","site-post-title":"","ast-breadcrumbs-content":"","ast-featured-img":"","footer-sml-layout":"","ast-disable-related-posts":"","theme-transparent-header-meta":"default","adv-header-id-meta":"","stick-header-meta":"","header-above-stick-meta":"","header-main-stick-meta":"","header-below-stick-meta":"","astra-migrate-meta-layouts":"set","ast-page-background-enabled":"default","ast-page-background-meta":{"desktop":{"background-color":"","background-image":"","background-repeat":"repeat","background-position":"center center","background-size":"auto","background-attachment":"scroll","background-type":"","background-media":"","overlay-type":"","overlay-color":"","overlay-opacity":"","overlay-gradient":""},"tablet":{"background-color":"","background-image":"","background-repeat":"repeat","background-position":"center center","background-size":"auto","background-attachment":"scroll","background-type":"","background-media":"","overlay-type":"","overlay-color":"","overlay-opacity":"","overlay-gradient":""},"mobile":{"background-color":"","background-image":"","background-repeat":"repeat","background-position":"center center","background-size":"auto","background-attachment":"scroll","background-type":"","background-media":"","overlay-type":"","overlay-color":"","overlay-opacity":"","overlay-gradient":""}},"ast-content-background-meta":{"desktop":{"background-color":"var(--ast-global-color-5)","background-image":"","background-repeat":"repeat","background-position":"center center","background-size":"auto","background-attachment":"scroll","background-type":"","background-media":"","overlay-type":"","overlay-color":"","overlay-opacity":"","overlay-gradient":""},"tablet":{"background-color":"var(--ast-global-color-5)","background-image":"","background-repeat":"repeat","background-position":"center center","background-size":"auto","background-attachment":"scroll","background-type":"","background-media":"","overlay-type":"","overlay-color":"","overlay-opacity":"","overlay-gradient":""},"mobile":{"background-color":"var(--ast-global-color-5)","background-image":"","background-repeat":"repeat","background-position":"center center","background-size":"auto","background-attachment":"scroll","background-type":"","background-media":"","overlay-type":"","overlay-color":"","overlay-opacity":"","overlay-gradient":""}}},"pwb-brand":[4109],"product_brand":[],"product_cat":[4800,1677,2012,4875],"product_tag":[465,2005],"class_list":{"0":"post-32503","1":"product","2":"type-product","3":"status-publish","4":"has-post-thumbnail","6":"pwb-brand-banz","7":"product_cat-0-3-anys","8":"product_cat-benvingut-estiu","9":"product_cat-cascs-banz","10":"product_cat-festa-major","11":"product_tag-banz","12":"product_tag-cascos-antiruido","13":"desktop-align-left","14":"tablet-align-left","15":"mobile-align-left","17":"first","18":"instock","19":"taxable","20":"shipping-taxable","21":"purchasable","22":"product-type-simple"},"acf":[],"yoast_head":"<!-- This site is optimized with the Yoast SEO Premium plugin v18.3 (Yoast SEO v27.4) - https:\/\/yoast.com\/product\/yoast-seo-premium-wordpress\/ -->\n<title>Cascs pel soroll Banz 0-3 anys - Blue lagoon &#8212; Som Llavors<\/title>\n<meta name=\"description\" content=\"Els cascs antisoroll de Banz s\u00f3n perfectes per a tots els concerts, espectacles,... amb infants on el nivell de decibels \u00e9s massa alt per a les seves orelles. Incl\u00fas per utilitzar dins de casa i evitar sorolls d&#039;obres, taladro, aspiradora,...\" \/>\n<meta name=\"robots\" content=\"index, follow, max-snippet:-1, max-image-preview:large, max-video-preview:-1\" \/>\n<link rel=\"canonical\" href=\"https:\/\/somllavors.com\/es\/producte\/cascs-pel-soroll-banz-0-3-anys-blue-lagoon\" \/>\n<meta property=\"og:locale\" content=\"es_ES\" \/>\n<meta property=\"og:type\" content=\"article\" \/>\n<meta property=\"og:title\" content=\"Cascs pel soroll Banz 0-3 anys - Blue lagoon\" \/>\n<meta property=\"og:description\" content=\"La teva botiga d\u2019ecocrian\u00e7a i espai d\u2019acompanyament a la maternitat\" \/>\n<meta property=\"og:url\" content=\"https:\/\/somllavors.com\/es\/producte\/cascs-pel-soroll-banz-0-3-anys-blue-lagoon\" \/>\n<meta property=\"og:site_name\" content=\"Som Llavors\" \/>\n<meta property=\"article:publisher\" content=\"https:\/\/www.facebook.com\/somllavorsvng\/?locale=ca_ES\" \/>\n<meta property=\"article:modified_time\" content=\"2026-04-29T12:43:10+00:00\" \/>\n<meta property=\"og:image\" content=\"https:\/\/somllavors.com\/wp-content\/uploads\/2023\/01\/Som-Llavors-AURICULARES-BANZ-ANTI-RUIDO-LAGOON-BLUE-BABY.jpg\" \/>\n\t<meta property=\"og:image:width\" content=\"1080\" \/>\n\t<meta property=\"og:image:height\" content=\"1080\" \/>\n\t<meta property=\"og:image:type\" content=\"image\/jpeg\" \/>\n<meta name=\"twitter:card\" content=\"summary_large_image\" \/>\n<meta name=\"twitter:label1\" content=\"Precio\" \/>\n\t<meta name=\"twitter:data1\" content=\"28,00&euro; Iva incl\u00f2s\" \/>\n\t<meta name=\"twitter:label2\" content=\"Availability\" \/>\n\t<meta name=\"twitter:data2\" content=\"Hay existencias\" \/>\n<script type=\"application\/ld+json\" class=\"yoast-schema-graph\">{\"@context\":\"https:\\\/\\\/schema.org\",\"@graph\":[{\"@type\":\"WebPage\",\"@id\":\"https:\\\/\\\/somllavors.com\\\/es\\\/producte\\\/cascs-pel-soroll-banz-0-3-anys-blue-lagoon\",\"url\":\"https:\\\/\\\/somllavors.com\\\/es\\\/producte\\\/cascs-pel-soroll-banz-0-3-anys-blue-lagoon\",\"name\":\"Cascs pel soroll Banz 0-3 anys - Blue lagoon &#8212; Som Llavors\",\"isPartOf\":{\"@id\":\"https:\\\/\\\/somllavors.com\\\/es#website\"},\"primaryImageOfPage\":{\"@id\":\"https:\\\/\\\/somllavors.com\\\/es\\\/producte\\\/cascs-pel-soroll-banz-0-3-anys-blue-lagoon#primaryimage\"},\"image\":{\"@id\":\"https:\\\/\\\/somllavors.com\\\/es\\\/producte\\\/cascs-pel-soroll-banz-0-3-anys-blue-lagoon#primaryimage\"},\"thumbnailUrl\":\"https:\\\/\\\/somllavors.com\\\/wp-content\\\/uploads\\\/2023\\\/01\\\/Som-Llavors-AURICULARES-BANZ-ANTI-RUIDO-LAGOON-BLUE-BABY.jpg\",\"datePublished\":\"2023-01-03T12:12:40+00:00\",\"dateModified\":\"2026-04-29T12:43:10+00:00\",\"description\":\"Els cascs antisoroll de Banz s\u00f3n perfectes per a tots els concerts, espectacles,... amb infants on el nivell de decibels \u00e9s massa alt per a les seves orelles. Incl\u00fas per utilitzar dins de casa i evitar sorolls d'obres, taladro, aspiradora,...\",\"breadcrumb\":{\"@id\":\"https:\\\/\\\/somllavors.com\\\/es\\\/producte\\\/cascs-pel-soroll-banz-0-3-anys-blue-lagoon#breadcrumb\"},\"inLanguage\":\"es\",\"potentialAction\":[{\"@type\":\"ReadAction\",\"target\":[\"https:\\\/\\\/somllavors.com\\\/es\\\/producte\\\/cascs-pel-soroll-banz-0-3-anys-blue-lagoon\"]}]},{\"@type\":\"ImageObject\",\"inLanguage\":\"es\",\"@id\":\"https:\\\/\\\/somllavors.com\\\/es\\\/producte\\\/cascs-pel-soroll-banz-0-3-anys-blue-lagoon#primaryimage\",\"url\":\"https:\\\/\\\/somllavors.com\\\/wp-content\\\/uploads\\\/2023\\\/01\\\/Som-Llavors-AURICULARES-BANZ-ANTI-RUIDO-LAGOON-BLUE-BABY.jpg\",\"contentUrl\":\"https:\\\/\\\/somllavors.com\\\/wp-content\\\/uploads\\\/2023\\\/01\\\/Som-Llavors-AURICULARES-BANZ-ANTI-RUIDO-LAGOON-BLUE-BABY.jpg\",\"width\":1080,\"height\":1080,\"caption\":\"cascos antiruido banz\"},{\"@type\":\"BreadcrumbList\",\"@id\":\"https:\\\/\\\/somllavors.com\\\/es\\\/producte\\\/cascs-pel-soroll-banz-0-3-anys-blue-lagoon#breadcrumb\",\"itemListElement\":[{\"@type\":\"ListItem\",\"position\":1,\"name\":\"Inici\",\"item\":\"https:\\\/\\\/somllavors.com\\\/es\"},{\"@type\":\"ListItem\",\"position\":2,\"name\":\"Tienda\",\"item\":\"https:\\\/\\\/somllavors.com\\\/es\\\/botiga-2\"},{\"@type\":\"ListItem\",\"position\":3,\"name\":\"Cascs pel soroll Banz 0-3 anys &#8211; Blue lagoon\"}]},{\"@type\":\"WebSite\",\"@id\":\"https:\\\/\\\/somllavors.com\\\/es#website\",\"url\":\"https:\\\/\\\/somllavors.com\\\/es\",\"name\":\"Som Llavors\",\"description\":\"Botiga de crian\u00e7a natural\",\"publisher\":{\"@id\":\"https:\\\/\\\/somllavors.com\\\/es#organization\"},\"alternateName\":\"Crian\u00e7a Natural i Sostenible\",\"potentialAction\":[{\"@type\":\"SearchAction\",\"target\":{\"@type\":\"EntryPoint\",\"urlTemplate\":\"https:\\\/\\\/somllavors.com\\\/es?s={search_term_string}\"},\"query-input\":{\"@type\":\"PropertyValueSpecification\",\"valueRequired\":true,\"valueName\":\"search_term_string\"}}],\"inLanguage\":\"es\"},{\"@type\":[\"Organization\",\"Place\",\"Store\"],\"@id\":\"https:\\\/\\\/somllavors.com\\\/es#organization\",\"name\":\"Som Llavors\",\"alternateName\":\"Crian\u00e7a Natural i Sostenible\",\"url\":\"https:\\\/\\\/somllavors.com\\\/es\",\"logo\":{\"@id\":\"https:\\\/\\\/somllavors.com\\\/es\\\/producte\\\/cascs-pel-soroll-banz-0-3-anys-blue-lagoon#local-main-organization-logo\"},\"image\":{\"@id\":\"https:\\\/\\\/somllavors.com\\\/es\\\/producte\\\/cascs-pel-soroll-banz-0-3-anys-blue-lagoon#local-main-organization-logo\"},\"sameAs\":[\"https:\\\/\\\/www.facebook.com\\\/somllavorsvng\\\/?locale=ca_ES\",\"https:\\\/\\\/www.instagram.com\\\/somllavors_vng\\\/\",\"https:\\\/\\\/www.youtube.com\\\/@somllavors\"],\"address\":{\"@id\":\"https:\\\/\\\/somllavors.com\\\/es\\\/producte\\\/cascs-pel-soroll-banz-0-3-anys-blue-lagoon#local-main-place-address\"},\"geo\":{\"@type\":\"GeoCoordinates\",\"latitude\":\"41.2257737\",\"longitude\":\"1.723258859\"},\"telephone\":[\"623152704\"],\"openingHoursSpecification\":[{\"@type\":\"OpeningHoursSpecification\",\"dayOfWeek\":[\"Monday\",\"Sunday\"],\"opens\":\"00:00\",\"closes\":\"00:00\"},{\"@type\":\"OpeningHoursSpecification\",\"dayOfWeek\":[\"Tuesday\",\"Wednesday\",\"Thursday\",\"Friday\"],\"opens\":\"10:00\",\"closes\":\"20:00\"},{\"@type\":\"OpeningHoursSpecification\",\"dayOfWeek\":[\"Saturday\"],\"opens\":\"10:00\",\"closes\":\"13:30\"}],\"email\":\"info@somllavors.com\"},{\"@type\":\"PostalAddress\",\"@id\":\"https:\\\/\\\/somllavors.com\\\/es\\\/producte\\\/cascs-pel-soroll-banz-0-3-anys-blue-lagoon#local-main-place-address\",\"streetAddress\":\"Carrer de l'aigua, 6\",\"addressLocality\":\"Vilanova i la Geltr\u00fa\",\"postalCode\":\"08800\",\"addressRegion\":\"Barcelona\",\"addressCountry\":\"ES\"},{\"@type\":\"ImageObject\",\"inLanguage\":\"es\",\"@id\":\"https:\\\/\\\/somllavors.com\\\/es\\\/producte\\\/cascs-pel-soroll-banz-0-3-anys-blue-lagoon#local-main-organization-logo\",\"url\":\"https:\\\/\\\/somllavors.com\\\/wp-content\\\/uploads\\\/Logotip-Som-Llavors.jpg\",\"contentUrl\":\"https:\\\/\\\/somllavors.com\\\/wp-content\\\/uploads\\\/Logotip-Som-Llavors.jpg\",\"width\":1444,\"height\":1323,\"caption\":\"Som Llavors\"}]}<\/script>\n<meta property=\"product:price:amount\" content=\"28.00\" \/>\n<meta property=\"product:price:currency\" content=\"EUR\" \/>\n<meta property=\"og:availability\" content=\"instock\" \/>\n<meta property=\"product:availability\" content=\"instock\" \/>\n<meta property=\"product:retailer_item_id\" content=\"BANZ1261\" \/>\n<meta property=\"product:condition\" content=\"new\" \/>\n<meta name=\"geo.placename\" content=\"Vilanova i la Geltr\u00fa\" \/>\n<meta name=\"geo.position\" content=\"41.2257737;1.723258859\" \/>\n<meta name=\"geo.region\" content=\"Espa\u00f1a\" \/>\n<!-- \/ Yoast SEO Premium plugin. -->","yoast_head_json":{"title":"Cascs pel soroll Banz 0-3 anys - Blue lagoon &#8212; Som Llavors","description":"Els cascs antisoroll de Banz s\u00f3n perfectes per a tots els concerts, espectacles,... amb infants on el nivell de decibels \u00e9s massa alt per a les seves orelles. Incl\u00fas per utilitzar dins de casa i evitar sorolls d'obres, taladro, aspiradora,...","robots":{"index":"index","follow":"follow","max-snippet":"max-snippet:-1","max-image-preview":"max-image-preview:large","max-video-preview":"max-video-preview:-1"},"canonical":"https:\/\/somllavors.com\/es\/producte\/cascs-pel-soroll-banz-0-3-anys-blue-lagoon","og_locale":"es_ES","og_type":"article","og_title":"Cascs pel soroll Banz 0-3 anys - Blue lagoon","og_description":"La teva botiga d\u2019ecocrian\u00e7a i espai d\u2019acompanyament a la maternitat","og_url":"https:\/\/somllavors.com\/es\/producte\/cascs-pel-soroll-banz-0-3-anys-blue-lagoon","og_site_name":"Som Llavors","article_publisher":"https:\/\/www.facebook.com\/somllavorsvng\/?locale=ca_ES","article_modified_time":"2026-04-29T12:43:10+00:00","og_image":[{"width":1080,"height":1080,"url":"https:\/\/somllavors.com\/wp-content\/uploads\/2023\/01\/Som-Llavors-AURICULARES-BANZ-ANTI-RUIDO-LAGOON-BLUE-BABY.jpg","type":"image\/jpeg"}],"twitter_card":"summary_large_image","twitter_misc":{"Precio":"28,00&euro; Iva incl\u00f2s","Availability":"Hay existencias"},"schema":{"@context":"https:\/\/schema.org","@graph":[{"@type":"WebPage","@id":"https:\/\/somllavors.com\/es\/producte\/cascs-pel-soroll-banz-0-3-anys-blue-lagoon","url":"https:\/\/somllavors.com\/es\/producte\/cascs-pel-soroll-banz-0-3-anys-blue-lagoon","name":"Cascs pel soroll Banz 0-3 anys - Blue lagoon &#8212; Som Llavors","isPartOf":{"@id":"https:\/\/somllavors.com\/es#website"},"primaryImageOfPage":{"@id":"https:\/\/somllavors.com\/es\/producte\/cascs-pel-soroll-banz-0-3-anys-blue-lagoon#primaryimage"},"image":{"@id":"https:\/\/somllavors.com\/es\/producte\/cascs-pel-soroll-banz-0-3-anys-blue-lagoon#primaryimage"},"thumbnailUrl":"https:\/\/somllavors.com\/wp-content\/uploads\/2023\/01\/Som-Llavors-AURICULARES-BANZ-ANTI-RUIDO-LAGOON-BLUE-BABY.jpg","datePublished":"2023-01-03T12:12:40+00:00","dateModified":"2026-04-29T12:43:10+00:00","description":"Els cascs antisoroll de Banz s\u00f3n perfectes per a tots els concerts, espectacles,... amb infants on el nivell de decibels \u00e9s massa alt per a les seves orelles. Incl\u00fas per utilitzar dins de casa i evitar sorolls d'obres, taladro, aspiradora,...","breadcrumb":{"@id":"https:\/\/somllavors.com\/es\/producte\/cascs-pel-soroll-banz-0-3-anys-blue-lagoon#breadcrumb"},"inLanguage":"es","potentialAction":[{"@type":"ReadAction","target":["https:\/\/somllavors.com\/es\/producte\/cascs-pel-soroll-banz-0-3-anys-blue-lagoon"]}]},{"@type":"ImageObject","inLanguage":"es","@id":"https:\/\/somllavors.com\/es\/producte\/cascs-pel-soroll-banz-0-3-anys-blue-lagoon#primaryimage","url":"https:\/\/somllavors.com\/wp-content\/uploads\/2023\/01\/Som-Llavors-AURICULARES-BANZ-ANTI-RUIDO-LAGOON-BLUE-BABY.jpg","contentUrl":"https:\/\/somllavors.com\/wp-content\/uploads\/2023\/01\/Som-Llavors-AURICULARES-BANZ-ANTI-RUIDO-LAGOON-BLUE-BABY.jpg","width":1080,"height":1080,"caption":"cascos antiruido banz"},{"@type":"BreadcrumbList","@id":"https:\/\/somllavors.com\/es\/producte\/cascs-pel-soroll-banz-0-3-anys-blue-lagoon#breadcrumb","itemListElement":[{"@type":"ListItem","position":1,"name":"Inici","item":"https:\/\/somllavors.com\/es"},{"@type":"ListItem","position":2,"name":"Tienda","item":"https:\/\/somllavors.com\/es\/botiga-2"},{"@type":"ListItem","position":3,"name":"Cascs pel soroll Banz 0-3 anys &#8211; Blue lagoon"}]},{"@type":"WebSite","@id":"https:\/\/somllavors.com\/es#website","url":"https:\/\/somllavors.com\/es","name":"Som Llavors","description":"Botiga de crian\u00e7a natural","publisher":{"@id":"https:\/\/somllavors.com\/es#organization"},"alternateName":"Crian\u00e7a Natural i Sostenible","potentialAction":[{"@type":"SearchAction","target":{"@type":"EntryPoint","urlTemplate":"https:\/\/somllavors.com\/es?s={search_term_string}"},"query-input":{"@type":"PropertyValueSpecification","valueRequired":true,"valueName":"search_term_string"}}],"inLanguage":"es"},{"@type":["Organization","Place","Store"],"@id":"https:\/\/somllavors.com\/es#organization","name":"Som Llavors","alternateName":"Crian\u00e7a Natural i Sostenible","url":"https:\/\/somllavors.com\/es","logo":{"@id":"https:\/\/somllavors.com\/es\/producte\/cascs-pel-soroll-banz-0-3-anys-blue-lagoon#local-main-organization-logo"},"image":{"@id":"https:\/\/somllavors.com\/es\/producte\/cascs-pel-soroll-banz-0-3-anys-blue-lagoon#local-main-organization-logo"},"sameAs":["https:\/\/www.facebook.com\/somllavorsvng\/?locale=ca_ES","https:\/\/www.instagram.com\/somllavors_vng\/","https:\/\/www.youtube.com\/@somllavors"],"address":{"@id":"https:\/\/somllavors.com\/es\/producte\/cascs-pel-soroll-banz-0-3-anys-blue-lagoon#local-main-place-address"},"geo":{"@type":"GeoCoordinates","latitude":"41.2257737","longitude":"1.723258859"},"telephone":["623152704","623152704"],"openingHoursSpecification":[{"@type":"OpeningHoursSpecification","dayOfWeek":["Monday","Sunday"],"opens":"00:00","closes":"00:00"},{"@type":"OpeningHoursSpecification","dayOfWeek":["Tuesday","Wednesday","Thursday","Friday"],"opens":"10:00","closes":"20:00"},{"@type":"OpeningHoursSpecification","dayOfWeek":["Saturday"],"opens":"10:00","closes":"13:30"}],"email":"info@somllavors.com"},{"@type":"PostalAddress","@id":"https:\/\/somllavors.com\/es\/producte\/cascs-pel-soroll-banz-0-3-anys-blue-lagoon#local-main-place-address","streetAddress":"Carrer de l'aigua, 6","addressLocality":"Vilanova i la Geltr\u00fa","postalCode":"08800","addressRegion":"Barcelona","addressCountry":"ES"},{"@type":"ImageObject","inLanguage":"es","@id":"https:\/\/somllavors.com\/es\/producte\/cascs-pel-soroll-banz-0-3-anys-blue-lagoon#local-main-organization-logo","url":"https:\/\/somllavors.com\/wp-content\/uploads\/Logotip-Som-Llavors.jpg","contentUrl":"https:\/\/somllavors.com\/wp-content\/uploads\/Logotip-Som-Llavors.jpg","width":1444,"height":1323,"caption":"Som Llavors"}]},"product_price_amount":"28.00","product_price_currency":"EUR","og_availability":"instock","product_availability":"instock","product_retailer_item_id":"BANZ1261","product_condition":"new","geo.placename":"Vilanova i la Geltr\u00fa","geo.position":{"lat":"41.2257737","long":"1.723258859"},"geo.region":"Espa\u00f1a"},"brands":[{"id":4109,"name":"Banz","slug":"banz"}],"_links":{"self":[{"href":"https:\/\/somllavors.com\/es\/wp-json\/wp\/v2\/product\/32503","targetHints":{"allow":["GET"]}}],"collection":[{"href":"https:\/\/somllavors.com\/es\/wp-json\/wp\/v2\/product"}],"about":[{"href":"https:\/\/somllavors.com\/es\/wp-json\/wp\/v2\/types\/product"}],"wp:featuredmedia":[{"embeddable":true,"href":"https:\/\/somllavors.com\/es\/wp-json\/wp\/v2\/media\/32506"}],"wp:attachment":[{"href":"https:\/\/somllavors.com\/es\/wp-json\/wp\/v2\/media?parent=32503"}],"wp:term":[{"taxonomy":"pwb-brand","embeddable":true,"href":"https:\/\/somllavors.com\/es\/wp-json\/wp\/v2\/pwb-brand?post=32503"},{"taxonomy":"product_brand","embeddable":true,"href":"https:\/\/somllavors.com\/es\/wp-json\/wp\/v2\/product_brand?post=32503"},{"taxonomy":"product_cat","embeddable":true,"href":"https:\/\/somllavors.com\/es\/wp-json\/wp\/v2\/product_cat?post=32503"},{"taxonomy":"product_tag","embeddable":true,"href":"https:\/\/somllavors.com\/es\/wp-json\/wp\/v2\/product_tag?post=32503"}],"curies":[{"name":"wp","href":"https:\/\/api.w.org\/{rel}","templated":true}]}}