{"id":32693,"date":"2023-01-05T11:25:26","date_gmt":"2023-01-05T10:25:26","guid":{"rendered":"https:\/\/somllavors.com\/?post_type=product&#038;p=32693"},"modified":"2024-04-19T19:03:26","modified_gmt":"2024-04-19T17:03:26","slug":"kai-i-emma-un-mes-a-la-familia","status":"publish","type":"product","link":"https:\/\/somllavors.com\/es\/producte\/kai-i-emma-un-mes-a-la-familia","title":{"rendered":"Kai i Emma &#8211; Un m\u00e9s a la fam\u00edlia"},"content":{"rendered":"<p>Que trobar\u00e0s en aquest llibre?<\/p>\n<ul>\n<li>Una col\u00b7lecci\u00f3 amb il\u00b7lustracions a tot color<\/li>\n<li>Un conte amb valors que reflecteix situacions de la vida quotidiana<\/li>\n<li>Una eina per a treballar les emocions que sorgeixen del dia a dia: les frustracions, els nervis, la gelosia&#8230;<\/li>\n<\/ul>\n","protected":false},"excerpt":{"rendered":"<p>L&#8217;arribada d&#8217;un nou germanet o germaneta \u00e9s sempre motiu d&#8217;alegria: quants jocs vindran, quantes alegries compartides i quantes estones divertides! Per\u00f2 tamb\u00e9 portar\u00e0 algunes emocions que hem d&#8217;aprendre a manejar, com la gelosia o les inseguretats.<\/p>\n<p>L&#8217;Emma est\u00e0 content\u00edssima, pero en Kai no ent\u00e8n molt b\u00e9 el que passa. I llavors arriba Lia i els germans se senten diferents. L&#8217;Emma no pot estar quieta i en Kai s&#8217;enfada molt sovint&#8230;<\/p>\n<p>Un conte perqu\u00e8 pares, mares, nens i nenes tinguin les eines per a afrontar l&#8217;arribada d&#8217;un nou membre a la fam\u00edlia i aprenguin a surfejar les emocions que venen acompanyades d&#8217;una ocasi\u00f3 tan especial.<\/p>\n","protected":false},"featured_media":33705,"template":"","meta":{"_acf_changed":false,"site-sidebar-layout":"default","site-content-layout":"default","ast-site-content-layout":"default","site-content-style":"default","site-sidebar-style":"default","ast-global-header-display":"","ast-banner-title-visibility":"","ast-main-header-display":"","ast-hfb-above-header-display":"","ast-hfb-below-header-display":"","ast-hfb-mobile-header-display":"","site-post-title":"","ast-breadcrumbs-content":"","ast-featured-img":"","footer-sml-layout":"","theme-transparent-header-meta":"default","adv-header-id-meta":"","stick-header-meta":"","header-above-stick-meta":"","header-main-stick-meta":"","header-below-stick-meta":"","astra-migrate-meta-layouts":"default","ast-page-background-enabled":"default","ast-page-background-meta":{"desktop":{"background-color":"","background-image":"","background-repeat":"repeat","background-position":"center center","background-size":"auto","background-attachment":"scroll","background-type":"","background-media":"","overlay-type":"","overlay-color":"","overlay-opacity":"","overlay-gradient":""},"tablet":{"background-color":"","background-image":"","background-repeat":"repeat","background-position":"center center","background-size":"auto","background-attachment":"scroll","background-type":"","background-media":"","overlay-type":"","overlay-color":"","overlay-opacity":"","overlay-gradient":""},"mobile":{"background-color":"","background-image":"","background-repeat":"repeat","background-position":"center center","background-size":"auto","background-attachment":"scroll","background-type":"","background-media":"","overlay-type":"","overlay-color":"","overlay-opacity":"","overlay-gradient":""}},"ast-content-background-meta":{"desktop":{"background-color":"var(--ast-global-color-5)","background-image":"","background-repeat":"repeat","background-position":"center center","background-size":"auto","background-attachment":"scroll","background-type":"","background-media":"","overlay-type":"","overlay-color":"","overlay-opacity":"","overlay-gradient":""},"tablet":{"background-color":"var(--ast-global-color-5)","background-image":"","background-repeat":"repeat","background-position":"center center","background-size":"auto","background-attachment":"scroll","background-type":"","background-media":"","overlay-type":"","overlay-color":"","overlay-opacity":"","overlay-gradient":""},"mobile":{"background-color":"var(--ast-global-color-5)","background-image":"","background-repeat":"repeat","background-position":"center center","background-size":"auto","background-attachment":"scroll","background-type":"","background-media":"","overlay-type":"","overlay-color":"","overlay-opacity":"","overlay-gradient":""}}},"pwb-brand":[],"product_brand":[],"product_cat":[567],"product_tag":[990,1937,992],"class_list":{"0":"post-32693","1":"product","2":"type-product","3":"status-publish","4":"has-post-thumbnail","6":"product_cat-infantils","7":"product_tag-b-de-blok","8":"product_tag-germans","9":"product_tag-miriam-tirado","10":"desktop-align-left","11":"tablet-align-left","12":"mobile-align-left","14":"first","15":"instock","16":"taxable","17":"shipping-taxable","18":"purchasable","19":"product-type-simple"},"acf":[],"yoast_head":"<!-- This site is optimized with the Yoast SEO Premium plugin v18.3 (Yoast SEO v26.2) - https:\/\/yoast.com\/wordpress\/plugins\/seo\/ -->\n<title>Kai i Emma - Un m\u00e9s a la fam\u00edlia &#8212; Som Llavors<\/title>\n<meta name=\"description\" content=\"L&#039;arribada d&#039;un nou germanet o germaneta \u00e9s sempre motiu d&#039;alegria: quants jocs vindran, quantes alegries compartides i quantes estones divertides! Per\u00f2 tamb\u00e9 portar\u00e0 algunes emocions que hem d&#039;aprendre a manejar, com la gelosia o les inseguretats.  L&#039;Emma est\u00e0 content\u00edssima, pero en Kai no ent\u00e8n molt b\u00e9 el que passa. I llavors arriba Lia i els germans se senten diferents. L&#039;Emma no pot estar quieta i en Kai s&#039;enfada molt sovint...  Un conte perqu\u00e8 pares, mares, nens i nenes tinguin les eines per a afrontar l&#039;arribada d&#039;un nou membre a la fam\u00edlia i aprenguin a surfejar les emocions que venen acompanyades d&#039;una ocasi\u00f3 tan especial.\" \/>\n<meta name=\"robots\" content=\"index, follow, max-snippet:-1, max-image-preview:large, max-video-preview:-1\" \/>\n<link rel=\"canonical\" href=\"https:\/\/somllavors.com\/es\/producte\/kai-i-emma-un-mes-a-la-familia\" \/>\n<meta property=\"og:locale\" content=\"es_ES\" \/>\n<meta property=\"og:type\" content=\"article\" \/>\n<meta property=\"og:title\" content=\"Kai i Emma - Un m\u00e9s a la fam\u00edlia\" \/>\n<meta property=\"og:description\" content=\"La teva botiga d\u2019ecocrian\u00e7a i espai d\u2019acompanyament a la maternitat\" \/>\n<meta property=\"og:url\" content=\"https:\/\/somllavors.com\/es\/producte\/kai-i-emma-un-mes-a-la-familia\" \/>\n<meta property=\"og:site_name\" content=\"Som Llavors\" \/>\n<meta property=\"article:publisher\" content=\"https:\/\/www.facebook.com\/somllavorsvng\/?locale=ca_ES\" \/>\n<meta property=\"article:modified_time\" content=\"2024-04-19T17:03:26+00:00\" \/>\n<meta property=\"og:image\" content=\"https:\/\/somllavors.com\/wp-content\/uploads\/2023\/01\/Som-Llavors-KAI-I-EMMA-3-UN-MES-A-LA-FAMILIA.jpg\" \/>\n\t<meta property=\"og:image:width\" content=\"552\" \/>\n\t<meta property=\"og:image:height\" content=\"513\" \/>\n\t<meta property=\"og:image:type\" content=\"image\/jpeg\" \/>\n<meta name=\"twitter:card\" content=\"summary_large_image\" \/>\n<meta name=\"twitter:label1\" content=\"Precio\" \/>\n\t<meta name=\"twitter:data1\" content=\"16,95&euro; Iva incl\u00f2s\" \/>\n\t<meta name=\"twitter:label2\" content=\"Availability\" \/>\n\t<meta name=\"twitter:data2\" content=\"Hay existencias\" \/>\n<script type=\"application\/ld+json\" class=\"yoast-schema-graph\">{\"@context\":\"https:\/\/schema.org\",\"@graph\":[{\"@type\":\"WebPage\",\"@id\":\"https:\/\/somllavors.com\/es\/producte\/kai-i-emma-un-mes-a-la-familia\",\"url\":\"https:\/\/somllavors.com\/es\/producte\/kai-i-emma-un-mes-a-la-familia\",\"name\":\"Kai i Emma - Un m\u00e9s a la fam\u00edlia &#8212; Som Llavors\",\"isPartOf\":{\"@id\":\"https:\/\/somllavors.com\/es#website\"},\"primaryImageOfPage\":{\"@id\":\"https:\/\/somllavors.com\/es\/producte\/kai-i-emma-un-mes-a-la-familia#primaryimage\"},\"image\":{\"@id\":\"https:\/\/somllavors.com\/es\/producte\/kai-i-emma-un-mes-a-la-familia#primaryimage\"},\"thumbnailUrl\":\"https:\/\/somllavors.com\/wp-content\/uploads\/2023\/01\/Som-Llavors-KAI-I-EMMA-3-UN-MES-A-LA-FAMILIA.jpg\",\"datePublished\":\"2023-01-05T10:25:26+00:00\",\"dateModified\":\"2024-04-19T17:03:26+00:00\",\"description\":\"L'arribada d'un nou germanet o germaneta \u00e9s sempre motiu d'alegria: quants jocs vindran, quantes alegries compartides i quantes estones divertides! Per\u00f2 tamb\u00e9 portar\u00e0 algunes emocions que hem d'aprendre a manejar, com la gelosia o les inseguretats. L'Emma est\u00e0 content\u00edssima, pero en Kai no ent\u00e8n molt b\u00e9 el que passa. I llavors arriba Lia i els germans se senten diferents. L'Emma no pot estar quieta i en Kai s'enfada molt sovint... Un conte perqu\u00e8 pares, mares, nens i nenes tinguin les eines per a afrontar l'arribada d'un nou membre a la fam\u00edlia i aprenguin a surfejar les emocions que venen acompanyades d'una ocasi\u00f3 tan especial.\",\"breadcrumb\":{\"@id\":\"https:\/\/somllavors.com\/es\/producte\/kai-i-emma-un-mes-a-la-familia#breadcrumb\"},\"inLanguage\":\"es\",\"potentialAction\":[{\"@type\":\"ReadAction\",\"target\":[\"https:\/\/somllavors.com\/es\/producte\/kai-i-emma-un-mes-a-la-familia\"]}]},{\"@type\":\"ImageObject\",\"inLanguage\":\"es\",\"@id\":\"https:\/\/somllavors.com\/es\/producte\/kai-i-emma-un-mes-a-la-familia#primaryimage\",\"url\":\"https:\/\/somllavors.com\/wp-content\/uploads\/2023\/01\/Som-Llavors-KAI-I-EMMA-3-UN-MES-A-LA-FAMILIA.jpg\",\"contentUrl\":\"https:\/\/somllavors.com\/wp-content\/uploads\/2023\/01\/Som-Llavors-KAI-I-EMMA-3-UN-MES-A-LA-FAMILIA.jpg\",\"width\":552,\"height\":513,\"caption\":\"conte per arribada de germans\"},{\"@type\":\"BreadcrumbList\",\"@id\":\"https:\/\/somllavors.com\/es\/producte\/kai-i-emma-un-mes-a-la-familia#breadcrumb\",\"itemListElement\":[{\"@type\":\"ListItem\",\"position\":1,\"name\":\"Inici\",\"item\":\"https:\/\/somllavors.com\/es\"},{\"@type\":\"ListItem\",\"position\":2,\"name\":\"Tienda\",\"item\":\"https:\/\/somllavors.com\/es\/botiga-2\"},{\"@type\":\"ListItem\",\"position\":3,\"name\":\"Kai i Emma &#8211; Un m\u00e9s a la fam\u00edlia\"}]},{\"@type\":\"WebSite\",\"@id\":\"https:\/\/somllavors.com\/es#website\",\"url\":\"https:\/\/somllavors.com\/es\",\"name\":\"Som Llavors\",\"description\":\"Botiga de crian\u00e7a natural\",\"publisher\":{\"@id\":\"https:\/\/somllavors.com\/es#organization\"},\"alternateName\":\"Crian\u00e7a Natural i Sostenible\",\"potentialAction\":[{\"@type\":\"SearchAction\",\"target\":{\"@type\":\"EntryPoint\",\"urlTemplate\":\"https:\/\/somllavors.com\/es?s={search_term_string}\"},\"query-input\":{\"@type\":\"PropertyValueSpecification\",\"valueRequired\":true,\"valueName\":\"search_term_string\"}}],\"inLanguage\":\"es\"},{\"@type\":[\"Organization\",\"Place\",\"Store\"],\"@id\":\"https:\/\/somllavors.com\/es#organization\",\"name\":\"Som Llavors\",\"alternateName\":\"Crian\u00e7a Natural i Sostenible\",\"url\":\"https:\/\/somllavors.com\/es\",\"logo\":{\"@id\":\"https:\/\/somllavors.com\/es\/producte\/kai-i-emma-un-mes-a-la-familia#local-main-organization-logo\"},\"image\":{\"@id\":\"https:\/\/somllavors.com\/es\/producte\/kai-i-emma-un-mes-a-la-familia#local-main-organization-logo\"},\"sameAs\":[\"https:\/\/www.facebook.com\/somllavorsvng\/?locale=ca_ES\",\"https:\/\/www.instagram.com\/somllavors_vng\/\",\"https:\/\/www.youtube.com\/@somllavors\"],\"address\":{\"@id\":\"https:\/\/somllavors.com\/es\/producte\/kai-i-emma-un-mes-a-la-familia#local-main-place-address\"},\"geo\":{\"@type\":\"GeoCoordinates\",\"latitude\":\"41.2257737\",\"longitude\":\"1.723258859\"},\"telephone\":[\"623152704\"],\"openingHoursSpecification\":[{\"@type\":\"OpeningHoursSpecification\",\"dayOfWeek\":[\"Monday\",\"Sunday\"],\"opens\":\"00:00\",\"closes\":\"00:00\"},{\"@type\":\"OpeningHoursSpecification\",\"dayOfWeek\":[\"Tuesday\",\"Wednesday\",\"Thursday\",\"Friday\"],\"opens\":\"10:00\",\"closes\":\"20:00\"},{\"@type\":\"OpeningHoursSpecification\",\"dayOfWeek\":[\"Saturday\"],\"opens\":\"10:00\",\"closes\":\"13:30\"}],\"email\":\"info@somllavors.com\"},{\"@type\":\"PostalAddress\",\"@id\":\"https:\/\/somllavors.com\/es\/producte\/kai-i-emma-un-mes-a-la-familia#local-main-place-address\",\"streetAddress\":\"Carrer de l'aigua, 6\",\"addressLocality\":\"Vilanova i la Geltr\u00fa\",\"postalCode\":\"08800\",\"addressRegion\":\"Barcelona\",\"addressCountry\":\"ES\"},{\"@type\":\"ImageObject\",\"inLanguage\":\"es\",\"@id\":\"https:\/\/somllavors.com\/es\/producte\/kai-i-emma-un-mes-a-la-familia#local-main-organization-logo\",\"url\":\"https:\/\/somllavors.com\/wp-content\/uploads\/Logotip-Som-Llavors.jpg\",\"contentUrl\":\"https:\/\/somllavors.com\/wp-content\/uploads\/Logotip-Som-Llavors.jpg\",\"width\":1444,\"height\":1323,\"caption\":\"Som Llavors\"}]}<\/script>\n<meta property=\"product:price:amount\" content=\"16.95\" \/>\n<meta property=\"product:price:currency\" content=\"EUR\" \/>\n<meta property=\"og:availability\" content=\"instock\" \/>\n<meta property=\"product:availability\" content=\"instock\" \/>\n<meta property=\"product:retailer_item_id\" content=\"9788418688331\" \/>\n<meta property=\"product:condition\" content=\"new\" \/>\n<meta name=\"geo.placename\" content=\"Vilanova i la Geltr\u00fa\" \/>\n<meta name=\"geo.position\" content=\"41.2257737;1.723258859\" \/>\n<meta name=\"geo.region\" content=\"Espa\u00f1a\" \/>\n<!-- \/ Yoast SEO Premium plugin. -->","yoast_head_json":{"title":"Kai i Emma - Un m\u00e9s a la fam\u00edlia &#8212; Som Llavors","description":"L'arribada d'un nou germanet o germaneta \u00e9s sempre motiu d'alegria: quants jocs vindran, quantes alegries compartides i quantes estones divertides! Per\u00f2 tamb\u00e9 portar\u00e0 algunes emocions que hem d'aprendre a manejar, com la gelosia o les inseguretats.  L'Emma est\u00e0 content\u00edssima, pero en Kai no ent\u00e8n molt b\u00e9 el que passa. I llavors arriba Lia i els germans se senten diferents. L'Emma no pot estar quieta i en Kai s'enfada molt sovint...  Un conte perqu\u00e8 pares, mares, nens i nenes tinguin les eines per a afrontar l'arribada d'un nou membre a la fam\u00edlia i aprenguin a surfejar les emocions que venen acompanyades d'una ocasi\u00f3 tan especial.","robots":{"index":"index","follow":"follow","max-snippet":"max-snippet:-1","max-image-preview":"max-image-preview:large","max-video-preview":"max-video-preview:-1"},"canonical":"https:\/\/somllavors.com\/es\/producte\/kai-i-emma-un-mes-a-la-familia","og_locale":"es_ES","og_type":"article","og_title":"Kai i Emma - Un m\u00e9s a la fam\u00edlia","og_description":"La teva botiga d\u2019ecocrian\u00e7a i espai d\u2019acompanyament a la maternitat","og_url":"https:\/\/somllavors.com\/es\/producte\/kai-i-emma-un-mes-a-la-familia","og_site_name":"Som Llavors","article_publisher":"https:\/\/www.facebook.com\/somllavorsvng\/?locale=ca_ES","article_modified_time":"2024-04-19T17:03:26+00:00","og_image":[{"width":552,"height":513,"url":"https:\/\/somllavors.com\/wp-content\/uploads\/2023\/01\/Som-Llavors-KAI-I-EMMA-3-UN-MES-A-LA-FAMILIA.jpg","type":"image\/jpeg"}],"twitter_card":"summary_large_image","twitter_misc":{"Precio":"16,95&euro; Iva incl\u00f2s","Availability":"Hay existencias"},"schema":{"@context":"https:\/\/schema.org","@graph":[{"@type":"WebPage","@id":"https:\/\/somllavors.com\/es\/producte\/kai-i-emma-un-mes-a-la-familia","url":"https:\/\/somllavors.com\/es\/producte\/kai-i-emma-un-mes-a-la-familia","name":"Kai i Emma - Un m\u00e9s a la fam\u00edlia &#8212; Som Llavors","isPartOf":{"@id":"https:\/\/somllavors.com\/es#website"},"primaryImageOfPage":{"@id":"https:\/\/somllavors.com\/es\/producte\/kai-i-emma-un-mes-a-la-familia#primaryimage"},"image":{"@id":"https:\/\/somllavors.com\/es\/producte\/kai-i-emma-un-mes-a-la-familia#primaryimage"},"thumbnailUrl":"https:\/\/somllavors.com\/wp-content\/uploads\/2023\/01\/Som-Llavors-KAI-I-EMMA-3-UN-MES-A-LA-FAMILIA.jpg","datePublished":"2023-01-05T10:25:26+00:00","dateModified":"2024-04-19T17:03:26+00:00","description":"L'arribada d'un nou germanet o germaneta \u00e9s sempre motiu d'alegria: quants jocs vindran, quantes alegries compartides i quantes estones divertides! Per\u00f2 tamb\u00e9 portar\u00e0 algunes emocions que hem d'aprendre a manejar, com la gelosia o les inseguretats. L'Emma est\u00e0 content\u00edssima, pero en Kai no ent\u00e8n molt b\u00e9 el que passa. I llavors arriba Lia i els germans se senten diferents. L'Emma no pot estar quieta i en Kai s'enfada molt sovint... Un conte perqu\u00e8 pares, mares, nens i nenes tinguin les eines per a afrontar l'arribada d'un nou membre a la fam\u00edlia i aprenguin a surfejar les emocions que venen acompanyades d'una ocasi\u00f3 tan especial.","breadcrumb":{"@id":"https:\/\/somllavors.com\/es\/producte\/kai-i-emma-un-mes-a-la-familia#breadcrumb"},"inLanguage":"es","potentialAction":[{"@type":"ReadAction","target":["https:\/\/somllavors.com\/es\/producte\/kai-i-emma-un-mes-a-la-familia"]}]},{"@type":"ImageObject","inLanguage":"es","@id":"https:\/\/somllavors.com\/es\/producte\/kai-i-emma-un-mes-a-la-familia#primaryimage","url":"https:\/\/somllavors.com\/wp-content\/uploads\/2023\/01\/Som-Llavors-KAI-I-EMMA-3-UN-MES-A-LA-FAMILIA.jpg","contentUrl":"https:\/\/somllavors.com\/wp-content\/uploads\/2023\/01\/Som-Llavors-KAI-I-EMMA-3-UN-MES-A-LA-FAMILIA.jpg","width":552,"height":513,"caption":"conte per arribada de germans"},{"@type":"BreadcrumbList","@id":"https:\/\/somllavors.com\/es\/producte\/kai-i-emma-un-mes-a-la-familia#breadcrumb","itemListElement":[{"@type":"ListItem","position":1,"name":"Inici","item":"https:\/\/somllavors.com\/es"},{"@type":"ListItem","position":2,"name":"Tienda","item":"https:\/\/somllavors.com\/es\/botiga-2"},{"@type":"ListItem","position":3,"name":"Kai i Emma &#8211; Un m\u00e9s a la fam\u00edlia"}]},{"@type":"WebSite","@id":"https:\/\/somllavors.com\/es#website","url":"https:\/\/somllavors.com\/es","name":"Som Llavors","description":"Botiga de crian\u00e7a natural","publisher":{"@id":"https:\/\/somllavors.com\/es#organization"},"alternateName":"Crian\u00e7a Natural i Sostenible","potentialAction":[{"@type":"SearchAction","target":{"@type":"EntryPoint","urlTemplate":"https:\/\/somllavors.com\/es?s={search_term_string}"},"query-input":{"@type":"PropertyValueSpecification","valueRequired":true,"valueName":"search_term_string"}}],"inLanguage":"es"},{"@type":["Organization","Place","Store"],"@id":"https:\/\/somllavors.com\/es#organization","name":"Som Llavors","alternateName":"Crian\u00e7a Natural i Sostenible","url":"https:\/\/somllavors.com\/es","logo":{"@id":"https:\/\/somllavors.com\/es\/producte\/kai-i-emma-un-mes-a-la-familia#local-main-organization-logo"},"image":{"@id":"https:\/\/somllavors.com\/es\/producte\/kai-i-emma-un-mes-a-la-familia#local-main-organization-logo"},"sameAs":["https:\/\/www.facebook.com\/somllavorsvng\/?locale=ca_ES","https:\/\/www.instagram.com\/somllavors_vng\/","https:\/\/www.youtube.com\/@somllavors"],"address":{"@id":"https:\/\/somllavors.com\/es\/producte\/kai-i-emma-un-mes-a-la-familia#local-main-place-address"},"geo":{"@type":"GeoCoordinates","latitude":"41.2257737","longitude":"1.723258859"},"telephone":["623152704","623152704"],"openingHoursSpecification":[{"@type":"OpeningHoursSpecification","dayOfWeek":["Monday","Sunday"],"opens":"00:00","closes":"00:00"},{"@type":"OpeningHoursSpecification","dayOfWeek":["Tuesday","Wednesday","Thursday","Friday"],"opens":"10:00","closes":"20:00"},{"@type":"OpeningHoursSpecification","dayOfWeek":["Saturday"],"opens":"10:00","closes":"13:30"}],"email":"info@somllavors.com"},{"@type":"PostalAddress","@id":"https:\/\/somllavors.com\/es\/producte\/kai-i-emma-un-mes-a-la-familia#local-main-place-address","streetAddress":"Carrer de l'aigua, 6","addressLocality":"Vilanova i la Geltr\u00fa","postalCode":"08800","addressRegion":"Barcelona","addressCountry":"ES"},{"@type":"ImageObject","inLanguage":"es","@id":"https:\/\/somllavors.com\/es\/producte\/kai-i-emma-un-mes-a-la-familia#local-main-organization-logo","url":"https:\/\/somllavors.com\/wp-content\/uploads\/Logotip-Som-Llavors.jpg","contentUrl":"https:\/\/somllavors.com\/wp-content\/uploads\/Logotip-Som-Llavors.jpg","width":1444,"height":1323,"caption":"Som Llavors"}]},"product_price_amount":"16.95","product_price_currency":"EUR","og_availability":"instock","product_availability":"instock","product_retailer_item_id":"9788418688331","product_condition":"new","geo.placename":"Vilanova i la Geltr\u00fa","geo.position":{"lat":"41.2257737","long":"1.723258859"},"geo.region":"Espa\u00f1a"},"brands":[],"_links":{"self":[{"href":"https:\/\/somllavors.com\/es\/wp-json\/wp\/v2\/product\/32693","targetHints":{"allow":["GET"]}}],"collection":[{"href":"https:\/\/somllavors.com\/es\/wp-json\/wp\/v2\/product"}],"about":[{"href":"https:\/\/somllavors.com\/es\/wp-json\/wp\/v2\/types\/product"}],"wp:featuredmedia":[{"embeddable":true,"href":"https:\/\/somllavors.com\/es\/wp-json\/wp\/v2\/media\/33705"}],"wp:attachment":[{"href":"https:\/\/somllavors.com\/es\/wp-json\/wp\/v2\/media?parent=32693"}],"wp:term":[{"taxonomy":"pwb-brand","embeddable":true,"href":"https:\/\/somllavors.com\/es\/wp-json\/wp\/v2\/pwb-brand?post=32693"},{"taxonomy":"product_brand","embeddable":true,"href":"https:\/\/somllavors.com\/es\/wp-json\/wp\/v2\/product_brand?post=32693"},{"taxonomy":"product_cat","embeddable":true,"href":"https:\/\/somllavors.com\/es\/wp-json\/wp\/v2\/product_cat?post=32693"},{"taxonomy":"product_tag","embeddable":true,"href":"https:\/\/somllavors.com\/es\/wp-json\/wp\/v2\/product_tag?post=32693"}],"curies":[{"name":"wp","href":"https:\/\/api.w.org\/{rel}","templated":true}]}}