{"id":32695,"date":"2023-01-05T11:25:48","date_gmt":"2023-01-05T10:25:48","guid":{"rendered":"https:\/\/somllavors.com\/?post_type=product&#038;p=32695"},"modified":"2023-03-21T12:42:32","modified_gmt":"2023-03-21T11:42:32","slug":"kai-y-emma-uno-mas-en-la-familia","status":"publish","type":"product","link":"https:\/\/somllavors.com\/es\/producte\/kai-y-emma-uno-mas-en-la-familia","title":{"rendered":"Kai y Emma &#8211; Uno m\u00e1s en la familia"},"content":{"rendered":"","protected":false},"excerpt":{"rendered":"<p>La llegada de un nuevo hermanito o hermanita es siempre motivo de alegr\u00eda: \u00a1cu\u00e1ntos juegos vendr\u00e1n, cu\u00e1ntas alegr\u00edas compartidas y cu\u00e1ntos ratos divertidos! Kai y Emma est\u00e1n deseando que nazca el bebe para poder jugar y pasarlo bien juntos.<\/p>\n<p>Sin embargo, el embarazo de Pat y la llegada del beb\u00e9 traer\u00e1n tambi\u00e9n muchas emociones y muchos cambios a los que tendr\u00e1n que hacer frente en familia. Aunque a veces se sientan inseguros, como dicen en casa&#8230;<\/p>\n<p><b>&#8220;Cuantos m\u00e1s seamos, m\u00e1s nos reiremos&#8221;.<\/b><\/p>\n<p><b>Un cuento para que padres, madres, ni\u00f1os y ni\u00f1as tengan las herramientas para afrontar la llegada de un nuevo miembro a la familia y aprendan a surfear las emociones que vienen acompa\u00f1adas de una ocasi\u00f3n tan especial.<\/b><\/p>\n<p><b>\u00bfQu\u00e9 encontrar\u00e1s en este libro?<\/b><\/p>\n<ul>\n<li>Una colecci\u00f3n con ilustraciones a todo color.<\/li>\n<li>Un cuento con valores que refleja situaciones de la vida cotidiana.<\/li>\n<li>Una herramienta para trabajar las emociones que surgen del d\u00eda a d\u00eda: las frustraciones, los nervios, los celos, las inseguridades&#8230;<\/li>\n<\/ul>\n","protected":false},"featured_media":35790,"template":"","meta":{"_acf_changed":false,"site-sidebar-layout":"default","site-content-layout":"default","ast-site-content-layout":"default","site-content-style":"default","site-sidebar-style":"default","ast-global-header-display":"","ast-banner-title-visibility":"","ast-main-header-display":"","ast-hfb-above-header-display":"","ast-hfb-below-header-display":"","ast-hfb-mobile-header-display":"","site-post-title":"","ast-breadcrumbs-content":"","ast-featured-img":"","footer-sml-layout":"","theme-transparent-header-meta":"default","adv-header-id-meta":"","stick-header-meta":"","header-above-stick-meta":"","header-main-stick-meta":"","header-below-stick-meta":"","astra-migrate-meta-layouts":"default","ast-page-background-enabled":"default","ast-page-background-meta":{"desktop":{"background-color":"","background-image":"","background-repeat":"repeat","background-position":"center center","background-size":"auto","background-attachment":"scroll","background-type":"","background-media":"","overlay-type":"","overlay-color":"","overlay-opacity":"","overlay-gradient":""},"tablet":{"background-color":"","background-image":"","background-repeat":"repeat","background-position":"center center","background-size":"auto","background-attachment":"scroll","background-type":"","background-media":"","overlay-type":"","overlay-color":"","overlay-opacity":"","overlay-gradient":""},"mobile":{"background-color":"","background-image":"","background-repeat":"repeat","background-position":"center center","background-size":"auto","background-attachment":"scroll","background-type":"","background-media":"","overlay-type":"","overlay-color":"","overlay-opacity":"","overlay-gradient":""}},"ast-content-background-meta":{"desktop":{"background-color":"var(--ast-global-color-5)","background-image":"","background-repeat":"repeat","background-position":"center center","background-size":"auto","background-attachment":"scroll","background-type":"","background-media":"","overlay-type":"","overlay-color":"","overlay-opacity":"","overlay-gradient":""},"tablet":{"background-color":"var(--ast-global-color-5)","background-image":"","background-repeat":"repeat","background-position":"center center","background-size":"auto","background-attachment":"scroll","background-type":"","background-media":"","overlay-type":"","overlay-color":"","overlay-opacity":"","overlay-gradient":""},"mobile":{"background-color":"var(--ast-global-color-5)","background-image":"","background-repeat":"repeat","background-position":"center center","background-size":"auto","background-attachment":"scroll","background-type":"","background-media":"","overlay-type":"","overlay-color":"","overlay-opacity":"","overlay-gradient":""}}},"pwb-brand":[],"product_brand":[],"product_cat":[567],"product_tag":[990,1937],"class_list":{"0":"post-32695","1":"product","2":"type-product","3":"status-publish","4":"has-post-thumbnail","6":"product_cat-infantils","7":"product_tag-b-de-blok","8":"product_tag-germans","9":"desktop-align-left","10":"tablet-align-left","11":"mobile-align-left","13":"first","14":"instock","15":"taxable","16":"shipping-taxable","17":"purchasable","18":"product-type-simple"},"acf":[],"yoast_head":"<!-- This site is optimized with the Yoast SEO Premium plugin v18.3 (Yoast SEO v26.2) - https:\/\/yoast.com\/wordpress\/plugins\/seo\/ -->\n<title>Kai y Emma - Uno m\u00e1s en la familia &#8212; Som Llavors<\/title>\n<meta name=\"description\" content=\"La llegada de un nuevo hermanito o hermanita es siempre motivo de alegr\u00eda: \u00a1cu\u00e1ntos juegos vendr\u00e1n, cu\u00e1ntas alegr\u00edas compartidas y cu\u00e1ntos ratos divertidos! Kai y Emma est\u00e1n deseando que nazca el bebe para poder jugar y pasarlo bien juntos.  Sin embargo, el embarazo de Pat y la llegada del beb\u00e9 traer\u00e1n tambi\u00e9n muchas emociones y muchos cambios a los que tendr\u00e1n que hacer frente en familia. Aunque a veces se sientan inseguros, como dicen en casa...  &quot;Cuantos m\u00e1s seamos, m\u00e1s nos reiremos&quot;.  Un cuento para que padres, madres, ni\u00f1os y ni\u00f1as tengan las herramientas para afrontar la llegada de un nuevo miembro a la familia y aprendan a surfear las emociones que vienen acompa\u00f1adas de una ocasi\u00f3n tan especial.  \u00bfQu\u00e9 encontrar\u00e1s en este libro?   Una colecci\u00f3n con ilustraciones a todo color.  Un cuento con valores que refleja situaciones de la vida cotidiana.  Una herramienta para trabajar las emociones que surgen del d\u00eda a d\u00eda: las frustraciones, los nervios, los celos, las inseguridades...\" \/>\n<meta name=\"robots\" content=\"index, follow, max-snippet:-1, max-image-preview:large, max-video-preview:-1\" \/>\n<link rel=\"canonical\" href=\"https:\/\/somllavors.com\/es\/producte\/kai-y-emma-uno-mas-en-la-familia\" \/>\n<meta property=\"og:locale\" content=\"es_ES\" \/>\n<meta property=\"og:type\" content=\"article\" \/>\n<meta property=\"og:title\" content=\"Kai y Emma - Uno m\u00e1s en la familia\" \/>\n<meta property=\"og:description\" content=\"La teva botiga d\u2019ecocrian\u00e7a i espai d\u2019acompanyament a la maternitat\" \/>\n<meta property=\"og:url\" content=\"https:\/\/somllavors.com\/es\/producte\/kai-y-emma-uno-mas-en-la-familia\" \/>\n<meta property=\"og:site_name\" content=\"Som Llavors\" \/>\n<meta property=\"article:publisher\" content=\"https:\/\/www.facebook.com\/somllavorsvng\/?locale=ca_ES\" \/>\n<meta property=\"article:modified_time\" content=\"2023-03-21T11:42:32+00:00\" \/>\n<meta property=\"og:image\" content=\"https:\/\/somllavors.com\/wp-content\/uploads\/2023\/01\/Som-Llavors-KAI-Y-EMMA-3-UNO-MAS-EN-LA-FAMILIA-9788418688348.jpg\" \/>\n\t<meta property=\"og:image:width\" content=\"552\" \/>\n\t<meta property=\"og:image:height\" content=\"510\" \/>\n\t<meta property=\"og:image:type\" content=\"image\/jpeg\" \/>\n<meta name=\"twitter:card\" content=\"summary_large_image\" \/>\n<meta name=\"twitter:label1\" content=\"Precio\" \/>\n\t<meta name=\"twitter:data1\" content=\"16,95&euro; Iva incl\u00f2s\" \/>\n\t<meta name=\"twitter:label2\" content=\"Availability\" \/>\n\t<meta name=\"twitter:data2\" content=\"Hay existencias\" \/>\n<script type=\"application\/ld+json\" class=\"yoast-schema-graph\">{\"@context\":\"https:\/\/schema.org\",\"@graph\":[{\"@type\":\"WebPage\",\"@id\":\"https:\/\/somllavors.com\/es\/producte\/kai-y-emma-uno-mas-en-la-familia\",\"url\":\"https:\/\/somllavors.com\/es\/producte\/kai-y-emma-uno-mas-en-la-familia\",\"name\":\"Kai y Emma - Uno m\u00e1s en la familia &#8212; Som Llavors\",\"isPartOf\":{\"@id\":\"https:\/\/somllavors.com\/es#website\"},\"primaryImageOfPage\":{\"@id\":\"https:\/\/somllavors.com\/es\/producte\/kai-y-emma-uno-mas-en-la-familia#primaryimage\"},\"image\":{\"@id\":\"https:\/\/somllavors.com\/es\/producte\/kai-y-emma-uno-mas-en-la-familia#primaryimage\"},\"thumbnailUrl\":\"https:\/\/somllavors.com\/wp-content\/uploads\/2023\/01\/Som-Llavors-KAI-Y-EMMA-3-UNO-MAS-EN-LA-FAMILIA-9788418688348.jpg\",\"datePublished\":\"2023-01-05T10:25:48+00:00\",\"dateModified\":\"2023-03-21T11:42:32+00:00\",\"description\":\"La llegada de un nuevo hermanito o hermanita es siempre motivo de alegr\u00eda: \u00a1cu\u00e1ntos juegos vendr\u00e1n, cu\u00e1ntas alegr\u00edas compartidas y cu\u00e1ntos ratos divertidos! Kai y Emma est\u00e1n deseando que nazca el bebe para poder jugar y pasarlo bien juntos. Sin embargo, el embarazo de Pat y la llegada del beb\u00e9 traer\u00e1n tambi\u00e9n muchas emociones y muchos cambios a los que tendr\u00e1n que hacer frente en familia. Aunque a veces se sientan inseguros, como dicen en casa... \\\"Cuantos m\u00e1s seamos, m\u00e1s nos reiremos\\\". Un cuento para que padres, madres, ni\u00f1os y ni\u00f1as tengan las herramientas para afrontar la llegada de un nuevo miembro a la familia y aprendan a surfear las emociones que vienen acompa\u00f1adas de una ocasi\u00f3n tan especial. \u00bfQu\u00e9 encontrar\u00e1s en este libro? Una colecci\u00f3n con ilustraciones a todo color. Un cuento con valores que refleja situaciones de la vida cotidiana. Una herramienta para trabajar las emociones que surgen del d\u00eda a d\u00eda: las frustraciones, los nervios, los celos, las inseguridades...\",\"breadcrumb\":{\"@id\":\"https:\/\/somllavors.com\/es\/producte\/kai-y-emma-uno-mas-en-la-familia#breadcrumb\"},\"inLanguage\":\"es\",\"potentialAction\":[{\"@type\":\"ReadAction\",\"target\":[\"https:\/\/somllavors.com\/es\/producte\/kai-y-emma-uno-mas-en-la-familia\"]}]},{\"@type\":\"ImageObject\",\"inLanguage\":\"es\",\"@id\":\"https:\/\/somllavors.com\/es\/producte\/kai-y-emma-uno-mas-en-la-familia#primaryimage\",\"url\":\"https:\/\/somllavors.com\/wp-content\/uploads\/2023\/01\/Som-Llavors-KAI-Y-EMMA-3-UNO-MAS-EN-LA-FAMILIA-9788418688348.jpg\",\"contentUrl\":\"https:\/\/somllavors.com\/wp-content\/uploads\/2023\/01\/Som-Llavors-KAI-Y-EMMA-3-UNO-MAS-EN-LA-FAMILIA-9788418688348.jpg\",\"width\":552,\"height\":510,\"caption\":\"cuento para llegada de un hermano\"},{\"@type\":\"BreadcrumbList\",\"@id\":\"https:\/\/somllavors.com\/es\/producte\/kai-y-emma-uno-mas-en-la-familia#breadcrumb\",\"itemListElement\":[{\"@type\":\"ListItem\",\"position\":1,\"name\":\"Inici\",\"item\":\"https:\/\/somllavors.com\/es\"},{\"@type\":\"ListItem\",\"position\":2,\"name\":\"Tienda\",\"item\":\"https:\/\/somllavors.com\/es\/botiga-2\"},{\"@type\":\"ListItem\",\"position\":3,\"name\":\"Kai y Emma &#8211; Uno m\u00e1s en la familia\"}]},{\"@type\":\"WebSite\",\"@id\":\"https:\/\/somllavors.com\/es#website\",\"url\":\"https:\/\/somllavors.com\/es\",\"name\":\"Som Llavors\",\"description\":\"Botiga de crian\u00e7a natural\",\"publisher\":{\"@id\":\"https:\/\/somllavors.com\/es#organization\"},\"alternateName\":\"Crian\u00e7a Natural i Sostenible\",\"potentialAction\":[{\"@type\":\"SearchAction\",\"target\":{\"@type\":\"EntryPoint\",\"urlTemplate\":\"https:\/\/somllavors.com\/es?s={search_term_string}\"},\"query-input\":{\"@type\":\"PropertyValueSpecification\",\"valueRequired\":true,\"valueName\":\"search_term_string\"}}],\"inLanguage\":\"es\"},{\"@type\":[\"Organization\",\"Place\",\"Store\"],\"@id\":\"https:\/\/somllavors.com\/es#organization\",\"name\":\"Som Llavors\",\"alternateName\":\"Crian\u00e7a Natural i Sostenible\",\"url\":\"https:\/\/somllavors.com\/es\",\"logo\":{\"@id\":\"https:\/\/somllavors.com\/es\/producte\/kai-y-emma-uno-mas-en-la-familia#local-main-organization-logo\"},\"image\":{\"@id\":\"https:\/\/somllavors.com\/es\/producte\/kai-y-emma-uno-mas-en-la-familia#local-main-organization-logo\"},\"sameAs\":[\"https:\/\/www.facebook.com\/somllavorsvng\/?locale=ca_ES\",\"https:\/\/www.instagram.com\/somllavors_vng\/\",\"https:\/\/www.youtube.com\/@somllavors\"],\"address\":{\"@id\":\"https:\/\/somllavors.com\/es\/producte\/kai-y-emma-uno-mas-en-la-familia#local-main-place-address\"},\"geo\":{\"@type\":\"GeoCoordinates\",\"latitude\":\"41.2257737\",\"longitude\":\"1.723258859\"},\"telephone\":[\"623152704\"],\"openingHoursSpecification\":[{\"@type\":\"OpeningHoursSpecification\",\"dayOfWeek\":[\"Monday\",\"Sunday\"],\"opens\":\"00:00\",\"closes\":\"00:00\"},{\"@type\":\"OpeningHoursSpecification\",\"dayOfWeek\":[\"Tuesday\",\"Wednesday\",\"Thursday\",\"Friday\"],\"opens\":\"10:00\",\"closes\":\"20:00\"},{\"@type\":\"OpeningHoursSpecification\",\"dayOfWeek\":[\"Saturday\"],\"opens\":\"10:00\",\"closes\":\"13:30\"}],\"email\":\"info@somllavors.com\"},{\"@type\":\"PostalAddress\",\"@id\":\"https:\/\/somllavors.com\/es\/producte\/kai-y-emma-uno-mas-en-la-familia#local-main-place-address\",\"streetAddress\":\"Carrer de l'aigua, 6\",\"addressLocality\":\"Vilanova i la Geltr\u00fa\",\"postalCode\":\"08800\",\"addressRegion\":\"Barcelona\",\"addressCountry\":\"ES\"},{\"@type\":\"ImageObject\",\"inLanguage\":\"es\",\"@id\":\"https:\/\/somllavors.com\/es\/producte\/kai-y-emma-uno-mas-en-la-familia#local-main-organization-logo\",\"url\":\"https:\/\/somllavors.com\/wp-content\/uploads\/Logotip-Som-Llavors.jpg\",\"contentUrl\":\"https:\/\/somllavors.com\/wp-content\/uploads\/Logotip-Som-Llavors.jpg\",\"width\":1444,\"height\":1323,\"caption\":\"Som Llavors\"}]}<\/script>\n<meta property=\"product:price:amount\" content=\"16.95\" \/>\n<meta property=\"product:price:currency\" content=\"EUR\" \/>\n<meta property=\"og:availability\" content=\"instock\" \/>\n<meta property=\"product:availability\" content=\"instock\" \/>\n<meta property=\"product:retailer_item_id\" content=\"9788418688348\" \/>\n<meta property=\"product:condition\" content=\"new\" \/>\n<meta name=\"geo.placename\" content=\"Vilanova i la Geltr\u00fa\" \/>\n<meta name=\"geo.position\" content=\"41.2257737;1.723258859\" \/>\n<meta name=\"geo.region\" content=\"Espa\u00f1a\" \/>\n<!-- \/ Yoast SEO Premium plugin. -->","yoast_head_json":{"title":"Kai y Emma - Uno m\u00e1s en la familia &#8212; Som Llavors","description":"La llegada de un nuevo hermanito o hermanita es siempre motivo de alegr\u00eda: \u00a1cu\u00e1ntos juegos vendr\u00e1n, cu\u00e1ntas alegr\u00edas compartidas y cu\u00e1ntos ratos divertidos! Kai y Emma est\u00e1n deseando que nazca el bebe para poder jugar y pasarlo bien juntos.  Sin embargo, el embarazo de Pat y la llegada del beb\u00e9 traer\u00e1n tambi\u00e9n muchas emociones y muchos cambios a los que tendr\u00e1n que hacer frente en familia. Aunque a veces se sientan inseguros, como dicen en casa...  \"Cuantos m\u00e1s seamos, m\u00e1s nos reiremos\".  Un cuento para que padres, madres, ni\u00f1os y ni\u00f1as tengan las herramientas para afrontar la llegada de un nuevo miembro a la familia y aprendan a surfear las emociones que vienen acompa\u00f1adas de una ocasi\u00f3n tan especial.  \u00bfQu\u00e9 encontrar\u00e1s en este libro?   Una colecci\u00f3n con ilustraciones a todo color.  Un cuento con valores que refleja situaciones de la vida cotidiana.  Una herramienta para trabajar las emociones que surgen del d\u00eda a d\u00eda: las frustraciones, los nervios, los celos, las inseguridades...","robots":{"index":"index","follow":"follow","max-snippet":"max-snippet:-1","max-image-preview":"max-image-preview:large","max-video-preview":"max-video-preview:-1"},"canonical":"https:\/\/somllavors.com\/es\/producte\/kai-y-emma-uno-mas-en-la-familia","og_locale":"es_ES","og_type":"article","og_title":"Kai y Emma - Uno m\u00e1s en la familia","og_description":"La teva botiga d\u2019ecocrian\u00e7a i espai d\u2019acompanyament a la maternitat","og_url":"https:\/\/somllavors.com\/es\/producte\/kai-y-emma-uno-mas-en-la-familia","og_site_name":"Som Llavors","article_publisher":"https:\/\/www.facebook.com\/somllavorsvng\/?locale=ca_ES","article_modified_time":"2023-03-21T11:42:32+00:00","og_image":[{"width":552,"height":510,"url":"https:\/\/somllavors.com\/wp-content\/uploads\/2023\/01\/Som-Llavors-KAI-Y-EMMA-3-UNO-MAS-EN-LA-FAMILIA-9788418688348.jpg","type":"image\/jpeg"}],"twitter_card":"summary_large_image","twitter_misc":{"Precio":"16,95&euro; Iva incl\u00f2s","Availability":"Hay existencias"},"schema":{"@context":"https:\/\/schema.org","@graph":[{"@type":"WebPage","@id":"https:\/\/somllavors.com\/es\/producte\/kai-y-emma-uno-mas-en-la-familia","url":"https:\/\/somllavors.com\/es\/producte\/kai-y-emma-uno-mas-en-la-familia","name":"Kai y Emma - Uno m\u00e1s en la familia &#8212; Som Llavors","isPartOf":{"@id":"https:\/\/somllavors.com\/es#website"},"primaryImageOfPage":{"@id":"https:\/\/somllavors.com\/es\/producte\/kai-y-emma-uno-mas-en-la-familia#primaryimage"},"image":{"@id":"https:\/\/somllavors.com\/es\/producte\/kai-y-emma-uno-mas-en-la-familia#primaryimage"},"thumbnailUrl":"https:\/\/somllavors.com\/wp-content\/uploads\/2023\/01\/Som-Llavors-KAI-Y-EMMA-3-UNO-MAS-EN-LA-FAMILIA-9788418688348.jpg","datePublished":"2023-01-05T10:25:48+00:00","dateModified":"2023-03-21T11:42:32+00:00","description":"La llegada de un nuevo hermanito o hermanita es siempre motivo de alegr\u00eda: \u00a1cu\u00e1ntos juegos vendr\u00e1n, cu\u00e1ntas alegr\u00edas compartidas y cu\u00e1ntos ratos divertidos! Kai y Emma est\u00e1n deseando que nazca el bebe para poder jugar y pasarlo bien juntos. Sin embargo, el embarazo de Pat y la llegada del beb\u00e9 traer\u00e1n tambi\u00e9n muchas emociones y muchos cambios a los que tendr\u00e1n que hacer frente en familia. Aunque a veces se sientan inseguros, como dicen en casa... \"Cuantos m\u00e1s seamos, m\u00e1s nos reiremos\". Un cuento para que padres, madres, ni\u00f1os y ni\u00f1as tengan las herramientas para afrontar la llegada de un nuevo miembro a la familia y aprendan a surfear las emociones que vienen acompa\u00f1adas de una ocasi\u00f3n tan especial. \u00bfQu\u00e9 encontrar\u00e1s en este libro? Una colecci\u00f3n con ilustraciones a todo color. Un cuento con valores que refleja situaciones de la vida cotidiana. Una herramienta para trabajar las emociones que surgen del d\u00eda a d\u00eda: las frustraciones, los nervios, los celos, las inseguridades...","breadcrumb":{"@id":"https:\/\/somllavors.com\/es\/producte\/kai-y-emma-uno-mas-en-la-familia#breadcrumb"},"inLanguage":"es","potentialAction":[{"@type":"ReadAction","target":["https:\/\/somllavors.com\/es\/producte\/kai-y-emma-uno-mas-en-la-familia"]}]},{"@type":"ImageObject","inLanguage":"es","@id":"https:\/\/somllavors.com\/es\/producte\/kai-y-emma-uno-mas-en-la-familia#primaryimage","url":"https:\/\/somllavors.com\/wp-content\/uploads\/2023\/01\/Som-Llavors-KAI-Y-EMMA-3-UNO-MAS-EN-LA-FAMILIA-9788418688348.jpg","contentUrl":"https:\/\/somllavors.com\/wp-content\/uploads\/2023\/01\/Som-Llavors-KAI-Y-EMMA-3-UNO-MAS-EN-LA-FAMILIA-9788418688348.jpg","width":552,"height":510,"caption":"cuento para llegada de un hermano"},{"@type":"BreadcrumbList","@id":"https:\/\/somllavors.com\/es\/producte\/kai-y-emma-uno-mas-en-la-familia#breadcrumb","itemListElement":[{"@type":"ListItem","position":1,"name":"Inici","item":"https:\/\/somllavors.com\/es"},{"@type":"ListItem","position":2,"name":"Tienda","item":"https:\/\/somllavors.com\/es\/botiga-2"},{"@type":"ListItem","position":3,"name":"Kai y Emma &#8211; Uno m\u00e1s en la familia"}]},{"@type":"WebSite","@id":"https:\/\/somllavors.com\/es#website","url":"https:\/\/somllavors.com\/es","name":"Som Llavors","description":"Botiga de crian\u00e7a natural","publisher":{"@id":"https:\/\/somllavors.com\/es#organization"},"alternateName":"Crian\u00e7a Natural i Sostenible","potentialAction":[{"@type":"SearchAction","target":{"@type":"EntryPoint","urlTemplate":"https:\/\/somllavors.com\/es?s={search_term_string}"},"query-input":{"@type":"PropertyValueSpecification","valueRequired":true,"valueName":"search_term_string"}}],"inLanguage":"es"},{"@type":["Organization","Place","Store"],"@id":"https:\/\/somllavors.com\/es#organization","name":"Som Llavors","alternateName":"Crian\u00e7a Natural i Sostenible","url":"https:\/\/somllavors.com\/es","logo":{"@id":"https:\/\/somllavors.com\/es\/producte\/kai-y-emma-uno-mas-en-la-familia#local-main-organization-logo"},"image":{"@id":"https:\/\/somllavors.com\/es\/producte\/kai-y-emma-uno-mas-en-la-familia#local-main-organization-logo"},"sameAs":["https:\/\/www.facebook.com\/somllavorsvng\/?locale=ca_ES","https:\/\/www.instagram.com\/somllavors_vng\/","https:\/\/www.youtube.com\/@somllavors"],"address":{"@id":"https:\/\/somllavors.com\/es\/producte\/kai-y-emma-uno-mas-en-la-familia#local-main-place-address"},"geo":{"@type":"GeoCoordinates","latitude":"41.2257737","longitude":"1.723258859"},"telephone":["623152704","623152704"],"openingHoursSpecification":[{"@type":"OpeningHoursSpecification","dayOfWeek":["Monday","Sunday"],"opens":"00:00","closes":"00:00"},{"@type":"OpeningHoursSpecification","dayOfWeek":["Tuesday","Wednesday","Thursday","Friday"],"opens":"10:00","closes":"20:00"},{"@type":"OpeningHoursSpecification","dayOfWeek":["Saturday"],"opens":"10:00","closes":"13:30"}],"email":"info@somllavors.com"},{"@type":"PostalAddress","@id":"https:\/\/somllavors.com\/es\/producte\/kai-y-emma-uno-mas-en-la-familia#local-main-place-address","streetAddress":"Carrer de l'aigua, 6","addressLocality":"Vilanova i la Geltr\u00fa","postalCode":"08800","addressRegion":"Barcelona","addressCountry":"ES"},{"@type":"ImageObject","inLanguage":"es","@id":"https:\/\/somllavors.com\/es\/producte\/kai-y-emma-uno-mas-en-la-familia#local-main-organization-logo","url":"https:\/\/somllavors.com\/wp-content\/uploads\/Logotip-Som-Llavors.jpg","contentUrl":"https:\/\/somllavors.com\/wp-content\/uploads\/Logotip-Som-Llavors.jpg","width":1444,"height":1323,"caption":"Som Llavors"}]},"product_price_amount":"16.95","product_price_currency":"EUR","og_availability":"instock","product_availability":"instock","product_retailer_item_id":"9788418688348","product_condition":"new","geo.placename":"Vilanova i la Geltr\u00fa","geo.position":{"lat":"41.2257737","long":"1.723258859"},"geo.region":"Espa\u00f1a"},"brands":[],"_links":{"self":[{"href":"https:\/\/somllavors.com\/es\/wp-json\/wp\/v2\/product\/32695","targetHints":{"allow":["GET"]}}],"collection":[{"href":"https:\/\/somllavors.com\/es\/wp-json\/wp\/v2\/product"}],"about":[{"href":"https:\/\/somllavors.com\/es\/wp-json\/wp\/v2\/types\/product"}],"wp:featuredmedia":[{"embeddable":true,"href":"https:\/\/somllavors.com\/es\/wp-json\/wp\/v2\/media\/35790"}],"wp:attachment":[{"href":"https:\/\/somllavors.com\/es\/wp-json\/wp\/v2\/media?parent=32695"}],"wp:term":[{"taxonomy":"pwb-brand","embeddable":true,"href":"https:\/\/somllavors.com\/es\/wp-json\/wp\/v2\/pwb-brand?post=32695"},{"taxonomy":"product_brand","embeddable":true,"href":"https:\/\/somllavors.com\/es\/wp-json\/wp\/v2\/product_brand?post=32695"},{"taxonomy":"product_cat","embeddable":true,"href":"https:\/\/somllavors.com\/es\/wp-json\/wp\/v2\/product_cat?post=32695"},{"taxonomy":"product_tag","embeddable":true,"href":"https:\/\/somllavors.com\/es\/wp-json\/wp\/v2\/product_tag?post=32695"}],"curies":[{"name":"wp","href":"https:\/\/api.w.org\/{rel}","templated":true}]}}