{"id":32702,"date":"2023-01-05T12:18:17","date_gmt":"2023-01-05T11:18:17","guid":{"rendered":"https:\/\/somllavors.com\/?post_type=product&#038;p=32702"},"modified":"2023-03-21T12:42:27","modified_gmt":"2023-03-21T11:42:27","slug":"ni-princeses-ni-pirates-per-educar-nens-i-nenes-en-llibertat","status":"publish","type":"product","link":"https:\/\/somllavors.com\/es\/producte\/ni-princeses-ni-pirates-per-educar-nens-i-nenes-en-llibertat","title":{"rendered":"Ni princeses ni pirates &#8211; Per educar nens i nenes en llibertat"},"content":{"rendered":"","protected":false},"excerpt":{"rendered":"<div class=\"text-container\" data-v-7b0c7258=\"\">\n<div data-v-7b0c7258=\"\">En aquest llibre es parla d&#8217;un tema essencial en la nostra formaci\u00f3 com a persones: com s&#8217;ensenya a ser una nena o un nen.<\/div>\n<ul>\n<li>Hem de comprendre que tenir una filla o un fill s\u00f3n fets equivalents; els haurem d&#8217;ajudar a construir-se com a persones lliures, sense prejudicis que els impedeixin cr\u00e9ixer ni els facin patir.<\/li>\n<li>Amb exemples extrets del dia a dia, N\u00faria Solsona, una de les m\u00e0ximes expertes en coeducaci\u00f3, ens proposa maneres de disminuir les conseq\u00fc\u00e8ncies d&#8217;una educaci\u00f3 sexista i promoure la igualtat d&#8217;oportunitats, per tal que no limitem el desenvolupament de les nostres criatures per raons de g\u00e8nere i per tal que tinguin arguments per defensar la seva llibertat d&#8217;elecci\u00f3.<\/li>\n<\/ul>\n<\/div>\n","protected":false},"featured_media":35780,"template":"","meta":{"_acf_changed":false,"site-sidebar-layout":"default","site-content-layout":"default","ast-site-content-layout":"default","site-content-style":"default","site-sidebar-style":"default","ast-global-header-display":"","ast-banner-title-visibility":"","ast-main-header-display":"","ast-hfb-above-header-display":"","ast-hfb-below-header-display":"","ast-hfb-mobile-header-display":"","site-post-title":"","ast-breadcrumbs-content":"","ast-featured-img":"","footer-sml-layout":"","theme-transparent-header-meta":"default","adv-header-id-meta":"","stick-header-meta":"","header-above-stick-meta":"","header-main-stick-meta":"","header-below-stick-meta":"","astra-migrate-meta-layouts":"default","ast-page-background-enabled":"default","ast-page-background-meta":{"desktop":{"background-color":"","background-image":"","background-repeat":"repeat","background-position":"center center","background-size":"auto","background-attachment":"scroll","background-type":"","background-media":"","overlay-type":"","overlay-color":"","overlay-opacity":"","overlay-gradient":""},"tablet":{"background-color":"","background-image":"","background-repeat":"repeat","background-position":"center center","background-size":"auto","background-attachment":"scroll","background-type":"","background-media":"","overlay-type":"","overlay-color":"","overlay-opacity":"","overlay-gradient":""},"mobile":{"background-color":"","background-image":"","background-repeat":"repeat","background-position":"center center","background-size":"auto","background-attachment":"scroll","background-type":"","background-media":"","overlay-type":"","overlay-color":"","overlay-opacity":"","overlay-gradient":""}},"ast-content-background-meta":{"desktop":{"background-color":"var(--ast-global-color-5)","background-image":"","background-repeat":"repeat","background-position":"center center","background-size":"auto","background-attachment":"scroll","background-type":"","background-media":"","overlay-type":"","overlay-color":"","overlay-opacity":"","overlay-gradient":""},"tablet":{"background-color":"var(--ast-global-color-5)","background-image":"","background-repeat":"repeat","background-position":"center center","background-size":"auto","background-attachment":"scroll","background-type":"","background-media":"","overlay-type":"","overlay-color":"","overlay-opacity":"","overlay-gradient":""},"mobile":{"background-color":"var(--ast-global-color-5)","background-image":"","background-repeat":"repeat","background-position":"center center","background-size":"auto","background-attachment":"scroll","background-type":"","background-media":"","overlay-type":"","overlay-color":"","overlay-opacity":"","overlay-gradient":""}}},"pwb-brand":[],"product_brand":[],"product_cat":[568],"product_tag":[3435,3434],"class_list":{"0":"post-32702","1":"product","2":"type-product","3":"status-publish","4":"has-post-thumbnail","6":"product_cat-adults","7":"product_tag-eumo","8":"product_tag-nuria-solsona","9":"desktop-align-left","10":"tablet-align-left","11":"mobile-align-left","13":"first","14":"instock","15":"taxable","16":"shipping-taxable","17":"purchasable","18":"product-type-simple"},"acf":[],"yoast_head":"<!-- This site is optimized with the Yoast SEO Premium plugin v18.3 (Yoast SEO v26.2) - https:\/\/yoast.com\/wordpress\/plugins\/seo\/ -->\n<title>Ni princeses ni pirates - Per educar nens i nenes en llibertat &#8212; Som Llavors<\/title>\n<meta name=\"description\" content=\"En aquest llibre es parla d&#039;un tema essencial en la nostra formaci\u00f3 com a persones: com s&#039;ensenya a ser una nena o un nen.   Hem de comprendre que tenir una filla o un fill s\u00f3n fets equivalents; els haurem d&#039;ajudar a construir-se com a persones lliures, sense prejudicis que els impedeixin cr\u00e9ixer ni els facin patir.  Amb exemples extrets del dia a dia, N\u00faria Solsona, una de les m\u00e0ximes expertes en coeducaci\u00f3, ens proposa maneres de disminuir les conseq\u00fc\u00e8ncies d&#039;una educaci\u00f3 sexista i promoure la igualtat d&#039;oportunitats, per tal que no limitem el desenvolupament de les nostres criatures per raons de g\u00e8nere i per tal que tinguin arguments per defensar la seva llibertat d&#039;elecci\u00f3.\" \/>\n<meta name=\"robots\" content=\"index, follow, max-snippet:-1, max-image-preview:large, max-video-preview:-1\" \/>\n<link rel=\"canonical\" href=\"https:\/\/somllavors.com\/es\/producte\/ni-princeses-ni-pirates-per-educar-nens-i-nenes-en-llibertat\" \/>\n<meta property=\"og:locale\" content=\"es_ES\" \/>\n<meta property=\"og:type\" content=\"article\" \/>\n<meta property=\"og:title\" content=\"Ni princeses ni pirates - Per educar nens i nenes en llibertat\" \/>\n<meta property=\"og:description\" content=\"La teva botiga d\u2019ecocrian\u00e7a i espai d\u2019acompanyament a la maternitat\" \/>\n<meta property=\"og:url\" content=\"https:\/\/somllavors.com\/es\/producte\/ni-princeses-ni-pirates-per-educar-nens-i-nenes-en-llibertat\" \/>\n<meta property=\"og:site_name\" content=\"Som Llavors\" \/>\n<meta property=\"article:publisher\" content=\"https:\/\/www.facebook.com\/somllavorsvng\/?locale=ca_ES\" \/>\n<meta property=\"article:modified_time\" content=\"2023-03-21T11:42:27+00:00\" \/>\n<meta property=\"og:image\" content=\"https:\/\/somllavors.com\/wp-content\/uploads\/2023\/01\/Som-Llavors-NI-PRINCESES-NI-PIRATES-PER-EDUCAR-NENES-I-NENS-EN-LLIBERTAT-edicion-en-catalan-9788497665759.jpg\" \/>\n\t<meta property=\"og:image:width\" content=\"552\" \/>\n\t<meta property=\"og:image:height\" content=\"847\" \/>\n\t<meta property=\"og:image:type\" content=\"image\/jpeg\" \/>\n<meta name=\"twitter:card\" content=\"summary_large_image\" \/>\n<meta name=\"twitter:label1\" content=\"Precio\" \/>\n\t<meta name=\"twitter:data1\" content=\"16,00&euro; Iva incl\u00f2s\" \/>\n\t<meta name=\"twitter:label2\" content=\"Availability\" \/>\n\t<meta name=\"twitter:data2\" content=\"Hay existencias\" \/>\n<script type=\"application\/ld+json\" class=\"yoast-schema-graph\">{\"@context\":\"https:\/\/schema.org\",\"@graph\":[{\"@type\":\"WebPage\",\"@id\":\"https:\/\/somllavors.com\/es\/producte\/ni-princeses-ni-pirates-per-educar-nens-i-nenes-en-llibertat\",\"url\":\"https:\/\/somllavors.com\/es\/producte\/ni-princeses-ni-pirates-per-educar-nens-i-nenes-en-llibertat\",\"name\":\"Ni princeses ni pirates - Per educar nens i nenes en llibertat &#8212; Som Llavors\",\"isPartOf\":{\"@id\":\"https:\/\/somllavors.com\/es#website\"},\"primaryImageOfPage\":{\"@id\":\"https:\/\/somllavors.com\/es\/producte\/ni-princeses-ni-pirates-per-educar-nens-i-nenes-en-llibertat#primaryimage\"},\"image\":{\"@id\":\"https:\/\/somllavors.com\/es\/producte\/ni-princeses-ni-pirates-per-educar-nens-i-nenes-en-llibertat#primaryimage\"},\"thumbnailUrl\":\"https:\/\/somllavors.com\/wp-content\/uploads\/2023\/01\/Som-Llavors-NI-PRINCESES-NI-PIRATES-PER-EDUCAR-NENES-I-NENS-EN-LLIBERTAT-edicion-en-catalan-9788497665759.jpg\",\"datePublished\":\"2023-01-05T11:18:17+00:00\",\"dateModified\":\"2023-03-21T11:42:27+00:00\",\"description\":\"En aquest llibre es parla d'un tema essencial en la nostra formaci\u00f3 com a persones: com s'ensenya a ser una nena o un nen. Hem de comprendre que tenir una filla o un fill s\u00f3n fets equivalents; els haurem d'ajudar a construir-se com a persones lliures, sense prejudicis que els impedeixin cr\u00e9ixer ni els facin patir. Amb exemples extrets del dia a dia, N\u00faria Solsona, una de les m\u00e0ximes expertes en coeducaci\u00f3, ens proposa maneres de disminuir les conseq\u00fc\u00e8ncies d'una educaci\u00f3 sexista i promoure la igualtat d'oportunitats, per tal que no limitem el desenvolupament de les nostres criatures per raons de g\u00e8nere i per tal que tinguin arguments per defensar la seva llibertat d'elecci\u00f3.\",\"breadcrumb\":{\"@id\":\"https:\/\/somllavors.com\/es\/producte\/ni-princeses-ni-pirates-per-educar-nens-i-nenes-en-llibertat#breadcrumb\"},\"inLanguage\":\"es\",\"potentialAction\":[{\"@type\":\"ReadAction\",\"target\":[\"https:\/\/somllavors.com\/es\/producte\/ni-princeses-ni-pirates-per-educar-nens-i-nenes-en-llibertat\"]}]},{\"@type\":\"ImageObject\",\"inLanguage\":\"es\",\"@id\":\"https:\/\/somllavors.com\/es\/producte\/ni-princeses-ni-pirates-per-educar-nens-i-nenes-en-llibertat#primaryimage\",\"url\":\"https:\/\/somllavors.com\/wp-content\/uploads\/2023\/01\/Som-Llavors-NI-PRINCESES-NI-PIRATES-PER-EDUCAR-NENES-I-NENS-EN-LLIBERTAT-edicion-en-catalan-9788497665759.jpg\",\"contentUrl\":\"https:\/\/somllavors.com\/wp-content\/uploads\/2023\/01\/Som-Llavors-NI-PRINCESES-NI-PIRATES-PER-EDUCAR-NENES-I-NENS-EN-LLIBERTAT-edicion-en-catalan-9788497665759.jpg\",\"width\":552,\"height\":847,\"caption\":\"contes educatius en catal\u00e0\"},{\"@type\":\"BreadcrumbList\",\"@id\":\"https:\/\/somllavors.com\/es\/producte\/ni-princeses-ni-pirates-per-educar-nens-i-nenes-en-llibertat#breadcrumb\",\"itemListElement\":[{\"@type\":\"ListItem\",\"position\":1,\"name\":\"Inici\",\"item\":\"https:\/\/somllavors.com\/es\"},{\"@type\":\"ListItem\",\"position\":2,\"name\":\"Tienda\",\"item\":\"https:\/\/somllavors.com\/es\/botiga-2\"},{\"@type\":\"ListItem\",\"position\":3,\"name\":\"Ni princeses ni pirates &#8211; Per educar nens i nenes en llibertat\"}]},{\"@type\":\"WebSite\",\"@id\":\"https:\/\/somllavors.com\/es#website\",\"url\":\"https:\/\/somllavors.com\/es\",\"name\":\"Som Llavors\",\"description\":\"Botiga de crian\u00e7a natural\",\"publisher\":{\"@id\":\"https:\/\/somllavors.com\/es#organization\"},\"alternateName\":\"Crian\u00e7a Natural i Sostenible\",\"potentialAction\":[{\"@type\":\"SearchAction\",\"target\":{\"@type\":\"EntryPoint\",\"urlTemplate\":\"https:\/\/somllavors.com\/es?s={search_term_string}\"},\"query-input\":{\"@type\":\"PropertyValueSpecification\",\"valueRequired\":true,\"valueName\":\"search_term_string\"}}],\"inLanguage\":\"es\"},{\"@type\":[\"Organization\",\"Place\",\"Store\"],\"@id\":\"https:\/\/somllavors.com\/es#organization\",\"name\":\"Som Llavors\",\"alternateName\":\"Crian\u00e7a Natural i Sostenible\",\"url\":\"https:\/\/somllavors.com\/es\",\"logo\":{\"@id\":\"https:\/\/somllavors.com\/es\/producte\/ni-princeses-ni-pirates-per-educar-nens-i-nenes-en-llibertat#local-main-organization-logo\"},\"image\":{\"@id\":\"https:\/\/somllavors.com\/es\/producte\/ni-princeses-ni-pirates-per-educar-nens-i-nenes-en-llibertat#local-main-organization-logo\"},\"sameAs\":[\"https:\/\/www.facebook.com\/somllavorsvng\/?locale=ca_ES\",\"https:\/\/www.instagram.com\/somllavors_vng\/\",\"https:\/\/www.youtube.com\/@somllavors\"],\"address\":{\"@id\":\"https:\/\/somllavors.com\/es\/producte\/ni-princeses-ni-pirates-per-educar-nens-i-nenes-en-llibertat#local-main-place-address\"},\"geo\":{\"@type\":\"GeoCoordinates\",\"latitude\":\"41.2257737\",\"longitude\":\"1.723258859\"},\"telephone\":[\"623152704\"],\"openingHoursSpecification\":[{\"@type\":\"OpeningHoursSpecification\",\"dayOfWeek\":[\"Monday\",\"Sunday\"],\"opens\":\"00:00\",\"closes\":\"00:00\"},{\"@type\":\"OpeningHoursSpecification\",\"dayOfWeek\":[\"Tuesday\",\"Wednesday\",\"Thursday\",\"Friday\"],\"opens\":\"10:00\",\"closes\":\"20:00\"},{\"@type\":\"OpeningHoursSpecification\",\"dayOfWeek\":[\"Saturday\"],\"opens\":\"10:00\",\"closes\":\"13:30\"}],\"email\":\"info@somllavors.com\"},{\"@type\":\"PostalAddress\",\"@id\":\"https:\/\/somllavors.com\/es\/producte\/ni-princeses-ni-pirates-per-educar-nens-i-nenes-en-llibertat#local-main-place-address\",\"streetAddress\":\"Carrer de l'aigua, 6\",\"addressLocality\":\"Vilanova i la Geltr\u00fa\",\"postalCode\":\"08800\",\"addressRegion\":\"Barcelona\",\"addressCountry\":\"ES\"},{\"@type\":\"ImageObject\",\"inLanguage\":\"es\",\"@id\":\"https:\/\/somllavors.com\/es\/producte\/ni-princeses-ni-pirates-per-educar-nens-i-nenes-en-llibertat#local-main-organization-logo\",\"url\":\"https:\/\/somllavors.com\/wp-content\/uploads\/Logotip-Som-Llavors.jpg\",\"contentUrl\":\"https:\/\/somllavors.com\/wp-content\/uploads\/Logotip-Som-Llavors.jpg\",\"width\":1444,\"height\":1323,\"caption\":\"Som Llavors\"}]}<\/script>\n<meta property=\"product:price:amount\" content=\"16.00\" \/>\n<meta property=\"product:price:currency\" content=\"EUR\" \/>\n<meta property=\"og:availability\" content=\"instock\" \/>\n<meta property=\"product:availability\" content=\"instock\" \/>\n<meta property=\"product:retailer_item_id\" content=\"9788497665759\" \/>\n<meta property=\"product:condition\" content=\"new\" \/>\n<meta name=\"geo.placename\" content=\"Vilanova i la Geltr\u00fa\" \/>\n<meta name=\"geo.position\" content=\"41.2257737;1.723258859\" \/>\n<meta name=\"geo.region\" content=\"Espa\u00f1a\" \/>\n<!-- \/ Yoast SEO Premium plugin. -->","yoast_head_json":{"title":"Ni princeses ni pirates - Per educar nens i nenes en llibertat &#8212; Som Llavors","description":"En aquest llibre es parla d'un tema essencial en la nostra formaci\u00f3 com a persones: com s'ensenya a ser una nena o un nen.   Hem de comprendre que tenir una filla o un fill s\u00f3n fets equivalents; els haurem d'ajudar a construir-se com a persones lliures, sense prejudicis que els impedeixin cr\u00e9ixer ni els facin patir.  Amb exemples extrets del dia a dia, N\u00faria Solsona, una de les m\u00e0ximes expertes en coeducaci\u00f3, ens proposa maneres de disminuir les conseq\u00fc\u00e8ncies d'una educaci\u00f3 sexista i promoure la igualtat d'oportunitats, per tal que no limitem el desenvolupament de les nostres criatures per raons de g\u00e8nere i per tal que tinguin arguments per defensar la seva llibertat d'elecci\u00f3.","robots":{"index":"index","follow":"follow","max-snippet":"max-snippet:-1","max-image-preview":"max-image-preview:large","max-video-preview":"max-video-preview:-1"},"canonical":"https:\/\/somllavors.com\/es\/producte\/ni-princeses-ni-pirates-per-educar-nens-i-nenes-en-llibertat","og_locale":"es_ES","og_type":"article","og_title":"Ni princeses ni pirates - Per educar nens i nenes en llibertat","og_description":"La teva botiga d\u2019ecocrian\u00e7a i espai d\u2019acompanyament a la maternitat","og_url":"https:\/\/somllavors.com\/es\/producte\/ni-princeses-ni-pirates-per-educar-nens-i-nenes-en-llibertat","og_site_name":"Som Llavors","article_publisher":"https:\/\/www.facebook.com\/somllavorsvng\/?locale=ca_ES","article_modified_time":"2023-03-21T11:42:27+00:00","og_image":[{"width":552,"height":847,"url":"https:\/\/somllavors.com\/wp-content\/uploads\/2023\/01\/Som-Llavors-NI-PRINCESES-NI-PIRATES-PER-EDUCAR-NENES-I-NENS-EN-LLIBERTAT-edicion-en-catalan-9788497665759.jpg","type":"image\/jpeg"}],"twitter_card":"summary_large_image","twitter_misc":{"Precio":"16,00&euro; Iva incl\u00f2s","Availability":"Hay existencias"},"schema":{"@context":"https:\/\/schema.org","@graph":[{"@type":"WebPage","@id":"https:\/\/somllavors.com\/es\/producte\/ni-princeses-ni-pirates-per-educar-nens-i-nenes-en-llibertat","url":"https:\/\/somllavors.com\/es\/producte\/ni-princeses-ni-pirates-per-educar-nens-i-nenes-en-llibertat","name":"Ni princeses ni pirates - Per educar nens i nenes en llibertat &#8212; Som Llavors","isPartOf":{"@id":"https:\/\/somllavors.com\/es#website"},"primaryImageOfPage":{"@id":"https:\/\/somllavors.com\/es\/producte\/ni-princeses-ni-pirates-per-educar-nens-i-nenes-en-llibertat#primaryimage"},"image":{"@id":"https:\/\/somllavors.com\/es\/producte\/ni-princeses-ni-pirates-per-educar-nens-i-nenes-en-llibertat#primaryimage"},"thumbnailUrl":"https:\/\/somllavors.com\/wp-content\/uploads\/2023\/01\/Som-Llavors-NI-PRINCESES-NI-PIRATES-PER-EDUCAR-NENES-I-NENS-EN-LLIBERTAT-edicion-en-catalan-9788497665759.jpg","datePublished":"2023-01-05T11:18:17+00:00","dateModified":"2023-03-21T11:42:27+00:00","description":"En aquest llibre es parla d'un tema essencial en la nostra formaci\u00f3 com a persones: com s'ensenya a ser una nena o un nen. Hem de comprendre que tenir una filla o un fill s\u00f3n fets equivalents; els haurem d'ajudar a construir-se com a persones lliures, sense prejudicis que els impedeixin cr\u00e9ixer ni els facin patir. Amb exemples extrets del dia a dia, N\u00faria Solsona, una de les m\u00e0ximes expertes en coeducaci\u00f3, ens proposa maneres de disminuir les conseq\u00fc\u00e8ncies d'una educaci\u00f3 sexista i promoure la igualtat d'oportunitats, per tal que no limitem el desenvolupament de les nostres criatures per raons de g\u00e8nere i per tal que tinguin arguments per defensar la seva llibertat d'elecci\u00f3.","breadcrumb":{"@id":"https:\/\/somllavors.com\/es\/producte\/ni-princeses-ni-pirates-per-educar-nens-i-nenes-en-llibertat#breadcrumb"},"inLanguage":"es","potentialAction":[{"@type":"ReadAction","target":["https:\/\/somllavors.com\/es\/producte\/ni-princeses-ni-pirates-per-educar-nens-i-nenes-en-llibertat"]}]},{"@type":"ImageObject","inLanguage":"es","@id":"https:\/\/somllavors.com\/es\/producte\/ni-princeses-ni-pirates-per-educar-nens-i-nenes-en-llibertat#primaryimage","url":"https:\/\/somllavors.com\/wp-content\/uploads\/2023\/01\/Som-Llavors-NI-PRINCESES-NI-PIRATES-PER-EDUCAR-NENES-I-NENS-EN-LLIBERTAT-edicion-en-catalan-9788497665759.jpg","contentUrl":"https:\/\/somllavors.com\/wp-content\/uploads\/2023\/01\/Som-Llavors-NI-PRINCESES-NI-PIRATES-PER-EDUCAR-NENES-I-NENS-EN-LLIBERTAT-edicion-en-catalan-9788497665759.jpg","width":552,"height":847,"caption":"contes educatius en catal\u00e0"},{"@type":"BreadcrumbList","@id":"https:\/\/somllavors.com\/es\/producte\/ni-princeses-ni-pirates-per-educar-nens-i-nenes-en-llibertat#breadcrumb","itemListElement":[{"@type":"ListItem","position":1,"name":"Inici","item":"https:\/\/somllavors.com\/es"},{"@type":"ListItem","position":2,"name":"Tienda","item":"https:\/\/somllavors.com\/es\/botiga-2"},{"@type":"ListItem","position":3,"name":"Ni princeses ni pirates &#8211; Per educar nens i nenes en llibertat"}]},{"@type":"WebSite","@id":"https:\/\/somllavors.com\/es#website","url":"https:\/\/somllavors.com\/es","name":"Som Llavors","description":"Botiga de crian\u00e7a natural","publisher":{"@id":"https:\/\/somllavors.com\/es#organization"},"alternateName":"Crian\u00e7a Natural i Sostenible","potentialAction":[{"@type":"SearchAction","target":{"@type":"EntryPoint","urlTemplate":"https:\/\/somllavors.com\/es?s={search_term_string}"},"query-input":{"@type":"PropertyValueSpecification","valueRequired":true,"valueName":"search_term_string"}}],"inLanguage":"es"},{"@type":["Organization","Place","Store"],"@id":"https:\/\/somllavors.com\/es#organization","name":"Som Llavors","alternateName":"Crian\u00e7a Natural i Sostenible","url":"https:\/\/somllavors.com\/es","logo":{"@id":"https:\/\/somllavors.com\/es\/producte\/ni-princeses-ni-pirates-per-educar-nens-i-nenes-en-llibertat#local-main-organization-logo"},"image":{"@id":"https:\/\/somllavors.com\/es\/producte\/ni-princeses-ni-pirates-per-educar-nens-i-nenes-en-llibertat#local-main-organization-logo"},"sameAs":["https:\/\/www.facebook.com\/somllavorsvng\/?locale=ca_ES","https:\/\/www.instagram.com\/somllavors_vng\/","https:\/\/www.youtube.com\/@somllavors"],"address":{"@id":"https:\/\/somllavors.com\/es\/producte\/ni-princeses-ni-pirates-per-educar-nens-i-nenes-en-llibertat#local-main-place-address"},"geo":{"@type":"GeoCoordinates","latitude":"41.2257737","longitude":"1.723258859"},"telephone":["623152704","623152704"],"openingHoursSpecification":[{"@type":"OpeningHoursSpecification","dayOfWeek":["Monday","Sunday"],"opens":"00:00","closes":"00:00"},{"@type":"OpeningHoursSpecification","dayOfWeek":["Tuesday","Wednesday","Thursday","Friday"],"opens":"10:00","closes":"20:00"},{"@type":"OpeningHoursSpecification","dayOfWeek":["Saturday"],"opens":"10:00","closes":"13:30"}],"email":"info@somllavors.com"},{"@type":"PostalAddress","@id":"https:\/\/somllavors.com\/es\/producte\/ni-princeses-ni-pirates-per-educar-nens-i-nenes-en-llibertat#local-main-place-address","streetAddress":"Carrer de l'aigua, 6","addressLocality":"Vilanova i la Geltr\u00fa","postalCode":"08800","addressRegion":"Barcelona","addressCountry":"ES"},{"@type":"ImageObject","inLanguage":"es","@id":"https:\/\/somllavors.com\/es\/producte\/ni-princeses-ni-pirates-per-educar-nens-i-nenes-en-llibertat#local-main-organization-logo","url":"https:\/\/somllavors.com\/wp-content\/uploads\/Logotip-Som-Llavors.jpg","contentUrl":"https:\/\/somllavors.com\/wp-content\/uploads\/Logotip-Som-Llavors.jpg","width":1444,"height":1323,"caption":"Som Llavors"}]},"product_price_amount":"16.00","product_price_currency":"EUR","og_availability":"instock","product_availability":"instock","product_retailer_item_id":"9788497665759","product_condition":"new","geo.placename":"Vilanova i la Geltr\u00fa","geo.position":{"lat":"41.2257737","long":"1.723258859"},"geo.region":"Espa\u00f1a"},"brands":[],"_links":{"self":[{"href":"https:\/\/somllavors.com\/es\/wp-json\/wp\/v2\/product\/32702","targetHints":{"allow":["GET"]}}],"collection":[{"href":"https:\/\/somllavors.com\/es\/wp-json\/wp\/v2\/product"}],"about":[{"href":"https:\/\/somllavors.com\/es\/wp-json\/wp\/v2\/types\/product"}],"wp:featuredmedia":[{"embeddable":true,"href":"https:\/\/somllavors.com\/es\/wp-json\/wp\/v2\/media\/35780"}],"wp:attachment":[{"href":"https:\/\/somllavors.com\/es\/wp-json\/wp\/v2\/media?parent=32702"}],"wp:term":[{"taxonomy":"pwb-brand","embeddable":true,"href":"https:\/\/somllavors.com\/es\/wp-json\/wp\/v2\/pwb-brand?post=32702"},{"taxonomy":"product_brand","embeddable":true,"href":"https:\/\/somllavors.com\/es\/wp-json\/wp\/v2\/product_brand?post=32702"},{"taxonomy":"product_cat","embeddable":true,"href":"https:\/\/somllavors.com\/es\/wp-json\/wp\/v2\/product_cat?post=32702"},{"taxonomy":"product_tag","embeddable":true,"href":"https:\/\/somllavors.com\/es\/wp-json\/wp\/v2\/product_tag?post=32702"}],"curies":[{"name":"wp","href":"https:\/\/api.w.org\/{rel}","templated":true}]}}