{"id":32864,"date":"2023-01-20T17:39:37","date_gmt":"2023-01-20T16:39:37","guid":{"rendered":"https:\/\/somllavors.com\/?post_type=product&#038;p=32864"},"modified":"2024-03-08T18:56:09","modified_gmt":"2024-03-08T17:56:09","slug":"emotio-joc-de-cartes-per-treballar-emocions","status":"publish","type":"product","link":"https:\/\/somllavors.com\/es\/producte\/emotio-joc-de-cartes-per-treballar-emocions","title":{"rendered":"Em\u00f6ti\u00f6 &#8211; Joc de cartes per treballar emocions"},"content":{"rendered":"<p>Comp0nents del joc:<\/p>\n<ul>\n<li>Petit llibre amb objectiu i regles del joc, aix\u00ed com la descripci\u00f3 de 40 emocions\/sentiments i preguntes de reflexi\u00f3.<\/li>\n<li>40 cartes associades a un color segons l&#8217;emoci\u00f3. Felicitat-verd, Alegria-groc, Amor-rosa, Ira-vermell, Tristesa-blava, Por-gris i Sorpresa-lila.<\/li>\n<li>Carta resum de les diferents emocions.<\/li>\n<li>Dau personalitzat<\/li>\n<\/ul>\n<p>Edat recomanada: de 3 a 10 anys<\/p>\n<div class=\"ast-oembed-container \" style=\"height: 100%;\"><iframe loading=\"lazy\" title=\"Emotio\" width=\"500\" height=\"281\" src=\"https:\/\/www.youtube.com\/embed\/IEe1bV28tPQ?feature=oembed\" frameborder=\"0\" allow=\"accelerometer; autoplay; clipboard-write; encrypted-media; gyroscope; picture-in-picture; web-share\" referrerpolicy=\"strict-origin-when-cross-origin\" allowfullscreen><\/iframe><\/div>\n<p>&nbsp;<\/p>\n<p>https:\/\/www.youtube.com\/watch?v=u6ctwmxHJME<\/p>\n","protected":false},"excerpt":{"rendered":"<p>Emotio est\u00e0 dissenyat per potenciar la Intel\u00b7lig\u00e8ncia Emocional. A trav\u00e9s del joc, fomentarem la seva acceptaci\u00f3 i comunicaci\u00f3, per facilitar el desenvolupament d&#8217;una bona autoestima, empatia i unes relacions socials adequades.<\/p>\n<p>Emotio permet treballar les compet\u00e8ncies emocionals seg\u00fcents:<\/p>\n<ul>\n<li>Consci\u00e8ncia Emocional: prendre consci\u00e8ncia de les pr\u00f2pies emocions, donar-los nom, comprendre les emocions alienes i prendre consci\u00e8ncia de la interacci\u00f3 entre Emoci\u00f3-Pensament-Comportament.<\/li>\n<li>Regulaci\u00f3 emocional: habilitats d\u201fafrontament, compet\u00e8ncies per autogenerar emocions agradables.<\/li>\n<li>Compet\u00e8ncia social: escoltar, respectar, compartir, desenvolupar comportament prosocial, fomentar assertivitat.<\/li>\n<li>Autonomia Emocional: actitud positiva, autoestima, automotivaci\u00f3. A m\u00e9s, permet reflexionar sobre els estereotips i la igualtat de g\u00e8nere sobre les emocions, gr\u00e0cies als seus dos personatges.&nbsp;\n<p>&nbsp;<\/li>\n<\/ul>\n","protected":false},"featured_media":32882,"template":"","meta":{"_acf_changed":false,"site-sidebar-layout":"default","site-content-layout":"default","ast-site-content-layout":"default","site-content-style":"default","site-sidebar-style":"default","ast-global-header-display":"","ast-banner-title-visibility":"","ast-main-header-display":"","ast-hfb-above-header-display":"","ast-hfb-below-header-display":"","ast-hfb-mobile-header-display":"","site-post-title":"","ast-breadcrumbs-content":"","ast-featured-img":"","footer-sml-layout":"","theme-transparent-header-meta":"default","adv-header-id-meta":"","stick-header-meta":"","header-above-stick-meta":"","header-main-stick-meta":"","header-below-stick-meta":"","astra-migrate-meta-layouts":"default","ast-page-background-enabled":"default","ast-page-background-meta":{"desktop":{"background-color":"","background-image":"","background-repeat":"repeat","background-position":"center center","background-size":"auto","background-attachment":"scroll","background-type":"","background-media":"","overlay-type":"","overlay-color":"","overlay-opacity":"","overlay-gradient":""},"tablet":{"background-color":"","background-image":"","background-repeat":"repeat","background-position":"center center","background-size":"auto","background-attachment":"scroll","background-type":"","background-media":"","overlay-type":"","overlay-color":"","overlay-opacity":"","overlay-gradient":""},"mobile":{"background-color":"","background-image":"","background-repeat":"repeat","background-position":"center center","background-size":"auto","background-attachment":"scroll","background-type":"","background-media":"","overlay-type":"","overlay-color":"","overlay-opacity":"","overlay-gradient":""}},"ast-content-background-meta":{"desktop":{"background-color":"var(--ast-global-color-5)","background-image":"","background-repeat":"repeat","background-position":"center center","background-size":"auto","background-attachment":"scroll","background-type":"","background-media":"","overlay-type":"","overlay-color":"","overlay-opacity":"","overlay-gradient":""},"tablet":{"background-color":"var(--ast-global-color-5)","background-image":"","background-repeat":"repeat","background-position":"center center","background-size":"auto","background-attachment":"scroll","background-type":"","background-media":"","overlay-type":"","overlay-color":"","overlay-opacity":"","overlay-gradient":""},"mobile":{"background-color":"var(--ast-global-color-5)","background-image":"","background-repeat":"repeat","background-position":"center center","background-size":"auto","background-attachment":"scroll","background-type":"","background-media":"","overlay-type":"","overlay-color":"","overlay-opacity":"","overlay-gradient":""}}},"pwb-brand":[],"product_brand":[],"product_cat":[3363,3364,3365,3366,4500,3301],"product_tag":[3445,3444,3447,1208,3446,3448],"class_list":{"0":"post-32864","1":"product","2":"type-product","3":"status-publish","4":"has-post-thumbnail","6":"product_cat-3-anys","7":"product_cat-4-anys","8":"product_cat-6-anys","9":"product_cat-8-anys","10":"product_cat-10-20e","11":"product_cat-jocs-de-taula","12":"product_tag-atomo-games","13":"product_tag-emotio","14":"product_tag-inteligencia-emocional","15":"product_tag-juego","16":"product_tag-marta-miguel","17":"product_tag-trabajar-emociones","18":"desktop-align-left","19":"tablet-align-left","20":"mobile-align-left","22":"first","23":"outofstock","24":"taxable","25":"shipping-taxable","26":"purchasable","27":"product-type-simple"},"acf":[],"yoast_head":"<!-- This site is optimized with the Yoast SEO Premium plugin v18.3 (Yoast SEO v26.2) - https:\/\/yoast.com\/wordpress\/plugins\/seo\/ -->\n<title>Em\u00f6ti\u00f6 - Joc de cartes per treballar emocions &#8212; Som Llavors<\/title>\n<meta name=\"description\" content=\"Emotio est\u00e0 dissenyat per potenciar la Intel\u00b7lig\u00e8ncia Emocional. A trav\u00e9s del joc, fomentarem la seva acceptaci\u00f3 i comunicaci\u00f3, per facilitar el desenvolupament d&#039;una bona autoestima, empatia i unes relacions socials adequades.  Emotio permet treballar les compet\u00e8ncies emocionals seg\u00fcents:   Consci\u00e8ncia Emocional: prendre consci\u00e8ncia de les pr\u00f2pies emocions, donar-los nom, comprendre les emocions alienes i prendre consci\u00e8ncia de la interacci\u00f3 entre Emoci\u00f3-Pensament-Comportament.  Regulaci\u00f3 emocional: habilitats d\u201fafrontament, compet\u00e8ncies per autogenerar emocions agradables.  Compet\u00e8ncia social: escoltar, respectar, compartir, desenvolupar comportament prosocial, fomentar assertivitat.  Autonomia Emocional: actitud positiva, autoestima, automotivaci\u00f3. A m\u00e9s, permet reflexionar sobre els estereotips i la igualtat de g\u00e8nere sobre les emocions, gr\u00e0cies als seus dos personatges.&nbsp;  &nbsp;\" \/>\n<meta name=\"robots\" content=\"index, follow, max-snippet:-1, max-image-preview:large, max-video-preview:-1\" \/>\n<link rel=\"canonical\" href=\"https:\/\/somllavors.com\/es\/producte\/emotio-joc-de-cartes-per-treballar-emocions\" \/>\n<meta property=\"og:locale\" content=\"es_ES\" \/>\n<meta property=\"og:type\" content=\"article\" \/>\n<meta property=\"og:title\" content=\"Em\u00f6ti\u00f6 - Joc de cartes per treballar emocions\" \/>\n<meta property=\"og:description\" content=\"La teva botiga d\u2019ecocrian\u00e7a i espai d\u2019acompanyament a la maternitat\" \/>\n<meta property=\"og:url\" content=\"https:\/\/somllavors.com\/es\/producte\/emotio-joc-de-cartes-per-treballar-emocions\" \/>\n<meta property=\"og:site_name\" content=\"Som Llavors\" \/>\n<meta property=\"article:publisher\" content=\"https:\/\/www.facebook.com\/somllavorsvng\/?locale=ca_ES\" \/>\n<meta property=\"article:modified_time\" content=\"2024-03-08T17:56:09+00:00\" \/>\n<meta property=\"og:image\" content=\"https:\/\/somllavors.com\/wp-content\/uploads\/2023\/01\/Som-Llavors-EMOTIO.jpg\" \/>\n\t<meta property=\"og:image:width\" content=\"718\" \/>\n\t<meta property=\"og:image:height\" content=\"635\" \/>\n\t<meta property=\"og:image:type\" content=\"image\/jpeg\" \/>\n<meta name=\"twitter:card\" content=\"summary_large_image\" \/>\n<meta name=\"twitter:label1\" content=\"Precio\" \/>\n\t<meta name=\"twitter:data1\" content=\"15,90&euro; Iva incl\u00f2s\" \/>\n\t<meta name=\"twitter:label2\" content=\"Availability\" \/>\n\t<meta name=\"twitter:data2\" content=\"Out of stock\" \/>\n<script type=\"application\/ld+json\" class=\"yoast-schema-graph\">{\"@context\":\"https:\/\/schema.org\",\"@graph\":[{\"@type\":\"WebPage\",\"@id\":\"https:\/\/somllavors.com\/es\/producte\/emotio-joc-de-cartes-per-treballar-emocions\",\"url\":\"https:\/\/somllavors.com\/es\/producte\/emotio-joc-de-cartes-per-treballar-emocions\",\"name\":\"Em\u00f6ti\u00f6 - Joc de cartes per treballar emocions &#8212; Som Llavors\",\"isPartOf\":{\"@id\":\"https:\/\/somllavors.com\/es#website\"},\"primaryImageOfPage\":{\"@id\":\"https:\/\/somllavors.com\/es\/producte\/emotio-joc-de-cartes-per-treballar-emocions#primaryimage\"},\"image\":{\"@id\":\"https:\/\/somllavors.com\/es\/producte\/emotio-joc-de-cartes-per-treballar-emocions#primaryimage\"},\"thumbnailUrl\":\"https:\/\/somllavors.com\/wp-content\/uploads\/2023\/01\/Som-Llavors-EMOTIO.jpg\",\"datePublished\":\"2023-01-20T16:39:37+00:00\",\"dateModified\":\"2024-03-08T17:56:09+00:00\",\"description\":\"Emotio est\u00e0 dissenyat per potenciar la Intel\u00b7lig\u00e8ncia Emocional. A trav\u00e9s del joc, fomentarem la seva acceptaci\u00f3 i comunicaci\u00f3, per facilitar el desenvolupament d'una bona autoestima, empatia i unes relacions socials adequades. Emotio permet treballar les compet\u00e8ncies emocionals seg\u00fcents: Consci\u00e8ncia Emocional: prendre consci\u00e8ncia de les pr\u00f2pies emocions, donar-los nom, comprendre les emocions alienes i prendre consci\u00e8ncia de la interacci\u00f3 entre Emoci\u00f3-Pensament-Comportament. Regulaci\u00f3 emocional: habilitats d\u201fafrontament, compet\u00e8ncies per autogenerar emocions agradables. Compet\u00e8ncia social: escoltar, respectar, compartir, desenvolupar comportament prosocial, fomentar assertivitat. Autonomia Emocional: actitud positiva, autoestima, automotivaci\u00f3. A m\u00e9s, permet reflexionar sobre els estereotips i la igualtat de g\u00e8nere sobre les emocions, gr\u00e0cies als seus dos personatges.&nbsp; &nbsp;\",\"breadcrumb\":{\"@id\":\"https:\/\/somllavors.com\/es\/producte\/emotio-joc-de-cartes-per-treballar-emocions#breadcrumb\"},\"inLanguage\":\"es\",\"potentialAction\":[{\"@type\":\"ReadAction\",\"target\":[\"https:\/\/somllavors.com\/es\/producte\/emotio-joc-de-cartes-per-treballar-emocions\"]}]},{\"@type\":\"ImageObject\",\"inLanguage\":\"es\",\"@id\":\"https:\/\/somllavors.com\/es\/producte\/emotio-joc-de-cartes-per-treballar-emocions#primaryimage\",\"url\":\"https:\/\/somllavors.com\/wp-content\/uploads\/2023\/01\/Som-Llavors-EMOTIO.jpg\",\"contentUrl\":\"https:\/\/somllavors.com\/wp-content\/uploads\/2023\/01\/Som-Llavors-EMOTIO.jpg\",\"width\":718,\"height\":635,\"caption\":\"emotio inteligencia emocional\"},{\"@type\":\"BreadcrumbList\",\"@id\":\"https:\/\/somllavors.com\/es\/producte\/emotio-joc-de-cartes-per-treballar-emocions#breadcrumb\",\"itemListElement\":[{\"@type\":\"ListItem\",\"position\":1,\"name\":\"Inici\",\"item\":\"https:\/\/somllavors.com\/es\"},{\"@type\":\"ListItem\",\"position\":2,\"name\":\"Tienda\",\"item\":\"https:\/\/somllavors.com\/es\/botiga-2\"},{\"@type\":\"ListItem\",\"position\":3,\"name\":\"Em\u00f6ti\u00f6 &#8211; Joc de cartes per treballar emocions\"}]},{\"@type\":\"WebSite\",\"@id\":\"https:\/\/somllavors.com\/es#website\",\"url\":\"https:\/\/somllavors.com\/es\",\"name\":\"Som Llavors\",\"description\":\"Botiga de crian\u00e7a natural\",\"publisher\":{\"@id\":\"https:\/\/somllavors.com\/es#organization\"},\"alternateName\":\"Crian\u00e7a Natural i Sostenible\",\"potentialAction\":[{\"@type\":\"SearchAction\",\"target\":{\"@type\":\"EntryPoint\",\"urlTemplate\":\"https:\/\/somllavors.com\/es?s={search_term_string}\"},\"query-input\":{\"@type\":\"PropertyValueSpecification\",\"valueRequired\":true,\"valueName\":\"search_term_string\"}}],\"inLanguage\":\"es\"},{\"@type\":[\"Organization\",\"Place\",\"Store\"],\"@id\":\"https:\/\/somllavors.com\/es#organization\",\"name\":\"Som Llavors\",\"alternateName\":\"Crian\u00e7a Natural i Sostenible\",\"url\":\"https:\/\/somllavors.com\/es\",\"logo\":{\"@id\":\"https:\/\/somllavors.com\/es\/producte\/emotio-joc-de-cartes-per-treballar-emocions#local-main-organization-logo\"},\"image\":{\"@id\":\"https:\/\/somllavors.com\/es\/producte\/emotio-joc-de-cartes-per-treballar-emocions#local-main-organization-logo\"},\"sameAs\":[\"https:\/\/www.facebook.com\/somllavorsvng\/?locale=ca_ES\",\"https:\/\/www.instagram.com\/somllavors_vng\/\",\"https:\/\/www.youtube.com\/@somllavors\"],\"address\":{\"@id\":\"https:\/\/somllavors.com\/es\/producte\/emotio-joc-de-cartes-per-treballar-emocions#local-main-place-address\"},\"geo\":{\"@type\":\"GeoCoordinates\",\"latitude\":\"41.2257737\",\"longitude\":\"1.723258859\"},\"telephone\":[\"623152704\"],\"openingHoursSpecification\":[{\"@type\":\"OpeningHoursSpecification\",\"dayOfWeek\":[\"Monday\",\"Sunday\"],\"opens\":\"00:00\",\"closes\":\"00:00\"},{\"@type\":\"OpeningHoursSpecification\",\"dayOfWeek\":[\"Tuesday\",\"Wednesday\",\"Thursday\",\"Friday\"],\"opens\":\"10:00\",\"closes\":\"20:00\"},{\"@type\":\"OpeningHoursSpecification\",\"dayOfWeek\":[\"Saturday\"],\"opens\":\"10:00\",\"closes\":\"13:30\"}],\"email\":\"info@somllavors.com\"},{\"@type\":\"PostalAddress\",\"@id\":\"https:\/\/somllavors.com\/es\/producte\/emotio-joc-de-cartes-per-treballar-emocions#local-main-place-address\",\"streetAddress\":\"Carrer de l'aigua, 6\",\"addressLocality\":\"Vilanova i la Geltr\u00fa\",\"postalCode\":\"08800\",\"addressRegion\":\"Barcelona\",\"addressCountry\":\"ES\"},{\"@type\":\"ImageObject\",\"inLanguage\":\"es\",\"@id\":\"https:\/\/somllavors.com\/es\/producte\/emotio-joc-de-cartes-per-treballar-emocions#local-main-organization-logo\",\"url\":\"https:\/\/somllavors.com\/wp-content\/uploads\/Logotip-Som-Llavors.jpg\",\"contentUrl\":\"https:\/\/somllavors.com\/wp-content\/uploads\/Logotip-Som-Llavors.jpg\",\"width\":1444,\"height\":1323,\"caption\":\"Som Llavors\"}]}<\/script>\n<meta property=\"product:price:amount\" content=\"15.90\" \/>\n<meta property=\"product:price:currency\" content=\"EUR\" \/>\n<meta property=\"og:availability\" content=\"out of stock\" \/>\n<meta property=\"product:availability\" content=\"out of stock\" \/>\n<meta property=\"product:retailer_item_id\" content=\"8437018229321\" \/>\n<meta property=\"product:condition\" content=\"new\" \/>\n<meta name=\"geo.placename\" content=\"Vilanova i la Geltr\u00fa\" \/>\n<meta name=\"geo.position\" content=\"41.2257737;1.723258859\" \/>\n<meta name=\"geo.region\" content=\"Espa\u00f1a\" \/>\n<!-- \/ Yoast SEO Premium plugin. -->","yoast_head_json":{"title":"Em\u00f6ti\u00f6 - Joc de cartes per treballar emocions &#8212; Som Llavors","description":"Emotio est\u00e0 dissenyat per potenciar la Intel\u00b7lig\u00e8ncia Emocional. A trav\u00e9s del joc, fomentarem la seva acceptaci\u00f3 i comunicaci\u00f3, per facilitar el desenvolupament d'una bona autoestima, empatia i unes relacions socials adequades.  Emotio permet treballar les compet\u00e8ncies emocionals seg\u00fcents:   Consci\u00e8ncia Emocional: prendre consci\u00e8ncia de les pr\u00f2pies emocions, donar-los nom, comprendre les emocions alienes i prendre consci\u00e8ncia de la interacci\u00f3 entre Emoci\u00f3-Pensament-Comportament.  Regulaci\u00f3 emocional: habilitats d\u201fafrontament, compet\u00e8ncies per autogenerar emocions agradables.  Compet\u00e8ncia social: escoltar, respectar, compartir, desenvolupar comportament prosocial, fomentar assertivitat.  Autonomia Emocional: actitud positiva, autoestima, automotivaci\u00f3. A m\u00e9s, permet reflexionar sobre els estereotips i la igualtat de g\u00e8nere sobre les emocions, gr\u00e0cies als seus dos personatges.&nbsp;  &nbsp;","robots":{"index":"index","follow":"follow","max-snippet":"max-snippet:-1","max-image-preview":"max-image-preview:large","max-video-preview":"max-video-preview:-1"},"canonical":"https:\/\/somllavors.com\/es\/producte\/emotio-joc-de-cartes-per-treballar-emocions","og_locale":"es_ES","og_type":"article","og_title":"Em\u00f6ti\u00f6 - Joc de cartes per treballar emocions","og_description":"La teva botiga d\u2019ecocrian\u00e7a i espai d\u2019acompanyament a la maternitat","og_url":"https:\/\/somllavors.com\/es\/producte\/emotio-joc-de-cartes-per-treballar-emocions","og_site_name":"Som Llavors","article_publisher":"https:\/\/www.facebook.com\/somllavorsvng\/?locale=ca_ES","article_modified_time":"2024-03-08T17:56:09+00:00","og_image":[{"width":718,"height":635,"url":"https:\/\/somllavors.com\/wp-content\/uploads\/2023\/01\/Som-Llavors-EMOTIO.jpg","type":"image\/jpeg"}],"twitter_card":"summary_large_image","twitter_misc":{"Precio":"15,90&euro; Iva incl\u00f2s","Availability":"Out of stock"},"schema":{"@context":"https:\/\/schema.org","@graph":[{"@type":"WebPage","@id":"https:\/\/somllavors.com\/es\/producte\/emotio-joc-de-cartes-per-treballar-emocions","url":"https:\/\/somllavors.com\/es\/producte\/emotio-joc-de-cartes-per-treballar-emocions","name":"Em\u00f6ti\u00f6 - Joc de cartes per treballar emocions &#8212; Som Llavors","isPartOf":{"@id":"https:\/\/somllavors.com\/es#website"},"primaryImageOfPage":{"@id":"https:\/\/somllavors.com\/es\/producte\/emotio-joc-de-cartes-per-treballar-emocions#primaryimage"},"image":{"@id":"https:\/\/somllavors.com\/es\/producte\/emotio-joc-de-cartes-per-treballar-emocions#primaryimage"},"thumbnailUrl":"https:\/\/somllavors.com\/wp-content\/uploads\/2023\/01\/Som-Llavors-EMOTIO.jpg","datePublished":"2023-01-20T16:39:37+00:00","dateModified":"2024-03-08T17:56:09+00:00","description":"Emotio est\u00e0 dissenyat per potenciar la Intel\u00b7lig\u00e8ncia Emocional. A trav\u00e9s del joc, fomentarem la seva acceptaci\u00f3 i comunicaci\u00f3, per facilitar el desenvolupament d'una bona autoestima, empatia i unes relacions socials adequades. Emotio permet treballar les compet\u00e8ncies emocionals seg\u00fcents: Consci\u00e8ncia Emocional: prendre consci\u00e8ncia de les pr\u00f2pies emocions, donar-los nom, comprendre les emocions alienes i prendre consci\u00e8ncia de la interacci\u00f3 entre Emoci\u00f3-Pensament-Comportament. Regulaci\u00f3 emocional: habilitats d\u201fafrontament, compet\u00e8ncies per autogenerar emocions agradables. Compet\u00e8ncia social: escoltar, respectar, compartir, desenvolupar comportament prosocial, fomentar assertivitat. Autonomia Emocional: actitud positiva, autoestima, automotivaci\u00f3. A m\u00e9s, permet reflexionar sobre els estereotips i la igualtat de g\u00e8nere sobre les emocions, gr\u00e0cies als seus dos personatges.&nbsp; &nbsp;","breadcrumb":{"@id":"https:\/\/somllavors.com\/es\/producte\/emotio-joc-de-cartes-per-treballar-emocions#breadcrumb"},"inLanguage":"es","potentialAction":[{"@type":"ReadAction","target":["https:\/\/somllavors.com\/es\/producte\/emotio-joc-de-cartes-per-treballar-emocions"]}]},{"@type":"ImageObject","inLanguage":"es","@id":"https:\/\/somllavors.com\/es\/producte\/emotio-joc-de-cartes-per-treballar-emocions#primaryimage","url":"https:\/\/somllavors.com\/wp-content\/uploads\/2023\/01\/Som-Llavors-EMOTIO.jpg","contentUrl":"https:\/\/somllavors.com\/wp-content\/uploads\/2023\/01\/Som-Llavors-EMOTIO.jpg","width":718,"height":635,"caption":"emotio inteligencia emocional"},{"@type":"BreadcrumbList","@id":"https:\/\/somllavors.com\/es\/producte\/emotio-joc-de-cartes-per-treballar-emocions#breadcrumb","itemListElement":[{"@type":"ListItem","position":1,"name":"Inici","item":"https:\/\/somllavors.com\/es"},{"@type":"ListItem","position":2,"name":"Tienda","item":"https:\/\/somllavors.com\/es\/botiga-2"},{"@type":"ListItem","position":3,"name":"Em\u00f6ti\u00f6 &#8211; Joc de cartes per treballar emocions"}]},{"@type":"WebSite","@id":"https:\/\/somllavors.com\/es#website","url":"https:\/\/somllavors.com\/es","name":"Som Llavors","description":"Botiga de crian\u00e7a natural","publisher":{"@id":"https:\/\/somllavors.com\/es#organization"},"alternateName":"Crian\u00e7a Natural i Sostenible","potentialAction":[{"@type":"SearchAction","target":{"@type":"EntryPoint","urlTemplate":"https:\/\/somllavors.com\/es?s={search_term_string}"},"query-input":{"@type":"PropertyValueSpecification","valueRequired":true,"valueName":"search_term_string"}}],"inLanguage":"es"},{"@type":["Organization","Place","Store"],"@id":"https:\/\/somllavors.com\/es#organization","name":"Som Llavors","alternateName":"Crian\u00e7a Natural i Sostenible","url":"https:\/\/somllavors.com\/es","logo":{"@id":"https:\/\/somllavors.com\/es\/producte\/emotio-joc-de-cartes-per-treballar-emocions#local-main-organization-logo"},"image":{"@id":"https:\/\/somllavors.com\/es\/producte\/emotio-joc-de-cartes-per-treballar-emocions#local-main-organization-logo"},"sameAs":["https:\/\/www.facebook.com\/somllavorsvng\/?locale=ca_ES","https:\/\/www.instagram.com\/somllavors_vng\/","https:\/\/www.youtube.com\/@somllavors"],"address":{"@id":"https:\/\/somllavors.com\/es\/producte\/emotio-joc-de-cartes-per-treballar-emocions#local-main-place-address"},"geo":{"@type":"GeoCoordinates","latitude":"41.2257737","longitude":"1.723258859"},"telephone":["623152704","623152704"],"openingHoursSpecification":[{"@type":"OpeningHoursSpecification","dayOfWeek":["Monday","Sunday"],"opens":"00:00","closes":"00:00"},{"@type":"OpeningHoursSpecification","dayOfWeek":["Tuesday","Wednesday","Thursday","Friday"],"opens":"10:00","closes":"20:00"},{"@type":"OpeningHoursSpecification","dayOfWeek":["Saturday"],"opens":"10:00","closes":"13:30"}],"email":"info@somllavors.com"},{"@type":"PostalAddress","@id":"https:\/\/somllavors.com\/es\/producte\/emotio-joc-de-cartes-per-treballar-emocions#local-main-place-address","streetAddress":"Carrer de l'aigua, 6","addressLocality":"Vilanova i la Geltr\u00fa","postalCode":"08800","addressRegion":"Barcelona","addressCountry":"ES"},{"@type":"ImageObject","inLanguage":"es","@id":"https:\/\/somllavors.com\/es\/producte\/emotio-joc-de-cartes-per-treballar-emocions#local-main-organization-logo","url":"https:\/\/somllavors.com\/wp-content\/uploads\/Logotip-Som-Llavors.jpg","contentUrl":"https:\/\/somllavors.com\/wp-content\/uploads\/Logotip-Som-Llavors.jpg","width":1444,"height":1323,"caption":"Som Llavors"}]},"product_price_amount":"15.90","product_price_currency":"EUR","og_availability":"out of stock","product_availability":"out of stock","product_retailer_item_id":"8437018229321","product_condition":"new","geo.placename":"Vilanova i la Geltr\u00fa","geo.position":{"lat":"41.2257737","long":"1.723258859"},"geo.region":"Espa\u00f1a"},"brands":[],"_links":{"self":[{"href":"https:\/\/somllavors.com\/es\/wp-json\/wp\/v2\/product\/32864","targetHints":{"allow":["GET"]}}],"collection":[{"href":"https:\/\/somllavors.com\/es\/wp-json\/wp\/v2\/product"}],"about":[{"href":"https:\/\/somllavors.com\/es\/wp-json\/wp\/v2\/types\/product"}],"wp:featuredmedia":[{"embeddable":true,"href":"https:\/\/somllavors.com\/es\/wp-json\/wp\/v2\/media\/32882"}],"wp:attachment":[{"href":"https:\/\/somllavors.com\/es\/wp-json\/wp\/v2\/media?parent=32864"}],"wp:term":[{"taxonomy":"pwb-brand","embeddable":true,"href":"https:\/\/somllavors.com\/es\/wp-json\/wp\/v2\/pwb-brand?post=32864"},{"taxonomy":"product_brand","embeddable":true,"href":"https:\/\/somllavors.com\/es\/wp-json\/wp\/v2\/product_brand?post=32864"},{"taxonomy":"product_cat","embeddable":true,"href":"https:\/\/somllavors.com\/es\/wp-json\/wp\/v2\/product_cat?post=32864"},{"taxonomy":"product_tag","embeddable":true,"href":"https:\/\/somllavors.com\/es\/wp-json\/wp\/v2\/product_tag?post=32864"}],"curies":[{"name":"wp","href":"https:\/\/api.w.org\/{rel}","templated":true}]}}