{"id":35202,"date":"2023-03-15T13:42:21","date_gmt":"2023-03-15T12:42:21","guid":{"rendered":"https:\/\/somllavors.com\/producto\/sandalias-madison-mostaza-flexi-nens\/"},"modified":"2024-04-13T20:07:19","modified_gmt":"2024-04-13T18:07:19","slug":"sandalias-madison-mostaza-flexi-nens","status":"publish","type":"product","link":"https:\/\/somllavors.com\/es\/producte\/sandalias-madison-mostaza-flexi-nens","title":{"rendered":"Sandalias Madison mostaza &#8211; Flexi Nens"},"content":{"rendered":"","protected":false},"excerpt":{"rendered":"<p>Desde NENS, una marca de calzado, han sacado la colecci\u00f3n de FLEXI NENS, una colecci\u00f3n de calzado 100% respetuoso ideales para los primeros pasos del ni\u00f1o. Es una marca que se adapta muy bien a pies anchas. De esta manera, como calzado respetuoso que es, cumple con las siguientes caracter\u00edsticas:<\/p>\n<ul>\n<li><strong>Puntera amplia<\/strong>: Con una puntera anat\u00f3mica y lo suficientemente ancha para que no le oprima los dedos y evitar deformaciones.<\/li>\n<li><span style=\"font-size: 16px;\"><strong>Suela fina<\/strong>: Gracias a la suela fina de un grosor entre 3mm y 5mm, el ni\u00f1o tendr\u00e1 un contacto pr\u00e1cticamente directo con el suelo, recibiendo as\u00ed toda la informaci\u00f3n del terreno.<\/span><\/li>\n<li><strong>Flexibles<\/strong>: Todos los modelos de esta colecci\u00f3n son completamente flexibles para permitir la total libertad de movimiento del pie del ni\u00f1o.<\/li>\n<li><strong>Ligeras<\/strong>: Un rasgo imprescindible para garantizar la comodidad. Tan ligeras que pensar\u00e1 que va descalzo.<\/li>\n<li><strong>Cero drop<\/strong>: La altura del zapato es igual desde la puntera en el tal\u00f3n. Esto favorece una pisada natural y una mejor alineaci\u00f3n de la espalda.<\/li>\n<li><strong>Respeta la forma natural del pie<\/strong>: Todas estas caracter\u00edsticas, sumadas a su plantilla extra\u00edble de espesor m\u00ednimo, a su ausencia de contrafuerte y al cierre de velcro, convierten a la colecci\u00f3n FLEXI NENS en zapatos 100% respetuosos con el crecimiento y el desarrollo de la forma natural del pie.<\/li>\n<\/ul>\n","protected":false},"featured_media":35113,"template":"","meta":{"_acf_changed":false,"site-sidebar-layout":"default","site-content-layout":"default","ast-site-content-layout":"default","site-content-style":"default","site-sidebar-style":"default","ast-global-header-display":"","ast-banner-title-visibility":"","ast-main-header-display":"","ast-hfb-above-header-display":"","ast-hfb-below-header-display":"","ast-hfb-mobile-header-display":"","site-post-title":"","ast-breadcrumbs-content":"","ast-featured-img":"","footer-sml-layout":"","theme-transparent-header-meta":"default","adv-header-id-meta":"","stick-header-meta":"","header-above-stick-meta":"","header-main-stick-meta":"","header-below-stick-meta":"","astra-migrate-meta-layouts":"default","ast-page-background-enabled":"default","ast-page-background-meta":{"desktop":{"background-color":"","background-image":"","background-repeat":"repeat","background-position":"center center","background-size":"auto","background-attachment":"scroll","background-type":"","background-media":"","overlay-type":"","overlay-color":"","overlay-opacity":"","overlay-gradient":""},"tablet":{"background-color":"","background-image":"","background-repeat":"repeat","background-position":"center center","background-size":"auto","background-attachment":"scroll","background-type":"","background-media":"","overlay-type":"","overlay-color":"","overlay-opacity":"","overlay-gradient":""},"mobile":{"background-color":"","background-image":"","background-repeat":"repeat","background-position":"center center","background-size":"auto","background-attachment":"scroll","background-type":"","background-media":"","overlay-type":"","overlay-color":"","overlay-opacity":"","overlay-gradient":""}},"ast-content-background-meta":{"desktop":{"background-color":"var(--ast-global-color-5)","background-image":"","background-repeat":"repeat","background-position":"center center","background-size":"auto","background-attachment":"scroll","background-type":"","background-media":"","overlay-type":"","overlay-color":"","overlay-opacity":"","overlay-gradient":""},"tablet":{"background-color":"var(--ast-global-color-5)","background-image":"","background-repeat":"repeat","background-position":"center center","background-size":"auto","background-attachment":"scroll","background-type":"","background-media":"","overlay-type":"","overlay-color":"","overlay-opacity":"","overlay-gradient":""},"mobile":{"background-color":"var(--ast-global-color-5)","background-image":"","background-repeat":"repeat","background-position":"center center","background-size":"auto","background-attachment":"scroll","background-type":"","background-media":"","overlay-type":"","overlay-color":"","overlay-opacity":"","overlay-gradient":""}}},"pwb-brand":[4101],"product_brand":[],"product_cat":[3759],"product_tag":[2453,2454,2455,3761,3760,3071],"class_list":{"0":"post-35202","1":"product","2":"type-product","3":"status-publish","4":"has-post-thumbnail","6":"pwb-brand-flexi-nens","7":"product_cat-flexi-nens-es","8":"product_tag-barefoot-es","9":"product_tag-calzado-respetuoso-es","10":"product_tag-calzado-respetuoso-es-2","11":"product_tag-vilanova-es","12":"product_tag-vilanova-i-la-geltru-es","13":"product_tag-zapatos-respetuosos-es","14":"pa_talla-24-es","15":"pa_talla-25-es","16":"pa_talla-26-es","17":"pa_talla-27-es","18":"pa_talla-28-es","19":"pa_talla-29-es","20":"pa_talla-30-es","21":"pa_talla-31-es","22":"pa_talla-32-es","23":"pa_talla-33-es","24":"desktop-align-left","25":"tablet-align-left","26":"mobile-align-left","28":"first","29":"instock","30":"sale","31":"taxable","32":"shipping-taxable","33":"purchasable","34":"product-type-variable"},"acf":[],"yoast_head":"<!-- This site is optimized with the Yoast SEO Premium plugin v18.3 (Yoast SEO v27.4) - https:\/\/yoast.com\/product\/yoast-seo-premium-wordpress\/ -->\n<title>Sandalias Madison mostaza - Flexi Nens &#8212; Som Llavors<\/title>\n<meta name=\"description\" content=\"Desde NENS, una marca de calzado, han sacado la colecci\u00f3n de FLEXI NENS, una colecci\u00f3n de calzado 100% respetuoso ideales para los primeros pasos del ni\u00f1o. Es una marca que se adapta muy bien a pies anchas. De esta manera, como calzado respetuoso que es, cumple con las siguientes caracter\u00edsticas:  Puntera amplia: Con una puntera anat\u00f3mica y lo suficientemente ancha para que no le oprima los dedos y evitar deformaciones.  Suela fina: Gracias a la suela fina de un grosor entre 3mm y 5mm, el ni\u00f1o tendr\u00e1 un contacto pr\u00e1cticamente directo con el suelo, recibiendo as\u00ed toda la informaci\u00f3n del terreno.  Flexibles: Todos los modelos de esta colecci\u00f3n son completamente flexibles para permitir la total libertad de movimiento del pie del ni\u00f1o.  Ligeras: Un rasgo imprescindible para garantizar la comodidad. Tan ligeras que pensar\u00e1 que va descalzo.  Cero drop: La altura del zapato es igual desde la puntera en el tal\u00f3n. Esto favorece una pisada natural y una mejor alineaci\u00f3n de la espalda.  Respeta la forma natural del pie: Todas estas caracter\u00edsticas, sumadas a su plantilla extra\u00edble de espesor m\u00ednimo, a su ausencia de contrafuerte y al cierre de velcro, convierten a la colecci\u00f3n FLEXI NENS en zapatos 100% respetuosos con el crecimiento y el desarrollo de la forma natural del pie.\" \/>\n<meta name=\"robots\" content=\"index, follow, max-snippet:-1, max-image-preview:large, max-video-preview:-1\" \/>\n<link rel=\"canonical\" href=\"https:\/\/somllavors.com\/es\/producte\/sandalias-madison-mostaza-flexi-nens\" \/>\n<meta property=\"og:locale\" content=\"es_ES\" \/>\n<meta property=\"og:type\" content=\"article\" \/>\n<meta property=\"og:title\" content=\"Sandalias Madison mostaza - Flexi Nens\" \/>\n<meta property=\"og:description\" content=\"La teva botiga d\u2019ecocrian\u00e7a i espai d\u2019acompanyament a la maternitat\" \/>\n<meta property=\"og:url\" content=\"https:\/\/somllavors.com\/es\/producte\/sandalias-madison-mostaza-flexi-nens\" \/>\n<meta property=\"og:site_name\" content=\"Som Llavors\" \/>\n<meta property=\"article:publisher\" content=\"https:\/\/www.facebook.com\/somllavorsvng\/?locale=ca_ES\" \/>\n<meta property=\"article:modified_time\" content=\"2024-04-13T18:07:19+00:00\" \/>\n<meta property=\"og:image\" content=\"https:\/\/somllavors.com\/wp-content\/uploads\/2023\/03\/9030-R-MADISON-MOSTAZA-scaled.jpg\" \/>\n\t<meta property=\"og:image:width\" content=\"2560\" \/>\n\t<meta property=\"og:image:height\" content=\"1920\" \/>\n\t<meta property=\"og:image:type\" content=\"image\/jpeg\" \/>\n<meta name=\"twitter:card\" content=\"summary_large_image\" \/>\n<meta name=\"twitter:label1\" content=\"Availability\" \/>\n\t<meta name=\"twitter:data1\" content=\"Hay existencias\" \/>\n<script type=\"application\/ld+json\" class=\"yoast-schema-graph\">{\"@context\":\"https:\\\/\\\/schema.org\",\"@graph\":[{\"@type\":\"WebPage\",\"@id\":\"https:\\\/\\\/somllavors.com\\\/es\\\/producte\\\/sandalias-madison-mostaza-flexi-nens\",\"url\":\"https:\\\/\\\/somllavors.com\\\/es\\\/producte\\\/sandalias-madison-mostaza-flexi-nens\",\"name\":\"Sandalias Madison mostaza - Flexi Nens &#8212; Som Llavors\",\"isPartOf\":{\"@id\":\"https:\\\/\\\/somllavors.com\\\/es#website\"},\"primaryImageOfPage\":{\"@id\":\"https:\\\/\\\/somllavors.com\\\/es\\\/producte\\\/sandalias-madison-mostaza-flexi-nens#primaryimage\"},\"image\":{\"@id\":\"https:\\\/\\\/somllavors.com\\\/es\\\/producte\\\/sandalias-madison-mostaza-flexi-nens#primaryimage\"},\"thumbnailUrl\":\"https:\\\/\\\/somllavors.com\\\/wp-content\\\/uploads\\\/2023\\\/03\\\/9030-R-MADISON-MOSTAZA-scaled.jpg\",\"datePublished\":\"2023-03-15T12:42:21+00:00\",\"dateModified\":\"2024-04-13T18:07:19+00:00\",\"description\":\"Desde NENS, una marca de calzado, han sacado la colecci\u00f3n de FLEXI NENS, una colecci\u00f3n de calzado 100% respetuoso ideales para los primeros pasos del ni\u00f1o. Es una marca que se adapta muy bien a pies anchas. De esta manera, como calzado respetuoso que es, cumple con las siguientes caracter\u00edsticas: Puntera amplia: Con una puntera anat\u00f3mica y lo suficientemente ancha para que no le oprima los dedos y evitar deformaciones. Suela fina: Gracias a la suela fina de un grosor entre 3mm y 5mm, el ni\u00f1o tendr\u00e1 un contacto pr\u00e1cticamente directo con el suelo, recibiendo as\u00ed toda la informaci\u00f3n del terreno. Flexibles: Todos los modelos de esta colecci\u00f3n son completamente flexibles para permitir la total libertad de movimiento del pie del ni\u00f1o. Ligeras: Un rasgo imprescindible para garantizar la comodidad. Tan ligeras que pensar\u00e1 que va descalzo. Cero drop: La altura del zapato es igual desde la puntera en el tal\u00f3n. Esto favorece una pisada natural y una mejor alineaci\u00f3n de la espalda. Respeta la forma natural del pie: Todas estas caracter\u00edsticas, sumadas a su plantilla extra\u00edble de espesor m\u00ednimo, a su ausencia de contrafuerte y al cierre de velcro, convierten a la colecci\u00f3n FLEXI NENS en zapatos 100% respetuosos con el crecimiento y el desarrollo de la forma natural del pie.\",\"breadcrumb\":{\"@id\":\"https:\\\/\\\/somllavors.com\\\/es\\\/producte\\\/sandalias-madison-mostaza-flexi-nens#breadcrumb\"},\"inLanguage\":\"es\",\"potentialAction\":[{\"@type\":\"ReadAction\",\"target\":[\"https:\\\/\\\/somllavors.com\\\/es\\\/producte\\\/sandalias-madison-mostaza-flexi-nens\"]}]},{\"@type\":\"ImageObject\",\"inLanguage\":\"es\",\"@id\":\"https:\\\/\\\/somllavors.com\\\/es\\\/producte\\\/sandalias-madison-mostaza-flexi-nens#primaryimage\",\"url\":\"https:\\\/\\\/somllavors.com\\\/wp-content\\\/uploads\\\/2023\\\/03\\\/9030-R-MADISON-MOSTAZA-scaled.jpg\",\"contentUrl\":\"https:\\\/\\\/somllavors.com\\\/wp-content\\\/uploads\\\/2023\\\/03\\\/9030-R-MADISON-MOSTAZA-scaled.jpg\",\"width\":2560,\"height\":1920,\"caption\":\"Flexi Nens calzado respetuoso vilanova i la geltr\u00fa garraf\"},{\"@type\":\"BreadcrumbList\",\"@id\":\"https:\\\/\\\/somllavors.com\\\/es\\\/producte\\\/sandalias-madison-mostaza-flexi-nens#breadcrumb\",\"itemListElement\":[{\"@type\":\"ListItem\",\"position\":1,\"name\":\"Inici\",\"item\":\"https:\\\/\\\/somllavors.com\\\/es\"},{\"@type\":\"ListItem\",\"position\":2,\"name\":\"Tienda\",\"item\":\"https:\\\/\\\/somllavors.com\\\/es\\\/botiga-2\"},{\"@type\":\"ListItem\",\"position\":3,\"name\":\"Sandalias Madison mostaza &#8211; Flexi Nens\"}]},{\"@type\":\"WebSite\",\"@id\":\"https:\\\/\\\/somllavors.com\\\/es#website\",\"url\":\"https:\\\/\\\/somllavors.com\\\/es\",\"name\":\"Som Llavors\",\"description\":\"Botiga de crian\u00e7a natural\",\"publisher\":{\"@id\":\"https:\\\/\\\/somllavors.com\\\/es#organization\"},\"alternateName\":\"Crian\u00e7a Natural i Sostenible\",\"potentialAction\":[{\"@type\":\"SearchAction\",\"target\":{\"@type\":\"EntryPoint\",\"urlTemplate\":\"https:\\\/\\\/somllavors.com\\\/es?s={search_term_string}\"},\"query-input\":{\"@type\":\"PropertyValueSpecification\",\"valueRequired\":true,\"valueName\":\"search_term_string\"}}],\"inLanguage\":\"es\"},{\"@type\":[\"Organization\",\"Place\",\"Store\"],\"@id\":\"https:\\\/\\\/somllavors.com\\\/es#organization\",\"name\":\"Som Llavors\",\"alternateName\":\"Crian\u00e7a Natural i Sostenible\",\"url\":\"https:\\\/\\\/somllavors.com\\\/es\",\"logo\":{\"@id\":\"https:\\\/\\\/somllavors.com\\\/es\\\/producte\\\/sandalias-madison-mostaza-flexi-nens#local-main-organization-logo\"},\"image\":{\"@id\":\"https:\\\/\\\/somllavors.com\\\/es\\\/producte\\\/sandalias-madison-mostaza-flexi-nens#local-main-organization-logo\"},\"sameAs\":[\"https:\\\/\\\/www.facebook.com\\\/somllavorsvng\\\/?locale=ca_ES\",\"https:\\\/\\\/www.instagram.com\\\/somllavors_vng\\\/\",\"https:\\\/\\\/www.youtube.com\\\/@somllavors\"],\"address\":{\"@id\":\"https:\\\/\\\/somllavors.com\\\/es\\\/producte\\\/sandalias-madison-mostaza-flexi-nens#local-main-place-address\"},\"geo\":{\"@type\":\"GeoCoordinates\",\"latitude\":\"41.2257737\",\"longitude\":\"1.723258859\"},\"telephone\":[\"623152704\"],\"openingHoursSpecification\":[{\"@type\":\"OpeningHoursSpecification\",\"dayOfWeek\":[\"Monday\",\"Sunday\"],\"opens\":\"00:00\",\"closes\":\"00:00\"},{\"@type\":\"OpeningHoursSpecification\",\"dayOfWeek\":[\"Tuesday\",\"Wednesday\",\"Thursday\",\"Friday\"],\"opens\":\"10:00\",\"closes\":\"20:00\"},{\"@type\":\"OpeningHoursSpecification\",\"dayOfWeek\":[\"Saturday\"],\"opens\":\"10:00\",\"closes\":\"13:30\"}],\"email\":\"info@somllavors.com\"},{\"@type\":\"PostalAddress\",\"@id\":\"https:\\\/\\\/somllavors.com\\\/es\\\/producte\\\/sandalias-madison-mostaza-flexi-nens#local-main-place-address\",\"streetAddress\":\"Carrer de l'aigua, 6\",\"addressLocality\":\"Vilanova i la Geltr\u00fa\",\"postalCode\":\"08800\",\"addressRegion\":\"Barcelona\",\"addressCountry\":\"ES\"},{\"@type\":\"ImageObject\",\"inLanguage\":\"es\",\"@id\":\"https:\\\/\\\/somllavors.com\\\/es\\\/producte\\\/sandalias-madison-mostaza-flexi-nens#local-main-organization-logo\",\"url\":\"https:\\\/\\\/somllavors.com\\\/wp-content\\\/uploads\\\/Logotip-Som-Llavors.jpg\",\"contentUrl\":\"https:\\\/\\\/somllavors.com\\\/wp-content\\\/uploads\\\/Logotip-Som-Llavors.jpg\",\"width\":1444,\"height\":1323,\"caption\":\"Som Llavors\"}]}<\/script>\n<meta property=\"og:availability\" content=\"instock\" \/>\n<meta property=\"product:availability\" content=\"instock\" \/>\n<meta property=\"product:condition\" content=\"new\" \/>\n<meta name=\"geo.placename\" content=\"Vilanova i la Geltr\u00fa\" \/>\n<meta name=\"geo.position\" content=\"41.2257737;1.723258859\" \/>\n<meta name=\"geo.region\" content=\"Espa\u00f1a\" \/>\n<!-- \/ Yoast SEO Premium plugin. -->","yoast_head_json":{"title":"Sandalias Madison mostaza - Flexi Nens &#8212; Som Llavors","description":"Desde NENS, una marca de calzado, han sacado la colecci\u00f3n de FLEXI NENS, una colecci\u00f3n de calzado 100% respetuoso ideales para los primeros pasos del ni\u00f1o. Es una marca que se adapta muy bien a pies anchas. De esta manera, como calzado respetuoso que es, cumple con las siguientes caracter\u00edsticas:  Puntera amplia: Con una puntera anat\u00f3mica y lo suficientemente ancha para que no le oprima los dedos y evitar deformaciones.  Suela fina: Gracias a la suela fina de un grosor entre 3mm y 5mm, el ni\u00f1o tendr\u00e1 un contacto pr\u00e1cticamente directo con el suelo, recibiendo as\u00ed toda la informaci\u00f3n del terreno.  Flexibles: Todos los modelos de esta colecci\u00f3n son completamente flexibles para permitir la total libertad de movimiento del pie del ni\u00f1o.  Ligeras: Un rasgo imprescindible para garantizar la comodidad. Tan ligeras que pensar\u00e1 que va descalzo.  Cero drop: La altura del zapato es igual desde la puntera en el tal\u00f3n. Esto favorece una pisada natural y una mejor alineaci\u00f3n de la espalda.  Respeta la forma natural del pie: Todas estas caracter\u00edsticas, sumadas a su plantilla extra\u00edble de espesor m\u00ednimo, a su ausencia de contrafuerte y al cierre de velcro, convierten a la colecci\u00f3n FLEXI NENS en zapatos 100% respetuosos con el crecimiento y el desarrollo de la forma natural del pie.","robots":{"index":"index","follow":"follow","max-snippet":"max-snippet:-1","max-image-preview":"max-image-preview:large","max-video-preview":"max-video-preview:-1"},"canonical":"https:\/\/somllavors.com\/es\/producte\/sandalias-madison-mostaza-flexi-nens","og_locale":"es_ES","og_type":"article","og_title":"Sandalias Madison mostaza - Flexi Nens","og_description":"La teva botiga d\u2019ecocrian\u00e7a i espai d\u2019acompanyament a la maternitat","og_url":"https:\/\/somllavors.com\/es\/producte\/sandalias-madison-mostaza-flexi-nens","og_site_name":"Som Llavors","article_publisher":"https:\/\/www.facebook.com\/somllavorsvng\/?locale=ca_ES","article_modified_time":"2024-04-13T18:07:19+00:00","og_image":[{"width":2560,"height":1920,"url":"https:\/\/somllavors.com\/wp-content\/uploads\/2023\/03\/9030-R-MADISON-MOSTAZA-scaled.jpg","type":"image\/jpeg"}],"twitter_card":"summary_large_image","twitter_misc":{"Availability":"Hay existencias"},"schema":{"@context":"https:\/\/schema.org","@graph":[{"@type":"WebPage","@id":"https:\/\/somllavors.com\/es\/producte\/sandalias-madison-mostaza-flexi-nens","url":"https:\/\/somllavors.com\/es\/producte\/sandalias-madison-mostaza-flexi-nens","name":"Sandalias Madison mostaza - Flexi Nens &#8212; Som Llavors","isPartOf":{"@id":"https:\/\/somllavors.com\/es#website"},"primaryImageOfPage":{"@id":"https:\/\/somllavors.com\/es\/producte\/sandalias-madison-mostaza-flexi-nens#primaryimage"},"image":{"@id":"https:\/\/somllavors.com\/es\/producte\/sandalias-madison-mostaza-flexi-nens#primaryimage"},"thumbnailUrl":"https:\/\/somllavors.com\/wp-content\/uploads\/2023\/03\/9030-R-MADISON-MOSTAZA-scaled.jpg","datePublished":"2023-03-15T12:42:21+00:00","dateModified":"2024-04-13T18:07:19+00:00","description":"Desde NENS, una marca de calzado, han sacado la colecci\u00f3n de FLEXI NENS, una colecci\u00f3n de calzado 100% respetuoso ideales para los primeros pasos del ni\u00f1o. Es una marca que se adapta muy bien a pies anchas. De esta manera, como calzado respetuoso que es, cumple con las siguientes caracter\u00edsticas: Puntera amplia: Con una puntera anat\u00f3mica y lo suficientemente ancha para que no le oprima los dedos y evitar deformaciones. Suela fina: Gracias a la suela fina de un grosor entre 3mm y 5mm, el ni\u00f1o tendr\u00e1 un contacto pr\u00e1cticamente directo con el suelo, recibiendo as\u00ed toda la informaci\u00f3n del terreno. Flexibles: Todos los modelos de esta colecci\u00f3n son completamente flexibles para permitir la total libertad de movimiento del pie del ni\u00f1o. Ligeras: Un rasgo imprescindible para garantizar la comodidad. Tan ligeras que pensar\u00e1 que va descalzo. Cero drop: La altura del zapato es igual desde la puntera en el tal\u00f3n. Esto favorece una pisada natural y una mejor alineaci\u00f3n de la espalda. Respeta la forma natural del pie: Todas estas caracter\u00edsticas, sumadas a su plantilla extra\u00edble de espesor m\u00ednimo, a su ausencia de contrafuerte y al cierre de velcro, convierten a la colecci\u00f3n FLEXI NENS en zapatos 100% respetuosos con el crecimiento y el desarrollo de la forma natural del pie.","breadcrumb":{"@id":"https:\/\/somllavors.com\/es\/producte\/sandalias-madison-mostaza-flexi-nens#breadcrumb"},"inLanguage":"es","potentialAction":[{"@type":"ReadAction","target":["https:\/\/somllavors.com\/es\/producte\/sandalias-madison-mostaza-flexi-nens"]}]},{"@type":"ImageObject","inLanguage":"es","@id":"https:\/\/somllavors.com\/es\/producte\/sandalias-madison-mostaza-flexi-nens#primaryimage","url":"https:\/\/somllavors.com\/wp-content\/uploads\/2023\/03\/9030-R-MADISON-MOSTAZA-scaled.jpg","contentUrl":"https:\/\/somllavors.com\/wp-content\/uploads\/2023\/03\/9030-R-MADISON-MOSTAZA-scaled.jpg","width":2560,"height":1920,"caption":"Flexi Nens calzado respetuoso vilanova i la geltr\u00fa garraf"},{"@type":"BreadcrumbList","@id":"https:\/\/somllavors.com\/es\/producte\/sandalias-madison-mostaza-flexi-nens#breadcrumb","itemListElement":[{"@type":"ListItem","position":1,"name":"Inici","item":"https:\/\/somllavors.com\/es"},{"@type":"ListItem","position":2,"name":"Tienda","item":"https:\/\/somllavors.com\/es\/botiga-2"},{"@type":"ListItem","position":3,"name":"Sandalias Madison mostaza &#8211; Flexi Nens"}]},{"@type":"WebSite","@id":"https:\/\/somllavors.com\/es#website","url":"https:\/\/somllavors.com\/es","name":"Som Llavors","description":"Botiga de crian\u00e7a natural","publisher":{"@id":"https:\/\/somllavors.com\/es#organization"},"alternateName":"Crian\u00e7a Natural i Sostenible","potentialAction":[{"@type":"SearchAction","target":{"@type":"EntryPoint","urlTemplate":"https:\/\/somllavors.com\/es?s={search_term_string}"},"query-input":{"@type":"PropertyValueSpecification","valueRequired":true,"valueName":"search_term_string"}}],"inLanguage":"es"},{"@type":["Organization","Place","Store"],"@id":"https:\/\/somllavors.com\/es#organization","name":"Som Llavors","alternateName":"Crian\u00e7a Natural i Sostenible","url":"https:\/\/somllavors.com\/es","logo":{"@id":"https:\/\/somllavors.com\/es\/producte\/sandalias-madison-mostaza-flexi-nens#local-main-organization-logo"},"image":{"@id":"https:\/\/somllavors.com\/es\/producte\/sandalias-madison-mostaza-flexi-nens#local-main-organization-logo"},"sameAs":["https:\/\/www.facebook.com\/somllavorsvng\/?locale=ca_ES","https:\/\/www.instagram.com\/somllavors_vng\/","https:\/\/www.youtube.com\/@somllavors"],"address":{"@id":"https:\/\/somllavors.com\/es\/producte\/sandalias-madison-mostaza-flexi-nens#local-main-place-address"},"geo":{"@type":"GeoCoordinates","latitude":"41.2257737","longitude":"1.723258859"},"telephone":["623152704","623152704"],"openingHoursSpecification":[{"@type":"OpeningHoursSpecification","dayOfWeek":["Monday","Sunday"],"opens":"00:00","closes":"00:00"},{"@type":"OpeningHoursSpecification","dayOfWeek":["Tuesday","Wednesday","Thursday","Friday"],"opens":"10:00","closes":"20:00"},{"@type":"OpeningHoursSpecification","dayOfWeek":["Saturday"],"opens":"10:00","closes":"13:30"}],"email":"info@somllavors.com"},{"@type":"PostalAddress","@id":"https:\/\/somllavors.com\/es\/producte\/sandalias-madison-mostaza-flexi-nens#local-main-place-address","streetAddress":"Carrer de l'aigua, 6","addressLocality":"Vilanova i la Geltr\u00fa","postalCode":"08800","addressRegion":"Barcelona","addressCountry":"ES"},{"@type":"ImageObject","inLanguage":"es","@id":"https:\/\/somllavors.com\/es\/producte\/sandalias-madison-mostaza-flexi-nens#local-main-organization-logo","url":"https:\/\/somllavors.com\/wp-content\/uploads\/Logotip-Som-Llavors.jpg","contentUrl":"https:\/\/somllavors.com\/wp-content\/uploads\/Logotip-Som-Llavors.jpg","width":1444,"height":1323,"caption":"Som Llavors"}]},"og_availability":"instock","product_availability":"instock","product_condition":"new","geo.placename":"Vilanova i la Geltr\u00fa","geo.position":{"lat":"41.2257737","long":"1.723258859"},"geo.region":"Espa\u00f1a"},"brands":[{"id":4101,"name":"Flexi Nens","slug":"flexi-nens"}],"_links":{"self":[{"href":"https:\/\/somllavors.com\/es\/wp-json\/wp\/v2\/product\/35202","targetHints":{"allow":["GET"]}}],"collection":[{"href":"https:\/\/somllavors.com\/es\/wp-json\/wp\/v2\/product"}],"about":[{"href":"https:\/\/somllavors.com\/es\/wp-json\/wp\/v2\/types\/product"}],"wp:featuredmedia":[{"embeddable":true,"href":"https:\/\/somllavors.com\/es\/wp-json\/wp\/v2\/media\/35113"}],"wp:attachment":[{"href":"https:\/\/somllavors.com\/es\/wp-json\/wp\/v2\/media?parent=35202"}],"wp:term":[{"taxonomy":"pwb-brand","embeddable":true,"href":"https:\/\/somllavors.com\/es\/wp-json\/wp\/v2\/pwb-brand?post=35202"},{"taxonomy":"product_brand","embeddable":true,"href":"https:\/\/somllavors.com\/es\/wp-json\/wp\/v2\/product_brand?post=35202"},{"taxonomy":"product_cat","embeddable":true,"href":"https:\/\/somllavors.com\/es\/wp-json\/wp\/v2\/product_cat?post=35202"},{"taxonomy":"product_tag","embeddable":true,"href":"https:\/\/somllavors.com\/es\/wp-json\/wp\/v2\/product_tag?post=35202"}],"curies":[{"name":"wp","href":"https:\/\/api.w.org\/{rel}","templated":true}]}}