{"id":35498,"date":"2023-03-17T18:45:35","date_gmt":"2023-03-17T17:45:35","guid":{"rendered":"https:\/\/somllavors.com\/?post_type=product&#038;p=35498"},"modified":"2023-03-21T10:43:04","modified_gmt":"2023-03-21T09:43:04","slug":"quan-la-kalina-toca-el-violi","status":"publish","type":"product","link":"https:\/\/somllavors.com\/es\/producte\/quan-la-kalina-toca-el-violi","title":{"rendered":"Quan la Kalina toca el viol\u00ed"},"content":{"rendered":"","protected":false},"excerpt":{"rendered":"<p>Quan la Kalina toca el viol\u00ed, u<strong>n conte sobre la necessitat de fugir de la guerra i el poder de la m\u00fasica, que uneix pobles i persones.<\/strong><\/p>\n<p>La Kalina arriba a una nova ciutat amb una petita motxilla i el seu viol\u00ed. Ha hagut d\u2019abandonar casa seva perqu\u00e8 el seu pa\u00eds est\u00e0 en guerra.<\/p>\n<p>La vida en aquesta nova ciutat no \u00e9s f\u00e0cil. Els seus companys de classe de seguida s\u2019adonen que \u00e9s diferent, i alguns es riuen d\u2019ella.<\/p>\n<p>Per\u00f2 un dia, quan \u00e9s a l\u2019escola, la Kalina treu el seu viol\u00ed i comen\u00e7a a tocar una melodia trista i alegre alhora.<\/p>\n<p>Quines ganes de ballar que senten, de sobte, tots els infants de la classe! Perqu\u00e8, tot i que aquesta can\u00e7\u00f3 no t\u00e9 paraules, els parla amb un llenguatge que tots poden entendre.<\/p>\n<p>Edat recomanada: a partir de 5 anys.<\/p>\n","protected":false},"featured_media":35718,"template":"","meta":{"_acf_changed":false,"site-sidebar-layout":"default","site-content-layout":"default","ast-site-content-layout":"default","site-content-style":"default","site-sidebar-style":"default","ast-global-header-display":"","ast-banner-title-visibility":"","ast-main-header-display":"","ast-hfb-above-header-display":"","ast-hfb-below-header-display":"","ast-hfb-mobile-header-display":"","site-post-title":"","ast-breadcrumbs-content":"","ast-featured-img":"","footer-sml-layout":"","ast-disable-related-posts":"","theme-transparent-header-meta":"default","adv-header-id-meta":"","stick-header-meta":"","header-above-stick-meta":"","header-main-stick-meta":"","header-below-stick-meta":"","astra-migrate-meta-layouts":"default","ast-page-background-enabled":"default","ast-page-background-meta":{"desktop":{"background-color":"","background-image":"","background-repeat":"repeat","background-position":"center center","background-size":"auto","background-attachment":"scroll","background-type":"","background-media":"","overlay-type":"","overlay-color":"","overlay-opacity":"","overlay-gradient":""},"tablet":{"background-color":"","background-image":"","background-repeat":"repeat","background-position":"center center","background-size":"auto","background-attachment":"scroll","background-type":"","background-media":"","overlay-type":"","overlay-color":"","overlay-opacity":"","overlay-gradient":""},"mobile":{"background-color":"","background-image":"","background-repeat":"repeat","background-position":"center center","background-size":"auto","background-attachment":"scroll","background-type":"","background-media":"","overlay-type":"","overlay-color":"","overlay-opacity":"","overlay-gradient":""}},"ast-content-background-meta":{"desktop":{"background-color":"var(--ast-global-color-5)","background-image":"","background-repeat":"repeat","background-position":"center center","background-size":"auto","background-attachment":"scroll","background-type":"","background-media":"","overlay-type":"","overlay-color":"","overlay-opacity":"","overlay-gradient":""},"tablet":{"background-color":"var(--ast-global-color-5)","background-image":"","background-repeat":"repeat","background-position":"center center","background-size":"auto","background-attachment":"scroll","background-type":"","background-media":"","overlay-type":"","overlay-color":"","overlay-opacity":"","overlay-gradient":""},"mobile":{"background-color":"var(--ast-global-color-5)","background-image":"","background-repeat":"repeat","background-position":"center center","background-size":"auto","background-attachment":"scroll","background-type":"","background-media":"","overlay-type":"","overlay-color":"","overlay-opacity":"","overlay-gradient":""}}},"pwb-brand":[],"product_brand":[],"product_cat":[567],"product_tag":[741,3766,3765],"class_list":{"0":"post-35498","1":"product","2":"type-product","3":"status-publish","4":"has-post-thumbnail","6":"product_cat-infantils","7":"product_tag-conte","8":"product_tag-ing","9":"product_tag-majuscules","10":"desktop-align-left","11":"tablet-align-left","12":"mobile-align-left","14":"first","15":"instock","16":"taxable","17":"shipping-taxable","18":"purchasable","19":"product-type-simple"},"acf":[],"yoast_head":"<!-- This site is optimized with the Yoast SEO Premium plugin v18.3 (Yoast SEO v27.4) - https:\/\/yoast.com\/product\/yoast-seo-premium-wordpress\/ -->\n<title>Quan la Kalina toca el viol\u00ed &#8212; Som Llavors<\/title>\n<meta name=\"description\" content=\"Quan la Kalina toca el viol\u00ed, un conte sobre la necessitat de fugir de la guerra i el poder de la m\u00fasica, que uneix pobles i persones.  La Kalina arriba a una nova ciutat amb una petita motxilla i el seu viol\u00ed. Ha hagut d\u2019abandonar casa seva perqu\u00e8 el seu pa\u00eds est\u00e0 en guerra.  La vida en aquesta nova ciutat no \u00e9s f\u00e0cil. Els seus companys de classe de seguida s\u2019adonen que \u00e9s diferent, i alguns es riuen d\u2019ella.  Per\u00f2 un dia, quan \u00e9s a l\u2019escola, la Kalina treu el seu viol\u00ed i comen\u00e7a a tocar una melodia trista i alegre alhora.  Quines ganes de ballar que senten, de sobte, tots els infants de la classe! Perqu\u00e8, tot i que aquesta can\u00e7\u00f3 no t\u00e9 paraules, els parla amb un llenguatge que tots poden entendre.  Edat recomanada: a partir de 5 anys.\" \/>\n<meta name=\"robots\" content=\"index, follow, max-snippet:-1, max-image-preview:large, max-video-preview:-1\" \/>\n<link rel=\"canonical\" href=\"https:\/\/somllavors.com\/es\/producte\/quan-la-kalina-toca-el-violi\" \/>\n<meta property=\"og:locale\" content=\"es_ES\" \/>\n<meta property=\"og:type\" content=\"article\" \/>\n<meta property=\"og:title\" content=\"Quan la Kalina toca el viol\u00ed\" \/>\n<meta property=\"og:description\" content=\"La teva botiga d\u2019ecocrian\u00e7a i espai d\u2019acompanyament a la maternitat\" \/>\n<meta property=\"og:url\" content=\"https:\/\/somllavors.com\/es\/producte\/quan-la-kalina-toca-el-violi\" \/>\n<meta property=\"og:site_name\" content=\"Som Llavors\" \/>\n<meta property=\"article:publisher\" content=\"https:\/\/www.facebook.com\/somllavorsvng\/?locale=ca_ES\" \/>\n<meta property=\"article:modified_time\" content=\"2023-03-21T09:43:04+00:00\" \/>\n<meta property=\"og:image\" content=\"https:\/\/somllavors.com\/wp-content\/uploads\/2023\/03\/Som-Llavors-Quan-la-Kalina-toca-el-violi.webp\" \/>\n\t<meta property=\"og:image:width\" content=\"1280\" \/>\n\t<meta property=\"og:image:height\" content=\"1280\" \/>\n\t<meta property=\"og:image:type\" content=\"image\/webp\" \/>\n<meta name=\"twitter:card\" content=\"summary_large_image\" \/>\n<meta name=\"twitter:label1\" content=\"Precio\" \/>\n\t<meta name=\"twitter:data1\" content=\"14,30&euro; Iva incl\u00f2s\" \/>\n\t<meta name=\"twitter:label2\" content=\"Availability\" \/>\n\t<meta name=\"twitter:data2\" content=\"Hay existencias\" \/>\n<script type=\"application\/ld+json\" class=\"yoast-schema-graph\">{\"@context\":\"https:\\\/\\\/schema.org\",\"@graph\":[{\"@type\":\"WebPage\",\"@id\":\"https:\\\/\\\/somllavors.com\\\/es\\\/producte\\\/quan-la-kalina-toca-el-violi\",\"url\":\"https:\\\/\\\/somllavors.com\\\/es\\\/producte\\\/quan-la-kalina-toca-el-violi\",\"name\":\"Quan la Kalina toca el viol\u00ed &#8212; Som Llavors\",\"isPartOf\":{\"@id\":\"https:\\\/\\\/somllavors.com\\\/es#website\"},\"primaryImageOfPage\":{\"@id\":\"https:\\\/\\\/somllavors.com\\\/es\\\/producte\\\/quan-la-kalina-toca-el-violi#primaryimage\"},\"image\":{\"@id\":\"https:\\\/\\\/somllavors.com\\\/es\\\/producte\\\/quan-la-kalina-toca-el-violi#primaryimage\"},\"thumbnailUrl\":\"https:\\\/\\\/somllavors.com\\\/wp-content\\\/uploads\\\/2023\\\/03\\\/Som-Llavors-Quan-la-Kalina-toca-el-violi.webp\",\"datePublished\":\"2023-03-17T17:45:35+00:00\",\"dateModified\":\"2023-03-21T09:43:04+00:00\",\"description\":\"Quan la Kalina toca el viol\u00ed, un conte sobre la necessitat de fugir de la guerra i el poder de la m\u00fasica, que uneix pobles i persones. La Kalina arriba a una nova ciutat amb una petita motxilla i el seu viol\u00ed. Ha hagut d\u2019abandonar casa seva perqu\u00e8 el seu pa\u00eds est\u00e0 en guerra. La vida en aquesta nova ciutat no \u00e9s f\u00e0cil. Els seus companys de classe de seguida s\u2019adonen que \u00e9s diferent, i alguns es riuen d\u2019ella. Per\u00f2 un dia, quan \u00e9s a l\u2019escola, la Kalina treu el seu viol\u00ed i comen\u00e7a a tocar una melodia trista i alegre alhora. Quines ganes de ballar que senten, de sobte, tots els infants de la classe! Perqu\u00e8, tot i que aquesta can\u00e7\u00f3 no t\u00e9 paraules, els parla amb un llenguatge que tots poden entendre. Edat recomanada: a partir de 5 anys.\",\"breadcrumb\":{\"@id\":\"https:\\\/\\\/somllavors.com\\\/es\\\/producte\\\/quan-la-kalina-toca-el-violi#breadcrumb\"},\"inLanguage\":\"es\",\"potentialAction\":[{\"@type\":\"ReadAction\",\"target\":[\"https:\\\/\\\/somllavors.com\\\/es\\\/producte\\\/quan-la-kalina-toca-el-violi\"]}]},{\"@type\":\"ImageObject\",\"inLanguage\":\"es\",\"@id\":\"https:\\\/\\\/somllavors.com\\\/es\\\/producte\\\/quan-la-kalina-toca-el-violi#primaryimage\",\"url\":\"https:\\\/\\\/somllavors.com\\\/wp-content\\\/uploads\\\/2023\\\/03\\\/Som-Llavors-Quan-la-Kalina-toca-el-violi.webp\",\"contentUrl\":\"https:\\\/\\\/somllavors.com\\\/wp-content\\\/uploads\\\/2023\\\/03\\\/Som-Llavors-Quan-la-Kalina-toca-el-violi.webp\",\"width\":1280,\"height\":1280,\"caption\":\"contes educatius en catal\u00e0\"},{\"@type\":\"BreadcrumbList\",\"@id\":\"https:\\\/\\\/somllavors.com\\\/es\\\/producte\\\/quan-la-kalina-toca-el-violi#breadcrumb\",\"itemListElement\":[{\"@type\":\"ListItem\",\"position\":1,\"name\":\"Inici\",\"item\":\"https:\\\/\\\/somllavors.com\\\/es\"},{\"@type\":\"ListItem\",\"position\":2,\"name\":\"Tienda\",\"item\":\"https:\\\/\\\/somllavors.com\\\/es\\\/botiga-2\"},{\"@type\":\"ListItem\",\"position\":3,\"name\":\"Quan la Kalina toca el viol\u00ed\"}]},{\"@type\":\"WebSite\",\"@id\":\"https:\\\/\\\/somllavors.com\\\/es#website\",\"url\":\"https:\\\/\\\/somllavors.com\\\/es\",\"name\":\"Som Llavors\",\"description\":\"Botiga de crian\u00e7a natural\",\"publisher\":{\"@id\":\"https:\\\/\\\/somllavors.com\\\/es#organization\"},\"alternateName\":\"Crian\u00e7a Natural i Sostenible\",\"potentialAction\":[{\"@type\":\"SearchAction\",\"target\":{\"@type\":\"EntryPoint\",\"urlTemplate\":\"https:\\\/\\\/somllavors.com\\\/es?s={search_term_string}\"},\"query-input\":{\"@type\":\"PropertyValueSpecification\",\"valueRequired\":true,\"valueName\":\"search_term_string\"}}],\"inLanguage\":\"es\"},{\"@type\":[\"Organization\",\"Place\",\"Store\"],\"@id\":\"https:\\\/\\\/somllavors.com\\\/es#organization\",\"name\":\"Som Llavors\",\"alternateName\":\"Crian\u00e7a Natural i Sostenible\",\"url\":\"https:\\\/\\\/somllavors.com\\\/es\",\"logo\":{\"@id\":\"https:\\\/\\\/somllavors.com\\\/es\\\/producte\\\/quan-la-kalina-toca-el-violi#local-main-organization-logo\"},\"image\":{\"@id\":\"https:\\\/\\\/somllavors.com\\\/es\\\/producte\\\/quan-la-kalina-toca-el-violi#local-main-organization-logo\"},\"sameAs\":[\"https:\\\/\\\/www.facebook.com\\\/somllavorsvng\\\/?locale=ca_ES\",\"https:\\\/\\\/www.instagram.com\\\/somllavors_vng\\\/\",\"https:\\\/\\\/www.youtube.com\\\/@somllavors\"],\"address\":{\"@id\":\"https:\\\/\\\/somllavors.com\\\/es\\\/producte\\\/quan-la-kalina-toca-el-violi#local-main-place-address\"},\"geo\":{\"@type\":\"GeoCoordinates\",\"latitude\":\"41.2257737\",\"longitude\":\"1.723258859\"},\"telephone\":[\"623152704\"],\"openingHoursSpecification\":[{\"@type\":\"OpeningHoursSpecification\",\"dayOfWeek\":[\"Monday\",\"Sunday\"],\"opens\":\"00:00\",\"closes\":\"00:00\"},{\"@type\":\"OpeningHoursSpecification\",\"dayOfWeek\":[\"Tuesday\",\"Wednesday\",\"Thursday\",\"Friday\"],\"opens\":\"10:00\",\"closes\":\"20:00\"},{\"@type\":\"OpeningHoursSpecification\",\"dayOfWeek\":[\"Saturday\"],\"opens\":\"10:00\",\"closes\":\"13:30\"}],\"email\":\"info@somllavors.com\"},{\"@type\":\"PostalAddress\",\"@id\":\"https:\\\/\\\/somllavors.com\\\/es\\\/producte\\\/quan-la-kalina-toca-el-violi#local-main-place-address\",\"streetAddress\":\"Carrer de l'aigua, 6\",\"addressLocality\":\"Vilanova i la Geltr\u00fa\",\"postalCode\":\"08800\",\"addressRegion\":\"Barcelona\",\"addressCountry\":\"ES\"},{\"@type\":\"ImageObject\",\"inLanguage\":\"es\",\"@id\":\"https:\\\/\\\/somllavors.com\\\/es\\\/producte\\\/quan-la-kalina-toca-el-violi#local-main-organization-logo\",\"url\":\"https:\\\/\\\/somllavors.com\\\/wp-content\\\/uploads\\\/Logotip-Som-Llavors.jpg\",\"contentUrl\":\"https:\\\/\\\/somllavors.com\\\/wp-content\\\/uploads\\\/Logotip-Som-Llavors.jpg\",\"width\":1444,\"height\":1323,\"caption\":\"Som Llavors\"}]}<\/script>\n<meta property=\"product:price:amount\" content=\"14.30\" \/>\n<meta property=\"product:price:currency\" content=\"EUR\" \/>\n<meta property=\"og:availability\" content=\"instock\" \/>\n<meta property=\"product:availability\" content=\"instock\" \/>\n<meta property=\"product:retailer_item_id\" content=\"9788412513721\" \/>\n<meta property=\"product:condition\" content=\"new\" \/>\n<meta name=\"geo.placename\" content=\"Vilanova i la Geltr\u00fa\" \/>\n<meta name=\"geo.position\" content=\"41.2257737;1.723258859\" \/>\n<meta name=\"geo.region\" content=\"Espa\u00f1a\" \/>\n<!-- \/ Yoast SEO Premium plugin. -->","yoast_head_json":{"title":"Quan la Kalina toca el viol\u00ed &#8212; Som Llavors","description":"Quan la Kalina toca el viol\u00ed, un conte sobre la necessitat de fugir de la guerra i el poder de la m\u00fasica, que uneix pobles i persones.  La Kalina arriba a una nova ciutat amb una petita motxilla i el seu viol\u00ed. Ha hagut d\u2019abandonar casa seva perqu\u00e8 el seu pa\u00eds est\u00e0 en guerra.  La vida en aquesta nova ciutat no \u00e9s f\u00e0cil. Els seus companys de classe de seguida s\u2019adonen que \u00e9s diferent, i alguns es riuen d\u2019ella.  Per\u00f2 un dia, quan \u00e9s a l\u2019escola, la Kalina treu el seu viol\u00ed i comen\u00e7a a tocar una melodia trista i alegre alhora.  Quines ganes de ballar que senten, de sobte, tots els infants de la classe! Perqu\u00e8, tot i que aquesta can\u00e7\u00f3 no t\u00e9 paraules, els parla amb un llenguatge que tots poden entendre.  Edat recomanada: a partir de 5 anys.","robots":{"index":"index","follow":"follow","max-snippet":"max-snippet:-1","max-image-preview":"max-image-preview:large","max-video-preview":"max-video-preview:-1"},"canonical":"https:\/\/somllavors.com\/es\/producte\/quan-la-kalina-toca-el-violi","og_locale":"es_ES","og_type":"article","og_title":"Quan la Kalina toca el viol\u00ed","og_description":"La teva botiga d\u2019ecocrian\u00e7a i espai d\u2019acompanyament a la maternitat","og_url":"https:\/\/somllavors.com\/es\/producte\/quan-la-kalina-toca-el-violi","og_site_name":"Som Llavors","article_publisher":"https:\/\/www.facebook.com\/somllavorsvng\/?locale=ca_ES","article_modified_time":"2023-03-21T09:43:04+00:00","og_image":[{"width":1280,"height":1280,"url":"https:\/\/somllavors.com\/wp-content\/uploads\/2023\/03\/Som-Llavors-Quan-la-Kalina-toca-el-violi.webp","type":"image\/webp"}],"twitter_card":"summary_large_image","twitter_misc":{"Precio":"14,30&euro; Iva incl\u00f2s","Availability":"Hay existencias"},"schema":{"@context":"https:\/\/schema.org","@graph":[{"@type":"WebPage","@id":"https:\/\/somllavors.com\/es\/producte\/quan-la-kalina-toca-el-violi","url":"https:\/\/somllavors.com\/es\/producte\/quan-la-kalina-toca-el-violi","name":"Quan la Kalina toca el viol\u00ed &#8212; Som Llavors","isPartOf":{"@id":"https:\/\/somllavors.com\/es#website"},"primaryImageOfPage":{"@id":"https:\/\/somllavors.com\/es\/producte\/quan-la-kalina-toca-el-violi#primaryimage"},"image":{"@id":"https:\/\/somllavors.com\/es\/producte\/quan-la-kalina-toca-el-violi#primaryimage"},"thumbnailUrl":"https:\/\/somllavors.com\/wp-content\/uploads\/2023\/03\/Som-Llavors-Quan-la-Kalina-toca-el-violi.webp","datePublished":"2023-03-17T17:45:35+00:00","dateModified":"2023-03-21T09:43:04+00:00","description":"Quan la Kalina toca el viol\u00ed, un conte sobre la necessitat de fugir de la guerra i el poder de la m\u00fasica, que uneix pobles i persones. La Kalina arriba a una nova ciutat amb una petita motxilla i el seu viol\u00ed. Ha hagut d\u2019abandonar casa seva perqu\u00e8 el seu pa\u00eds est\u00e0 en guerra. La vida en aquesta nova ciutat no \u00e9s f\u00e0cil. Els seus companys de classe de seguida s\u2019adonen que \u00e9s diferent, i alguns es riuen d\u2019ella. Per\u00f2 un dia, quan \u00e9s a l\u2019escola, la Kalina treu el seu viol\u00ed i comen\u00e7a a tocar una melodia trista i alegre alhora. Quines ganes de ballar que senten, de sobte, tots els infants de la classe! Perqu\u00e8, tot i que aquesta can\u00e7\u00f3 no t\u00e9 paraules, els parla amb un llenguatge que tots poden entendre. Edat recomanada: a partir de 5 anys.","breadcrumb":{"@id":"https:\/\/somllavors.com\/es\/producte\/quan-la-kalina-toca-el-violi#breadcrumb"},"inLanguage":"es","potentialAction":[{"@type":"ReadAction","target":["https:\/\/somllavors.com\/es\/producte\/quan-la-kalina-toca-el-violi"]}]},{"@type":"ImageObject","inLanguage":"es","@id":"https:\/\/somllavors.com\/es\/producte\/quan-la-kalina-toca-el-violi#primaryimage","url":"https:\/\/somllavors.com\/wp-content\/uploads\/2023\/03\/Som-Llavors-Quan-la-Kalina-toca-el-violi.webp","contentUrl":"https:\/\/somllavors.com\/wp-content\/uploads\/2023\/03\/Som-Llavors-Quan-la-Kalina-toca-el-violi.webp","width":1280,"height":1280,"caption":"contes educatius en catal\u00e0"},{"@type":"BreadcrumbList","@id":"https:\/\/somllavors.com\/es\/producte\/quan-la-kalina-toca-el-violi#breadcrumb","itemListElement":[{"@type":"ListItem","position":1,"name":"Inici","item":"https:\/\/somllavors.com\/es"},{"@type":"ListItem","position":2,"name":"Tienda","item":"https:\/\/somllavors.com\/es\/botiga-2"},{"@type":"ListItem","position":3,"name":"Quan la Kalina toca el viol\u00ed"}]},{"@type":"WebSite","@id":"https:\/\/somllavors.com\/es#website","url":"https:\/\/somllavors.com\/es","name":"Som Llavors","description":"Botiga de crian\u00e7a natural","publisher":{"@id":"https:\/\/somllavors.com\/es#organization"},"alternateName":"Crian\u00e7a Natural i Sostenible","potentialAction":[{"@type":"SearchAction","target":{"@type":"EntryPoint","urlTemplate":"https:\/\/somllavors.com\/es?s={search_term_string}"},"query-input":{"@type":"PropertyValueSpecification","valueRequired":true,"valueName":"search_term_string"}}],"inLanguage":"es"},{"@type":["Organization","Place","Store"],"@id":"https:\/\/somllavors.com\/es#organization","name":"Som Llavors","alternateName":"Crian\u00e7a Natural i Sostenible","url":"https:\/\/somllavors.com\/es","logo":{"@id":"https:\/\/somllavors.com\/es\/producte\/quan-la-kalina-toca-el-violi#local-main-organization-logo"},"image":{"@id":"https:\/\/somllavors.com\/es\/producte\/quan-la-kalina-toca-el-violi#local-main-organization-logo"},"sameAs":["https:\/\/www.facebook.com\/somllavorsvng\/?locale=ca_ES","https:\/\/www.instagram.com\/somllavors_vng\/","https:\/\/www.youtube.com\/@somllavors"],"address":{"@id":"https:\/\/somllavors.com\/es\/producte\/quan-la-kalina-toca-el-violi#local-main-place-address"},"geo":{"@type":"GeoCoordinates","latitude":"41.2257737","longitude":"1.723258859"},"telephone":["623152704","623152704"],"openingHoursSpecification":[{"@type":"OpeningHoursSpecification","dayOfWeek":["Monday","Sunday"],"opens":"00:00","closes":"00:00"},{"@type":"OpeningHoursSpecification","dayOfWeek":["Tuesday","Wednesday","Thursday","Friday"],"opens":"10:00","closes":"20:00"},{"@type":"OpeningHoursSpecification","dayOfWeek":["Saturday"],"opens":"10:00","closes":"13:30"}],"email":"info@somllavors.com"},{"@type":"PostalAddress","@id":"https:\/\/somllavors.com\/es\/producte\/quan-la-kalina-toca-el-violi#local-main-place-address","streetAddress":"Carrer de l'aigua, 6","addressLocality":"Vilanova i la Geltr\u00fa","postalCode":"08800","addressRegion":"Barcelona","addressCountry":"ES"},{"@type":"ImageObject","inLanguage":"es","@id":"https:\/\/somllavors.com\/es\/producte\/quan-la-kalina-toca-el-violi#local-main-organization-logo","url":"https:\/\/somllavors.com\/wp-content\/uploads\/Logotip-Som-Llavors.jpg","contentUrl":"https:\/\/somllavors.com\/wp-content\/uploads\/Logotip-Som-Llavors.jpg","width":1444,"height":1323,"caption":"Som Llavors"}]},"product_price_amount":"14.30","product_price_currency":"EUR","og_availability":"instock","product_availability":"instock","product_retailer_item_id":"9788412513721","product_condition":"new","geo.placename":"Vilanova i la Geltr\u00fa","geo.position":{"lat":"41.2257737","long":"1.723258859"},"geo.region":"Espa\u00f1a"},"brands":[],"_links":{"self":[{"href":"https:\/\/somllavors.com\/es\/wp-json\/wp\/v2\/product\/35498","targetHints":{"allow":["GET"]}}],"collection":[{"href":"https:\/\/somllavors.com\/es\/wp-json\/wp\/v2\/product"}],"about":[{"href":"https:\/\/somllavors.com\/es\/wp-json\/wp\/v2\/types\/product"}],"wp:featuredmedia":[{"embeddable":true,"href":"https:\/\/somllavors.com\/es\/wp-json\/wp\/v2\/media\/35718"}],"wp:attachment":[{"href":"https:\/\/somllavors.com\/es\/wp-json\/wp\/v2\/media?parent=35498"}],"wp:term":[{"taxonomy":"pwb-brand","embeddable":true,"href":"https:\/\/somllavors.com\/es\/wp-json\/wp\/v2\/pwb-brand?post=35498"},{"taxonomy":"product_brand","embeddable":true,"href":"https:\/\/somllavors.com\/es\/wp-json\/wp\/v2\/product_brand?post=35498"},{"taxonomy":"product_cat","embeddable":true,"href":"https:\/\/somllavors.com\/es\/wp-json\/wp\/v2\/product_cat?post=35498"},{"taxonomy":"product_tag","embeddable":true,"href":"https:\/\/somllavors.com\/es\/wp-json\/wp\/v2\/product_tag?post=35498"}],"curies":[{"name":"wp","href":"https:\/\/api.w.org\/{rel}","templated":true}]}}