{"id":36103,"date":"2021-09-03T23:41:31","date_gmt":"2021-09-03T21:41:31","guid":{"rendered":"https:\/\/somllavors.com\/producto\/rain-boots-blue-attipas\/"},"modified":"2021-09-03T23:41:31","modified_gmt":"2021-09-03T21:41:31","slug":"rain-boots-blue-attipas","status":"publish","type":"product","link":"https:\/\/somllavors.com\/es\/producte\/rain-boots-blue-attipas","title":{"rendered":"Rain boots blue Attipas"},"content":{"rendered":"<ul>\n<li>Se pueden adquirir las plantillas aparte.<\/li>\n<li>Puntera ancha y flexible: La libertad de movimiento en los deditos mejora el desarrollo cognitivo y motor.<\/li>\n<li>Movimiento libre: Attipas es lo m\u00e1s parecido a ir descalzo. Un calzado ligero, respetuoso con el crecimiento natural, proporcionando la libertad de movimiento.<\/li>\n<li>F\u00e1cil limpieza: Se pueden colocar en la lavadora. Lava tantas veces como necesites y disfruta de ellas enseguida, gracias a su secado extra-r\u00e1pido.<\/li>\n<li>Antideslizantes: Suelas antideslizantes que garantizan una pisada segura y estable para tu beb\u00e9.<\/li>\n<li>Suela fina: Suela extra-fina y ligera dise\u00f1ada para interferir el m\u00ednimo a la pisada y el contacto directo con el suelo, y todos los est\u00edmulos que percibe el beb\u00e9 a trav\u00e9s de la huella.<\/li>\n<li>Flexibles: Attipas se ajusta completamente al pie del beb\u00e9 otorg\u00e1ndole as\u00ed una completa flexibilidad y adaptabilidad tanto a la suela como a la parte del calcet\u00edn.<\/li>\n<li>Transpirables: Suela con micro-perforaciones para garantizar la ventilaci\u00f3n y reducir el calor de los pies del beb\u00e9.<\/li>\n<\/ul>\n<p>&nbsp;<\/p>\n<p>&nbsp;<\/p>\n","protected":false},"excerpt":{"rendered":"<p>Sus cualidades \u00fanicas, junto con la diversidad de modelos, hacen de Attipas un producto ideal, perfecto para que los ni\u00f1os se sientan tan c\u00f3modos como cuando caminan descalzos.<\/p>\n","protected":false},"featured_media":22327,"template":"","meta":{"_acf_changed":false,"site-sidebar-layout":"default","site-content-layout":"default","ast-site-content-layout":"default","site-content-style":"default","site-sidebar-style":"default","ast-global-header-display":"","ast-banner-title-visibility":"","ast-main-header-display":"","ast-hfb-above-header-display":"","ast-hfb-below-header-display":"","ast-hfb-mobile-header-display":"","site-post-title":"","ast-breadcrumbs-content":"","ast-featured-img":"","footer-sml-layout":"","theme-transparent-header-meta":"default","adv-header-id-meta":"","stick-header-meta":"","header-above-stick-meta":"","header-main-stick-meta":"","header-below-stick-meta":"","astra-migrate-meta-layouts":"default","ast-page-background-enabled":"default","ast-page-background-meta":{"desktop":{"background-color":"","background-image":"","background-repeat":"repeat","background-position":"center center","background-size":"auto","background-attachment":"scroll","background-type":"","background-media":"","overlay-type":"","overlay-color":"","overlay-opacity":"","overlay-gradient":""},"tablet":{"background-color":"","background-image":"","background-repeat":"repeat","background-position":"center center","background-size":"auto","background-attachment":"scroll","background-type":"","background-media":"","overlay-type":"","overlay-color":"","overlay-opacity":"","overlay-gradient":""},"mobile":{"background-color":"","background-image":"","background-repeat":"repeat","background-position":"center center","background-size":"auto","background-attachment":"scroll","background-type":"","background-media":"","overlay-type":"","overlay-color":"","overlay-opacity":"","overlay-gradient":""}},"ast-content-background-meta":{"desktop":{"background-color":"var(--ast-global-color-5)","background-image":"","background-repeat":"repeat","background-position":"center center","background-size":"auto","background-attachment":"scroll","background-type":"","background-media":"","overlay-type":"","overlay-color":"","overlay-opacity":"","overlay-gradient":""},"tablet":{"background-color":"var(--ast-global-color-5)","background-image":"","background-repeat":"repeat","background-position":"center center","background-size":"auto","background-attachment":"scroll","background-type":"","background-media":"","overlay-type":"","overlay-color":"","overlay-opacity":"","overlay-gradient":""},"mobile":{"background-color":"var(--ast-global-color-5)","background-image":"","background-repeat":"repeat","background-position":"center center","background-size":"auto","background-attachment":"scroll","background-type":"","background-media":"","overlay-type":"","overlay-color":"","overlay-opacity":"","overlay-gradient":""}}},"pwb-brand":[4102],"product_brand":[],"product_cat":[3522,4898,3611],"product_tag":[3657,2455],"class_list":{"0":"post-36103","1":"product","2":"type-product","3":"status-publish","4":"has-post-thumbnail","6":"pwb-brand-attipas","7":"product_cat-attipas-es","8":"product_cat-tallas-pequenas-18-26-es","9":"product_cat-vuelta-al-cole","10":"product_tag-attipas-es","11":"product_tag-calzado-respetuoso-es-2","12":"pa_talla-20-es","13":"pa_talla-215-es","14":"pa_talla-225-es","15":"desktop-align-left","16":"tablet-align-left","17":"mobile-align-left","19":"first","20":"outofstock","21":"taxable","22":"shipping-taxable","23":"purchasable","24":"product-type-variable"},"acf":[],"yoast_head":"<!-- This site is optimized with the Yoast SEO Premium plugin v18.3 (Yoast SEO v27.4) - https:\/\/yoast.com\/product\/yoast-seo-premium-wordpress\/ -->\n<title>Rain boots blue Attipas &#8212; Som Llavors<\/title>\n<meta name=\"description\" content=\"Sus cualidades \u00fanicas, junto con la diversidad de modelos, hacen de Attipas un producto ideal, perfecto para que los ni\u00f1os se sientan tan c\u00f3modos como cuando caminan descalzos.\" \/>\n<meta name=\"robots\" content=\"index, follow, max-snippet:-1, max-image-preview:large, max-video-preview:-1\" \/>\n<link rel=\"canonical\" href=\"https:\/\/somllavors.com\/es\/producte\/rain-boots-blue-attipas\" \/>\n<meta property=\"og:locale\" content=\"es_ES\" \/>\n<meta property=\"og:type\" content=\"article\" \/>\n<meta property=\"og:title\" content=\"Rain boots blue Attipas\" \/>\n<meta property=\"og:description\" content=\"La teva botiga d\u2019ecocrian\u00e7a i espai d\u2019acompanyament a la maternitat\" \/>\n<meta property=\"og:url\" content=\"https:\/\/somllavors.com\/es\/producte\/rain-boots-blue-attipas\" \/>\n<meta property=\"og:site_name\" content=\"Som Llavors\" \/>\n<meta property=\"article:publisher\" content=\"https:\/\/www.facebook.com\/somllavorsvng\/?locale=ca_ES\" \/>\n<meta property=\"og:image\" content=\"https:\/\/somllavors.com\/wp-content\/uploads\/Disseny-sense-ti\u0301tol-29.jpg\" \/>\n\t<meta property=\"og:image:width\" content=\"800\" \/>\n\t<meta property=\"og:image:height\" content=\"700\" \/>\n\t<meta property=\"og:image:type\" content=\"image\/jpeg\" \/>\n<meta name=\"twitter:card\" content=\"summary_large_image\" \/>\n<meta name=\"twitter:label1\" content=\"Availability\" \/>\n\t<meta name=\"twitter:data1\" content=\"Out of stock\" \/>\n<script type=\"application\/ld+json\" class=\"yoast-schema-graph\">{\"@context\":\"https:\\\/\\\/schema.org\",\"@graph\":[{\"@type\":\"WebPage\",\"@id\":\"https:\\\/\\\/somllavors.com\\\/es\\\/producte\\\/rain-boots-blue-attipas\",\"url\":\"https:\\\/\\\/somllavors.com\\\/es\\\/producte\\\/rain-boots-blue-attipas\",\"name\":\"Rain boots blue Attipas &#8212; Som Llavors\",\"isPartOf\":{\"@id\":\"https:\\\/\\\/somllavors.com\\\/es#website\"},\"primaryImageOfPage\":{\"@id\":\"https:\\\/\\\/somllavors.com\\\/es\\\/producte\\\/rain-boots-blue-attipas#primaryimage\"},\"image\":{\"@id\":\"https:\\\/\\\/somllavors.com\\\/es\\\/producte\\\/rain-boots-blue-attipas#primaryimage\"},\"thumbnailUrl\":\"https:\\\/\\\/somllavors.com\\\/wp-content\\\/uploads\\\/Disseny-sense-ti\u0301tol-29.jpg\",\"datePublished\":\"2021-09-03T21:41:31+00:00\",\"description\":\"Sus cualidades \u00fanicas, junto con la diversidad de modelos, hacen de Attipas un producto ideal, perfecto para que los ni\u00f1os se sientan tan c\u00f3modos como cuando caminan descalzos.\",\"breadcrumb\":{\"@id\":\"https:\\\/\\\/somllavors.com\\\/es\\\/producte\\\/rain-boots-blue-attipas#breadcrumb\"},\"inLanguage\":\"es\",\"potentialAction\":[{\"@type\":\"ReadAction\",\"target\":[\"https:\\\/\\\/somllavors.com\\\/es\\\/producte\\\/rain-boots-blue-attipas\"]}]},{\"@type\":\"ImageObject\",\"inLanguage\":\"es\",\"@id\":\"https:\\\/\\\/somllavors.com\\\/es\\\/producte\\\/rain-boots-blue-attipas#primaryimage\",\"url\":\"https:\\\/\\\/somllavors.com\\\/wp-content\\\/uploads\\\/Disseny-sense-ti\u0301tol-29.jpg\",\"contentUrl\":\"https:\\\/\\\/somllavors.com\\\/wp-content\\\/uploads\\\/Disseny-sense-ti\u0301tol-29.jpg\",\"width\":800,\"height\":700},{\"@type\":\"BreadcrumbList\",\"@id\":\"https:\\\/\\\/somllavors.com\\\/es\\\/producte\\\/rain-boots-blue-attipas#breadcrumb\",\"itemListElement\":[{\"@type\":\"ListItem\",\"position\":1,\"name\":\"Inici\",\"item\":\"https:\\\/\\\/somllavors.com\\\/es\"},{\"@type\":\"ListItem\",\"position\":2,\"name\":\"Tienda\",\"item\":\"https:\\\/\\\/somllavors.com\\\/es\\\/botiga-2\"},{\"@type\":\"ListItem\",\"position\":3,\"name\":\"Rain boots blue Attipas\"}]},{\"@type\":\"WebSite\",\"@id\":\"https:\\\/\\\/somllavors.com\\\/es#website\",\"url\":\"https:\\\/\\\/somllavors.com\\\/es\",\"name\":\"Som Llavors\",\"description\":\"Botiga de crian\u00e7a natural\",\"publisher\":{\"@id\":\"https:\\\/\\\/somllavors.com\\\/es#organization\"},\"alternateName\":\"Crian\u00e7a Natural i Sostenible\",\"potentialAction\":[{\"@type\":\"SearchAction\",\"target\":{\"@type\":\"EntryPoint\",\"urlTemplate\":\"https:\\\/\\\/somllavors.com\\\/es?s={search_term_string}\"},\"query-input\":{\"@type\":\"PropertyValueSpecification\",\"valueRequired\":true,\"valueName\":\"search_term_string\"}}],\"inLanguage\":\"es\"},{\"@type\":[\"Organization\",\"Place\",\"Store\"],\"@id\":\"https:\\\/\\\/somllavors.com\\\/es#organization\",\"name\":\"Som Llavors\",\"alternateName\":\"Crian\u00e7a Natural i Sostenible\",\"url\":\"https:\\\/\\\/somllavors.com\\\/es\",\"logo\":{\"@id\":\"https:\\\/\\\/somllavors.com\\\/es\\\/producte\\\/rain-boots-blue-attipas#local-main-organization-logo\"},\"image\":{\"@id\":\"https:\\\/\\\/somllavors.com\\\/es\\\/producte\\\/rain-boots-blue-attipas#local-main-organization-logo\"},\"sameAs\":[\"https:\\\/\\\/www.facebook.com\\\/somllavorsvng\\\/?locale=ca_ES\",\"https:\\\/\\\/www.instagram.com\\\/somllavors_vng\\\/\",\"https:\\\/\\\/www.youtube.com\\\/@somllavors\"],\"address\":{\"@id\":\"https:\\\/\\\/somllavors.com\\\/es\\\/producte\\\/rain-boots-blue-attipas#local-main-place-address\"},\"geo\":{\"@type\":\"GeoCoordinates\",\"latitude\":\"41.2257737\",\"longitude\":\"1.723258859\"},\"telephone\":[\"623152704\"],\"openingHoursSpecification\":[{\"@type\":\"OpeningHoursSpecification\",\"dayOfWeek\":[\"Monday\",\"Sunday\"],\"opens\":\"00:00\",\"closes\":\"00:00\"},{\"@type\":\"OpeningHoursSpecification\",\"dayOfWeek\":[\"Tuesday\",\"Wednesday\",\"Thursday\",\"Friday\"],\"opens\":\"10:00\",\"closes\":\"20:00\"},{\"@type\":\"OpeningHoursSpecification\",\"dayOfWeek\":[\"Saturday\"],\"opens\":\"10:00\",\"closes\":\"13:30\"}],\"email\":\"info@somllavors.com\"},{\"@type\":\"PostalAddress\",\"@id\":\"https:\\\/\\\/somllavors.com\\\/es\\\/producte\\\/rain-boots-blue-attipas#local-main-place-address\",\"streetAddress\":\"Carrer de l'aigua, 6\",\"addressLocality\":\"Vilanova i la Geltr\u00fa\",\"postalCode\":\"08800\",\"addressRegion\":\"Barcelona\",\"addressCountry\":\"ES\"},{\"@type\":\"ImageObject\",\"inLanguage\":\"es\",\"@id\":\"https:\\\/\\\/somllavors.com\\\/es\\\/producte\\\/rain-boots-blue-attipas#local-main-organization-logo\",\"url\":\"https:\\\/\\\/somllavors.com\\\/wp-content\\\/uploads\\\/Logotip-Som-Llavors.jpg\",\"contentUrl\":\"https:\\\/\\\/somllavors.com\\\/wp-content\\\/uploads\\\/Logotip-Som-Llavors.jpg\",\"width\":1444,\"height\":1323,\"caption\":\"Som Llavors\"}]}<\/script>\n<meta property=\"og:availability\" content=\"out of stock\" \/>\n<meta property=\"product:availability\" content=\"out of stock\" \/>\n<meta property=\"product:retailer_item_id\" content=\"ARB01\" \/>\n<meta property=\"product:condition\" content=\"new\" \/>\n<meta name=\"geo.placename\" content=\"Vilanova i la Geltr\u00fa\" \/>\n<meta name=\"geo.position\" content=\"41.2257737;1.723258859\" \/>\n<meta name=\"geo.region\" content=\"Espa\u00f1a\" \/>\n<!-- \/ Yoast SEO Premium plugin. -->","yoast_head_json":{"title":"Rain boots blue Attipas &#8212; Som Llavors","description":"Sus cualidades \u00fanicas, junto con la diversidad de modelos, hacen de Attipas un producto ideal, perfecto para que los ni\u00f1os se sientan tan c\u00f3modos como cuando caminan descalzos.","robots":{"index":"index","follow":"follow","max-snippet":"max-snippet:-1","max-image-preview":"max-image-preview:large","max-video-preview":"max-video-preview:-1"},"canonical":"https:\/\/somllavors.com\/es\/producte\/rain-boots-blue-attipas","og_locale":"es_ES","og_type":"article","og_title":"Rain boots blue Attipas","og_description":"La teva botiga d\u2019ecocrian\u00e7a i espai d\u2019acompanyament a la maternitat","og_url":"https:\/\/somllavors.com\/es\/producte\/rain-boots-blue-attipas","og_site_name":"Som Llavors","article_publisher":"https:\/\/www.facebook.com\/somllavorsvng\/?locale=ca_ES","og_image":[{"width":800,"height":700,"url":"https:\/\/somllavors.com\/wp-content\/uploads\/Disseny-sense-ti\u0301tol-29.jpg","type":"image\/jpeg"}],"twitter_card":"summary_large_image","twitter_misc":{"Availability":"Out of stock"},"schema":{"@context":"https:\/\/schema.org","@graph":[{"@type":"WebPage","@id":"https:\/\/somllavors.com\/es\/producte\/rain-boots-blue-attipas","url":"https:\/\/somllavors.com\/es\/producte\/rain-boots-blue-attipas","name":"Rain boots blue Attipas &#8212; Som Llavors","isPartOf":{"@id":"https:\/\/somllavors.com\/es#website"},"primaryImageOfPage":{"@id":"https:\/\/somllavors.com\/es\/producte\/rain-boots-blue-attipas#primaryimage"},"image":{"@id":"https:\/\/somllavors.com\/es\/producte\/rain-boots-blue-attipas#primaryimage"},"thumbnailUrl":"https:\/\/somllavors.com\/wp-content\/uploads\/Disseny-sense-ti\u0301tol-29.jpg","datePublished":"2021-09-03T21:41:31+00:00","description":"Sus cualidades \u00fanicas, junto con la diversidad de modelos, hacen de Attipas un producto ideal, perfecto para que los ni\u00f1os se sientan tan c\u00f3modos como cuando caminan descalzos.","breadcrumb":{"@id":"https:\/\/somllavors.com\/es\/producte\/rain-boots-blue-attipas#breadcrumb"},"inLanguage":"es","potentialAction":[{"@type":"ReadAction","target":["https:\/\/somllavors.com\/es\/producte\/rain-boots-blue-attipas"]}]},{"@type":"ImageObject","inLanguage":"es","@id":"https:\/\/somllavors.com\/es\/producte\/rain-boots-blue-attipas#primaryimage","url":"https:\/\/somllavors.com\/wp-content\/uploads\/Disseny-sense-ti\u0301tol-29.jpg","contentUrl":"https:\/\/somllavors.com\/wp-content\/uploads\/Disseny-sense-ti\u0301tol-29.jpg","width":800,"height":700},{"@type":"BreadcrumbList","@id":"https:\/\/somllavors.com\/es\/producte\/rain-boots-blue-attipas#breadcrumb","itemListElement":[{"@type":"ListItem","position":1,"name":"Inici","item":"https:\/\/somllavors.com\/es"},{"@type":"ListItem","position":2,"name":"Tienda","item":"https:\/\/somllavors.com\/es\/botiga-2"},{"@type":"ListItem","position":3,"name":"Rain boots blue Attipas"}]},{"@type":"WebSite","@id":"https:\/\/somllavors.com\/es#website","url":"https:\/\/somllavors.com\/es","name":"Som Llavors","description":"Botiga de crian\u00e7a natural","publisher":{"@id":"https:\/\/somllavors.com\/es#organization"},"alternateName":"Crian\u00e7a Natural i Sostenible","potentialAction":[{"@type":"SearchAction","target":{"@type":"EntryPoint","urlTemplate":"https:\/\/somllavors.com\/es?s={search_term_string}"},"query-input":{"@type":"PropertyValueSpecification","valueRequired":true,"valueName":"search_term_string"}}],"inLanguage":"es"},{"@type":["Organization","Place","Store"],"@id":"https:\/\/somllavors.com\/es#organization","name":"Som Llavors","alternateName":"Crian\u00e7a Natural i Sostenible","url":"https:\/\/somllavors.com\/es","logo":{"@id":"https:\/\/somllavors.com\/es\/producte\/rain-boots-blue-attipas#local-main-organization-logo"},"image":{"@id":"https:\/\/somllavors.com\/es\/producte\/rain-boots-blue-attipas#local-main-organization-logo"},"sameAs":["https:\/\/www.facebook.com\/somllavorsvng\/?locale=ca_ES","https:\/\/www.instagram.com\/somllavors_vng\/","https:\/\/www.youtube.com\/@somllavors"],"address":{"@id":"https:\/\/somllavors.com\/es\/producte\/rain-boots-blue-attipas#local-main-place-address"},"geo":{"@type":"GeoCoordinates","latitude":"41.2257737","longitude":"1.723258859"},"telephone":["623152704","623152704"],"openingHoursSpecification":[{"@type":"OpeningHoursSpecification","dayOfWeek":["Monday","Sunday"],"opens":"00:00","closes":"00:00"},{"@type":"OpeningHoursSpecification","dayOfWeek":["Tuesday","Wednesday","Thursday","Friday"],"opens":"10:00","closes":"20:00"},{"@type":"OpeningHoursSpecification","dayOfWeek":["Saturday"],"opens":"10:00","closes":"13:30"}],"email":"info@somllavors.com"},{"@type":"PostalAddress","@id":"https:\/\/somllavors.com\/es\/producte\/rain-boots-blue-attipas#local-main-place-address","streetAddress":"Carrer de l'aigua, 6","addressLocality":"Vilanova i la Geltr\u00fa","postalCode":"08800","addressRegion":"Barcelona","addressCountry":"ES"},{"@type":"ImageObject","inLanguage":"es","@id":"https:\/\/somllavors.com\/es\/producte\/rain-boots-blue-attipas#local-main-organization-logo","url":"https:\/\/somllavors.com\/wp-content\/uploads\/Logotip-Som-Llavors.jpg","contentUrl":"https:\/\/somllavors.com\/wp-content\/uploads\/Logotip-Som-Llavors.jpg","width":1444,"height":1323,"caption":"Som Llavors"}]},"og_availability":"out of stock","product_availability":"out of stock","product_retailer_item_id":"ARB01","product_condition":"new","geo.placename":"Vilanova i la Geltr\u00fa","geo.position":{"lat":"41.2257737","long":"1.723258859"},"geo.region":"Espa\u00f1a"},"brands":[{"id":4102,"name":"Attipas","slug":"attipas"}],"_links":{"self":[{"href":"https:\/\/somllavors.com\/es\/wp-json\/wp\/v2\/product\/36103","targetHints":{"allow":["GET"]}}],"collection":[{"href":"https:\/\/somllavors.com\/es\/wp-json\/wp\/v2\/product"}],"about":[{"href":"https:\/\/somllavors.com\/es\/wp-json\/wp\/v2\/types\/product"}],"wp:featuredmedia":[{"embeddable":true,"href":"https:\/\/somllavors.com\/es\/wp-json\/wp\/v2\/media\/22327"}],"wp:attachment":[{"href":"https:\/\/somllavors.com\/es\/wp-json\/wp\/v2\/media?parent=36103"}],"wp:term":[{"taxonomy":"pwb-brand","embeddable":true,"href":"https:\/\/somllavors.com\/es\/wp-json\/wp\/v2\/pwb-brand?post=36103"},{"taxonomy":"product_brand","embeddable":true,"href":"https:\/\/somllavors.com\/es\/wp-json\/wp\/v2\/product_brand?post=36103"},{"taxonomy":"product_cat","embeddable":true,"href":"https:\/\/somllavors.com\/es\/wp-json\/wp\/v2\/product_cat?post=36103"},{"taxonomy":"product_tag","embeddable":true,"href":"https:\/\/somllavors.com\/es\/wp-json\/wp\/v2\/product_tag?post=36103"}],"curies":[{"name":"wp","href":"https:\/\/api.w.org\/{rel}","templated":true}]}}