{"id":36209,"date":"2023-03-22T11:19:42","date_gmt":"2023-03-22T10:19:42","guid":{"rendered":"https:\/\/somllavors.com\/producto\/izi-flex-fix-i-size-besafe\/"},"modified":"2023-03-22T11:19:42","modified_gmt":"2023-03-22T10:19:42","slug":"izi-flex-fix-i-size-besafe","status":"publish","type":"product","link":"https:\/\/somllavors.com\/es\/producte\/izi-flex-fix-i-size-besafe","title":{"rendered":"iZi Flex FIX i-Size &#8211; BeSafe"},"content":{"rendered":"<p><iframe loading=\"lazy\" title=\"YouTube video player\" src=\"https:\/\/www.youtube.com\/embed\/-mNQ0z1hDVs\" width=\"560\" height=\"315\" frameborder=\"0\" allowfullscreen=\"allowfullscreen\"><\/iframe><\/p>\n<p>&nbsp;<\/p>\n<p><strong>Seguridad<\/strong><\/p>\n<ul>\n<li>Cumple con la nueva normativa UN R129<\/li>\n<li>Pad+ dise\u00f1ada para ofrecer protecci\u00f3n adicional en la barbilla y el pecho<\/li>\n<li>Posici\u00f3n de bloqueo para la instalaci\u00f3n ISOfix<\/li>\n<li>Protecci\u00f3n contra impactos laterales (SIP+)<\/li>\n<li>Gu\u00eda para el cintur\u00f3n de hombro y cadera para garantizar una posici\u00f3n correcta<\/li>\n<\/ul>\n<p><strong>Comodidad<\/strong><\/p>\n<ul>\n<li>Reposacabezas dise\u00f1ado para ofrecer visibilidad lateral y soporte para dormir<\/li>\n<li>Altura ajustable para adaptarse al crecimiento del ni\u00f1o<\/li>\n<li>Pad+ para suavizar el cintur\u00f3n del asiento y que el ni\u00f1o viaje m\u00e1s c\u00f3modo<\/li>\n<li>Reclinable<\/li>\n<li>Asa integrada para facilitar el transporte<\/li>\n<\/ul>\n<p><strong>Espacio flexible<\/strong><\/p>\n<ul>\n<li>Justo, pero sigue habiendo espacio suficiente<\/li>\n<li>Protecciones laterales extra\u00edbles para que haya espacio para 3 personas en la misma fila<\/li>\n<\/ul>\n","protected":false},"excerpt":{"rendered":"<h2>Seguridad y flexibilidad combinadas<\/h2>\n<ul>\n<li><strong>Intervalo de altura: De 1 a 1,50 m<\/strong><\/li>\n<li><strong>Edad aproximada: 4 a 12 a\u00f1os<\/strong><\/li>\n<\/ul>\n<p><strong><img loading=\"lazy\" decoding=\"async\" class=\"alignright size-thumbnail wp-image-46779\" src=\"https:\/\/www.besafe.com\/wp-content\/uploads\/2017\/10\/innovation-award-gold-220-150x150.png\" alt=\"\" width=\"150\" height=\"150\"><\/strong><\/p>\n<p><em>Ganadora del prestigioso premio a la innovaci\u00f3n \u201cKind + Jugend\u201d en la categor\u00eda \u201cWorld of Travelling Kids\u201d (Un mundo de ni\u00f1os viajeros).<\/em><\/p>\n<p><strong>BeSafe iZi Flex FIX i-Size:<\/strong> Silla elevadora con respaldo alto para ni\u00f1os de 1 a 1,50 metros de altura. Combina caracter\u00edsticas de seguridad excelentes, un alto grado de comodidad y soluciones flexibles para que sea f\u00e1cil de ajustar e instalar. Adem\u00e1s, deja espacio para hasta tres personas en fila.<\/p>\n<h2>La primera silla elevadora infantil para coche que cumple con las nuevas demandas de seguridad<\/h2>\n<p>BeSafe da la bienvenida al nuevo est\u00e1ndar UN R129 con la primera silla elevadora del mercado que cumple totalmente con los nuevos requisitos de seguridad. La nueva silla elevadora con respaldo alto ofrece mayor seguridad porque protege cabeza y cuerpo. La silla gan\u00f3 el prestigioso premio a la innovaci\u00f3n \u201cKind + Jugend\u201d en la categor\u00eda \u201cWorld of Travelling Kids\u201d (Un mundo de ni\u00f1os viajeros).<\/p>\n","protected":false},"featured_media":35950,"template":"","meta":{"_acf_changed":false,"site-sidebar-layout":"default","site-content-layout":"default","ast-site-content-layout":"default","site-content-style":"default","site-sidebar-style":"default","ast-global-header-display":"","ast-banner-title-visibility":"","ast-main-header-display":"","ast-hfb-above-header-display":"","ast-hfb-below-header-display":"","ast-hfb-mobile-header-display":"","site-post-title":"","ast-breadcrumbs-content":"","ast-featured-img":"","footer-sml-layout":"","ast-disable-related-posts":"","theme-transparent-header-meta":"default","adv-header-id-meta":"","stick-header-meta":"","header-above-stick-meta":"","header-main-stick-meta":"","header-below-stick-meta":"","astra-migrate-meta-layouts":"default","ast-page-background-enabled":"default","ast-page-background-meta":{"desktop":{"background-color":"","background-image":"","background-repeat":"repeat","background-position":"center center","background-size":"auto","background-attachment":"scroll","background-type":"","background-media":"","overlay-type":"","overlay-color":"","overlay-opacity":"","overlay-gradient":""},"tablet":{"background-color":"","background-image":"","background-repeat":"repeat","background-position":"center center","background-size":"auto","background-attachment":"scroll","background-type":"","background-media":"","overlay-type":"","overlay-color":"","overlay-opacity":"","overlay-gradient":""},"mobile":{"background-color":"","background-image":"","background-repeat":"repeat","background-position":"center center","background-size":"auto","background-attachment":"scroll","background-type":"","background-media":"","overlay-type":"","overlay-color":"","overlay-opacity":"","overlay-gradient":""}},"ast-content-background-meta":{"desktop":{"background-color":"var(--ast-global-color-5)","background-image":"","background-repeat":"repeat","background-position":"center center","background-size":"auto","background-attachment":"scroll","background-type":"","background-media":"","overlay-type":"","overlay-color":"","overlay-opacity":"","overlay-gradient":""},"tablet":{"background-color":"var(--ast-global-color-5)","background-image":"","background-repeat":"repeat","background-position":"center center","background-size":"auto","background-attachment":"scroll","background-type":"","background-media":"","overlay-type":"","overlay-color":"","overlay-opacity":"","overlay-gradient":""},"mobile":{"background-color":"var(--ast-global-color-5)","background-image":"","background-repeat":"repeat","background-position":"center center","background-size":"auto","background-attachment":"scroll","background-type":"","background-media":"","overlay-type":"","overlay-color":"","overlay-opacity":"","overlay-gradient":""}}},"pwb-brand":[4119],"product_brand":[],"product_cat":[3454,3713],"product_tag":[3797,3796],"class_list":{"0":"post-36209","1":"product","2":"type-product","3":"status-publish","4":"has-post-thumbnail","6":"pwb-brand-besafe","7":"product_cat-rebajas","8":"product_cat-sillas-de-coche-a-contramarcha","9":"product_tag-besafe-es","10":"product_tag-sistemas-de-retencion-infantil-es","11":"product_shipping_class-motxilles-porteig-es","12":"desktop-align-left","13":"tablet-align-left","14":"mobile-align-left","16":"first","17":"outofstock","18":"sale","19":"taxable","20":"shipping-taxable","21":"purchasable","22":"product-type-variable"},"acf":[],"yoast_head":"<!-- This site is optimized with the Yoast SEO Premium plugin v18.3 (Yoast SEO v27.4) - https:\/\/yoast.com\/product\/yoast-seo-premium-wordpress\/ -->\n<title>iZi Flex FIX i-Size - BeSafe &#8212; Som Llavors<\/title>\n<meta name=\"description\" content=\"Seguridad y flexibilidad combinadas  Intervalo de altura: De 1 a 1,50 m  Edad aproximada: 4 a 12 a\u00f1os  Ganadora del prestigioso premio a la innovaci\u00f3n \u201cKind + Jugend\u201d en la categor\u00eda \u201cWorld of Travelling Kids\u201d (Un mundo de ni\u00f1os viajeros). BeSafe iZi Flex FIX i-Size: Silla elevadora con respaldo alto para ni\u00f1os de 1 a 1,50 metros de altura. Combina caracter\u00edsticas de seguridad excelentes, un alto grado de comodidad y soluciones flexibles para que sea f\u00e1cil de ajustar e instalar. Adem\u00e1s, deja espacio para hasta tres personas en fila. La primera silla elevadora infantil para coche que cumple con las nuevas demandas de seguridad BeSafe da la bienvenida al nuevo est\u00e1ndar UN R129 con la primera silla elevadora del mercado que cumple totalmente con los nuevos requisitos de seguridad. La nueva silla elevadora con respaldo alto ofrece mayor seguridad porque protege cabeza y cuerpo. La silla gan\u00f3 el prestigioso premio a la innovaci\u00f3n \u201cKind + Jugend\u201d en la categor\u00eda \u201cWorld of Travelling Kids\u201d (Un mundo de ni\u00f1os viajeros).\" \/>\n<meta name=\"robots\" content=\"index, follow, max-snippet:-1, max-image-preview:large, max-video-preview:-1\" \/>\n<link rel=\"canonical\" href=\"https:\/\/somllavors.com\/es\/producte\/izi-flex-fix-i-size-besafe\" \/>\n<meta property=\"og:locale\" content=\"es_ES\" \/>\n<meta property=\"og:type\" content=\"article\" \/>\n<meta property=\"og:title\" content=\"iZi Flex FIX i-Size - BeSafe\" \/>\n<meta property=\"og:description\" content=\"La teva botiga d\u2019ecocrian\u00e7a i espai d\u2019acompanyament a la maternitat\" \/>\n<meta property=\"og:url\" content=\"https:\/\/somllavors.com\/es\/producte\/izi-flex-fix-i-size-besafe\" \/>\n<meta property=\"og:site_name\" content=\"Som Llavors\" \/>\n<meta property=\"article:publisher\" content=\"https:\/\/www.facebook.com\/somllavorsvng\/?locale=ca_ES\" \/>\n<meta property=\"og:image\" content=\"https:\/\/somllavors.com\/wp-content\/uploads\/2023\/03\/BeSafe_iZi-Flex-FIX-i-Size_Sea-Green-Melange-600x600-1.png\" \/>\n\t<meta property=\"og:image:width\" content=\"600\" \/>\n\t<meta property=\"og:image:height\" content=\"600\" \/>\n\t<meta property=\"og:image:type\" content=\"image\/png\" \/>\n<meta name=\"twitter:card\" content=\"summary_large_image\" \/>\n<meta name=\"twitter:label1\" content=\"Availability\" \/>\n\t<meta name=\"twitter:data1\" content=\"Out of stock\" \/>\n<script type=\"application\/ld+json\" class=\"yoast-schema-graph\">{\"@context\":\"https:\\\/\\\/schema.org\",\"@graph\":[{\"@type\":\"WebPage\",\"@id\":\"https:\\\/\\\/somllavors.com\\\/es\\\/producte\\\/izi-flex-fix-i-size-besafe\",\"url\":\"https:\\\/\\\/somllavors.com\\\/es\\\/producte\\\/izi-flex-fix-i-size-besafe\",\"name\":\"iZi Flex FIX i-Size - BeSafe &#8212; Som Llavors\",\"isPartOf\":{\"@id\":\"https:\\\/\\\/somllavors.com\\\/es#website\"},\"primaryImageOfPage\":{\"@id\":\"https:\\\/\\\/somllavors.com\\\/es\\\/producte\\\/izi-flex-fix-i-size-besafe#primaryimage\"},\"image\":{\"@id\":\"https:\\\/\\\/somllavors.com\\\/es\\\/producte\\\/izi-flex-fix-i-size-besafe#primaryimage\"},\"thumbnailUrl\":\"https:\\\/\\\/somllavors.com\\\/wp-content\\\/uploads\\\/2023\\\/03\\\/BeSafe_iZi-Flex-FIX-i-Size_Sea-Green-Melange-600x600-1.png\",\"datePublished\":\"2023-03-22T10:19:42+00:00\",\"description\":\"Seguridad y flexibilidad combinadas Intervalo de altura: De 1 a 1,50 m Edad aproximada: 4 a 12 a\u00f1os Ganadora del prestigioso premio a la innovaci\u00f3n \u201cKind + Jugend\u201d en la categor\u00eda \u201cWorld of Travelling Kids\u201d (Un mundo de ni\u00f1os viajeros). BeSafe iZi Flex FIX i-Size: Silla elevadora con respaldo alto para ni\u00f1os de 1 a 1,50 metros de altura. Combina caracter\u00edsticas de seguridad excelentes, un alto grado de comodidad y soluciones flexibles para que sea f\u00e1cil de ajustar e instalar. Adem\u00e1s, deja espacio para hasta tres personas en fila. La primera silla elevadora infantil para coche que cumple con las nuevas demandas de seguridad BeSafe da la bienvenida al nuevo est\u00e1ndar UN R129 con la primera silla elevadora del mercado que cumple totalmente con los nuevos requisitos de seguridad. La nueva silla elevadora con respaldo alto ofrece mayor seguridad porque protege cabeza y cuerpo. La silla gan\u00f3 el prestigioso premio a la innovaci\u00f3n \u201cKind + Jugend\u201d en la categor\u00eda \u201cWorld of Travelling Kids\u201d (Un mundo de ni\u00f1os viajeros).\",\"breadcrumb\":{\"@id\":\"https:\\\/\\\/somllavors.com\\\/es\\\/producte\\\/izi-flex-fix-i-size-besafe#breadcrumb\"},\"inLanguage\":\"es\",\"potentialAction\":[{\"@type\":\"ReadAction\",\"target\":[\"https:\\\/\\\/somllavors.com\\\/es\\\/producte\\\/izi-flex-fix-i-size-besafe\"]}]},{\"@type\":\"ImageObject\",\"inLanguage\":\"es\",\"@id\":\"https:\\\/\\\/somllavors.com\\\/es\\\/producte\\\/izi-flex-fix-i-size-besafe#primaryimage\",\"url\":\"https:\\\/\\\/somllavors.com\\\/wp-content\\\/uploads\\\/2023\\\/03\\\/BeSafe_iZi-Flex-FIX-i-Size_Sea-Green-Melange-600x600-1.png\",\"contentUrl\":\"https:\\\/\\\/somllavors.com\\\/wp-content\\\/uploads\\\/2023\\\/03\\\/BeSafe_iZi-Flex-FIX-i-Size_Sea-Green-Melange-600x600-1.png\",\"width\":600,\"height\":600,\"caption\":\"Sillas de auto seguras\"},{\"@type\":\"BreadcrumbList\",\"@id\":\"https:\\\/\\\/somllavors.com\\\/es\\\/producte\\\/izi-flex-fix-i-size-besafe#breadcrumb\",\"itemListElement\":[{\"@type\":\"ListItem\",\"position\":1,\"name\":\"Inici\",\"item\":\"https:\\\/\\\/somllavors.com\\\/es\"},{\"@type\":\"ListItem\",\"position\":2,\"name\":\"Tienda\",\"item\":\"https:\\\/\\\/somllavors.com\\\/es\\\/botiga-2\"},{\"@type\":\"ListItem\",\"position\":3,\"name\":\"iZi Flex FIX i-Size &#8211; BeSafe\"}]},{\"@type\":\"WebSite\",\"@id\":\"https:\\\/\\\/somllavors.com\\\/es#website\",\"url\":\"https:\\\/\\\/somllavors.com\\\/es\",\"name\":\"Som Llavors\",\"description\":\"Botiga de crian\u00e7a natural\",\"publisher\":{\"@id\":\"https:\\\/\\\/somllavors.com\\\/es#organization\"},\"alternateName\":\"Crian\u00e7a Natural i Sostenible\",\"potentialAction\":[{\"@type\":\"SearchAction\",\"target\":{\"@type\":\"EntryPoint\",\"urlTemplate\":\"https:\\\/\\\/somllavors.com\\\/es?s={search_term_string}\"},\"query-input\":{\"@type\":\"PropertyValueSpecification\",\"valueRequired\":true,\"valueName\":\"search_term_string\"}}],\"inLanguage\":\"es\"},{\"@type\":[\"Organization\",\"Place\",\"Store\"],\"@id\":\"https:\\\/\\\/somllavors.com\\\/es#organization\",\"name\":\"Som Llavors\",\"alternateName\":\"Crian\u00e7a Natural i Sostenible\",\"url\":\"https:\\\/\\\/somllavors.com\\\/es\",\"logo\":{\"@id\":\"https:\\\/\\\/somllavors.com\\\/es\\\/producte\\\/izi-flex-fix-i-size-besafe#local-main-organization-logo\"},\"image\":{\"@id\":\"https:\\\/\\\/somllavors.com\\\/es\\\/producte\\\/izi-flex-fix-i-size-besafe#local-main-organization-logo\"},\"sameAs\":[\"https:\\\/\\\/www.facebook.com\\\/somllavorsvng\\\/?locale=ca_ES\",\"https:\\\/\\\/www.instagram.com\\\/somllavors_vng\\\/\",\"https:\\\/\\\/www.youtube.com\\\/@somllavors\"],\"address\":{\"@id\":\"https:\\\/\\\/somllavors.com\\\/es\\\/producte\\\/izi-flex-fix-i-size-besafe#local-main-place-address\"},\"geo\":{\"@type\":\"GeoCoordinates\",\"latitude\":\"41.2257737\",\"longitude\":\"1.723258859\"},\"telephone\":[\"623152704\"],\"openingHoursSpecification\":[{\"@type\":\"OpeningHoursSpecification\",\"dayOfWeek\":[\"Monday\",\"Sunday\"],\"opens\":\"00:00\",\"closes\":\"00:00\"},{\"@type\":\"OpeningHoursSpecification\",\"dayOfWeek\":[\"Tuesday\",\"Wednesday\",\"Thursday\",\"Friday\"],\"opens\":\"10:00\",\"closes\":\"20:00\"},{\"@type\":\"OpeningHoursSpecification\",\"dayOfWeek\":[\"Saturday\"],\"opens\":\"10:00\",\"closes\":\"13:30\"}],\"email\":\"info@somllavors.com\"},{\"@type\":\"PostalAddress\",\"@id\":\"https:\\\/\\\/somllavors.com\\\/es\\\/producte\\\/izi-flex-fix-i-size-besafe#local-main-place-address\",\"streetAddress\":\"Carrer de l'aigua, 6\",\"addressLocality\":\"Vilanova i la Geltr\u00fa\",\"postalCode\":\"08800\",\"addressRegion\":\"Barcelona\",\"addressCountry\":\"ES\"},{\"@type\":\"ImageObject\",\"inLanguage\":\"es\",\"@id\":\"https:\\\/\\\/somllavors.com\\\/es\\\/producte\\\/izi-flex-fix-i-size-besafe#local-main-organization-logo\",\"url\":\"https:\\\/\\\/somllavors.com\\\/wp-content\\\/uploads\\\/Logotip-Som-Llavors.jpg\",\"contentUrl\":\"https:\\\/\\\/somllavors.com\\\/wp-content\\\/uploads\\\/Logotip-Som-Llavors.jpg\",\"width\":1444,\"height\":1323,\"caption\":\"Som Llavors\"}]}<\/script>\n<meta property=\"og:availability\" content=\"out of stock\" \/>\n<meta property=\"product:availability\" content=\"out of stock\" \/>\n<meta property=\"product:retailer_item_id\" content=\"BS001\" \/>\n<meta property=\"product:condition\" content=\"new\" \/>\n<meta name=\"geo.placename\" content=\"Vilanova i la Geltr\u00fa\" \/>\n<meta name=\"geo.position\" content=\"41.2257737;1.723258859\" \/>\n<meta name=\"geo.region\" content=\"Espa\u00f1a\" \/>\n<!-- \/ Yoast SEO Premium plugin. -->","yoast_head_json":{"title":"iZi Flex FIX i-Size - BeSafe &#8212; Som Llavors","description":"Seguridad y flexibilidad combinadas  Intervalo de altura: De 1 a 1,50 m  Edad aproximada: 4 a 12 a\u00f1os  Ganadora del prestigioso premio a la innovaci\u00f3n \u201cKind + Jugend\u201d en la categor\u00eda \u201cWorld of Travelling Kids\u201d (Un mundo de ni\u00f1os viajeros). BeSafe iZi Flex FIX i-Size: Silla elevadora con respaldo alto para ni\u00f1os de 1 a 1,50 metros de altura. Combina caracter\u00edsticas de seguridad excelentes, un alto grado de comodidad y soluciones flexibles para que sea f\u00e1cil de ajustar e instalar. Adem\u00e1s, deja espacio para hasta tres personas en fila. La primera silla elevadora infantil para coche que cumple con las nuevas demandas de seguridad BeSafe da la bienvenida al nuevo est\u00e1ndar UN R129 con la primera silla elevadora del mercado que cumple totalmente con los nuevos requisitos de seguridad. La nueva silla elevadora con respaldo alto ofrece mayor seguridad porque protege cabeza y cuerpo. La silla gan\u00f3 el prestigioso premio a la innovaci\u00f3n \u201cKind + Jugend\u201d en la categor\u00eda \u201cWorld of Travelling Kids\u201d (Un mundo de ni\u00f1os viajeros).","robots":{"index":"index","follow":"follow","max-snippet":"max-snippet:-1","max-image-preview":"max-image-preview:large","max-video-preview":"max-video-preview:-1"},"canonical":"https:\/\/somllavors.com\/es\/producte\/izi-flex-fix-i-size-besafe","og_locale":"es_ES","og_type":"article","og_title":"iZi Flex FIX i-Size - BeSafe","og_description":"La teva botiga d\u2019ecocrian\u00e7a i espai d\u2019acompanyament a la maternitat","og_url":"https:\/\/somllavors.com\/es\/producte\/izi-flex-fix-i-size-besafe","og_site_name":"Som Llavors","article_publisher":"https:\/\/www.facebook.com\/somllavorsvng\/?locale=ca_ES","og_image":[{"width":600,"height":600,"url":"https:\/\/somllavors.com\/wp-content\/uploads\/2023\/03\/BeSafe_iZi-Flex-FIX-i-Size_Sea-Green-Melange-600x600-1.png","type":"image\/png"}],"twitter_card":"summary_large_image","twitter_misc":{"Availability":"Out of stock"},"schema":{"@context":"https:\/\/schema.org","@graph":[{"@type":"WebPage","@id":"https:\/\/somllavors.com\/es\/producte\/izi-flex-fix-i-size-besafe","url":"https:\/\/somllavors.com\/es\/producte\/izi-flex-fix-i-size-besafe","name":"iZi Flex FIX i-Size - BeSafe &#8212; Som Llavors","isPartOf":{"@id":"https:\/\/somllavors.com\/es#website"},"primaryImageOfPage":{"@id":"https:\/\/somllavors.com\/es\/producte\/izi-flex-fix-i-size-besafe#primaryimage"},"image":{"@id":"https:\/\/somllavors.com\/es\/producte\/izi-flex-fix-i-size-besafe#primaryimage"},"thumbnailUrl":"https:\/\/somllavors.com\/wp-content\/uploads\/2023\/03\/BeSafe_iZi-Flex-FIX-i-Size_Sea-Green-Melange-600x600-1.png","datePublished":"2023-03-22T10:19:42+00:00","description":"Seguridad y flexibilidad combinadas Intervalo de altura: De 1 a 1,50 m Edad aproximada: 4 a 12 a\u00f1os Ganadora del prestigioso premio a la innovaci\u00f3n \u201cKind + Jugend\u201d en la categor\u00eda \u201cWorld of Travelling Kids\u201d (Un mundo de ni\u00f1os viajeros). BeSafe iZi Flex FIX i-Size: Silla elevadora con respaldo alto para ni\u00f1os de 1 a 1,50 metros de altura. Combina caracter\u00edsticas de seguridad excelentes, un alto grado de comodidad y soluciones flexibles para que sea f\u00e1cil de ajustar e instalar. Adem\u00e1s, deja espacio para hasta tres personas en fila. La primera silla elevadora infantil para coche que cumple con las nuevas demandas de seguridad BeSafe da la bienvenida al nuevo est\u00e1ndar UN R129 con la primera silla elevadora del mercado que cumple totalmente con los nuevos requisitos de seguridad. La nueva silla elevadora con respaldo alto ofrece mayor seguridad porque protege cabeza y cuerpo. La silla gan\u00f3 el prestigioso premio a la innovaci\u00f3n \u201cKind + Jugend\u201d en la categor\u00eda \u201cWorld of Travelling Kids\u201d (Un mundo de ni\u00f1os viajeros).","breadcrumb":{"@id":"https:\/\/somllavors.com\/es\/producte\/izi-flex-fix-i-size-besafe#breadcrumb"},"inLanguage":"es","potentialAction":[{"@type":"ReadAction","target":["https:\/\/somllavors.com\/es\/producte\/izi-flex-fix-i-size-besafe"]}]},{"@type":"ImageObject","inLanguage":"es","@id":"https:\/\/somllavors.com\/es\/producte\/izi-flex-fix-i-size-besafe#primaryimage","url":"https:\/\/somllavors.com\/wp-content\/uploads\/2023\/03\/BeSafe_iZi-Flex-FIX-i-Size_Sea-Green-Melange-600x600-1.png","contentUrl":"https:\/\/somllavors.com\/wp-content\/uploads\/2023\/03\/BeSafe_iZi-Flex-FIX-i-Size_Sea-Green-Melange-600x600-1.png","width":600,"height":600,"caption":"Sillas de auto seguras"},{"@type":"BreadcrumbList","@id":"https:\/\/somllavors.com\/es\/producte\/izi-flex-fix-i-size-besafe#breadcrumb","itemListElement":[{"@type":"ListItem","position":1,"name":"Inici","item":"https:\/\/somllavors.com\/es"},{"@type":"ListItem","position":2,"name":"Tienda","item":"https:\/\/somllavors.com\/es\/botiga-2"},{"@type":"ListItem","position":3,"name":"iZi Flex FIX i-Size &#8211; BeSafe"}]},{"@type":"WebSite","@id":"https:\/\/somllavors.com\/es#website","url":"https:\/\/somllavors.com\/es","name":"Som Llavors","description":"Botiga de crian\u00e7a natural","publisher":{"@id":"https:\/\/somllavors.com\/es#organization"},"alternateName":"Crian\u00e7a Natural i Sostenible","potentialAction":[{"@type":"SearchAction","target":{"@type":"EntryPoint","urlTemplate":"https:\/\/somllavors.com\/es?s={search_term_string}"},"query-input":{"@type":"PropertyValueSpecification","valueRequired":true,"valueName":"search_term_string"}}],"inLanguage":"es"},{"@type":["Organization","Place","Store"],"@id":"https:\/\/somllavors.com\/es#organization","name":"Som Llavors","alternateName":"Crian\u00e7a Natural i Sostenible","url":"https:\/\/somllavors.com\/es","logo":{"@id":"https:\/\/somllavors.com\/es\/producte\/izi-flex-fix-i-size-besafe#local-main-organization-logo"},"image":{"@id":"https:\/\/somllavors.com\/es\/producte\/izi-flex-fix-i-size-besafe#local-main-organization-logo"},"sameAs":["https:\/\/www.facebook.com\/somllavorsvng\/?locale=ca_ES","https:\/\/www.instagram.com\/somllavors_vng\/","https:\/\/www.youtube.com\/@somllavors"],"address":{"@id":"https:\/\/somllavors.com\/es\/producte\/izi-flex-fix-i-size-besafe#local-main-place-address"},"geo":{"@type":"GeoCoordinates","latitude":"41.2257737","longitude":"1.723258859"},"telephone":["623152704","623152704"],"openingHoursSpecification":[{"@type":"OpeningHoursSpecification","dayOfWeek":["Monday","Sunday"],"opens":"00:00","closes":"00:00"},{"@type":"OpeningHoursSpecification","dayOfWeek":["Tuesday","Wednesday","Thursday","Friday"],"opens":"10:00","closes":"20:00"},{"@type":"OpeningHoursSpecification","dayOfWeek":["Saturday"],"opens":"10:00","closes":"13:30"}],"email":"info@somllavors.com"},{"@type":"PostalAddress","@id":"https:\/\/somllavors.com\/es\/producte\/izi-flex-fix-i-size-besafe#local-main-place-address","streetAddress":"Carrer de l'aigua, 6","addressLocality":"Vilanova i la Geltr\u00fa","postalCode":"08800","addressRegion":"Barcelona","addressCountry":"ES"},{"@type":"ImageObject","inLanguage":"es","@id":"https:\/\/somllavors.com\/es\/producte\/izi-flex-fix-i-size-besafe#local-main-organization-logo","url":"https:\/\/somllavors.com\/wp-content\/uploads\/Logotip-Som-Llavors.jpg","contentUrl":"https:\/\/somllavors.com\/wp-content\/uploads\/Logotip-Som-Llavors.jpg","width":1444,"height":1323,"caption":"Som Llavors"}]},"og_availability":"out of stock","product_availability":"out of stock","product_retailer_item_id":"BS001","product_condition":"new","geo.placename":"Vilanova i la Geltr\u00fa","geo.position":{"lat":"41.2257737","long":"1.723258859"},"geo.region":"Espa\u00f1a"},"brands":[{"id":4119,"name":"BeSafe","slug":"besafe"}],"_links":{"self":[{"href":"https:\/\/somllavors.com\/es\/wp-json\/wp\/v2\/product\/36209","targetHints":{"allow":["GET"]}}],"collection":[{"href":"https:\/\/somllavors.com\/es\/wp-json\/wp\/v2\/product"}],"about":[{"href":"https:\/\/somllavors.com\/es\/wp-json\/wp\/v2\/types\/product"}],"wp:featuredmedia":[{"embeddable":true,"href":"https:\/\/somllavors.com\/es\/wp-json\/wp\/v2\/media\/35950"}],"wp:attachment":[{"href":"https:\/\/somllavors.com\/es\/wp-json\/wp\/v2\/media?parent=36209"}],"wp:term":[{"taxonomy":"pwb-brand","embeddable":true,"href":"https:\/\/somllavors.com\/es\/wp-json\/wp\/v2\/pwb-brand?post=36209"},{"taxonomy":"product_brand","embeddable":true,"href":"https:\/\/somllavors.com\/es\/wp-json\/wp\/v2\/product_brand?post=36209"},{"taxonomy":"product_cat","embeddable":true,"href":"https:\/\/somllavors.com\/es\/wp-json\/wp\/v2\/product_cat?post=36209"},{"taxonomy":"product_tag","embeddable":true,"href":"https:\/\/somllavors.com\/es\/wp-json\/wp\/v2\/product_tag?post=36209"}],"curies":[{"name":"wp","href":"https:\/\/api.w.org\/{rel}","templated":true}]}}