{"id":36253,"date":"2023-03-14T12:04:27","date_gmt":"2023-03-14T11:04:27","guid":{"rendered":"https:\/\/somllavors.com\/producto\/portadocumentos-con-cremallera-floral-mint-lassig\/"},"modified":"2023-03-14T12:04:27","modified_gmt":"2023-03-14T11:04:27","slug":"portadocumentos-floral-mint-lassig","status":"publish","type":"product","link":"https:\/\/somllavors.com\/es\/producte\/portadocumentos-floral-mint-lassig","title":{"rendered":"Portadocumentos con cremallera Floral Mint &#8211; Lassig"},"content":{"rendered":"<ul>\n<li>Material: 100% poli\u00e9ster<\/li>\n<li>Instrucciones de cuidado: Limpie con un pa\u00f1o h\u00famedo.<\/li>\n<li>Medidas: Longitud (cm): 16,5, Ancho (cm): 2,5, Altura (cm): 22,5<\/li>\n<\/ul>\n","protected":false},"excerpt":{"rendered":"<p>El portadocumentos de L\u00e4ssig proporciona espacio para todos los documentos importantes, tanto durante como despu\u00e9s del embarazo.<\/p>\n<ul>\n<li>Este porta documentos ofrece suficientes compartimentos para que tenga todo al alcance y bien ordenado: el registro de maternidad, tarjeta sanitaria, libreta m\u00e9dica,&#8230;<\/li>\n<li>Tambi\u00e9n es ideal como accesorio cuando viaja, ya que lo tiene todo a mano: pasaporte, boletos y vales.<\/li>\n<li>La pr\u00e1ctica bolsa para documentos tiene un cierre perif\u00e9rico para que todos los documentos se puedan almacenar de forma segura.<\/li>\n<li>Varios bolsillos en ambos lados interiores (incluidos 7 bolsillos para tarjetas en un lado y 3 bolsillos para port\u00e1tiles en el otro lado), as\u00ed como un compartimento transparente y un porta bol\u00edgrafo permiten que todo est\u00e9 claramente organizado.<\/li>\n<li>Un compartimento con cremallera en la parte trasera lo complementa, ya que tambi\u00e9n se puede utilizar como bolsa\/cartera. Un verdadero todoterreno.<\/li>\n<\/ul>\n<p>&nbsp;<\/p>\n","protected":false},"featured_media":35689,"template":"","meta":{"_acf_changed":false,"site-sidebar-layout":"default","site-content-layout":"default","ast-site-content-layout":"default","site-content-style":"default","site-sidebar-style":"default","ast-global-header-display":"","ast-banner-title-visibility":"","ast-main-header-display":"","ast-hfb-above-header-display":"","ast-hfb-below-header-display":"","ast-hfb-mobile-header-display":"","site-post-title":"","ast-breadcrumbs-content":"","ast-featured-img":"","footer-sml-layout":"","ast-disable-related-posts":"","theme-transparent-header-meta":"default","adv-header-id-meta":"","stick-header-meta":"","header-above-stick-meta":"","header-main-stick-meta":"","header-below-stick-meta":"","astra-migrate-meta-layouts":"default","ast-page-background-enabled":"default","ast-page-background-meta":{"desktop":{"background-color":"","background-image":"","background-repeat":"repeat","background-position":"center center","background-size":"auto","background-attachment":"scroll","background-type":"","background-media":"","overlay-type":"","overlay-color":"","overlay-opacity":"","overlay-gradient":""},"tablet":{"background-color":"","background-image":"","background-repeat":"repeat","background-position":"center center","background-size":"auto","background-attachment":"scroll","background-type":"","background-media":"","overlay-type":"","overlay-color":"","overlay-opacity":"","overlay-gradient":""},"mobile":{"background-color":"","background-image":"","background-repeat":"repeat","background-position":"center center","background-size":"auto","background-attachment":"scroll","background-type":"","background-media":"","overlay-type":"","overlay-color":"","overlay-opacity":"","overlay-gradient":""}},"ast-content-background-meta":{"desktop":{"background-color":"var(--ast-global-color-5)","background-image":"","background-repeat":"repeat","background-position":"center center","background-size":"auto","background-attachment":"scroll","background-type":"","background-media":"","overlay-type":"","overlay-color":"","overlay-opacity":"","overlay-gradient":""},"tablet":{"background-color":"var(--ast-global-color-5)","background-image":"","background-repeat":"repeat","background-position":"center center","background-size":"auto","background-attachment":"scroll","background-type":"","background-media":"","overlay-type":"","overlay-color":"","overlay-opacity":"","overlay-gradient":""},"mobile":{"background-color":"var(--ast-global-color-5)","background-image":"","background-repeat":"repeat","background-position":"center center","background-size":"auto","background-attachment":"scroll","background-type":"","background-media":"","overlay-type":"","overlay-color":"","overlay-opacity":"","overlay-gradient":""}}},"pwb-brand":[4108],"product_brand":[],"product_cat":[3597],"product_tag":[2148,3800],"class_list":{"0":"post-36253","1":"product","2":"type-product","3":"status-publish","4":"has-post-thumbnail","6":"pwb-brand-lassig","7":"product_cat-portadocumentos","8":"product_tag-lassig-es","9":"product_tag-portadocumentos-es","10":"desktop-align-left","11":"tablet-align-left","12":"mobile-align-left","14":"first","15":"outofstock","16":"taxable","17":"shipping-taxable","18":"purchasable","19":"product-type-simple"},"acf":[],"yoast_head":"<!-- This site is optimized with the Yoast SEO Premium plugin v18.3 (Yoast SEO v27.4) - https:\/\/yoast.com\/product\/yoast-seo-premium-wordpress\/ -->\n<title>Portadocumentos con cremallera Floral Mint - Lassig &#8212; Som Llavors<\/title>\n<meta name=\"description\" content=\"El portadocumentos de L\u00e4ssig proporciona espacio para todos los documentos importantes, tanto durante como despu\u00e9s del embarazo.  Este porta documentos ofrece suficientes compartimentos para que tenga todo al alcance y bien ordenado: el registro de maternidad, tarjeta sanitaria, libreta m\u00e9dica,...  Tambi\u00e9n es ideal como accesorio cuando viaja, ya que lo tiene todo a mano: pasaporte, boletos y vales.  La pr\u00e1ctica bolsa para documentos tiene un cierre perif\u00e9rico para que todos los documentos se puedan almacenar de forma segura.  Varios bolsillos en ambos lados interiores (incluidos 7 bolsillos para tarjetas en un lado y 3 bolsillos para port\u00e1tiles en el otro lado), as\u00ed como un compartimento transparente y un porta bol\u00edgrafo permiten que todo est\u00e9 claramente organizado.  Un compartimento con cremallera en la parte trasera lo complementa, ya que tambi\u00e9n se puede utilizar como bolsa\/cartera. Un verdadero todoterreno. &nbsp;\" \/>\n<meta name=\"robots\" content=\"index, follow, max-snippet:-1, max-image-preview:large, max-video-preview:-1\" \/>\n<link rel=\"canonical\" href=\"https:\/\/somllavors.com\/es\/producte\/portadocumentos-floral-mint-lassig\" \/>\n<meta property=\"og:locale\" content=\"es_ES\" \/>\n<meta property=\"og:type\" content=\"article\" \/>\n<meta property=\"og:title\" content=\"Portadocumentos con cremallera Floral Mint - Lassig\" \/>\n<meta property=\"og:description\" content=\"La teva botiga d\u2019ecocrian\u00e7a i espai d\u2019acompanyament a la maternitat\" \/>\n<meta property=\"og:url\" content=\"https:\/\/somllavors.com\/es\/producte\/portadocumentos-floral-mint-lassig\" \/>\n<meta property=\"og:site_name\" content=\"Som Llavors\" \/>\n<meta property=\"article:publisher\" content=\"https:\/\/www.facebook.com\/somllavorsvng\/?locale=ca_ES\" \/>\n<meta property=\"og:image\" content=\"https:\/\/somllavors.com\/wp-content\/uploads\/2023\/03\/1106010556.jpg\" \/>\n\t<meta property=\"og:image:width\" content=\"768\" \/>\n\t<meta property=\"og:image:height\" content=\"768\" \/>\n\t<meta property=\"og:image:type\" content=\"image\/jpeg\" \/>\n<meta name=\"twitter:card\" content=\"summary_large_image\" \/>\n<meta name=\"twitter:label1\" content=\"Precio\" \/>\n\t<meta name=\"twitter:data1\" content=\"31,30&euro; Iva incl\u00f2s\" \/>\n\t<meta name=\"twitter:label2\" content=\"Availability\" \/>\n\t<meta name=\"twitter:data2\" content=\"Out of stock\" \/>\n<script type=\"application\/ld+json\" class=\"yoast-schema-graph\">{\"@context\":\"https:\\\/\\\/schema.org\",\"@graph\":[{\"@type\":\"WebPage\",\"@id\":\"https:\\\/\\\/somllavors.com\\\/es\\\/producte\\\/portadocumentos-floral-mint-lassig\",\"url\":\"https:\\\/\\\/somllavors.com\\\/es\\\/producte\\\/portadocumentos-floral-mint-lassig\",\"name\":\"Portadocumentos con cremallera Floral Mint - Lassig &#8212; Som Llavors\",\"isPartOf\":{\"@id\":\"https:\\\/\\\/somllavors.com\\\/es#website\"},\"primaryImageOfPage\":{\"@id\":\"https:\\\/\\\/somllavors.com\\\/es\\\/producte\\\/portadocumentos-floral-mint-lassig#primaryimage\"},\"image\":{\"@id\":\"https:\\\/\\\/somllavors.com\\\/es\\\/producte\\\/portadocumentos-floral-mint-lassig#primaryimage\"},\"thumbnailUrl\":\"https:\\\/\\\/somllavors.com\\\/wp-content\\\/uploads\\\/2023\\\/03\\\/1106010556.jpg\",\"datePublished\":\"2023-03-14T11:04:27+00:00\",\"description\":\"El portadocumentos de L\u00e4ssig proporciona espacio para todos los documentos importantes, tanto durante como despu\u00e9s del embarazo. Este porta documentos ofrece suficientes compartimentos para que tenga todo al alcance y bien ordenado: el registro de maternidad, tarjeta sanitaria, libreta m\u00e9dica,... Tambi\u00e9n es ideal como accesorio cuando viaja, ya que lo tiene todo a mano: pasaporte, boletos y vales. La pr\u00e1ctica bolsa para documentos tiene un cierre perif\u00e9rico para que todos los documentos se puedan almacenar de forma segura. Varios bolsillos en ambos lados interiores (incluidos 7 bolsillos para tarjetas en un lado y 3 bolsillos para port\u00e1tiles en el otro lado), as\u00ed como un compartimento transparente y un porta bol\u00edgrafo permiten que todo est\u00e9 claramente organizado. Un compartimento con cremallera en la parte trasera lo complementa, ya que tambi\u00e9n se puede utilizar como bolsa\\\/cartera. Un verdadero todoterreno. &nbsp;\",\"breadcrumb\":{\"@id\":\"https:\\\/\\\/somllavors.com\\\/es\\\/producte\\\/portadocumentos-floral-mint-lassig#breadcrumb\"},\"inLanguage\":\"es\",\"potentialAction\":[{\"@type\":\"ReadAction\",\"target\":[\"https:\\\/\\\/somllavors.com\\\/es\\\/producte\\\/portadocumentos-floral-mint-lassig\"]}]},{\"@type\":\"ImageObject\",\"inLanguage\":\"es\",\"@id\":\"https:\\\/\\\/somllavors.com\\\/es\\\/producte\\\/portadocumentos-floral-mint-lassig#primaryimage\",\"url\":\"https:\\\/\\\/somllavors.com\\\/wp-content\\\/uploads\\\/2023\\\/03\\\/1106010556.jpg\",\"contentUrl\":\"https:\\\/\\\/somllavors.com\\\/wp-content\\\/uploads\\\/2023\\\/03\\\/1106010556.jpg\",\"width\":768,\"height\":768,\"caption\":\"portadocumentos r\u00edgido Lassig\"},{\"@type\":\"BreadcrumbList\",\"@id\":\"https:\\\/\\\/somllavors.com\\\/es\\\/producte\\\/portadocumentos-floral-mint-lassig#breadcrumb\",\"itemListElement\":[{\"@type\":\"ListItem\",\"position\":1,\"name\":\"Inici\",\"item\":\"https:\\\/\\\/somllavors.com\\\/es\"},{\"@type\":\"ListItem\",\"position\":2,\"name\":\"Tienda\",\"item\":\"https:\\\/\\\/somllavors.com\\\/es\\\/botiga-2\"},{\"@type\":\"ListItem\",\"position\":3,\"name\":\"Portadocumentos con cremallera Floral Mint &#8211; Lassig\"}]},{\"@type\":\"WebSite\",\"@id\":\"https:\\\/\\\/somllavors.com\\\/es#website\",\"url\":\"https:\\\/\\\/somllavors.com\\\/es\",\"name\":\"Som Llavors\",\"description\":\"Botiga de crian\u00e7a natural\",\"publisher\":{\"@id\":\"https:\\\/\\\/somllavors.com\\\/es#organization\"},\"alternateName\":\"Crian\u00e7a Natural i Sostenible\",\"potentialAction\":[{\"@type\":\"SearchAction\",\"target\":{\"@type\":\"EntryPoint\",\"urlTemplate\":\"https:\\\/\\\/somllavors.com\\\/es?s={search_term_string}\"},\"query-input\":{\"@type\":\"PropertyValueSpecification\",\"valueRequired\":true,\"valueName\":\"search_term_string\"}}],\"inLanguage\":\"es\"},{\"@type\":[\"Organization\",\"Place\",\"Store\"],\"@id\":\"https:\\\/\\\/somllavors.com\\\/es#organization\",\"name\":\"Som Llavors\",\"alternateName\":\"Crian\u00e7a Natural i Sostenible\",\"url\":\"https:\\\/\\\/somllavors.com\\\/es\",\"logo\":{\"@id\":\"https:\\\/\\\/somllavors.com\\\/es\\\/producte\\\/portadocumentos-floral-mint-lassig#local-main-organization-logo\"},\"image\":{\"@id\":\"https:\\\/\\\/somllavors.com\\\/es\\\/producte\\\/portadocumentos-floral-mint-lassig#local-main-organization-logo\"},\"sameAs\":[\"https:\\\/\\\/www.facebook.com\\\/somllavorsvng\\\/?locale=ca_ES\",\"https:\\\/\\\/www.instagram.com\\\/somllavors_vng\\\/\",\"https:\\\/\\\/www.youtube.com\\\/@somllavors\"],\"address\":{\"@id\":\"https:\\\/\\\/somllavors.com\\\/es\\\/producte\\\/portadocumentos-floral-mint-lassig#local-main-place-address\"},\"geo\":{\"@type\":\"GeoCoordinates\",\"latitude\":\"41.2257737\",\"longitude\":\"1.723258859\"},\"telephone\":[\"623152704\"],\"openingHoursSpecification\":[{\"@type\":\"OpeningHoursSpecification\",\"dayOfWeek\":[\"Monday\",\"Sunday\"],\"opens\":\"00:00\",\"closes\":\"00:00\"},{\"@type\":\"OpeningHoursSpecification\",\"dayOfWeek\":[\"Tuesday\",\"Wednesday\",\"Thursday\",\"Friday\"],\"opens\":\"10:00\",\"closes\":\"20:00\"},{\"@type\":\"OpeningHoursSpecification\",\"dayOfWeek\":[\"Saturday\"],\"opens\":\"10:00\",\"closes\":\"13:30\"}],\"email\":\"info@somllavors.com\"},{\"@type\":\"PostalAddress\",\"@id\":\"https:\\\/\\\/somllavors.com\\\/es\\\/producte\\\/portadocumentos-floral-mint-lassig#local-main-place-address\",\"streetAddress\":\"Carrer de l'aigua, 6\",\"addressLocality\":\"Vilanova i la Geltr\u00fa\",\"postalCode\":\"08800\",\"addressRegion\":\"Barcelona\",\"addressCountry\":\"ES\"},{\"@type\":\"ImageObject\",\"inLanguage\":\"es\",\"@id\":\"https:\\\/\\\/somllavors.com\\\/es\\\/producte\\\/portadocumentos-floral-mint-lassig#local-main-organization-logo\",\"url\":\"https:\\\/\\\/somllavors.com\\\/wp-content\\\/uploads\\\/Logotip-Som-Llavors.jpg\",\"contentUrl\":\"https:\\\/\\\/somllavors.com\\\/wp-content\\\/uploads\\\/Logotip-Som-Llavors.jpg\",\"width\":1444,\"height\":1323,\"caption\":\"Som Llavors\"}]}<\/script>\n<meta property=\"product:price:amount\" content=\"31.30\" \/>\n<meta property=\"product:price:currency\" content=\"EUR\" \/>\n<meta property=\"og:availability\" content=\"out of stock\" \/>\n<meta property=\"product:availability\" content=\"out of stock\" \/>\n<meta property=\"product:retailer_item_id\" content=\"1106010556\" \/>\n<meta property=\"product:condition\" content=\"new\" \/>\n<meta name=\"geo.placename\" content=\"Vilanova i la Geltr\u00fa\" \/>\n<meta name=\"geo.position\" content=\"41.2257737;1.723258859\" \/>\n<meta name=\"geo.region\" content=\"Espa\u00f1a\" \/>\n<!-- \/ Yoast SEO Premium plugin. -->","yoast_head_json":{"title":"Portadocumentos con cremallera Floral Mint - Lassig &#8212; Som Llavors","description":"El portadocumentos de L\u00e4ssig proporciona espacio para todos los documentos importantes, tanto durante como despu\u00e9s del embarazo.  Este porta documentos ofrece suficientes compartimentos para que tenga todo al alcance y bien ordenado: el registro de maternidad, tarjeta sanitaria, libreta m\u00e9dica,...  Tambi\u00e9n es ideal como accesorio cuando viaja, ya que lo tiene todo a mano: pasaporte, boletos y vales.  La pr\u00e1ctica bolsa para documentos tiene un cierre perif\u00e9rico para que todos los documentos se puedan almacenar de forma segura.  Varios bolsillos en ambos lados interiores (incluidos 7 bolsillos para tarjetas en un lado y 3 bolsillos para port\u00e1tiles en el otro lado), as\u00ed como un compartimento transparente y un porta bol\u00edgrafo permiten que todo est\u00e9 claramente organizado.  Un compartimento con cremallera en la parte trasera lo complementa, ya que tambi\u00e9n se puede utilizar como bolsa\/cartera. Un verdadero todoterreno. &nbsp;","robots":{"index":"index","follow":"follow","max-snippet":"max-snippet:-1","max-image-preview":"max-image-preview:large","max-video-preview":"max-video-preview:-1"},"canonical":"https:\/\/somllavors.com\/es\/producte\/portadocumentos-floral-mint-lassig","og_locale":"es_ES","og_type":"article","og_title":"Portadocumentos con cremallera Floral Mint - Lassig","og_description":"La teva botiga d\u2019ecocrian\u00e7a i espai d\u2019acompanyament a la maternitat","og_url":"https:\/\/somllavors.com\/es\/producte\/portadocumentos-floral-mint-lassig","og_site_name":"Som Llavors","article_publisher":"https:\/\/www.facebook.com\/somllavorsvng\/?locale=ca_ES","og_image":[{"width":768,"height":768,"url":"https:\/\/somllavors.com\/wp-content\/uploads\/2023\/03\/1106010556.jpg","type":"image\/jpeg"}],"twitter_card":"summary_large_image","twitter_misc":{"Precio":"31,30&euro; Iva incl\u00f2s","Availability":"Out of stock"},"schema":{"@context":"https:\/\/schema.org","@graph":[{"@type":"WebPage","@id":"https:\/\/somllavors.com\/es\/producte\/portadocumentos-floral-mint-lassig","url":"https:\/\/somllavors.com\/es\/producte\/portadocumentos-floral-mint-lassig","name":"Portadocumentos con cremallera Floral Mint - Lassig &#8212; Som Llavors","isPartOf":{"@id":"https:\/\/somllavors.com\/es#website"},"primaryImageOfPage":{"@id":"https:\/\/somllavors.com\/es\/producte\/portadocumentos-floral-mint-lassig#primaryimage"},"image":{"@id":"https:\/\/somllavors.com\/es\/producte\/portadocumentos-floral-mint-lassig#primaryimage"},"thumbnailUrl":"https:\/\/somllavors.com\/wp-content\/uploads\/2023\/03\/1106010556.jpg","datePublished":"2023-03-14T11:04:27+00:00","description":"El portadocumentos de L\u00e4ssig proporciona espacio para todos los documentos importantes, tanto durante como despu\u00e9s del embarazo. Este porta documentos ofrece suficientes compartimentos para que tenga todo al alcance y bien ordenado: el registro de maternidad, tarjeta sanitaria, libreta m\u00e9dica,... Tambi\u00e9n es ideal como accesorio cuando viaja, ya que lo tiene todo a mano: pasaporte, boletos y vales. La pr\u00e1ctica bolsa para documentos tiene un cierre perif\u00e9rico para que todos los documentos se puedan almacenar de forma segura. Varios bolsillos en ambos lados interiores (incluidos 7 bolsillos para tarjetas en un lado y 3 bolsillos para port\u00e1tiles en el otro lado), as\u00ed como un compartimento transparente y un porta bol\u00edgrafo permiten que todo est\u00e9 claramente organizado. Un compartimento con cremallera en la parte trasera lo complementa, ya que tambi\u00e9n se puede utilizar como bolsa\/cartera. Un verdadero todoterreno. &nbsp;","breadcrumb":{"@id":"https:\/\/somllavors.com\/es\/producte\/portadocumentos-floral-mint-lassig#breadcrumb"},"inLanguage":"es","potentialAction":[{"@type":"ReadAction","target":["https:\/\/somllavors.com\/es\/producte\/portadocumentos-floral-mint-lassig"]}]},{"@type":"ImageObject","inLanguage":"es","@id":"https:\/\/somllavors.com\/es\/producte\/portadocumentos-floral-mint-lassig#primaryimage","url":"https:\/\/somllavors.com\/wp-content\/uploads\/2023\/03\/1106010556.jpg","contentUrl":"https:\/\/somllavors.com\/wp-content\/uploads\/2023\/03\/1106010556.jpg","width":768,"height":768,"caption":"portadocumentos r\u00edgido Lassig"},{"@type":"BreadcrumbList","@id":"https:\/\/somllavors.com\/es\/producte\/portadocumentos-floral-mint-lassig#breadcrumb","itemListElement":[{"@type":"ListItem","position":1,"name":"Inici","item":"https:\/\/somllavors.com\/es"},{"@type":"ListItem","position":2,"name":"Tienda","item":"https:\/\/somllavors.com\/es\/botiga-2"},{"@type":"ListItem","position":3,"name":"Portadocumentos con cremallera Floral Mint &#8211; Lassig"}]},{"@type":"WebSite","@id":"https:\/\/somllavors.com\/es#website","url":"https:\/\/somllavors.com\/es","name":"Som Llavors","description":"Botiga de crian\u00e7a natural","publisher":{"@id":"https:\/\/somllavors.com\/es#organization"},"alternateName":"Crian\u00e7a Natural i Sostenible","potentialAction":[{"@type":"SearchAction","target":{"@type":"EntryPoint","urlTemplate":"https:\/\/somllavors.com\/es?s={search_term_string}"},"query-input":{"@type":"PropertyValueSpecification","valueRequired":true,"valueName":"search_term_string"}}],"inLanguage":"es"},{"@type":["Organization","Place","Store"],"@id":"https:\/\/somllavors.com\/es#organization","name":"Som Llavors","alternateName":"Crian\u00e7a Natural i Sostenible","url":"https:\/\/somllavors.com\/es","logo":{"@id":"https:\/\/somllavors.com\/es\/producte\/portadocumentos-floral-mint-lassig#local-main-organization-logo"},"image":{"@id":"https:\/\/somllavors.com\/es\/producte\/portadocumentos-floral-mint-lassig#local-main-organization-logo"},"sameAs":["https:\/\/www.facebook.com\/somllavorsvng\/?locale=ca_ES","https:\/\/www.instagram.com\/somllavors_vng\/","https:\/\/www.youtube.com\/@somllavors"],"address":{"@id":"https:\/\/somllavors.com\/es\/producte\/portadocumentos-floral-mint-lassig#local-main-place-address"},"geo":{"@type":"GeoCoordinates","latitude":"41.2257737","longitude":"1.723258859"},"telephone":["623152704","623152704"],"openingHoursSpecification":[{"@type":"OpeningHoursSpecification","dayOfWeek":["Monday","Sunday"],"opens":"00:00","closes":"00:00"},{"@type":"OpeningHoursSpecification","dayOfWeek":["Tuesday","Wednesday","Thursday","Friday"],"opens":"10:00","closes":"20:00"},{"@type":"OpeningHoursSpecification","dayOfWeek":["Saturday"],"opens":"10:00","closes":"13:30"}],"email":"info@somllavors.com"},{"@type":"PostalAddress","@id":"https:\/\/somllavors.com\/es\/producte\/portadocumentos-floral-mint-lassig#local-main-place-address","streetAddress":"Carrer de l'aigua, 6","addressLocality":"Vilanova i la Geltr\u00fa","postalCode":"08800","addressRegion":"Barcelona","addressCountry":"ES"},{"@type":"ImageObject","inLanguage":"es","@id":"https:\/\/somllavors.com\/es\/producte\/portadocumentos-floral-mint-lassig#local-main-organization-logo","url":"https:\/\/somllavors.com\/wp-content\/uploads\/Logotip-Som-Llavors.jpg","contentUrl":"https:\/\/somllavors.com\/wp-content\/uploads\/Logotip-Som-Llavors.jpg","width":1444,"height":1323,"caption":"Som Llavors"}]},"product_price_amount":"31.30","product_price_currency":"EUR","og_availability":"out of stock","product_availability":"out of stock","product_retailer_item_id":"1106010556","product_condition":"new","geo.placename":"Vilanova i la Geltr\u00fa","geo.position":{"lat":"41.2257737","long":"1.723258859"},"geo.region":"Espa\u00f1a"},"brands":[{"id":4108,"name":"Lassig","slug":"lassig"}],"_links":{"self":[{"href":"https:\/\/somllavors.com\/es\/wp-json\/wp\/v2\/product\/36253","targetHints":{"allow":["GET"]}}],"collection":[{"href":"https:\/\/somllavors.com\/es\/wp-json\/wp\/v2\/product"}],"about":[{"href":"https:\/\/somllavors.com\/es\/wp-json\/wp\/v2\/types\/product"}],"wp:featuredmedia":[{"embeddable":true,"href":"https:\/\/somllavors.com\/es\/wp-json\/wp\/v2\/media\/35689"}],"wp:attachment":[{"href":"https:\/\/somllavors.com\/es\/wp-json\/wp\/v2\/media?parent=36253"}],"wp:term":[{"taxonomy":"pwb-brand","embeddable":true,"href":"https:\/\/somllavors.com\/es\/wp-json\/wp\/v2\/pwb-brand?post=36253"},{"taxonomy":"product_brand","embeddable":true,"href":"https:\/\/somllavors.com\/es\/wp-json\/wp\/v2\/product_brand?post=36253"},{"taxonomy":"product_cat","embeddable":true,"href":"https:\/\/somllavors.com\/es\/wp-json\/wp\/v2\/product_cat?post=36253"},{"taxonomy":"product_tag","embeddable":true,"href":"https:\/\/somllavors.com\/es\/wp-json\/wp\/v2\/product_tag?post=36253"}],"curies":[{"name":"wp","href":"https:\/\/api.w.org\/{rel}","templated":true}]}}