{"id":36274,"date":"2023-03-10T17:40:47","date_gmt":"2023-03-10T16:40:47","guid":{"rendered":"https:\/\/somllavors.com\/producto\/mochila-portanadones-evolutiva-fusion-toddler-chevron-walnut-fidella\/"},"modified":"2023-04-14T11:09:01","modified_gmt":"2023-04-14T09:09:01","slug":"mochila-portabebes-evolutiva-fusion-toddler-chevron-walnut-fidella","status":"publish","type":"product","link":"https:\/\/somllavors.com\/es\/producte\/mochila-portabebes-evolutiva-fusion-toddler-chevron-walnut-fidella","title":{"rendered":"Mochila Portabeb\u00e9s Evolutiva Fusion Toddler &#8211; Chevron Walnut &#8211; Fidella"},"content":{"rendered":"<ul>\n<li>Est\u00e1 fabricada en tejido de fular jaquard de 100% algod\u00f3n org\u00e1nico. Esto la hace una mochila muy transpirable y su tejido es extremadamente suave y agradable.<\/li>\n<li>La Mochila Fidella Fusion favorece una posici\u00f3n ergon\u00f3mica para el beb\u00e9. Evita ejercer presi\u00f3n directa sobre su espalda, que todav\u00eda no ha adquirido la primera lordosis. Gracias a su dise\u00f1o, respeta y favorece la posici\u00f3n natural en forma de C.<\/li>\n<li>Los tirantes de la Mochila Fidella Fusion pueden configurarse en dos posiciones, para respetar por completo el desarrollo de la columna vertebral del beb\u00e9.<\/li>\n<li>Permite repartir el peso por el cuerpo del porteador.<\/li>\n<li>Cuenta con un doble tirante comunicado. La parte de arriba o tira delgada, acerca la mochila a nuestro cuerpo. La parte inferior, o tirando corto, permite distribuir el peso en nuestro cuerpo, y subir el peso a las cervicales o repartirlo por todo el cuerpo. De esta forma, el ajuste del tirante corto permite evitar la presi\u00f3n en el suelo p\u00e9lvico. De ah\u00ed que la Fidella Fusion sea adecuada para trajinar en el embarazo, mujeres con ces\u00e1rea,&#8230;<\/li>\n<li>Gran sujeci\u00f3n a la cabeza y cuello del beb\u00e9, mediante dos regulaciones distintas. Tiene una capucha para sostener la cabeza del ni\u00f1o cuando se duerme y doble cierre de seguridad que impide que la mochila pueda desabrocharse accidentalmente.<\/li>\n<li><span style=\"font-size: 16px;\">Posiciones: porteo delante y en la espalda.<\/span><\/li>\n<li>En la lavadora, poner un programa de lavado delicado a baja temperatura.<\/li>\n<li>Cumple con la normativa europea de seguridad ASTM F2236-16a (US).<\/li>\n<\/ul>\n","protected":false},"excerpt":{"rendered":"<p>La mochila Fidella Fusion Toddler es una mochila ergon\u00f3mica y evolutiva que puede utilizarse desde los 3 meses aproximadamente hasta los 30 kg. Est\u00e1 confeccionada en tejido de fular jaquard 100% de algod\u00f3n org\u00e1nico. El panel puede ajustarse por los 4 lados. Por este motivo, siempre se adapta al tama\u00f1o exacto del beb\u00e9, lo que hace que sea una mochila muy ergon\u00f3mica.<\/p>\n","protected":false},"featured_media":34754,"template":"","meta":{"_acf_changed":false,"site-sidebar-layout":"default","site-content-layout":"default","ast-site-content-layout":"default","site-content-style":"default","site-sidebar-style":"default","ast-global-header-display":"","ast-banner-title-visibility":"","ast-main-header-display":"","ast-hfb-above-header-display":"","ast-hfb-below-header-display":"","ast-hfb-mobile-header-display":"","site-post-title":"","ast-breadcrumbs-content":"","ast-featured-img":"","footer-sml-layout":"","ast-disable-related-posts":"","theme-transparent-header-meta":"default","adv-header-id-meta":"","stick-header-meta":"","header-above-stick-meta":"","header-main-stick-meta":"","header-below-stick-meta":"","astra-migrate-meta-layouts":"default","ast-page-background-enabled":"default","ast-page-background-meta":{"desktop":{"background-color":"","background-image":"","background-repeat":"repeat","background-position":"center center","background-size":"auto","background-attachment":"scroll","background-type":"","background-media":"","overlay-type":"","overlay-color":"","overlay-opacity":"","overlay-gradient":""},"tablet":{"background-color":"","background-image":"","background-repeat":"repeat","background-position":"center center","background-size":"auto","background-attachment":"scroll","background-type":"","background-media":"","overlay-type":"","overlay-color":"","overlay-opacity":"","overlay-gradient":""},"mobile":{"background-color":"","background-image":"","background-repeat":"repeat","background-position":"center center","background-size":"auto","background-attachment":"scroll","background-type":"","background-media":"","overlay-type":"","overlay-color":"","overlay-opacity":"","overlay-gradient":""}},"ast-content-background-meta":{"desktop":{"background-color":"var(--ast-global-color-5)","background-image":"","background-repeat":"repeat","background-position":"center center","background-size":"auto","background-attachment":"scroll","background-type":"","background-media":"","overlay-type":"","overlay-color":"","overlay-opacity":"","overlay-gradient":""},"tablet":{"background-color":"var(--ast-global-color-5)","background-image":"","background-repeat":"repeat","background-position":"center center","background-size":"auto","background-attachment":"scroll","background-type":"","background-media":"","overlay-type":"","overlay-color":"","overlay-opacity":"","overlay-gradient":""},"mobile":{"background-color":"var(--ast-global-color-5)","background-image":"","background-repeat":"repeat","background-position":"center center","background-size":"auto","background-attachment":"scroll","background-type":"","background-media":"","overlay-type":"","overlay-color":"","overlay-opacity":"","overlay-gradient":""}}},"pwb-brand":[4120],"product_brand":[],"product_cat":[3606],"product_tag":[2146,2437,2438,2439,3082],"class_list":{"0":"post-36274","1":"product","2":"type-product","3":"status-publish","4":"has-post-thumbnail","6":"pwb-brand-fidella","7":"product_cat-mochilas-ergonomicas","8":"product_tag-algodon-organico-es","9":"product_tag-ergonomica-es","10":"product_tag-evolutiva-es","11":"product_tag-fiella","12":"product_tag-toddler-es","13":"desktop-align-left","14":"tablet-align-left","15":"mobile-align-left","17":"first","18":"instock","19":"taxable","20":"shipping-taxable","21":"purchasable","22":"product-type-simple"},"acf":[],"yoast_head":"<!-- This site is optimized with the Yoast SEO Premium plugin v18.3 (Yoast SEO v27.4) - https:\/\/yoast.com\/product\/yoast-seo-premium-wordpress\/ -->\n<title>Mochila Portabeb\u00e9s Evolutiva Fusion Toddler - Chevron Walnut - Fidella &#8212; Som Llavors<\/title>\n<meta name=\"description\" content=\"La mochila Fidella Fusion Toddler es una mochila ergon\u00f3mica y evolutiva que puede utilizarse desde los 3 meses aproximadamente hasta los 30 kg. Est\u00e1 confeccionada en tejido de fular jaquard 100% de algod\u00f3n org\u00e1nico. El panel puede ajustarse por los 4 lados. Por este motivo, siempre se adapta al tama\u00f1o exacto del beb\u00e9, lo que hace que sea una mochila muy ergon\u00f3mica.\" \/>\n<meta name=\"robots\" content=\"index, follow, max-snippet:-1, max-image-preview:large, max-video-preview:-1\" \/>\n<link rel=\"canonical\" href=\"https:\/\/somllavors.com\/es\/producte\/mochila-portabebes-evolutiva-fusion-toddler-chevron-walnut-fidella\" \/>\n<meta property=\"og:locale\" content=\"es_ES\" \/>\n<meta property=\"og:type\" content=\"article\" \/>\n<meta property=\"og:title\" content=\"Mochila Portabeb\u00e9s Evolutiva Fusion Toddler - Chevron Walnut - Fidella\" \/>\n<meta property=\"og:description\" content=\"La teva botiga d\u2019ecocrian\u00e7a i espai d\u2019acompanyament a la maternitat\" \/>\n<meta property=\"og:url\" content=\"https:\/\/somllavors.com\/es\/producte\/mochila-portabebes-evolutiva-fusion-toddler-chevron-walnut-fidella\" \/>\n<meta property=\"og:site_name\" content=\"Som Llavors\" \/>\n<meta property=\"article:publisher\" content=\"https:\/\/www.facebook.com\/somllavorsvng\/?locale=ca_ES\" \/>\n<meta property=\"article:modified_time\" content=\"2023-04-14T09:09:01+00:00\" \/>\n<meta property=\"og:image\" content=\"https:\/\/somllavors.com\/wp-content\/uploads\/2023\/03\/mochila-portabebes-fidella-fusion-2-chevron-marron-Som-Llavors-Evolutiva1-e1678466741204.jpg\" \/>\n\t<meta property=\"og:image:width\" content=\"1100\" \/>\n\t<meta property=\"og:image:height\" content=\"1422\" \/>\n\t<meta property=\"og:image:type\" content=\"image\/jpeg\" \/>\n<meta name=\"twitter:card\" content=\"summary_large_image\" \/>\n<meta name=\"twitter:label1\" content=\"Precio\" \/>\n\t<meta name=\"twitter:data1\" content=\"149,95&euro; Iva incl\u00f2s\" \/>\n\t<meta name=\"twitter:label2\" content=\"Availability\" \/>\n\t<meta name=\"twitter:data2\" content=\"Hay existencias\" \/>\n<script type=\"application\/ld+json\" class=\"yoast-schema-graph\">{\"@context\":\"https:\\\/\\\/schema.org\",\"@graph\":[{\"@type\":\"WebPage\",\"@id\":\"https:\\\/\\\/somllavors.com\\\/es\\\/producte\\\/mochila-portabebes-evolutiva-fusion-toddler-chevron-walnut-fidella\",\"url\":\"https:\\\/\\\/somllavors.com\\\/es\\\/producte\\\/mochila-portabebes-evolutiva-fusion-toddler-chevron-walnut-fidella\",\"name\":\"Mochila Portabeb\u00e9s Evolutiva Fusion Toddler - Chevron Walnut - Fidella &#8212; Som Llavors\",\"isPartOf\":{\"@id\":\"https:\\\/\\\/somllavors.com\\\/es#website\"},\"primaryImageOfPage\":{\"@id\":\"https:\\\/\\\/somllavors.com\\\/es\\\/producte\\\/mochila-portabebes-evolutiva-fusion-toddler-chevron-walnut-fidella#primaryimage\"},\"image\":{\"@id\":\"https:\\\/\\\/somllavors.com\\\/es\\\/producte\\\/mochila-portabebes-evolutiva-fusion-toddler-chevron-walnut-fidella#primaryimage\"},\"thumbnailUrl\":\"https:\\\/\\\/somllavors.com\\\/wp-content\\\/uploads\\\/2023\\\/03\\\/mochila-portabebes-fidella-fusion-2-chevron-marron-Som-Llavors-Evolutiva1-e1678466741204.jpg\",\"datePublished\":\"2023-03-10T16:40:47+00:00\",\"dateModified\":\"2023-04-14T09:09:01+00:00\",\"description\":\"La mochila Fidella Fusion Toddler es una mochila ergon\u00f3mica y evolutiva que puede utilizarse desde los 3 meses aproximadamente hasta los 30 kg. Est\u00e1 confeccionada en tejido de fular jaquard 100% de algod\u00f3n org\u00e1nico. El panel puede ajustarse por los 4 lados. Por este motivo, siempre se adapta al tama\u00f1o exacto del beb\u00e9, lo que hace que sea una mochila muy ergon\u00f3mica.\",\"breadcrumb\":{\"@id\":\"https:\\\/\\\/somllavors.com\\\/es\\\/producte\\\/mochila-portabebes-evolutiva-fusion-toddler-chevron-walnut-fidella#breadcrumb\"},\"inLanguage\":\"es\",\"potentialAction\":[{\"@type\":\"ReadAction\",\"target\":[\"https:\\\/\\\/somllavors.com\\\/es\\\/producte\\\/mochila-portabebes-evolutiva-fusion-toddler-chevron-walnut-fidella\"]}]},{\"@type\":\"ImageObject\",\"inLanguage\":\"es\",\"@id\":\"https:\\\/\\\/somllavors.com\\\/es\\\/producte\\\/mochila-portabebes-evolutiva-fusion-toddler-chevron-walnut-fidella#primaryimage\",\"url\":\"https:\\\/\\\/somllavors.com\\\/wp-content\\\/uploads\\\/2023\\\/03\\\/mochila-portabebes-fidella-fusion-2-chevron-marron-Som-Llavors-Evolutiva1-e1678466741204.jpg\",\"contentUrl\":\"https:\\\/\\\/somllavors.com\\\/wp-content\\\/uploads\\\/2023\\\/03\\\/mochila-portabebes-fidella-fusion-2-chevron-marron-Som-Llavors-Evolutiva1-e1678466741204.jpg\",\"width\":1100,\"height\":1422,\"caption\":\"Fidella toddler\"},{\"@type\":\"BreadcrumbList\",\"@id\":\"https:\\\/\\\/somllavors.com\\\/es\\\/producte\\\/mochila-portabebes-evolutiva-fusion-toddler-chevron-walnut-fidella#breadcrumb\",\"itemListElement\":[{\"@type\":\"ListItem\",\"position\":1,\"name\":\"Inici\",\"item\":\"https:\\\/\\\/somllavors.com\\\/es\"},{\"@type\":\"ListItem\",\"position\":2,\"name\":\"Tienda\",\"item\":\"https:\\\/\\\/somllavors.com\\\/es\\\/botiga-2\"},{\"@type\":\"ListItem\",\"position\":3,\"name\":\"Mochila Portabeb\u00e9s Evolutiva Fusion Toddler &#8211; Chevron Walnut &#8211; Fidella\"}]},{\"@type\":\"WebSite\",\"@id\":\"https:\\\/\\\/somllavors.com\\\/es#website\",\"url\":\"https:\\\/\\\/somllavors.com\\\/es\",\"name\":\"Som Llavors\",\"description\":\"Botiga de crian\u00e7a natural\",\"publisher\":{\"@id\":\"https:\\\/\\\/somllavors.com\\\/es#organization\"},\"alternateName\":\"Crian\u00e7a Natural i Sostenible\",\"potentialAction\":[{\"@type\":\"SearchAction\",\"target\":{\"@type\":\"EntryPoint\",\"urlTemplate\":\"https:\\\/\\\/somllavors.com\\\/es?s={search_term_string}\"},\"query-input\":{\"@type\":\"PropertyValueSpecification\",\"valueRequired\":true,\"valueName\":\"search_term_string\"}}],\"inLanguage\":\"es\"},{\"@type\":[\"Organization\",\"Place\",\"Store\"],\"@id\":\"https:\\\/\\\/somllavors.com\\\/es#organization\",\"name\":\"Som Llavors\",\"alternateName\":\"Crian\u00e7a Natural i Sostenible\",\"url\":\"https:\\\/\\\/somllavors.com\\\/es\",\"logo\":{\"@id\":\"https:\\\/\\\/somllavors.com\\\/es\\\/producte\\\/mochila-portabebes-evolutiva-fusion-toddler-chevron-walnut-fidella#local-main-organization-logo\"},\"image\":{\"@id\":\"https:\\\/\\\/somllavors.com\\\/es\\\/producte\\\/mochila-portabebes-evolutiva-fusion-toddler-chevron-walnut-fidella#local-main-organization-logo\"},\"sameAs\":[\"https:\\\/\\\/www.facebook.com\\\/somllavorsvng\\\/?locale=ca_ES\",\"https:\\\/\\\/www.instagram.com\\\/somllavors_vng\\\/\",\"https:\\\/\\\/www.youtube.com\\\/@somllavors\"],\"address\":{\"@id\":\"https:\\\/\\\/somllavors.com\\\/es\\\/producte\\\/mochila-portabebes-evolutiva-fusion-toddler-chevron-walnut-fidella#local-main-place-address\"},\"geo\":{\"@type\":\"GeoCoordinates\",\"latitude\":\"41.2257737\",\"longitude\":\"1.723258859\"},\"telephone\":[\"623152704\"],\"openingHoursSpecification\":[{\"@type\":\"OpeningHoursSpecification\",\"dayOfWeek\":[\"Monday\",\"Sunday\"],\"opens\":\"00:00\",\"closes\":\"00:00\"},{\"@type\":\"OpeningHoursSpecification\",\"dayOfWeek\":[\"Tuesday\",\"Wednesday\",\"Thursday\",\"Friday\"],\"opens\":\"10:00\",\"closes\":\"20:00\"},{\"@type\":\"OpeningHoursSpecification\",\"dayOfWeek\":[\"Saturday\"],\"opens\":\"10:00\",\"closes\":\"13:30\"}],\"email\":\"info@somllavors.com\"},{\"@type\":\"PostalAddress\",\"@id\":\"https:\\\/\\\/somllavors.com\\\/es\\\/producte\\\/mochila-portabebes-evolutiva-fusion-toddler-chevron-walnut-fidella#local-main-place-address\",\"streetAddress\":\"Carrer de l'aigua, 6\",\"addressLocality\":\"Vilanova i la Geltr\u00fa\",\"postalCode\":\"08800\",\"addressRegion\":\"Barcelona\",\"addressCountry\":\"ES\"},{\"@type\":\"ImageObject\",\"inLanguage\":\"es\",\"@id\":\"https:\\\/\\\/somllavors.com\\\/es\\\/producte\\\/mochila-portabebes-evolutiva-fusion-toddler-chevron-walnut-fidella#local-main-organization-logo\",\"url\":\"https:\\\/\\\/somllavors.com\\\/wp-content\\\/uploads\\\/Logotip-Som-Llavors.jpg\",\"contentUrl\":\"https:\\\/\\\/somllavors.com\\\/wp-content\\\/uploads\\\/Logotip-Som-Llavors.jpg\",\"width\":1444,\"height\":1323,\"caption\":\"Som Llavors\"}]}<\/script>\n<meta property=\"product:price:amount\" content=\"149.95\" \/>\n<meta property=\"product:price:currency\" content=\"EUR\" \/>\n<meta property=\"og:availability\" content=\"instock\" \/>\n<meta property=\"product:availability\" content=\"instock\" \/>\n<meta property=\"product:retailer_item_id\" content=\"F-FU-T-CHBR- 9982\" \/>\n<meta property=\"product:condition\" content=\"new\" \/>\n<meta name=\"geo.placename\" content=\"Vilanova i la Geltr\u00fa\" \/>\n<meta name=\"geo.position\" content=\"41.2257737;1.723258859\" \/>\n<meta name=\"geo.region\" content=\"Espa\u00f1a\" \/>\n<!-- \/ Yoast SEO Premium plugin. -->","yoast_head_json":{"title":"Mochila Portabeb\u00e9s Evolutiva Fusion Toddler - Chevron Walnut - Fidella &#8212; Som Llavors","description":"La mochila Fidella Fusion Toddler es una mochila ergon\u00f3mica y evolutiva que puede utilizarse desde los 3 meses aproximadamente hasta los 30 kg. Est\u00e1 confeccionada en tejido de fular jaquard 100% de algod\u00f3n org\u00e1nico. El panel puede ajustarse por los 4 lados. Por este motivo, siempre se adapta al tama\u00f1o exacto del beb\u00e9, lo que hace que sea una mochila muy ergon\u00f3mica.","robots":{"index":"index","follow":"follow","max-snippet":"max-snippet:-1","max-image-preview":"max-image-preview:large","max-video-preview":"max-video-preview:-1"},"canonical":"https:\/\/somllavors.com\/es\/producte\/mochila-portabebes-evolutiva-fusion-toddler-chevron-walnut-fidella","og_locale":"es_ES","og_type":"article","og_title":"Mochila Portabeb\u00e9s Evolutiva Fusion Toddler - Chevron Walnut - Fidella","og_description":"La teva botiga d\u2019ecocrian\u00e7a i espai d\u2019acompanyament a la maternitat","og_url":"https:\/\/somllavors.com\/es\/producte\/mochila-portabebes-evolutiva-fusion-toddler-chevron-walnut-fidella","og_site_name":"Som Llavors","article_publisher":"https:\/\/www.facebook.com\/somllavorsvng\/?locale=ca_ES","article_modified_time":"2023-04-14T09:09:01+00:00","og_image":[{"width":1100,"height":1422,"url":"https:\/\/somllavors.com\/wp-content\/uploads\/2023\/03\/mochila-portabebes-fidella-fusion-2-chevron-marron-Som-Llavors-Evolutiva1-e1678466741204.jpg","type":"image\/jpeg"}],"twitter_card":"summary_large_image","twitter_misc":{"Precio":"149,95&euro; Iva incl\u00f2s","Availability":"Hay existencias"},"schema":{"@context":"https:\/\/schema.org","@graph":[{"@type":"WebPage","@id":"https:\/\/somllavors.com\/es\/producte\/mochila-portabebes-evolutiva-fusion-toddler-chevron-walnut-fidella","url":"https:\/\/somllavors.com\/es\/producte\/mochila-portabebes-evolutiva-fusion-toddler-chevron-walnut-fidella","name":"Mochila Portabeb\u00e9s Evolutiva Fusion Toddler - Chevron Walnut - Fidella &#8212; Som Llavors","isPartOf":{"@id":"https:\/\/somllavors.com\/es#website"},"primaryImageOfPage":{"@id":"https:\/\/somllavors.com\/es\/producte\/mochila-portabebes-evolutiva-fusion-toddler-chevron-walnut-fidella#primaryimage"},"image":{"@id":"https:\/\/somllavors.com\/es\/producte\/mochila-portabebes-evolutiva-fusion-toddler-chevron-walnut-fidella#primaryimage"},"thumbnailUrl":"https:\/\/somllavors.com\/wp-content\/uploads\/2023\/03\/mochila-portabebes-fidella-fusion-2-chevron-marron-Som-Llavors-Evolutiva1-e1678466741204.jpg","datePublished":"2023-03-10T16:40:47+00:00","dateModified":"2023-04-14T09:09:01+00:00","description":"La mochila Fidella Fusion Toddler es una mochila ergon\u00f3mica y evolutiva que puede utilizarse desde los 3 meses aproximadamente hasta los 30 kg. Est\u00e1 confeccionada en tejido de fular jaquard 100% de algod\u00f3n org\u00e1nico. El panel puede ajustarse por los 4 lados. Por este motivo, siempre se adapta al tama\u00f1o exacto del beb\u00e9, lo que hace que sea una mochila muy ergon\u00f3mica.","breadcrumb":{"@id":"https:\/\/somllavors.com\/es\/producte\/mochila-portabebes-evolutiva-fusion-toddler-chevron-walnut-fidella#breadcrumb"},"inLanguage":"es","potentialAction":[{"@type":"ReadAction","target":["https:\/\/somllavors.com\/es\/producte\/mochila-portabebes-evolutiva-fusion-toddler-chevron-walnut-fidella"]}]},{"@type":"ImageObject","inLanguage":"es","@id":"https:\/\/somllavors.com\/es\/producte\/mochila-portabebes-evolutiva-fusion-toddler-chevron-walnut-fidella#primaryimage","url":"https:\/\/somllavors.com\/wp-content\/uploads\/2023\/03\/mochila-portabebes-fidella-fusion-2-chevron-marron-Som-Llavors-Evolutiva1-e1678466741204.jpg","contentUrl":"https:\/\/somllavors.com\/wp-content\/uploads\/2023\/03\/mochila-portabebes-fidella-fusion-2-chevron-marron-Som-Llavors-Evolutiva1-e1678466741204.jpg","width":1100,"height":1422,"caption":"Fidella toddler"},{"@type":"BreadcrumbList","@id":"https:\/\/somllavors.com\/es\/producte\/mochila-portabebes-evolutiva-fusion-toddler-chevron-walnut-fidella#breadcrumb","itemListElement":[{"@type":"ListItem","position":1,"name":"Inici","item":"https:\/\/somllavors.com\/es"},{"@type":"ListItem","position":2,"name":"Tienda","item":"https:\/\/somllavors.com\/es\/botiga-2"},{"@type":"ListItem","position":3,"name":"Mochila Portabeb\u00e9s Evolutiva Fusion Toddler &#8211; Chevron Walnut &#8211; Fidella"}]},{"@type":"WebSite","@id":"https:\/\/somllavors.com\/es#website","url":"https:\/\/somllavors.com\/es","name":"Som Llavors","description":"Botiga de crian\u00e7a natural","publisher":{"@id":"https:\/\/somllavors.com\/es#organization"},"alternateName":"Crian\u00e7a Natural i Sostenible","potentialAction":[{"@type":"SearchAction","target":{"@type":"EntryPoint","urlTemplate":"https:\/\/somllavors.com\/es?s={search_term_string}"},"query-input":{"@type":"PropertyValueSpecification","valueRequired":true,"valueName":"search_term_string"}}],"inLanguage":"es"},{"@type":["Organization","Place","Store"],"@id":"https:\/\/somllavors.com\/es#organization","name":"Som Llavors","alternateName":"Crian\u00e7a Natural i Sostenible","url":"https:\/\/somllavors.com\/es","logo":{"@id":"https:\/\/somllavors.com\/es\/producte\/mochila-portabebes-evolutiva-fusion-toddler-chevron-walnut-fidella#local-main-organization-logo"},"image":{"@id":"https:\/\/somllavors.com\/es\/producte\/mochila-portabebes-evolutiva-fusion-toddler-chevron-walnut-fidella#local-main-organization-logo"},"sameAs":["https:\/\/www.facebook.com\/somllavorsvng\/?locale=ca_ES","https:\/\/www.instagram.com\/somllavors_vng\/","https:\/\/www.youtube.com\/@somllavors"],"address":{"@id":"https:\/\/somllavors.com\/es\/producte\/mochila-portabebes-evolutiva-fusion-toddler-chevron-walnut-fidella#local-main-place-address"},"geo":{"@type":"GeoCoordinates","latitude":"41.2257737","longitude":"1.723258859"},"telephone":["623152704","623152704"],"openingHoursSpecification":[{"@type":"OpeningHoursSpecification","dayOfWeek":["Monday","Sunday"],"opens":"00:00","closes":"00:00"},{"@type":"OpeningHoursSpecification","dayOfWeek":["Tuesday","Wednesday","Thursday","Friday"],"opens":"10:00","closes":"20:00"},{"@type":"OpeningHoursSpecification","dayOfWeek":["Saturday"],"opens":"10:00","closes":"13:30"}],"email":"info@somllavors.com"},{"@type":"PostalAddress","@id":"https:\/\/somllavors.com\/es\/producte\/mochila-portabebes-evolutiva-fusion-toddler-chevron-walnut-fidella#local-main-place-address","streetAddress":"Carrer de l'aigua, 6","addressLocality":"Vilanova i la Geltr\u00fa","postalCode":"08800","addressRegion":"Barcelona","addressCountry":"ES"},{"@type":"ImageObject","inLanguage":"es","@id":"https:\/\/somllavors.com\/es\/producte\/mochila-portabebes-evolutiva-fusion-toddler-chevron-walnut-fidella#local-main-organization-logo","url":"https:\/\/somllavors.com\/wp-content\/uploads\/Logotip-Som-Llavors.jpg","contentUrl":"https:\/\/somllavors.com\/wp-content\/uploads\/Logotip-Som-Llavors.jpg","width":1444,"height":1323,"caption":"Som Llavors"}]},"product_price_amount":"149.95","product_price_currency":"EUR","og_availability":"instock","product_availability":"instock","product_retailer_item_id":"F-FU-T-CHBR- 9982","product_condition":"new","geo.placename":"Vilanova i la Geltr\u00fa","geo.position":{"lat":"41.2257737","long":"1.723258859"},"geo.region":"Espa\u00f1a"},"brands":[{"id":4120,"name":"Fidella","slug":"fidella"}],"_links":{"self":[{"href":"https:\/\/somllavors.com\/es\/wp-json\/wp\/v2\/product\/36274","targetHints":{"allow":["GET"]}}],"collection":[{"href":"https:\/\/somllavors.com\/es\/wp-json\/wp\/v2\/product"}],"about":[{"href":"https:\/\/somllavors.com\/es\/wp-json\/wp\/v2\/types\/product"}],"wp:featuredmedia":[{"embeddable":true,"href":"https:\/\/somllavors.com\/es\/wp-json\/wp\/v2\/media\/34754"}],"wp:attachment":[{"href":"https:\/\/somllavors.com\/es\/wp-json\/wp\/v2\/media?parent=36274"}],"wp:term":[{"taxonomy":"pwb-brand","embeddable":true,"href":"https:\/\/somllavors.com\/es\/wp-json\/wp\/v2\/pwb-brand?post=36274"},{"taxonomy":"product_brand","embeddable":true,"href":"https:\/\/somllavors.com\/es\/wp-json\/wp\/v2\/product_brand?post=36274"},{"taxonomy":"product_cat","embeddable":true,"href":"https:\/\/somllavors.com\/es\/wp-json\/wp\/v2\/product_cat?post=36274"},{"taxonomy":"product_tag","embeddable":true,"href":"https:\/\/somllavors.com\/es\/wp-json\/wp\/v2\/product_tag?post=36274"}],"curies":[{"name":"wp","href":"https:\/\/api.w.org\/{rel}","templated":true}]}}