{"id":36295,"date":"2023-02-22T16:07:07","date_gmt":"2023-02-22T15:07:07","guid":{"rendered":"https:\/\/somllavors.com\/producto\/mochila-nature-soft-blue-lassig\/"},"modified":"2023-02-22T16:07:07","modified_gmt":"2023-02-22T15:07:07","slug":"mochila-nature-soft-blue-lassig","status":"publish","type":"product","link":"https:\/\/somllavors.com\/es\/producte\/mochila-nature-soft-blue-lassig","title":{"rendered":"Mochila nature soft blue &#8211; Lassig"},"content":{"rendered":"<ul>\n<li>Este modelo compacto en colores lisos y naturales tiene una capacidad de 9 litros e incluye muchos extras geniales para los ni\u00f1os entusiastas del aire libre, como una colcha impermeable integrada con cierre, una almohadilla termoaislante para sentarse, correas ajustables externas para sujetar una chaqueta, etiqueta por el nombre, un mosquet\u00f3n y reflectores. Tambi\u00e9n viene con una correa en el pecho.<\/li>\n<li>La parte trasera acolchada y las correas acolchadas ajustables para los hombros en altura, aseguran un ajuste c\u00f3modo.<\/li>\n<li>Al mismo tiempo, la mochila es especialmente ligera y robusta.<\/li>\n<li>El gran compartimento principal tiene un cierre de clic para abrir y cerrar f\u00e1cilmente, de esta forma fomentar su autonom\u00eda.<\/li>\n<li>El dise\u00f1o sistem\u00e1tico del interior facilita la organizaci\u00f3n de los contenidos. Dos bolsillos laterales externos, uno de ellos con cremallera termosellada, ofrecen espacio adicional para una botella de agua o paraguas, o incluso un ba\u00f1ador mojado.<\/li>\n<li>La parte inferior de la mochila est\u00e1 hecha de un material revestido que se puede limpiar.<\/li>\n<li>Esta elegante mochila para ni\u00f1os obtiene altas calificaciones no s\u00f3lo por la comodidad y el espacio de almacenamiento generoso, sino tambi\u00e9n por la sostenibilidad. El tejido utilizado es muy robusto y consiste en 100% poli\u00e9ster reciclado.<\/li>\n<li>Material: 100% poli\u00e9ster (hecho de material reciclado). El contenido de material reciclado es equivalente a diez botellas de PET de 17,2 g.<\/li>\n<li>Medidas: longitud (cm): 22, ancho (cm): 12, altura (cm): 32.<\/li>\n<\/ul>\n","protected":false},"excerpt":{"rendered":"<p>La mochila Mini Outdoor Nature cuenta con accesorios pr\u00e1cticos y est\u00e1 fabricada con materiales sostenibles. Esto lo convierte en la compa\u00f1era ideal para excursiones al aire libre, excursiones de senderismo o colonias. Los parches extra\u00edbles permiten a los ni\u00f1os personalizar su mochila impermeable una y otra vez a su gusto.<\/p>\n","protected":false},"featured_media":33668,"template":"","meta":{"_acf_changed":false,"site-sidebar-layout":"default","site-content-layout":"default","ast-site-content-layout":"default","site-content-style":"default","site-sidebar-style":"default","ast-global-header-display":"","ast-banner-title-visibility":"","ast-main-header-display":"","ast-hfb-above-header-display":"","ast-hfb-below-header-display":"","ast-hfb-mobile-header-display":"","site-post-title":"","ast-breadcrumbs-content":"","ast-featured-img":"","footer-sml-layout":"","theme-transparent-header-meta":"default","adv-header-id-meta":"","stick-header-meta":"","header-above-stick-meta":"","header-main-stick-meta":"","header-below-stick-meta":"","astra-migrate-meta-layouts":"default","ast-page-background-enabled":"default","ast-page-background-meta":{"desktop":{"background-color":"","background-image":"","background-repeat":"repeat","background-position":"center center","background-size":"auto","background-attachment":"scroll","background-type":"","background-media":"","overlay-type":"","overlay-color":"","overlay-opacity":"","overlay-gradient":""},"tablet":{"background-color":"","background-image":"","background-repeat":"repeat","background-position":"center center","background-size":"auto","background-attachment":"scroll","background-type":"","background-media":"","overlay-type":"","overlay-color":"","overlay-opacity":"","overlay-gradient":""},"mobile":{"background-color":"","background-image":"","background-repeat":"repeat","background-position":"center center","background-size":"auto","background-attachment":"scroll","background-type":"","background-media":"","overlay-type":"","overlay-color":"","overlay-opacity":"","overlay-gradient":""}},"ast-content-background-meta":{"desktop":{"background-color":"var(--ast-global-color-5)","background-image":"","background-repeat":"repeat","background-position":"center center","background-size":"auto","background-attachment":"scroll","background-type":"","background-media":"","overlay-type":"","overlay-color":"","overlay-opacity":"","overlay-gradient":""},"tablet":{"background-color":"var(--ast-global-color-5)","background-image":"","background-repeat":"repeat","background-position":"center center","background-size":"auto","background-attachment":"scroll","background-type":"","background-media":"","overlay-type":"","overlay-color":"","overlay-opacity":"","overlay-gradient":""},"mobile":{"background-color":"var(--ast-global-color-5)","background-image":"","background-repeat":"repeat","background-position":"center center","background-size":"auto","background-attachment":"scroll","background-type":"","background-media":"","overlay-type":"","overlay-color":"","overlay-opacity":"","overlay-gradient":""}}},"pwb-brand":[4108],"product_brand":[],"product_cat":[3590,3611],"product_tag":[2148,3885,2191,3884,3886],"class_list":{"0":"post-36295","1":"product","2":"type-product","3":"status-publish","4":"has-post-thumbnail","6":"pwb-brand-lassig","7":"product_cat-mochilas","8":"product_cat-vuelta-al-cole","9":"product_tag-lassig-es","10":"product_tag-mini-backpack-es","11":"product_tag-mochila-es","12":"product_tag-nature-es","13":"product_tag-soft-blue-es","14":"desktop-align-left","15":"tablet-align-left","16":"mobile-align-left","18":"first","19":"outofstock","20":"taxable","21":"shipping-taxable","22":"purchasable","23":"product-type-simple"},"acf":[],"yoast_head":"<!-- This site is optimized with the Yoast SEO Premium plugin v18.3 (Yoast SEO v26.2) - https:\/\/yoast.com\/wordpress\/plugins\/seo\/ -->\n<title>Mochila nature soft blue - Lassig &#8212; Som Llavors<\/title>\n<meta name=\"description\" content=\"La mochila Mini Outdoor Nature cuenta con accesorios pr\u00e1cticos y est\u00e1 fabricada con materiales sostenibles. Esto lo convierte en la compa\u00f1era ideal para excursiones al aire libre, excursiones de senderismo o colonias. Los parches extra\u00edbles permiten a los ni\u00f1os personalizar su mochila impermeable una y otra vez a su gusto.\" \/>\n<meta name=\"robots\" content=\"index, follow, max-snippet:-1, max-image-preview:large, max-video-preview:-1\" \/>\n<link rel=\"canonical\" href=\"https:\/\/somllavors.com\/es\/producte\/mochila-nature-soft-blue-lassig\" \/>\n<meta property=\"og:locale\" content=\"es_ES\" \/>\n<meta property=\"og:type\" content=\"article\" \/>\n<meta property=\"og:title\" content=\"Mochila nature soft blue - Lassig\" \/>\n<meta property=\"og:description\" content=\"La teva botiga d\u2019ecocrian\u00e7a i espai d\u2019acompanyament a la maternitat\" \/>\n<meta property=\"og:url\" content=\"https:\/\/somllavors.com\/es\/producte\/mochila-nature-soft-blue-lassig\" \/>\n<meta property=\"og:site_name\" content=\"Som Llavors\" \/>\n<meta property=\"article:publisher\" content=\"https:\/\/www.facebook.com\/somllavorsvng\/?locale=ca_ES\" \/>\n<meta property=\"og:image\" content=\"https:\/\/somllavors.com\/wp-content\/uploads\/2023\/02\/Som-Llavors-5ac.-MINI-BACKPACK-NATURE-LIGHT-BLUE-.jpeg\" \/>\n\t<meta property=\"og:image:width\" content=\"768\" \/>\n\t<meta property=\"og:image:height\" content=\"768\" \/>\n\t<meta property=\"og:image:type\" content=\"image\/jpeg\" \/>\n<meta name=\"twitter:card\" content=\"summary_large_image\" \/>\n<meta name=\"twitter:label1\" content=\"Precio\" \/>\n\t<meta name=\"twitter:data1\" content=\"62,80&euro; Iva incl\u00f2s\" \/>\n\t<meta name=\"twitter:label2\" content=\"Availability\" \/>\n\t<meta name=\"twitter:data2\" content=\"Out of stock\" \/>\n<script type=\"application\/ld+json\" class=\"yoast-schema-graph\">{\"@context\":\"https:\/\/schema.org\",\"@graph\":[{\"@type\":\"WebPage\",\"@id\":\"https:\/\/somllavors.com\/es\/producte\/mochila-nature-soft-blue-lassig\",\"url\":\"https:\/\/somllavors.com\/es\/producte\/mochila-nature-soft-blue-lassig\",\"name\":\"Mochila nature soft blue - Lassig &#8212; Som Llavors\",\"isPartOf\":{\"@id\":\"https:\/\/somllavors.com\/es#website\"},\"primaryImageOfPage\":{\"@id\":\"https:\/\/somllavors.com\/es\/producte\/mochila-nature-soft-blue-lassig#primaryimage\"},\"image\":{\"@id\":\"https:\/\/somllavors.com\/es\/producte\/mochila-nature-soft-blue-lassig#primaryimage\"},\"thumbnailUrl\":\"https:\/\/somllavors.com\/wp-content\/uploads\/2023\/02\/Som-Llavors-5ac.-MINI-BACKPACK-NATURE-LIGHT-BLUE-.jpeg\",\"datePublished\":\"2023-02-22T15:07:07+00:00\",\"description\":\"La mochila Mini Outdoor Nature cuenta con accesorios pr\u00e1cticos y est\u00e1 fabricada con materiales sostenibles. Esto lo convierte en la compa\u00f1era ideal para excursiones al aire libre, excursiones de senderismo o colonias. Los parches extra\u00edbles permiten a los ni\u00f1os personalizar su mochila impermeable una y otra vez a su gusto.\",\"breadcrumb\":{\"@id\":\"https:\/\/somllavors.com\/es\/producte\/mochila-nature-soft-blue-lassig#breadcrumb\"},\"inLanguage\":\"es\",\"potentialAction\":[{\"@type\":\"ReadAction\",\"target\":[\"https:\/\/somllavors.com\/es\/producte\/mochila-nature-soft-blue-lassig\"]}]},{\"@type\":\"ImageObject\",\"inLanguage\":\"es\",\"@id\":\"https:\/\/somllavors.com\/es\/producte\/mochila-nature-soft-blue-lassig#primaryimage\",\"url\":\"https:\/\/somllavors.com\/wp-content\/uploads\/2023\/02\/Som-Llavors-5ac.-MINI-BACKPACK-NATURE-LIGHT-BLUE-.jpeg\",\"contentUrl\":\"https:\/\/somllavors.com\/wp-content\/uploads\/2023\/02\/Som-Llavors-5ac.-MINI-BACKPACK-NATURE-LIGHT-BLUE-.jpeg\",\"width\":768,\"height\":768,\"caption\":\"mochila vuelta al cole backpack nature lassig\"},{\"@type\":\"BreadcrumbList\",\"@id\":\"https:\/\/somllavors.com\/es\/producte\/mochila-nature-soft-blue-lassig#breadcrumb\",\"itemListElement\":[{\"@type\":\"ListItem\",\"position\":1,\"name\":\"Inici\",\"item\":\"https:\/\/somllavors.com\/es\"},{\"@type\":\"ListItem\",\"position\":2,\"name\":\"Tienda\",\"item\":\"https:\/\/somllavors.com\/es\/botiga-2\"},{\"@type\":\"ListItem\",\"position\":3,\"name\":\"Mochila nature soft blue &#8211; Lassig\"}]},{\"@type\":\"WebSite\",\"@id\":\"https:\/\/somllavors.com\/es#website\",\"url\":\"https:\/\/somllavors.com\/es\",\"name\":\"Som Llavors\",\"description\":\"Botiga de crian\u00e7a natural\",\"publisher\":{\"@id\":\"https:\/\/somllavors.com\/es#organization\"},\"alternateName\":\"Crian\u00e7a Natural i Sostenible\",\"potentialAction\":[{\"@type\":\"SearchAction\",\"target\":{\"@type\":\"EntryPoint\",\"urlTemplate\":\"https:\/\/somllavors.com\/es?s={search_term_string}\"},\"query-input\":{\"@type\":\"PropertyValueSpecification\",\"valueRequired\":true,\"valueName\":\"search_term_string\"}}],\"inLanguage\":\"es\"},{\"@type\":[\"Organization\",\"Place\",\"Store\"],\"@id\":\"https:\/\/somllavors.com\/es#organization\",\"name\":\"Som Llavors\",\"alternateName\":\"Crian\u00e7a Natural i Sostenible\",\"url\":\"https:\/\/somllavors.com\/es\",\"logo\":{\"@id\":\"https:\/\/somllavors.com\/es\/producte\/mochila-nature-soft-blue-lassig#local-main-organization-logo\"},\"image\":{\"@id\":\"https:\/\/somllavors.com\/es\/producte\/mochila-nature-soft-blue-lassig#local-main-organization-logo\"},\"sameAs\":[\"https:\/\/www.facebook.com\/somllavorsvng\/?locale=ca_ES\",\"https:\/\/www.instagram.com\/somllavors_vng\/\",\"https:\/\/www.youtube.com\/@somllavors\"],\"address\":{\"@id\":\"https:\/\/somllavors.com\/es\/producte\/mochila-nature-soft-blue-lassig#local-main-place-address\"},\"geo\":{\"@type\":\"GeoCoordinates\",\"latitude\":\"41.2257737\",\"longitude\":\"1.723258859\"},\"telephone\":[\"623152704\"],\"openingHoursSpecification\":[{\"@type\":\"OpeningHoursSpecification\",\"dayOfWeek\":[\"Monday\",\"Sunday\"],\"opens\":\"00:00\",\"closes\":\"00:00\"},{\"@type\":\"OpeningHoursSpecification\",\"dayOfWeek\":[\"Tuesday\",\"Wednesday\",\"Thursday\",\"Friday\"],\"opens\":\"10:00\",\"closes\":\"20:00\"},{\"@type\":\"OpeningHoursSpecification\",\"dayOfWeek\":[\"Saturday\"],\"opens\":\"10:00\",\"closes\":\"13:30\"}],\"email\":\"info@somllavors.com\"},{\"@type\":\"PostalAddress\",\"@id\":\"https:\/\/somllavors.com\/es\/producte\/mochila-nature-soft-blue-lassig#local-main-place-address\",\"streetAddress\":\"Carrer de l'aigua, 6\",\"addressLocality\":\"Vilanova i la Geltr\u00fa\",\"postalCode\":\"08800\",\"addressRegion\":\"Barcelona\",\"addressCountry\":\"ES\"},{\"@type\":\"ImageObject\",\"inLanguage\":\"es\",\"@id\":\"https:\/\/somllavors.com\/es\/producte\/mochila-nature-soft-blue-lassig#local-main-organization-logo\",\"url\":\"https:\/\/somllavors.com\/wp-content\/uploads\/Logotip-Som-Llavors.jpg\",\"contentUrl\":\"https:\/\/somllavors.com\/wp-content\/uploads\/Logotip-Som-Llavors.jpg\",\"width\":1444,\"height\":1323,\"caption\":\"Som Llavors\"}]}<\/script>\n<meta property=\"product:price:amount\" content=\"62.80\" \/>\n<meta property=\"product:price:currency\" content=\"EUR\" \/>\n<meta property=\"og:availability\" content=\"out of stock\" \/>\n<meta property=\"product:availability\" content=\"out of stock\" \/>\n<meta property=\"product:retailer_item_id\" content=\"1203023457\" \/>\n<meta property=\"product:condition\" content=\"new\" \/>\n<meta name=\"geo.placename\" content=\"Vilanova i la Geltr\u00fa\" \/>\n<meta name=\"geo.position\" content=\"41.2257737;1.723258859\" \/>\n<meta name=\"geo.region\" content=\"Espa\u00f1a\" \/>\n<!-- \/ Yoast SEO Premium plugin. -->","yoast_head_json":{"title":"Mochila nature soft blue - Lassig &#8212; Som Llavors","description":"La mochila Mini Outdoor Nature cuenta con accesorios pr\u00e1cticos y est\u00e1 fabricada con materiales sostenibles. Esto lo convierte en la compa\u00f1era ideal para excursiones al aire libre, excursiones de senderismo o colonias. Los parches extra\u00edbles permiten a los ni\u00f1os personalizar su mochila impermeable una y otra vez a su gusto.","robots":{"index":"index","follow":"follow","max-snippet":"max-snippet:-1","max-image-preview":"max-image-preview:large","max-video-preview":"max-video-preview:-1"},"canonical":"https:\/\/somllavors.com\/es\/producte\/mochila-nature-soft-blue-lassig","og_locale":"es_ES","og_type":"article","og_title":"Mochila nature soft blue - Lassig","og_description":"La teva botiga d\u2019ecocrian\u00e7a i espai d\u2019acompanyament a la maternitat","og_url":"https:\/\/somllavors.com\/es\/producte\/mochila-nature-soft-blue-lassig","og_site_name":"Som Llavors","article_publisher":"https:\/\/www.facebook.com\/somllavorsvng\/?locale=ca_ES","og_image":[{"width":768,"height":768,"url":"https:\/\/somllavors.com\/wp-content\/uploads\/2023\/02\/Som-Llavors-5ac.-MINI-BACKPACK-NATURE-LIGHT-BLUE-.jpeg","type":"image\/jpeg"}],"twitter_card":"summary_large_image","twitter_misc":{"Precio":"62,80&euro; Iva incl\u00f2s","Availability":"Out of stock"},"schema":{"@context":"https:\/\/schema.org","@graph":[{"@type":"WebPage","@id":"https:\/\/somllavors.com\/es\/producte\/mochila-nature-soft-blue-lassig","url":"https:\/\/somllavors.com\/es\/producte\/mochila-nature-soft-blue-lassig","name":"Mochila nature soft blue - Lassig &#8212; Som Llavors","isPartOf":{"@id":"https:\/\/somllavors.com\/es#website"},"primaryImageOfPage":{"@id":"https:\/\/somllavors.com\/es\/producte\/mochila-nature-soft-blue-lassig#primaryimage"},"image":{"@id":"https:\/\/somllavors.com\/es\/producte\/mochila-nature-soft-blue-lassig#primaryimage"},"thumbnailUrl":"https:\/\/somllavors.com\/wp-content\/uploads\/2023\/02\/Som-Llavors-5ac.-MINI-BACKPACK-NATURE-LIGHT-BLUE-.jpeg","datePublished":"2023-02-22T15:07:07+00:00","description":"La mochila Mini Outdoor Nature cuenta con accesorios pr\u00e1cticos y est\u00e1 fabricada con materiales sostenibles. Esto lo convierte en la compa\u00f1era ideal para excursiones al aire libre, excursiones de senderismo o colonias. Los parches extra\u00edbles permiten a los ni\u00f1os personalizar su mochila impermeable una y otra vez a su gusto.","breadcrumb":{"@id":"https:\/\/somllavors.com\/es\/producte\/mochila-nature-soft-blue-lassig#breadcrumb"},"inLanguage":"es","potentialAction":[{"@type":"ReadAction","target":["https:\/\/somllavors.com\/es\/producte\/mochila-nature-soft-blue-lassig"]}]},{"@type":"ImageObject","inLanguage":"es","@id":"https:\/\/somllavors.com\/es\/producte\/mochila-nature-soft-blue-lassig#primaryimage","url":"https:\/\/somllavors.com\/wp-content\/uploads\/2023\/02\/Som-Llavors-5ac.-MINI-BACKPACK-NATURE-LIGHT-BLUE-.jpeg","contentUrl":"https:\/\/somllavors.com\/wp-content\/uploads\/2023\/02\/Som-Llavors-5ac.-MINI-BACKPACK-NATURE-LIGHT-BLUE-.jpeg","width":768,"height":768,"caption":"mochila vuelta al cole backpack nature lassig"},{"@type":"BreadcrumbList","@id":"https:\/\/somllavors.com\/es\/producte\/mochila-nature-soft-blue-lassig#breadcrumb","itemListElement":[{"@type":"ListItem","position":1,"name":"Inici","item":"https:\/\/somllavors.com\/es"},{"@type":"ListItem","position":2,"name":"Tienda","item":"https:\/\/somllavors.com\/es\/botiga-2"},{"@type":"ListItem","position":3,"name":"Mochila nature soft blue &#8211; Lassig"}]},{"@type":"WebSite","@id":"https:\/\/somllavors.com\/es#website","url":"https:\/\/somllavors.com\/es","name":"Som Llavors","description":"Botiga de crian\u00e7a natural","publisher":{"@id":"https:\/\/somllavors.com\/es#organization"},"alternateName":"Crian\u00e7a Natural i Sostenible","potentialAction":[{"@type":"SearchAction","target":{"@type":"EntryPoint","urlTemplate":"https:\/\/somllavors.com\/es?s={search_term_string}"},"query-input":{"@type":"PropertyValueSpecification","valueRequired":true,"valueName":"search_term_string"}}],"inLanguage":"es"},{"@type":["Organization","Place","Store"],"@id":"https:\/\/somllavors.com\/es#organization","name":"Som Llavors","alternateName":"Crian\u00e7a Natural i Sostenible","url":"https:\/\/somllavors.com\/es","logo":{"@id":"https:\/\/somllavors.com\/es\/producte\/mochila-nature-soft-blue-lassig#local-main-organization-logo"},"image":{"@id":"https:\/\/somllavors.com\/es\/producte\/mochila-nature-soft-blue-lassig#local-main-organization-logo"},"sameAs":["https:\/\/www.facebook.com\/somllavorsvng\/?locale=ca_ES","https:\/\/www.instagram.com\/somllavors_vng\/","https:\/\/www.youtube.com\/@somllavors"],"address":{"@id":"https:\/\/somllavors.com\/es\/producte\/mochila-nature-soft-blue-lassig#local-main-place-address"},"geo":{"@type":"GeoCoordinates","latitude":"41.2257737","longitude":"1.723258859"},"telephone":["623152704","623152704"],"openingHoursSpecification":[{"@type":"OpeningHoursSpecification","dayOfWeek":["Monday","Sunday"],"opens":"00:00","closes":"00:00"},{"@type":"OpeningHoursSpecification","dayOfWeek":["Tuesday","Wednesday","Thursday","Friday"],"opens":"10:00","closes":"20:00"},{"@type":"OpeningHoursSpecification","dayOfWeek":["Saturday"],"opens":"10:00","closes":"13:30"}],"email":"info@somllavors.com"},{"@type":"PostalAddress","@id":"https:\/\/somllavors.com\/es\/producte\/mochila-nature-soft-blue-lassig#local-main-place-address","streetAddress":"Carrer de l'aigua, 6","addressLocality":"Vilanova i la Geltr\u00fa","postalCode":"08800","addressRegion":"Barcelona","addressCountry":"ES"},{"@type":"ImageObject","inLanguage":"es","@id":"https:\/\/somllavors.com\/es\/producte\/mochila-nature-soft-blue-lassig#local-main-organization-logo","url":"https:\/\/somllavors.com\/wp-content\/uploads\/Logotip-Som-Llavors.jpg","contentUrl":"https:\/\/somllavors.com\/wp-content\/uploads\/Logotip-Som-Llavors.jpg","width":1444,"height":1323,"caption":"Som Llavors"}]},"product_price_amount":"62.80","product_price_currency":"EUR","og_availability":"out of stock","product_availability":"out of stock","product_retailer_item_id":"1203023457","product_condition":"new","geo.placename":"Vilanova i la Geltr\u00fa","geo.position":{"lat":"41.2257737","long":"1.723258859"},"geo.region":"Espa\u00f1a"},"brands":[{"id":4108,"name":"Lassig","slug":"lassig"}],"_links":{"self":[{"href":"https:\/\/somllavors.com\/es\/wp-json\/wp\/v2\/product\/36295","targetHints":{"allow":["GET"]}}],"collection":[{"href":"https:\/\/somllavors.com\/es\/wp-json\/wp\/v2\/product"}],"about":[{"href":"https:\/\/somllavors.com\/es\/wp-json\/wp\/v2\/types\/product"}],"wp:featuredmedia":[{"embeddable":true,"href":"https:\/\/somllavors.com\/es\/wp-json\/wp\/v2\/media\/33668"}],"wp:attachment":[{"href":"https:\/\/somllavors.com\/es\/wp-json\/wp\/v2\/media?parent=36295"}],"wp:term":[{"taxonomy":"pwb-brand","embeddable":true,"href":"https:\/\/somllavors.com\/es\/wp-json\/wp\/v2\/pwb-brand?post=36295"},{"taxonomy":"product_brand","embeddable":true,"href":"https:\/\/somllavors.com\/es\/wp-json\/wp\/v2\/product_brand?post=36295"},{"taxonomy":"product_cat","embeddable":true,"href":"https:\/\/somllavors.com\/es\/wp-json\/wp\/v2\/product_cat?post=36295"},{"taxonomy":"product_tag","embeddable":true,"href":"https:\/\/somllavors.com\/es\/wp-json\/wp\/v2\/product_tag?post=36295"}],"curies":[{"name":"wp","href":"https:\/\/api.w.org\/{rel}","templated":true}]}}