{"id":36300,"date":"2023-02-22T10:13:45","date_gmt":"2023-02-22T09:13:45","guid":{"rendered":"https:\/\/somllavors.com\/producto\/2x-organizadores-apilables-rose-mary-sandy-liewood\/"},"modified":"2025-04-03T04:15:49","modified_gmt":"2025-04-03T02:15:49","slug":"2x-organizadores-apilables-rose-mary-sandy-liewood","status":"publish","type":"product","link":"https:\/\/somllavors.com\/es\/producte\/2x-organizadores-apilables-rose-mary-sandy-liewood","title":{"rendered":"2x Organizadores apilables Rose Mary sandy &#8211; Liewood"},"content":{"rendered":"<ul>\n<li>Fabricado en un 60% de pl\u00e1stico reciclado<\/li>\n<li>Muy vers\u00e1til<\/li>\n<li>Medidas<span style=\"font-size: 16px;\">: ALT (CM) 11.9, LLARG (CM) 13.9, AMPLE (CM) 18.2<\/span><\/li>\n<\/ul>\n<p>Liewood \u00e9s una marca de lifestyle Danesa. Crea productos irresistibles para las familias modernas: productos textiles org\u00e1nicos, prendas de punto suaves, art\u00edculos de alimentaci\u00f3n, juguetes de madera, mordedores, etc. Todos ellos crean un universo \u00fanico, puro y simple. Liewood tiene su sede en Copenhague y nuestro mundo est\u00e1 profundamente arraigado en la tradici\u00f3n del dise\u00f1o n\u00f3rdico. Los dise\u00f1os son conceptualmente fuertes, respetando la ternura, la inocencia de la infancia y el estilo de vida de las familias modernas, siendo capaces de seguirlas en todas partes con diferentes prop\u00f3sitos en mente y para las generaciones futuras.<\/p>\n","protected":false},"excerpt":{"rendered":"<p>Organizadores abiertos y apilables para una f\u00e1cil y est\u00e9tica organizaci\u00f3n. Es un sistema de almacenamiento multiusos que se puede apilar (m\u00e1ximo 3) o colgar en la pared con tornillos (no incluidos). \u00datil para clasificar todas las piezas, desde perlas hasta diminutos bloques de construcci\u00f3n y accesorios de escritorio, el peque\u00f1o recipiente Rosemary es una soluci\u00f3n vers\u00e1til para todas las edades y viene en paquetes de 2.<\/p>\n<p>&nbsp;<\/p>\n<p>&nbsp;<\/p>\n","protected":false},"featured_media":33593,"template":"","meta":{"_acf_changed":false,"site-sidebar-layout":"default","site-content-layout":"default","ast-site-content-layout":"default","site-content-style":"default","site-sidebar-style":"default","ast-global-header-display":"","ast-banner-title-visibility":"","ast-main-header-display":"","ast-hfb-above-header-display":"","ast-hfb-below-header-display":"","ast-hfb-mobile-header-display":"","site-post-title":"","ast-breadcrumbs-content":"","ast-featured-img":"","footer-sml-layout":"","theme-transparent-header-meta":"default","adv-header-id-meta":"","stick-header-meta":"","header-above-stick-meta":"","header-main-stick-meta":"","header-below-stick-meta":"","astra-migrate-meta-layouts":"default","ast-page-background-enabled":"default","ast-page-background-meta":{"desktop":{"background-color":"","background-image":"","background-repeat":"repeat","background-position":"center center","background-size":"auto","background-attachment":"scroll","background-type":"","background-media":"","overlay-type":"","overlay-color":"","overlay-opacity":"","overlay-gradient":""},"tablet":{"background-color":"","background-image":"","background-repeat":"repeat","background-position":"center center","background-size":"auto","background-attachment":"scroll","background-type":"","background-media":"","overlay-type":"","overlay-color":"","overlay-opacity":"","overlay-gradient":""},"mobile":{"background-color":"","background-image":"","background-repeat":"repeat","background-position":"center center","background-size":"auto","background-attachment":"scroll","background-type":"","background-media":"","overlay-type":"","overlay-color":"","overlay-opacity":"","overlay-gradient":""}},"ast-content-background-meta":{"desktop":{"background-color":"var(--ast-global-color-5)","background-image":"","background-repeat":"repeat","background-position":"center center","background-size":"auto","background-attachment":"scroll","background-type":"","background-media":"","overlay-type":"","overlay-color":"","overlay-opacity":"","overlay-gradient":""},"tablet":{"background-color":"var(--ast-global-color-5)","background-image":"","background-repeat":"repeat","background-position":"center center","background-size":"auto","background-attachment":"scroll","background-type":"","background-media":"","overlay-type":"","overlay-color":"","overlay-opacity":"","overlay-gradient":""},"mobile":{"background-color":"var(--ast-global-color-5)","background-image":"","background-repeat":"repeat","background-position":"center center","background-size":"auto","background-attachment":"scroll","background-type":"","background-media":"","overlay-type":"","overlay-color":"","overlay-opacity":"","overlay-gradient":""}}},"pwb-brand":[4103],"product_brand":[],"product_cat":[3454,4521,3535,3574,3628],"product_tag":[3894,2282,3895],"class_list":{"0":"post-36300","1":"product","2":"type-product","3":"status-publish","4":"has-post-thumbnail","6":"pwb-brand-liewood","7":"product_cat-rebajas","8":"product_cat-10-20e-es","9":"product_cat-decoracion","10":"product_cat-liewood-es","11":"product_cat-varios","12":"product_tag-desktop-es","13":"product_tag-liewood-es","14":"product_tag-organizador-es","15":"desktop-align-left","16":"tablet-align-left","17":"mobile-align-left","19":"first","20":"instock","21":"sale","22":"taxable","23":"shipping-taxable","24":"purchasable","25":"product-type-simple"},"acf":[],"yoast_head":"<!-- This site is optimized with the Yoast SEO Premium plugin v18.3 (Yoast SEO v27.4) - https:\/\/yoast.com\/product\/yoast-seo-premium-wordpress\/ -->\n<title>2x Organizadores apilables Rose Mary sandy - Liewood &#8212; Som Llavors<\/title>\n<meta name=\"description\" content=\"Organizadores abiertos y apilables para una f\u00e1cil y est\u00e9tica organizaci\u00f3n. Es un sistema de almacenamiento multiusos que se puede apilar (m\u00e1ximo 3) o colgar en la pared con tornillos (no incluidos). \u00datil para clasificar todas las piezas, desde perlas hasta diminutos bloques de construcci\u00f3n y accesorios de escritorio, el peque\u00f1o recipiente Rosemary es una soluci\u00f3n vers\u00e1til para todas las edades y viene en paquetes de 2. &nbsp; &nbsp;\" \/>\n<meta name=\"robots\" content=\"index, follow, max-snippet:-1, max-image-preview:large, max-video-preview:-1\" \/>\n<link rel=\"canonical\" href=\"https:\/\/somllavors.com\/es\/producte\/2x-organizadores-apilables-rose-mary-sandy-liewood\" \/>\n<meta property=\"og:locale\" content=\"es_ES\" \/>\n<meta property=\"og:type\" content=\"article\" \/>\n<meta property=\"og:title\" content=\"2x Organizadores apilables Rose Mary sandy - Liewood\" \/>\n<meta property=\"og:description\" content=\"La teva botiga d\u2019ecocrian\u00e7a i espai d\u2019acompanyament a la maternitat\" \/>\n<meta property=\"og:url\" content=\"https:\/\/somllavors.com\/es\/producte\/2x-organizadores-apilables-rose-mary-sandy-liewood\" \/>\n<meta property=\"og:site_name\" content=\"Som Llavors\" \/>\n<meta property=\"article:publisher\" content=\"https:\/\/www.facebook.com\/somllavorsvng\/?locale=ca_ES\" \/>\n<meta property=\"article:modified_time\" content=\"2025-04-03T02:15:49+00:00\" \/>\n<meta property=\"og:image\" content=\"https:\/\/somllavors.com\/wp-content\/uploads\/2023\/02\/Rosemary-desktop-organizer-part-of-a-2-pack-small_LW15997_5060_Sandy_1-23_2.jpg\" \/>\n\t<meta property=\"og:image:width\" content=\"792\" \/>\n\t<meta property=\"og:image:height\" content=\"1000\" \/>\n\t<meta property=\"og:image:type\" content=\"image\/jpeg\" \/>\n<meta name=\"twitter:card\" content=\"summary_large_image\" \/>\n<meta name=\"twitter:label1\" content=\"Precio\" \/>\n\t<meta name=\"twitter:data1\" content=\"14,00&euro; El precio original era: 14,00&euro;.11,20&euro;El precio actual es: 11,20&euro;. Iva incl\u00f2s\" \/>\n\t<meta name=\"twitter:label2\" content=\"Availability\" \/>\n\t<meta name=\"twitter:data2\" content=\"Hay existencias\" \/>\n<script type=\"application\/ld+json\" class=\"yoast-schema-graph\">{\"@context\":\"https:\\\/\\\/schema.org\",\"@graph\":[{\"@type\":\"WebPage\",\"@id\":\"https:\\\/\\\/somllavors.com\\\/es\\\/producte\\\/2x-organizadores-apilables-rose-mary-sandy-liewood\",\"url\":\"https:\\\/\\\/somllavors.com\\\/es\\\/producte\\\/2x-organizadores-apilables-rose-mary-sandy-liewood\",\"name\":\"2x Organizadores apilables Rose Mary sandy - Liewood &#8212; Som Llavors\",\"isPartOf\":{\"@id\":\"https:\\\/\\\/somllavors.com\\\/es#website\"},\"primaryImageOfPage\":{\"@id\":\"https:\\\/\\\/somllavors.com\\\/es\\\/producte\\\/2x-organizadores-apilables-rose-mary-sandy-liewood#primaryimage\"},\"image\":{\"@id\":\"https:\\\/\\\/somllavors.com\\\/es\\\/producte\\\/2x-organizadores-apilables-rose-mary-sandy-liewood#primaryimage\"},\"thumbnailUrl\":\"https:\\\/\\\/somllavors.com\\\/wp-content\\\/uploads\\\/2023\\\/02\\\/Rosemary-desktop-organizer-part-of-a-2-pack-small_LW15997_5060_Sandy_1-23_2.jpg\",\"datePublished\":\"2023-02-22T09:13:45+00:00\",\"dateModified\":\"2025-04-03T02:15:49+00:00\",\"description\":\"Organizadores abiertos y apilables para una f\u00e1cil y est\u00e9tica organizaci\u00f3n. Es un sistema de almacenamiento multiusos que se puede apilar (m\u00e1ximo 3) o colgar en la pared con tornillos (no incluidos). \u00datil para clasificar todas las piezas, desde perlas hasta diminutos bloques de construcci\u00f3n y accesorios de escritorio, el peque\u00f1o recipiente Rosemary es una soluci\u00f3n vers\u00e1til para todas las edades y viene en paquetes de 2. &nbsp; &nbsp;\",\"breadcrumb\":{\"@id\":\"https:\\\/\\\/somllavors.com\\\/es\\\/producte\\\/2x-organizadores-apilables-rose-mary-sandy-liewood#breadcrumb\"},\"inLanguage\":\"es\",\"potentialAction\":[{\"@type\":\"ReadAction\",\"target\":[\"https:\\\/\\\/somllavors.com\\\/es\\\/producte\\\/2x-organizadores-apilables-rose-mary-sandy-liewood\"]}]},{\"@type\":\"ImageObject\",\"inLanguage\":\"es\",\"@id\":\"https:\\\/\\\/somllavors.com\\\/es\\\/producte\\\/2x-organizadores-apilables-rose-mary-sandy-liewood#primaryimage\",\"url\":\"https:\\\/\\\/somllavors.com\\\/wp-content\\\/uploads\\\/2023\\\/02\\\/Rosemary-desktop-organizer-part-of-a-2-pack-small_LW15997_5060_Sandy_1-23_2.jpg\",\"contentUrl\":\"https:\\\/\\\/somllavors.com\\\/wp-content\\\/uploads\\\/2023\\\/02\\\/Rosemary-desktop-organizer-part-of-a-2-pack-small_LW15997_5060_Sandy_1-23_2.jpg\",\"width\":792,\"height\":1000,\"caption\":\"organizadores escritorio Liewood\"},{\"@type\":\"BreadcrumbList\",\"@id\":\"https:\\\/\\\/somllavors.com\\\/es\\\/producte\\\/2x-organizadores-apilables-rose-mary-sandy-liewood#breadcrumb\",\"itemListElement\":[{\"@type\":\"ListItem\",\"position\":1,\"name\":\"Inici\",\"item\":\"https:\\\/\\\/somllavors.com\\\/es\"},{\"@type\":\"ListItem\",\"position\":2,\"name\":\"Tienda\",\"item\":\"https:\\\/\\\/somllavors.com\\\/es\\\/botiga-2\"},{\"@type\":\"ListItem\",\"position\":3,\"name\":\"2x Organizadores apilables Rose Mary sandy &#8211; Liewood\"}]},{\"@type\":\"WebSite\",\"@id\":\"https:\\\/\\\/somllavors.com\\\/es#website\",\"url\":\"https:\\\/\\\/somllavors.com\\\/es\",\"name\":\"Som Llavors\",\"description\":\"Botiga de crian\u00e7a natural\",\"publisher\":{\"@id\":\"https:\\\/\\\/somllavors.com\\\/es#organization\"},\"alternateName\":\"Crian\u00e7a Natural i Sostenible\",\"potentialAction\":[{\"@type\":\"SearchAction\",\"target\":{\"@type\":\"EntryPoint\",\"urlTemplate\":\"https:\\\/\\\/somllavors.com\\\/es?s={search_term_string}\"},\"query-input\":{\"@type\":\"PropertyValueSpecification\",\"valueRequired\":true,\"valueName\":\"search_term_string\"}}],\"inLanguage\":\"es\"},{\"@type\":[\"Organization\",\"Place\",\"Store\"],\"@id\":\"https:\\\/\\\/somllavors.com\\\/es#organization\",\"name\":\"Som Llavors\",\"alternateName\":\"Crian\u00e7a Natural i Sostenible\",\"url\":\"https:\\\/\\\/somllavors.com\\\/es\",\"logo\":{\"@id\":\"https:\\\/\\\/somllavors.com\\\/es\\\/producte\\\/2x-organizadores-apilables-rose-mary-sandy-liewood#local-main-organization-logo\"},\"image\":{\"@id\":\"https:\\\/\\\/somllavors.com\\\/es\\\/producte\\\/2x-organizadores-apilables-rose-mary-sandy-liewood#local-main-organization-logo\"},\"sameAs\":[\"https:\\\/\\\/www.facebook.com\\\/somllavorsvng\\\/?locale=ca_ES\",\"https:\\\/\\\/www.instagram.com\\\/somllavors_vng\\\/\",\"https:\\\/\\\/www.youtube.com\\\/@somllavors\"],\"address\":{\"@id\":\"https:\\\/\\\/somllavors.com\\\/es\\\/producte\\\/2x-organizadores-apilables-rose-mary-sandy-liewood#local-main-place-address\"},\"geo\":{\"@type\":\"GeoCoordinates\",\"latitude\":\"41.2257737\",\"longitude\":\"1.723258859\"},\"telephone\":[\"623152704\"],\"openingHoursSpecification\":[{\"@type\":\"OpeningHoursSpecification\",\"dayOfWeek\":[\"Monday\",\"Sunday\"],\"opens\":\"00:00\",\"closes\":\"00:00\"},{\"@type\":\"OpeningHoursSpecification\",\"dayOfWeek\":[\"Tuesday\",\"Wednesday\",\"Thursday\",\"Friday\"],\"opens\":\"10:00\",\"closes\":\"20:00\"},{\"@type\":\"OpeningHoursSpecification\",\"dayOfWeek\":[\"Saturday\"],\"opens\":\"10:00\",\"closes\":\"13:30\"}],\"email\":\"info@somllavors.com\"},{\"@type\":\"PostalAddress\",\"@id\":\"https:\\\/\\\/somllavors.com\\\/es\\\/producte\\\/2x-organizadores-apilables-rose-mary-sandy-liewood#local-main-place-address\",\"streetAddress\":\"Carrer de l'aigua, 6\",\"addressLocality\":\"Vilanova i la Geltr\u00fa\",\"postalCode\":\"08800\",\"addressRegion\":\"Barcelona\",\"addressCountry\":\"ES\"},{\"@type\":\"ImageObject\",\"inLanguage\":\"es\",\"@id\":\"https:\\\/\\\/somllavors.com\\\/es\\\/producte\\\/2x-organizadores-apilables-rose-mary-sandy-liewood#local-main-organization-logo\",\"url\":\"https:\\\/\\\/somllavors.com\\\/wp-content\\\/uploads\\\/Logotip-Som-Llavors.jpg\",\"contentUrl\":\"https:\\\/\\\/somllavors.com\\\/wp-content\\\/uploads\\\/Logotip-Som-Llavors.jpg\",\"width\":1444,\"height\":1323,\"caption\":\"Som Llavors\"}]}<\/script>\n<meta property=\"product:price:amount\" content=\"11.20\" \/>\n<meta property=\"product:price:currency\" content=\"EUR\" \/>\n<meta property=\"og:availability\" content=\"instock\" \/>\n<meta property=\"product:availability\" content=\"instock\" \/>\n<meta property=\"product:retailer_item_id\" content=\"LW159975060\" \/>\n<meta property=\"product:condition\" content=\"new\" \/>\n<meta name=\"geo.placename\" content=\"Vilanova i la Geltr\u00fa\" \/>\n<meta name=\"geo.position\" content=\"41.2257737;1.723258859\" \/>\n<meta name=\"geo.region\" content=\"Espa\u00f1a\" \/>\n<!-- \/ Yoast SEO Premium plugin. -->","yoast_head_json":{"title":"2x Organizadores apilables Rose Mary sandy - Liewood &#8212; Som Llavors","description":"Organizadores abiertos y apilables para una f\u00e1cil y est\u00e9tica organizaci\u00f3n. Es un sistema de almacenamiento multiusos que se puede apilar (m\u00e1ximo 3) o colgar en la pared con tornillos (no incluidos). \u00datil para clasificar todas las piezas, desde perlas hasta diminutos bloques de construcci\u00f3n y accesorios de escritorio, el peque\u00f1o recipiente Rosemary es una soluci\u00f3n vers\u00e1til para todas las edades y viene en paquetes de 2. &nbsp; &nbsp;","robots":{"index":"index","follow":"follow","max-snippet":"max-snippet:-1","max-image-preview":"max-image-preview:large","max-video-preview":"max-video-preview:-1"},"canonical":"https:\/\/somllavors.com\/es\/producte\/2x-organizadores-apilables-rose-mary-sandy-liewood","og_locale":"es_ES","og_type":"article","og_title":"2x Organizadores apilables Rose Mary sandy - Liewood","og_description":"La teva botiga d\u2019ecocrian\u00e7a i espai d\u2019acompanyament a la maternitat","og_url":"https:\/\/somllavors.com\/es\/producte\/2x-organizadores-apilables-rose-mary-sandy-liewood","og_site_name":"Som Llavors","article_publisher":"https:\/\/www.facebook.com\/somllavorsvng\/?locale=ca_ES","article_modified_time":"2025-04-03T02:15:49+00:00","og_image":[{"width":792,"height":1000,"url":"https:\/\/somllavors.com\/wp-content\/uploads\/2023\/02\/Rosemary-desktop-organizer-part-of-a-2-pack-small_LW15997_5060_Sandy_1-23_2.jpg","type":"image\/jpeg"}],"twitter_card":"summary_large_image","twitter_misc":{"Precio":"14,00&euro; El precio original era: 14,00&euro;.11,20&euro;El precio actual es: 11,20&euro;. Iva incl\u00f2s","Availability":"Hay existencias"},"schema":{"@context":"https:\/\/schema.org","@graph":[{"@type":"WebPage","@id":"https:\/\/somllavors.com\/es\/producte\/2x-organizadores-apilables-rose-mary-sandy-liewood","url":"https:\/\/somllavors.com\/es\/producte\/2x-organizadores-apilables-rose-mary-sandy-liewood","name":"2x Organizadores apilables Rose Mary sandy - Liewood &#8212; Som Llavors","isPartOf":{"@id":"https:\/\/somllavors.com\/es#website"},"primaryImageOfPage":{"@id":"https:\/\/somllavors.com\/es\/producte\/2x-organizadores-apilables-rose-mary-sandy-liewood#primaryimage"},"image":{"@id":"https:\/\/somllavors.com\/es\/producte\/2x-organizadores-apilables-rose-mary-sandy-liewood#primaryimage"},"thumbnailUrl":"https:\/\/somllavors.com\/wp-content\/uploads\/2023\/02\/Rosemary-desktop-organizer-part-of-a-2-pack-small_LW15997_5060_Sandy_1-23_2.jpg","datePublished":"2023-02-22T09:13:45+00:00","dateModified":"2025-04-03T02:15:49+00:00","description":"Organizadores abiertos y apilables para una f\u00e1cil y est\u00e9tica organizaci\u00f3n. Es un sistema de almacenamiento multiusos que se puede apilar (m\u00e1ximo 3) o colgar en la pared con tornillos (no incluidos). \u00datil para clasificar todas las piezas, desde perlas hasta diminutos bloques de construcci\u00f3n y accesorios de escritorio, el peque\u00f1o recipiente Rosemary es una soluci\u00f3n vers\u00e1til para todas las edades y viene en paquetes de 2. &nbsp; &nbsp;","breadcrumb":{"@id":"https:\/\/somllavors.com\/es\/producte\/2x-organizadores-apilables-rose-mary-sandy-liewood#breadcrumb"},"inLanguage":"es","potentialAction":[{"@type":"ReadAction","target":["https:\/\/somllavors.com\/es\/producte\/2x-organizadores-apilables-rose-mary-sandy-liewood"]}]},{"@type":"ImageObject","inLanguage":"es","@id":"https:\/\/somllavors.com\/es\/producte\/2x-organizadores-apilables-rose-mary-sandy-liewood#primaryimage","url":"https:\/\/somllavors.com\/wp-content\/uploads\/2023\/02\/Rosemary-desktop-organizer-part-of-a-2-pack-small_LW15997_5060_Sandy_1-23_2.jpg","contentUrl":"https:\/\/somllavors.com\/wp-content\/uploads\/2023\/02\/Rosemary-desktop-organizer-part-of-a-2-pack-small_LW15997_5060_Sandy_1-23_2.jpg","width":792,"height":1000,"caption":"organizadores escritorio Liewood"},{"@type":"BreadcrumbList","@id":"https:\/\/somllavors.com\/es\/producte\/2x-organizadores-apilables-rose-mary-sandy-liewood#breadcrumb","itemListElement":[{"@type":"ListItem","position":1,"name":"Inici","item":"https:\/\/somllavors.com\/es"},{"@type":"ListItem","position":2,"name":"Tienda","item":"https:\/\/somllavors.com\/es\/botiga-2"},{"@type":"ListItem","position":3,"name":"2x Organizadores apilables Rose Mary sandy &#8211; Liewood"}]},{"@type":"WebSite","@id":"https:\/\/somllavors.com\/es#website","url":"https:\/\/somllavors.com\/es","name":"Som Llavors","description":"Botiga de crian\u00e7a natural","publisher":{"@id":"https:\/\/somllavors.com\/es#organization"},"alternateName":"Crian\u00e7a Natural i Sostenible","potentialAction":[{"@type":"SearchAction","target":{"@type":"EntryPoint","urlTemplate":"https:\/\/somllavors.com\/es?s={search_term_string}"},"query-input":{"@type":"PropertyValueSpecification","valueRequired":true,"valueName":"search_term_string"}}],"inLanguage":"es"},{"@type":["Organization","Place","Store"],"@id":"https:\/\/somllavors.com\/es#organization","name":"Som Llavors","alternateName":"Crian\u00e7a Natural i Sostenible","url":"https:\/\/somllavors.com\/es","logo":{"@id":"https:\/\/somllavors.com\/es\/producte\/2x-organizadores-apilables-rose-mary-sandy-liewood#local-main-organization-logo"},"image":{"@id":"https:\/\/somllavors.com\/es\/producte\/2x-organizadores-apilables-rose-mary-sandy-liewood#local-main-organization-logo"},"sameAs":["https:\/\/www.facebook.com\/somllavorsvng\/?locale=ca_ES","https:\/\/www.instagram.com\/somllavors_vng\/","https:\/\/www.youtube.com\/@somllavors"],"address":{"@id":"https:\/\/somllavors.com\/es\/producte\/2x-organizadores-apilables-rose-mary-sandy-liewood#local-main-place-address"},"geo":{"@type":"GeoCoordinates","latitude":"41.2257737","longitude":"1.723258859"},"telephone":["623152704","623152704"],"openingHoursSpecification":[{"@type":"OpeningHoursSpecification","dayOfWeek":["Monday","Sunday"],"opens":"00:00","closes":"00:00"},{"@type":"OpeningHoursSpecification","dayOfWeek":["Tuesday","Wednesday","Thursday","Friday"],"opens":"10:00","closes":"20:00"},{"@type":"OpeningHoursSpecification","dayOfWeek":["Saturday"],"opens":"10:00","closes":"13:30"}],"email":"info@somllavors.com"},{"@type":"PostalAddress","@id":"https:\/\/somllavors.com\/es\/producte\/2x-organizadores-apilables-rose-mary-sandy-liewood#local-main-place-address","streetAddress":"Carrer de l'aigua, 6","addressLocality":"Vilanova i la Geltr\u00fa","postalCode":"08800","addressRegion":"Barcelona","addressCountry":"ES"},{"@type":"ImageObject","inLanguage":"es","@id":"https:\/\/somllavors.com\/es\/producte\/2x-organizadores-apilables-rose-mary-sandy-liewood#local-main-organization-logo","url":"https:\/\/somllavors.com\/wp-content\/uploads\/Logotip-Som-Llavors.jpg","contentUrl":"https:\/\/somllavors.com\/wp-content\/uploads\/Logotip-Som-Llavors.jpg","width":1444,"height":1323,"caption":"Som Llavors"}]},"product_price_amount":"11.20","product_price_currency":"EUR","og_availability":"instock","product_availability":"instock","product_retailer_item_id":"LW159975060","product_condition":"new","geo.placename":"Vilanova i la Geltr\u00fa","geo.position":{"lat":"41.2257737","long":"1.723258859"},"geo.region":"Espa\u00f1a"},"brands":[{"id":4103,"name":"Liewood","slug":"liewood"}],"_links":{"self":[{"href":"https:\/\/somllavors.com\/es\/wp-json\/wp\/v2\/product\/36300","targetHints":{"allow":["GET"]}}],"collection":[{"href":"https:\/\/somllavors.com\/es\/wp-json\/wp\/v2\/product"}],"about":[{"href":"https:\/\/somllavors.com\/es\/wp-json\/wp\/v2\/types\/product"}],"wp:featuredmedia":[{"embeddable":true,"href":"https:\/\/somllavors.com\/es\/wp-json\/wp\/v2\/media\/33593"}],"wp:attachment":[{"href":"https:\/\/somllavors.com\/es\/wp-json\/wp\/v2\/media?parent=36300"}],"wp:term":[{"taxonomy":"pwb-brand","embeddable":true,"href":"https:\/\/somllavors.com\/es\/wp-json\/wp\/v2\/pwb-brand?post=36300"},{"taxonomy":"product_brand","embeddable":true,"href":"https:\/\/somllavors.com\/es\/wp-json\/wp\/v2\/product_brand?post=36300"},{"taxonomy":"product_cat","embeddable":true,"href":"https:\/\/somllavors.com\/es\/wp-json\/wp\/v2\/product_cat?post=36300"},{"taxonomy":"product_tag","embeddable":true,"href":"https:\/\/somllavors.com\/es\/wp-json\/wp\/v2\/product_tag?post=36300"}],"curies":[{"name":"wp","href":"https:\/\/api.w.org\/{rel}","templated":true}]}}