{"id":36305,"date":"2023-02-17T10:52:31","date_gmt":"2023-02-17T09:52:31","guid":{"rendered":"https:\/\/somllavors.com\/producto\/set-regalo-de-alimentacion-de-silicona-stina-tuscany-rose-liewood\/"},"modified":"2023-02-17T10:52:31","modified_gmt":"2023-02-17T09:52:31","slug":"set-regalo-alimentacion-de-silicona-liewood-stina-tuscany-rose","status":"publish","type":"product","link":"https:\/\/somllavors.com\/es\/producte\/set-regalo-alimentacion-de-silicona-liewood-stina-tuscany-rose","title":{"rendered":"Set regalo de alimentaci\u00f3n de silicona Stina Tuscany Rose- Liewood"},"content":{"rendered":"<ul>\n<li>Apto para lavavajillas*<\/li>\n<li>Sin ruidos<\/li>\n<li>Disponible en 3 gamas de colores diferentes<\/li>\n<\/ul>\n<p>*Se recomienda utilizar jabones suaves sin perfumes para evitar que la silicona pueda alterar el sabor de los alimentos, o bien lavarlo a mano.<\/p>\n","protected":false},"excerpt":{"rendered":"<p>Este magn\u00edfico set regalo de alimentaci\u00f3n hecho de silicona completo le ofrece todo lo necesario para una alimentaci\u00f3n complementaria llena de diversi\u00f3n! Con las mejores combinaciones de colores de la mano de Liewood. Consta de un plato con compartimentos y ventosa, un cuenco con ventosa, un babero regulable, una taza de aprendizaje Neil y un juego de cuchara y horquilla, todo hecho con silicona suave y duradera<\/p>\n","protected":false},"featured_media":33505,"template":"","meta":{"_acf_changed":false,"site-sidebar-layout":"default","site-content-layout":"default","ast-site-content-layout":"default","site-content-style":"default","site-sidebar-style":"default","ast-global-header-display":"","ast-banner-title-visibility":"","ast-main-header-display":"","ast-hfb-above-header-display":"","ast-hfb-below-header-display":"","ast-hfb-mobile-header-display":"","site-post-title":"","ast-breadcrumbs-content":"","ast-featured-img":"","footer-sml-layout":"","theme-transparent-header-meta":"default","adv-header-id-meta":"","stick-header-meta":"","header-above-stick-meta":"","header-main-stick-meta":"","header-below-stick-meta":"","astra-migrate-meta-layouts":"default","ast-page-background-enabled":"default","ast-page-background-meta":{"desktop":{"background-color":"","background-image":"","background-repeat":"repeat","background-position":"center center","background-size":"auto","background-attachment":"scroll","background-type":"","background-media":"","overlay-type":"","overlay-color":"","overlay-opacity":"","overlay-gradient":""},"tablet":{"background-color":"","background-image":"","background-repeat":"repeat","background-position":"center center","background-size":"auto","background-attachment":"scroll","background-type":"","background-media":"","overlay-type":"","overlay-color":"","overlay-opacity":"","overlay-gradient":""},"mobile":{"background-color":"","background-image":"","background-repeat":"repeat","background-position":"center center","background-size":"auto","background-attachment":"scroll","background-type":"","background-media":"","overlay-type":"","overlay-color":"","overlay-opacity":"","overlay-gradient":""}},"ast-content-background-meta":{"desktop":{"background-color":"var(--ast-global-color-5)","background-image":"","background-repeat":"repeat","background-position":"center center","background-size":"auto","background-attachment":"scroll","background-type":"","background-media":"","overlay-type":"","overlay-color":"","overlay-opacity":"","overlay-gradient":""},"tablet":{"background-color":"var(--ast-global-color-5)","background-image":"","background-repeat":"repeat","background-position":"center center","background-size":"auto","background-attachment":"scroll","background-type":"","background-media":"","overlay-type":"","overlay-color":"","overlay-opacity":"","overlay-gradient":""},"mobile":{"background-color":"var(--ast-global-color-5)","background-image":"","background-repeat":"repeat","background-position":"center center","background-size":"auto","background-attachment":"scroll","background-type":"","background-media":"","overlay-type":"","overlay-color":"","overlay-opacity":"","overlay-gradient":""}}},"pwb-brand":[],"product_brand":[],"product_cat":[3460,3629,3461,3608,3506,3459],"product_tag":[3897,2274,2282,3896],"class_list":{"0":"post-36305","1":"product","2":"type-product","3":"status-publish","4":"has-post-thumbnail","6":"product_cat-baberos","7":"product_cat-cheques-regalo-y-packs","8":"product_cat-platos-y-cuencos","9":"product_cat-regalos-originales-recien-nacidos","10":"product_cat-sets-regalo","11":"product_cat-vasos","12":"product_tag-alimentacion-complementaria-blw-es","13":"product_tag-blw-es","14":"product_tag-liewood-es","15":"product_tag-regalo-original-recien-nacido-es","16":"desktop-align-left","17":"tablet-align-left","18":"mobile-align-left","20":"first","21":"outofstock","22":"taxable","23":"shipping-taxable","24":"purchasable","25":"product-type-simple"},"acf":[],"yoast_head":"<!-- This site is optimized with the Yoast SEO Premium plugin v18.3 (Yoast SEO v27.4) - https:\/\/yoast.com\/product\/yoast-seo-premium-wordpress\/ -->\n<title>Set regalo de alimentaci\u00f3n de silicona Stina Tuscany Rose- Liewood &#8212; Som Llavors<\/title>\n<meta name=\"description\" content=\"Este magn\u00edfico set regalo de alimentaci\u00f3n hecho de silicona completo le ofrece todo lo necesario para una alimentaci\u00f3n complementaria llena de diversi\u00f3n! Con las mejores combinaciones de colores de la mano de Liewood. Consta de un plato con compartimentos y ventosa, un cuenco con ventosa, un babero regulable, una taza de aprendizaje Neil y un juego de cuchara y horquilla, todo hecho con silicona suave y duradera\" \/>\n<meta name=\"robots\" content=\"index, follow, max-snippet:-1, max-image-preview:large, max-video-preview:-1\" \/>\n<link rel=\"canonical\" href=\"https:\/\/somllavors.com\/es\/producte\/set-regalo-alimentacion-de-silicona-liewood-stina-tuscany-rose\" \/>\n<meta property=\"og:locale\" content=\"es_ES\" \/>\n<meta property=\"og:type\" content=\"article\" \/>\n<meta property=\"og:title\" content=\"Set regalo de alimentaci\u00f3n de silicona Stina Tuscany Rose- Liewood\" \/>\n<meta property=\"og:description\" content=\"La teva botiga d\u2019ecocrian\u00e7a i espai d\u2019acompanyament a la maternitat\" \/>\n<meta property=\"og:url\" content=\"https:\/\/somllavors.com\/es\/producte\/set-regalo-alimentacion-de-silicona-liewood-stina-tuscany-rose\" \/>\n<meta property=\"og:site_name\" content=\"Som Llavors\" \/>\n<meta property=\"article:publisher\" content=\"https:\/\/www.facebook.com\/somllavorsvng\/?locale=ca_ES\" \/>\n<meta property=\"og:image\" content=\"https:\/\/somllavors.com\/wp-content\/uploads\/2023\/02\/Stina-gift-set_LW17483_1362_-Pale-Tuscany-rose-mix_1-23_3_2.jpg\" \/>\n\t<meta property=\"og:image:width\" content=\"1000\" \/>\n\t<meta property=\"og:image:height\" content=\"960\" \/>\n\t<meta property=\"og:image:type\" content=\"image\/jpeg\" \/>\n<meta name=\"twitter:card\" content=\"summary_large_image\" \/>\n<meta name=\"twitter:label1\" content=\"Precio\" \/>\n\t<meta name=\"twitter:data1\" content=\"65,00&euro; Iva incl\u00f2s\" \/>\n\t<meta name=\"twitter:label2\" content=\"Availability\" \/>\n\t<meta name=\"twitter:data2\" content=\"Out of stock\" \/>\n<script type=\"application\/ld+json\" class=\"yoast-schema-graph\">{\"@context\":\"https:\\\/\\\/schema.org\",\"@graph\":[{\"@type\":\"WebPage\",\"@id\":\"https:\\\/\\\/somllavors.com\\\/es\\\/producte\\\/set-regalo-alimentacion-de-silicona-liewood-stina-tuscany-rose\",\"url\":\"https:\\\/\\\/somllavors.com\\\/es\\\/producte\\\/set-regalo-alimentacion-de-silicona-liewood-stina-tuscany-rose\",\"name\":\"Set regalo de alimentaci\u00f3n de silicona Stina Tuscany Rose- Liewood &#8212; Som Llavors\",\"isPartOf\":{\"@id\":\"https:\\\/\\\/somllavors.com\\\/es#website\"},\"primaryImageOfPage\":{\"@id\":\"https:\\\/\\\/somllavors.com\\\/es\\\/producte\\\/set-regalo-alimentacion-de-silicona-liewood-stina-tuscany-rose#primaryimage\"},\"image\":{\"@id\":\"https:\\\/\\\/somllavors.com\\\/es\\\/producte\\\/set-regalo-alimentacion-de-silicona-liewood-stina-tuscany-rose#primaryimage\"},\"thumbnailUrl\":\"https:\\\/\\\/somllavors.com\\\/wp-content\\\/uploads\\\/2023\\\/02\\\/Stina-gift-set_LW17483_1362_-Pale-Tuscany-rose-mix_1-23_3_2.jpg\",\"datePublished\":\"2023-02-17T09:52:31+00:00\",\"description\":\"Este magn\u00edfico set regalo de alimentaci\u00f3n hecho de silicona completo le ofrece todo lo necesario para una alimentaci\u00f3n complementaria llena de diversi\u00f3n! Con las mejores combinaciones de colores de la mano de Liewood. Consta de un plato con compartimentos y ventosa, un cuenco con ventosa, un babero regulable, una taza de aprendizaje Neil y un juego de cuchara y horquilla, todo hecho con silicona suave y duradera\",\"breadcrumb\":{\"@id\":\"https:\\\/\\\/somllavors.com\\\/es\\\/producte\\\/set-regalo-alimentacion-de-silicona-liewood-stina-tuscany-rose#breadcrumb\"},\"inLanguage\":\"es\",\"potentialAction\":[{\"@type\":\"ReadAction\",\"target\":[\"https:\\\/\\\/somllavors.com\\\/es\\\/producte\\\/set-regalo-alimentacion-de-silicona-liewood-stina-tuscany-rose\"]}]},{\"@type\":\"ImageObject\",\"inLanguage\":\"es\",\"@id\":\"https:\\\/\\\/somllavors.com\\\/es\\\/producte\\\/set-regalo-alimentacion-de-silicona-liewood-stina-tuscany-rose#primaryimage\",\"url\":\"https:\\\/\\\/somllavors.com\\\/wp-content\\\/uploads\\\/2023\\\/02\\\/Stina-gift-set_LW17483_1362_-Pale-Tuscany-rose-mix_1-23_3_2.jpg\",\"contentUrl\":\"https:\\\/\\\/somllavors.com\\\/wp-content\\\/uploads\\\/2023\\\/02\\\/Stina-gift-set_LW17483_1362_-Pale-Tuscany-rose-mix_1-23_3_2.jpg\",\"width\":1000,\"height\":960},{\"@type\":\"BreadcrumbList\",\"@id\":\"https:\\\/\\\/somllavors.com\\\/es\\\/producte\\\/set-regalo-alimentacion-de-silicona-liewood-stina-tuscany-rose#breadcrumb\",\"itemListElement\":[{\"@type\":\"ListItem\",\"position\":1,\"name\":\"Inici\",\"item\":\"https:\\\/\\\/somllavors.com\\\/es\"},{\"@type\":\"ListItem\",\"position\":2,\"name\":\"Tienda\",\"item\":\"https:\\\/\\\/somllavors.com\\\/es\\\/botiga-2\"},{\"@type\":\"ListItem\",\"position\":3,\"name\":\"Set regalo de alimentaci\u00f3n de silicona Stina Tuscany Rose- Liewood\"}]},{\"@type\":\"WebSite\",\"@id\":\"https:\\\/\\\/somllavors.com\\\/es#website\",\"url\":\"https:\\\/\\\/somllavors.com\\\/es\",\"name\":\"Som Llavors\",\"description\":\"Botiga de crian\u00e7a natural\",\"publisher\":{\"@id\":\"https:\\\/\\\/somllavors.com\\\/es#organization\"},\"alternateName\":\"Crian\u00e7a Natural i Sostenible\",\"potentialAction\":[{\"@type\":\"SearchAction\",\"target\":{\"@type\":\"EntryPoint\",\"urlTemplate\":\"https:\\\/\\\/somllavors.com\\\/es?s={search_term_string}\"},\"query-input\":{\"@type\":\"PropertyValueSpecification\",\"valueRequired\":true,\"valueName\":\"search_term_string\"}}],\"inLanguage\":\"es\"},{\"@type\":[\"Organization\",\"Place\",\"Store\"],\"@id\":\"https:\\\/\\\/somllavors.com\\\/es#organization\",\"name\":\"Som Llavors\",\"alternateName\":\"Crian\u00e7a Natural i Sostenible\",\"url\":\"https:\\\/\\\/somllavors.com\\\/es\",\"logo\":{\"@id\":\"https:\\\/\\\/somllavors.com\\\/es\\\/producte\\\/set-regalo-alimentacion-de-silicona-liewood-stina-tuscany-rose#local-main-organization-logo\"},\"image\":{\"@id\":\"https:\\\/\\\/somllavors.com\\\/es\\\/producte\\\/set-regalo-alimentacion-de-silicona-liewood-stina-tuscany-rose#local-main-organization-logo\"},\"sameAs\":[\"https:\\\/\\\/www.facebook.com\\\/somllavorsvng\\\/?locale=ca_ES\",\"https:\\\/\\\/www.instagram.com\\\/somllavors_vng\\\/\",\"https:\\\/\\\/www.youtube.com\\\/@somllavors\"],\"address\":{\"@id\":\"https:\\\/\\\/somllavors.com\\\/es\\\/producte\\\/set-regalo-alimentacion-de-silicona-liewood-stina-tuscany-rose#local-main-place-address\"},\"geo\":{\"@type\":\"GeoCoordinates\",\"latitude\":\"41.2257737\",\"longitude\":\"1.723258859\"},\"telephone\":[\"623152704\"],\"openingHoursSpecification\":[{\"@type\":\"OpeningHoursSpecification\",\"dayOfWeek\":[\"Monday\",\"Sunday\"],\"opens\":\"00:00\",\"closes\":\"00:00\"},{\"@type\":\"OpeningHoursSpecification\",\"dayOfWeek\":[\"Tuesday\",\"Wednesday\",\"Thursday\",\"Friday\"],\"opens\":\"10:00\",\"closes\":\"20:00\"},{\"@type\":\"OpeningHoursSpecification\",\"dayOfWeek\":[\"Saturday\"],\"opens\":\"10:00\",\"closes\":\"13:30\"}],\"email\":\"info@somllavors.com\"},{\"@type\":\"PostalAddress\",\"@id\":\"https:\\\/\\\/somllavors.com\\\/es\\\/producte\\\/set-regalo-alimentacion-de-silicona-liewood-stina-tuscany-rose#local-main-place-address\",\"streetAddress\":\"Carrer de l'aigua, 6\",\"addressLocality\":\"Vilanova i la Geltr\u00fa\",\"postalCode\":\"08800\",\"addressRegion\":\"Barcelona\",\"addressCountry\":\"ES\"},{\"@type\":\"ImageObject\",\"inLanguage\":\"es\",\"@id\":\"https:\\\/\\\/somllavors.com\\\/es\\\/producte\\\/set-regalo-alimentacion-de-silicona-liewood-stina-tuscany-rose#local-main-organization-logo\",\"url\":\"https:\\\/\\\/somllavors.com\\\/wp-content\\\/uploads\\\/Logotip-Som-Llavors.jpg\",\"contentUrl\":\"https:\\\/\\\/somllavors.com\\\/wp-content\\\/uploads\\\/Logotip-Som-Llavors.jpg\",\"width\":1444,\"height\":1323,\"caption\":\"Som Llavors\"}]}<\/script>\n<meta property=\"product:price:amount\" content=\"65.00\" \/>\n<meta property=\"product:price:currency\" content=\"EUR\" \/>\n<meta property=\"og:availability\" content=\"out of stock\" \/>\n<meta property=\"product:availability\" content=\"out of stock\" \/>\n<meta property=\"product:retailer_item_id\" content=\"LW174831362\" \/>\n<meta property=\"product:condition\" content=\"new\" \/>\n<meta name=\"geo.placename\" content=\"Vilanova i la Geltr\u00fa\" \/>\n<meta name=\"geo.position\" content=\"41.2257737;1.723258859\" \/>\n<meta name=\"geo.region\" content=\"Espa\u00f1a\" \/>\n<!-- \/ Yoast SEO Premium plugin. -->","yoast_head_json":{"title":"Set regalo de alimentaci\u00f3n de silicona Stina Tuscany Rose- Liewood &#8212; Som Llavors","description":"Este magn\u00edfico set regalo de alimentaci\u00f3n hecho de silicona completo le ofrece todo lo necesario para una alimentaci\u00f3n complementaria llena de diversi\u00f3n! Con las mejores combinaciones de colores de la mano de Liewood. Consta de un plato con compartimentos y ventosa, un cuenco con ventosa, un babero regulable, una taza de aprendizaje Neil y un juego de cuchara y horquilla, todo hecho con silicona suave y duradera","robots":{"index":"index","follow":"follow","max-snippet":"max-snippet:-1","max-image-preview":"max-image-preview:large","max-video-preview":"max-video-preview:-1"},"canonical":"https:\/\/somllavors.com\/es\/producte\/set-regalo-alimentacion-de-silicona-liewood-stina-tuscany-rose","og_locale":"es_ES","og_type":"article","og_title":"Set regalo de alimentaci\u00f3n de silicona Stina Tuscany Rose- Liewood","og_description":"La teva botiga d\u2019ecocrian\u00e7a i espai d\u2019acompanyament a la maternitat","og_url":"https:\/\/somllavors.com\/es\/producte\/set-regalo-alimentacion-de-silicona-liewood-stina-tuscany-rose","og_site_name":"Som Llavors","article_publisher":"https:\/\/www.facebook.com\/somllavorsvng\/?locale=ca_ES","og_image":[{"width":1000,"height":960,"url":"https:\/\/somllavors.com\/wp-content\/uploads\/2023\/02\/Stina-gift-set_LW17483_1362_-Pale-Tuscany-rose-mix_1-23_3_2.jpg","type":"image\/jpeg"}],"twitter_card":"summary_large_image","twitter_misc":{"Precio":"65,00&euro; Iva incl\u00f2s","Availability":"Out of stock"},"schema":{"@context":"https:\/\/schema.org","@graph":[{"@type":"WebPage","@id":"https:\/\/somllavors.com\/es\/producte\/set-regalo-alimentacion-de-silicona-liewood-stina-tuscany-rose","url":"https:\/\/somllavors.com\/es\/producte\/set-regalo-alimentacion-de-silicona-liewood-stina-tuscany-rose","name":"Set regalo de alimentaci\u00f3n de silicona Stina Tuscany Rose- Liewood &#8212; Som Llavors","isPartOf":{"@id":"https:\/\/somllavors.com\/es#website"},"primaryImageOfPage":{"@id":"https:\/\/somllavors.com\/es\/producte\/set-regalo-alimentacion-de-silicona-liewood-stina-tuscany-rose#primaryimage"},"image":{"@id":"https:\/\/somllavors.com\/es\/producte\/set-regalo-alimentacion-de-silicona-liewood-stina-tuscany-rose#primaryimage"},"thumbnailUrl":"https:\/\/somllavors.com\/wp-content\/uploads\/2023\/02\/Stina-gift-set_LW17483_1362_-Pale-Tuscany-rose-mix_1-23_3_2.jpg","datePublished":"2023-02-17T09:52:31+00:00","description":"Este magn\u00edfico set regalo de alimentaci\u00f3n hecho de silicona completo le ofrece todo lo necesario para una alimentaci\u00f3n complementaria llena de diversi\u00f3n! Con las mejores combinaciones de colores de la mano de Liewood. Consta de un plato con compartimentos y ventosa, un cuenco con ventosa, un babero regulable, una taza de aprendizaje Neil y un juego de cuchara y horquilla, todo hecho con silicona suave y duradera","breadcrumb":{"@id":"https:\/\/somllavors.com\/es\/producte\/set-regalo-alimentacion-de-silicona-liewood-stina-tuscany-rose#breadcrumb"},"inLanguage":"es","potentialAction":[{"@type":"ReadAction","target":["https:\/\/somllavors.com\/es\/producte\/set-regalo-alimentacion-de-silicona-liewood-stina-tuscany-rose"]}]},{"@type":"ImageObject","inLanguage":"es","@id":"https:\/\/somllavors.com\/es\/producte\/set-regalo-alimentacion-de-silicona-liewood-stina-tuscany-rose#primaryimage","url":"https:\/\/somllavors.com\/wp-content\/uploads\/2023\/02\/Stina-gift-set_LW17483_1362_-Pale-Tuscany-rose-mix_1-23_3_2.jpg","contentUrl":"https:\/\/somllavors.com\/wp-content\/uploads\/2023\/02\/Stina-gift-set_LW17483_1362_-Pale-Tuscany-rose-mix_1-23_3_2.jpg","width":1000,"height":960},{"@type":"BreadcrumbList","@id":"https:\/\/somllavors.com\/es\/producte\/set-regalo-alimentacion-de-silicona-liewood-stina-tuscany-rose#breadcrumb","itemListElement":[{"@type":"ListItem","position":1,"name":"Inici","item":"https:\/\/somllavors.com\/es"},{"@type":"ListItem","position":2,"name":"Tienda","item":"https:\/\/somllavors.com\/es\/botiga-2"},{"@type":"ListItem","position":3,"name":"Set regalo de alimentaci\u00f3n de silicona Stina Tuscany Rose- Liewood"}]},{"@type":"WebSite","@id":"https:\/\/somllavors.com\/es#website","url":"https:\/\/somllavors.com\/es","name":"Som Llavors","description":"Botiga de crian\u00e7a natural","publisher":{"@id":"https:\/\/somllavors.com\/es#organization"},"alternateName":"Crian\u00e7a Natural i Sostenible","potentialAction":[{"@type":"SearchAction","target":{"@type":"EntryPoint","urlTemplate":"https:\/\/somllavors.com\/es?s={search_term_string}"},"query-input":{"@type":"PropertyValueSpecification","valueRequired":true,"valueName":"search_term_string"}}],"inLanguage":"es"},{"@type":["Organization","Place","Store"],"@id":"https:\/\/somllavors.com\/es#organization","name":"Som Llavors","alternateName":"Crian\u00e7a Natural i Sostenible","url":"https:\/\/somllavors.com\/es","logo":{"@id":"https:\/\/somllavors.com\/es\/producte\/set-regalo-alimentacion-de-silicona-liewood-stina-tuscany-rose#local-main-organization-logo"},"image":{"@id":"https:\/\/somllavors.com\/es\/producte\/set-regalo-alimentacion-de-silicona-liewood-stina-tuscany-rose#local-main-organization-logo"},"sameAs":["https:\/\/www.facebook.com\/somllavorsvng\/?locale=ca_ES","https:\/\/www.instagram.com\/somllavors_vng\/","https:\/\/www.youtube.com\/@somllavors"],"address":{"@id":"https:\/\/somllavors.com\/es\/producte\/set-regalo-alimentacion-de-silicona-liewood-stina-tuscany-rose#local-main-place-address"},"geo":{"@type":"GeoCoordinates","latitude":"41.2257737","longitude":"1.723258859"},"telephone":["623152704","623152704"],"openingHoursSpecification":[{"@type":"OpeningHoursSpecification","dayOfWeek":["Monday","Sunday"],"opens":"00:00","closes":"00:00"},{"@type":"OpeningHoursSpecification","dayOfWeek":["Tuesday","Wednesday","Thursday","Friday"],"opens":"10:00","closes":"20:00"},{"@type":"OpeningHoursSpecification","dayOfWeek":["Saturday"],"opens":"10:00","closes":"13:30"}],"email":"info@somllavors.com"},{"@type":"PostalAddress","@id":"https:\/\/somllavors.com\/es\/producte\/set-regalo-alimentacion-de-silicona-liewood-stina-tuscany-rose#local-main-place-address","streetAddress":"Carrer de l'aigua, 6","addressLocality":"Vilanova i la Geltr\u00fa","postalCode":"08800","addressRegion":"Barcelona","addressCountry":"ES"},{"@type":"ImageObject","inLanguage":"es","@id":"https:\/\/somllavors.com\/es\/producte\/set-regalo-alimentacion-de-silicona-liewood-stina-tuscany-rose#local-main-organization-logo","url":"https:\/\/somllavors.com\/wp-content\/uploads\/Logotip-Som-Llavors.jpg","contentUrl":"https:\/\/somllavors.com\/wp-content\/uploads\/Logotip-Som-Llavors.jpg","width":1444,"height":1323,"caption":"Som Llavors"}]},"product_price_amount":"65.00","product_price_currency":"EUR","og_availability":"out of stock","product_availability":"out of stock","product_retailer_item_id":"LW174831362","product_condition":"new","geo.placename":"Vilanova i la Geltr\u00fa","geo.position":{"lat":"41.2257737","long":"1.723258859"},"geo.region":"Espa\u00f1a"},"brands":[],"_links":{"self":[{"href":"https:\/\/somllavors.com\/es\/wp-json\/wp\/v2\/product\/36305","targetHints":{"allow":["GET"]}}],"collection":[{"href":"https:\/\/somllavors.com\/es\/wp-json\/wp\/v2\/product"}],"about":[{"href":"https:\/\/somllavors.com\/es\/wp-json\/wp\/v2\/types\/product"}],"wp:featuredmedia":[{"embeddable":true,"href":"https:\/\/somllavors.com\/es\/wp-json\/wp\/v2\/media\/33505"}],"wp:attachment":[{"href":"https:\/\/somllavors.com\/es\/wp-json\/wp\/v2\/media?parent=36305"}],"wp:term":[{"taxonomy":"pwb-brand","embeddable":true,"href":"https:\/\/somllavors.com\/es\/wp-json\/wp\/v2\/pwb-brand?post=36305"},{"taxonomy":"product_brand","embeddable":true,"href":"https:\/\/somllavors.com\/es\/wp-json\/wp\/v2\/product_brand?post=36305"},{"taxonomy":"product_cat","embeddable":true,"href":"https:\/\/somllavors.com\/es\/wp-json\/wp\/v2\/product_cat?post=36305"},{"taxonomy":"product_tag","embeddable":true,"href":"https:\/\/somllavors.com\/es\/wp-json\/wp\/v2\/product_tag?post=36305"}],"curies":[{"name":"wp","href":"https:\/\/api.w.org\/{rel}","templated":true}]}}