{"id":36315,"date":"2023-02-15T09:48:32","date_gmt":"2023-02-15T08:48:32","guid":{"rendered":"https:\/\/somllavors.com\/producto\/sujetador-de-lactancia-carri-gel-relleno-xxl-carriwell\/"},"modified":"2023-03-23T15:24:32","modified_gmt":"2023-03-23T14:24:32","slug":"sujetador-de-lactancia-carri-gel-relleno-xxl-carriwell","status":"publish","type":"product","link":"https:\/\/somllavors.com\/es\/producte\/sujetador-de-lactancia-carri-gel-relleno-xxl-carriwell","title":{"rendered":"Sujetador de lactancia Carri-gel + relleno XXL &#8211; Carriwell"},"content":{"rendered":"<ul>\n<li>Sujetador sin costuras con finas copas extra\u00edbles y aros de gel -Carri-Gel\u00ae.<\/li>\n<li>Soporte: Los suaves y flexibles aros de gel son un revolucionario soporte que se adapta a los cambios naturales de tama\u00f1o y forma de tus senos sin la incomodidad de los aros r\u00edgidos.<\/li>\n<li>Saludable: Es el \u00fanico sujetador \u201ccon aros\u201d recomendado por especialistas en lactancia.<\/li>\n<li>C\u00f3modo: Sujetador de lactancia suave y transpirable microfibra sin costuras. Estas caracter\u00edsticas combinadas con los aros de gel que permanece suave y flexible entorno a tu pecho, te ofrece una comodidad absoluta.<\/li>\n<li>Beb\u00e9: El dise\u00f1o de la copa le facilita que te puedas sacar el pecho por completo y os sint\u00e1is c\u00f3modas durante la lactancia, maximizando el contacto piel con piel con su beb\u00e9.<\/li>\n<li>Incluye: 1 sujetador + 1 extensor de sujetador<\/li>\n<li>Material: 92% Poliamida y 8% elastano<\/li>\n<\/ul>\n<div class=\"ast-oembed-container \" style=\"height: 100%;\"><iframe loading=\"lazy\" title=\"SUJETADOR LACTANCIA CON RELLENO Y CARRI GEL\u00ae\" width=\"500\" height=\"375\" src=\"https:\/\/www.youtube.com\/embed\/DwjBjeDje5U?feature=oembed\" frameborder=\"0\" allow=\"accelerometer; autoplay; clipboard-write; encrypted-media; gyroscope; picture-in-picture; web-share\" referrerpolicy=\"strict-origin-when-cross-origin\" allowfullscreen><\/iframe><\/div>\n<p>C\u00f3mo medir la talla del contorno<\/p>\n<ul>\n<li>Mide alrededor de su torso, justo debajo de los pechos (posici\u00f3n &#8220;b&#8221;). Si mide en cent\u00edmetros redondea la talla de contorno m\u00e1s pr\u00f3xima.<\/li>\n<\/ul>\n<p>C\u00f3mo medir la talla de la copa<\/p>\n<ul>\n<li>Mide alrededor de su torso sobre la parte m\u00e1s prominente del pecho (posici\u00f3n &#8220;a&#8221;). Despu\u00e9s tendr\u00e9is que obtener la diferencia entre &#8220;a&#8221; y &#8220;b&#8221; y gui\u00e1ndoos con la mesa debajo (tabla con tallas de copa) determin\u00e9 su medida de copa (Ej. A, B, C) viendo la columna &#8220;+ cm&#8221;.<\/li>\n<\/ul>\n","protected":false},"excerpt":{"rendered":"<p>\u00a1El sujetador m\u00e1s saludable con aros de gel que nunca ha sido fabricado! Los aros incre\u00edblemente flexibles de Carri-Gel\u00ae te garantizan una gran sujeci\u00f3n sin renunciar a la suavidad y comodidad. Sin duda, la opci\u00f3n m\u00e1s saludable cuando necesitas un soporte fiable. Excepcional soporte, delicado, suave y saludable sin la incomodidad y peligros de los aros r\u00edgidos. Dise\u00f1o patentado.<\/p>\n<p>&nbsp;<\/p>\n<p>&nbsp;<\/p>\n","protected":false},"featured_media":33297,"template":"","meta":{"_acf_changed":false,"site-sidebar-layout":"default","site-content-layout":"default","ast-site-content-layout":"default","site-content-style":"default","site-sidebar-style":"default","ast-global-header-display":"","ast-banner-title-visibility":"","ast-main-header-display":"","ast-hfb-above-header-display":"","ast-hfb-below-header-display":"","ast-hfb-mobile-header-display":"","site-post-title":"","ast-breadcrumbs-content":"","ast-featured-img":"","footer-sml-layout":"","ast-disable-related-posts":"","theme-transparent-header-meta":"default","adv-header-id-meta":"","stick-header-meta":"","header-above-stick-meta":"","header-main-stick-meta":"","header-below-stick-meta":"","astra-migrate-meta-layouts":"default","ast-page-background-enabled":"default","ast-page-background-meta":{"desktop":{"background-color":"","background-image":"","background-repeat":"repeat","background-position":"center center","background-size":"auto","background-attachment":"scroll","background-type":"","background-media":"","overlay-type":"","overlay-color":"","overlay-opacity":"","overlay-gradient":""},"tablet":{"background-color":"","background-image":"","background-repeat":"repeat","background-position":"center center","background-size":"auto","background-attachment":"scroll","background-type":"","background-media":"","overlay-type":"","overlay-color":"","overlay-opacity":"","overlay-gradient":""},"mobile":{"background-color":"","background-image":"","background-repeat":"repeat","background-position":"center center","background-size":"auto","background-attachment":"scroll","background-type":"","background-media":"","overlay-type":"","overlay-color":"","overlay-opacity":"","overlay-gradient":""}},"ast-content-background-meta":{"desktop":{"background-color":"var(--ast-global-color-5)","background-image":"","background-repeat":"repeat","background-position":"center center","background-size":"auto","background-attachment":"scroll","background-type":"","background-media":"","overlay-type":"","overlay-color":"","overlay-opacity":"","overlay-gradient":""},"tablet":{"background-color":"var(--ast-global-color-5)","background-image":"","background-repeat":"repeat","background-position":"center center","background-size":"auto","background-attachment":"scroll","background-type":"","background-media":"","overlay-type":"","overlay-color":"","overlay-opacity":"","overlay-gradient":""},"mobile":{"background-color":"var(--ast-global-color-5)","background-image":"","background-repeat":"repeat","background-position":"center center","background-size":"auto","background-attachment":"scroll","background-type":"","background-media":"","overlay-type":"","overlay-color":"","overlay-opacity":"","overlay-gradient":""}}},"pwb-brand":[4104],"product_brand":[],"product_cat":[3600],"product_tag":[3901,2196,3902,2217],"class_list":{"0":"post-36315","1":"product","2":"type-product","3":"status-publish","4":"has-post-thumbnail","6":"pwb-brand-carriwell","7":"product_cat-para-la-mujer","8":"product_tag-carri-gel-es","9":"product_tag-carriwell-es","10":"product_tag-relleno-es","11":"product_tag-sujetador-lactancia-es","12":"desktop-align-left","13":"tablet-align-left","14":"mobile-align-left","16":"first","17":"outofstock","18":"taxable","19":"shipping-taxable","20":"purchasable","21":"product-type-simple"},"acf":[],"yoast_head":"<!-- This site is optimized with the Yoast SEO Premium plugin v18.3 (Yoast SEO v27.4) - https:\/\/yoast.com\/product\/yoast-seo-premium-wordpress\/ -->\n<title>Sujetador de lactancia Carri-gel + relleno XXL - Carriwell &#8212; Som Llavors<\/title>\n<meta name=\"description\" content=\"\u00a1El sujetador m\u00e1s saludable con aros de gel que nunca ha sido fabricado! Los aros incre\u00edblemente flexibles de Carri-Gel\u00ae te garantizan una gran sujeci\u00f3n sin renunciar a la suavidad y comodidad. Sin duda, la opci\u00f3n m\u00e1s saludable cuando necesitas un soporte fiable. Excepcional soporte, delicado, suave y saludable sin la incomodidad y peligros de los aros r\u00edgidos. Dise\u00f1o patentado. &nbsp; &nbsp;\" \/>\n<meta name=\"robots\" content=\"index, follow, max-snippet:-1, max-image-preview:large, max-video-preview:-1\" \/>\n<link rel=\"canonical\" href=\"https:\/\/somllavors.com\/es\/producte\/sujetador-de-lactancia-carri-gel-relleno-xxl-carriwell\" \/>\n<meta property=\"og:locale\" content=\"es_ES\" \/>\n<meta property=\"og:type\" content=\"article\" \/>\n<meta property=\"og:title\" content=\"Sujetador de lactancia Carri-gel + relleno XXL - Carriwell\" \/>\n<meta property=\"og:description\" content=\"La teva botiga d\u2019ecocrian\u00e7a i espai d\u2019acompanyament a la maternitat\" \/>\n<meta property=\"og:url\" content=\"https:\/\/somllavors.com\/es\/producte\/sujetador-de-lactancia-carri-gel-relleno-xxl-carriwell\" \/>\n<meta property=\"og:site_name\" content=\"Som Llavors\" \/>\n<meta property=\"article:publisher\" content=\"https:\/\/www.facebook.com\/somllavorsvng\/?locale=ca_ES\" \/>\n<meta property=\"article:modified_time\" content=\"2023-03-23T14:24:32+00:00\" \/>\n<meta property=\"og:image\" content=\"https:\/\/somllavors.com\/wp-content\/uploads\/2023\/02\/Som-Llavors-SUJETADOR-LACTANCIA-CON-RELLENO-Y-CARRI-GEL\u00ae.jpg\" \/>\n\t<meta property=\"og:image:width\" content=\"762\" \/>\n\t<meta property=\"og:image:height\" content=\"1100\" \/>\n\t<meta property=\"og:image:type\" content=\"image\/jpeg\" \/>\n<meta name=\"twitter:card\" content=\"summary_large_image\" \/>\n<meta name=\"twitter:label1\" content=\"Precio\" \/>\n\t<meta name=\"twitter:data1\" content=\"49,99&euro; Iva incl\u00f2s\" \/>\n\t<meta name=\"twitter:label2\" content=\"Availability\" \/>\n\t<meta name=\"twitter:data2\" content=\"Out of stock\" \/>\n<script type=\"application\/ld+json\" class=\"yoast-schema-graph\">{\"@context\":\"https:\\\/\\\/schema.org\",\"@graph\":[{\"@type\":\"WebPage\",\"@id\":\"https:\\\/\\\/somllavors.com\\\/es\\\/producte\\\/sujetador-de-lactancia-carri-gel-relleno-xxl-carriwell\",\"url\":\"https:\\\/\\\/somllavors.com\\\/es\\\/producte\\\/sujetador-de-lactancia-carri-gel-relleno-xxl-carriwell\",\"name\":\"Sujetador de lactancia Carri-gel + relleno XXL - Carriwell &#8212; Som Llavors\",\"isPartOf\":{\"@id\":\"https:\\\/\\\/somllavors.com\\\/es#website\"},\"primaryImageOfPage\":{\"@id\":\"https:\\\/\\\/somllavors.com\\\/es\\\/producte\\\/sujetador-de-lactancia-carri-gel-relleno-xxl-carriwell#primaryimage\"},\"image\":{\"@id\":\"https:\\\/\\\/somllavors.com\\\/es\\\/producte\\\/sujetador-de-lactancia-carri-gel-relleno-xxl-carriwell#primaryimage\"},\"thumbnailUrl\":\"https:\\\/\\\/somllavors.com\\\/wp-content\\\/uploads\\\/2023\\\/02\\\/Som-Llavors-SUJETADOR-LACTANCIA-CON-RELLENO-Y-CARRI-GEL\u00ae.jpg\",\"datePublished\":\"2023-02-15T08:48:32+00:00\",\"dateModified\":\"2023-03-23T14:24:32+00:00\",\"description\":\"\u00a1El sujetador m\u00e1s saludable con aros de gel que nunca ha sido fabricado! Los aros incre\u00edblemente flexibles de Carri-Gel\u00ae te garantizan una gran sujeci\u00f3n sin renunciar a la suavidad y comodidad. Sin duda, la opci\u00f3n m\u00e1s saludable cuando necesitas un soporte fiable. Excepcional soporte, delicado, suave y saludable sin la incomodidad y peligros de los aros r\u00edgidos. Dise\u00f1o patentado. &nbsp; &nbsp;\",\"breadcrumb\":{\"@id\":\"https:\\\/\\\/somllavors.com\\\/es\\\/producte\\\/sujetador-de-lactancia-carri-gel-relleno-xxl-carriwell#breadcrumb\"},\"inLanguage\":\"es\",\"potentialAction\":[{\"@type\":\"ReadAction\",\"target\":[\"https:\\\/\\\/somllavors.com\\\/es\\\/producte\\\/sujetador-de-lactancia-carri-gel-relleno-xxl-carriwell\"]}]},{\"@type\":\"ImageObject\",\"inLanguage\":\"es\",\"@id\":\"https:\\\/\\\/somllavors.com\\\/es\\\/producte\\\/sujetador-de-lactancia-carri-gel-relleno-xxl-carriwell#primaryimage\",\"url\":\"https:\\\/\\\/somllavors.com\\\/wp-content\\\/uploads\\\/2023\\\/02\\\/Som-Llavors-SUJETADOR-LACTANCIA-CON-RELLENO-Y-CARRI-GEL\u00ae.jpg\",\"contentUrl\":\"https:\\\/\\\/somllavors.com\\\/wp-content\\\/uploads\\\/2023\\\/02\\\/Som-Llavors-SUJETADOR-LACTANCIA-CON-RELLENO-Y-CARRI-GEL\u00ae.jpg\",\"width\":762,\"height\":1100,\"caption\":\"sujetador lactancia aros de gel y relleno carriwell\"},{\"@type\":\"BreadcrumbList\",\"@id\":\"https:\\\/\\\/somllavors.com\\\/es\\\/producte\\\/sujetador-de-lactancia-carri-gel-relleno-xxl-carriwell#breadcrumb\",\"itemListElement\":[{\"@type\":\"ListItem\",\"position\":1,\"name\":\"Inici\",\"item\":\"https:\\\/\\\/somllavors.com\\\/es\"},{\"@type\":\"ListItem\",\"position\":2,\"name\":\"Tienda\",\"item\":\"https:\\\/\\\/somllavors.com\\\/es\\\/botiga-2\"},{\"@type\":\"ListItem\",\"position\":3,\"name\":\"Sujetador de lactancia Carri-gel + relleno XXL &#8211; Carriwell\"}]},{\"@type\":\"WebSite\",\"@id\":\"https:\\\/\\\/somllavors.com\\\/es#website\",\"url\":\"https:\\\/\\\/somllavors.com\\\/es\",\"name\":\"Som Llavors\",\"description\":\"Botiga de crian\u00e7a natural\",\"publisher\":{\"@id\":\"https:\\\/\\\/somllavors.com\\\/es#organization\"},\"alternateName\":\"Crian\u00e7a Natural i Sostenible\",\"potentialAction\":[{\"@type\":\"SearchAction\",\"target\":{\"@type\":\"EntryPoint\",\"urlTemplate\":\"https:\\\/\\\/somllavors.com\\\/es?s={search_term_string}\"},\"query-input\":{\"@type\":\"PropertyValueSpecification\",\"valueRequired\":true,\"valueName\":\"search_term_string\"}}],\"inLanguage\":\"es\"},{\"@type\":[\"Organization\",\"Place\",\"Store\"],\"@id\":\"https:\\\/\\\/somllavors.com\\\/es#organization\",\"name\":\"Som Llavors\",\"alternateName\":\"Crian\u00e7a Natural i Sostenible\",\"url\":\"https:\\\/\\\/somllavors.com\\\/es\",\"logo\":{\"@id\":\"https:\\\/\\\/somllavors.com\\\/es\\\/producte\\\/sujetador-de-lactancia-carri-gel-relleno-xxl-carriwell#local-main-organization-logo\"},\"image\":{\"@id\":\"https:\\\/\\\/somllavors.com\\\/es\\\/producte\\\/sujetador-de-lactancia-carri-gel-relleno-xxl-carriwell#local-main-organization-logo\"},\"sameAs\":[\"https:\\\/\\\/www.facebook.com\\\/somllavorsvng\\\/?locale=ca_ES\",\"https:\\\/\\\/www.instagram.com\\\/somllavors_vng\\\/\",\"https:\\\/\\\/www.youtube.com\\\/@somllavors\"],\"address\":{\"@id\":\"https:\\\/\\\/somllavors.com\\\/es\\\/producte\\\/sujetador-de-lactancia-carri-gel-relleno-xxl-carriwell#local-main-place-address\"},\"geo\":{\"@type\":\"GeoCoordinates\",\"latitude\":\"41.2257737\",\"longitude\":\"1.723258859\"},\"telephone\":[\"623152704\"],\"openingHoursSpecification\":[{\"@type\":\"OpeningHoursSpecification\",\"dayOfWeek\":[\"Monday\",\"Sunday\"],\"opens\":\"00:00\",\"closes\":\"00:00\"},{\"@type\":\"OpeningHoursSpecification\",\"dayOfWeek\":[\"Tuesday\",\"Wednesday\",\"Thursday\",\"Friday\"],\"opens\":\"10:00\",\"closes\":\"20:00\"},{\"@type\":\"OpeningHoursSpecification\",\"dayOfWeek\":[\"Saturday\"],\"opens\":\"10:00\",\"closes\":\"13:30\"}],\"email\":\"info@somllavors.com\"},{\"@type\":\"PostalAddress\",\"@id\":\"https:\\\/\\\/somllavors.com\\\/es\\\/producte\\\/sujetador-de-lactancia-carri-gel-relleno-xxl-carriwell#local-main-place-address\",\"streetAddress\":\"Carrer de l'aigua, 6\",\"addressLocality\":\"Vilanova i la Geltr\u00fa\",\"postalCode\":\"08800\",\"addressRegion\":\"Barcelona\",\"addressCountry\":\"ES\"},{\"@type\":\"ImageObject\",\"inLanguage\":\"es\",\"@id\":\"https:\\\/\\\/somllavors.com\\\/es\\\/producte\\\/sujetador-de-lactancia-carri-gel-relleno-xxl-carriwell#local-main-organization-logo\",\"url\":\"https:\\\/\\\/somllavors.com\\\/wp-content\\\/uploads\\\/Logotip-Som-Llavors.jpg\",\"contentUrl\":\"https:\\\/\\\/somllavors.com\\\/wp-content\\\/uploads\\\/Logotip-Som-Llavors.jpg\",\"width\":1444,\"height\":1323,\"caption\":\"Som Llavors\"}]}<\/script>\n<meta property=\"product:price:amount\" content=\"49.99\" \/>\n<meta property=\"product:price:currency\" content=\"EUR\" \/>\n<meta property=\"og:availability\" content=\"out of stock\" \/>\n<meta property=\"product:availability\" content=\"out of stock\" \/>\n<meta property=\"product:retailer_item_id\" content=\"3424\" \/>\n<meta property=\"product:condition\" content=\"new\" \/>\n<meta name=\"geo.placename\" content=\"Vilanova i la Geltr\u00fa\" \/>\n<meta name=\"geo.position\" content=\"41.2257737;1.723258859\" \/>\n<meta name=\"geo.region\" content=\"Espa\u00f1a\" \/>\n<!-- \/ Yoast SEO Premium plugin. -->","yoast_head_json":{"title":"Sujetador de lactancia Carri-gel + relleno XXL - Carriwell &#8212; Som Llavors","description":"\u00a1El sujetador m\u00e1s saludable con aros de gel que nunca ha sido fabricado! Los aros incre\u00edblemente flexibles de Carri-Gel\u00ae te garantizan una gran sujeci\u00f3n sin renunciar a la suavidad y comodidad. Sin duda, la opci\u00f3n m\u00e1s saludable cuando necesitas un soporte fiable. Excepcional soporte, delicado, suave y saludable sin la incomodidad y peligros de los aros r\u00edgidos. Dise\u00f1o patentado. &nbsp; &nbsp;","robots":{"index":"index","follow":"follow","max-snippet":"max-snippet:-1","max-image-preview":"max-image-preview:large","max-video-preview":"max-video-preview:-1"},"canonical":"https:\/\/somllavors.com\/es\/producte\/sujetador-de-lactancia-carri-gel-relleno-xxl-carriwell","og_locale":"es_ES","og_type":"article","og_title":"Sujetador de lactancia Carri-gel + relleno XXL - Carriwell","og_description":"La teva botiga d\u2019ecocrian\u00e7a i espai d\u2019acompanyament a la maternitat","og_url":"https:\/\/somllavors.com\/es\/producte\/sujetador-de-lactancia-carri-gel-relleno-xxl-carriwell","og_site_name":"Som Llavors","article_publisher":"https:\/\/www.facebook.com\/somllavorsvng\/?locale=ca_ES","article_modified_time":"2023-03-23T14:24:32+00:00","og_image":[{"width":762,"height":1100,"url":"https:\/\/somllavors.com\/wp-content\/uploads\/2023\/02\/Som-Llavors-SUJETADOR-LACTANCIA-CON-RELLENO-Y-CARRI-GEL\u00ae.jpg","type":"image\/jpeg"}],"twitter_card":"summary_large_image","twitter_misc":{"Precio":"49,99&euro; Iva incl\u00f2s","Availability":"Out of stock"},"schema":{"@context":"https:\/\/schema.org","@graph":[{"@type":"WebPage","@id":"https:\/\/somllavors.com\/es\/producte\/sujetador-de-lactancia-carri-gel-relleno-xxl-carriwell","url":"https:\/\/somllavors.com\/es\/producte\/sujetador-de-lactancia-carri-gel-relleno-xxl-carriwell","name":"Sujetador de lactancia Carri-gel + relleno XXL - Carriwell &#8212; Som Llavors","isPartOf":{"@id":"https:\/\/somllavors.com\/es#website"},"primaryImageOfPage":{"@id":"https:\/\/somllavors.com\/es\/producte\/sujetador-de-lactancia-carri-gel-relleno-xxl-carriwell#primaryimage"},"image":{"@id":"https:\/\/somllavors.com\/es\/producte\/sujetador-de-lactancia-carri-gel-relleno-xxl-carriwell#primaryimage"},"thumbnailUrl":"https:\/\/somllavors.com\/wp-content\/uploads\/2023\/02\/Som-Llavors-SUJETADOR-LACTANCIA-CON-RELLENO-Y-CARRI-GEL\u00ae.jpg","datePublished":"2023-02-15T08:48:32+00:00","dateModified":"2023-03-23T14:24:32+00:00","description":"\u00a1El sujetador m\u00e1s saludable con aros de gel que nunca ha sido fabricado! Los aros incre\u00edblemente flexibles de Carri-Gel\u00ae te garantizan una gran sujeci\u00f3n sin renunciar a la suavidad y comodidad. Sin duda, la opci\u00f3n m\u00e1s saludable cuando necesitas un soporte fiable. Excepcional soporte, delicado, suave y saludable sin la incomodidad y peligros de los aros r\u00edgidos. Dise\u00f1o patentado. &nbsp; &nbsp;","breadcrumb":{"@id":"https:\/\/somllavors.com\/es\/producte\/sujetador-de-lactancia-carri-gel-relleno-xxl-carriwell#breadcrumb"},"inLanguage":"es","potentialAction":[{"@type":"ReadAction","target":["https:\/\/somllavors.com\/es\/producte\/sujetador-de-lactancia-carri-gel-relleno-xxl-carriwell"]}]},{"@type":"ImageObject","inLanguage":"es","@id":"https:\/\/somllavors.com\/es\/producte\/sujetador-de-lactancia-carri-gel-relleno-xxl-carriwell#primaryimage","url":"https:\/\/somllavors.com\/wp-content\/uploads\/2023\/02\/Som-Llavors-SUJETADOR-LACTANCIA-CON-RELLENO-Y-CARRI-GEL\u00ae.jpg","contentUrl":"https:\/\/somllavors.com\/wp-content\/uploads\/2023\/02\/Som-Llavors-SUJETADOR-LACTANCIA-CON-RELLENO-Y-CARRI-GEL\u00ae.jpg","width":762,"height":1100,"caption":"sujetador lactancia aros de gel y relleno carriwell"},{"@type":"BreadcrumbList","@id":"https:\/\/somllavors.com\/es\/producte\/sujetador-de-lactancia-carri-gel-relleno-xxl-carriwell#breadcrumb","itemListElement":[{"@type":"ListItem","position":1,"name":"Inici","item":"https:\/\/somllavors.com\/es"},{"@type":"ListItem","position":2,"name":"Tienda","item":"https:\/\/somllavors.com\/es\/botiga-2"},{"@type":"ListItem","position":3,"name":"Sujetador de lactancia Carri-gel + relleno XXL &#8211; Carriwell"}]},{"@type":"WebSite","@id":"https:\/\/somllavors.com\/es#website","url":"https:\/\/somllavors.com\/es","name":"Som Llavors","description":"Botiga de crian\u00e7a natural","publisher":{"@id":"https:\/\/somllavors.com\/es#organization"},"alternateName":"Crian\u00e7a Natural i Sostenible","potentialAction":[{"@type":"SearchAction","target":{"@type":"EntryPoint","urlTemplate":"https:\/\/somllavors.com\/es?s={search_term_string}"},"query-input":{"@type":"PropertyValueSpecification","valueRequired":true,"valueName":"search_term_string"}}],"inLanguage":"es"},{"@type":["Organization","Place","Store"],"@id":"https:\/\/somllavors.com\/es#organization","name":"Som Llavors","alternateName":"Crian\u00e7a Natural i Sostenible","url":"https:\/\/somllavors.com\/es","logo":{"@id":"https:\/\/somllavors.com\/es\/producte\/sujetador-de-lactancia-carri-gel-relleno-xxl-carriwell#local-main-organization-logo"},"image":{"@id":"https:\/\/somllavors.com\/es\/producte\/sujetador-de-lactancia-carri-gel-relleno-xxl-carriwell#local-main-organization-logo"},"sameAs":["https:\/\/www.facebook.com\/somllavorsvng\/?locale=ca_ES","https:\/\/www.instagram.com\/somllavors_vng\/","https:\/\/www.youtube.com\/@somllavors"],"address":{"@id":"https:\/\/somllavors.com\/es\/producte\/sujetador-de-lactancia-carri-gel-relleno-xxl-carriwell#local-main-place-address"},"geo":{"@type":"GeoCoordinates","latitude":"41.2257737","longitude":"1.723258859"},"telephone":["623152704","623152704"],"openingHoursSpecification":[{"@type":"OpeningHoursSpecification","dayOfWeek":["Monday","Sunday"],"opens":"00:00","closes":"00:00"},{"@type":"OpeningHoursSpecification","dayOfWeek":["Tuesday","Wednesday","Thursday","Friday"],"opens":"10:00","closes":"20:00"},{"@type":"OpeningHoursSpecification","dayOfWeek":["Saturday"],"opens":"10:00","closes":"13:30"}],"email":"info@somllavors.com"},{"@type":"PostalAddress","@id":"https:\/\/somllavors.com\/es\/producte\/sujetador-de-lactancia-carri-gel-relleno-xxl-carriwell#local-main-place-address","streetAddress":"Carrer de l'aigua, 6","addressLocality":"Vilanova i la Geltr\u00fa","postalCode":"08800","addressRegion":"Barcelona","addressCountry":"ES"},{"@type":"ImageObject","inLanguage":"es","@id":"https:\/\/somllavors.com\/es\/producte\/sujetador-de-lactancia-carri-gel-relleno-xxl-carriwell#local-main-organization-logo","url":"https:\/\/somllavors.com\/wp-content\/uploads\/Logotip-Som-Llavors.jpg","contentUrl":"https:\/\/somllavors.com\/wp-content\/uploads\/Logotip-Som-Llavors.jpg","width":1444,"height":1323,"caption":"Som Llavors"}]},"product_price_amount":"49.99","product_price_currency":"EUR","og_availability":"out of stock","product_availability":"out of stock","product_retailer_item_id":"3424","product_condition":"new","geo.placename":"Vilanova i la Geltr\u00fa","geo.position":{"lat":"41.2257737","long":"1.723258859"},"geo.region":"Espa\u00f1a"},"brands":[{"id":4104,"name":"Carriwell","slug":"carriwell"}],"_links":{"self":[{"href":"https:\/\/somllavors.com\/es\/wp-json\/wp\/v2\/product\/36315","targetHints":{"allow":["GET"]}}],"collection":[{"href":"https:\/\/somllavors.com\/es\/wp-json\/wp\/v2\/product"}],"about":[{"href":"https:\/\/somllavors.com\/es\/wp-json\/wp\/v2\/types\/product"}],"wp:featuredmedia":[{"embeddable":true,"href":"https:\/\/somllavors.com\/es\/wp-json\/wp\/v2\/media\/33297"}],"wp:attachment":[{"href":"https:\/\/somllavors.com\/es\/wp-json\/wp\/v2\/media?parent=36315"}],"wp:term":[{"taxonomy":"pwb-brand","embeddable":true,"href":"https:\/\/somllavors.com\/es\/wp-json\/wp\/v2\/pwb-brand?post=36315"},{"taxonomy":"product_brand","embeddable":true,"href":"https:\/\/somllavors.com\/es\/wp-json\/wp\/v2\/product_brand?post=36315"},{"taxonomy":"product_cat","embeddable":true,"href":"https:\/\/somllavors.com\/es\/wp-json\/wp\/v2\/product_cat?post=36315"},{"taxonomy":"product_tag","embeddable":true,"href":"https:\/\/somllavors.com\/es\/wp-json\/wp\/v2\/product_tag?post=36315"}],"curies":[{"name":"wp","href":"https:\/\/api.w.org\/{rel}","templated":true}]}}