{"id":36316,"date":"2023-02-14T18:11:32","date_gmt":"2023-02-14T17:11:32","guid":{"rendered":"https:\/\/somllavors.com\/producto\/sujetador-de-lactancia-con-relleno-carriwell\/"},"modified":"2023-02-14T18:11:32","modified_gmt":"2023-02-14T17:11:32","slug":"sujetador-de-lactancia-con-relleno-carriwell","status":"publish","type":"product","link":"https:\/\/somllavors.com\/es\/producte\/sujetador-de-lactancia-con-relleno-carriwell","title":{"rendered":"Sujetador de lactancia con relleno &#8211; Carriwell"},"content":{"rendered":"<ul>\n<li>Comodidad: C\u00f3modo por su tejido de suave microfibra sin costuras y por las copas extra\u00edbles.<\/li>\n<li>Soporte: Las copas moldeadas reducen el estiramiento del tejido mejorando el soporte en esta \u00e1rea.<\/li>\n<li>Discreci\u00f3n: Las copas extra\u00edbles ayudan a ocultar los discos absorbentes, pezones y aureolas oscurecidas durante el embarazo as\u00ed como cualquier posible fuga accidental de leche.<\/li>\n<li>Incluye: 1 sujetador + 1 extensor de sujetador<\/li>\n<li>Materiales: 92% Poliamida i 8% Elastano<\/li>\n<\/ul>\n<div class=\"ast-oembed-container \" style=\"height: 100%;\"><iframe loading=\"lazy\" title=\"SUJETADOR LACTANCIA CON RELLENO\" width=\"500\" height=\"375\" src=\"https:\/\/www.youtube.com\/embed\/SXRtskSi1oY?feature=oembed\" frameborder=\"0\" allow=\"accelerometer; autoplay; clipboard-write; encrypted-media; gyroscope; picture-in-picture; web-share\" referrerpolicy=\"strict-origin-when-cross-origin\" allowfullscreen><\/iframe><\/div>\n<p>C\u00f3mo medir la talla del contorno<\/p>\n<ul>\n<li>Mide alrededor de su torso, justo debajo de los pechos (posici\u00f3n &#8220;b&#8221;). Si mide en cent\u00edmetros redondea la talla de contorno m\u00e1s pr\u00f3xima.<\/li>\n<\/ul>\n<p>C\u00f3mo medir la talla de la copa<\/p>\n<ul>\n<li>Mide alrededor de su torso sobre la parte m\u00e1s prominente del pecho (posici\u00f3n &#8220;a&#8221;). Despu\u00e9s tendr\u00e9is que obtener la diferencia entre &#8220;a&#8221; y &#8220;b&#8221; y gui\u00e1ndoos con la mesa debajo (tabla con tallas de copa) determin\u00e9 su medida de copa (Ej. A, B, C) viendo la columna &#8220;+ cm&#8221;.<\/li>\n<\/ul>\n","protected":false},"excerpt":{"rendered":"<p>Sost\u00e9n sin costuras suave y c\u00f3modo que se adapta a los cambios que experimentan los pechos de la mujer lactante. Los cierres de lactancia, f\u00e1ciles de utilizar con una sola mano, exponen el pecho entero para maximizar el contacto piel con piel con el beb\u00e9 durante la lactancia.<\/p>\n<p>&nbsp;<\/p>\n","protected":false},"featured_media":33281,"template":"","meta":{"_acf_changed":false,"site-sidebar-layout":"default","site-content-layout":"default","ast-site-content-layout":"default","site-content-style":"default","site-sidebar-style":"default","ast-global-header-display":"","ast-banner-title-visibility":"","ast-main-header-display":"","ast-hfb-above-header-display":"","ast-hfb-below-header-display":"","ast-hfb-mobile-header-display":"","site-post-title":"","ast-breadcrumbs-content":"","ast-featured-img":"","footer-sml-layout":"","ast-disable-related-posts":"","theme-transparent-header-meta":"default","adv-header-id-meta":"","stick-header-meta":"","header-above-stick-meta":"","header-main-stick-meta":"","header-below-stick-meta":"","astra-migrate-meta-layouts":"default","ast-page-background-enabled":"default","ast-page-background-meta":{"desktop":{"background-color":"","background-image":"","background-repeat":"repeat","background-position":"center center","background-size":"auto","background-attachment":"scroll","background-type":"","background-media":"","overlay-type":"","overlay-color":"","overlay-opacity":"","overlay-gradient":""},"tablet":{"background-color":"","background-image":"","background-repeat":"repeat","background-position":"center center","background-size":"auto","background-attachment":"scroll","background-type":"","background-media":"","overlay-type":"","overlay-color":"","overlay-opacity":"","overlay-gradient":""},"mobile":{"background-color":"","background-image":"","background-repeat":"repeat","background-position":"center center","background-size":"auto","background-attachment":"scroll","background-type":"","background-media":"","overlay-type":"","overlay-color":"","overlay-opacity":"","overlay-gradient":""}},"ast-content-background-meta":{"desktop":{"background-color":"var(--ast-global-color-5)","background-image":"","background-repeat":"repeat","background-position":"center center","background-size":"auto","background-attachment":"scroll","background-type":"","background-media":"","overlay-type":"","overlay-color":"","overlay-opacity":"","overlay-gradient":""},"tablet":{"background-color":"var(--ast-global-color-5)","background-image":"","background-repeat":"repeat","background-position":"center center","background-size":"auto","background-attachment":"scroll","background-type":"","background-media":"","overlay-type":"","overlay-color":"","overlay-opacity":"","overlay-gradient":""},"mobile":{"background-color":"var(--ast-global-color-5)","background-image":"","background-repeat":"repeat","background-position":"center center","background-size":"auto","background-attachment":"scroll","background-type":"","background-media":"","overlay-type":"","overlay-color":"","overlay-opacity":"","overlay-gradient":""}}},"pwb-brand":[4104],"product_brand":[],"product_cat":[3600],"product_tag":[2196,3903],"class_list":{"0":"post-36316","1":"product","2":"type-product","3":"status-publish","4":"has-post-thumbnail","6":"pwb-brand-carriwell","7":"product_cat-para-la-mujer","8":"product_tag-carriwell-es","9":"product_tag-sujetador-es","10":"pa_talla-l-es","11":"pa_talla-m-es","12":"pa_talla-s-es","13":"pa_talla-xl-es","14":"desktop-align-left","15":"tablet-align-left","16":"mobile-align-left","18":"first","19":"instock","20":"taxable","21":"shipping-taxable","22":"purchasable","23":"product-type-variable"},"acf":[],"yoast_head":"<!-- This site is optimized with the Yoast SEO Premium plugin v18.3 (Yoast SEO v27.4) - https:\/\/yoast.com\/product\/yoast-seo-premium-wordpress\/ -->\n<title>Sujetador de lactancia con relleno - Carriwell &#8212; Som Llavors<\/title>\n<meta name=\"description\" content=\"Sost\u00e9n sin costuras suave y c\u00f3modo que se adapta a los cambios que experimentan los pechos de la mujer lactante. Los cierres de lactancia, f\u00e1ciles de utilizar con una sola mano, exponen el pecho entero para maximizar el contacto piel con piel con el beb\u00e9 durante la lactancia. &nbsp;\" \/>\n<meta name=\"robots\" content=\"index, follow, max-snippet:-1, max-image-preview:large, max-video-preview:-1\" \/>\n<link rel=\"canonical\" href=\"https:\/\/somllavors.com\/es\/producte\/sujetador-de-lactancia-con-relleno-carriwell\" \/>\n<meta property=\"og:locale\" content=\"es_ES\" \/>\n<meta property=\"og:type\" content=\"article\" \/>\n<meta property=\"og:title\" content=\"Sujetador de lactancia con relleno - Carriwell\" \/>\n<meta property=\"og:description\" content=\"La teva botiga d\u2019ecocrian\u00e7a i espai d\u2019acompanyament a la maternitat\" \/>\n<meta property=\"og:url\" content=\"https:\/\/somllavors.com\/es\/producte\/sujetador-de-lactancia-con-relleno-carriwell\" \/>\n<meta property=\"og:site_name\" content=\"Som Llavors\" \/>\n<meta property=\"article:publisher\" content=\"https:\/\/www.facebook.com\/somllavorsvng\/?locale=ca_ES\" \/>\n<meta property=\"og:image\" content=\"https:\/\/somllavors.com\/wp-content\/uploads\/2023\/02\/Som-Llavors-SUJETADOR-LACTANCIA-CON-RELLENO.jpg\" \/>\n\t<meta property=\"og:image:width\" content=\"762\" \/>\n\t<meta property=\"og:image:height\" content=\"1100\" \/>\n\t<meta property=\"og:image:type\" content=\"image\/jpeg\" \/>\n<meta name=\"twitter:card\" content=\"summary_large_image\" \/>\n<meta name=\"twitter:label1\" content=\"Availability\" \/>\n\t<meta name=\"twitter:data1\" content=\"Hay existencias\" \/>\n<script type=\"application\/ld+json\" class=\"yoast-schema-graph\">{\"@context\":\"https:\\\/\\\/schema.org\",\"@graph\":[{\"@type\":\"WebPage\",\"@id\":\"https:\\\/\\\/somllavors.com\\\/es\\\/producte\\\/sujetador-de-lactancia-con-relleno-carriwell\",\"url\":\"https:\\\/\\\/somllavors.com\\\/es\\\/producte\\\/sujetador-de-lactancia-con-relleno-carriwell\",\"name\":\"Sujetador de lactancia con relleno - Carriwell &#8212; Som Llavors\",\"isPartOf\":{\"@id\":\"https:\\\/\\\/somllavors.com\\\/es#website\"},\"primaryImageOfPage\":{\"@id\":\"https:\\\/\\\/somllavors.com\\\/es\\\/producte\\\/sujetador-de-lactancia-con-relleno-carriwell#primaryimage\"},\"image\":{\"@id\":\"https:\\\/\\\/somllavors.com\\\/es\\\/producte\\\/sujetador-de-lactancia-con-relleno-carriwell#primaryimage\"},\"thumbnailUrl\":\"https:\\\/\\\/somllavors.com\\\/wp-content\\\/uploads\\\/2023\\\/02\\\/Som-Llavors-SUJETADOR-LACTANCIA-CON-RELLENO.jpg\",\"datePublished\":\"2023-02-14T17:11:32+00:00\",\"description\":\"Sost\u00e9n sin costuras suave y c\u00f3modo que se adapta a los cambios que experimentan los pechos de la mujer lactante. Los cierres de lactancia, f\u00e1ciles de utilizar con una sola mano, exponen el pecho entero para maximizar el contacto piel con piel con el beb\u00e9 durante la lactancia. &nbsp;\",\"breadcrumb\":{\"@id\":\"https:\\\/\\\/somllavors.com\\\/es\\\/producte\\\/sujetador-de-lactancia-con-relleno-carriwell#breadcrumb\"},\"inLanguage\":\"es\",\"potentialAction\":[{\"@type\":\"ReadAction\",\"target\":[\"https:\\\/\\\/somllavors.com\\\/es\\\/producte\\\/sujetador-de-lactancia-con-relleno-carriwell\"]}]},{\"@type\":\"ImageObject\",\"inLanguage\":\"es\",\"@id\":\"https:\\\/\\\/somllavors.com\\\/es\\\/producte\\\/sujetador-de-lactancia-con-relleno-carriwell#primaryimage\",\"url\":\"https:\\\/\\\/somllavors.com\\\/wp-content\\\/uploads\\\/2023\\\/02\\\/Som-Llavors-SUJETADOR-LACTANCIA-CON-RELLENO.jpg\",\"contentUrl\":\"https:\\\/\\\/somllavors.com\\\/wp-content\\\/uploads\\\/2023\\\/02\\\/Som-Llavors-SUJETADOR-LACTANCIA-CON-RELLENO.jpg\",\"width\":762,\"height\":1100,\"caption\":\"sujetador lactancia relleno carriwell\"},{\"@type\":\"BreadcrumbList\",\"@id\":\"https:\\\/\\\/somllavors.com\\\/es\\\/producte\\\/sujetador-de-lactancia-con-relleno-carriwell#breadcrumb\",\"itemListElement\":[{\"@type\":\"ListItem\",\"position\":1,\"name\":\"Inici\",\"item\":\"https:\\\/\\\/somllavors.com\\\/es\"},{\"@type\":\"ListItem\",\"position\":2,\"name\":\"Tienda\",\"item\":\"https:\\\/\\\/somllavors.com\\\/es\\\/botiga-2\"},{\"@type\":\"ListItem\",\"position\":3,\"name\":\"Sujetador de lactancia con relleno &#8211; Carriwell\"}]},{\"@type\":\"WebSite\",\"@id\":\"https:\\\/\\\/somllavors.com\\\/es#website\",\"url\":\"https:\\\/\\\/somllavors.com\\\/es\",\"name\":\"Som Llavors\",\"description\":\"Botiga de crian\u00e7a natural\",\"publisher\":{\"@id\":\"https:\\\/\\\/somllavors.com\\\/es#organization\"},\"alternateName\":\"Crian\u00e7a Natural i Sostenible\",\"potentialAction\":[{\"@type\":\"SearchAction\",\"target\":{\"@type\":\"EntryPoint\",\"urlTemplate\":\"https:\\\/\\\/somllavors.com\\\/es?s={search_term_string}\"},\"query-input\":{\"@type\":\"PropertyValueSpecification\",\"valueRequired\":true,\"valueName\":\"search_term_string\"}}],\"inLanguage\":\"es\"},{\"@type\":[\"Organization\",\"Place\",\"Store\"],\"@id\":\"https:\\\/\\\/somllavors.com\\\/es#organization\",\"name\":\"Som Llavors\",\"alternateName\":\"Crian\u00e7a Natural i Sostenible\",\"url\":\"https:\\\/\\\/somllavors.com\\\/es\",\"logo\":{\"@id\":\"https:\\\/\\\/somllavors.com\\\/es\\\/producte\\\/sujetador-de-lactancia-con-relleno-carriwell#local-main-organization-logo\"},\"image\":{\"@id\":\"https:\\\/\\\/somllavors.com\\\/es\\\/producte\\\/sujetador-de-lactancia-con-relleno-carriwell#local-main-organization-logo\"},\"sameAs\":[\"https:\\\/\\\/www.facebook.com\\\/somllavorsvng\\\/?locale=ca_ES\",\"https:\\\/\\\/www.instagram.com\\\/somllavors_vng\\\/\",\"https:\\\/\\\/www.youtube.com\\\/@somllavors\"],\"address\":{\"@id\":\"https:\\\/\\\/somllavors.com\\\/es\\\/producte\\\/sujetador-de-lactancia-con-relleno-carriwell#local-main-place-address\"},\"geo\":{\"@type\":\"GeoCoordinates\",\"latitude\":\"41.2257737\",\"longitude\":\"1.723258859\"},\"telephone\":[\"623152704\"],\"openingHoursSpecification\":[{\"@type\":\"OpeningHoursSpecification\",\"dayOfWeek\":[\"Monday\",\"Sunday\"],\"opens\":\"00:00\",\"closes\":\"00:00\"},{\"@type\":\"OpeningHoursSpecification\",\"dayOfWeek\":[\"Tuesday\",\"Wednesday\",\"Thursday\",\"Friday\"],\"opens\":\"10:00\",\"closes\":\"20:00\"},{\"@type\":\"OpeningHoursSpecification\",\"dayOfWeek\":[\"Saturday\"],\"opens\":\"10:00\",\"closes\":\"13:30\"}],\"email\":\"info@somllavors.com\"},{\"@type\":\"PostalAddress\",\"@id\":\"https:\\\/\\\/somllavors.com\\\/es\\\/producte\\\/sujetador-de-lactancia-con-relleno-carriwell#local-main-place-address\",\"streetAddress\":\"Carrer de l'aigua, 6\",\"addressLocality\":\"Vilanova i la Geltr\u00fa\",\"postalCode\":\"08800\",\"addressRegion\":\"Barcelona\",\"addressCountry\":\"ES\"},{\"@type\":\"ImageObject\",\"inLanguage\":\"es\",\"@id\":\"https:\\\/\\\/somllavors.com\\\/es\\\/producte\\\/sujetador-de-lactancia-con-relleno-carriwell#local-main-organization-logo\",\"url\":\"https:\\\/\\\/somllavors.com\\\/wp-content\\\/uploads\\\/Logotip-Som-Llavors.jpg\",\"contentUrl\":\"https:\\\/\\\/somllavors.com\\\/wp-content\\\/uploads\\\/Logotip-Som-Llavors.jpg\",\"width\":1444,\"height\":1323,\"caption\":\"Som Llavors\"}]}<\/script>\n<meta property=\"og:availability\" content=\"instock\" \/>\n<meta property=\"product:availability\" content=\"instock\" \/>\n<meta property=\"product:condition\" content=\"new\" \/>\n<meta name=\"geo.placename\" content=\"Vilanova i la Geltr\u00fa\" \/>\n<meta name=\"geo.position\" content=\"41.2257737;1.723258859\" \/>\n<meta name=\"geo.region\" content=\"Espa\u00f1a\" \/>\n<!-- \/ Yoast SEO Premium plugin. -->","yoast_head_json":{"title":"Sujetador de lactancia con relleno - Carriwell &#8212; Som Llavors","description":"Sost\u00e9n sin costuras suave y c\u00f3modo que se adapta a los cambios que experimentan los pechos de la mujer lactante. Los cierres de lactancia, f\u00e1ciles de utilizar con una sola mano, exponen el pecho entero para maximizar el contacto piel con piel con el beb\u00e9 durante la lactancia. &nbsp;","robots":{"index":"index","follow":"follow","max-snippet":"max-snippet:-1","max-image-preview":"max-image-preview:large","max-video-preview":"max-video-preview:-1"},"canonical":"https:\/\/somllavors.com\/es\/producte\/sujetador-de-lactancia-con-relleno-carriwell","og_locale":"es_ES","og_type":"article","og_title":"Sujetador de lactancia con relleno - Carriwell","og_description":"La teva botiga d\u2019ecocrian\u00e7a i espai d\u2019acompanyament a la maternitat","og_url":"https:\/\/somllavors.com\/es\/producte\/sujetador-de-lactancia-con-relleno-carriwell","og_site_name":"Som Llavors","article_publisher":"https:\/\/www.facebook.com\/somllavorsvng\/?locale=ca_ES","og_image":[{"width":762,"height":1100,"url":"https:\/\/somllavors.com\/wp-content\/uploads\/2023\/02\/Som-Llavors-SUJETADOR-LACTANCIA-CON-RELLENO.jpg","type":"image\/jpeg"}],"twitter_card":"summary_large_image","twitter_misc":{"Availability":"Hay existencias"},"schema":{"@context":"https:\/\/schema.org","@graph":[{"@type":"WebPage","@id":"https:\/\/somllavors.com\/es\/producte\/sujetador-de-lactancia-con-relleno-carriwell","url":"https:\/\/somllavors.com\/es\/producte\/sujetador-de-lactancia-con-relleno-carriwell","name":"Sujetador de lactancia con relleno - Carriwell &#8212; Som Llavors","isPartOf":{"@id":"https:\/\/somllavors.com\/es#website"},"primaryImageOfPage":{"@id":"https:\/\/somllavors.com\/es\/producte\/sujetador-de-lactancia-con-relleno-carriwell#primaryimage"},"image":{"@id":"https:\/\/somllavors.com\/es\/producte\/sujetador-de-lactancia-con-relleno-carriwell#primaryimage"},"thumbnailUrl":"https:\/\/somllavors.com\/wp-content\/uploads\/2023\/02\/Som-Llavors-SUJETADOR-LACTANCIA-CON-RELLENO.jpg","datePublished":"2023-02-14T17:11:32+00:00","description":"Sost\u00e9n sin costuras suave y c\u00f3modo que se adapta a los cambios que experimentan los pechos de la mujer lactante. Los cierres de lactancia, f\u00e1ciles de utilizar con una sola mano, exponen el pecho entero para maximizar el contacto piel con piel con el beb\u00e9 durante la lactancia. &nbsp;","breadcrumb":{"@id":"https:\/\/somllavors.com\/es\/producte\/sujetador-de-lactancia-con-relleno-carriwell#breadcrumb"},"inLanguage":"es","potentialAction":[{"@type":"ReadAction","target":["https:\/\/somllavors.com\/es\/producte\/sujetador-de-lactancia-con-relleno-carriwell"]}]},{"@type":"ImageObject","inLanguage":"es","@id":"https:\/\/somllavors.com\/es\/producte\/sujetador-de-lactancia-con-relleno-carriwell#primaryimage","url":"https:\/\/somllavors.com\/wp-content\/uploads\/2023\/02\/Som-Llavors-SUJETADOR-LACTANCIA-CON-RELLENO.jpg","contentUrl":"https:\/\/somllavors.com\/wp-content\/uploads\/2023\/02\/Som-Llavors-SUJETADOR-LACTANCIA-CON-RELLENO.jpg","width":762,"height":1100,"caption":"sujetador lactancia relleno carriwell"},{"@type":"BreadcrumbList","@id":"https:\/\/somllavors.com\/es\/producte\/sujetador-de-lactancia-con-relleno-carriwell#breadcrumb","itemListElement":[{"@type":"ListItem","position":1,"name":"Inici","item":"https:\/\/somllavors.com\/es"},{"@type":"ListItem","position":2,"name":"Tienda","item":"https:\/\/somllavors.com\/es\/botiga-2"},{"@type":"ListItem","position":3,"name":"Sujetador de lactancia con relleno &#8211; Carriwell"}]},{"@type":"WebSite","@id":"https:\/\/somllavors.com\/es#website","url":"https:\/\/somllavors.com\/es","name":"Som Llavors","description":"Botiga de crian\u00e7a natural","publisher":{"@id":"https:\/\/somllavors.com\/es#organization"},"alternateName":"Crian\u00e7a Natural i Sostenible","potentialAction":[{"@type":"SearchAction","target":{"@type":"EntryPoint","urlTemplate":"https:\/\/somllavors.com\/es?s={search_term_string}"},"query-input":{"@type":"PropertyValueSpecification","valueRequired":true,"valueName":"search_term_string"}}],"inLanguage":"es"},{"@type":["Organization","Place","Store"],"@id":"https:\/\/somllavors.com\/es#organization","name":"Som Llavors","alternateName":"Crian\u00e7a Natural i Sostenible","url":"https:\/\/somllavors.com\/es","logo":{"@id":"https:\/\/somllavors.com\/es\/producte\/sujetador-de-lactancia-con-relleno-carriwell#local-main-organization-logo"},"image":{"@id":"https:\/\/somllavors.com\/es\/producte\/sujetador-de-lactancia-con-relleno-carriwell#local-main-organization-logo"},"sameAs":["https:\/\/www.facebook.com\/somllavorsvng\/?locale=ca_ES","https:\/\/www.instagram.com\/somllavors_vng\/","https:\/\/www.youtube.com\/@somllavors"],"address":{"@id":"https:\/\/somllavors.com\/es\/producte\/sujetador-de-lactancia-con-relleno-carriwell#local-main-place-address"},"geo":{"@type":"GeoCoordinates","latitude":"41.2257737","longitude":"1.723258859"},"telephone":["623152704","623152704"],"openingHoursSpecification":[{"@type":"OpeningHoursSpecification","dayOfWeek":["Monday","Sunday"],"opens":"00:00","closes":"00:00"},{"@type":"OpeningHoursSpecification","dayOfWeek":["Tuesday","Wednesday","Thursday","Friday"],"opens":"10:00","closes":"20:00"},{"@type":"OpeningHoursSpecification","dayOfWeek":["Saturday"],"opens":"10:00","closes":"13:30"}],"email":"info@somllavors.com"},{"@type":"PostalAddress","@id":"https:\/\/somllavors.com\/es\/producte\/sujetador-de-lactancia-con-relleno-carriwell#local-main-place-address","streetAddress":"Carrer de l'aigua, 6","addressLocality":"Vilanova i la Geltr\u00fa","postalCode":"08800","addressRegion":"Barcelona","addressCountry":"ES"},{"@type":"ImageObject","inLanguage":"es","@id":"https:\/\/somllavors.com\/es\/producte\/sujetador-de-lactancia-con-relleno-carriwell#local-main-organization-logo","url":"https:\/\/somllavors.com\/wp-content\/uploads\/Logotip-Som-Llavors.jpg","contentUrl":"https:\/\/somllavors.com\/wp-content\/uploads\/Logotip-Som-Llavors.jpg","width":1444,"height":1323,"caption":"Som Llavors"}]},"og_availability":"instock","product_availability":"instock","product_condition":"new","geo.placename":"Vilanova i la Geltr\u00fa","geo.position":{"lat":"41.2257737","long":"1.723258859"},"geo.region":"Espa\u00f1a"},"brands":[{"id":4104,"name":"Carriwell","slug":"carriwell"}],"_links":{"self":[{"href":"https:\/\/somllavors.com\/es\/wp-json\/wp\/v2\/product\/36316","targetHints":{"allow":["GET"]}}],"collection":[{"href":"https:\/\/somllavors.com\/es\/wp-json\/wp\/v2\/product"}],"about":[{"href":"https:\/\/somllavors.com\/es\/wp-json\/wp\/v2\/types\/product"}],"wp:featuredmedia":[{"embeddable":true,"href":"https:\/\/somllavors.com\/es\/wp-json\/wp\/v2\/media\/33281"}],"wp:attachment":[{"href":"https:\/\/somllavors.com\/es\/wp-json\/wp\/v2\/media?parent=36316"}],"wp:term":[{"taxonomy":"pwb-brand","embeddable":true,"href":"https:\/\/somllavors.com\/es\/wp-json\/wp\/v2\/pwb-brand?post=36316"},{"taxonomy":"product_brand","embeddable":true,"href":"https:\/\/somllavors.com\/es\/wp-json\/wp\/v2\/product_brand?post=36316"},{"taxonomy":"product_cat","embeddable":true,"href":"https:\/\/somllavors.com\/es\/wp-json\/wp\/v2\/product_cat?post=36316"},{"taxonomy":"product_tag","embeddable":true,"href":"https:\/\/somllavors.com\/es\/wp-json\/wp\/v2\/product_tag?post=36316"}],"curies":[{"name":"wp","href":"https:\/\/api.w.org\/{rel}","templated":true}]}}