{"id":36605,"date":"2023-03-27T10:38:14","date_gmt":"2023-03-27T08:38:14","guid":{"rendered":"https:\/\/somllavors.com\/?post_type=product&#038;p=36605"},"modified":"2025-11-25T18:49:16","modified_gmt":"2025-11-25T17:49:16","slug":"nombres-translucids-brillants-tickit","status":"publish","type":"product","link":"https:\/\/somllavors.com\/es\/producte\/nombres-translucids-brillants-tickit","title":{"rendered":"Nombres transl\u00facids brillants &#8211; TickiT"},"content":{"rendered":"<p>Recolza les \u00e0rees d&#8217;aprenentatge seg\u00fcents:<\/p>\n<ul>\n<li>Matem\u00e0tiques &#8211; n\u00famero<\/li>\n<li>Entendre el m\u00f3n \u2013 color<\/li>\n<li>Desenvolupament f\u00edsic &#8211; habilitats motores<\/li>\n<\/ul>\n<p>Grand\u00e0ria: 70 mm.<\/p>\n<p>Edat recomanada: A partir de 3 anys.<\/p>\n","protected":false},"excerpt":{"rendered":"<p>Un conjunt de 14 n\u00fameros brillants amb purpurina del 0 al 9 fets d&#8217;acr\u00edlic transl\u00facid colorit de 3 mm. El conjunt inclou dos estils dels n\u00fameros 4 i 7, amb un 1 i un 0 addicionals.<\/p>\n<ul>\n<li>S\u00f3n ideals per utilitzar en un panell de llum per fomentar el reconeixement de n\u00fameros.<\/li>\n<li>Els n\u00fameros v\u00e9nen amb un orifici de 2,5 mm al punt d&#8217;equilibri superior perqu\u00e8 es puguin penjar contra una finestra o a l&#8217;aire lliure per crear fascinants ombres de colors brillants.<\/li>\n<\/ul>\n","protected":false},"featured_media":36617,"template":"","meta":{"_acf_changed":false,"site-sidebar-layout":"default","site-content-layout":"default","ast-site-content-layout":"default","site-content-style":"default","site-sidebar-style":"default","ast-global-header-display":"","ast-banner-title-visibility":"","ast-main-header-display":"","ast-hfb-above-header-display":"","ast-hfb-below-header-display":"","ast-hfb-mobile-header-display":"","site-post-title":"","ast-breadcrumbs-content":"","ast-featured-img":"","footer-sml-layout":"","ast-disable-related-posts":"","theme-transparent-header-meta":"default","adv-header-id-meta":"","stick-header-meta":"","header-above-stick-meta":"","header-main-stick-meta":"","header-below-stick-meta":"","astra-migrate-meta-layouts":"default","ast-page-background-enabled":"default","ast-page-background-meta":{"desktop":{"background-color":"","background-image":"","background-repeat":"repeat","background-position":"center center","background-size":"auto","background-attachment":"scroll","background-type":"","background-media":"","overlay-type":"","overlay-color":"","overlay-opacity":"","overlay-gradient":""},"tablet":{"background-color":"","background-image":"","background-repeat":"repeat","background-position":"center center","background-size":"auto","background-attachment":"scroll","background-type":"","background-media":"","overlay-type":"","overlay-color":"","overlay-opacity":"","overlay-gradient":""},"mobile":{"background-color":"","background-image":"","background-repeat":"repeat","background-position":"center center","background-size":"auto","background-attachment":"scroll","background-type":"","background-media":"","overlay-type":"","overlay-color":"","overlay-opacity":"","overlay-gradient":""}},"ast-content-background-meta":{"desktop":{"background-color":"var(--ast-global-color-5)","background-image":"","background-repeat":"repeat","background-position":"center center","background-size":"auto","background-attachment":"scroll","background-type":"","background-media":"","overlay-type":"","overlay-color":"","overlay-opacity":"","overlay-gradient":""},"tablet":{"background-color":"var(--ast-global-color-5)","background-image":"","background-repeat":"repeat","background-position":"center center","background-size":"auto","background-attachment":"scroll","background-type":"","background-media":"","overlay-type":"","overlay-color":"","overlay-opacity":"","overlay-gradient":""},"mobile":{"background-color":"var(--ast-global-color-5)","background-image":"","background-repeat":"repeat","background-position":"center center","background-size":"auto","background-attachment":"scroll","background-type":"","background-media":"","overlay-type":"","overlay-color":"","overlay-opacity":"","overlay-gradient":""}}},"pwb-brand":[4149],"product_brand":[],"product_cat":[3363,3364,3365,4500,877,612],"product_tag":[3430,3943,621,3942,3415,2330],"class_list":{"0":"post-36605","1":"product","2":"type-product","3":"status-publish","4":"has-post-thumbnail","6":"pwb-brand-tickit","7":"product_cat-3-anys","8":"product_cat-4-anys","9":"product_cat-6-anys","10":"product_cat-10-20e","11":"product_cat-aprenc-a","12":"product_cat-llums-i-ombres","13":"product_tag-brillantes","14":"product_tag-brillantina","15":"product_tag-mesa-de-luz","16":"product_tag-numeros-translucidos","17":"product_tag-purpurina","18":"product_tag-tickit","19":"desktop-align-left","20":"tablet-align-left","21":"mobile-align-left","23":"first","24":"instock","25":"taxable","26":"shipping-taxable","27":"purchasable","28":"product-type-simple"},"acf":[],"yoast_head":"<!-- This site is optimized with the Yoast SEO Premium plugin v18.3 (Yoast SEO v27.4) - https:\/\/yoast.com\/product\/yoast-seo-premium-wordpress\/ -->\n<title>Nombres transl\u00facids brillants - TickiT &#8212; Som Llavors<\/title>\n<meta name=\"description\" content=\"Un conjunt de 14 n\u00fameros brillants amb purpurina del 0 al 9 fets d&#039;acr\u00edlic transl\u00facid colorit de 3 mm. El conjunt inclou dos estils dels n\u00fameros 4 i 7, amb un 1 i un 0 addicionals.   S\u00f3n ideals per utilitzar en un panell de llum per fomentar el reconeixement de n\u00fameros.  Els n\u00fameros v\u00e9nen amb un orifici de 2,5 mm al punt d&#039;equilibri superior perqu\u00e8 es puguin penjar contra una finestra o a l&#039;aire lliure per crear fascinants ombres de colors brillants.\" \/>\n<meta name=\"robots\" content=\"index, follow, max-snippet:-1, max-image-preview:large, max-video-preview:-1\" \/>\n<link rel=\"canonical\" href=\"https:\/\/somllavors.com\/es\/producte\/nombres-translucids-brillants-tickit\" \/>\n<meta property=\"og:locale\" content=\"es_ES\" \/>\n<meta property=\"og:type\" content=\"article\" \/>\n<meta property=\"og:title\" content=\"Nombres transl\u00facids brillants - TickiT\" \/>\n<meta property=\"og:description\" content=\"La teva botiga d\u2019ecocrian\u00e7a i espai d\u2019acompanyament a la maternitat\" \/>\n<meta property=\"og:url\" content=\"https:\/\/somllavors.com\/es\/producte\/nombres-translucids-brillants-tickit\" \/>\n<meta property=\"og:site_name\" content=\"Som Llavors\" \/>\n<meta property=\"article:publisher\" content=\"https:\/\/www.facebook.com\/somllavorsvng\/?locale=ca_ES\" \/>\n<meta property=\"article:modified_time\" content=\"2025-11-25T17:49:16+00:00\" \/>\n<meta property=\"og:image\" content=\"https:\/\/somllavors.com\/wp-content\/uploads\/2023\/03\/Som-Llavors-Rainbow-Glitter-Numbers-Pk14-TIckiT-72431.jpeg\" \/>\n\t<meta property=\"og:image:width\" content=\"1000\" \/>\n\t<meta property=\"og:image:height\" content=\"666\" \/>\n\t<meta property=\"og:image:type\" content=\"image\/jpeg\" \/>\n<meta name=\"twitter:card\" content=\"summary_large_image\" \/>\n<meta name=\"twitter:label1\" content=\"Precio\" \/>\n\t<meta name=\"twitter:data1\" content=\"11,20&euro; Iva incl\u00f2s\" \/>\n\t<meta name=\"twitter:label2\" content=\"Availability\" \/>\n\t<meta name=\"twitter:data2\" content=\"Hay existencias\" \/>\n<script type=\"application\/ld+json\" class=\"yoast-schema-graph\">{\"@context\":\"https:\\\/\\\/schema.org\",\"@graph\":[{\"@type\":\"WebPage\",\"@id\":\"https:\\\/\\\/somllavors.com\\\/es\\\/producte\\\/nombres-translucids-brillants-tickit\",\"url\":\"https:\\\/\\\/somllavors.com\\\/es\\\/producte\\\/nombres-translucids-brillants-tickit\",\"name\":\"Nombres transl\u00facids brillants - TickiT &#8212; Som Llavors\",\"isPartOf\":{\"@id\":\"https:\\\/\\\/somllavors.com\\\/es#website\"},\"primaryImageOfPage\":{\"@id\":\"https:\\\/\\\/somllavors.com\\\/es\\\/producte\\\/nombres-translucids-brillants-tickit#primaryimage\"},\"image\":{\"@id\":\"https:\\\/\\\/somllavors.com\\\/es\\\/producte\\\/nombres-translucids-brillants-tickit#primaryimage\"},\"thumbnailUrl\":\"https:\\\/\\\/somllavors.com\\\/wp-content\\\/uploads\\\/2023\\\/03\\\/Som-Llavors-Rainbow-Glitter-Numbers-Pk14-TIckiT-72431.jpeg\",\"datePublished\":\"2023-03-27T08:38:14+00:00\",\"dateModified\":\"2025-11-25T17:49:16+00:00\",\"description\":\"Un conjunt de 14 n\u00fameros brillants amb purpurina del 0 al 9 fets d'acr\u00edlic transl\u00facid colorit de 3 mm. El conjunt inclou dos estils dels n\u00fameros 4 i 7, amb un 1 i un 0 addicionals. S\u00f3n ideals per utilitzar en un panell de llum per fomentar el reconeixement de n\u00fameros. Els n\u00fameros v\u00e9nen amb un orifici de 2,5 mm al punt d'equilibri superior perqu\u00e8 es puguin penjar contra una finestra o a l'aire lliure per crear fascinants ombres de colors brillants.\",\"breadcrumb\":{\"@id\":\"https:\\\/\\\/somllavors.com\\\/es\\\/producte\\\/nombres-translucids-brillants-tickit#breadcrumb\"},\"inLanguage\":\"es\",\"potentialAction\":[{\"@type\":\"ReadAction\",\"target\":[\"https:\\\/\\\/somllavors.com\\\/es\\\/producte\\\/nombres-translucids-brillants-tickit\"]}]},{\"@type\":\"ImageObject\",\"inLanguage\":\"es\",\"@id\":\"https:\\\/\\\/somllavors.com\\\/es\\\/producte\\\/nombres-translucids-brillants-tickit#primaryimage\",\"url\":\"https:\\\/\\\/somllavors.com\\\/wp-content\\\/uploads\\\/2023\\\/03\\\/Som-Llavors-Rainbow-Glitter-Numbers-Pk14-TIckiT-72431.jpeg\",\"contentUrl\":\"https:\\\/\\\/somllavors.com\\\/wp-content\\\/uploads\\\/2023\\\/03\\\/Som-Llavors-Rainbow-Glitter-Numbers-Pk14-TIckiT-72431.jpeg\",\"width\":1000,\"height\":666,\"caption\":\"numeros para mesa de luz\"},{\"@type\":\"BreadcrumbList\",\"@id\":\"https:\\\/\\\/somllavors.com\\\/es\\\/producte\\\/nombres-translucids-brillants-tickit#breadcrumb\",\"itemListElement\":[{\"@type\":\"ListItem\",\"position\":1,\"name\":\"Inici\",\"item\":\"https:\\\/\\\/somllavors.com\\\/es\"},{\"@type\":\"ListItem\",\"position\":2,\"name\":\"Tienda\",\"item\":\"https:\\\/\\\/somllavors.com\\\/es\\\/botiga-2\"},{\"@type\":\"ListItem\",\"position\":3,\"name\":\"Nombres transl\u00facids brillants &#8211; TickiT\"}]},{\"@type\":\"WebSite\",\"@id\":\"https:\\\/\\\/somllavors.com\\\/es#website\",\"url\":\"https:\\\/\\\/somllavors.com\\\/es\",\"name\":\"Som Llavors\",\"description\":\"Botiga de crian\u00e7a natural\",\"publisher\":{\"@id\":\"https:\\\/\\\/somllavors.com\\\/es#organization\"},\"alternateName\":\"Crian\u00e7a Natural i Sostenible\",\"potentialAction\":[{\"@type\":\"SearchAction\",\"target\":{\"@type\":\"EntryPoint\",\"urlTemplate\":\"https:\\\/\\\/somllavors.com\\\/es?s={search_term_string}\"},\"query-input\":{\"@type\":\"PropertyValueSpecification\",\"valueRequired\":true,\"valueName\":\"search_term_string\"}}],\"inLanguage\":\"es\"},{\"@type\":[\"Organization\",\"Place\",\"Store\"],\"@id\":\"https:\\\/\\\/somllavors.com\\\/es#organization\",\"name\":\"Som Llavors\",\"alternateName\":\"Crian\u00e7a Natural i Sostenible\",\"url\":\"https:\\\/\\\/somllavors.com\\\/es\",\"logo\":{\"@id\":\"https:\\\/\\\/somllavors.com\\\/es\\\/producte\\\/nombres-translucids-brillants-tickit#local-main-organization-logo\"},\"image\":{\"@id\":\"https:\\\/\\\/somllavors.com\\\/es\\\/producte\\\/nombres-translucids-brillants-tickit#local-main-organization-logo\"},\"sameAs\":[\"https:\\\/\\\/www.facebook.com\\\/somllavorsvng\\\/?locale=ca_ES\",\"https:\\\/\\\/www.instagram.com\\\/somllavors_vng\\\/\",\"https:\\\/\\\/www.youtube.com\\\/@somllavors\"],\"address\":{\"@id\":\"https:\\\/\\\/somllavors.com\\\/es\\\/producte\\\/nombres-translucids-brillants-tickit#local-main-place-address\"},\"geo\":{\"@type\":\"GeoCoordinates\",\"latitude\":\"41.2257737\",\"longitude\":\"1.723258859\"},\"telephone\":[\"623152704\"],\"openingHoursSpecification\":[{\"@type\":\"OpeningHoursSpecification\",\"dayOfWeek\":[\"Monday\",\"Sunday\"],\"opens\":\"00:00\",\"closes\":\"00:00\"},{\"@type\":\"OpeningHoursSpecification\",\"dayOfWeek\":[\"Tuesday\",\"Wednesday\",\"Thursday\",\"Friday\"],\"opens\":\"10:00\",\"closes\":\"20:00\"},{\"@type\":\"OpeningHoursSpecification\",\"dayOfWeek\":[\"Saturday\"],\"opens\":\"10:00\",\"closes\":\"13:30\"}],\"email\":\"info@somllavors.com\"},{\"@type\":\"PostalAddress\",\"@id\":\"https:\\\/\\\/somllavors.com\\\/es\\\/producte\\\/nombres-translucids-brillants-tickit#local-main-place-address\",\"streetAddress\":\"Carrer de l'aigua, 6\",\"addressLocality\":\"Vilanova i la Geltr\u00fa\",\"postalCode\":\"08800\",\"addressRegion\":\"Barcelona\",\"addressCountry\":\"ES\"},{\"@type\":\"ImageObject\",\"inLanguage\":\"es\",\"@id\":\"https:\\\/\\\/somllavors.com\\\/es\\\/producte\\\/nombres-translucids-brillants-tickit#local-main-organization-logo\",\"url\":\"https:\\\/\\\/somllavors.com\\\/wp-content\\\/uploads\\\/Logotip-Som-Llavors.jpg\",\"contentUrl\":\"https:\\\/\\\/somllavors.com\\\/wp-content\\\/uploads\\\/Logotip-Som-Llavors.jpg\",\"width\":1444,\"height\":1323,\"caption\":\"Som Llavors\"}]}<\/script>\n<meta property=\"product:price:amount\" content=\"11.20\" \/>\n<meta property=\"product:price:currency\" content=\"EUR\" \/>\n<meta property=\"og:availability\" content=\"instock\" \/>\n<meta property=\"product:availability\" content=\"instock\" \/>\n<meta property=\"product:retailer_item_id\" content=\"72431\" \/>\n<meta property=\"product:condition\" content=\"new\" \/>\n<meta name=\"geo.placename\" content=\"Vilanova i la Geltr\u00fa\" \/>\n<meta name=\"geo.position\" content=\"41.2257737;1.723258859\" \/>\n<meta name=\"geo.region\" content=\"Espa\u00f1a\" \/>\n<!-- \/ Yoast SEO Premium plugin. -->","yoast_head_json":{"title":"Nombres transl\u00facids brillants - TickiT &#8212; Som Llavors","description":"Un conjunt de 14 n\u00fameros brillants amb purpurina del 0 al 9 fets d'acr\u00edlic transl\u00facid colorit de 3 mm. El conjunt inclou dos estils dels n\u00fameros 4 i 7, amb un 1 i un 0 addicionals.   S\u00f3n ideals per utilitzar en un panell de llum per fomentar el reconeixement de n\u00fameros.  Els n\u00fameros v\u00e9nen amb un orifici de 2,5 mm al punt d'equilibri superior perqu\u00e8 es puguin penjar contra una finestra o a l'aire lliure per crear fascinants ombres de colors brillants.","robots":{"index":"index","follow":"follow","max-snippet":"max-snippet:-1","max-image-preview":"max-image-preview:large","max-video-preview":"max-video-preview:-1"},"canonical":"https:\/\/somllavors.com\/es\/producte\/nombres-translucids-brillants-tickit","og_locale":"es_ES","og_type":"article","og_title":"Nombres transl\u00facids brillants - TickiT","og_description":"La teva botiga d\u2019ecocrian\u00e7a i espai d\u2019acompanyament a la maternitat","og_url":"https:\/\/somllavors.com\/es\/producte\/nombres-translucids-brillants-tickit","og_site_name":"Som Llavors","article_publisher":"https:\/\/www.facebook.com\/somllavorsvng\/?locale=ca_ES","article_modified_time":"2025-11-25T17:49:16+00:00","og_image":[{"width":1000,"height":666,"url":"https:\/\/somllavors.com\/wp-content\/uploads\/2023\/03\/Som-Llavors-Rainbow-Glitter-Numbers-Pk14-TIckiT-72431.jpeg","type":"image\/jpeg"}],"twitter_card":"summary_large_image","twitter_misc":{"Precio":"11,20&euro; Iva incl\u00f2s","Availability":"Hay existencias"},"schema":{"@context":"https:\/\/schema.org","@graph":[{"@type":"WebPage","@id":"https:\/\/somllavors.com\/es\/producte\/nombres-translucids-brillants-tickit","url":"https:\/\/somllavors.com\/es\/producte\/nombres-translucids-brillants-tickit","name":"Nombres transl\u00facids brillants - TickiT &#8212; Som Llavors","isPartOf":{"@id":"https:\/\/somllavors.com\/es#website"},"primaryImageOfPage":{"@id":"https:\/\/somllavors.com\/es\/producte\/nombres-translucids-brillants-tickit#primaryimage"},"image":{"@id":"https:\/\/somllavors.com\/es\/producte\/nombres-translucids-brillants-tickit#primaryimage"},"thumbnailUrl":"https:\/\/somllavors.com\/wp-content\/uploads\/2023\/03\/Som-Llavors-Rainbow-Glitter-Numbers-Pk14-TIckiT-72431.jpeg","datePublished":"2023-03-27T08:38:14+00:00","dateModified":"2025-11-25T17:49:16+00:00","description":"Un conjunt de 14 n\u00fameros brillants amb purpurina del 0 al 9 fets d'acr\u00edlic transl\u00facid colorit de 3 mm. El conjunt inclou dos estils dels n\u00fameros 4 i 7, amb un 1 i un 0 addicionals. S\u00f3n ideals per utilitzar en un panell de llum per fomentar el reconeixement de n\u00fameros. Els n\u00fameros v\u00e9nen amb un orifici de 2,5 mm al punt d'equilibri superior perqu\u00e8 es puguin penjar contra una finestra o a l'aire lliure per crear fascinants ombres de colors brillants.","breadcrumb":{"@id":"https:\/\/somllavors.com\/es\/producte\/nombres-translucids-brillants-tickit#breadcrumb"},"inLanguage":"es","potentialAction":[{"@type":"ReadAction","target":["https:\/\/somllavors.com\/es\/producte\/nombres-translucids-brillants-tickit"]}]},{"@type":"ImageObject","inLanguage":"es","@id":"https:\/\/somllavors.com\/es\/producte\/nombres-translucids-brillants-tickit#primaryimage","url":"https:\/\/somllavors.com\/wp-content\/uploads\/2023\/03\/Som-Llavors-Rainbow-Glitter-Numbers-Pk14-TIckiT-72431.jpeg","contentUrl":"https:\/\/somllavors.com\/wp-content\/uploads\/2023\/03\/Som-Llavors-Rainbow-Glitter-Numbers-Pk14-TIckiT-72431.jpeg","width":1000,"height":666,"caption":"numeros para mesa de luz"},{"@type":"BreadcrumbList","@id":"https:\/\/somllavors.com\/es\/producte\/nombres-translucids-brillants-tickit#breadcrumb","itemListElement":[{"@type":"ListItem","position":1,"name":"Inici","item":"https:\/\/somllavors.com\/es"},{"@type":"ListItem","position":2,"name":"Tienda","item":"https:\/\/somllavors.com\/es\/botiga-2"},{"@type":"ListItem","position":3,"name":"Nombres transl\u00facids brillants &#8211; TickiT"}]},{"@type":"WebSite","@id":"https:\/\/somllavors.com\/es#website","url":"https:\/\/somllavors.com\/es","name":"Som Llavors","description":"Botiga de crian\u00e7a natural","publisher":{"@id":"https:\/\/somllavors.com\/es#organization"},"alternateName":"Crian\u00e7a Natural i Sostenible","potentialAction":[{"@type":"SearchAction","target":{"@type":"EntryPoint","urlTemplate":"https:\/\/somllavors.com\/es?s={search_term_string}"},"query-input":{"@type":"PropertyValueSpecification","valueRequired":true,"valueName":"search_term_string"}}],"inLanguage":"es"},{"@type":["Organization","Place","Store"],"@id":"https:\/\/somllavors.com\/es#organization","name":"Som Llavors","alternateName":"Crian\u00e7a Natural i Sostenible","url":"https:\/\/somllavors.com\/es","logo":{"@id":"https:\/\/somllavors.com\/es\/producte\/nombres-translucids-brillants-tickit#local-main-organization-logo"},"image":{"@id":"https:\/\/somllavors.com\/es\/producte\/nombres-translucids-brillants-tickit#local-main-organization-logo"},"sameAs":["https:\/\/www.facebook.com\/somllavorsvng\/?locale=ca_ES","https:\/\/www.instagram.com\/somllavors_vng\/","https:\/\/www.youtube.com\/@somllavors"],"address":{"@id":"https:\/\/somllavors.com\/es\/producte\/nombres-translucids-brillants-tickit#local-main-place-address"},"geo":{"@type":"GeoCoordinates","latitude":"41.2257737","longitude":"1.723258859"},"telephone":["623152704","623152704"],"openingHoursSpecification":[{"@type":"OpeningHoursSpecification","dayOfWeek":["Monday","Sunday"],"opens":"00:00","closes":"00:00"},{"@type":"OpeningHoursSpecification","dayOfWeek":["Tuesday","Wednesday","Thursday","Friday"],"opens":"10:00","closes":"20:00"},{"@type":"OpeningHoursSpecification","dayOfWeek":["Saturday"],"opens":"10:00","closes":"13:30"}],"email":"info@somllavors.com"},{"@type":"PostalAddress","@id":"https:\/\/somllavors.com\/es\/producte\/nombres-translucids-brillants-tickit#local-main-place-address","streetAddress":"Carrer de l'aigua, 6","addressLocality":"Vilanova i la Geltr\u00fa","postalCode":"08800","addressRegion":"Barcelona","addressCountry":"ES"},{"@type":"ImageObject","inLanguage":"es","@id":"https:\/\/somllavors.com\/es\/producte\/nombres-translucids-brillants-tickit#local-main-organization-logo","url":"https:\/\/somllavors.com\/wp-content\/uploads\/Logotip-Som-Llavors.jpg","contentUrl":"https:\/\/somllavors.com\/wp-content\/uploads\/Logotip-Som-Llavors.jpg","width":1444,"height":1323,"caption":"Som Llavors"}]},"product_price_amount":"11.20","product_price_currency":"EUR","og_availability":"instock","product_availability":"instock","product_retailer_item_id":"72431","product_condition":"new","geo.placename":"Vilanova i la Geltr\u00fa","geo.position":{"lat":"41.2257737","long":"1.723258859"},"geo.region":"Espa\u00f1a"},"brands":[{"id":4149,"name":"TickiT","slug":"tickit"}],"_links":{"self":[{"href":"https:\/\/somllavors.com\/es\/wp-json\/wp\/v2\/product\/36605","targetHints":{"allow":["GET"]}}],"collection":[{"href":"https:\/\/somllavors.com\/es\/wp-json\/wp\/v2\/product"}],"about":[{"href":"https:\/\/somllavors.com\/es\/wp-json\/wp\/v2\/types\/product"}],"wp:featuredmedia":[{"embeddable":true,"href":"https:\/\/somllavors.com\/es\/wp-json\/wp\/v2\/media\/36617"}],"wp:attachment":[{"href":"https:\/\/somllavors.com\/es\/wp-json\/wp\/v2\/media?parent=36605"}],"wp:term":[{"taxonomy":"pwb-brand","embeddable":true,"href":"https:\/\/somllavors.com\/es\/wp-json\/wp\/v2\/pwb-brand?post=36605"},{"taxonomy":"product_brand","embeddable":true,"href":"https:\/\/somllavors.com\/es\/wp-json\/wp\/v2\/product_brand?post=36605"},{"taxonomy":"product_cat","embeddable":true,"href":"https:\/\/somllavors.com\/es\/wp-json\/wp\/v2\/product_cat?post=36605"},{"taxonomy":"product_tag","embeddable":true,"href":"https:\/\/somllavors.com\/es\/wp-json\/wp\/v2\/product_tag?post=36605"}],"curies":[{"name":"wp","href":"https:\/\/api.w.org\/{rel}","templated":true}]}}