{"id":36761,"date":"2023-03-27T22:24:58","date_gmt":"2023-03-27T20:24:58","guid":{"rendered":"https:\/\/somllavors.com\/?post_type=product&#038;p=36761"},"modified":"2025-04-03T11:24:33","modified_gmt":"2025-04-03T09:24:33","slug":"brusa-llisa-de-coto-organic-play-up","status":"publish","type":"product","link":"https:\/\/somllavors.com\/es\/producte\/brusa-llisa-de-coto-organic-play-up","title":{"rendered":"Brusa llisa de cot\u00f3 org\u00e0nic  &#8211; Play Up"},"content":{"rendered":"","protected":false},"excerpt":{"rendered":"<p>Aquesta brusa est\u00e0 confeccionada amb tela de cot\u00f3 org\u00e0nic, de color Liliana.<\/p>\n<ul>\n<li>\u00c9s un model amb coll rod\u00f3 i m\u00e0niga llarga, t\u00e9 una obertura frontal amb botons de coco i goma a l&#8217;obertura de les m\u00e0nigues.<\/li>\n<li>Les fibres org\u00e0niques utilitzades en aquesta pe\u00e7a tenen certificaci\u00f3 GOTS (Global Organic Textile Standard) una de les normes m\u00e9s importants al sector t\u00e8xtil, que estableix rigorosos criteris respecte als principis socials, ambientals i de seguretat a la feina, a tota la cadena de producci\u00f3.<\/li>\n<li>Totes les mat\u00e8ries primeres utilitzades per confeccionar aquesta pe\u00e7a tenen certificaci\u00f3 Standard 100 by OEKO-TEX, Classe I, i han estat testades per comprovar la pres\u00e8ncia de subst\u00e0ncies nocives per a la pell dels infants.<\/li>\n<li>Material: 100% cot\u00f3 org\u00e0nic<\/li>\n<\/ul>\n","protected":false},"featured_media":36885,"template":"","meta":{"_acf_changed":false,"site-sidebar-layout":"default","site-content-layout":"default","ast-site-content-layout":"default","site-content-style":"default","site-sidebar-style":"default","ast-global-header-display":"","ast-banner-title-visibility":"","ast-main-header-display":"","ast-hfb-above-header-display":"","ast-hfb-below-header-display":"","ast-hfb-mobile-header-display":"","site-post-title":"","ast-breadcrumbs-content":"","ast-featured-img":"","footer-sml-layout":"","ast-disable-related-posts":"","theme-transparent-header-meta":"default","adv-header-id-meta":"","stick-header-meta":"","header-above-stick-meta":"","header-main-stick-meta":"","header-below-stick-meta":"","astra-migrate-meta-layouts":"default","ast-page-background-enabled":"default","ast-page-background-meta":{"desktop":{"background-color":"","background-image":"","background-repeat":"repeat","background-position":"center center","background-size":"auto","background-attachment":"scroll","background-type":"","background-media":"","overlay-type":"","overlay-color":"","overlay-opacity":"","overlay-gradient":""},"tablet":{"background-color":"","background-image":"","background-repeat":"repeat","background-position":"center center","background-size":"auto","background-attachment":"scroll","background-type":"","background-media":"","overlay-type":"","overlay-color":"","overlay-opacity":"","overlay-gradient":""},"mobile":{"background-color":"","background-image":"","background-repeat":"repeat","background-position":"center center","background-size":"auto","background-attachment":"scroll","background-type":"","background-media":"","overlay-type":"","overlay-color":"","overlay-opacity":"","overlay-gradient":""}},"ast-content-background-meta":{"desktop":{"background-color":"var(--ast-global-color-5)","background-image":"","background-repeat":"repeat","background-position":"center center","background-size":"auto","background-attachment":"scroll","background-type":"","background-media":"","overlay-type":"","overlay-color":"","overlay-opacity":"","overlay-gradient":""},"tablet":{"background-color":"var(--ast-global-color-5)","background-image":"","background-repeat":"repeat","background-position":"center center","background-size":"auto","background-attachment":"scroll","background-type":"","background-media":"","overlay-type":"","overlay-color":"","overlay-opacity":"","overlay-gradient":""},"mobile":{"background-color":"var(--ast-global-color-5)","background-image":"","background-repeat":"repeat","background-position":"center center","background-size":"auto","background-attachment":"scroll","background-type":"","background-media":"","overlay-type":"","overlay-color":"","overlay-opacity":"","overlay-gradient":""}}},"pwb-brand":[4112],"product_brand":[],"product_cat":[3956],"product_tag":[800,3957,3958],"class_list":{"0":"post-36761","1":"product","2":"type-product","3":"status-publish","4":"has-post-thumbnail","6":"pwb-brand-play-up","7":"product_cat-roba","8":"product_tag-algodon-organico","9":"product_tag-play-up","10":"product_tag-ropa","11":"pa_talla-0m","12":"pa_talla-1m","13":"pa_talla-3m","14":"pa_talla-6m","15":"desktop-align-left","16":"tablet-align-left","17":"mobile-align-left","19":"first","20":"instock","21":"taxable","22":"shipping-taxable","23":"purchasable","24":"product-type-variable"},"acf":[],"yoast_head":"<!-- This site is optimized with the Yoast SEO Premium plugin v18.3 (Yoast SEO v27.4) - https:\/\/yoast.com\/product\/yoast-seo-premium-wordpress\/ -->\n<title>Brusa llisa de cot\u00f3 org\u00e0nic - Play Up &#8212; Som Llavors<\/title>\n<meta name=\"description\" content=\"Aquesta brusa est\u00e0 confeccionada amb tela de cot\u00f3 org\u00e0nic, de color Liliana.   \u00c9s un model amb coll rod\u00f3 i m\u00e0niga llarga, t\u00e9 una obertura frontal amb botons de coco i goma a l&#039;obertura de les m\u00e0nigues.  Les fibres org\u00e0niques utilitzades en aquesta pe\u00e7a tenen certificaci\u00f3 GOTS (Global Organic Textile Standard) una de les normes m\u00e9s importants al sector t\u00e8xtil, que estableix rigorosos criteris respecte als principis socials, ambientals i de seguretat a la feina, a tota la cadena de producci\u00f3.  Totes les mat\u00e8ries primeres utilitzades per confeccionar aquesta pe\u00e7a tenen certificaci\u00f3 Standard 100 by OEKO-TEX, Classe I, i han estat testades per comprovar la pres\u00e8ncia de subst\u00e0ncies nocives per a la pell dels infants.  Material: 100% cot\u00f3 org\u00e0nic\" \/>\n<meta name=\"robots\" content=\"index, follow, max-snippet:-1, max-image-preview:large, max-video-preview:-1\" \/>\n<link rel=\"canonical\" href=\"https:\/\/somllavors.com\/es\/producte\/brusa-llisa-de-coto-organic-play-up\" \/>\n<meta property=\"og:locale\" content=\"es_ES\" \/>\n<meta property=\"og:type\" content=\"article\" \/>\n<meta property=\"og:title\" content=\"Brusa llisa de cot\u00f3 org\u00e0nic - Play Up\" \/>\n<meta property=\"og:description\" content=\"La teva botiga d\u2019ecocrian\u00e7a i espai d\u2019acompanyament a la maternitat\" \/>\n<meta property=\"og:url\" content=\"https:\/\/somllavors.com\/es\/producte\/brusa-llisa-de-coto-organic-play-up\" \/>\n<meta property=\"og:site_name\" content=\"Som Llavors\" \/>\n<meta property=\"article:publisher\" content=\"https:\/\/www.facebook.com\/somllavorsvng\/?locale=ca_ES\" \/>\n<meta property=\"article:modified_time\" content=\"2025-04-03T09:24:33+00:00\" \/>\n<meta property=\"og:image\" content=\"https:\/\/somllavors.com\/wp-content\/uploads\/2023\/03\/Som-Llavors-Blusa-de-tela-de-algodon-organico-Organic-Care-Play-Up.jpg\" \/>\n\t<meta property=\"og:image:width\" content=\"1920\" \/>\n\t<meta property=\"og:image:height\" content=\"2340\" \/>\n\t<meta property=\"og:image:type\" content=\"image\/jpeg\" \/>\n<meta name=\"twitter:card\" content=\"summary_large_image\" \/>\n<meta name=\"twitter:label1\" content=\"Availability\" \/>\n\t<meta name=\"twitter:data1\" content=\"Hay existencias\" \/>\n<script type=\"application\/ld+json\" class=\"yoast-schema-graph\">{\"@context\":\"https:\\\/\\\/schema.org\",\"@graph\":[{\"@type\":\"WebPage\",\"@id\":\"https:\\\/\\\/somllavors.com\\\/es\\\/producte\\\/brusa-llisa-de-coto-organic-play-up\",\"url\":\"https:\\\/\\\/somllavors.com\\\/es\\\/producte\\\/brusa-llisa-de-coto-organic-play-up\",\"name\":\"Brusa llisa de cot\u00f3 org\u00e0nic - Play Up &#8212; Som Llavors\",\"isPartOf\":{\"@id\":\"https:\\\/\\\/somllavors.com\\\/es#website\"},\"primaryImageOfPage\":{\"@id\":\"https:\\\/\\\/somllavors.com\\\/es\\\/producte\\\/brusa-llisa-de-coto-organic-play-up#primaryimage\"},\"image\":{\"@id\":\"https:\\\/\\\/somllavors.com\\\/es\\\/producte\\\/brusa-llisa-de-coto-organic-play-up#primaryimage\"},\"thumbnailUrl\":\"https:\\\/\\\/somllavors.com\\\/wp-content\\\/uploads\\\/2023\\\/03\\\/Som-Llavors-Blusa-de-tela-de-algodon-organico-Organic-Care-Play-Up.jpg\",\"datePublished\":\"2023-03-27T20:24:58+00:00\",\"dateModified\":\"2025-04-03T09:24:33+00:00\",\"description\":\"Aquesta brusa est\u00e0 confeccionada amb tela de cot\u00f3 org\u00e0nic, de color Liliana. \u00c9s un model amb coll rod\u00f3 i m\u00e0niga llarga, t\u00e9 una obertura frontal amb botons de coco i goma a l'obertura de les m\u00e0nigues. Les fibres org\u00e0niques utilitzades en aquesta pe\u00e7a tenen certificaci\u00f3 GOTS (Global Organic Textile Standard) una de les normes m\u00e9s importants al sector t\u00e8xtil, que estableix rigorosos criteris respecte als principis socials, ambientals i de seguretat a la feina, a tota la cadena de producci\u00f3. Totes les mat\u00e8ries primeres utilitzades per confeccionar aquesta pe\u00e7a tenen certificaci\u00f3 Standard 100 by OEKO-TEX, Classe I, i han estat testades per comprovar la pres\u00e8ncia de subst\u00e0ncies nocives per a la pell dels infants. Material: 100% cot\u00f3 org\u00e0nic\",\"breadcrumb\":{\"@id\":\"https:\\\/\\\/somllavors.com\\\/es\\\/producte\\\/brusa-llisa-de-coto-organic-play-up#breadcrumb\"},\"inLanguage\":\"es\",\"potentialAction\":[{\"@type\":\"ReadAction\",\"target\":[\"https:\\\/\\\/somllavors.com\\\/es\\\/producte\\\/brusa-llisa-de-coto-organic-play-up\"]}]},{\"@type\":\"ImageObject\",\"inLanguage\":\"es\",\"@id\":\"https:\\\/\\\/somllavors.com\\\/es\\\/producte\\\/brusa-llisa-de-coto-organic-play-up#primaryimage\",\"url\":\"https:\\\/\\\/somllavors.com\\\/wp-content\\\/uploads\\\/2023\\\/03\\\/Som-Llavors-Blusa-de-tela-de-algodon-organico-Organic-Care-Play-Up.jpg\",\"contentUrl\":\"https:\\\/\\\/somllavors.com\\\/wp-content\\\/uploads\\\/2023\\\/03\\\/Som-Llavors-Blusa-de-tela-de-algodon-organico-Organic-Care-Play-Up.jpg\",\"width\":1920,\"height\":2340,\"caption\":\"blusa algod\u00f3n org\u00e1nico primera puesta play up\"},{\"@type\":\"BreadcrumbList\",\"@id\":\"https:\\\/\\\/somllavors.com\\\/es\\\/producte\\\/brusa-llisa-de-coto-organic-play-up#breadcrumb\",\"itemListElement\":[{\"@type\":\"ListItem\",\"position\":1,\"name\":\"Inici\",\"item\":\"https:\\\/\\\/somllavors.com\\\/es\"},{\"@type\":\"ListItem\",\"position\":2,\"name\":\"Tienda\",\"item\":\"https:\\\/\\\/somllavors.com\\\/es\\\/botiga-2\"},{\"@type\":\"ListItem\",\"position\":3,\"name\":\"Brusa llisa de cot\u00f3 org\u00e0nic &#8211; Play Up\"}]},{\"@type\":\"WebSite\",\"@id\":\"https:\\\/\\\/somllavors.com\\\/es#website\",\"url\":\"https:\\\/\\\/somllavors.com\\\/es\",\"name\":\"Som Llavors\",\"description\":\"Botiga de crian\u00e7a natural\",\"publisher\":{\"@id\":\"https:\\\/\\\/somllavors.com\\\/es#organization\"},\"alternateName\":\"Crian\u00e7a Natural i Sostenible\",\"potentialAction\":[{\"@type\":\"SearchAction\",\"target\":{\"@type\":\"EntryPoint\",\"urlTemplate\":\"https:\\\/\\\/somllavors.com\\\/es?s={search_term_string}\"},\"query-input\":{\"@type\":\"PropertyValueSpecification\",\"valueRequired\":true,\"valueName\":\"search_term_string\"}}],\"inLanguage\":\"es\"},{\"@type\":[\"Organization\",\"Place\",\"Store\"],\"@id\":\"https:\\\/\\\/somllavors.com\\\/es#organization\",\"name\":\"Som Llavors\",\"alternateName\":\"Crian\u00e7a Natural i Sostenible\",\"url\":\"https:\\\/\\\/somllavors.com\\\/es\",\"logo\":{\"@id\":\"https:\\\/\\\/somllavors.com\\\/es\\\/producte\\\/brusa-llisa-de-coto-organic-play-up#local-main-organization-logo\"},\"image\":{\"@id\":\"https:\\\/\\\/somllavors.com\\\/es\\\/producte\\\/brusa-llisa-de-coto-organic-play-up#local-main-organization-logo\"},\"sameAs\":[\"https:\\\/\\\/www.facebook.com\\\/somllavorsvng\\\/?locale=ca_ES\",\"https:\\\/\\\/www.instagram.com\\\/somllavors_vng\\\/\",\"https:\\\/\\\/www.youtube.com\\\/@somllavors\"],\"address\":{\"@id\":\"https:\\\/\\\/somllavors.com\\\/es\\\/producte\\\/brusa-llisa-de-coto-organic-play-up#local-main-place-address\"},\"geo\":{\"@type\":\"GeoCoordinates\",\"latitude\":\"41.2257737\",\"longitude\":\"1.723258859\"},\"telephone\":[\"623152704\"],\"openingHoursSpecification\":[{\"@type\":\"OpeningHoursSpecification\",\"dayOfWeek\":[\"Monday\",\"Sunday\"],\"opens\":\"00:00\",\"closes\":\"00:00\"},{\"@type\":\"OpeningHoursSpecification\",\"dayOfWeek\":[\"Tuesday\",\"Wednesday\",\"Thursday\",\"Friday\"],\"opens\":\"10:00\",\"closes\":\"20:00\"},{\"@type\":\"OpeningHoursSpecification\",\"dayOfWeek\":[\"Saturday\"],\"opens\":\"10:00\",\"closes\":\"13:30\"}],\"email\":\"info@somllavors.com\"},{\"@type\":\"PostalAddress\",\"@id\":\"https:\\\/\\\/somllavors.com\\\/es\\\/producte\\\/brusa-llisa-de-coto-organic-play-up#local-main-place-address\",\"streetAddress\":\"Carrer de l'aigua, 6\",\"addressLocality\":\"Vilanova i la Geltr\u00fa\",\"postalCode\":\"08800\",\"addressRegion\":\"Barcelona\",\"addressCountry\":\"ES\"},{\"@type\":\"ImageObject\",\"inLanguage\":\"es\",\"@id\":\"https:\\\/\\\/somllavors.com\\\/es\\\/producte\\\/brusa-llisa-de-coto-organic-play-up#local-main-organization-logo\",\"url\":\"https:\\\/\\\/somllavors.com\\\/wp-content\\\/uploads\\\/Logotip-Som-Llavors.jpg\",\"contentUrl\":\"https:\\\/\\\/somllavors.com\\\/wp-content\\\/uploads\\\/Logotip-Som-Llavors.jpg\",\"width\":1444,\"height\":1323,\"caption\":\"Som Llavors\"}]}<\/script>\n<meta property=\"og:availability\" content=\"instock\" \/>\n<meta property=\"product:availability\" content=\"instock\" \/>\n<meta property=\"product:retailer_item_id\" content=\"PA00\/0AM11250P1093\" \/>\n<meta property=\"product:condition\" content=\"new\" \/>\n<meta name=\"geo.placename\" content=\"Vilanova i la Geltr\u00fa\" \/>\n<meta name=\"geo.position\" content=\"41.2257737;1.723258859\" \/>\n<meta name=\"geo.region\" content=\"Espa\u00f1a\" \/>\n<!-- \/ Yoast SEO Premium plugin. -->","yoast_head_json":{"title":"Brusa llisa de cot\u00f3 org\u00e0nic - Play Up &#8212; Som Llavors","description":"Aquesta brusa est\u00e0 confeccionada amb tela de cot\u00f3 org\u00e0nic, de color Liliana.   \u00c9s un model amb coll rod\u00f3 i m\u00e0niga llarga, t\u00e9 una obertura frontal amb botons de coco i goma a l'obertura de les m\u00e0nigues.  Les fibres org\u00e0niques utilitzades en aquesta pe\u00e7a tenen certificaci\u00f3 GOTS (Global Organic Textile Standard) una de les normes m\u00e9s importants al sector t\u00e8xtil, que estableix rigorosos criteris respecte als principis socials, ambientals i de seguretat a la feina, a tota la cadena de producci\u00f3.  Totes les mat\u00e8ries primeres utilitzades per confeccionar aquesta pe\u00e7a tenen certificaci\u00f3 Standard 100 by OEKO-TEX, Classe I, i han estat testades per comprovar la pres\u00e8ncia de subst\u00e0ncies nocives per a la pell dels infants.  Material: 100% cot\u00f3 org\u00e0nic","robots":{"index":"index","follow":"follow","max-snippet":"max-snippet:-1","max-image-preview":"max-image-preview:large","max-video-preview":"max-video-preview:-1"},"canonical":"https:\/\/somllavors.com\/es\/producte\/brusa-llisa-de-coto-organic-play-up","og_locale":"es_ES","og_type":"article","og_title":"Brusa llisa de cot\u00f3 org\u00e0nic - Play Up","og_description":"La teva botiga d\u2019ecocrian\u00e7a i espai d\u2019acompanyament a la maternitat","og_url":"https:\/\/somllavors.com\/es\/producte\/brusa-llisa-de-coto-organic-play-up","og_site_name":"Som Llavors","article_publisher":"https:\/\/www.facebook.com\/somllavorsvng\/?locale=ca_ES","article_modified_time":"2025-04-03T09:24:33+00:00","og_image":[{"width":1920,"height":2340,"url":"https:\/\/somllavors.com\/wp-content\/uploads\/2023\/03\/Som-Llavors-Blusa-de-tela-de-algodon-organico-Organic-Care-Play-Up.jpg","type":"image\/jpeg"}],"twitter_card":"summary_large_image","twitter_misc":{"Availability":"Hay existencias"},"schema":{"@context":"https:\/\/schema.org","@graph":[{"@type":"WebPage","@id":"https:\/\/somllavors.com\/es\/producte\/brusa-llisa-de-coto-organic-play-up","url":"https:\/\/somllavors.com\/es\/producte\/brusa-llisa-de-coto-organic-play-up","name":"Brusa llisa de cot\u00f3 org\u00e0nic - Play Up &#8212; Som Llavors","isPartOf":{"@id":"https:\/\/somllavors.com\/es#website"},"primaryImageOfPage":{"@id":"https:\/\/somllavors.com\/es\/producte\/brusa-llisa-de-coto-organic-play-up#primaryimage"},"image":{"@id":"https:\/\/somllavors.com\/es\/producte\/brusa-llisa-de-coto-organic-play-up#primaryimage"},"thumbnailUrl":"https:\/\/somllavors.com\/wp-content\/uploads\/2023\/03\/Som-Llavors-Blusa-de-tela-de-algodon-organico-Organic-Care-Play-Up.jpg","datePublished":"2023-03-27T20:24:58+00:00","dateModified":"2025-04-03T09:24:33+00:00","description":"Aquesta brusa est\u00e0 confeccionada amb tela de cot\u00f3 org\u00e0nic, de color Liliana. \u00c9s un model amb coll rod\u00f3 i m\u00e0niga llarga, t\u00e9 una obertura frontal amb botons de coco i goma a l'obertura de les m\u00e0nigues. Les fibres org\u00e0niques utilitzades en aquesta pe\u00e7a tenen certificaci\u00f3 GOTS (Global Organic Textile Standard) una de les normes m\u00e9s importants al sector t\u00e8xtil, que estableix rigorosos criteris respecte als principis socials, ambientals i de seguretat a la feina, a tota la cadena de producci\u00f3. Totes les mat\u00e8ries primeres utilitzades per confeccionar aquesta pe\u00e7a tenen certificaci\u00f3 Standard 100 by OEKO-TEX, Classe I, i han estat testades per comprovar la pres\u00e8ncia de subst\u00e0ncies nocives per a la pell dels infants. Material: 100% cot\u00f3 org\u00e0nic","breadcrumb":{"@id":"https:\/\/somllavors.com\/es\/producte\/brusa-llisa-de-coto-organic-play-up#breadcrumb"},"inLanguage":"es","potentialAction":[{"@type":"ReadAction","target":["https:\/\/somllavors.com\/es\/producte\/brusa-llisa-de-coto-organic-play-up"]}]},{"@type":"ImageObject","inLanguage":"es","@id":"https:\/\/somllavors.com\/es\/producte\/brusa-llisa-de-coto-organic-play-up#primaryimage","url":"https:\/\/somllavors.com\/wp-content\/uploads\/2023\/03\/Som-Llavors-Blusa-de-tela-de-algodon-organico-Organic-Care-Play-Up.jpg","contentUrl":"https:\/\/somllavors.com\/wp-content\/uploads\/2023\/03\/Som-Llavors-Blusa-de-tela-de-algodon-organico-Organic-Care-Play-Up.jpg","width":1920,"height":2340,"caption":"blusa algod\u00f3n org\u00e1nico primera puesta play up"},{"@type":"BreadcrumbList","@id":"https:\/\/somllavors.com\/es\/producte\/brusa-llisa-de-coto-organic-play-up#breadcrumb","itemListElement":[{"@type":"ListItem","position":1,"name":"Inici","item":"https:\/\/somllavors.com\/es"},{"@type":"ListItem","position":2,"name":"Tienda","item":"https:\/\/somllavors.com\/es\/botiga-2"},{"@type":"ListItem","position":3,"name":"Brusa llisa de cot\u00f3 org\u00e0nic &#8211; Play Up"}]},{"@type":"WebSite","@id":"https:\/\/somllavors.com\/es#website","url":"https:\/\/somllavors.com\/es","name":"Som Llavors","description":"Botiga de crian\u00e7a natural","publisher":{"@id":"https:\/\/somllavors.com\/es#organization"},"alternateName":"Crian\u00e7a Natural i Sostenible","potentialAction":[{"@type":"SearchAction","target":{"@type":"EntryPoint","urlTemplate":"https:\/\/somllavors.com\/es?s={search_term_string}"},"query-input":{"@type":"PropertyValueSpecification","valueRequired":true,"valueName":"search_term_string"}}],"inLanguage":"es"},{"@type":["Organization","Place","Store"],"@id":"https:\/\/somllavors.com\/es#organization","name":"Som Llavors","alternateName":"Crian\u00e7a Natural i Sostenible","url":"https:\/\/somllavors.com\/es","logo":{"@id":"https:\/\/somllavors.com\/es\/producte\/brusa-llisa-de-coto-organic-play-up#local-main-organization-logo"},"image":{"@id":"https:\/\/somllavors.com\/es\/producte\/brusa-llisa-de-coto-organic-play-up#local-main-organization-logo"},"sameAs":["https:\/\/www.facebook.com\/somllavorsvng\/?locale=ca_ES","https:\/\/www.instagram.com\/somllavors_vng\/","https:\/\/www.youtube.com\/@somllavors"],"address":{"@id":"https:\/\/somllavors.com\/es\/producte\/brusa-llisa-de-coto-organic-play-up#local-main-place-address"},"geo":{"@type":"GeoCoordinates","latitude":"41.2257737","longitude":"1.723258859"},"telephone":["623152704","623152704"],"openingHoursSpecification":[{"@type":"OpeningHoursSpecification","dayOfWeek":["Monday","Sunday"],"opens":"00:00","closes":"00:00"},{"@type":"OpeningHoursSpecification","dayOfWeek":["Tuesday","Wednesday","Thursday","Friday"],"opens":"10:00","closes":"20:00"},{"@type":"OpeningHoursSpecification","dayOfWeek":["Saturday"],"opens":"10:00","closes":"13:30"}],"email":"info@somllavors.com"},{"@type":"PostalAddress","@id":"https:\/\/somllavors.com\/es\/producte\/brusa-llisa-de-coto-organic-play-up#local-main-place-address","streetAddress":"Carrer de l'aigua, 6","addressLocality":"Vilanova i la Geltr\u00fa","postalCode":"08800","addressRegion":"Barcelona","addressCountry":"ES"},{"@type":"ImageObject","inLanguage":"es","@id":"https:\/\/somllavors.com\/es\/producte\/brusa-llisa-de-coto-organic-play-up#local-main-organization-logo","url":"https:\/\/somllavors.com\/wp-content\/uploads\/Logotip-Som-Llavors.jpg","contentUrl":"https:\/\/somllavors.com\/wp-content\/uploads\/Logotip-Som-Llavors.jpg","width":1444,"height":1323,"caption":"Som Llavors"}]},"og_availability":"instock","product_availability":"instock","product_retailer_item_id":"PA00\/0AM11250P1093","product_condition":"new","geo.placename":"Vilanova i la Geltr\u00fa","geo.position":{"lat":"41.2257737","long":"1.723258859"},"geo.region":"Espa\u00f1a"},"brands":[{"id":4112,"name":"Play Up","slug":"play-up"}],"_links":{"self":[{"href":"https:\/\/somllavors.com\/es\/wp-json\/wp\/v2\/product\/36761","targetHints":{"allow":["GET"]}}],"collection":[{"href":"https:\/\/somllavors.com\/es\/wp-json\/wp\/v2\/product"}],"about":[{"href":"https:\/\/somllavors.com\/es\/wp-json\/wp\/v2\/types\/product"}],"wp:featuredmedia":[{"embeddable":true,"href":"https:\/\/somllavors.com\/es\/wp-json\/wp\/v2\/media\/36885"}],"wp:attachment":[{"href":"https:\/\/somllavors.com\/es\/wp-json\/wp\/v2\/media?parent=36761"}],"wp:term":[{"taxonomy":"pwb-brand","embeddable":true,"href":"https:\/\/somllavors.com\/es\/wp-json\/wp\/v2\/pwb-brand?post=36761"},{"taxonomy":"product_brand","embeddable":true,"href":"https:\/\/somllavors.com\/es\/wp-json\/wp\/v2\/product_brand?post=36761"},{"taxonomy":"product_cat","embeddable":true,"href":"https:\/\/somllavors.com\/es\/wp-json\/wp\/v2\/product_cat?post=36761"},{"taxonomy":"product_tag","embeddable":true,"href":"https:\/\/somllavors.com\/es\/wp-json\/wp\/v2\/product_tag?post=36761"}],"curies":[{"name":"wp","href":"https:\/\/api.w.org\/{rel}","templated":true}]}}