{"id":37281,"date":"2023-04-04T21:47:18","date_gmt":"2023-04-04T19:47:18","guid":{"rendered":"https:\/\/somllavors.com\/?post_type=product&#038;p=37281"},"modified":"2025-01-16T18:13:41","modified_gmt":"2025-01-16T17:13:41","slug":"em-feu-un-lloc","status":"publish","type":"product","link":"https:\/\/somllavors.com\/es\/producte\/em-feu-un-lloc","title":{"rendered":"Em feu un lloc?"},"content":{"rendered":"","protected":false},"excerpt":{"rendered":"<div class=\"col-md-8 col-12\" data-v-21de2c9e=\"\">\n<div data-v-809af916=\"\" data-v-21de2c9e=\"\">\n<div class=\"text-container\" data-v-809af916=\"\">\n<div data-v-809af916=\"\">A l\u2019hivern, el temps fred ens convida a recollir-nos a casa i a estar en fam\u00edlia. I aix\u00f2 \u00e9s justament el que fan els sis animalons del nostre conte, que troben un curi\u00f3s cau, molt calent\u00f3, per protegir-se de la neu i el fred.<\/div>\n<ul>\n<li>A trav\u00e9s d\u2019una deliciosa cad\u00e8ncia r\u00edtmica i repetitiva, Em feu un lloc? \u00e9s un goig per als infants, que, un cop rere un altre, esperen escoltar qu\u00e8 passar\u00e0 cada vegada que un dels personatges demana que li facin un lloc.<\/li>\n<\/ul>\n<\/div>\n<\/div>\n<\/div>\n","protected":false},"featured_media":37303,"template":"","meta":{"_acf_changed":false,"site-sidebar-layout":"default","site-content-layout":"default","ast-site-content-layout":"default","site-content-style":"default","site-sidebar-style":"default","ast-global-header-display":"","ast-banner-title-visibility":"","ast-main-header-display":"","ast-hfb-above-header-display":"","ast-hfb-below-header-display":"","ast-hfb-mobile-header-display":"","site-post-title":"","ast-breadcrumbs-content":"","ast-featured-img":"","footer-sml-layout":"","theme-transparent-header-meta":"default","adv-header-id-meta":"","stick-header-meta":"","header-above-stick-meta":"","header-main-stick-meta":"","header-below-stick-meta":"","astra-migrate-meta-layouts":"default","ast-page-background-enabled":"default","ast-page-background-meta":{"desktop":{"background-color":"","background-image":"","background-repeat":"repeat","background-position":"center center","background-size":"auto","background-attachment":"scroll","background-type":"","background-media":"","overlay-type":"","overlay-color":"","overlay-opacity":"","overlay-gradient":""},"tablet":{"background-color":"","background-image":"","background-repeat":"repeat","background-position":"center center","background-size":"auto","background-attachment":"scroll","background-type":"","background-media":"","overlay-type":"","overlay-color":"","overlay-opacity":"","overlay-gradient":""},"mobile":{"background-color":"","background-image":"","background-repeat":"repeat","background-position":"center center","background-size":"auto","background-attachment":"scroll","background-type":"","background-media":"","overlay-type":"","overlay-color":"","overlay-opacity":"","overlay-gradient":""}},"ast-content-background-meta":{"desktop":{"background-color":"var(--ast-global-color-5)","background-image":"","background-repeat":"repeat","background-position":"center center","background-size":"auto","background-attachment":"scroll","background-type":"","background-media":"","overlay-type":"","overlay-color":"","overlay-opacity":"","overlay-gradient":""},"tablet":{"background-color":"var(--ast-global-color-5)","background-image":"","background-repeat":"repeat","background-position":"center center","background-size":"auto","background-attachment":"scroll","background-type":"","background-media":"","overlay-type":"","overlay-color":"","overlay-opacity":"","overlay-gradient":""},"mobile":{"background-color":"var(--ast-global-color-5)","background-image":"","background-repeat":"repeat","background-position":"center center","background-size":"auto","background-attachment":"scroll","background-type":"","background-media":"","overlay-type":"","overlay-color":"","overlay-opacity":"","overlay-gradient":""}}},"pwb-brand":[],"product_brand":[],"product_cat":[567],"product_tag":[3766],"class_list":{"0":"post-37281","1":"product","2":"type-product","3":"status-publish","4":"has-post-thumbnail","6":"product_cat-infantils","7":"product_tag-ing","8":"desktop-align-left","9":"tablet-align-left","10":"mobile-align-left","12":"first","13":"instock","14":"taxable","15":"shipping-taxable","16":"purchasable","17":"product-type-simple"},"acf":[],"yoast_head":"<!-- This site is optimized with the Yoast SEO Premium plugin v18.3 (Yoast SEO v26.2) - https:\/\/yoast.com\/wordpress\/plugins\/seo\/ -->\n<title>Em feu un lloc? &#8212; Som Llavors<\/title>\n<meta name=\"description\" content=\"A l\u2019hivern, el temps fred ens convida a recollir-nos a casa i a estar en fam\u00edlia. I aix\u00f2 \u00e9s justament el que fan els sis animalons del nostre conte, que troben un curi\u00f3s cau, molt calent\u00f3, per protegir-se de la neu i el fred.   A trav\u00e9s d\u2019una deliciosa cad\u00e8ncia r\u00edtmica i repetitiva, Em feu un lloc? \u00e9s un goig per als infants, que, un cop rere un altre, esperen escoltar qu\u00e8 passar\u00e0 cada vegada que un dels personatges demana que li facin un lloc.\" \/>\n<meta name=\"robots\" content=\"index, follow, max-snippet:-1, max-image-preview:large, max-video-preview:-1\" \/>\n<link rel=\"canonical\" href=\"https:\/\/somllavors.com\/es\/producte\/em-feu-un-lloc\" \/>\n<meta property=\"og:locale\" content=\"es_ES\" \/>\n<meta property=\"og:type\" content=\"article\" \/>\n<meta property=\"og:title\" content=\"Em feu un lloc?\" \/>\n<meta property=\"og:description\" content=\"La teva botiga d\u2019ecocrian\u00e7a i espai d\u2019acompanyament a la maternitat\" \/>\n<meta property=\"og:url\" content=\"https:\/\/somllavors.com\/es\/producte\/em-feu-un-lloc\" \/>\n<meta property=\"og:site_name\" content=\"Som Llavors\" \/>\n<meta property=\"article:publisher\" content=\"https:\/\/www.facebook.com\/somllavorsvng\/?locale=ca_ES\" \/>\n<meta property=\"article:modified_time\" content=\"2025-01-16T17:13:41+00:00\" \/>\n<meta property=\"og:image\" content=\"https:\/\/somllavors.com\/wp-content\/uploads\/2023\/04\/SOM-LLAVORS-EM-FEU-UN-LLOC-edicion-en-catalan-9788412201482.jpeg\" \/>\n\t<meta property=\"og:image:width\" content=\"552\" \/>\n\t<meta property=\"og:image:height\" content=\"614\" \/>\n\t<meta property=\"og:image:type\" content=\"image\/jpeg\" \/>\n<meta name=\"twitter:card\" content=\"summary_large_image\" \/>\n<meta name=\"twitter:label1\" content=\"Precio\" \/>\n\t<meta name=\"twitter:data1\" content=\"14,30&euro; Iva incl\u00f2s\" \/>\n\t<meta name=\"twitter:label2\" content=\"Availability\" \/>\n\t<meta name=\"twitter:data2\" content=\"Hay existencias\" \/>\n<script type=\"application\/ld+json\" class=\"yoast-schema-graph\">{\"@context\":\"https:\/\/schema.org\",\"@graph\":[{\"@type\":\"WebPage\",\"@id\":\"https:\/\/somllavors.com\/es\/producte\/em-feu-un-lloc\",\"url\":\"https:\/\/somllavors.com\/es\/producte\/em-feu-un-lloc\",\"name\":\"Em feu un lloc? &#8212; Som Llavors\",\"isPartOf\":{\"@id\":\"https:\/\/somllavors.com\/es#website\"},\"primaryImageOfPage\":{\"@id\":\"https:\/\/somllavors.com\/es\/producte\/em-feu-un-lloc#primaryimage\"},\"image\":{\"@id\":\"https:\/\/somllavors.com\/es\/producte\/em-feu-un-lloc#primaryimage\"},\"thumbnailUrl\":\"https:\/\/somllavors.com\/wp-content\/uploads\/2023\/04\/SOM-LLAVORS-EM-FEU-UN-LLOC-edicion-en-catalan-9788412201482.jpeg\",\"datePublished\":\"2023-04-04T19:47:18+00:00\",\"dateModified\":\"2025-01-16T17:13:41+00:00\",\"description\":\"A l\u2019hivern, el temps fred ens convida a recollir-nos a casa i a estar en fam\u00edlia. I aix\u00f2 \u00e9s justament el que fan els sis animalons del nostre conte, que troben un curi\u00f3s cau, molt calent\u00f3, per protegir-se de la neu i el fred. A trav\u00e9s d\u2019una deliciosa cad\u00e8ncia r\u00edtmica i repetitiva, Em feu un lloc? \u00e9s un goig per als infants, que, un cop rere un altre, esperen escoltar qu\u00e8 passar\u00e0 cada vegada que un dels personatges demana que li facin un lloc.\",\"breadcrumb\":{\"@id\":\"https:\/\/somllavors.com\/es\/producte\/em-feu-un-lloc#breadcrumb\"},\"inLanguage\":\"es\",\"potentialAction\":[{\"@type\":\"ReadAction\",\"target\":[\"https:\/\/somllavors.com\/es\/producte\/em-feu-un-lloc\"]}]},{\"@type\":\"ImageObject\",\"inLanguage\":\"es\",\"@id\":\"https:\/\/somllavors.com\/es\/producte\/em-feu-un-lloc#primaryimage\",\"url\":\"https:\/\/somllavors.com\/wp-content\/uploads\/2023\/04\/SOM-LLAVORS-EM-FEU-UN-LLOC-edicion-en-catalan-9788412201482.jpeg\",\"contentUrl\":\"https:\/\/somllavors.com\/wp-content\/uploads\/2023\/04\/SOM-LLAVORS-EM-FEU-UN-LLOC-edicion-en-catalan-9788412201482.jpeg\",\"width\":552,\"height\":614,\"caption\":\"contes educatius\"},{\"@type\":\"BreadcrumbList\",\"@id\":\"https:\/\/somllavors.com\/es\/producte\/em-feu-un-lloc#breadcrumb\",\"itemListElement\":[{\"@type\":\"ListItem\",\"position\":1,\"name\":\"Inici\",\"item\":\"https:\/\/somllavors.com\/es\"},{\"@type\":\"ListItem\",\"position\":2,\"name\":\"Tienda\",\"item\":\"https:\/\/somllavors.com\/es\/botiga-2\"},{\"@type\":\"ListItem\",\"position\":3,\"name\":\"Em feu un lloc?\"}]},{\"@type\":\"WebSite\",\"@id\":\"https:\/\/somllavors.com\/es#website\",\"url\":\"https:\/\/somllavors.com\/es\",\"name\":\"Som Llavors\",\"description\":\"Botiga de crian\u00e7a natural\",\"publisher\":{\"@id\":\"https:\/\/somllavors.com\/es#organization\"},\"alternateName\":\"Crian\u00e7a Natural i Sostenible\",\"potentialAction\":[{\"@type\":\"SearchAction\",\"target\":{\"@type\":\"EntryPoint\",\"urlTemplate\":\"https:\/\/somllavors.com\/es?s={search_term_string}\"},\"query-input\":{\"@type\":\"PropertyValueSpecification\",\"valueRequired\":true,\"valueName\":\"search_term_string\"}}],\"inLanguage\":\"es\"},{\"@type\":[\"Organization\",\"Place\",\"Store\"],\"@id\":\"https:\/\/somllavors.com\/es#organization\",\"name\":\"Som Llavors\",\"alternateName\":\"Crian\u00e7a Natural i Sostenible\",\"url\":\"https:\/\/somllavors.com\/es\",\"logo\":{\"@id\":\"https:\/\/somllavors.com\/es\/producte\/em-feu-un-lloc#local-main-organization-logo\"},\"image\":{\"@id\":\"https:\/\/somllavors.com\/es\/producte\/em-feu-un-lloc#local-main-organization-logo\"},\"sameAs\":[\"https:\/\/www.facebook.com\/somllavorsvng\/?locale=ca_ES\",\"https:\/\/www.instagram.com\/somllavors_vng\/\",\"https:\/\/www.youtube.com\/@somllavors\"],\"address\":{\"@id\":\"https:\/\/somllavors.com\/es\/producte\/em-feu-un-lloc#local-main-place-address\"},\"geo\":{\"@type\":\"GeoCoordinates\",\"latitude\":\"41.2257737\",\"longitude\":\"1.723258859\"},\"telephone\":[\"623152704\"],\"openingHoursSpecification\":[{\"@type\":\"OpeningHoursSpecification\",\"dayOfWeek\":[\"Monday\",\"Sunday\"],\"opens\":\"00:00\",\"closes\":\"00:00\"},{\"@type\":\"OpeningHoursSpecification\",\"dayOfWeek\":[\"Tuesday\",\"Wednesday\",\"Thursday\",\"Friday\"],\"opens\":\"10:00\",\"closes\":\"20:00\"},{\"@type\":\"OpeningHoursSpecification\",\"dayOfWeek\":[\"Saturday\"],\"opens\":\"10:00\",\"closes\":\"13:30\"}],\"email\":\"info@somllavors.com\"},{\"@type\":\"PostalAddress\",\"@id\":\"https:\/\/somllavors.com\/es\/producte\/em-feu-un-lloc#local-main-place-address\",\"streetAddress\":\"Carrer de l'aigua, 6\",\"addressLocality\":\"Vilanova i la Geltr\u00fa\",\"postalCode\":\"08800\",\"addressRegion\":\"Barcelona\",\"addressCountry\":\"ES\"},{\"@type\":\"ImageObject\",\"inLanguage\":\"es\",\"@id\":\"https:\/\/somllavors.com\/es\/producte\/em-feu-un-lloc#local-main-organization-logo\",\"url\":\"https:\/\/somllavors.com\/wp-content\/uploads\/Logotip-Som-Llavors.jpg\",\"contentUrl\":\"https:\/\/somllavors.com\/wp-content\/uploads\/Logotip-Som-Llavors.jpg\",\"width\":1444,\"height\":1323,\"caption\":\"Som Llavors\"}]}<\/script>\n<meta property=\"product:price:amount\" content=\"14.30\" \/>\n<meta property=\"product:price:currency\" content=\"EUR\" \/>\n<meta property=\"og:availability\" content=\"instock\" \/>\n<meta property=\"product:availability\" content=\"instock\" \/>\n<meta property=\"product:retailer_item_id\" content=\"9788412201482\" \/>\n<meta property=\"product:condition\" content=\"new\" \/>\n<meta name=\"geo.placename\" content=\"Vilanova i la Geltr\u00fa\" \/>\n<meta name=\"geo.position\" content=\"41.2257737;1.723258859\" \/>\n<meta name=\"geo.region\" content=\"Espa\u00f1a\" \/>\n<!-- \/ Yoast SEO Premium plugin. -->","yoast_head_json":{"title":"Em feu un lloc? &#8212; Som Llavors","description":"A l\u2019hivern, el temps fred ens convida a recollir-nos a casa i a estar en fam\u00edlia. I aix\u00f2 \u00e9s justament el que fan els sis animalons del nostre conte, que troben un curi\u00f3s cau, molt calent\u00f3, per protegir-se de la neu i el fred.   A trav\u00e9s d\u2019una deliciosa cad\u00e8ncia r\u00edtmica i repetitiva, Em feu un lloc? \u00e9s un goig per als infants, que, un cop rere un altre, esperen escoltar qu\u00e8 passar\u00e0 cada vegada que un dels personatges demana que li facin un lloc.","robots":{"index":"index","follow":"follow","max-snippet":"max-snippet:-1","max-image-preview":"max-image-preview:large","max-video-preview":"max-video-preview:-1"},"canonical":"https:\/\/somllavors.com\/es\/producte\/em-feu-un-lloc","og_locale":"es_ES","og_type":"article","og_title":"Em feu un lloc?","og_description":"La teva botiga d\u2019ecocrian\u00e7a i espai d\u2019acompanyament a la maternitat","og_url":"https:\/\/somllavors.com\/es\/producte\/em-feu-un-lloc","og_site_name":"Som Llavors","article_publisher":"https:\/\/www.facebook.com\/somllavorsvng\/?locale=ca_ES","article_modified_time":"2025-01-16T17:13:41+00:00","og_image":[{"width":552,"height":614,"url":"https:\/\/somllavors.com\/wp-content\/uploads\/2023\/04\/SOM-LLAVORS-EM-FEU-UN-LLOC-edicion-en-catalan-9788412201482.jpeg","type":"image\/jpeg"}],"twitter_card":"summary_large_image","twitter_misc":{"Precio":"14,30&euro; Iva incl\u00f2s","Availability":"Hay existencias"},"schema":{"@context":"https:\/\/schema.org","@graph":[{"@type":"WebPage","@id":"https:\/\/somllavors.com\/es\/producte\/em-feu-un-lloc","url":"https:\/\/somllavors.com\/es\/producte\/em-feu-un-lloc","name":"Em feu un lloc? &#8212; Som Llavors","isPartOf":{"@id":"https:\/\/somllavors.com\/es#website"},"primaryImageOfPage":{"@id":"https:\/\/somllavors.com\/es\/producte\/em-feu-un-lloc#primaryimage"},"image":{"@id":"https:\/\/somllavors.com\/es\/producte\/em-feu-un-lloc#primaryimage"},"thumbnailUrl":"https:\/\/somllavors.com\/wp-content\/uploads\/2023\/04\/SOM-LLAVORS-EM-FEU-UN-LLOC-edicion-en-catalan-9788412201482.jpeg","datePublished":"2023-04-04T19:47:18+00:00","dateModified":"2025-01-16T17:13:41+00:00","description":"A l\u2019hivern, el temps fred ens convida a recollir-nos a casa i a estar en fam\u00edlia. I aix\u00f2 \u00e9s justament el que fan els sis animalons del nostre conte, que troben un curi\u00f3s cau, molt calent\u00f3, per protegir-se de la neu i el fred. A trav\u00e9s d\u2019una deliciosa cad\u00e8ncia r\u00edtmica i repetitiva, Em feu un lloc? \u00e9s un goig per als infants, que, un cop rere un altre, esperen escoltar qu\u00e8 passar\u00e0 cada vegada que un dels personatges demana que li facin un lloc.","breadcrumb":{"@id":"https:\/\/somllavors.com\/es\/producte\/em-feu-un-lloc#breadcrumb"},"inLanguage":"es","potentialAction":[{"@type":"ReadAction","target":["https:\/\/somllavors.com\/es\/producte\/em-feu-un-lloc"]}]},{"@type":"ImageObject","inLanguage":"es","@id":"https:\/\/somllavors.com\/es\/producte\/em-feu-un-lloc#primaryimage","url":"https:\/\/somllavors.com\/wp-content\/uploads\/2023\/04\/SOM-LLAVORS-EM-FEU-UN-LLOC-edicion-en-catalan-9788412201482.jpeg","contentUrl":"https:\/\/somllavors.com\/wp-content\/uploads\/2023\/04\/SOM-LLAVORS-EM-FEU-UN-LLOC-edicion-en-catalan-9788412201482.jpeg","width":552,"height":614,"caption":"contes educatius"},{"@type":"BreadcrumbList","@id":"https:\/\/somllavors.com\/es\/producte\/em-feu-un-lloc#breadcrumb","itemListElement":[{"@type":"ListItem","position":1,"name":"Inici","item":"https:\/\/somllavors.com\/es"},{"@type":"ListItem","position":2,"name":"Tienda","item":"https:\/\/somllavors.com\/es\/botiga-2"},{"@type":"ListItem","position":3,"name":"Em feu un lloc?"}]},{"@type":"WebSite","@id":"https:\/\/somllavors.com\/es#website","url":"https:\/\/somllavors.com\/es","name":"Som Llavors","description":"Botiga de crian\u00e7a natural","publisher":{"@id":"https:\/\/somllavors.com\/es#organization"},"alternateName":"Crian\u00e7a Natural i Sostenible","potentialAction":[{"@type":"SearchAction","target":{"@type":"EntryPoint","urlTemplate":"https:\/\/somllavors.com\/es?s={search_term_string}"},"query-input":{"@type":"PropertyValueSpecification","valueRequired":true,"valueName":"search_term_string"}}],"inLanguage":"es"},{"@type":["Organization","Place","Store"],"@id":"https:\/\/somllavors.com\/es#organization","name":"Som Llavors","alternateName":"Crian\u00e7a Natural i Sostenible","url":"https:\/\/somllavors.com\/es","logo":{"@id":"https:\/\/somllavors.com\/es\/producte\/em-feu-un-lloc#local-main-organization-logo"},"image":{"@id":"https:\/\/somllavors.com\/es\/producte\/em-feu-un-lloc#local-main-organization-logo"},"sameAs":["https:\/\/www.facebook.com\/somllavorsvng\/?locale=ca_ES","https:\/\/www.instagram.com\/somllavors_vng\/","https:\/\/www.youtube.com\/@somllavors"],"address":{"@id":"https:\/\/somllavors.com\/es\/producte\/em-feu-un-lloc#local-main-place-address"},"geo":{"@type":"GeoCoordinates","latitude":"41.2257737","longitude":"1.723258859"},"telephone":["623152704","623152704"],"openingHoursSpecification":[{"@type":"OpeningHoursSpecification","dayOfWeek":["Monday","Sunday"],"opens":"00:00","closes":"00:00"},{"@type":"OpeningHoursSpecification","dayOfWeek":["Tuesday","Wednesday","Thursday","Friday"],"opens":"10:00","closes":"20:00"},{"@type":"OpeningHoursSpecification","dayOfWeek":["Saturday"],"opens":"10:00","closes":"13:30"}],"email":"info@somllavors.com"},{"@type":"PostalAddress","@id":"https:\/\/somllavors.com\/es\/producte\/em-feu-un-lloc#local-main-place-address","streetAddress":"Carrer de l'aigua, 6","addressLocality":"Vilanova i la Geltr\u00fa","postalCode":"08800","addressRegion":"Barcelona","addressCountry":"ES"},{"@type":"ImageObject","inLanguage":"es","@id":"https:\/\/somllavors.com\/es\/producte\/em-feu-un-lloc#local-main-organization-logo","url":"https:\/\/somllavors.com\/wp-content\/uploads\/Logotip-Som-Llavors.jpg","contentUrl":"https:\/\/somllavors.com\/wp-content\/uploads\/Logotip-Som-Llavors.jpg","width":1444,"height":1323,"caption":"Som Llavors"}]},"product_price_amount":"14.30","product_price_currency":"EUR","og_availability":"instock","product_availability":"instock","product_retailer_item_id":"9788412201482","product_condition":"new","geo.placename":"Vilanova i la Geltr\u00fa","geo.position":{"lat":"41.2257737","long":"1.723258859"},"geo.region":"Espa\u00f1a"},"brands":[],"_links":{"self":[{"href":"https:\/\/somllavors.com\/es\/wp-json\/wp\/v2\/product\/37281","targetHints":{"allow":["GET"]}}],"collection":[{"href":"https:\/\/somllavors.com\/es\/wp-json\/wp\/v2\/product"}],"about":[{"href":"https:\/\/somllavors.com\/es\/wp-json\/wp\/v2\/types\/product"}],"wp:featuredmedia":[{"embeddable":true,"href":"https:\/\/somllavors.com\/es\/wp-json\/wp\/v2\/media\/37303"}],"wp:attachment":[{"href":"https:\/\/somllavors.com\/es\/wp-json\/wp\/v2\/media?parent=37281"}],"wp:term":[{"taxonomy":"pwb-brand","embeddable":true,"href":"https:\/\/somllavors.com\/es\/wp-json\/wp\/v2\/pwb-brand?post=37281"},{"taxonomy":"product_brand","embeddable":true,"href":"https:\/\/somllavors.com\/es\/wp-json\/wp\/v2\/product_brand?post=37281"},{"taxonomy":"product_cat","embeddable":true,"href":"https:\/\/somllavors.com\/es\/wp-json\/wp\/v2\/product_cat?post=37281"},{"taxonomy":"product_tag","embeddable":true,"href":"https:\/\/somllavors.com\/es\/wp-json\/wp\/v2\/product_tag?post=37281"}],"curies":[{"name":"wp","href":"https:\/\/api.w.org\/{rel}","templated":true}]}}