{"id":37283,"date":"2023-04-04T21:47:26","date_gmt":"2023-04-04T19:47:26","guid":{"rendered":"https:\/\/somllavors.com\/?post_type=product&#038;p=37283"},"modified":"2024-12-28T18:42:57","modified_gmt":"2024-12-28T17:42:57","slug":"es-diu-vulva","status":"publish","type":"product","link":"https:\/\/somllavors.com\/es\/producte\/es-diu-vulva","title":{"rendered":"Es diu vulva!"},"content":{"rendered":"","protected":false},"excerpt":{"rendered":"<p><b>Menstruita Mini, la nova col\u00b7lecci\u00f3 d&#8217;educaci\u00f3 sexual pels infants de les autores de La regla mola.<\/b><\/p>\n<p>Els nens i les nenes tenen moltes preguntes sobre la vulva: Per que t\u00e9 tants noms? Totes les vulves s\u00f3n iguals? Per a que serveix? Les vaques i altres animals tamb\u00e9 tenen vulva? Com es cuida?<\/p>\n<p>Descobreix totes les respostes en aquest llibre imprescindible perque els infants coneguin el cos hum\u00e0 sense complexos.<\/p>\n<ul>\n<li>La col\u00b7lecci\u00f3 infantil Menstruita Mini, creada per la psicologa especialitzada en educaci\u00f3 sexual Anna Salvia i per la il\u00b7lustradora i realitzadora multimedia Cristina Torr\u00f3n, arriba despr\u00e9s del fenomen editorial &#8220;La regla mola (si saps com funciona)&#8221; per ajudar-te a parlar de sexualitat d&#8217;una manera directa, senzilla i divertida.<\/li>\n<li>Inclou una guia per a fam\u00edlies i educadors!<\/li>\n<\/ul>\n","protected":false},"featured_media":37307,"template":"","meta":{"_acf_changed":false,"site-sidebar-layout":"default","site-content-layout":"default","ast-site-content-layout":"default","site-content-style":"default","site-sidebar-style":"default","ast-global-header-display":"","ast-banner-title-visibility":"","ast-main-header-display":"","ast-hfb-above-header-display":"","ast-hfb-below-header-display":"","ast-hfb-mobile-header-display":"","site-post-title":"","ast-breadcrumbs-content":"","ast-featured-img":"","footer-sml-layout":"","ast-disable-related-posts":"","theme-transparent-header-meta":"default","adv-header-id-meta":"","stick-header-meta":"","header-above-stick-meta":"","header-main-stick-meta":"","header-below-stick-meta":"","astra-migrate-meta-layouts":"default","ast-page-background-enabled":"default","ast-page-background-meta":{"desktop":{"background-color":"","background-image":"","background-repeat":"repeat","background-position":"center center","background-size":"auto","background-attachment":"scroll","background-type":"","background-media":"","overlay-type":"","overlay-color":"","overlay-opacity":"","overlay-gradient":""},"tablet":{"background-color":"","background-image":"","background-repeat":"repeat","background-position":"center center","background-size":"auto","background-attachment":"scroll","background-type":"","background-media":"","overlay-type":"","overlay-color":"","overlay-opacity":"","overlay-gradient":""},"mobile":{"background-color":"","background-image":"","background-repeat":"repeat","background-position":"center center","background-size":"auto","background-attachment":"scroll","background-type":"","background-media":"","overlay-type":"","overlay-color":"","overlay-opacity":"","overlay-gradient":""}},"ast-content-background-meta":{"desktop":{"background-color":"var(--ast-global-color-5)","background-image":"","background-repeat":"repeat","background-position":"center center","background-size":"auto","background-attachment":"scroll","background-type":"","background-media":"","overlay-type":"","overlay-color":"","overlay-opacity":"","overlay-gradient":""},"tablet":{"background-color":"var(--ast-global-color-5)","background-image":"","background-repeat":"repeat","background-position":"center center","background-size":"auto","background-attachment":"scroll","background-type":"","background-media":"","overlay-type":"","overlay-color":"","overlay-opacity":"","overlay-gradient":""},"mobile":{"background-color":"var(--ast-global-color-5)","background-image":"","background-repeat":"repeat","background-position":"center center","background-size":"auto","background-attachment":"scroll","background-type":"","background-media":"","overlay-type":"","overlay-color":"","overlay-opacity":"","overlay-gradient":""}}},"pwb-brand":[],"product_brand":[],"product_cat":[567],"product_tag":[1816],"class_list":{"0":"post-37283","1":"product","2":"type-product","3":"status-publish","4":"has-post-thumbnail","6":"product_cat-infantils","7":"product_tag-penguin-kids","8":"desktop-align-left","9":"tablet-align-left","10":"mobile-align-left","12":"first","13":"instock","14":"taxable","15":"shipping-taxable","16":"purchasable","17":"product-type-simple"},"acf":[],"yoast_head":"<!-- This site is optimized with the Yoast SEO Premium plugin v18.3 (Yoast SEO v27.4) - https:\/\/yoast.com\/product\/yoast-seo-premium-wordpress\/ -->\n<title>Es diu vulva! &#8212; Som Llavors<\/title>\n<meta name=\"description\" content=\"Menstruita Mini, la nova col\u00b7lecci\u00f3 d&#039;educaci\u00f3 sexual pels infants de les autores de La regla mola.  Els nens i les nenes tenen moltes preguntes sobre la vulva: Per que t\u00e9 tants noms? Totes les vulves s\u00f3n iguals? Per a que serveix? Les vaques i altres animals tamb\u00e9 tenen vulva? Com es cuida?  Descobreix totes les respostes en aquest llibre imprescindible perque els infants coneguin el cos hum\u00e0 sense complexos.   La col\u00b7lecci\u00f3 infantil Menstruita Mini, creada per la psicologa especialitzada en educaci\u00f3 sexual Anna Salvia i per la il\u00b7lustradora i realitzadora multimedia Cristina Torr\u00f3n, arriba despr\u00e9s del fenomen editorial &quot;La regla mola (si saps com funciona)&quot; per ajudar-te a parlar de sexualitat d&#039;una manera directa, senzilla i divertida.  Inclou una guia per a fam\u00edlies i educadors!\" \/>\n<meta name=\"robots\" content=\"index, follow, max-snippet:-1, max-image-preview:large, max-video-preview:-1\" \/>\n<link rel=\"canonical\" href=\"https:\/\/somllavors.com\/es\/producte\/es-diu-vulva\" \/>\n<meta property=\"og:locale\" content=\"es_ES\" \/>\n<meta property=\"og:type\" content=\"article\" \/>\n<meta property=\"og:title\" content=\"Es diu vulva!\" \/>\n<meta property=\"og:description\" content=\"La teva botiga d\u2019ecocrian\u00e7a i espai d\u2019acompanyament a la maternitat\" \/>\n<meta property=\"og:url\" content=\"https:\/\/somllavors.com\/es\/producte\/es-diu-vulva\" \/>\n<meta property=\"og:site_name\" content=\"Som Llavors\" \/>\n<meta property=\"article:publisher\" content=\"https:\/\/www.facebook.com\/somllavorsvng\/?locale=ca_ES\" \/>\n<meta property=\"article:modified_time\" content=\"2024-12-28T17:42:57+00:00\" \/>\n<meta property=\"og:image\" content=\"https:\/\/somllavors.com\/wp-content\/uploads\/2023\/04\/SOM-LLAVORS-ES-DIU-VULVA-edicion-en-catalan-9788419511119.jpeg\" \/>\n\t<meta property=\"og:image:width\" content=\"552\" \/>\n\t<meta property=\"og:image:height\" content=\"513\" \/>\n\t<meta property=\"og:image:type\" content=\"image\/jpeg\" \/>\n<meta name=\"twitter:card\" content=\"summary_large_image\" \/>\n<meta name=\"twitter:label1\" content=\"Precio\" \/>\n\t<meta name=\"twitter:data1\" content=\"16,95&euro; Iva incl\u00f2s\" \/>\n\t<meta name=\"twitter:label2\" content=\"Availability\" \/>\n\t<meta name=\"twitter:data2\" content=\"Hay existencias\" \/>\n<script type=\"application\/ld+json\" class=\"yoast-schema-graph\">{\"@context\":\"https:\\\/\\\/schema.org\",\"@graph\":[{\"@type\":\"WebPage\",\"@id\":\"https:\\\/\\\/somllavors.com\\\/es\\\/producte\\\/es-diu-vulva\",\"url\":\"https:\\\/\\\/somllavors.com\\\/es\\\/producte\\\/es-diu-vulva\",\"name\":\"Es diu vulva! &#8212; Som Llavors\",\"isPartOf\":{\"@id\":\"https:\\\/\\\/somllavors.com\\\/es#website\"},\"primaryImageOfPage\":{\"@id\":\"https:\\\/\\\/somllavors.com\\\/es\\\/producte\\\/es-diu-vulva#primaryimage\"},\"image\":{\"@id\":\"https:\\\/\\\/somllavors.com\\\/es\\\/producte\\\/es-diu-vulva#primaryimage\"},\"thumbnailUrl\":\"https:\\\/\\\/somllavors.com\\\/wp-content\\\/uploads\\\/2023\\\/04\\\/SOM-LLAVORS-ES-DIU-VULVA-edicion-en-catalan-9788419511119.jpeg\",\"datePublished\":\"2023-04-04T19:47:26+00:00\",\"dateModified\":\"2024-12-28T17:42:57+00:00\",\"description\":\"Menstruita Mini, la nova col\u00b7lecci\u00f3 d'educaci\u00f3 sexual pels infants de les autores de La regla mola. Els nens i les nenes tenen moltes preguntes sobre la vulva: Per que t\u00e9 tants noms? Totes les vulves s\u00f3n iguals? Per a que serveix? Les vaques i altres animals tamb\u00e9 tenen vulva? Com es cuida? Descobreix totes les respostes en aquest llibre imprescindible perque els infants coneguin el cos hum\u00e0 sense complexos. La col\u00b7lecci\u00f3 infantil Menstruita Mini, creada per la psicologa especialitzada en educaci\u00f3 sexual Anna Salvia i per la il\u00b7lustradora i realitzadora multimedia Cristina Torr\u00f3n, arriba despr\u00e9s del fenomen editorial \\\"La regla mola (si saps com funciona)\\\" per ajudar-te a parlar de sexualitat d'una manera directa, senzilla i divertida. Inclou una guia per a fam\u00edlies i educadors!\",\"breadcrumb\":{\"@id\":\"https:\\\/\\\/somllavors.com\\\/es\\\/producte\\\/es-diu-vulva#breadcrumb\"},\"inLanguage\":\"es\",\"potentialAction\":[{\"@type\":\"ReadAction\",\"target\":[\"https:\\\/\\\/somllavors.com\\\/es\\\/producte\\\/es-diu-vulva\"]}]},{\"@type\":\"ImageObject\",\"inLanguage\":\"es\",\"@id\":\"https:\\\/\\\/somllavors.com\\\/es\\\/producte\\\/es-diu-vulva#primaryimage\",\"url\":\"https:\\\/\\\/somllavors.com\\\/wp-content\\\/uploads\\\/2023\\\/04\\\/SOM-LLAVORS-ES-DIU-VULVA-edicion-en-catalan-9788419511119.jpeg\",\"contentUrl\":\"https:\\\/\\\/somllavors.com\\\/wp-content\\\/uploads\\\/2023\\\/04\\\/SOM-LLAVORS-ES-DIU-VULVA-edicion-en-catalan-9788419511119.jpeg\",\"width\":552,\"height\":513,\"caption\":\"contes educaci\u00f3 sexual\"},{\"@type\":\"BreadcrumbList\",\"@id\":\"https:\\\/\\\/somllavors.com\\\/es\\\/producte\\\/es-diu-vulva#breadcrumb\",\"itemListElement\":[{\"@type\":\"ListItem\",\"position\":1,\"name\":\"Inici\",\"item\":\"https:\\\/\\\/somllavors.com\\\/es\"},{\"@type\":\"ListItem\",\"position\":2,\"name\":\"Tienda\",\"item\":\"https:\\\/\\\/somllavors.com\\\/es\\\/botiga-2\"},{\"@type\":\"ListItem\",\"position\":3,\"name\":\"Es diu vulva!\"}]},{\"@type\":\"WebSite\",\"@id\":\"https:\\\/\\\/somllavors.com\\\/es#website\",\"url\":\"https:\\\/\\\/somllavors.com\\\/es\",\"name\":\"Som Llavors\",\"description\":\"Botiga de crian\u00e7a natural\",\"publisher\":{\"@id\":\"https:\\\/\\\/somllavors.com\\\/es#organization\"},\"alternateName\":\"Crian\u00e7a Natural i Sostenible\",\"potentialAction\":[{\"@type\":\"SearchAction\",\"target\":{\"@type\":\"EntryPoint\",\"urlTemplate\":\"https:\\\/\\\/somllavors.com\\\/es?s={search_term_string}\"},\"query-input\":{\"@type\":\"PropertyValueSpecification\",\"valueRequired\":true,\"valueName\":\"search_term_string\"}}],\"inLanguage\":\"es\"},{\"@type\":[\"Organization\",\"Place\",\"Store\"],\"@id\":\"https:\\\/\\\/somllavors.com\\\/es#organization\",\"name\":\"Som Llavors\",\"alternateName\":\"Crian\u00e7a Natural i Sostenible\",\"url\":\"https:\\\/\\\/somllavors.com\\\/es\",\"logo\":{\"@id\":\"https:\\\/\\\/somllavors.com\\\/es\\\/producte\\\/es-diu-vulva#local-main-organization-logo\"},\"image\":{\"@id\":\"https:\\\/\\\/somllavors.com\\\/es\\\/producte\\\/es-diu-vulva#local-main-organization-logo\"},\"sameAs\":[\"https:\\\/\\\/www.facebook.com\\\/somllavorsvng\\\/?locale=ca_ES\",\"https:\\\/\\\/www.instagram.com\\\/somllavors_vng\\\/\",\"https:\\\/\\\/www.youtube.com\\\/@somllavors\"],\"address\":{\"@id\":\"https:\\\/\\\/somllavors.com\\\/es\\\/producte\\\/es-diu-vulva#local-main-place-address\"},\"geo\":{\"@type\":\"GeoCoordinates\",\"latitude\":\"41.2257737\",\"longitude\":\"1.723258859\"},\"telephone\":[\"623152704\"],\"openingHoursSpecification\":[{\"@type\":\"OpeningHoursSpecification\",\"dayOfWeek\":[\"Monday\",\"Sunday\"],\"opens\":\"00:00\",\"closes\":\"00:00\"},{\"@type\":\"OpeningHoursSpecification\",\"dayOfWeek\":[\"Tuesday\",\"Wednesday\",\"Thursday\",\"Friday\"],\"opens\":\"10:00\",\"closes\":\"20:00\"},{\"@type\":\"OpeningHoursSpecification\",\"dayOfWeek\":[\"Saturday\"],\"opens\":\"10:00\",\"closes\":\"13:30\"}],\"email\":\"info@somllavors.com\"},{\"@type\":\"PostalAddress\",\"@id\":\"https:\\\/\\\/somllavors.com\\\/es\\\/producte\\\/es-diu-vulva#local-main-place-address\",\"streetAddress\":\"Carrer de l'aigua, 6\",\"addressLocality\":\"Vilanova i la Geltr\u00fa\",\"postalCode\":\"08800\",\"addressRegion\":\"Barcelona\",\"addressCountry\":\"ES\"},{\"@type\":\"ImageObject\",\"inLanguage\":\"es\",\"@id\":\"https:\\\/\\\/somllavors.com\\\/es\\\/producte\\\/es-diu-vulva#local-main-organization-logo\",\"url\":\"https:\\\/\\\/somllavors.com\\\/wp-content\\\/uploads\\\/Logotip-Som-Llavors.jpg\",\"contentUrl\":\"https:\\\/\\\/somllavors.com\\\/wp-content\\\/uploads\\\/Logotip-Som-Llavors.jpg\",\"width\":1444,\"height\":1323,\"caption\":\"Som Llavors\"}]}<\/script>\n<meta property=\"product:price:amount\" content=\"16.95\" \/>\n<meta property=\"product:price:currency\" content=\"EUR\" \/>\n<meta property=\"og:availability\" content=\"instock\" \/>\n<meta property=\"product:availability\" content=\"instock\" \/>\n<meta property=\"product:retailer_item_id\" content=\"9788419511119\" \/>\n<meta property=\"product:condition\" content=\"new\" \/>\n<meta name=\"geo.placename\" content=\"Vilanova i la Geltr\u00fa\" \/>\n<meta name=\"geo.position\" content=\"41.2257737;1.723258859\" \/>\n<meta name=\"geo.region\" content=\"Espa\u00f1a\" \/>\n<!-- \/ Yoast SEO Premium plugin. -->","yoast_head_json":{"title":"Es diu vulva! &#8212; Som Llavors","description":"Menstruita Mini, la nova col\u00b7lecci\u00f3 d'educaci\u00f3 sexual pels infants de les autores de La regla mola.  Els nens i les nenes tenen moltes preguntes sobre la vulva: Per que t\u00e9 tants noms? Totes les vulves s\u00f3n iguals? Per a que serveix? Les vaques i altres animals tamb\u00e9 tenen vulva? Com es cuida?  Descobreix totes les respostes en aquest llibre imprescindible perque els infants coneguin el cos hum\u00e0 sense complexos.   La col\u00b7lecci\u00f3 infantil Menstruita Mini, creada per la psicologa especialitzada en educaci\u00f3 sexual Anna Salvia i per la il\u00b7lustradora i realitzadora multimedia Cristina Torr\u00f3n, arriba despr\u00e9s del fenomen editorial \"La regla mola (si saps com funciona)\" per ajudar-te a parlar de sexualitat d'una manera directa, senzilla i divertida.  Inclou una guia per a fam\u00edlies i educadors!","robots":{"index":"index","follow":"follow","max-snippet":"max-snippet:-1","max-image-preview":"max-image-preview:large","max-video-preview":"max-video-preview:-1"},"canonical":"https:\/\/somllavors.com\/es\/producte\/es-diu-vulva","og_locale":"es_ES","og_type":"article","og_title":"Es diu vulva!","og_description":"La teva botiga d\u2019ecocrian\u00e7a i espai d\u2019acompanyament a la maternitat","og_url":"https:\/\/somllavors.com\/es\/producte\/es-diu-vulva","og_site_name":"Som Llavors","article_publisher":"https:\/\/www.facebook.com\/somllavorsvng\/?locale=ca_ES","article_modified_time":"2024-12-28T17:42:57+00:00","og_image":[{"width":552,"height":513,"url":"https:\/\/somllavors.com\/wp-content\/uploads\/2023\/04\/SOM-LLAVORS-ES-DIU-VULVA-edicion-en-catalan-9788419511119.jpeg","type":"image\/jpeg"}],"twitter_card":"summary_large_image","twitter_misc":{"Precio":"16,95&euro; Iva incl\u00f2s","Availability":"Hay existencias"},"schema":{"@context":"https:\/\/schema.org","@graph":[{"@type":"WebPage","@id":"https:\/\/somllavors.com\/es\/producte\/es-diu-vulva","url":"https:\/\/somllavors.com\/es\/producte\/es-diu-vulva","name":"Es diu vulva! &#8212; Som Llavors","isPartOf":{"@id":"https:\/\/somllavors.com\/es#website"},"primaryImageOfPage":{"@id":"https:\/\/somllavors.com\/es\/producte\/es-diu-vulva#primaryimage"},"image":{"@id":"https:\/\/somllavors.com\/es\/producte\/es-diu-vulva#primaryimage"},"thumbnailUrl":"https:\/\/somllavors.com\/wp-content\/uploads\/2023\/04\/SOM-LLAVORS-ES-DIU-VULVA-edicion-en-catalan-9788419511119.jpeg","datePublished":"2023-04-04T19:47:26+00:00","dateModified":"2024-12-28T17:42:57+00:00","description":"Menstruita Mini, la nova col\u00b7lecci\u00f3 d'educaci\u00f3 sexual pels infants de les autores de La regla mola. Els nens i les nenes tenen moltes preguntes sobre la vulva: Per que t\u00e9 tants noms? Totes les vulves s\u00f3n iguals? Per a que serveix? Les vaques i altres animals tamb\u00e9 tenen vulva? Com es cuida? Descobreix totes les respostes en aquest llibre imprescindible perque els infants coneguin el cos hum\u00e0 sense complexos. La col\u00b7lecci\u00f3 infantil Menstruita Mini, creada per la psicologa especialitzada en educaci\u00f3 sexual Anna Salvia i per la il\u00b7lustradora i realitzadora multimedia Cristina Torr\u00f3n, arriba despr\u00e9s del fenomen editorial \"La regla mola (si saps com funciona)\" per ajudar-te a parlar de sexualitat d'una manera directa, senzilla i divertida. Inclou una guia per a fam\u00edlies i educadors!","breadcrumb":{"@id":"https:\/\/somllavors.com\/es\/producte\/es-diu-vulva#breadcrumb"},"inLanguage":"es","potentialAction":[{"@type":"ReadAction","target":["https:\/\/somllavors.com\/es\/producte\/es-diu-vulva"]}]},{"@type":"ImageObject","inLanguage":"es","@id":"https:\/\/somllavors.com\/es\/producte\/es-diu-vulva#primaryimage","url":"https:\/\/somllavors.com\/wp-content\/uploads\/2023\/04\/SOM-LLAVORS-ES-DIU-VULVA-edicion-en-catalan-9788419511119.jpeg","contentUrl":"https:\/\/somllavors.com\/wp-content\/uploads\/2023\/04\/SOM-LLAVORS-ES-DIU-VULVA-edicion-en-catalan-9788419511119.jpeg","width":552,"height":513,"caption":"contes educaci\u00f3 sexual"},{"@type":"BreadcrumbList","@id":"https:\/\/somllavors.com\/es\/producte\/es-diu-vulva#breadcrumb","itemListElement":[{"@type":"ListItem","position":1,"name":"Inici","item":"https:\/\/somllavors.com\/es"},{"@type":"ListItem","position":2,"name":"Tienda","item":"https:\/\/somllavors.com\/es\/botiga-2"},{"@type":"ListItem","position":3,"name":"Es diu vulva!"}]},{"@type":"WebSite","@id":"https:\/\/somllavors.com\/es#website","url":"https:\/\/somllavors.com\/es","name":"Som Llavors","description":"Botiga de crian\u00e7a natural","publisher":{"@id":"https:\/\/somllavors.com\/es#organization"},"alternateName":"Crian\u00e7a Natural i Sostenible","potentialAction":[{"@type":"SearchAction","target":{"@type":"EntryPoint","urlTemplate":"https:\/\/somllavors.com\/es?s={search_term_string}"},"query-input":{"@type":"PropertyValueSpecification","valueRequired":true,"valueName":"search_term_string"}}],"inLanguage":"es"},{"@type":["Organization","Place","Store"],"@id":"https:\/\/somllavors.com\/es#organization","name":"Som Llavors","alternateName":"Crian\u00e7a Natural i Sostenible","url":"https:\/\/somllavors.com\/es","logo":{"@id":"https:\/\/somllavors.com\/es\/producte\/es-diu-vulva#local-main-organization-logo"},"image":{"@id":"https:\/\/somllavors.com\/es\/producte\/es-diu-vulva#local-main-organization-logo"},"sameAs":["https:\/\/www.facebook.com\/somllavorsvng\/?locale=ca_ES","https:\/\/www.instagram.com\/somllavors_vng\/","https:\/\/www.youtube.com\/@somllavors"],"address":{"@id":"https:\/\/somllavors.com\/es\/producte\/es-diu-vulva#local-main-place-address"},"geo":{"@type":"GeoCoordinates","latitude":"41.2257737","longitude":"1.723258859"},"telephone":["623152704","623152704"],"openingHoursSpecification":[{"@type":"OpeningHoursSpecification","dayOfWeek":["Monday","Sunday"],"opens":"00:00","closes":"00:00"},{"@type":"OpeningHoursSpecification","dayOfWeek":["Tuesday","Wednesday","Thursday","Friday"],"opens":"10:00","closes":"20:00"},{"@type":"OpeningHoursSpecification","dayOfWeek":["Saturday"],"opens":"10:00","closes":"13:30"}],"email":"info@somllavors.com"},{"@type":"PostalAddress","@id":"https:\/\/somllavors.com\/es\/producte\/es-diu-vulva#local-main-place-address","streetAddress":"Carrer de l'aigua, 6","addressLocality":"Vilanova i la Geltr\u00fa","postalCode":"08800","addressRegion":"Barcelona","addressCountry":"ES"},{"@type":"ImageObject","inLanguage":"es","@id":"https:\/\/somllavors.com\/es\/producte\/es-diu-vulva#local-main-organization-logo","url":"https:\/\/somllavors.com\/wp-content\/uploads\/Logotip-Som-Llavors.jpg","contentUrl":"https:\/\/somllavors.com\/wp-content\/uploads\/Logotip-Som-Llavors.jpg","width":1444,"height":1323,"caption":"Som Llavors"}]},"product_price_amount":"16.95","product_price_currency":"EUR","og_availability":"instock","product_availability":"instock","product_retailer_item_id":"9788419511119","product_condition":"new","geo.placename":"Vilanova i la Geltr\u00fa","geo.position":{"lat":"41.2257737","long":"1.723258859"},"geo.region":"Espa\u00f1a"},"brands":[],"_links":{"self":[{"href":"https:\/\/somllavors.com\/es\/wp-json\/wp\/v2\/product\/37283","targetHints":{"allow":["GET"]}}],"collection":[{"href":"https:\/\/somllavors.com\/es\/wp-json\/wp\/v2\/product"}],"about":[{"href":"https:\/\/somllavors.com\/es\/wp-json\/wp\/v2\/types\/product"}],"wp:featuredmedia":[{"embeddable":true,"href":"https:\/\/somllavors.com\/es\/wp-json\/wp\/v2\/media\/37307"}],"wp:attachment":[{"href":"https:\/\/somllavors.com\/es\/wp-json\/wp\/v2\/media?parent=37283"}],"wp:term":[{"taxonomy":"pwb-brand","embeddable":true,"href":"https:\/\/somllavors.com\/es\/wp-json\/wp\/v2\/pwb-brand?post=37283"},{"taxonomy":"product_brand","embeddable":true,"href":"https:\/\/somllavors.com\/es\/wp-json\/wp\/v2\/product_brand?post=37283"},{"taxonomy":"product_cat","embeddable":true,"href":"https:\/\/somllavors.com\/es\/wp-json\/wp\/v2\/product_cat?post=37283"},{"taxonomy":"product_tag","embeddable":true,"href":"https:\/\/somllavors.com\/es\/wp-json\/wp\/v2\/product_tag?post=37283"}],"curies":[{"name":"wp","href":"https:\/\/api.w.org\/{rel}","templated":true}]}}