{"id":37840,"date":"2022-11-17T18:21:33","date_gmt":"2022-11-17T17:21:33","guid":{"rendered":"https:\/\/somllavors.com\/producto\/mochila-fidella-fusion-toddler-diamonds-rusted\/"},"modified":"2022-11-17T18:21:33","modified_gmt":"2022-11-17T17:21:33","slug":"mochila-fidella-fusion-toddler-diamonds-rusted","status":"publish","type":"product","link":"https:\/\/somllavors.com\/es\/producte\/mochila-fidella-fusion-toddler-diamonds-rusted","title":{"rendered":"Mochila Fidella Fusion Toddler \u2013 Diamonds Rusted"},"content":{"rendered":"<ul>\n<li>Tela: 59% algod\u00f3n org\u00e0nico, 37% viscosa, 4% seda<\/li>\n<li>Gramaje de tejido 210 g\/m\u00b2<\/li>\n<li><span class=\"s_2158DF66\">Es muy f\u00e1cil de colocar y permite utilizar tanto en frente como en la espalda.<\/span><\/li>\n<li><span class=\"s_2158DF66\">M\u00e1xima comodidad y confort para la persona adulta gracias al gran refuerzo de los tirantes con acolchado doble. En Som Llavors le asesoramos en profundidad para que pueda llevar con total seguridad y con los mejores ajustes para garantizar su ergonom\u00eda.<\/span><\/li>\n<li>Est\u00e1 fabricada en tejido de fular jaquard de 100% algod\u00f3n org\u00e1nico. Esto la hace una mochila muy transpirable y su tejido es extremadamente suave y agradable.<\/li>\n<li>La Mochila Fidella Fusion Toddler favorece una posici\u00f3n ergon\u00f3mica para el beb\u00e9. Evita ejercer presi\u00f3n directa sobre su espalda, que todav\u00eda no ha adquirido la primera lordosis. Gracias a su dise\u00f1o, respeta y favorece la posici\u00f3n natural en forma de C.<\/li>\n<li>Los tirantes de la Mochila Fidella Fusion Toddler pueden configurarse en dos posiciones, para respetar por completo el desarrollo de la columna vertebral del beb\u00e9.<\/li>\n<li>Permite repartir el peso por el cuerpo del porteador.<\/li>\n<li>Cuenta con un doble tirante comunicado. La parte de arriba o tira delgada, acerca la mochila a nuestro cuerpo. La parte inferior, o tirando corto, permite distribuir el peso en nuestro cuerpo, y subir el peso a las cervicales o repartirlo por todo el cuerpo. De esta forma, el ajuste del tirante corto permite evitar la presi\u00f3n en el suelo p\u00e9lvico. De ah\u00ed que la Fidella Fusion sea adecuada para trajinar en el embarazo, mujeres con ces\u00e1rea,&#8230;<\/li>\n<li>Gran sujeci\u00f3n a la cabeza y cuello del beb\u00e9, mediante dos regulaciones distintas. Tiene una capucha para sostener la cabeza del ni\u00f1o cuando se duerme y doble cierre de seguridad que impide que la mochila pueda desabrocharse accidentalmente.<\/li>\n<li><span style=\"font-size: 16px;\">Posiciones: porteo delante y en la espalda.<\/span><\/li>\n<li>En la lavadora, poner un programa de lavado delicado a baja temperatura.<\/li>\n<li>Cumple con la normativa europea de seguridad ASTM F2236-16a (US).<\/li>\n<\/ul>\n","protected":false},"excerpt":{"rendered":"<h6><span class=\"s_2158DF66\">La mochila Fidella Fusion Toddler es una mochila ergon\u00f3mica y evolutiva muy vers\u00e1til y c\u00f3moda ya que se adapta muy bien a beb\u00e9s peque\u00f1os y tambi\u00e9n a ni\u00f1os mayores gracias al tejido de fular y el sistema de ajuste del panel que se regula por los 4 lados tanto de altura como de ancho. <\/span><\/h6>\n","protected":false},"featured_media":37841,"template":"","meta":{"_acf_changed":false,"site-sidebar-layout":"default","site-content-layout":"default","ast-site-content-layout":"default","site-content-style":"default","site-sidebar-style":"default","ast-global-header-display":"","ast-banner-title-visibility":"","ast-main-header-display":"","ast-hfb-above-header-display":"","ast-hfb-below-header-display":"","ast-hfb-mobile-header-display":"","site-post-title":"","ast-breadcrumbs-content":"","ast-featured-img":"","footer-sml-layout":"","ast-disable-related-posts":"","theme-transparent-header-meta":"default","adv-header-id-meta":"","stick-header-meta":"","header-above-stick-meta":"","header-main-stick-meta":"","header-below-stick-meta":"","astra-migrate-meta-layouts":"default","ast-page-background-enabled":"default","ast-page-background-meta":{"desktop":{"background-color":"","background-image":"","background-repeat":"repeat","background-position":"center center","background-size":"auto","background-attachment":"scroll","background-type":"","background-media":"","overlay-type":"","overlay-color":"","overlay-opacity":"","overlay-gradient":""},"tablet":{"background-color":"","background-image":"","background-repeat":"repeat","background-position":"center center","background-size":"auto","background-attachment":"scroll","background-type":"","background-media":"","overlay-type":"","overlay-color":"","overlay-opacity":"","overlay-gradient":""},"mobile":{"background-color":"","background-image":"","background-repeat":"repeat","background-position":"center center","background-size":"auto","background-attachment":"scroll","background-type":"","background-media":"","overlay-type":"","overlay-color":"","overlay-opacity":"","overlay-gradient":""}},"ast-content-background-meta":{"desktop":{"background-color":"var(--ast-global-color-5)","background-image":"","background-repeat":"repeat","background-position":"center center","background-size":"auto","background-attachment":"scroll","background-type":"","background-media":"","overlay-type":"","overlay-color":"","overlay-opacity":"","overlay-gradient":""},"tablet":{"background-color":"var(--ast-global-color-5)","background-image":"","background-repeat":"repeat","background-position":"center center","background-size":"auto","background-attachment":"scroll","background-type":"","background-media":"","overlay-type":"","overlay-color":"","overlay-opacity":"","overlay-gradient":""},"mobile":{"background-color":"var(--ast-global-color-5)","background-image":"","background-repeat":"repeat","background-position":"center center","background-size":"auto","background-attachment":"scroll","background-type":"","background-media":"","overlay-type":"","overlay-color":"","overlay-opacity":"","overlay-gradient":""}}},"pwb-brand":[4120],"product_brand":[],"product_cat":[3606],"product_tag":[2146,2439,3081,3082],"class_list":{"0":"post-37840","1":"product","2":"type-product","3":"status-publish","4":"has-post-thumbnail","6":"pwb-brand-fidella","7":"product_cat-mochilas-ergonomicas","8":"product_tag-algodon-organico-es","9":"product_tag-fiella","10":"product_tag-mochila-ergonomica-es","11":"product_tag-toddler-es","12":"desktop-align-left","13":"tablet-align-left","14":"mobile-align-left","16":"first","17":"outofstock","18":"taxable","19":"shipping-taxable","20":"purchasable","21":"product-type-simple"},"acf":[],"yoast_head":"<!-- This site is optimized with the Yoast SEO Premium plugin v18.3 (Yoast SEO v27.4) - https:\/\/yoast.com\/product\/yoast-seo-premium-wordpress\/ -->\n<title>Mochila Fidella Fusion Toddler \u2013 Diamonds Rusted &#8212; Som Llavors<\/title>\n<meta name=\"description\" content=\"La mochila Fidella Fusion Toddler es evolutiva y se adapta muy bien a la ergonom\u00eda de los beb\u00e9s gracias al tejido de fular y al ajuste de panel.\" \/>\n<meta name=\"robots\" content=\"index, follow, max-snippet:-1, max-image-preview:large, max-video-preview:-1\" \/>\n<link rel=\"canonical\" href=\"https:\/\/somllavors.com\/es\/producte\/mochila-fidella-fusion-toddler-diamonds-rusted\" \/>\n<meta property=\"og:locale\" content=\"es_ES\" \/>\n<meta property=\"og:type\" content=\"article\" \/>\n<meta property=\"og:title\" content=\"Mochila Fidella Fusion Toddler \u2013 Diamonds Rusted\" \/>\n<meta property=\"og:description\" content=\"La teva botiga d\u2019ecocrian\u00e7a i espai d\u2019acompanyament a la maternitat\" \/>\n<meta property=\"og:url\" content=\"https:\/\/somllavors.com\/es\/producte\/mochila-fidella-fusion-toddler-diamonds-rusted\" \/>\n<meta property=\"og:site_name\" content=\"Som Llavors\" \/>\n<meta property=\"article:publisher\" content=\"https:\/\/www.facebook.com\/somllavorsvng\/?locale=ca_ES\" \/>\n<meta property=\"og:image\" content=\"https:\/\/somllavors.com\/wp-content\/uploads\/Som_Llavors_fidella-fusion-v2-mochila-ergonomica-diamonds-rojo-oxido-toddler.jpg\" \/>\n\t<meta property=\"og:image:width\" content=\"600\" \/>\n\t<meta property=\"og:image:height\" content=\"600\" \/>\n\t<meta property=\"og:image:type\" content=\"image\/jpeg\" \/>\n<meta name=\"twitter:card\" content=\"summary_large_image\" \/>\n<meta name=\"twitter:label1\" content=\"Precio\" \/>\n\t<meta name=\"twitter:data1\" content=\"159,95&euro; Iva incl\u00f2s\" \/>\n\t<meta name=\"twitter:label2\" content=\"Availability\" \/>\n\t<meta name=\"twitter:data2\" content=\"Out of stock\" \/>\n<script type=\"application\/ld+json\" class=\"yoast-schema-graph\">{\"@context\":\"https:\\\/\\\/schema.org\",\"@graph\":[{\"@type\":\"WebPage\",\"@id\":\"https:\\\/\\\/somllavors.com\\\/es\\\/producte\\\/mochila-fidella-fusion-toddler-diamonds-rusted\",\"url\":\"https:\\\/\\\/somllavors.com\\\/es\\\/producte\\\/mochila-fidella-fusion-toddler-diamonds-rusted\",\"name\":\"Mochila Fidella Fusion Toddler \u2013 Diamonds Rusted &#8212; Som Llavors\",\"isPartOf\":{\"@id\":\"https:\\\/\\\/somllavors.com\\\/es#website\"},\"primaryImageOfPage\":{\"@id\":\"https:\\\/\\\/somllavors.com\\\/es\\\/producte\\\/mochila-fidella-fusion-toddler-diamonds-rusted#primaryimage\"},\"image\":{\"@id\":\"https:\\\/\\\/somllavors.com\\\/es\\\/producte\\\/mochila-fidella-fusion-toddler-diamonds-rusted#primaryimage\"},\"thumbnailUrl\":\"https:\\\/\\\/somllavors.com\\\/wp-content\\\/uploads\\\/Som_Llavors_fidella-fusion-v2-mochila-ergonomica-diamonds-rojo-oxido-toddler.jpg\",\"datePublished\":\"2022-11-17T17:21:33+00:00\",\"description\":\"La mochila Fidella Fusion Toddler es evolutiva y se adapta muy bien a la ergonom\u00eda de los beb\u00e9s gracias al tejido de fular y al ajuste de panel.\",\"breadcrumb\":{\"@id\":\"https:\\\/\\\/somllavors.com\\\/es\\\/producte\\\/mochila-fidella-fusion-toddler-diamonds-rusted#breadcrumb\"},\"inLanguage\":\"es\",\"potentialAction\":[{\"@type\":\"ReadAction\",\"target\":[\"https:\\\/\\\/somllavors.com\\\/es\\\/producte\\\/mochila-fidella-fusion-toddler-diamonds-rusted\"]}]},{\"@type\":\"ImageObject\",\"inLanguage\":\"es\",\"@id\":\"https:\\\/\\\/somllavors.com\\\/es\\\/producte\\\/mochila-fidella-fusion-toddler-diamonds-rusted#primaryimage\",\"url\":\"https:\\\/\\\/somllavors.com\\\/wp-content\\\/uploads\\\/Som_Llavors_fidella-fusion-v2-mochila-ergonomica-diamonds-rojo-oxido-toddler.jpg\",\"contentUrl\":\"https:\\\/\\\/somllavors.com\\\/wp-content\\\/uploads\\\/Som_Llavors_fidella-fusion-v2-mochila-ergonomica-diamonds-rojo-oxido-toddler.jpg\",\"width\":600,\"height\":600},{\"@type\":\"BreadcrumbList\",\"@id\":\"https:\\\/\\\/somllavors.com\\\/es\\\/producte\\\/mochila-fidella-fusion-toddler-diamonds-rusted#breadcrumb\",\"itemListElement\":[{\"@type\":\"ListItem\",\"position\":1,\"name\":\"Inici\",\"item\":\"https:\\\/\\\/somllavors.com\\\/es\"},{\"@type\":\"ListItem\",\"position\":2,\"name\":\"Tienda\",\"item\":\"https:\\\/\\\/somllavors.com\\\/es\\\/botiga-2\"},{\"@type\":\"ListItem\",\"position\":3,\"name\":\"Mochila Fidella Fusion Toddler \u2013 Diamonds Rusted\"}]},{\"@type\":\"WebSite\",\"@id\":\"https:\\\/\\\/somllavors.com\\\/es#website\",\"url\":\"https:\\\/\\\/somllavors.com\\\/es\",\"name\":\"Som Llavors\",\"description\":\"Botiga de crian\u00e7a natural\",\"publisher\":{\"@id\":\"https:\\\/\\\/somllavors.com\\\/es#organization\"},\"alternateName\":\"Crian\u00e7a Natural i Sostenible\",\"potentialAction\":[{\"@type\":\"SearchAction\",\"target\":{\"@type\":\"EntryPoint\",\"urlTemplate\":\"https:\\\/\\\/somllavors.com\\\/es?s={search_term_string}\"},\"query-input\":{\"@type\":\"PropertyValueSpecification\",\"valueRequired\":true,\"valueName\":\"search_term_string\"}}],\"inLanguage\":\"es\"},{\"@type\":[\"Organization\",\"Place\",\"Store\"],\"@id\":\"https:\\\/\\\/somllavors.com\\\/es#organization\",\"name\":\"Som Llavors\",\"alternateName\":\"Crian\u00e7a Natural i Sostenible\",\"url\":\"https:\\\/\\\/somllavors.com\\\/es\",\"logo\":{\"@id\":\"https:\\\/\\\/somllavors.com\\\/es\\\/producte\\\/mochila-fidella-fusion-toddler-diamonds-rusted#local-main-organization-logo\"},\"image\":{\"@id\":\"https:\\\/\\\/somllavors.com\\\/es\\\/producte\\\/mochila-fidella-fusion-toddler-diamonds-rusted#local-main-organization-logo\"},\"sameAs\":[\"https:\\\/\\\/www.facebook.com\\\/somllavorsvng\\\/?locale=ca_ES\",\"https:\\\/\\\/www.instagram.com\\\/somllavors_vng\\\/\",\"https:\\\/\\\/www.youtube.com\\\/@somllavors\"],\"address\":{\"@id\":\"https:\\\/\\\/somllavors.com\\\/es\\\/producte\\\/mochila-fidella-fusion-toddler-diamonds-rusted#local-main-place-address\"},\"geo\":{\"@type\":\"GeoCoordinates\",\"latitude\":\"41.2257737\",\"longitude\":\"1.723258859\"},\"telephone\":[\"623152704\"],\"openingHoursSpecification\":[{\"@type\":\"OpeningHoursSpecification\",\"dayOfWeek\":[\"Monday\",\"Sunday\"],\"opens\":\"00:00\",\"closes\":\"00:00\"},{\"@type\":\"OpeningHoursSpecification\",\"dayOfWeek\":[\"Tuesday\",\"Wednesday\",\"Thursday\",\"Friday\"],\"opens\":\"10:00\",\"closes\":\"20:00\"},{\"@type\":\"OpeningHoursSpecification\",\"dayOfWeek\":[\"Saturday\"],\"opens\":\"10:00\",\"closes\":\"13:30\"}],\"email\":\"info@somllavors.com\"},{\"@type\":\"PostalAddress\",\"@id\":\"https:\\\/\\\/somllavors.com\\\/es\\\/producte\\\/mochila-fidella-fusion-toddler-diamonds-rusted#local-main-place-address\",\"streetAddress\":\"Carrer de l'aigua, 6\",\"addressLocality\":\"Vilanova i la Geltr\u00fa\",\"postalCode\":\"08800\",\"addressRegion\":\"Barcelona\",\"addressCountry\":\"ES\"},{\"@type\":\"ImageObject\",\"inLanguage\":\"es\",\"@id\":\"https:\\\/\\\/somllavors.com\\\/es\\\/producte\\\/mochila-fidella-fusion-toddler-diamonds-rusted#local-main-organization-logo\",\"url\":\"https:\\\/\\\/somllavors.com\\\/wp-content\\\/uploads\\\/Logotip-Som-Llavors.jpg\",\"contentUrl\":\"https:\\\/\\\/somllavors.com\\\/wp-content\\\/uploads\\\/Logotip-Som-Llavors.jpg\",\"width\":1444,\"height\":1323,\"caption\":\"Som Llavors\"}]}<\/script>\n<meta property=\"product:price:amount\" content=\"159.95\" \/>\n<meta property=\"product:price:currency\" content=\"EUR\" \/>\n<meta property=\"og:availability\" content=\"out of stock\" \/>\n<meta property=\"product:availability\" content=\"out of stock\" \/>\n<meta property=\"product:retailer_item_id\" content=\"Fid-FU-V2-2180-2\" \/>\n<meta property=\"product:condition\" content=\"new\" \/>\n<meta name=\"geo.placename\" content=\"Vilanova i la Geltr\u00fa\" \/>\n<meta name=\"geo.position\" content=\"41.2257737;1.723258859\" \/>\n<meta name=\"geo.region\" content=\"Espa\u00f1a\" \/>\n<!-- \/ Yoast SEO Premium plugin. -->","yoast_head_json":{"title":"Mochila Fidella Fusion Toddler \u2013 Diamonds Rusted &#8212; Som Llavors","description":"La mochila Fidella Fusion Toddler es evolutiva y se adapta muy bien a la ergonom\u00eda de los beb\u00e9s gracias al tejido de fular y al ajuste de panel.","robots":{"index":"index","follow":"follow","max-snippet":"max-snippet:-1","max-image-preview":"max-image-preview:large","max-video-preview":"max-video-preview:-1"},"canonical":"https:\/\/somllavors.com\/es\/producte\/mochila-fidella-fusion-toddler-diamonds-rusted","og_locale":"es_ES","og_type":"article","og_title":"Mochila Fidella Fusion Toddler \u2013 Diamonds Rusted","og_description":"La teva botiga d\u2019ecocrian\u00e7a i espai d\u2019acompanyament a la maternitat","og_url":"https:\/\/somllavors.com\/es\/producte\/mochila-fidella-fusion-toddler-diamonds-rusted","og_site_name":"Som Llavors","article_publisher":"https:\/\/www.facebook.com\/somllavorsvng\/?locale=ca_ES","og_image":[{"width":600,"height":600,"url":"https:\/\/somllavors.com\/wp-content\/uploads\/Som_Llavors_fidella-fusion-v2-mochila-ergonomica-diamonds-rojo-oxido-toddler.jpg","type":"image\/jpeg"}],"twitter_card":"summary_large_image","twitter_misc":{"Precio":"159,95&euro; Iva incl\u00f2s","Availability":"Out of stock"},"schema":{"@context":"https:\/\/schema.org","@graph":[{"@type":"WebPage","@id":"https:\/\/somllavors.com\/es\/producte\/mochila-fidella-fusion-toddler-diamonds-rusted","url":"https:\/\/somllavors.com\/es\/producte\/mochila-fidella-fusion-toddler-diamonds-rusted","name":"Mochila Fidella Fusion Toddler \u2013 Diamonds Rusted &#8212; Som Llavors","isPartOf":{"@id":"https:\/\/somllavors.com\/es#website"},"primaryImageOfPage":{"@id":"https:\/\/somllavors.com\/es\/producte\/mochila-fidella-fusion-toddler-diamonds-rusted#primaryimage"},"image":{"@id":"https:\/\/somllavors.com\/es\/producte\/mochila-fidella-fusion-toddler-diamonds-rusted#primaryimage"},"thumbnailUrl":"https:\/\/somllavors.com\/wp-content\/uploads\/Som_Llavors_fidella-fusion-v2-mochila-ergonomica-diamonds-rojo-oxido-toddler.jpg","datePublished":"2022-11-17T17:21:33+00:00","description":"La mochila Fidella Fusion Toddler es evolutiva y se adapta muy bien a la ergonom\u00eda de los beb\u00e9s gracias al tejido de fular y al ajuste de panel.","breadcrumb":{"@id":"https:\/\/somllavors.com\/es\/producte\/mochila-fidella-fusion-toddler-diamonds-rusted#breadcrumb"},"inLanguage":"es","potentialAction":[{"@type":"ReadAction","target":["https:\/\/somllavors.com\/es\/producte\/mochila-fidella-fusion-toddler-diamonds-rusted"]}]},{"@type":"ImageObject","inLanguage":"es","@id":"https:\/\/somllavors.com\/es\/producte\/mochila-fidella-fusion-toddler-diamonds-rusted#primaryimage","url":"https:\/\/somllavors.com\/wp-content\/uploads\/Som_Llavors_fidella-fusion-v2-mochila-ergonomica-diamonds-rojo-oxido-toddler.jpg","contentUrl":"https:\/\/somllavors.com\/wp-content\/uploads\/Som_Llavors_fidella-fusion-v2-mochila-ergonomica-diamonds-rojo-oxido-toddler.jpg","width":600,"height":600},{"@type":"BreadcrumbList","@id":"https:\/\/somllavors.com\/es\/producte\/mochila-fidella-fusion-toddler-diamonds-rusted#breadcrumb","itemListElement":[{"@type":"ListItem","position":1,"name":"Inici","item":"https:\/\/somllavors.com\/es"},{"@type":"ListItem","position":2,"name":"Tienda","item":"https:\/\/somllavors.com\/es\/botiga-2"},{"@type":"ListItem","position":3,"name":"Mochila Fidella Fusion Toddler \u2013 Diamonds Rusted"}]},{"@type":"WebSite","@id":"https:\/\/somllavors.com\/es#website","url":"https:\/\/somllavors.com\/es","name":"Som Llavors","description":"Botiga de crian\u00e7a natural","publisher":{"@id":"https:\/\/somllavors.com\/es#organization"},"alternateName":"Crian\u00e7a Natural i Sostenible","potentialAction":[{"@type":"SearchAction","target":{"@type":"EntryPoint","urlTemplate":"https:\/\/somllavors.com\/es?s={search_term_string}"},"query-input":{"@type":"PropertyValueSpecification","valueRequired":true,"valueName":"search_term_string"}}],"inLanguage":"es"},{"@type":["Organization","Place","Store"],"@id":"https:\/\/somllavors.com\/es#organization","name":"Som Llavors","alternateName":"Crian\u00e7a Natural i Sostenible","url":"https:\/\/somllavors.com\/es","logo":{"@id":"https:\/\/somllavors.com\/es\/producte\/mochila-fidella-fusion-toddler-diamonds-rusted#local-main-organization-logo"},"image":{"@id":"https:\/\/somllavors.com\/es\/producte\/mochila-fidella-fusion-toddler-diamonds-rusted#local-main-organization-logo"},"sameAs":["https:\/\/www.facebook.com\/somllavorsvng\/?locale=ca_ES","https:\/\/www.instagram.com\/somllavors_vng\/","https:\/\/www.youtube.com\/@somllavors"],"address":{"@id":"https:\/\/somllavors.com\/es\/producte\/mochila-fidella-fusion-toddler-diamonds-rusted#local-main-place-address"},"geo":{"@type":"GeoCoordinates","latitude":"41.2257737","longitude":"1.723258859"},"telephone":["623152704","623152704"],"openingHoursSpecification":[{"@type":"OpeningHoursSpecification","dayOfWeek":["Monday","Sunday"],"opens":"00:00","closes":"00:00"},{"@type":"OpeningHoursSpecification","dayOfWeek":["Tuesday","Wednesday","Thursday","Friday"],"opens":"10:00","closes":"20:00"},{"@type":"OpeningHoursSpecification","dayOfWeek":["Saturday"],"opens":"10:00","closes":"13:30"}],"email":"info@somllavors.com"},{"@type":"PostalAddress","@id":"https:\/\/somllavors.com\/es\/producte\/mochila-fidella-fusion-toddler-diamonds-rusted#local-main-place-address","streetAddress":"Carrer de l'aigua, 6","addressLocality":"Vilanova i la Geltr\u00fa","postalCode":"08800","addressRegion":"Barcelona","addressCountry":"ES"},{"@type":"ImageObject","inLanguage":"es","@id":"https:\/\/somllavors.com\/es\/producte\/mochila-fidella-fusion-toddler-diamonds-rusted#local-main-organization-logo","url":"https:\/\/somllavors.com\/wp-content\/uploads\/Logotip-Som-Llavors.jpg","contentUrl":"https:\/\/somllavors.com\/wp-content\/uploads\/Logotip-Som-Llavors.jpg","width":1444,"height":1323,"caption":"Som Llavors"}]},"product_price_amount":"159.95","product_price_currency":"EUR","og_availability":"out of stock","product_availability":"out of stock","product_retailer_item_id":"Fid-FU-V2-2180-2","product_condition":"new","geo.placename":"Vilanova i la Geltr\u00fa","geo.position":{"lat":"41.2257737","long":"1.723258859"},"geo.region":"Espa\u00f1a"},"brands":[{"id":4120,"name":"Fidella","slug":"fidella"}],"_links":{"self":[{"href":"https:\/\/somllavors.com\/es\/wp-json\/wp\/v2\/product\/37840","targetHints":{"allow":["GET"]}}],"collection":[{"href":"https:\/\/somllavors.com\/es\/wp-json\/wp\/v2\/product"}],"about":[{"href":"https:\/\/somllavors.com\/es\/wp-json\/wp\/v2\/types\/product"}],"wp:featuredmedia":[{"embeddable":true,"href":"https:\/\/somllavors.com\/es\/wp-json\/wp\/v2\/media\/37841"}],"wp:attachment":[{"href":"https:\/\/somllavors.com\/es\/wp-json\/wp\/v2\/media?parent=37840"}],"wp:term":[{"taxonomy":"pwb-brand","embeddable":true,"href":"https:\/\/somllavors.com\/es\/wp-json\/wp\/v2\/pwb-brand?post=37840"},{"taxonomy":"product_brand","embeddable":true,"href":"https:\/\/somllavors.com\/es\/wp-json\/wp\/v2\/product_brand?post=37840"},{"taxonomy":"product_cat","embeddable":true,"href":"https:\/\/somllavors.com\/es\/wp-json\/wp\/v2\/product_cat?post=37840"},{"taxonomy":"product_tag","embeddable":true,"href":"https:\/\/somllavors.com\/es\/wp-json\/wp\/v2\/product_tag?post=37840"}],"curies":[{"name":"wp","href":"https:\/\/api.w.org\/{rel}","templated":true}]}}