{"id":38008,"date":"2023-04-19T12:38:54","date_gmt":"2023-04-19T10:38:54","guid":{"rendered":"https:\/\/somllavors.com\/?post_type=product&#038;p=38008"},"modified":"2023-05-05T11:45:37","modified_gmt":"2023-05-05T09:45:37","slug":"el-teu-cos-mola-apren-a-descobir-lo","status":"publish","type":"product","link":"https:\/\/somllavors.com\/es\/producte\/el-teu-cos-mola-apren-a-descobir-lo","title":{"rendered":"El teu cos mola &#8211; Apr\u00e8n a descobir-lo"},"content":{"rendered":"","protected":false},"excerpt":{"rendered":"<p>El cos ens acompanya tota la vida i, encara que sembli estrany, a vegades ens n&#8217;oblidem. Segur que hi ha parts que coneixes b\u00e9 i d&#8217;altres que potser no t&#8217;has mirat gaire, com la vulva. Amb el temps, el teu cos viur\u00e0 molts canvis i \u00e9s important que els coneguis per cr\u00e8ixer amb confian\u00e7a i benestar.<\/p>\n<ul>\n<li>Un llibre imprescindible perqu\u00e8 totes les noies estableixin una relaci\u00f3 sana amb el cos, per prevenir problemes i per saber tot el que cal sobre el despertar de la sexualitat. Perqu\u00e8 el cos mola, per\u00f2 cal aprendre a descobrir-lo.<\/li>\n<li>Despr\u00e9s de l&#8217;exit de <i style=\"font-weight: inherit;\">La regla mola<\/i><span style=\"font-size: 16px;\"> continua la col\u00b7lecci\u00f3 Menstruita de la m\u00e0 de la Cristina i la Marta Torr\u00f3n.<\/span><\/li>\n<\/ul>\n","protected":false},"featured_media":38010,"template":"","meta":{"_acf_changed":false,"site-sidebar-layout":"default","site-content-layout":"default","ast-site-content-layout":"default","site-content-style":"default","site-sidebar-style":"default","ast-global-header-display":"","ast-banner-title-visibility":"","ast-main-header-display":"","ast-hfb-above-header-display":"","ast-hfb-below-header-display":"","ast-hfb-mobile-header-display":"","site-post-title":"","ast-breadcrumbs-content":"","ast-featured-img":"","footer-sml-layout":"","ast-disable-related-posts":"","theme-transparent-header-meta":"default","adv-header-id-meta":"","stick-header-meta":"","header-above-stick-meta":"","header-main-stick-meta":"","header-below-stick-meta":"","astra-migrate-meta-layouts":"default","ast-page-background-enabled":"default","ast-page-background-meta":{"desktop":{"background-color":"","background-image":"","background-repeat":"repeat","background-position":"center center","background-size":"auto","background-attachment":"scroll","background-type":"","background-media":"","overlay-type":"","overlay-color":"","overlay-opacity":"","overlay-gradient":""},"tablet":{"background-color":"","background-image":"","background-repeat":"repeat","background-position":"center center","background-size":"auto","background-attachment":"scroll","background-type":"","background-media":"","overlay-type":"","overlay-color":"","overlay-opacity":"","overlay-gradient":""},"mobile":{"background-color":"","background-image":"","background-repeat":"repeat","background-position":"center center","background-size":"auto","background-attachment":"scroll","background-type":"","background-media":"","overlay-type":"","overlay-color":"","overlay-opacity":"","overlay-gradient":""}},"ast-content-background-meta":{"desktop":{"background-color":"var(--ast-global-color-5)","background-image":"","background-repeat":"repeat","background-position":"center center","background-size":"auto","background-attachment":"scroll","background-type":"","background-media":"","overlay-type":"","overlay-color":"","overlay-opacity":"","overlay-gradient":""},"tablet":{"background-color":"var(--ast-global-color-5)","background-image":"","background-repeat":"repeat","background-position":"center center","background-size":"auto","background-attachment":"scroll","background-type":"","background-media":"","overlay-type":"","overlay-color":"","overlay-opacity":"","overlay-gradient":""},"mobile":{"background-color":"var(--ast-global-color-5)","background-image":"","background-repeat":"repeat","background-position":"center center","background-size":"auto","background-attachment":"scroll","background-type":"","background-media":"","overlay-type":"","overlay-color":"","overlay-opacity":"","overlay-gradient":""}}},"pwb-brand":[],"product_brand":[],"product_cat":[567],"product_tag":[4016,4015,4017],"class_list":{"0":"post-38008","1":"product","2":"type-product","3":"status-publish","4":"has-post-thumbnail","6":"product_cat-infantils","7":"product_tag-cristina-torron","8":"product_tag-marta-torron","9":"product_tag-menstruita","10":"desktop-align-left","11":"tablet-align-left","12":"mobile-align-left","14":"first","15":"instock","16":"taxable","17":"shipping-taxable","18":"purchasable","19":"product-type-simple"},"acf":[],"yoast_head":"<!-- This site is optimized with the Yoast SEO Premium plugin v18.3 (Yoast SEO v27.4) - https:\/\/yoast.com\/product\/yoast-seo-premium-wordpress\/ -->\n<title>El teu cos mola - Apr\u00e8n a descobir-lo &#8212; Som Llavors<\/title>\n<meta name=\"description\" content=\"El cos ens acompanya tota la vida i, encara que sembli estrany, a vegades ens n&#039;oblidem. Segur que hi ha parts que coneixes b\u00e9 i d&#039;altres que potser no t&#039;has mirat gaire, com la vulva. Amb el temps, el teu cos viur\u00e0 molts canvis i \u00e9s important que els coneguis per cr\u00e8ixer amb confian\u00e7a i benestar.   Un llibre imprescindible perqu\u00e8 totes les noies estableixin una relaci\u00f3 sana amb el cos, per prevenir problemes i per saber tot el que cal sobre el despertar de la sexualitat. Perqu\u00e8 el cos mola, per\u00f2 cal aprendre a descobrir-lo.  Despr\u00e9s de l&#039;exit de La regla mola continua la col\u00b7lecci\u00f3 Menstruita de la m\u00e0 de la Cristina i la Marta Torr\u00f3n.\" \/>\n<meta name=\"robots\" content=\"index, follow, max-snippet:-1, max-image-preview:large, max-video-preview:-1\" \/>\n<link rel=\"canonical\" href=\"https:\/\/somllavors.com\/es\/producte\/el-teu-cos-mola-apren-a-descobir-lo\" \/>\n<meta property=\"og:locale\" content=\"es_ES\" \/>\n<meta property=\"og:type\" content=\"article\" \/>\n<meta property=\"og:title\" content=\"El teu cos mola - Apr\u00e8n a descobir-lo\" \/>\n<meta property=\"og:description\" content=\"La teva botiga d\u2019ecocrian\u00e7a i espai d\u2019acompanyament a la maternitat\" \/>\n<meta property=\"og:url\" content=\"https:\/\/somllavors.com\/es\/producte\/el-teu-cos-mola-apren-a-descobir-lo\" \/>\n<meta property=\"og:site_name\" content=\"Som Llavors\" \/>\n<meta property=\"article:publisher\" content=\"https:\/\/www.facebook.com\/somllavorsvng\/?locale=ca_ES\" \/>\n<meta property=\"article:modified_time\" content=\"2023-05-05T09:45:37+00:00\" \/>\n<meta property=\"og:image\" content=\"https:\/\/somllavors.com\/wp-content\/uploads\/2023\/04\/Som-Llavors-9788419241672.jpg\" \/>\n\t<meta property=\"og:image:width\" content=\"552\" \/>\n\t<meta property=\"og:image:height\" content=\"717\" \/>\n\t<meta property=\"og:image:type\" content=\"image\/jpeg\" \/>\n<meta name=\"twitter:card\" content=\"summary_large_image\" \/>\n<meta name=\"twitter:label1\" content=\"Precio\" \/>\n\t<meta name=\"twitter:data1\" content=\"15,95&euro; Iva incl\u00f2s\" \/>\n\t<meta name=\"twitter:label2\" content=\"Availability\" \/>\n\t<meta name=\"twitter:data2\" content=\"Hay existencias\" \/>\n<script type=\"application\/ld+json\" class=\"yoast-schema-graph\">{\"@context\":\"https:\\\/\\\/schema.org\",\"@graph\":[{\"@type\":\"WebPage\",\"@id\":\"https:\\\/\\\/somllavors.com\\\/es\\\/producte\\\/el-teu-cos-mola-apren-a-descobir-lo\",\"url\":\"https:\\\/\\\/somllavors.com\\\/es\\\/producte\\\/el-teu-cos-mola-apren-a-descobir-lo\",\"name\":\"El teu cos mola - Apr\u00e8n a descobir-lo &#8212; Som Llavors\",\"isPartOf\":{\"@id\":\"https:\\\/\\\/somllavors.com\\\/es#website\"},\"primaryImageOfPage\":{\"@id\":\"https:\\\/\\\/somllavors.com\\\/es\\\/producte\\\/el-teu-cos-mola-apren-a-descobir-lo#primaryimage\"},\"image\":{\"@id\":\"https:\\\/\\\/somllavors.com\\\/es\\\/producte\\\/el-teu-cos-mola-apren-a-descobir-lo#primaryimage\"},\"thumbnailUrl\":\"https:\\\/\\\/somllavors.com\\\/wp-content\\\/uploads\\\/2023\\\/04\\\/Som-Llavors-9788419241672.jpg\",\"datePublished\":\"2023-04-19T10:38:54+00:00\",\"dateModified\":\"2023-05-05T09:45:37+00:00\",\"description\":\"El cos ens acompanya tota la vida i, encara que sembli estrany, a vegades ens n'oblidem. Segur que hi ha parts que coneixes b\u00e9 i d'altres que potser no t'has mirat gaire, com la vulva. Amb el temps, el teu cos viur\u00e0 molts canvis i \u00e9s important que els coneguis per cr\u00e8ixer amb confian\u00e7a i benestar. Un llibre imprescindible perqu\u00e8 totes les noies estableixin una relaci\u00f3 sana amb el cos, per prevenir problemes i per saber tot el que cal sobre el despertar de la sexualitat. Perqu\u00e8 el cos mola, per\u00f2 cal aprendre a descobrir-lo. Despr\u00e9s de l'exit de La regla mola continua la col\u00b7lecci\u00f3 Menstruita de la m\u00e0 de la Cristina i la Marta Torr\u00f3n.\",\"breadcrumb\":{\"@id\":\"https:\\\/\\\/somllavors.com\\\/es\\\/producte\\\/el-teu-cos-mola-apren-a-descobir-lo#breadcrumb\"},\"inLanguage\":\"es\",\"potentialAction\":[{\"@type\":\"ReadAction\",\"target\":[\"https:\\\/\\\/somllavors.com\\\/es\\\/producte\\\/el-teu-cos-mola-apren-a-descobir-lo\"]}]},{\"@type\":\"ImageObject\",\"inLanguage\":\"es\",\"@id\":\"https:\\\/\\\/somllavors.com\\\/es\\\/producte\\\/el-teu-cos-mola-apren-a-descobir-lo#primaryimage\",\"url\":\"https:\\\/\\\/somllavors.com\\\/wp-content\\\/uploads\\\/2023\\\/04\\\/Som-Llavors-9788419241672.jpg\",\"contentUrl\":\"https:\\\/\\\/somllavors.com\\\/wp-content\\\/uploads\\\/2023\\\/04\\\/Som-Llavors-9788419241672.jpg\",\"width\":552,\"height\":717,\"caption\":\"contes educaci\u00f3 sexual\"},{\"@type\":\"BreadcrumbList\",\"@id\":\"https:\\\/\\\/somllavors.com\\\/es\\\/producte\\\/el-teu-cos-mola-apren-a-descobir-lo#breadcrumb\",\"itemListElement\":[{\"@type\":\"ListItem\",\"position\":1,\"name\":\"Inici\",\"item\":\"https:\\\/\\\/somllavors.com\\\/es\"},{\"@type\":\"ListItem\",\"position\":2,\"name\":\"Tienda\",\"item\":\"https:\\\/\\\/somllavors.com\\\/es\\\/botiga-2\"},{\"@type\":\"ListItem\",\"position\":3,\"name\":\"El teu cos mola &#8211; Apr\u00e8n a descobir-lo\"}]},{\"@type\":\"WebSite\",\"@id\":\"https:\\\/\\\/somllavors.com\\\/es#website\",\"url\":\"https:\\\/\\\/somllavors.com\\\/es\",\"name\":\"Som Llavors\",\"description\":\"Botiga de crian\u00e7a natural\",\"publisher\":{\"@id\":\"https:\\\/\\\/somllavors.com\\\/es#organization\"},\"alternateName\":\"Crian\u00e7a Natural i Sostenible\",\"potentialAction\":[{\"@type\":\"SearchAction\",\"target\":{\"@type\":\"EntryPoint\",\"urlTemplate\":\"https:\\\/\\\/somllavors.com\\\/es?s={search_term_string}\"},\"query-input\":{\"@type\":\"PropertyValueSpecification\",\"valueRequired\":true,\"valueName\":\"search_term_string\"}}],\"inLanguage\":\"es\"},{\"@type\":[\"Organization\",\"Place\",\"Store\"],\"@id\":\"https:\\\/\\\/somllavors.com\\\/es#organization\",\"name\":\"Som Llavors\",\"alternateName\":\"Crian\u00e7a Natural i Sostenible\",\"url\":\"https:\\\/\\\/somllavors.com\\\/es\",\"logo\":{\"@id\":\"https:\\\/\\\/somllavors.com\\\/es\\\/producte\\\/el-teu-cos-mola-apren-a-descobir-lo#local-main-organization-logo\"},\"image\":{\"@id\":\"https:\\\/\\\/somllavors.com\\\/es\\\/producte\\\/el-teu-cos-mola-apren-a-descobir-lo#local-main-organization-logo\"},\"sameAs\":[\"https:\\\/\\\/www.facebook.com\\\/somllavorsvng\\\/?locale=ca_ES\",\"https:\\\/\\\/www.instagram.com\\\/somllavors_vng\\\/\",\"https:\\\/\\\/www.youtube.com\\\/@somllavors\"],\"address\":{\"@id\":\"https:\\\/\\\/somllavors.com\\\/es\\\/producte\\\/el-teu-cos-mola-apren-a-descobir-lo#local-main-place-address\"},\"geo\":{\"@type\":\"GeoCoordinates\",\"latitude\":\"41.2257737\",\"longitude\":\"1.723258859\"},\"telephone\":[\"623152704\"],\"openingHoursSpecification\":[{\"@type\":\"OpeningHoursSpecification\",\"dayOfWeek\":[\"Monday\",\"Sunday\"],\"opens\":\"00:00\",\"closes\":\"00:00\"},{\"@type\":\"OpeningHoursSpecification\",\"dayOfWeek\":[\"Tuesday\",\"Wednesday\",\"Thursday\",\"Friday\"],\"opens\":\"10:00\",\"closes\":\"20:00\"},{\"@type\":\"OpeningHoursSpecification\",\"dayOfWeek\":[\"Saturday\"],\"opens\":\"10:00\",\"closes\":\"13:30\"}],\"email\":\"info@somllavors.com\"},{\"@type\":\"PostalAddress\",\"@id\":\"https:\\\/\\\/somllavors.com\\\/es\\\/producte\\\/el-teu-cos-mola-apren-a-descobir-lo#local-main-place-address\",\"streetAddress\":\"Carrer de l'aigua, 6\",\"addressLocality\":\"Vilanova i la Geltr\u00fa\",\"postalCode\":\"08800\",\"addressRegion\":\"Barcelona\",\"addressCountry\":\"ES\"},{\"@type\":\"ImageObject\",\"inLanguage\":\"es\",\"@id\":\"https:\\\/\\\/somllavors.com\\\/es\\\/producte\\\/el-teu-cos-mola-apren-a-descobir-lo#local-main-organization-logo\",\"url\":\"https:\\\/\\\/somllavors.com\\\/wp-content\\\/uploads\\\/Logotip-Som-Llavors.jpg\",\"contentUrl\":\"https:\\\/\\\/somllavors.com\\\/wp-content\\\/uploads\\\/Logotip-Som-Llavors.jpg\",\"width\":1444,\"height\":1323,\"caption\":\"Som Llavors\"}]}<\/script>\n<meta property=\"product:price:amount\" content=\"15.95\" \/>\n<meta property=\"product:price:currency\" content=\"EUR\" \/>\n<meta property=\"og:availability\" content=\"instock\" \/>\n<meta property=\"product:availability\" content=\"instock\" \/>\n<meta property=\"product:retailer_item_id\" content=\"9788419241672\" \/>\n<meta property=\"product:condition\" content=\"new\" \/>\n<meta name=\"geo.placename\" content=\"Vilanova i la Geltr\u00fa\" \/>\n<meta name=\"geo.position\" content=\"41.2257737;1.723258859\" \/>\n<meta name=\"geo.region\" content=\"Espa\u00f1a\" \/>\n<!-- \/ Yoast SEO Premium plugin. -->","yoast_head_json":{"title":"El teu cos mola - Apr\u00e8n a descobir-lo &#8212; Som Llavors","description":"El cos ens acompanya tota la vida i, encara que sembli estrany, a vegades ens n'oblidem. Segur que hi ha parts que coneixes b\u00e9 i d'altres que potser no t'has mirat gaire, com la vulva. Amb el temps, el teu cos viur\u00e0 molts canvis i \u00e9s important que els coneguis per cr\u00e8ixer amb confian\u00e7a i benestar.   Un llibre imprescindible perqu\u00e8 totes les noies estableixin una relaci\u00f3 sana amb el cos, per prevenir problemes i per saber tot el que cal sobre el despertar de la sexualitat. Perqu\u00e8 el cos mola, per\u00f2 cal aprendre a descobrir-lo.  Despr\u00e9s de l'exit de La regla mola continua la col\u00b7lecci\u00f3 Menstruita de la m\u00e0 de la Cristina i la Marta Torr\u00f3n.","robots":{"index":"index","follow":"follow","max-snippet":"max-snippet:-1","max-image-preview":"max-image-preview:large","max-video-preview":"max-video-preview:-1"},"canonical":"https:\/\/somllavors.com\/es\/producte\/el-teu-cos-mola-apren-a-descobir-lo","og_locale":"es_ES","og_type":"article","og_title":"El teu cos mola - Apr\u00e8n a descobir-lo","og_description":"La teva botiga d\u2019ecocrian\u00e7a i espai d\u2019acompanyament a la maternitat","og_url":"https:\/\/somllavors.com\/es\/producte\/el-teu-cos-mola-apren-a-descobir-lo","og_site_name":"Som Llavors","article_publisher":"https:\/\/www.facebook.com\/somllavorsvng\/?locale=ca_ES","article_modified_time":"2023-05-05T09:45:37+00:00","og_image":[{"width":552,"height":717,"url":"https:\/\/somllavors.com\/wp-content\/uploads\/2023\/04\/Som-Llavors-9788419241672.jpg","type":"image\/jpeg"}],"twitter_card":"summary_large_image","twitter_misc":{"Precio":"15,95&euro; Iva incl\u00f2s","Availability":"Hay existencias"},"schema":{"@context":"https:\/\/schema.org","@graph":[{"@type":"WebPage","@id":"https:\/\/somllavors.com\/es\/producte\/el-teu-cos-mola-apren-a-descobir-lo","url":"https:\/\/somllavors.com\/es\/producte\/el-teu-cos-mola-apren-a-descobir-lo","name":"El teu cos mola - Apr\u00e8n a descobir-lo &#8212; Som Llavors","isPartOf":{"@id":"https:\/\/somllavors.com\/es#website"},"primaryImageOfPage":{"@id":"https:\/\/somllavors.com\/es\/producte\/el-teu-cos-mola-apren-a-descobir-lo#primaryimage"},"image":{"@id":"https:\/\/somllavors.com\/es\/producte\/el-teu-cos-mola-apren-a-descobir-lo#primaryimage"},"thumbnailUrl":"https:\/\/somllavors.com\/wp-content\/uploads\/2023\/04\/Som-Llavors-9788419241672.jpg","datePublished":"2023-04-19T10:38:54+00:00","dateModified":"2023-05-05T09:45:37+00:00","description":"El cos ens acompanya tota la vida i, encara que sembli estrany, a vegades ens n'oblidem. Segur que hi ha parts que coneixes b\u00e9 i d'altres que potser no t'has mirat gaire, com la vulva. Amb el temps, el teu cos viur\u00e0 molts canvis i \u00e9s important que els coneguis per cr\u00e8ixer amb confian\u00e7a i benestar. Un llibre imprescindible perqu\u00e8 totes les noies estableixin una relaci\u00f3 sana amb el cos, per prevenir problemes i per saber tot el que cal sobre el despertar de la sexualitat. Perqu\u00e8 el cos mola, per\u00f2 cal aprendre a descobrir-lo. Despr\u00e9s de l'exit de La regla mola continua la col\u00b7lecci\u00f3 Menstruita de la m\u00e0 de la Cristina i la Marta Torr\u00f3n.","breadcrumb":{"@id":"https:\/\/somllavors.com\/es\/producte\/el-teu-cos-mola-apren-a-descobir-lo#breadcrumb"},"inLanguage":"es","potentialAction":[{"@type":"ReadAction","target":["https:\/\/somllavors.com\/es\/producte\/el-teu-cos-mola-apren-a-descobir-lo"]}]},{"@type":"ImageObject","inLanguage":"es","@id":"https:\/\/somllavors.com\/es\/producte\/el-teu-cos-mola-apren-a-descobir-lo#primaryimage","url":"https:\/\/somllavors.com\/wp-content\/uploads\/2023\/04\/Som-Llavors-9788419241672.jpg","contentUrl":"https:\/\/somllavors.com\/wp-content\/uploads\/2023\/04\/Som-Llavors-9788419241672.jpg","width":552,"height":717,"caption":"contes educaci\u00f3 sexual"},{"@type":"BreadcrumbList","@id":"https:\/\/somllavors.com\/es\/producte\/el-teu-cos-mola-apren-a-descobir-lo#breadcrumb","itemListElement":[{"@type":"ListItem","position":1,"name":"Inici","item":"https:\/\/somllavors.com\/es"},{"@type":"ListItem","position":2,"name":"Tienda","item":"https:\/\/somllavors.com\/es\/botiga-2"},{"@type":"ListItem","position":3,"name":"El teu cos mola &#8211; Apr\u00e8n a descobir-lo"}]},{"@type":"WebSite","@id":"https:\/\/somllavors.com\/es#website","url":"https:\/\/somllavors.com\/es","name":"Som Llavors","description":"Botiga de crian\u00e7a natural","publisher":{"@id":"https:\/\/somllavors.com\/es#organization"},"alternateName":"Crian\u00e7a Natural i Sostenible","potentialAction":[{"@type":"SearchAction","target":{"@type":"EntryPoint","urlTemplate":"https:\/\/somllavors.com\/es?s={search_term_string}"},"query-input":{"@type":"PropertyValueSpecification","valueRequired":true,"valueName":"search_term_string"}}],"inLanguage":"es"},{"@type":["Organization","Place","Store"],"@id":"https:\/\/somllavors.com\/es#organization","name":"Som Llavors","alternateName":"Crian\u00e7a Natural i Sostenible","url":"https:\/\/somllavors.com\/es","logo":{"@id":"https:\/\/somllavors.com\/es\/producte\/el-teu-cos-mola-apren-a-descobir-lo#local-main-organization-logo"},"image":{"@id":"https:\/\/somllavors.com\/es\/producte\/el-teu-cos-mola-apren-a-descobir-lo#local-main-organization-logo"},"sameAs":["https:\/\/www.facebook.com\/somllavorsvng\/?locale=ca_ES","https:\/\/www.instagram.com\/somllavors_vng\/","https:\/\/www.youtube.com\/@somllavors"],"address":{"@id":"https:\/\/somllavors.com\/es\/producte\/el-teu-cos-mola-apren-a-descobir-lo#local-main-place-address"},"geo":{"@type":"GeoCoordinates","latitude":"41.2257737","longitude":"1.723258859"},"telephone":["623152704","623152704"],"openingHoursSpecification":[{"@type":"OpeningHoursSpecification","dayOfWeek":["Monday","Sunday"],"opens":"00:00","closes":"00:00"},{"@type":"OpeningHoursSpecification","dayOfWeek":["Tuesday","Wednesday","Thursday","Friday"],"opens":"10:00","closes":"20:00"},{"@type":"OpeningHoursSpecification","dayOfWeek":["Saturday"],"opens":"10:00","closes":"13:30"}],"email":"info@somllavors.com"},{"@type":"PostalAddress","@id":"https:\/\/somllavors.com\/es\/producte\/el-teu-cos-mola-apren-a-descobir-lo#local-main-place-address","streetAddress":"Carrer de l'aigua, 6","addressLocality":"Vilanova i la Geltr\u00fa","postalCode":"08800","addressRegion":"Barcelona","addressCountry":"ES"},{"@type":"ImageObject","inLanguage":"es","@id":"https:\/\/somllavors.com\/es\/producte\/el-teu-cos-mola-apren-a-descobir-lo#local-main-organization-logo","url":"https:\/\/somllavors.com\/wp-content\/uploads\/Logotip-Som-Llavors.jpg","contentUrl":"https:\/\/somllavors.com\/wp-content\/uploads\/Logotip-Som-Llavors.jpg","width":1444,"height":1323,"caption":"Som Llavors"}]},"product_price_amount":"15.95","product_price_currency":"EUR","og_availability":"instock","product_availability":"instock","product_retailer_item_id":"9788419241672","product_condition":"new","geo.placename":"Vilanova i la Geltr\u00fa","geo.position":{"lat":"41.2257737","long":"1.723258859"},"geo.region":"Espa\u00f1a"},"brands":[],"_links":{"self":[{"href":"https:\/\/somllavors.com\/es\/wp-json\/wp\/v2\/product\/38008","targetHints":{"allow":["GET"]}}],"collection":[{"href":"https:\/\/somllavors.com\/es\/wp-json\/wp\/v2\/product"}],"about":[{"href":"https:\/\/somllavors.com\/es\/wp-json\/wp\/v2\/types\/product"}],"wp:featuredmedia":[{"embeddable":true,"href":"https:\/\/somllavors.com\/es\/wp-json\/wp\/v2\/media\/38010"}],"wp:attachment":[{"href":"https:\/\/somllavors.com\/es\/wp-json\/wp\/v2\/media?parent=38008"}],"wp:term":[{"taxonomy":"pwb-brand","embeddable":true,"href":"https:\/\/somllavors.com\/es\/wp-json\/wp\/v2\/pwb-brand?post=38008"},{"taxonomy":"product_brand","embeddable":true,"href":"https:\/\/somllavors.com\/es\/wp-json\/wp\/v2\/product_brand?post=38008"},{"taxonomy":"product_cat","embeddable":true,"href":"https:\/\/somllavors.com\/es\/wp-json\/wp\/v2\/product_cat?post=38008"},{"taxonomy":"product_tag","embeddable":true,"href":"https:\/\/somllavors.com\/es\/wp-json\/wp\/v2\/product_tag?post=38008"}],"curies":[{"name":"wp","href":"https:\/\/api.w.org\/{rel}","templated":true}]}}