{"id":38638,"date":"2023-05-09T17:59:30","date_gmt":"2023-05-09T15:59:30","guid":{"rendered":"https:\/\/somllavors.com\/?post_type=product&#038;p=38638"},"modified":"2023-12-07T13:27:14","modified_gmt":"2023-12-07T12:27:14","slug":"kit-de-pintura-lily-omy","status":"publish","type":"product","link":"https:\/\/somllavors.com\/es\/producte\/kit-de-pintura-lily-omy","title":{"rendered":"Kit de pintura Lily &#8211; OMY"},"content":{"rendered":"<ul>\n<li>Edat recomanada: Entre 3 i 7 anys<\/li>\n<li>Format 28,5 x 21 cm.<\/li>\n<li>Composici\u00f3 100% paper + aquarel\u00b7la<\/li>\n<li>Fabricat a Fran\u00e7a per OMY.<\/li>\n<\/ul>\n","protected":false},"excerpt":{"rendered":"<p>Dins d&#8217;aquest fant\u00e0stic kit trobar\u00e0s 12 dissenys, 1 pinzell i aquarel\u00b7les en el mateix full.<\/p>\n<ul>\n<li>Submergeix-te al m\u00f3n fant\u00e0stic i imaginari de la unicorn Lily!<\/li>\n<li>F\u00e0cil i creatiu.<\/li>\n<li>Mentre viatgeu o sou a casa, tot el que necessiteu s\u00f3n unes gotes d&#8217;aigua per crear una pintura bonica, perfecta per a artistes de tots els nivells.<\/li>\n<li>Cada il\u00b7lustraci\u00f3 ve amb 6 mostres de color impreses directament al full.<\/li>\n<li>No cal tub de pintura ni paleta.<\/li>\n<\/ul>\n<p>&nbsp;<\/p>\n","protected":false},"featured_media":38643,"template":"","meta":{"_acf_changed":false,"site-sidebar-layout":"default","site-content-layout":"default","ast-site-content-layout":"default","site-content-style":"default","site-sidebar-style":"default","ast-global-header-display":"","ast-banner-title-visibility":"","ast-main-header-display":"","ast-hfb-above-header-display":"","ast-hfb-below-header-display":"","ast-hfb-mobile-header-display":"","site-post-title":"","ast-breadcrumbs-content":"","ast-featured-img":"","footer-sml-layout":"","ast-disable-related-posts":"","theme-transparent-header-meta":"default","adv-header-id-meta":"","stick-header-meta":"","header-above-stick-meta":"","header-main-stick-meta":"","header-below-stick-meta":"","astra-migrate-meta-layouts":"default","ast-page-background-enabled":"default","ast-page-background-meta":{"desktop":{"background-color":"","background-image":"","background-repeat":"repeat","background-position":"center center","background-size":"auto","background-attachment":"scroll","background-type":"","background-media":"","overlay-type":"","overlay-color":"","overlay-opacity":"","overlay-gradient":""},"tablet":{"background-color":"","background-image":"","background-repeat":"repeat","background-position":"center center","background-size":"auto","background-attachment":"scroll","background-type":"","background-media":"","overlay-type":"","overlay-color":"","overlay-opacity":"","overlay-gradient":""},"mobile":{"background-color":"","background-image":"","background-repeat":"repeat","background-position":"center center","background-size":"auto","background-attachment":"scroll","background-type":"","background-media":"","overlay-type":"","overlay-color":"","overlay-opacity":"","overlay-gradient":""}},"ast-content-background-meta":{"desktop":{"background-color":"var(--ast-global-color-5)","background-image":"","background-repeat":"repeat","background-position":"center center","background-size":"auto","background-attachment":"scroll","background-type":"","background-media":"","overlay-type":"","overlay-color":"","overlay-opacity":"","overlay-gradient":""},"tablet":{"background-color":"var(--ast-global-color-5)","background-image":"","background-repeat":"repeat","background-position":"center center","background-size":"auto","background-attachment":"scroll","background-type":"","background-media":"","overlay-type":"","overlay-color":"","overlay-opacity":"","overlay-gradient":""},"mobile":{"background-color":"var(--ast-global-color-5)","background-image":"","background-repeat":"repeat","background-position":"center center","background-size":"auto","background-attachment":"scroll","background-type":"","background-media":"","overlay-type":"","overlay-color":"","overlay-opacity":"","overlay-gradient":""}}},"pwb-brand":[4146],"product_brand":[],"product_cat":[4500,278],"product_tag":[4045,3432,4044,4043],"class_list":{"0":"post-38638","1":"product","2":"type-product","3":"status-publish","4":"has-post-thumbnail","6":"pwb-brand-omy","7":"product_cat-10-20e","8":"product_cat-per-pintar-manualitats","9":"product_tag-kit-de-pintura","10":"product_tag-omy","11":"product_tag-painting-kit","12":"product_tag-pintura","13":"desktop-align-left","14":"tablet-align-left","15":"mobile-align-left","17":"first","18":"outofstock","19":"taxable","20":"shipping-taxable","21":"purchasable","22":"product-type-simple"},"acf":[],"yoast_head":"<!-- This site is optimized with the Yoast SEO Premium plugin v18.3 (Yoast SEO v27.4) - https:\/\/yoast.com\/product\/yoast-seo-premium-wordpress\/ -->\n<title>Kit de pintura Lily - OMY &#8212; Som Llavors<\/title>\n<meta name=\"description\" content=\"Dins d&#039;aquest fant\u00e0stic kit trobar\u00e0s 12 dissenys, 1 pinzell i aquarel\u00b7les en el mateix full.   Submergeix-te al m\u00f3n fant\u00e0stic i imaginari de la unicorn Lily!  F\u00e0cil i creatiu.  Mentre viatgeu o sou a casa, tot el que necessiteu s\u00f3n unes gotes d&#039;aigua per crear una pintura bonica, perfecta per a artistes de tots els nivells.  Cada il\u00b7lustraci\u00f3 ve amb 6 mostres de color impreses directament al full.  No cal tub de pintura ni paleta.  &nbsp;\" \/>\n<meta name=\"robots\" content=\"index, follow, max-snippet:-1, max-image-preview:large, max-video-preview:-1\" \/>\n<link rel=\"canonical\" href=\"https:\/\/somllavors.com\/es\/producte\/kit-de-pintura-lily-omy\" \/>\n<meta property=\"og:locale\" content=\"es_ES\" \/>\n<meta property=\"og:type\" content=\"article\" \/>\n<meta property=\"og:title\" content=\"Kit de pintura Lily - OMY\" \/>\n<meta property=\"og:description\" content=\"La teva botiga d\u2019ecocrian\u00e7a i espai d\u2019acompanyament a la maternitat\" \/>\n<meta property=\"og:url\" content=\"https:\/\/somllavors.com\/es\/producte\/kit-de-pintura-lily-omy\" \/>\n<meta property=\"og:site_name\" content=\"Som Llavors\" \/>\n<meta property=\"article:publisher\" content=\"https:\/\/www.facebook.com\/somllavorsvng\/?locale=ca_ES\" \/>\n<meta property=\"article:modified_time\" content=\"2023-12-07T12:27:14+00:00\" \/>\n<meta property=\"og:image\" content=\"https:\/\/somllavors.com\/wp-content\/uploads\/2023\/05\/Som-Llavors-KIT-OMY-DE-PINTURA-UNICORNIOS-3-7-ANOS.jpg\" \/>\n\t<meta property=\"og:image:width\" content=\"1080\" \/>\n\t<meta property=\"og:image:height\" content=\"1080\" \/>\n\t<meta property=\"og:image:type\" content=\"image\/jpeg\" \/>\n<meta name=\"twitter:card\" content=\"summary_large_image\" \/>\n<meta name=\"twitter:label1\" content=\"Precio\" \/>\n\t<meta name=\"twitter:data1\" content=\"13,00&euro; Iva incl\u00f2s\" \/>\n\t<meta name=\"twitter:label2\" content=\"Availability\" \/>\n\t<meta name=\"twitter:data2\" content=\"Out of stock\" \/>\n<script type=\"application\/ld+json\" class=\"yoast-schema-graph\">{\"@context\":\"https:\\\/\\\/schema.org\",\"@graph\":[{\"@type\":\"WebPage\",\"@id\":\"https:\\\/\\\/somllavors.com\\\/es\\\/producte\\\/kit-de-pintura-lily-omy\",\"url\":\"https:\\\/\\\/somllavors.com\\\/es\\\/producte\\\/kit-de-pintura-lily-omy\",\"name\":\"Kit de pintura Lily - OMY &#8212; Som Llavors\",\"isPartOf\":{\"@id\":\"https:\\\/\\\/somllavors.com\\\/es#website\"},\"primaryImageOfPage\":{\"@id\":\"https:\\\/\\\/somllavors.com\\\/es\\\/producte\\\/kit-de-pintura-lily-omy#primaryimage\"},\"image\":{\"@id\":\"https:\\\/\\\/somllavors.com\\\/es\\\/producte\\\/kit-de-pintura-lily-omy#primaryimage\"},\"thumbnailUrl\":\"https:\\\/\\\/somllavors.com\\\/wp-content\\\/uploads\\\/2023\\\/05\\\/Som-Llavors-KIT-OMY-DE-PINTURA-UNICORNIOS-3-7-ANOS.jpg\",\"datePublished\":\"2023-05-09T15:59:30+00:00\",\"dateModified\":\"2023-12-07T12:27:14+00:00\",\"description\":\"Dins d'aquest fant\u00e0stic kit trobar\u00e0s 12 dissenys, 1 pinzell i aquarel\u00b7les en el mateix full. Submergeix-te al m\u00f3n fant\u00e0stic i imaginari de la unicorn Lily! F\u00e0cil i creatiu. Mentre viatgeu o sou a casa, tot el que necessiteu s\u00f3n unes gotes d'aigua per crear una pintura bonica, perfecta per a artistes de tots els nivells. Cada il\u00b7lustraci\u00f3 ve amb 6 mostres de color impreses directament al full. No cal tub de pintura ni paleta. &nbsp;\",\"breadcrumb\":{\"@id\":\"https:\\\/\\\/somllavors.com\\\/es\\\/producte\\\/kit-de-pintura-lily-omy#breadcrumb\"},\"inLanguage\":\"es\",\"potentialAction\":[{\"@type\":\"ReadAction\",\"target\":[\"https:\\\/\\\/somllavors.com\\\/es\\\/producte\\\/kit-de-pintura-lily-omy\"]}]},{\"@type\":\"ImageObject\",\"inLanguage\":\"es\",\"@id\":\"https:\\\/\\\/somllavors.com\\\/es\\\/producte\\\/kit-de-pintura-lily-omy#primaryimage\",\"url\":\"https:\\\/\\\/somllavors.com\\\/wp-content\\\/uploads\\\/2023\\\/05\\\/Som-Llavors-KIT-OMY-DE-PINTURA-UNICORNIOS-3-7-ANOS.jpg\",\"contentUrl\":\"https:\\\/\\\/somllavors.com\\\/wp-content\\\/uploads\\\/2023\\\/05\\\/Som-Llavors-KIT-OMY-DE-PINTURA-UNICORNIOS-3-7-ANOS.jpg\",\"width\":1080,\"height\":1080,\"caption\":\"Kit de pintura\"},{\"@type\":\"BreadcrumbList\",\"@id\":\"https:\\\/\\\/somllavors.com\\\/es\\\/producte\\\/kit-de-pintura-lily-omy#breadcrumb\",\"itemListElement\":[{\"@type\":\"ListItem\",\"position\":1,\"name\":\"Inici\",\"item\":\"https:\\\/\\\/somllavors.com\\\/es\"},{\"@type\":\"ListItem\",\"position\":2,\"name\":\"Tienda\",\"item\":\"https:\\\/\\\/somllavors.com\\\/es\\\/botiga-2\"},{\"@type\":\"ListItem\",\"position\":3,\"name\":\"Kit de pintura Lily &#8211; OMY\"}]},{\"@type\":\"WebSite\",\"@id\":\"https:\\\/\\\/somllavors.com\\\/es#website\",\"url\":\"https:\\\/\\\/somllavors.com\\\/es\",\"name\":\"Som Llavors\",\"description\":\"Botiga de crian\u00e7a natural\",\"publisher\":{\"@id\":\"https:\\\/\\\/somllavors.com\\\/es#organization\"},\"alternateName\":\"Crian\u00e7a Natural i Sostenible\",\"potentialAction\":[{\"@type\":\"SearchAction\",\"target\":{\"@type\":\"EntryPoint\",\"urlTemplate\":\"https:\\\/\\\/somllavors.com\\\/es?s={search_term_string}\"},\"query-input\":{\"@type\":\"PropertyValueSpecification\",\"valueRequired\":true,\"valueName\":\"search_term_string\"}}],\"inLanguage\":\"es\"},{\"@type\":[\"Organization\",\"Place\",\"Store\"],\"@id\":\"https:\\\/\\\/somllavors.com\\\/es#organization\",\"name\":\"Som Llavors\",\"alternateName\":\"Crian\u00e7a Natural i Sostenible\",\"url\":\"https:\\\/\\\/somllavors.com\\\/es\",\"logo\":{\"@id\":\"https:\\\/\\\/somllavors.com\\\/es\\\/producte\\\/kit-de-pintura-lily-omy#local-main-organization-logo\"},\"image\":{\"@id\":\"https:\\\/\\\/somllavors.com\\\/es\\\/producte\\\/kit-de-pintura-lily-omy#local-main-organization-logo\"},\"sameAs\":[\"https:\\\/\\\/www.facebook.com\\\/somllavorsvng\\\/?locale=ca_ES\",\"https:\\\/\\\/www.instagram.com\\\/somllavors_vng\\\/\",\"https:\\\/\\\/www.youtube.com\\\/@somllavors\"],\"address\":{\"@id\":\"https:\\\/\\\/somllavors.com\\\/es\\\/producte\\\/kit-de-pintura-lily-omy#local-main-place-address\"},\"geo\":{\"@type\":\"GeoCoordinates\",\"latitude\":\"41.2257737\",\"longitude\":\"1.723258859\"},\"telephone\":[\"623152704\"],\"openingHoursSpecification\":[{\"@type\":\"OpeningHoursSpecification\",\"dayOfWeek\":[\"Monday\",\"Sunday\"],\"opens\":\"00:00\",\"closes\":\"00:00\"},{\"@type\":\"OpeningHoursSpecification\",\"dayOfWeek\":[\"Tuesday\",\"Wednesday\",\"Thursday\",\"Friday\"],\"opens\":\"10:00\",\"closes\":\"20:00\"},{\"@type\":\"OpeningHoursSpecification\",\"dayOfWeek\":[\"Saturday\"],\"opens\":\"10:00\",\"closes\":\"13:30\"}],\"email\":\"info@somllavors.com\"},{\"@type\":\"PostalAddress\",\"@id\":\"https:\\\/\\\/somllavors.com\\\/es\\\/producte\\\/kit-de-pintura-lily-omy#local-main-place-address\",\"streetAddress\":\"Carrer de l'aigua, 6\",\"addressLocality\":\"Vilanova i la Geltr\u00fa\",\"postalCode\":\"08800\",\"addressRegion\":\"Barcelona\",\"addressCountry\":\"ES\"},{\"@type\":\"ImageObject\",\"inLanguage\":\"es\",\"@id\":\"https:\\\/\\\/somllavors.com\\\/es\\\/producte\\\/kit-de-pintura-lily-omy#local-main-organization-logo\",\"url\":\"https:\\\/\\\/somllavors.com\\\/wp-content\\\/uploads\\\/Logotip-Som-Llavors.jpg\",\"contentUrl\":\"https:\\\/\\\/somllavors.com\\\/wp-content\\\/uploads\\\/Logotip-Som-Llavors.jpg\",\"width\":1444,\"height\":1323,\"caption\":\"Som Llavors\"}]}<\/script>\n<meta property=\"product:price:amount\" content=\"13.00\" \/>\n<meta property=\"product:price:currency\" content=\"EUR\" \/>\n<meta property=\"og:availability\" content=\"out of stock\" \/>\n<meta property=\"product:availability\" content=\"out of stock\" \/>\n<meta property=\"product:retailer_item_id\" content=\"PAINKIT07\" \/>\n<meta property=\"product:condition\" content=\"new\" \/>\n<meta name=\"geo.placename\" content=\"Vilanova i la Geltr\u00fa\" \/>\n<meta name=\"geo.position\" content=\"41.2257737;1.723258859\" \/>\n<meta name=\"geo.region\" content=\"Espa\u00f1a\" \/>\n<!-- \/ Yoast SEO Premium plugin. -->","yoast_head_json":{"title":"Kit de pintura Lily - OMY &#8212; Som Llavors","description":"Dins d'aquest fant\u00e0stic kit trobar\u00e0s 12 dissenys, 1 pinzell i aquarel\u00b7les en el mateix full.   Submergeix-te al m\u00f3n fant\u00e0stic i imaginari de la unicorn Lily!  F\u00e0cil i creatiu.  Mentre viatgeu o sou a casa, tot el que necessiteu s\u00f3n unes gotes d'aigua per crear una pintura bonica, perfecta per a artistes de tots els nivells.  Cada il\u00b7lustraci\u00f3 ve amb 6 mostres de color impreses directament al full.  No cal tub de pintura ni paleta.  &nbsp;","robots":{"index":"index","follow":"follow","max-snippet":"max-snippet:-1","max-image-preview":"max-image-preview:large","max-video-preview":"max-video-preview:-1"},"canonical":"https:\/\/somllavors.com\/es\/producte\/kit-de-pintura-lily-omy","og_locale":"es_ES","og_type":"article","og_title":"Kit de pintura Lily - OMY","og_description":"La teva botiga d\u2019ecocrian\u00e7a i espai d\u2019acompanyament a la maternitat","og_url":"https:\/\/somllavors.com\/es\/producte\/kit-de-pintura-lily-omy","og_site_name":"Som Llavors","article_publisher":"https:\/\/www.facebook.com\/somllavorsvng\/?locale=ca_ES","article_modified_time":"2023-12-07T12:27:14+00:00","og_image":[{"width":1080,"height":1080,"url":"https:\/\/somllavors.com\/wp-content\/uploads\/2023\/05\/Som-Llavors-KIT-OMY-DE-PINTURA-UNICORNIOS-3-7-ANOS.jpg","type":"image\/jpeg"}],"twitter_card":"summary_large_image","twitter_misc":{"Precio":"13,00&euro; Iva incl\u00f2s","Availability":"Out of stock"},"schema":{"@context":"https:\/\/schema.org","@graph":[{"@type":"WebPage","@id":"https:\/\/somllavors.com\/es\/producte\/kit-de-pintura-lily-omy","url":"https:\/\/somllavors.com\/es\/producte\/kit-de-pintura-lily-omy","name":"Kit de pintura Lily - OMY &#8212; Som Llavors","isPartOf":{"@id":"https:\/\/somllavors.com\/es#website"},"primaryImageOfPage":{"@id":"https:\/\/somllavors.com\/es\/producte\/kit-de-pintura-lily-omy#primaryimage"},"image":{"@id":"https:\/\/somllavors.com\/es\/producte\/kit-de-pintura-lily-omy#primaryimage"},"thumbnailUrl":"https:\/\/somllavors.com\/wp-content\/uploads\/2023\/05\/Som-Llavors-KIT-OMY-DE-PINTURA-UNICORNIOS-3-7-ANOS.jpg","datePublished":"2023-05-09T15:59:30+00:00","dateModified":"2023-12-07T12:27:14+00:00","description":"Dins d'aquest fant\u00e0stic kit trobar\u00e0s 12 dissenys, 1 pinzell i aquarel\u00b7les en el mateix full. Submergeix-te al m\u00f3n fant\u00e0stic i imaginari de la unicorn Lily! F\u00e0cil i creatiu. Mentre viatgeu o sou a casa, tot el que necessiteu s\u00f3n unes gotes d'aigua per crear una pintura bonica, perfecta per a artistes de tots els nivells. Cada il\u00b7lustraci\u00f3 ve amb 6 mostres de color impreses directament al full. No cal tub de pintura ni paleta. &nbsp;","breadcrumb":{"@id":"https:\/\/somllavors.com\/es\/producte\/kit-de-pintura-lily-omy#breadcrumb"},"inLanguage":"es","potentialAction":[{"@type":"ReadAction","target":["https:\/\/somllavors.com\/es\/producte\/kit-de-pintura-lily-omy"]}]},{"@type":"ImageObject","inLanguage":"es","@id":"https:\/\/somllavors.com\/es\/producte\/kit-de-pintura-lily-omy#primaryimage","url":"https:\/\/somllavors.com\/wp-content\/uploads\/2023\/05\/Som-Llavors-KIT-OMY-DE-PINTURA-UNICORNIOS-3-7-ANOS.jpg","contentUrl":"https:\/\/somllavors.com\/wp-content\/uploads\/2023\/05\/Som-Llavors-KIT-OMY-DE-PINTURA-UNICORNIOS-3-7-ANOS.jpg","width":1080,"height":1080,"caption":"Kit de pintura"},{"@type":"BreadcrumbList","@id":"https:\/\/somllavors.com\/es\/producte\/kit-de-pintura-lily-omy#breadcrumb","itemListElement":[{"@type":"ListItem","position":1,"name":"Inici","item":"https:\/\/somllavors.com\/es"},{"@type":"ListItem","position":2,"name":"Tienda","item":"https:\/\/somllavors.com\/es\/botiga-2"},{"@type":"ListItem","position":3,"name":"Kit de pintura Lily &#8211; OMY"}]},{"@type":"WebSite","@id":"https:\/\/somllavors.com\/es#website","url":"https:\/\/somllavors.com\/es","name":"Som Llavors","description":"Botiga de crian\u00e7a natural","publisher":{"@id":"https:\/\/somllavors.com\/es#organization"},"alternateName":"Crian\u00e7a Natural i Sostenible","potentialAction":[{"@type":"SearchAction","target":{"@type":"EntryPoint","urlTemplate":"https:\/\/somllavors.com\/es?s={search_term_string}"},"query-input":{"@type":"PropertyValueSpecification","valueRequired":true,"valueName":"search_term_string"}}],"inLanguage":"es"},{"@type":["Organization","Place","Store"],"@id":"https:\/\/somllavors.com\/es#organization","name":"Som Llavors","alternateName":"Crian\u00e7a Natural i Sostenible","url":"https:\/\/somllavors.com\/es","logo":{"@id":"https:\/\/somllavors.com\/es\/producte\/kit-de-pintura-lily-omy#local-main-organization-logo"},"image":{"@id":"https:\/\/somllavors.com\/es\/producte\/kit-de-pintura-lily-omy#local-main-organization-logo"},"sameAs":["https:\/\/www.facebook.com\/somllavorsvng\/?locale=ca_ES","https:\/\/www.instagram.com\/somllavors_vng\/","https:\/\/www.youtube.com\/@somllavors"],"address":{"@id":"https:\/\/somllavors.com\/es\/producte\/kit-de-pintura-lily-omy#local-main-place-address"},"geo":{"@type":"GeoCoordinates","latitude":"41.2257737","longitude":"1.723258859"},"telephone":["623152704","623152704"],"openingHoursSpecification":[{"@type":"OpeningHoursSpecification","dayOfWeek":["Monday","Sunday"],"opens":"00:00","closes":"00:00"},{"@type":"OpeningHoursSpecification","dayOfWeek":["Tuesday","Wednesday","Thursday","Friday"],"opens":"10:00","closes":"20:00"},{"@type":"OpeningHoursSpecification","dayOfWeek":["Saturday"],"opens":"10:00","closes":"13:30"}],"email":"info@somllavors.com"},{"@type":"PostalAddress","@id":"https:\/\/somllavors.com\/es\/producte\/kit-de-pintura-lily-omy#local-main-place-address","streetAddress":"Carrer de l'aigua, 6","addressLocality":"Vilanova i la Geltr\u00fa","postalCode":"08800","addressRegion":"Barcelona","addressCountry":"ES"},{"@type":"ImageObject","inLanguage":"es","@id":"https:\/\/somllavors.com\/es\/producte\/kit-de-pintura-lily-omy#local-main-organization-logo","url":"https:\/\/somllavors.com\/wp-content\/uploads\/Logotip-Som-Llavors.jpg","contentUrl":"https:\/\/somllavors.com\/wp-content\/uploads\/Logotip-Som-Llavors.jpg","width":1444,"height":1323,"caption":"Som Llavors"}]},"product_price_amount":"13.00","product_price_currency":"EUR","og_availability":"out of stock","product_availability":"out of stock","product_retailer_item_id":"PAINKIT07","product_condition":"new","geo.placename":"Vilanova i la Geltr\u00fa","geo.position":{"lat":"41.2257737","long":"1.723258859"},"geo.region":"Espa\u00f1a"},"brands":[{"id":4146,"name":"OMY","slug":"omy"}],"_links":{"self":[{"href":"https:\/\/somllavors.com\/es\/wp-json\/wp\/v2\/product\/38638","targetHints":{"allow":["GET"]}}],"collection":[{"href":"https:\/\/somllavors.com\/es\/wp-json\/wp\/v2\/product"}],"about":[{"href":"https:\/\/somllavors.com\/es\/wp-json\/wp\/v2\/types\/product"}],"wp:featuredmedia":[{"embeddable":true,"href":"https:\/\/somllavors.com\/es\/wp-json\/wp\/v2\/media\/38643"}],"wp:attachment":[{"href":"https:\/\/somllavors.com\/es\/wp-json\/wp\/v2\/media?parent=38638"}],"wp:term":[{"taxonomy":"pwb-brand","embeddable":true,"href":"https:\/\/somllavors.com\/es\/wp-json\/wp\/v2\/pwb-brand?post=38638"},{"taxonomy":"product_brand","embeddable":true,"href":"https:\/\/somllavors.com\/es\/wp-json\/wp\/v2\/product_brand?post=38638"},{"taxonomy":"product_cat","embeddable":true,"href":"https:\/\/somllavors.com\/es\/wp-json\/wp\/v2\/product_cat?post=38638"},{"taxonomy":"product_tag","embeddable":true,"href":"https:\/\/somllavors.com\/es\/wp-json\/wp\/v2\/product_tag?post=38638"}],"curies":[{"name":"wp","href":"https:\/\/api.w.org\/{rel}","templated":true}]}}