{"id":38878,"date":"2023-05-16T19:15:01","date_gmt":"2023-05-16T17:15:01","guid":{"rendered":"https:\/\/somllavors.com\/?post_type=product&#038;p=38878"},"modified":"2023-12-08T23:51:15","modified_gmt":"2023-12-08T22:51:15","slug":"piramide-mossegador-de-silicona-stacker-teether-terros-jellystone","status":"publish","type":"product","link":"https:\/\/somllavors.com\/es\/producte\/piramide-mossegador-de-silicona-stacker-teether-terros-jellystone","title":{"rendered":"Pir\u00e0mide mossegador de silicona Earth &#8211; Jellystone"},"content":{"rendered":"<div class=\"fichapro-cont\">\n<div class=\"description\">\n<p>\u00a1El juguete mordedor multiusos definitivo!, ya que tu hijo descubrir\u00e1 r\u00e1pidamente c\u00f3mo los anillos apilables son los mejores mordedores relajantes.<br \/>\nA los beb\u00e9s les encanta morder los anillos de silicona y los ni\u00f1os mayores crecen practicando su coordinaci\u00f3n mano-ojo apilando los anillos, Usando el pensamiento creativo y las habilidades de resoluci\u00f3n de problemas para volver a armar la torre.<br \/>\nEs un art\u00edculo esencial para la caja de juguetes de cada ni\u00f1o. Es un divertido y educativo juguete.<br \/>\nDimensiones: 8,5 cm de ancho x 9 cm de alto.<br \/>\nPuede limpiarse con un esterilizador, colocarse en un lavavajillas o lavarse con agua tibia y jab\u00f3n. Apto para congelador y apto para lavavajillas.<br \/>\nHecho con silicona, material no t\u00f3xico, sin BPA.<br \/>\nHecho de 5 mordedores de silicona que se apilan para formar una torre.<br \/>\nFomenta las habilidades motoras finas, coordinaci\u00f3n ojo-mano, diferentes texturas.<br \/>\nJuguete para todas las edades (0+ a\u00f1os). Recurso Montessori<\/p>\n<\/div>\n<\/div>\n","protected":false},"excerpt":{"rendered":"<ul>\n<li>Color terr\u00f3s<\/li>\n<\/ul>\n<p>&nbsp;<\/p>\n<p>&nbsp;<\/p>\n","protected":false},"featured_media":38867,"template":"","meta":{"_acf_changed":false,"site-sidebar-layout":"default","site-content-layout":"default","ast-site-content-layout":"default","site-content-style":"default","site-sidebar-style":"default","ast-global-header-display":"","ast-banner-title-visibility":"","ast-main-header-display":"","ast-hfb-above-header-display":"","ast-hfb-below-header-display":"","ast-hfb-mobile-header-display":"","site-post-title":"","ast-breadcrumbs-content":"","ast-featured-img":"","footer-sml-layout":"","ast-disable-related-posts":"","theme-transparent-header-meta":"default","adv-header-id-meta":"","stick-header-meta":"","header-above-stick-meta":"","header-main-stick-meta":"","header-below-stick-meta":"","astra-migrate-meta-layouts":"default","ast-page-background-enabled":"default","ast-page-background-meta":{"desktop":{"background-color":"","background-image":"","background-repeat":"repeat","background-position":"center center","background-size":"auto","background-attachment":"scroll","background-type":"","background-media":"","overlay-type":"","overlay-color":"","overlay-opacity":"","overlay-gradient":""},"tablet":{"background-color":"","background-image":"","background-repeat":"repeat","background-position":"center center","background-size":"auto","background-attachment":"scroll","background-type":"","background-media":"","overlay-type":"","overlay-color":"","overlay-opacity":"","overlay-gradient":""},"mobile":{"background-color":"","background-image":"","background-repeat":"repeat","background-position":"center center","background-size":"auto","background-attachment":"scroll","background-type":"","background-media":"","overlay-type":"","overlay-color":"","overlay-opacity":"","overlay-gradient":""}},"ast-content-background-meta":{"desktop":{"background-color":"var(--ast-global-color-5)","background-image":"","background-repeat":"repeat","background-position":"center center","background-size":"auto","background-attachment":"scroll","background-type":"","background-media":"","overlay-type":"","overlay-color":"","overlay-opacity":"","overlay-gradient":""},"tablet":{"background-color":"var(--ast-global-color-5)","background-image":"","background-repeat":"repeat","background-position":"center center","background-size":"auto","background-attachment":"scroll","background-type":"","background-media":"","overlay-type":"","overlay-color":"","overlay-opacity":"","overlay-gradient":""},"mobile":{"background-color":"var(--ast-global-color-5)","background-image":"","background-repeat":"repeat","background-position":"center center","background-size":"auto","background-attachment":"scroll","background-type":"","background-media":"","overlay-type":"","overlay-color":"","overlay-opacity":"","overlay-gradient":""}}},"pwb-brand":[4107],"product_brand":[],"product_cat":[3369,3367,3368,3371,3370,3558,4521,3555,3539,3548,3554,3560],"product_tag":[4538,4541,4543,4539,4542,2286,2117,4540],"class_list":{"0":"post-38878","1":"product","2":"type-product","3":"status-publish","4":"has-post-thumbnail","6":"pwb-brand-jellystone","7":"product_cat-12-meses","8":"product_cat-18-meses","9":"product_cat-2-anos","10":"product_cat-3-meses","11":"product_cat-6-meses","12":"product_cat-0-meses","13":"product_cat-10-20e-es","14":"product_cat-cesta-de-los-tesoros","15":"product_cat-encajables-apilables-equilibrio-y-construcciones","16":"product_cat-juegos-sensoriales","17":"product_cat-mordedores-y-portachupetes","18":"product_cat-primeros-juguetes","19":"product_tag-apilable-es","20":"product_tag-apilable-silicona-es","21":"product_tag-joguines-per-nadons-es","22":"product_tag-juguete-es","23":"product_tag-juguetes-para-bebes-es","24":"product_tag-montessori-es","25":"product_tag-mordedor-es","26":"product_tag-mordedor-silicona-es","27":"desktop-align-left","28":"tablet-align-left","29":"mobile-align-left","31":"first","32":"outofstock","33":"taxable","34":"shipping-taxable","35":"purchasable","36":"product-type-simple"},"acf":[],"yoast_head":"<!-- This site is optimized with the Yoast SEO Premium plugin v18.3 (Yoast SEO v27.4) - https:\/\/yoast.com\/product\/yoast-seo-premium-wordpress\/ -->\n<title>Pir\u00e0mide mossegador de silicona Earth - Jellystone &#8212; Som Llavors<\/title>\n<meta name=\"description\" content=\"\u00a1El juguete mordedor multiusos fant\u00e1stica! El ni\u00f1o descubrir\u00e1 r\u00e1pidamente c\u00f3mo los anillos apilables son los mejores mordedores relajantes.\" \/>\n<meta name=\"robots\" content=\"index, follow, max-snippet:-1, max-image-preview:large, max-video-preview:-1\" \/>\n<link rel=\"canonical\" href=\"https:\/\/somllavors.com\/es\/producte\/piramide-mossegador-de-silicona-stacker-teether-terros-jellystone\" \/>\n<meta property=\"og:locale\" content=\"es_ES\" \/>\n<meta property=\"og:type\" content=\"article\" \/>\n<meta property=\"og:title\" content=\"Pir\u00e0mide mossegador de silicona Earth - Jellystone\" \/>\n<meta property=\"og:description\" content=\"La teva botiga d\u2019ecocrian\u00e7a i espai d\u2019acompanyament a la maternitat\" \/>\n<meta property=\"og:url\" content=\"https:\/\/somllavors.com\/es\/producte\/piramide-mossegador-de-silicona-stacker-teether-terros-jellystone\" \/>\n<meta property=\"og:site_name\" content=\"Som Llavors\" \/>\n<meta property=\"article:publisher\" content=\"https:\/\/www.facebook.com\/somllavorsvng\/?locale=ca_ES\" \/>\n<meta property=\"article:modified_time\" content=\"2023-12-08T22:51:15+00:00\" \/>\n<meta property=\"og:image\" content=\"https:\/\/somllavors.com\/wp-content\/uploads\/2023\/05\/Som-Llavors-jlst-piramide-mordedor-stacker-teether-9.jpg\" \/>\n\t<meta property=\"og:image:width\" content=\"1000\" \/>\n\t<meta property=\"og:image:height\" content=\"1000\" \/>\n\t<meta property=\"og:image:type\" content=\"image\/jpeg\" \/>\n<meta name=\"twitter:card\" content=\"summary_large_image\" \/>\n<meta name=\"twitter:label1\" content=\"Precio\" \/>\n\t<meta name=\"twitter:data1\" content=\"17,95&euro; Iva incl\u00f2s\" \/>\n\t<meta name=\"twitter:label2\" content=\"Availability\" \/>\n\t<meta name=\"twitter:data2\" content=\"Out of stock\" \/>\n<script type=\"application\/ld+json\" class=\"yoast-schema-graph\">{\"@context\":\"https:\\\/\\\/schema.org\",\"@graph\":[{\"@type\":\"WebPage\",\"@id\":\"https:\\\/\\\/somllavors.com\\\/es\\\/producte\\\/piramide-mossegador-de-silicona-stacker-teether-terros-jellystone\",\"url\":\"https:\\\/\\\/somllavors.com\\\/es\\\/producte\\\/piramide-mossegador-de-silicona-stacker-teether-terros-jellystone\",\"name\":\"Pir\u00e0mide mossegador de silicona Earth - Jellystone &#8212; Som Llavors\",\"isPartOf\":{\"@id\":\"https:\\\/\\\/somllavors.com\\\/es#website\"},\"primaryImageOfPage\":{\"@id\":\"https:\\\/\\\/somllavors.com\\\/es\\\/producte\\\/piramide-mossegador-de-silicona-stacker-teether-terros-jellystone#primaryimage\"},\"image\":{\"@id\":\"https:\\\/\\\/somllavors.com\\\/es\\\/producte\\\/piramide-mossegador-de-silicona-stacker-teether-terros-jellystone#primaryimage\"},\"thumbnailUrl\":\"https:\\\/\\\/somllavors.com\\\/wp-content\\\/uploads\\\/2023\\\/05\\\/Som-Llavors-jlst-piramide-mordedor-stacker-teether-9.jpg\",\"datePublished\":\"2023-05-16T17:15:01+00:00\",\"dateModified\":\"2023-12-08T22:51:15+00:00\",\"description\":\"\u00a1El juguete mordedor multiusos fant\u00e1stica! El ni\u00f1o descubrir\u00e1 r\u00e1pidamente c\u00f3mo los anillos apilables son los mejores mordedores relajantes.\",\"breadcrumb\":{\"@id\":\"https:\\\/\\\/somllavors.com\\\/es\\\/producte\\\/piramide-mossegador-de-silicona-stacker-teether-terros-jellystone#breadcrumb\"},\"inLanguage\":\"es\",\"potentialAction\":[{\"@type\":\"ReadAction\",\"target\":[\"https:\\\/\\\/somllavors.com\\\/es\\\/producte\\\/piramide-mossegador-de-silicona-stacker-teether-terros-jellystone\"]}]},{\"@type\":\"ImageObject\",\"inLanguage\":\"es\",\"@id\":\"https:\\\/\\\/somllavors.com\\\/es\\\/producte\\\/piramide-mossegador-de-silicona-stacker-teether-terros-jellystone#primaryimage\",\"url\":\"https:\\\/\\\/somllavors.com\\\/wp-content\\\/uploads\\\/2023\\\/05\\\/Som-Llavors-jlst-piramide-mordedor-stacker-teether-9.jpg\",\"contentUrl\":\"https:\\\/\\\/somllavors.com\\\/wp-content\\\/uploads\\\/2023\\\/05\\\/Som-Llavors-jlst-piramide-mordedor-stacker-teether-9.jpg\",\"width\":1000,\"height\":1000,\"caption\":\"mordedor de silicona\"},{\"@type\":\"BreadcrumbList\",\"@id\":\"https:\\\/\\\/somllavors.com\\\/es\\\/producte\\\/piramide-mossegador-de-silicona-stacker-teether-terros-jellystone#breadcrumb\",\"itemListElement\":[{\"@type\":\"ListItem\",\"position\":1,\"name\":\"Inici\",\"item\":\"https:\\\/\\\/somllavors.com\\\/es\"},{\"@type\":\"ListItem\",\"position\":2,\"name\":\"Tienda\",\"item\":\"https:\\\/\\\/somllavors.com\\\/es\\\/botiga-2\"},{\"@type\":\"ListItem\",\"position\":3,\"name\":\"Pir\u00e0mide mossegador de silicona Earth &#8211; Jellystone\"}]},{\"@type\":\"WebSite\",\"@id\":\"https:\\\/\\\/somllavors.com\\\/es#website\",\"url\":\"https:\\\/\\\/somllavors.com\\\/es\",\"name\":\"Som Llavors\",\"description\":\"Botiga de crian\u00e7a natural\",\"publisher\":{\"@id\":\"https:\\\/\\\/somllavors.com\\\/es#organization\"},\"alternateName\":\"Crian\u00e7a Natural i Sostenible\",\"potentialAction\":[{\"@type\":\"SearchAction\",\"target\":{\"@type\":\"EntryPoint\",\"urlTemplate\":\"https:\\\/\\\/somllavors.com\\\/es?s={search_term_string}\"},\"query-input\":{\"@type\":\"PropertyValueSpecification\",\"valueRequired\":true,\"valueName\":\"search_term_string\"}}],\"inLanguage\":\"es\"},{\"@type\":[\"Organization\",\"Place\",\"Store\"],\"@id\":\"https:\\\/\\\/somllavors.com\\\/es#organization\",\"name\":\"Som Llavors\",\"alternateName\":\"Crian\u00e7a Natural i Sostenible\",\"url\":\"https:\\\/\\\/somllavors.com\\\/es\",\"logo\":{\"@id\":\"https:\\\/\\\/somllavors.com\\\/es\\\/producte\\\/piramide-mossegador-de-silicona-stacker-teether-terros-jellystone#local-main-organization-logo\"},\"image\":{\"@id\":\"https:\\\/\\\/somllavors.com\\\/es\\\/producte\\\/piramide-mossegador-de-silicona-stacker-teether-terros-jellystone#local-main-organization-logo\"},\"sameAs\":[\"https:\\\/\\\/www.facebook.com\\\/somllavorsvng\\\/?locale=ca_ES\",\"https:\\\/\\\/www.instagram.com\\\/somllavors_vng\\\/\",\"https:\\\/\\\/www.youtube.com\\\/@somllavors\"],\"address\":{\"@id\":\"https:\\\/\\\/somllavors.com\\\/es\\\/producte\\\/piramide-mossegador-de-silicona-stacker-teether-terros-jellystone#local-main-place-address\"},\"geo\":{\"@type\":\"GeoCoordinates\",\"latitude\":\"41.2257737\",\"longitude\":\"1.723258859\"},\"telephone\":[\"623152704\"],\"openingHoursSpecification\":[{\"@type\":\"OpeningHoursSpecification\",\"dayOfWeek\":[\"Monday\",\"Sunday\"],\"opens\":\"00:00\",\"closes\":\"00:00\"},{\"@type\":\"OpeningHoursSpecification\",\"dayOfWeek\":[\"Tuesday\",\"Wednesday\",\"Thursday\",\"Friday\"],\"opens\":\"10:00\",\"closes\":\"20:00\"},{\"@type\":\"OpeningHoursSpecification\",\"dayOfWeek\":[\"Saturday\"],\"opens\":\"10:00\",\"closes\":\"13:30\"}],\"email\":\"info@somllavors.com\"},{\"@type\":\"PostalAddress\",\"@id\":\"https:\\\/\\\/somllavors.com\\\/es\\\/producte\\\/piramide-mossegador-de-silicona-stacker-teether-terros-jellystone#local-main-place-address\",\"streetAddress\":\"Carrer de l'aigua, 6\",\"addressLocality\":\"Vilanova i la Geltr\u00fa\",\"postalCode\":\"08800\",\"addressRegion\":\"Barcelona\",\"addressCountry\":\"ES\"},{\"@type\":\"ImageObject\",\"inLanguage\":\"es\",\"@id\":\"https:\\\/\\\/somllavors.com\\\/es\\\/producte\\\/piramide-mossegador-de-silicona-stacker-teether-terros-jellystone#local-main-organization-logo\",\"url\":\"https:\\\/\\\/somllavors.com\\\/wp-content\\\/uploads\\\/Logotip-Som-Llavors.jpg\",\"contentUrl\":\"https:\\\/\\\/somllavors.com\\\/wp-content\\\/uploads\\\/Logotip-Som-Llavors.jpg\",\"width\":1444,\"height\":1323,\"caption\":\"Som Llavors\"}]}<\/script>\n<meta property=\"product:price:amount\" content=\"17.95\" \/>\n<meta property=\"product:price:currency\" content=\"EUR\" \/>\n<meta property=\"og:availability\" content=\"out of stock\" \/>\n<meta property=\"product:availability\" content=\"out of stock\" \/>\n<meta property=\"product:retailer_item_id\" content=\"STE1122\" \/>\n<meta property=\"product:condition\" content=\"new\" \/>\n<meta name=\"geo.placename\" content=\"Vilanova i la Geltr\u00fa\" \/>\n<meta name=\"geo.position\" content=\"41.2257737;1.723258859\" \/>\n<meta name=\"geo.region\" content=\"Espa\u00f1a\" \/>\n<!-- \/ Yoast SEO Premium plugin. -->","yoast_head_json":{"title":"Pir\u00e0mide mossegador de silicona Earth - Jellystone &#8212; Som Llavors","description":"\u00a1El juguete mordedor multiusos fant\u00e1stica! El ni\u00f1o descubrir\u00e1 r\u00e1pidamente c\u00f3mo los anillos apilables son los mejores mordedores relajantes.","robots":{"index":"index","follow":"follow","max-snippet":"max-snippet:-1","max-image-preview":"max-image-preview:large","max-video-preview":"max-video-preview:-1"},"canonical":"https:\/\/somllavors.com\/es\/producte\/piramide-mossegador-de-silicona-stacker-teether-terros-jellystone","og_locale":"es_ES","og_type":"article","og_title":"Pir\u00e0mide mossegador de silicona Earth - Jellystone","og_description":"La teva botiga d\u2019ecocrian\u00e7a i espai d\u2019acompanyament a la maternitat","og_url":"https:\/\/somllavors.com\/es\/producte\/piramide-mossegador-de-silicona-stacker-teether-terros-jellystone","og_site_name":"Som Llavors","article_publisher":"https:\/\/www.facebook.com\/somllavorsvng\/?locale=ca_ES","article_modified_time":"2023-12-08T22:51:15+00:00","og_image":[{"width":1000,"height":1000,"url":"https:\/\/somllavors.com\/wp-content\/uploads\/2023\/05\/Som-Llavors-jlst-piramide-mordedor-stacker-teether-9.jpg","type":"image\/jpeg"}],"twitter_card":"summary_large_image","twitter_misc":{"Precio":"17,95&euro; Iva incl\u00f2s","Availability":"Out of stock"},"schema":{"@context":"https:\/\/schema.org","@graph":[{"@type":"WebPage","@id":"https:\/\/somllavors.com\/es\/producte\/piramide-mossegador-de-silicona-stacker-teether-terros-jellystone","url":"https:\/\/somllavors.com\/es\/producte\/piramide-mossegador-de-silicona-stacker-teether-terros-jellystone","name":"Pir\u00e0mide mossegador de silicona Earth - Jellystone &#8212; Som Llavors","isPartOf":{"@id":"https:\/\/somllavors.com\/es#website"},"primaryImageOfPage":{"@id":"https:\/\/somllavors.com\/es\/producte\/piramide-mossegador-de-silicona-stacker-teether-terros-jellystone#primaryimage"},"image":{"@id":"https:\/\/somllavors.com\/es\/producte\/piramide-mossegador-de-silicona-stacker-teether-terros-jellystone#primaryimage"},"thumbnailUrl":"https:\/\/somllavors.com\/wp-content\/uploads\/2023\/05\/Som-Llavors-jlst-piramide-mordedor-stacker-teether-9.jpg","datePublished":"2023-05-16T17:15:01+00:00","dateModified":"2023-12-08T22:51:15+00:00","description":"\u00a1El juguete mordedor multiusos fant\u00e1stica! El ni\u00f1o descubrir\u00e1 r\u00e1pidamente c\u00f3mo los anillos apilables son los mejores mordedores relajantes.","breadcrumb":{"@id":"https:\/\/somllavors.com\/es\/producte\/piramide-mossegador-de-silicona-stacker-teether-terros-jellystone#breadcrumb"},"inLanguage":"es","potentialAction":[{"@type":"ReadAction","target":["https:\/\/somllavors.com\/es\/producte\/piramide-mossegador-de-silicona-stacker-teether-terros-jellystone"]}]},{"@type":"ImageObject","inLanguage":"es","@id":"https:\/\/somllavors.com\/es\/producte\/piramide-mossegador-de-silicona-stacker-teether-terros-jellystone#primaryimage","url":"https:\/\/somllavors.com\/wp-content\/uploads\/2023\/05\/Som-Llavors-jlst-piramide-mordedor-stacker-teether-9.jpg","contentUrl":"https:\/\/somllavors.com\/wp-content\/uploads\/2023\/05\/Som-Llavors-jlst-piramide-mordedor-stacker-teether-9.jpg","width":1000,"height":1000,"caption":"mordedor de silicona"},{"@type":"BreadcrumbList","@id":"https:\/\/somllavors.com\/es\/producte\/piramide-mossegador-de-silicona-stacker-teether-terros-jellystone#breadcrumb","itemListElement":[{"@type":"ListItem","position":1,"name":"Inici","item":"https:\/\/somllavors.com\/es"},{"@type":"ListItem","position":2,"name":"Tienda","item":"https:\/\/somllavors.com\/es\/botiga-2"},{"@type":"ListItem","position":3,"name":"Pir\u00e0mide mossegador de silicona Earth &#8211; Jellystone"}]},{"@type":"WebSite","@id":"https:\/\/somllavors.com\/es#website","url":"https:\/\/somllavors.com\/es","name":"Som Llavors","description":"Botiga de crian\u00e7a natural","publisher":{"@id":"https:\/\/somllavors.com\/es#organization"},"alternateName":"Crian\u00e7a Natural i Sostenible","potentialAction":[{"@type":"SearchAction","target":{"@type":"EntryPoint","urlTemplate":"https:\/\/somllavors.com\/es?s={search_term_string}"},"query-input":{"@type":"PropertyValueSpecification","valueRequired":true,"valueName":"search_term_string"}}],"inLanguage":"es"},{"@type":["Organization","Place","Store"],"@id":"https:\/\/somllavors.com\/es#organization","name":"Som Llavors","alternateName":"Crian\u00e7a Natural i Sostenible","url":"https:\/\/somllavors.com\/es","logo":{"@id":"https:\/\/somllavors.com\/es\/producte\/piramide-mossegador-de-silicona-stacker-teether-terros-jellystone#local-main-organization-logo"},"image":{"@id":"https:\/\/somllavors.com\/es\/producte\/piramide-mossegador-de-silicona-stacker-teether-terros-jellystone#local-main-organization-logo"},"sameAs":["https:\/\/www.facebook.com\/somllavorsvng\/?locale=ca_ES","https:\/\/www.instagram.com\/somllavors_vng\/","https:\/\/www.youtube.com\/@somllavors"],"address":{"@id":"https:\/\/somllavors.com\/es\/producte\/piramide-mossegador-de-silicona-stacker-teether-terros-jellystone#local-main-place-address"},"geo":{"@type":"GeoCoordinates","latitude":"41.2257737","longitude":"1.723258859"},"telephone":["623152704","623152704"],"openingHoursSpecification":[{"@type":"OpeningHoursSpecification","dayOfWeek":["Monday","Sunday"],"opens":"00:00","closes":"00:00"},{"@type":"OpeningHoursSpecification","dayOfWeek":["Tuesday","Wednesday","Thursday","Friday"],"opens":"10:00","closes":"20:00"},{"@type":"OpeningHoursSpecification","dayOfWeek":["Saturday"],"opens":"10:00","closes":"13:30"}],"email":"info@somllavors.com"},{"@type":"PostalAddress","@id":"https:\/\/somllavors.com\/es\/producte\/piramide-mossegador-de-silicona-stacker-teether-terros-jellystone#local-main-place-address","streetAddress":"Carrer de l'aigua, 6","addressLocality":"Vilanova i la Geltr\u00fa","postalCode":"08800","addressRegion":"Barcelona","addressCountry":"ES"},{"@type":"ImageObject","inLanguage":"es","@id":"https:\/\/somllavors.com\/es\/producte\/piramide-mossegador-de-silicona-stacker-teether-terros-jellystone#local-main-organization-logo","url":"https:\/\/somllavors.com\/wp-content\/uploads\/Logotip-Som-Llavors.jpg","contentUrl":"https:\/\/somllavors.com\/wp-content\/uploads\/Logotip-Som-Llavors.jpg","width":1444,"height":1323,"caption":"Som Llavors"}]},"product_price_amount":"17.95","product_price_currency":"EUR","og_availability":"out of stock","product_availability":"out of stock","product_retailer_item_id":"STE1122","product_condition":"new","geo.placename":"Vilanova i la Geltr\u00fa","geo.position":{"lat":"41.2257737","long":"1.723258859"},"geo.region":"Espa\u00f1a"},"brands":[{"id":4107,"name":"Jellystone","slug":"jellystone"}],"_links":{"self":[{"href":"https:\/\/somllavors.com\/es\/wp-json\/wp\/v2\/product\/38878","targetHints":{"allow":["GET"]}}],"collection":[{"href":"https:\/\/somllavors.com\/es\/wp-json\/wp\/v2\/product"}],"about":[{"href":"https:\/\/somllavors.com\/es\/wp-json\/wp\/v2\/types\/product"}],"wp:featuredmedia":[{"embeddable":true,"href":"https:\/\/somllavors.com\/es\/wp-json\/wp\/v2\/media\/38867"}],"wp:attachment":[{"href":"https:\/\/somllavors.com\/es\/wp-json\/wp\/v2\/media?parent=38878"}],"wp:term":[{"taxonomy":"pwb-brand","embeddable":true,"href":"https:\/\/somllavors.com\/es\/wp-json\/wp\/v2\/pwb-brand?post=38878"},{"taxonomy":"product_brand","embeddable":true,"href":"https:\/\/somllavors.com\/es\/wp-json\/wp\/v2\/product_brand?post=38878"},{"taxonomy":"product_cat","embeddable":true,"href":"https:\/\/somllavors.com\/es\/wp-json\/wp\/v2\/product_cat?post=38878"},{"taxonomy":"product_tag","embeddable":true,"href":"https:\/\/somllavors.com\/es\/wp-json\/wp\/v2\/product_tag?post=38878"}],"curies":[{"name":"wp","href":"https:\/\/api.w.org\/{rel}","templated":true}]}}