{"id":39286,"date":"2023-05-22T23:38:39","date_gmt":"2023-05-22T21:38:39","guid":{"rendered":"https:\/\/somllavors.com\/?post_type=product&#038;p=39286"},"modified":"2026-03-21T20:59:50","modified_gmt":"2026-03-21T19:59:50","slug":"ampolla-unicorn-500-ml-trixie","status":"publish","type":"product","link":"https:\/\/somllavors.com\/es\/producte\/ampolla-unicorn-500-ml-trixie","title":{"rendered":"Ampolla Unicorn 500 ml. &#8211; Trixie"},"content":{"rendered":"<ul>\n<li>Nom\u00e9s s\u00f3n beneficis:<\/li>\n<li style=\"list-style-type: none;\">\n<ul>\n<li>L&#8217;ampolla est\u00e0 feta d&#8217;acer inoxidable, per la qual cosa \u00e9s l&#8217;alternativa perfecta i sostenible a les ampolles de pl\u00e0stic d&#8217;un sol \u00fas.<\/li>\n<li>El material \u00e9s lleuger, altament resistent a qualsevol impacte i no allibera subst\u00e0ncies t\u00f2xiques a l&#8217;aigua.<\/li>\n<li>L&#8217;ampolla \u00e9s f\u00e0cil de netejar, per la simplicitat en el disseny.<\/li>\n<li>Utilitzeu un raspall per ampolles, aigua t\u00e8bia amb detergent o simplement poseu l&#8217;ampolla al rentaplats!<\/li>\n<li>Les ampolles s\u00f3n completament a prova de fugues.<\/li>\n<li>La tapa pr\u00e0ctica est\u00e0 dissenyada perqu\u00e8 les mans petites la puguin obrir i tancar f\u00e0cilment.<\/li>\n<li>Cada ampolla est\u00e0 equipada amb una corda amb la qu\u00e8 pots transportar-la f\u00e0cilment o penjar-la en una motxilla.<\/li>\n<li>Cada animal est\u00e0 disponible en 2 mides.<\/li>\n<li>L&#8217;ampolla petita t\u00e9 un volum de 350ml, la gran de 500ml. Ambdues ampolles tenen un disseny fi perqu\u00e8 s&#8217;adapti b\u00e9 a les mans dels infants i es pugui guardar f\u00e0cilment a la motxilla o a la motxilla escolar.<\/li>\n<li>L&#8217;ampolla ve amb una tapa.<\/li>\n<\/ul>\n<\/li>\n<\/ul>\n<ul>\n<li>Materials: Ampolla: 100% acer inoxidable &#8211; tapa: 100% PP &#8211; corda: 100% PES<\/li>\n<li>Dimensions: 20 cm llargada\u00a0 x 5 cm d&#8217;amplada\n<div class=\"py-0 py-lg-0 item_swift_2columns_8-4\">\n<div class=\"container-xl\">\n<div class=\"grid grid-1 grid-lg-3 gap-lg-5\">\n<div class=\"g-col \" data-col-size=\"4\">\n<div class=\"h-100 p-2 p-md-3 theme variant-product-detail-page\">\n<div class=\"d-flex flex-column gap-3 js-product\"><\/div>\n<\/div>\n<\/div>\n<\/div>\n<\/div>\n<\/div>\n<div class=\"py-3 py-lg-3 item_swift_1columnfull\">\n<div class=\"container-xl\">\n<div class=\"grid grid-1\">\n<div class=\"g-col-12\" data-col-size=\"12\">\n<form id=\"RelatedProductsForm_34029\" class=\"item_swift_relatedproducts\" action=\"https:\/\/www.trixie-baby.com\/Default.aspx?ID=3493&amp;LayoutTemplate=Designs\/Swift\/Swift_PageClean.cshtml\" method=\"post\" data-response-target-element=\"RelatedProducts_34029_RELGRP5\" data-preloader=\"inline\" data-update-url=\"false\"><\/form>\n<div class=\"grid w-100 h-100\">\n<div id=\"RelatedProducts_34029_RELGRP3\" class=\"g-col-12 h-100\">\n<div class=\"item_swift_app\">\n<div class=\"grid gap-0 h-100 \"><\/div>\n<\/div>\n<\/div>\n<\/div>\n<\/div>\n<\/div>\n<\/div>\n<\/div>\n<\/li>\n<\/ul>\n","protected":false},"excerpt":{"rendered":"<p>Aquestes ampolles tan divertides s\u00f3n imprescindibles quan surts amb infants. Amb una selecci\u00f3 d&#8217;animals alegres diferents, cada infant trobar\u00e0 el seu company preferit per sortir!<\/p>\n","protected":false},"featured_media":39094,"template":"","meta":{"_acf_changed":false,"site-sidebar-layout":"default","site-content-layout":"default","ast-site-content-layout":"default","site-content-style":"default","site-sidebar-style":"default","ast-global-header-display":"","ast-banner-title-visibility":"","ast-main-header-display":"","ast-hfb-above-header-display":"","ast-hfb-below-header-display":"","ast-hfb-mobile-header-display":"","site-post-title":"","ast-breadcrumbs-content":"","ast-featured-img":"","footer-sml-layout":"","theme-transparent-header-meta":"default","adv-header-id-meta":"","stick-header-meta":"","header-above-stick-meta":"","header-main-stick-meta":"","header-below-stick-meta":"","astra-migrate-meta-layouts":"set","ast-page-background-enabled":"default","ast-page-background-meta":{"desktop":{"background-color":"","background-image":"","background-repeat":"repeat","background-position":"center center","background-size":"auto","background-attachment":"scroll","background-type":"","background-media":"","overlay-type":"","overlay-color":"","overlay-opacity":"","overlay-gradient":""},"tablet":{"background-color":"","background-image":"","background-repeat":"repeat","background-position":"center center","background-size":"auto","background-attachment":"scroll","background-type":"","background-media":"","overlay-type":"","overlay-color":"","overlay-opacity":"","overlay-gradient":""},"mobile":{"background-color":"","background-image":"","background-repeat":"repeat","background-position":"center center","background-size":"auto","background-attachment":"scroll","background-type":"","background-media":"","overlay-type":"","overlay-color":"","overlay-opacity":"","overlay-gradient":""}},"ast-content-background-meta":{"desktop":{"background-color":"var(--ast-global-color-5)","background-image":"","background-repeat":"repeat","background-position":"center center","background-size":"auto","background-attachment":"scroll","background-type":"","background-media":"","overlay-type":"","overlay-color":"","overlay-opacity":"","overlay-gradient":""},"tablet":{"background-color":"var(--ast-global-color-5)","background-image":"","background-repeat":"repeat","background-position":"center center","background-size":"auto","background-attachment":"scroll","background-type":"","background-media":"","overlay-type":"","overlay-color":"","overlay-opacity":"","overlay-gradient":""},"mobile":{"background-color":"var(--ast-global-color-5)","background-image":"","background-repeat":"repeat","background-position":"center center","background-size":"auto","background-attachment":"scroll","background-type":"","background-media":"","overlay-type":"","overlay-color":"","overlay-opacity":"","overlay-gradient":""}}},"pwb-brand":[4098],"product_brand":[],"product_cat":[769,2178],"product_tag":[1828,2319,3313],"class_list":{"0":"post-39286","1":"product","2":"type-product","3":"status-publish","4":"has-post-thumbnail","6":"pwb-brand-trixie","7":"product_cat-ampolles","8":"product_cat-tornada-a-lescola","9":"product_tag-acero-inoxidable","10":"product_tag-botellas","11":"product_tag-trixie","12":"desktop-align-left","13":"tablet-align-left","14":"mobile-align-left","16":"first","17":"outofstock","18":"taxable","19":"shipping-taxable","20":"purchasable","21":"product-type-simple"},"acf":[],"yoast_head":"<!-- This site is optimized with the Yoast SEO Premium plugin v18.3 (Yoast SEO v27.4) - https:\/\/yoast.com\/product\/yoast-seo-premium-wordpress\/ -->\n<title>Ampolla Unicorn 500 ml. - Trixie &#8212; Som Llavors<\/title>\n<meta name=\"description\" content=\"Aquestes ampolles tan divertides s\u00f3n imprescindibles quan surts amb infants. Amb una selecci\u00f3 d&#039;animals alegres diferents, cada infant trobar\u00e0 el seu company preferit per sortir!\" \/>\n<meta name=\"robots\" content=\"index, follow, max-snippet:-1, max-image-preview:large, max-video-preview:-1\" \/>\n<link rel=\"canonical\" href=\"https:\/\/somllavors.com\/es\/producte\/ampolla-unicorn-500-ml-trixie\" \/>\n<meta property=\"og:locale\" content=\"es_ES\" \/>\n<meta property=\"og:type\" content=\"article\" \/>\n<meta property=\"og:title\" content=\"Ampolla Unicorn 500 ml. - Trixie\" \/>\n<meta property=\"og:description\" content=\"La teva botiga d\u2019ecocrian\u00e7a i espai d\u2019acompanyament a la maternitat\" \/>\n<meta property=\"og:url\" content=\"https:\/\/somllavors.com\/es\/producte\/ampolla-unicorn-500-ml-trixie\" \/>\n<meta property=\"og:site_name\" content=\"Som Llavors\" \/>\n<meta property=\"article:publisher\" content=\"https:\/\/www.facebook.com\/somllavorsvng\/?locale=ca_ES\" \/>\n<meta property=\"article:modified_time\" content=\"2026-03-21T19:59:50+00:00\" \/>\n<meta property=\"og:image\" content=\"https:\/\/somllavors.com\/wp-content\/uploads\/2023\/05\/Som-Llavors-Botella-de-beber-500ml-Trixie-40.jpeg\" \/>\n\t<meta property=\"og:image:width\" content=\"900\" \/>\n\t<meta property=\"og:image:height\" content=\"900\" \/>\n\t<meta property=\"og:image:type\" content=\"image\/jpeg\" \/>\n<meta name=\"twitter:card\" content=\"summary_large_image\" \/>\n<meta name=\"twitter:label1\" content=\"Precio\" \/>\n\t<meta name=\"twitter:data1\" content=\"26,95&euro; Iva incl\u00f2s\" \/>\n\t<meta name=\"twitter:label2\" content=\"Availability\" \/>\n\t<meta name=\"twitter:data2\" content=\"Out of stock\" \/>\n<script type=\"application\/ld+json\" class=\"yoast-schema-graph\">{\"@context\":\"https:\\\/\\\/schema.org\",\"@graph\":[{\"@type\":\"WebPage\",\"@id\":\"https:\\\/\\\/somllavors.com\\\/es\\\/producte\\\/ampolla-unicorn-500-ml-trixie\",\"url\":\"https:\\\/\\\/somllavors.com\\\/es\\\/producte\\\/ampolla-unicorn-500-ml-trixie\",\"name\":\"Ampolla Unicorn 500 ml. - Trixie &#8212; Som Llavors\",\"isPartOf\":{\"@id\":\"https:\\\/\\\/somllavors.com\\\/es#website\"},\"primaryImageOfPage\":{\"@id\":\"https:\\\/\\\/somllavors.com\\\/es\\\/producte\\\/ampolla-unicorn-500-ml-trixie#primaryimage\"},\"image\":{\"@id\":\"https:\\\/\\\/somllavors.com\\\/es\\\/producte\\\/ampolla-unicorn-500-ml-trixie#primaryimage\"},\"thumbnailUrl\":\"https:\\\/\\\/somllavors.com\\\/wp-content\\\/uploads\\\/2023\\\/05\\\/Som-Llavors-Botella-de-beber-500ml-Trixie-40.jpeg\",\"datePublished\":\"2023-05-22T21:38:39+00:00\",\"dateModified\":\"2026-03-21T19:59:50+00:00\",\"description\":\"Aquestes ampolles tan divertides s\u00f3n imprescindibles quan surts amb infants. Amb una selecci\u00f3 d'animals alegres diferents, cada infant trobar\u00e0 el seu company preferit per sortir!\",\"breadcrumb\":{\"@id\":\"https:\\\/\\\/somllavors.com\\\/es\\\/producte\\\/ampolla-unicorn-500-ml-trixie#breadcrumb\"},\"inLanguage\":\"es\",\"potentialAction\":[{\"@type\":\"ReadAction\",\"target\":[\"https:\\\/\\\/somllavors.com\\\/es\\\/producte\\\/ampolla-unicorn-500-ml-trixie\"]}]},{\"@type\":\"ImageObject\",\"inLanguage\":\"es\",\"@id\":\"https:\\\/\\\/somllavors.com\\\/es\\\/producte\\\/ampolla-unicorn-500-ml-trixie#primaryimage\",\"url\":\"https:\\\/\\\/somllavors.com\\\/wp-content\\\/uploads\\\/2023\\\/05\\\/Som-Llavors-Botella-de-beber-500ml-Trixie-40.jpeg\",\"contentUrl\":\"https:\\\/\\\/somllavors.com\\\/wp-content\\\/uploads\\\/2023\\\/05\\\/Som-Llavors-Botella-de-beber-500ml-Trixie-40.jpeg\",\"width\":900,\"height\":900,\"caption\":\"botella unicornio trixie\"},{\"@type\":\"BreadcrumbList\",\"@id\":\"https:\\\/\\\/somllavors.com\\\/es\\\/producte\\\/ampolla-unicorn-500-ml-trixie#breadcrumb\",\"itemListElement\":[{\"@type\":\"ListItem\",\"position\":1,\"name\":\"Inici\",\"item\":\"https:\\\/\\\/somllavors.com\\\/es\"},{\"@type\":\"ListItem\",\"position\":2,\"name\":\"Tienda\",\"item\":\"https:\\\/\\\/somllavors.com\\\/es\\\/botiga-2\"},{\"@type\":\"ListItem\",\"position\":3,\"name\":\"Ampolla Unicorn 500 ml. &#8211; Trixie\"}]},{\"@type\":\"WebSite\",\"@id\":\"https:\\\/\\\/somllavors.com\\\/es#website\",\"url\":\"https:\\\/\\\/somllavors.com\\\/es\",\"name\":\"Som Llavors\",\"description\":\"Botiga de crian\u00e7a natural\",\"publisher\":{\"@id\":\"https:\\\/\\\/somllavors.com\\\/es#organization\"},\"alternateName\":\"Crian\u00e7a Natural i Sostenible\",\"potentialAction\":[{\"@type\":\"SearchAction\",\"target\":{\"@type\":\"EntryPoint\",\"urlTemplate\":\"https:\\\/\\\/somllavors.com\\\/es?s={search_term_string}\"},\"query-input\":{\"@type\":\"PropertyValueSpecification\",\"valueRequired\":true,\"valueName\":\"search_term_string\"}}],\"inLanguage\":\"es\"},{\"@type\":[\"Organization\",\"Place\",\"Store\"],\"@id\":\"https:\\\/\\\/somllavors.com\\\/es#organization\",\"name\":\"Som Llavors\",\"alternateName\":\"Crian\u00e7a Natural i Sostenible\",\"url\":\"https:\\\/\\\/somllavors.com\\\/es\",\"logo\":{\"@id\":\"https:\\\/\\\/somllavors.com\\\/es\\\/producte\\\/ampolla-unicorn-500-ml-trixie#local-main-organization-logo\"},\"image\":{\"@id\":\"https:\\\/\\\/somllavors.com\\\/es\\\/producte\\\/ampolla-unicorn-500-ml-trixie#local-main-organization-logo\"},\"sameAs\":[\"https:\\\/\\\/www.facebook.com\\\/somllavorsvng\\\/?locale=ca_ES\",\"https:\\\/\\\/www.instagram.com\\\/somllavors_vng\\\/\",\"https:\\\/\\\/www.youtube.com\\\/@somllavors\"],\"address\":{\"@id\":\"https:\\\/\\\/somllavors.com\\\/es\\\/producte\\\/ampolla-unicorn-500-ml-trixie#local-main-place-address\"},\"geo\":{\"@type\":\"GeoCoordinates\",\"latitude\":\"41.2257737\",\"longitude\":\"1.723258859\"},\"telephone\":[\"623152704\"],\"openingHoursSpecification\":[{\"@type\":\"OpeningHoursSpecification\",\"dayOfWeek\":[\"Monday\",\"Sunday\"],\"opens\":\"00:00\",\"closes\":\"00:00\"},{\"@type\":\"OpeningHoursSpecification\",\"dayOfWeek\":[\"Tuesday\",\"Wednesday\",\"Thursday\",\"Friday\"],\"opens\":\"10:00\",\"closes\":\"20:00\"},{\"@type\":\"OpeningHoursSpecification\",\"dayOfWeek\":[\"Saturday\"],\"opens\":\"10:00\",\"closes\":\"13:30\"}],\"email\":\"info@somllavors.com\"},{\"@type\":\"PostalAddress\",\"@id\":\"https:\\\/\\\/somllavors.com\\\/es\\\/producte\\\/ampolla-unicorn-500-ml-trixie#local-main-place-address\",\"streetAddress\":\"Carrer de l'aigua, 6\",\"addressLocality\":\"Vilanova i la Geltr\u00fa\",\"postalCode\":\"08800\",\"addressRegion\":\"Barcelona\",\"addressCountry\":\"ES\"},{\"@type\":\"ImageObject\",\"inLanguage\":\"es\",\"@id\":\"https:\\\/\\\/somllavors.com\\\/es\\\/producte\\\/ampolla-unicorn-500-ml-trixie#local-main-organization-logo\",\"url\":\"https:\\\/\\\/somllavors.com\\\/wp-content\\\/uploads\\\/Logotip-Som-Llavors.jpg\",\"contentUrl\":\"https:\\\/\\\/somllavors.com\\\/wp-content\\\/uploads\\\/Logotip-Som-Llavors.jpg\",\"width\":1444,\"height\":1323,\"caption\":\"Som Llavors\"}]}<\/script>\n<meta property=\"product:price:amount\" content=\"26.95\" \/>\n<meta property=\"product:price:currency\" content=\"EUR\" \/>\n<meta property=\"og:availability\" content=\"out of stock\" \/>\n<meta property=\"product:availability\" content=\"out of stock\" \/>\n<meta property=\"product:retailer_item_id\" content=\"41-224\" \/>\n<meta property=\"product:condition\" content=\"new\" \/>\n<meta name=\"geo.placename\" content=\"Vilanova i la Geltr\u00fa\" \/>\n<meta name=\"geo.position\" content=\"41.2257737;1.723258859\" \/>\n<meta name=\"geo.region\" content=\"Espa\u00f1a\" \/>\n<!-- \/ Yoast SEO Premium plugin. -->","yoast_head_json":{"title":"Ampolla Unicorn 500 ml. - Trixie &#8212; Som Llavors","description":"Aquestes ampolles tan divertides s\u00f3n imprescindibles quan surts amb infants. Amb una selecci\u00f3 d'animals alegres diferents, cada infant trobar\u00e0 el seu company preferit per sortir!","robots":{"index":"index","follow":"follow","max-snippet":"max-snippet:-1","max-image-preview":"max-image-preview:large","max-video-preview":"max-video-preview:-1"},"canonical":"https:\/\/somllavors.com\/es\/producte\/ampolla-unicorn-500-ml-trixie","og_locale":"es_ES","og_type":"article","og_title":"Ampolla Unicorn 500 ml. - Trixie","og_description":"La teva botiga d\u2019ecocrian\u00e7a i espai d\u2019acompanyament a la maternitat","og_url":"https:\/\/somllavors.com\/es\/producte\/ampolla-unicorn-500-ml-trixie","og_site_name":"Som Llavors","article_publisher":"https:\/\/www.facebook.com\/somllavorsvng\/?locale=ca_ES","article_modified_time":"2026-03-21T19:59:50+00:00","og_image":[{"width":900,"height":900,"url":"https:\/\/somllavors.com\/wp-content\/uploads\/2023\/05\/Som-Llavors-Botella-de-beber-500ml-Trixie-40.jpeg","type":"image\/jpeg"}],"twitter_card":"summary_large_image","twitter_misc":{"Precio":"26,95&euro; Iva incl\u00f2s","Availability":"Out of stock"},"schema":{"@context":"https:\/\/schema.org","@graph":[{"@type":"WebPage","@id":"https:\/\/somllavors.com\/es\/producte\/ampolla-unicorn-500-ml-trixie","url":"https:\/\/somllavors.com\/es\/producte\/ampolla-unicorn-500-ml-trixie","name":"Ampolla Unicorn 500 ml. - Trixie &#8212; Som Llavors","isPartOf":{"@id":"https:\/\/somllavors.com\/es#website"},"primaryImageOfPage":{"@id":"https:\/\/somllavors.com\/es\/producte\/ampolla-unicorn-500-ml-trixie#primaryimage"},"image":{"@id":"https:\/\/somllavors.com\/es\/producte\/ampolla-unicorn-500-ml-trixie#primaryimage"},"thumbnailUrl":"https:\/\/somllavors.com\/wp-content\/uploads\/2023\/05\/Som-Llavors-Botella-de-beber-500ml-Trixie-40.jpeg","datePublished":"2023-05-22T21:38:39+00:00","dateModified":"2026-03-21T19:59:50+00:00","description":"Aquestes ampolles tan divertides s\u00f3n imprescindibles quan surts amb infants. Amb una selecci\u00f3 d'animals alegres diferents, cada infant trobar\u00e0 el seu company preferit per sortir!","breadcrumb":{"@id":"https:\/\/somllavors.com\/es\/producte\/ampolla-unicorn-500-ml-trixie#breadcrumb"},"inLanguage":"es","potentialAction":[{"@type":"ReadAction","target":["https:\/\/somllavors.com\/es\/producte\/ampolla-unicorn-500-ml-trixie"]}]},{"@type":"ImageObject","inLanguage":"es","@id":"https:\/\/somllavors.com\/es\/producte\/ampolla-unicorn-500-ml-trixie#primaryimage","url":"https:\/\/somllavors.com\/wp-content\/uploads\/2023\/05\/Som-Llavors-Botella-de-beber-500ml-Trixie-40.jpeg","contentUrl":"https:\/\/somllavors.com\/wp-content\/uploads\/2023\/05\/Som-Llavors-Botella-de-beber-500ml-Trixie-40.jpeg","width":900,"height":900,"caption":"botella unicornio trixie"},{"@type":"BreadcrumbList","@id":"https:\/\/somllavors.com\/es\/producte\/ampolla-unicorn-500-ml-trixie#breadcrumb","itemListElement":[{"@type":"ListItem","position":1,"name":"Inici","item":"https:\/\/somllavors.com\/es"},{"@type":"ListItem","position":2,"name":"Tienda","item":"https:\/\/somllavors.com\/es\/botiga-2"},{"@type":"ListItem","position":3,"name":"Ampolla Unicorn 500 ml. &#8211; Trixie"}]},{"@type":"WebSite","@id":"https:\/\/somllavors.com\/es#website","url":"https:\/\/somllavors.com\/es","name":"Som Llavors","description":"Botiga de crian\u00e7a natural","publisher":{"@id":"https:\/\/somllavors.com\/es#organization"},"alternateName":"Crian\u00e7a Natural i Sostenible","potentialAction":[{"@type":"SearchAction","target":{"@type":"EntryPoint","urlTemplate":"https:\/\/somllavors.com\/es?s={search_term_string}"},"query-input":{"@type":"PropertyValueSpecification","valueRequired":true,"valueName":"search_term_string"}}],"inLanguage":"es"},{"@type":["Organization","Place","Store"],"@id":"https:\/\/somllavors.com\/es#organization","name":"Som Llavors","alternateName":"Crian\u00e7a Natural i Sostenible","url":"https:\/\/somllavors.com\/es","logo":{"@id":"https:\/\/somllavors.com\/es\/producte\/ampolla-unicorn-500-ml-trixie#local-main-organization-logo"},"image":{"@id":"https:\/\/somllavors.com\/es\/producte\/ampolla-unicorn-500-ml-trixie#local-main-organization-logo"},"sameAs":["https:\/\/www.facebook.com\/somllavorsvng\/?locale=ca_ES","https:\/\/www.instagram.com\/somllavors_vng\/","https:\/\/www.youtube.com\/@somllavors"],"address":{"@id":"https:\/\/somllavors.com\/es\/producte\/ampolla-unicorn-500-ml-trixie#local-main-place-address"},"geo":{"@type":"GeoCoordinates","latitude":"41.2257737","longitude":"1.723258859"},"telephone":["623152704","623152704"],"openingHoursSpecification":[{"@type":"OpeningHoursSpecification","dayOfWeek":["Monday","Sunday"],"opens":"00:00","closes":"00:00"},{"@type":"OpeningHoursSpecification","dayOfWeek":["Tuesday","Wednesday","Thursday","Friday"],"opens":"10:00","closes":"20:00"},{"@type":"OpeningHoursSpecification","dayOfWeek":["Saturday"],"opens":"10:00","closes":"13:30"}],"email":"info@somllavors.com"},{"@type":"PostalAddress","@id":"https:\/\/somllavors.com\/es\/producte\/ampolla-unicorn-500-ml-trixie#local-main-place-address","streetAddress":"Carrer de l'aigua, 6","addressLocality":"Vilanova i la Geltr\u00fa","postalCode":"08800","addressRegion":"Barcelona","addressCountry":"ES"},{"@type":"ImageObject","inLanguage":"es","@id":"https:\/\/somllavors.com\/es\/producte\/ampolla-unicorn-500-ml-trixie#local-main-organization-logo","url":"https:\/\/somllavors.com\/wp-content\/uploads\/Logotip-Som-Llavors.jpg","contentUrl":"https:\/\/somllavors.com\/wp-content\/uploads\/Logotip-Som-Llavors.jpg","width":1444,"height":1323,"caption":"Som Llavors"}]},"product_price_amount":"26.95","product_price_currency":"EUR","og_availability":"out of stock","product_availability":"out of stock","product_retailer_item_id":"41-224","product_condition":"new","geo.placename":"Vilanova i la Geltr\u00fa","geo.position":{"lat":"41.2257737","long":"1.723258859"},"geo.region":"Espa\u00f1a"},"brands":[{"id":4098,"name":"Trixie","slug":"trixie"}],"_links":{"self":[{"href":"https:\/\/somllavors.com\/es\/wp-json\/wp\/v2\/product\/39286","targetHints":{"allow":["GET"]}}],"collection":[{"href":"https:\/\/somllavors.com\/es\/wp-json\/wp\/v2\/product"}],"about":[{"href":"https:\/\/somllavors.com\/es\/wp-json\/wp\/v2\/types\/product"}],"wp:featuredmedia":[{"embeddable":true,"href":"https:\/\/somllavors.com\/es\/wp-json\/wp\/v2\/media\/39094"}],"wp:attachment":[{"href":"https:\/\/somllavors.com\/es\/wp-json\/wp\/v2\/media?parent=39286"}],"wp:term":[{"taxonomy":"pwb-brand","embeddable":true,"href":"https:\/\/somllavors.com\/es\/wp-json\/wp\/v2\/pwb-brand?post=39286"},{"taxonomy":"product_brand","embeddable":true,"href":"https:\/\/somllavors.com\/es\/wp-json\/wp\/v2\/product_brand?post=39286"},{"taxonomy":"product_cat","embeddable":true,"href":"https:\/\/somllavors.com\/es\/wp-json\/wp\/v2\/product_cat?post=39286"},{"taxonomy":"product_tag","embeddable":true,"href":"https:\/\/somllavors.com\/es\/wp-json\/wp\/v2\/product_tag?post=39286"}],"curies":[{"name":"wp","href":"https:\/\/api.w.org\/{rel}","templated":true}]}}