{"id":39808,"date":"2023-05-24T21:50:35","date_gmt":"2023-05-24T19:50:35","guid":{"rendered":"https:\/\/somllavors.com\/?post_type=product&#038;p=39808"},"modified":"2026-04-15T21:50:07","modified_gmt":"2026-04-15T19:50:07","slug":"sandalies-prewalkers-white-froddo","status":"publish","type":"product","link":"https:\/\/somllavors.com\/es\/producte\/sandalies-prewalkers-white-froddo","title":{"rendered":"Sand\u00e0lies Prewalkers White &#8211; Froddo"},"content":{"rendered":"<ul>\n<li>Inspiradess en els infants que tot just comencen a caminar, creen les sabates m\u00e9s c\u00f2modes: Froddo PreWalkers. Per a la seva producci\u00f3 han escollit la pell natural m\u00e9s suau, sense compostos qu\u00edmics perillosos.<\/li>\n<li>Les Froddo Prewalkers, tan lleugeres com un n\u00favol, imiten caminar descal\u00e7 i permeten el desenvolupament natural i saludable dels peus dels infants.<\/li>\n<li>Sola plana, fina i flexible, amb una forma quadrada per permetre el lliure moviment dels ditets.<\/li>\n<li>Quan els infants fan les primeres passes, es busca la m\u00ednima expressi\u00f3 en el cal\u00e7at, per permetre que senti en els peus per all\u00e0 on trepitja i no perdre est\u00edmuls a nivell sensorial.<\/li>\n<li>S\u00f3n molt lleugeres i f\u00e0cils de posar, gr\u00e0cies al sistema de doble velcro.<\/li>\n<li>\u00a0Composici\u00f3:\n<ul>\n<li>Material superior &#8211; cuir sense crom<\/li>\n<li>Folre i plantilla &#8211; pell sense crom<\/li>\n<li>Sola &#8211; cautx\u00fa<\/li>\n<\/ul>\n<\/li>\n<li>Consells d&#8217;\u00fas:\n<ul>\n<li>Mantenir el cuir natural adobat al vegetal utilitzant \u00fanicament un drap sec. El manteniment del cuir amb aigua i diversos netejadors de sabates pot fer malb\u00e9 el color i perdre les propietats antibacterianes i antial\u00b7l\u00e8rgiques.<\/li>\n<li>El producte est\u00e0 dissenyat per a condicions de clima sec.<\/li>\n<li>Les condicions atmosf\u00e8riques poden influir en el canvi de color.<\/li>\n<\/ul>\n<\/li>\n<\/ul>\n","protected":false},"excerpt":{"rendered":"<p>Les sand\u00e0lies respectuoses Prewalkers de la marca Froddo s\u00f3n ideals per aquells infants que comencen a fer les primeres passes. Tenen una sola molt flexible i estan fetes de pell i cuir sense crom.<\/p>\n<ul>\n<li>Compten amb un ajustament de doble velcro per permetre adaptar-se als diferents peuets.<\/li>\n<li>Producte i producci\u00f3 sostenible.<\/li>\n<\/ul>\n","protected":false},"featured_media":39792,"template":"","meta":{"_acf_changed":false,"site-sidebar-layout":"default","site-content-layout":"default","ast-site-content-layout":"default","site-content-style":"default","site-sidebar-style":"default","ast-global-header-display":"","ast-banner-title-visibility":"","ast-main-header-display":"","ast-hfb-above-header-display":"","ast-hfb-below-header-display":"","ast-hfb-mobile-header-display":"","site-post-title":"","ast-breadcrumbs-content":"","ast-featured-img":"","footer-sml-layout":"","theme-transparent-header-meta":"default","adv-header-id-meta":"","stick-header-meta":"","header-above-stick-meta":"","header-main-stick-meta":"","header-below-stick-meta":"","astra-migrate-meta-layouts":"set","ast-page-background-enabled":"default","ast-page-background-meta":{"desktop":{"background-color":"","background-image":"","background-repeat":"repeat","background-position":"center center","background-size":"auto","background-attachment":"scroll","background-type":"","background-media":"","overlay-type":"","overlay-color":"","overlay-opacity":"","overlay-gradient":""},"tablet":{"background-color":"","background-image":"","background-repeat":"repeat","background-position":"center center","background-size":"auto","background-attachment":"scroll","background-type":"","background-media":"","overlay-type":"","overlay-color":"","overlay-opacity":"","overlay-gradient":""},"mobile":{"background-color":"","background-image":"","background-repeat":"repeat","background-position":"center center","background-size":"auto","background-attachment":"scroll","background-type":"","background-media":"","overlay-type":"","overlay-color":"","overlay-opacity":"","overlay-gradient":""}},"ast-content-background-meta":{"desktop":{"background-color":"var(--ast-global-color-5)","background-image":"","background-repeat":"repeat","background-position":"center center","background-size":"auto","background-attachment":"scroll","background-type":"","background-media":"","overlay-type":"","overlay-color":"","overlay-opacity":"","overlay-gradient":""},"tablet":{"background-color":"var(--ast-global-color-5)","background-image":"","background-repeat":"repeat","background-position":"center center","background-size":"auto","background-attachment":"scroll","background-type":"","background-media":"","overlay-type":"","overlay-color":"","overlay-opacity":"","overlay-gradient":""},"mobile":{"background-color":"var(--ast-global-color-5)","background-image":"","background-repeat":"repeat","background-position":"center center","background-size":"auto","background-attachment":"scroll","background-type":"","background-media":"","overlay-type":"","overlay-color":"","overlay-opacity":"","overlay-gradient":""}}},"pwb-brand":[4096],"product_brand":[],"product_cat":[4081,4667,4644],"product_tag":[4083,4084,4085,4088,1372,1700,4087,4086],"class_list":{"0":"post-39808","1":"product","2":"type-product","3":"status-publish","4":"has-post-thumbnail","6":"pwb-brand-froddo","7":"product_cat-froddo","8":"product_cat-outlet-calcat-respectuos-barefoot","9":"product_cat-talles-petites","10":"product_tag-froddo","11":"product_tag-prewalkers","12":"product_tag-prewalkers-froddo","13":"product_tag-primeres-sabates","14":"product_tag-primeros-pasos","15":"product_tag-sandalias","16":"product_tag-sandalies","17":"product_tag-sandals","18":"pa_talla-4082","19":"pa_talla-529","20":"pa_talla-114","21":"pa_talla-280","22":"pa_talla-281","23":"desktop-align-left","24":"tablet-align-left","25":"mobile-align-left","27":"first","28":"instock","29":"sale","30":"taxable","31":"shipping-taxable","32":"purchasable","33":"product-type-variable"},"acf":[],"yoast_head":"<!-- This site is optimized with the Yoast SEO Premium plugin v18.3 (Yoast SEO v27.4) - https:\/\/yoast.com\/product\/yoast-seo-premium-wordpress\/ -->\n<title>Sand\u00e0lies Prewalkers White - Froddo &#8212; Som Llavors<\/title>\n<meta name=\"description\" content=\"Les sand\u00e0lies respectuoses Prewalkers de la marca Froddo s\u00f3n ideals per aquells infants que comencen a fer les primeres passes. Tenen una sola molt flexible i estan fetes de pell i cuir sense crom.   Compten amb un ajustament de doble velcro per permetre adaptar-se als diferents peuets.  Producte i producci\u00f3 sostenible.\" \/>\n<meta name=\"robots\" content=\"index, follow, max-snippet:-1, max-image-preview:large, max-video-preview:-1\" \/>\n<link rel=\"canonical\" href=\"https:\/\/somllavors.com\/es\/producte\/sandalies-prewalkers-white-froddo\" \/>\n<meta property=\"og:locale\" content=\"es_ES\" \/>\n<meta property=\"og:type\" content=\"article\" \/>\n<meta property=\"og:title\" content=\"Sand\u00e0lies Prewalkers White - Froddo\" \/>\n<meta property=\"og:description\" content=\"La teva botiga d\u2019ecocrian\u00e7a i espai d\u2019acompanyament a la maternitat\" \/>\n<meta property=\"og:url\" content=\"https:\/\/somllavors.com\/es\/producte\/sandalies-prewalkers-white-froddo\" \/>\n<meta property=\"og:site_name\" content=\"Som Llavors\" \/>\n<meta property=\"article:publisher\" content=\"https:\/\/www.facebook.com\/somllavorsvng\/?locale=ca_ES\" \/>\n<meta property=\"article:modified_time\" content=\"2026-04-15T19:50:07+00:00\" \/>\n<meta property=\"og:image\" content=\"https:\/\/somllavors.com\/wp-content\/uploads\/2023\/05\/Som-Llavors-Froddo-prewalkers-sandal-1.jpeg\" \/>\n\t<meta property=\"og:image:width\" content=\"1000\" \/>\n\t<meta property=\"og:image:height\" content=\"1000\" \/>\n\t<meta property=\"og:image:type\" content=\"image\/jpeg\" \/>\n<meta name=\"twitter:card\" content=\"summary_large_image\" \/>\n<meta name=\"twitter:label1\" content=\"Availability\" \/>\n\t<meta name=\"twitter:data1\" content=\"Hay existencias\" \/>\n<script type=\"application\/ld+json\" class=\"yoast-schema-graph\">{\"@context\":\"https:\\\/\\\/schema.org\",\"@graph\":[{\"@type\":\"WebPage\",\"@id\":\"https:\\\/\\\/somllavors.com\\\/es\\\/producte\\\/sandalies-prewalkers-white-froddo\",\"url\":\"https:\\\/\\\/somllavors.com\\\/es\\\/producte\\\/sandalies-prewalkers-white-froddo\",\"name\":\"Sand\u00e0lies Prewalkers White - Froddo &#8212; Som Llavors\",\"isPartOf\":{\"@id\":\"https:\\\/\\\/somllavors.com\\\/es#website\"},\"primaryImageOfPage\":{\"@id\":\"https:\\\/\\\/somllavors.com\\\/es\\\/producte\\\/sandalies-prewalkers-white-froddo#primaryimage\"},\"image\":{\"@id\":\"https:\\\/\\\/somllavors.com\\\/es\\\/producte\\\/sandalies-prewalkers-white-froddo#primaryimage\"},\"thumbnailUrl\":\"https:\\\/\\\/somllavors.com\\\/wp-content\\\/uploads\\\/2023\\\/05\\\/Som-Llavors-Froddo-prewalkers-sandal-1.jpeg\",\"datePublished\":\"2023-05-24T19:50:35+00:00\",\"dateModified\":\"2026-04-15T19:50:07+00:00\",\"description\":\"Les sand\u00e0lies respectuoses Prewalkers de la marca Froddo s\u00f3n ideals per aquells infants que comencen a fer les primeres passes. Tenen una sola molt flexible i estan fetes de pell i cuir sense crom. Compten amb un ajustament de doble velcro per permetre adaptar-se als diferents peuets. Producte i producci\u00f3 sostenible.\",\"breadcrumb\":{\"@id\":\"https:\\\/\\\/somllavors.com\\\/es\\\/producte\\\/sandalies-prewalkers-white-froddo#breadcrumb\"},\"inLanguage\":\"es\",\"potentialAction\":[{\"@type\":\"ReadAction\",\"target\":[\"https:\\\/\\\/somllavors.com\\\/es\\\/producte\\\/sandalies-prewalkers-white-froddo\"]}]},{\"@type\":\"ImageObject\",\"inLanguage\":\"es\",\"@id\":\"https:\\\/\\\/somllavors.com\\\/es\\\/producte\\\/sandalies-prewalkers-white-froddo#primaryimage\",\"url\":\"https:\\\/\\\/somllavors.com\\\/wp-content\\\/uploads\\\/2023\\\/05\\\/Som-Llavors-Froddo-prewalkers-sandal-1.jpeg\",\"contentUrl\":\"https:\\\/\\\/somllavors.com\\\/wp-content\\\/uploads\\\/2023\\\/05\\\/Som-Llavors-Froddo-prewalkers-sandal-1.jpeg\",\"width\":1000,\"height\":1000,\"caption\":\"zapatos primeros pasos\"},{\"@type\":\"BreadcrumbList\",\"@id\":\"https:\\\/\\\/somllavors.com\\\/es\\\/producte\\\/sandalies-prewalkers-white-froddo#breadcrumb\",\"itemListElement\":[{\"@type\":\"ListItem\",\"position\":1,\"name\":\"Inici\",\"item\":\"https:\\\/\\\/somllavors.com\\\/es\"},{\"@type\":\"ListItem\",\"position\":2,\"name\":\"Tienda\",\"item\":\"https:\\\/\\\/somllavors.com\\\/es\\\/botiga-2\"},{\"@type\":\"ListItem\",\"position\":3,\"name\":\"Sand\u00e0lies Prewalkers White &#8211; Froddo\"}]},{\"@type\":\"WebSite\",\"@id\":\"https:\\\/\\\/somllavors.com\\\/es#website\",\"url\":\"https:\\\/\\\/somllavors.com\\\/es\",\"name\":\"Som Llavors\",\"description\":\"Botiga de crian\u00e7a natural\",\"publisher\":{\"@id\":\"https:\\\/\\\/somllavors.com\\\/es#organization\"},\"alternateName\":\"Crian\u00e7a Natural i Sostenible\",\"potentialAction\":[{\"@type\":\"SearchAction\",\"target\":{\"@type\":\"EntryPoint\",\"urlTemplate\":\"https:\\\/\\\/somllavors.com\\\/es?s={search_term_string}\"},\"query-input\":{\"@type\":\"PropertyValueSpecification\",\"valueRequired\":true,\"valueName\":\"search_term_string\"}}],\"inLanguage\":\"es\"},{\"@type\":[\"Organization\",\"Place\",\"Store\"],\"@id\":\"https:\\\/\\\/somllavors.com\\\/es#organization\",\"name\":\"Som Llavors\",\"alternateName\":\"Crian\u00e7a Natural i Sostenible\",\"url\":\"https:\\\/\\\/somllavors.com\\\/es\",\"logo\":{\"@id\":\"https:\\\/\\\/somllavors.com\\\/es\\\/producte\\\/sandalies-prewalkers-white-froddo#local-main-organization-logo\"},\"image\":{\"@id\":\"https:\\\/\\\/somllavors.com\\\/es\\\/producte\\\/sandalies-prewalkers-white-froddo#local-main-organization-logo\"},\"sameAs\":[\"https:\\\/\\\/www.facebook.com\\\/somllavorsvng\\\/?locale=ca_ES\",\"https:\\\/\\\/www.instagram.com\\\/somllavors_vng\\\/\",\"https:\\\/\\\/www.youtube.com\\\/@somllavors\"],\"address\":{\"@id\":\"https:\\\/\\\/somllavors.com\\\/es\\\/producte\\\/sandalies-prewalkers-white-froddo#local-main-place-address\"},\"geo\":{\"@type\":\"GeoCoordinates\",\"latitude\":\"41.2257737\",\"longitude\":\"1.723258859\"},\"telephone\":[\"623152704\"],\"openingHoursSpecification\":[{\"@type\":\"OpeningHoursSpecification\",\"dayOfWeek\":[\"Monday\",\"Sunday\"],\"opens\":\"00:00\",\"closes\":\"00:00\"},{\"@type\":\"OpeningHoursSpecification\",\"dayOfWeek\":[\"Tuesday\",\"Wednesday\",\"Thursday\",\"Friday\"],\"opens\":\"10:00\",\"closes\":\"20:00\"},{\"@type\":\"OpeningHoursSpecification\",\"dayOfWeek\":[\"Saturday\"],\"opens\":\"10:00\",\"closes\":\"13:30\"}],\"email\":\"info@somllavors.com\"},{\"@type\":\"PostalAddress\",\"@id\":\"https:\\\/\\\/somllavors.com\\\/es\\\/producte\\\/sandalies-prewalkers-white-froddo#local-main-place-address\",\"streetAddress\":\"Carrer de l'aigua, 6\",\"addressLocality\":\"Vilanova i la Geltr\u00fa\",\"postalCode\":\"08800\",\"addressRegion\":\"Barcelona\",\"addressCountry\":\"ES\"},{\"@type\":\"ImageObject\",\"inLanguage\":\"es\",\"@id\":\"https:\\\/\\\/somllavors.com\\\/es\\\/producte\\\/sandalies-prewalkers-white-froddo#local-main-organization-logo\",\"url\":\"https:\\\/\\\/somllavors.com\\\/wp-content\\\/uploads\\\/Logotip-Som-Llavors.jpg\",\"contentUrl\":\"https:\\\/\\\/somllavors.com\\\/wp-content\\\/uploads\\\/Logotip-Som-Llavors.jpg\",\"width\":1444,\"height\":1323,\"caption\":\"Som Llavors\"}]}<\/script>\n<meta property=\"og:availability\" content=\"instock\" \/>\n<meta property=\"product:availability\" content=\"instock\" \/>\n<meta property=\"product:retailer_item_id\" content=\"G1140003-7\" \/>\n<meta property=\"product:condition\" content=\"new\" \/>\n<meta name=\"geo.placename\" content=\"Vilanova i la Geltr\u00fa\" \/>\n<meta name=\"geo.position\" content=\"41.2257737;1.723258859\" \/>\n<meta name=\"geo.region\" content=\"Espa\u00f1a\" \/>\n<!-- \/ Yoast SEO Premium plugin. -->","yoast_head_json":{"title":"Sand\u00e0lies Prewalkers White - Froddo &#8212; Som Llavors","description":"Les sand\u00e0lies respectuoses Prewalkers de la marca Froddo s\u00f3n ideals per aquells infants que comencen a fer les primeres passes. Tenen una sola molt flexible i estan fetes de pell i cuir sense crom.   Compten amb un ajustament de doble velcro per permetre adaptar-se als diferents peuets.  Producte i producci\u00f3 sostenible.","robots":{"index":"index","follow":"follow","max-snippet":"max-snippet:-1","max-image-preview":"max-image-preview:large","max-video-preview":"max-video-preview:-1"},"canonical":"https:\/\/somllavors.com\/es\/producte\/sandalies-prewalkers-white-froddo","og_locale":"es_ES","og_type":"article","og_title":"Sand\u00e0lies Prewalkers White - Froddo","og_description":"La teva botiga d\u2019ecocrian\u00e7a i espai d\u2019acompanyament a la maternitat","og_url":"https:\/\/somllavors.com\/es\/producte\/sandalies-prewalkers-white-froddo","og_site_name":"Som Llavors","article_publisher":"https:\/\/www.facebook.com\/somllavorsvng\/?locale=ca_ES","article_modified_time":"2026-04-15T19:50:07+00:00","og_image":[{"width":1000,"height":1000,"url":"https:\/\/somllavors.com\/wp-content\/uploads\/2023\/05\/Som-Llavors-Froddo-prewalkers-sandal-1.jpeg","type":"image\/jpeg"}],"twitter_card":"summary_large_image","twitter_misc":{"Availability":"Hay existencias"},"schema":{"@context":"https:\/\/schema.org","@graph":[{"@type":"WebPage","@id":"https:\/\/somllavors.com\/es\/producte\/sandalies-prewalkers-white-froddo","url":"https:\/\/somllavors.com\/es\/producte\/sandalies-prewalkers-white-froddo","name":"Sand\u00e0lies Prewalkers White - Froddo &#8212; Som Llavors","isPartOf":{"@id":"https:\/\/somllavors.com\/es#website"},"primaryImageOfPage":{"@id":"https:\/\/somllavors.com\/es\/producte\/sandalies-prewalkers-white-froddo#primaryimage"},"image":{"@id":"https:\/\/somllavors.com\/es\/producte\/sandalies-prewalkers-white-froddo#primaryimage"},"thumbnailUrl":"https:\/\/somllavors.com\/wp-content\/uploads\/2023\/05\/Som-Llavors-Froddo-prewalkers-sandal-1.jpeg","datePublished":"2023-05-24T19:50:35+00:00","dateModified":"2026-04-15T19:50:07+00:00","description":"Les sand\u00e0lies respectuoses Prewalkers de la marca Froddo s\u00f3n ideals per aquells infants que comencen a fer les primeres passes. Tenen una sola molt flexible i estan fetes de pell i cuir sense crom. Compten amb un ajustament de doble velcro per permetre adaptar-se als diferents peuets. Producte i producci\u00f3 sostenible.","breadcrumb":{"@id":"https:\/\/somllavors.com\/es\/producte\/sandalies-prewalkers-white-froddo#breadcrumb"},"inLanguage":"es","potentialAction":[{"@type":"ReadAction","target":["https:\/\/somllavors.com\/es\/producte\/sandalies-prewalkers-white-froddo"]}]},{"@type":"ImageObject","inLanguage":"es","@id":"https:\/\/somllavors.com\/es\/producte\/sandalies-prewalkers-white-froddo#primaryimage","url":"https:\/\/somllavors.com\/wp-content\/uploads\/2023\/05\/Som-Llavors-Froddo-prewalkers-sandal-1.jpeg","contentUrl":"https:\/\/somllavors.com\/wp-content\/uploads\/2023\/05\/Som-Llavors-Froddo-prewalkers-sandal-1.jpeg","width":1000,"height":1000,"caption":"zapatos primeros pasos"},{"@type":"BreadcrumbList","@id":"https:\/\/somllavors.com\/es\/producte\/sandalies-prewalkers-white-froddo#breadcrumb","itemListElement":[{"@type":"ListItem","position":1,"name":"Inici","item":"https:\/\/somllavors.com\/es"},{"@type":"ListItem","position":2,"name":"Tienda","item":"https:\/\/somllavors.com\/es\/botiga-2"},{"@type":"ListItem","position":3,"name":"Sand\u00e0lies Prewalkers White &#8211; Froddo"}]},{"@type":"WebSite","@id":"https:\/\/somllavors.com\/es#website","url":"https:\/\/somllavors.com\/es","name":"Som Llavors","description":"Botiga de crian\u00e7a natural","publisher":{"@id":"https:\/\/somllavors.com\/es#organization"},"alternateName":"Crian\u00e7a Natural i Sostenible","potentialAction":[{"@type":"SearchAction","target":{"@type":"EntryPoint","urlTemplate":"https:\/\/somllavors.com\/es?s={search_term_string}"},"query-input":{"@type":"PropertyValueSpecification","valueRequired":true,"valueName":"search_term_string"}}],"inLanguage":"es"},{"@type":["Organization","Place","Store"],"@id":"https:\/\/somllavors.com\/es#organization","name":"Som Llavors","alternateName":"Crian\u00e7a Natural i Sostenible","url":"https:\/\/somllavors.com\/es","logo":{"@id":"https:\/\/somllavors.com\/es\/producte\/sandalies-prewalkers-white-froddo#local-main-organization-logo"},"image":{"@id":"https:\/\/somllavors.com\/es\/producte\/sandalies-prewalkers-white-froddo#local-main-organization-logo"},"sameAs":["https:\/\/www.facebook.com\/somllavorsvng\/?locale=ca_ES","https:\/\/www.instagram.com\/somllavors_vng\/","https:\/\/www.youtube.com\/@somllavors"],"address":{"@id":"https:\/\/somllavors.com\/es\/producte\/sandalies-prewalkers-white-froddo#local-main-place-address"},"geo":{"@type":"GeoCoordinates","latitude":"41.2257737","longitude":"1.723258859"},"telephone":["623152704","623152704"],"openingHoursSpecification":[{"@type":"OpeningHoursSpecification","dayOfWeek":["Monday","Sunday"],"opens":"00:00","closes":"00:00"},{"@type":"OpeningHoursSpecification","dayOfWeek":["Tuesday","Wednesday","Thursday","Friday"],"opens":"10:00","closes":"20:00"},{"@type":"OpeningHoursSpecification","dayOfWeek":["Saturday"],"opens":"10:00","closes":"13:30"}],"email":"info@somllavors.com"},{"@type":"PostalAddress","@id":"https:\/\/somllavors.com\/es\/producte\/sandalies-prewalkers-white-froddo#local-main-place-address","streetAddress":"Carrer de l'aigua, 6","addressLocality":"Vilanova i la Geltr\u00fa","postalCode":"08800","addressRegion":"Barcelona","addressCountry":"ES"},{"@type":"ImageObject","inLanguage":"es","@id":"https:\/\/somllavors.com\/es\/producte\/sandalies-prewalkers-white-froddo#local-main-organization-logo","url":"https:\/\/somllavors.com\/wp-content\/uploads\/Logotip-Som-Llavors.jpg","contentUrl":"https:\/\/somllavors.com\/wp-content\/uploads\/Logotip-Som-Llavors.jpg","width":1444,"height":1323,"caption":"Som Llavors"}]},"og_availability":"instock","product_availability":"instock","product_retailer_item_id":"G1140003-7","product_condition":"new","geo.placename":"Vilanova i la Geltr\u00fa","geo.position":{"lat":"41.2257737","long":"1.723258859"},"geo.region":"Espa\u00f1a"},"brands":[{"id":4096,"name":"Froddo","slug":"froddo"}],"_links":{"self":[{"href":"https:\/\/somllavors.com\/es\/wp-json\/wp\/v2\/product\/39808","targetHints":{"allow":["GET"]}}],"collection":[{"href":"https:\/\/somllavors.com\/es\/wp-json\/wp\/v2\/product"}],"about":[{"href":"https:\/\/somllavors.com\/es\/wp-json\/wp\/v2\/types\/product"}],"wp:featuredmedia":[{"embeddable":true,"href":"https:\/\/somllavors.com\/es\/wp-json\/wp\/v2\/media\/39792"}],"wp:attachment":[{"href":"https:\/\/somllavors.com\/es\/wp-json\/wp\/v2\/media?parent=39808"}],"wp:term":[{"taxonomy":"pwb-brand","embeddable":true,"href":"https:\/\/somllavors.com\/es\/wp-json\/wp\/v2\/pwb-brand?post=39808"},{"taxonomy":"product_brand","embeddable":true,"href":"https:\/\/somllavors.com\/es\/wp-json\/wp\/v2\/product_brand?post=39808"},{"taxonomy":"product_cat","embeddable":true,"href":"https:\/\/somllavors.com\/es\/wp-json\/wp\/v2\/product_cat?post=39808"},{"taxonomy":"product_tag","embeddable":true,"href":"https:\/\/somllavors.com\/es\/wp-json\/wp\/v2\/product_tag?post=39808"}],"curies":[{"name":"wp","href":"https:\/\/api.w.org\/{rel}","templated":true}]}}