{"id":40245,"date":"2023-06-10T13:22:14","date_gmt":"2023-06-10T11:22:14","guid":{"rendered":"https:\/\/somllavors.com\/?post_type=product&#038;p=40245"},"modified":"2023-07-01T11:30:24","modified_gmt":"2023-07-01T09:30:24","slug":"la-tina-gaudeix-menjant","status":"publish","type":"product","link":"https:\/\/somllavors.com\/es\/producte\/la-tina-gaudeix-menjant","title":{"rendered":"La Tina gaudeix menjant"},"content":{"rendered":"<ul>\n<li>Gr\u00e0cies a les recomanacions de la\u00a0<b>nutricionista pedi\u00e0trica Conchi Garc\u00eda<\/b>,\u00a0<b>referent en alimentaci\u00f3 infantil respectuosa<\/b>, aquest llibre pret\u00e9n acompanyar les fam\u00edlies i ensenyar-les com actuar davant de situacions quotidianes a partir de les hist\u00f2ries de la Tina, una nena de 5 anys normal i corrent.<\/li>\n<li>A m\u00e9s, Julio Basulto, dietista nutricionista, ha escrit un pr\u00f2leg on afirma que aquest llibre \u00e9s m\u00e9s que un llibre de contes:<\/li>\n<\/ul>\n<blockquote><p>&#8220;Ensenya als nens i nenes (amb hist\u00f2ries, amb analogies, amb situacions quotidianes, amb an\u00e8cdotes&#8230;) qu\u00e8 \u00e9s menjar b\u00e9. Per\u00f2 a nosaltres, les fam\u00edlies, ens ensenya molt\u00edssim m\u00e9s. Ens ensenya que l&#8217;alimentaci\u00f3 \u00e9s crucial per a la salut, per\u00f2 tamb\u00e9 que el respecte, la flexibilitat, donar exemple, cuinar i menjar en fam\u00edlia o tenir (mooolta) paci\u00e8ncia s\u00f3n aspectes fonamentals.&#8221;<\/p><\/blockquote>\n<ul>\n<li>En aquests 5 contes, la Tina aprendr\u00e0 a fer les paus amb el carbass\u00f3, que no totes les persones ens alimentem igual, algunes han d&#8217;evitar certs aliments per dietes i intoler\u00e0ncies, que portar fruita per esmorzar a l&#8217;escola pot ser molt divertit, o que el millor de menjar past\u00eds nom\u00e9s en circumst\u00e0ncies especials \u00e9s compartir-lo amb les persones que estimem.<\/li>\n<li>Que les criatures no vulguin menjar certes verdures, hortalisses o fruites \u00e9s normal, perqu\u00e8 aquest proc\u00e9s t\u00e9 a veure amb el <b style=\"font-style: inherit;\">seu moment de creixement i desenvolupament<\/b><span style=\"font-size: 16px;\">. Tot i aix\u00f2, s\u00f3n importants per portar una alimentaci\u00f3 saludable i per aix\u00f2 cal orientar-los i intentar crear\u00a0<\/span><b style=\"font-style: inherit;\">bons h\u00e0bits alimentaris amb molta paci\u00e8ncia, afecte i comprensi\u00f3, sense pressionar-los<\/b><span style=\"font-size: 16px;\">. <\/span><\/li>\n<li><span style=\"font-size: 16px;\">Amb aquests 5 contes, Conchi Garc\u00eda ens proporciona algunes pautes per a que els nens i nenes entenguin millor la import\u00e0ncia de l&#8217;alimentaci\u00f3 saludable des\u00a0<\/span><b style=\"font-style: inherit;\">d&#8217;un enfocament respectu\u00f3s, ajudant-los a crear una bona relaci\u00f3 amb els aliments<\/b><span style=\"font-size: 16px;\">.<\/span><\/li>\n<li>Amb un llenguatge adaptat i hist\u00f2ries entretingudes, els infants empatitzaran amb la Tina i <b style=\"font-style: inherit;\">aprendran sobre nutrici\u00f3 de manera amena i divertida<\/b><span style=\"font-size: 16px;\">. Aquest llibre \u00e9s perfecte per crear experi\u00e8ncies positives i felices amb el menjar.<\/span><\/li>\n<li>A m\u00e9s, en aquest llibre trobar\u00e0s?\n<ul>\n<li><b style=\"font-style: inherit;\">Hist\u00f2ries quotidianes\u00a0<\/b><span style=\"font-size: 16px;\">amb qu\u00e8 crear una bona relaci\u00f3 amb l&#8217;alimentaci\u00f3. El teu petit s&#8217;hi veur\u00e0 reflectit tant a l&#8217;escola, com amb els seus amics o a casa.<\/span><\/li>\n<li><b style=\"font-style: inherit;\">Nutritips:<\/b><span style=\"font-size: 16px;\"> consells com deixar escollir a la criatura les quantitats que vol menjar, no parlar d&#8217;aliments bons i dolents, i una cosa tan senzilla i complicada alhora com fer-los distingir l&#8217;excepci\u00f3 del que \u00e9s habitual.<\/span><\/li>\n<li><b style=\"font-style: inherit;\">Un apartat de ?parla amb la teva nutricionista?<\/b><span style=\"font-size: 16px;\">\u00a0on s&#8217;expliquen comportaments que haurien de seguir les fam\u00edlies per poder educar-los en\u00a0<\/span><b style=\"font-style: inherit;\">alimentaci\u00f3 saludable<\/b><span style=\"font-size: 16px;\">.<\/span><\/li>\n<li><b style=\"font-style: inherit;\">Idees d&#8217;esmorzars saludables per portar a l&#8217;escola.<\/b><\/li>\n<li><b style=\"font-style: inherit;\">Idees de plats complerts (plat de Harvard o &#8220;plat feli\u00e7&#8221;).<\/b><\/li>\n<\/ul>\n<\/li>\n<li>Fam\u00edlies, \u00e9s important que sapigueu que:\n<ul>\n<li>Les hortalisses s\u00f3n els aliments que s&#8217;accepten pitjor durant la inf\u00e0ncia, la qual cosa \u00e9s natural i esperable.<\/li>\n<li>\u00c9s normal que arribi un moment en qu\u00e8 els infants ens demanin menjar aliments poc saludables.<\/li>\n<li>Tan important \u00e9s educar-los en alimentaci\u00f3 saludable com permetre&#8217;ls crear una bona relaci\u00f3 amb els aliments des de la primera inf\u00e0ncia.<\/li>\n<li>Aquests contes han estat creats per acompanyar els nens i les nenes en l&#8217;aprenentatge d&#8217;h\u00e0bits saludables d&#8217;una manera positiva i respectuosa.<\/li>\n<\/ul>\n<\/li>\n<li>Recomanant <b style=\"font-style: inherit;\">a partir de 4 anys.<\/b><\/li>\n<\/ul>\n","protected":false},"excerpt":{"rendered":"<p>El teu infant et demana amb insist\u00e8ncia aliments poc saludables? No li agrada la verdura i comen\u00e7a a rebutjar opcions que abans menjava sense problema? Necessites idees d&#8217;esmorzars per l&#8217;escola nutritius i, alhora, atractius? La Tina i la seva fam\u00edlia us mostraran com abordar aquest tipus de situacions! Puges al tren de l&#8217;alimentaci\u00f3 saludable?<\/p>\n","protected":false},"featured_media":40684,"template":"","meta":{"_acf_changed":false,"site-sidebar-layout":"default","site-content-layout":"default","ast-site-content-layout":"default","site-content-style":"default","site-sidebar-style":"default","ast-global-header-display":"","ast-banner-title-visibility":"","ast-main-header-display":"","ast-hfb-above-header-display":"","ast-hfb-below-header-display":"","ast-hfb-mobile-header-display":"","site-post-title":"","ast-breadcrumbs-content":"","ast-featured-img":"","footer-sml-layout":"","ast-disable-related-posts":"","theme-transparent-header-meta":"default","adv-header-id-meta":"","stick-header-meta":"","header-above-stick-meta":"","header-main-stick-meta":"","header-below-stick-meta":"","astra-migrate-meta-layouts":"default","ast-page-background-enabled":"default","ast-page-background-meta":{"desktop":{"background-color":"","background-image":"","background-repeat":"repeat","background-position":"center center","background-size":"auto","background-attachment":"scroll","background-type":"","background-media":"","overlay-type":"","overlay-color":"","overlay-opacity":"","overlay-gradient":""},"tablet":{"background-color":"","background-image":"","background-repeat":"repeat","background-position":"center center","background-size":"auto","background-attachment":"scroll","background-type":"","background-media":"","overlay-type":"","overlay-color":"","overlay-opacity":"","overlay-gradient":""},"mobile":{"background-color":"","background-image":"","background-repeat":"repeat","background-position":"center center","background-size":"auto","background-attachment":"scroll","background-type":"","background-media":"","overlay-type":"","overlay-color":"","overlay-opacity":"","overlay-gradient":""}},"ast-content-background-meta":{"desktop":{"background-color":"var(--ast-global-color-5)","background-image":"","background-repeat":"repeat","background-position":"center center","background-size":"auto","background-attachment":"scroll","background-type":"","background-media":"","overlay-type":"","overlay-color":"","overlay-opacity":"","overlay-gradient":""},"tablet":{"background-color":"var(--ast-global-color-5)","background-image":"","background-repeat":"repeat","background-position":"center center","background-size":"auto","background-attachment":"scroll","background-type":"","background-media":"","overlay-type":"","overlay-color":"","overlay-opacity":"","overlay-gradient":""},"mobile":{"background-color":"var(--ast-global-color-5)","background-image":"","background-repeat":"repeat","background-position":"center center","background-size":"auto","background-attachment":"scroll","background-type":"","background-media":"","overlay-type":"","overlay-color":"","overlay-opacity":"","overlay-gradient":""}}},"pwb-brand":[],"product_brand":[],"product_cat":[567],"product_tag":[],"class_list":{"0":"post-40245","1":"product","2":"type-product","3":"status-publish","4":"has-post-thumbnail","6":"product_cat-infantils","7":"desktop-align-left","8":"tablet-align-left","9":"mobile-align-left","11":"first","12":"outofstock","13":"taxable","14":"shipping-taxable","15":"purchasable","16":"product-type-simple"},"acf":[],"yoast_head":"<!-- This site is optimized with the Yoast SEO Premium plugin v18.3 (Yoast SEO v27.4) - https:\/\/yoast.com\/product\/yoast-seo-premium-wordpress\/ -->\n<title>La Tina gaudeix menjant &#8212; Som Llavors<\/title>\n<meta name=\"description\" content=\"El teu infant et demana amb insist\u00e8ncia aliments poc saludables? No li agrada la verdura i comen\u00e7a a rebutjar opcions que abans menjava sense problema? Necessites idees d&#039;esmorzars per l&#039;escola nutritius i, alhora, atractius? La Tina i la seva fam\u00edlia us mostraran com abordar aquest tipus de situacions! Puges al tren de l&#039;alimentaci\u00f3 saludable?\" \/>\n<meta name=\"robots\" content=\"index, follow, max-snippet:-1, max-image-preview:large, max-video-preview:-1\" \/>\n<link rel=\"canonical\" href=\"https:\/\/somllavors.com\/es\/producte\/la-tina-gaudeix-menjant\" \/>\n<meta property=\"og:locale\" content=\"es_ES\" \/>\n<meta property=\"og:type\" content=\"article\" \/>\n<meta property=\"og:title\" content=\"La Tina gaudeix menjant\" \/>\n<meta property=\"og:description\" content=\"La teva botiga d\u2019ecocrian\u00e7a i espai d\u2019acompanyament a la maternitat\" \/>\n<meta property=\"og:url\" content=\"https:\/\/somllavors.com\/es\/producte\/la-tina-gaudeix-menjant\" \/>\n<meta property=\"og:site_name\" content=\"Som Llavors\" \/>\n<meta property=\"article:publisher\" content=\"https:\/\/www.facebook.com\/somllavorsvng\/?locale=ca_ES\" \/>\n<meta property=\"article:modified_time\" content=\"2023-07-01T09:30:24+00:00\" \/>\n<meta property=\"og:image\" content=\"https:\/\/somllavors.com\/wp-content\/uploads\/2023\/06\/Som-Llavors-LA-TINA-GAUDEIX-MENJANT-9788413895062.jpg\" \/>\n\t<meta property=\"og:image:width\" content=\"552\" \/>\n\t<meta property=\"og:image:height\" content=\"555\" \/>\n\t<meta property=\"og:image:type\" content=\"image\/jpeg\" \/>\n<meta name=\"twitter:card\" content=\"summary_large_image\" \/>\n<meta name=\"twitter:label1\" content=\"Precio\" \/>\n\t<meta name=\"twitter:data1\" content=\"14,90&euro; Iva incl\u00f2s\" \/>\n\t<meta name=\"twitter:label2\" content=\"Availability\" \/>\n\t<meta name=\"twitter:data2\" content=\"Out of stock\" \/>\n<script type=\"application\/ld+json\" class=\"yoast-schema-graph\">{\"@context\":\"https:\\\/\\\/schema.org\",\"@graph\":[{\"@type\":\"WebPage\",\"@id\":\"https:\\\/\\\/somllavors.com\\\/es\\\/producte\\\/la-tina-gaudeix-menjant\",\"url\":\"https:\\\/\\\/somllavors.com\\\/es\\\/producte\\\/la-tina-gaudeix-menjant\",\"name\":\"La Tina gaudeix menjant &#8212; Som Llavors\",\"isPartOf\":{\"@id\":\"https:\\\/\\\/somllavors.com\\\/es#website\"},\"primaryImageOfPage\":{\"@id\":\"https:\\\/\\\/somllavors.com\\\/es\\\/producte\\\/la-tina-gaudeix-menjant#primaryimage\"},\"image\":{\"@id\":\"https:\\\/\\\/somllavors.com\\\/es\\\/producte\\\/la-tina-gaudeix-menjant#primaryimage\"},\"thumbnailUrl\":\"https:\\\/\\\/somllavors.com\\\/wp-content\\\/uploads\\\/2023\\\/06\\\/Som-Llavors-LA-TINA-GAUDEIX-MENJANT-9788413895062.jpg\",\"datePublished\":\"2023-06-10T11:22:14+00:00\",\"dateModified\":\"2023-07-01T09:30:24+00:00\",\"description\":\"El teu infant et demana amb insist\u00e8ncia aliments poc saludables? No li agrada la verdura i comen\u00e7a a rebutjar opcions que abans menjava sense problema? Necessites idees d'esmorzars per l'escola nutritius i, alhora, atractius? La Tina i la seva fam\u00edlia us mostraran com abordar aquest tipus de situacions! Puges al tren de l'alimentaci\u00f3 saludable?\",\"breadcrumb\":{\"@id\":\"https:\\\/\\\/somllavors.com\\\/es\\\/producte\\\/la-tina-gaudeix-menjant#breadcrumb\"},\"inLanguage\":\"es\",\"potentialAction\":[{\"@type\":\"ReadAction\",\"target\":[\"https:\\\/\\\/somllavors.com\\\/es\\\/producte\\\/la-tina-gaudeix-menjant\"]}]},{\"@type\":\"ImageObject\",\"inLanguage\":\"es\",\"@id\":\"https:\\\/\\\/somllavors.com\\\/es\\\/producte\\\/la-tina-gaudeix-menjant#primaryimage\",\"url\":\"https:\\\/\\\/somllavors.com\\\/wp-content\\\/uploads\\\/2023\\\/06\\\/Som-Llavors-LA-TINA-GAUDEIX-MENJANT-9788413895062.jpg\",\"contentUrl\":\"https:\\\/\\\/somllavors.com\\\/wp-content\\\/uploads\\\/2023\\\/06\\\/Som-Llavors-LA-TINA-GAUDEIX-MENJANT-9788413895062.jpg\",\"width\":552,\"height\":555,\"caption\":\"contes educatius\"},{\"@type\":\"BreadcrumbList\",\"@id\":\"https:\\\/\\\/somllavors.com\\\/es\\\/producte\\\/la-tina-gaudeix-menjant#breadcrumb\",\"itemListElement\":[{\"@type\":\"ListItem\",\"position\":1,\"name\":\"Inici\",\"item\":\"https:\\\/\\\/somllavors.com\\\/es\"},{\"@type\":\"ListItem\",\"position\":2,\"name\":\"Tienda\",\"item\":\"https:\\\/\\\/somllavors.com\\\/es\\\/botiga-2\"},{\"@type\":\"ListItem\",\"position\":3,\"name\":\"La Tina gaudeix menjant\"}]},{\"@type\":\"WebSite\",\"@id\":\"https:\\\/\\\/somllavors.com\\\/es#website\",\"url\":\"https:\\\/\\\/somllavors.com\\\/es\",\"name\":\"Som Llavors\",\"description\":\"Botiga de crian\u00e7a natural\",\"publisher\":{\"@id\":\"https:\\\/\\\/somllavors.com\\\/es#organization\"},\"alternateName\":\"Crian\u00e7a Natural i Sostenible\",\"potentialAction\":[{\"@type\":\"SearchAction\",\"target\":{\"@type\":\"EntryPoint\",\"urlTemplate\":\"https:\\\/\\\/somllavors.com\\\/es?s={search_term_string}\"},\"query-input\":{\"@type\":\"PropertyValueSpecification\",\"valueRequired\":true,\"valueName\":\"search_term_string\"}}],\"inLanguage\":\"es\"},{\"@type\":[\"Organization\",\"Place\",\"Store\"],\"@id\":\"https:\\\/\\\/somllavors.com\\\/es#organization\",\"name\":\"Som Llavors\",\"alternateName\":\"Crian\u00e7a Natural i Sostenible\",\"url\":\"https:\\\/\\\/somllavors.com\\\/es\",\"logo\":{\"@id\":\"https:\\\/\\\/somllavors.com\\\/es\\\/producte\\\/la-tina-gaudeix-menjant#local-main-organization-logo\"},\"image\":{\"@id\":\"https:\\\/\\\/somllavors.com\\\/es\\\/producte\\\/la-tina-gaudeix-menjant#local-main-organization-logo\"},\"sameAs\":[\"https:\\\/\\\/www.facebook.com\\\/somllavorsvng\\\/?locale=ca_ES\",\"https:\\\/\\\/www.instagram.com\\\/somllavors_vng\\\/\",\"https:\\\/\\\/www.youtube.com\\\/@somllavors\"],\"address\":{\"@id\":\"https:\\\/\\\/somllavors.com\\\/es\\\/producte\\\/la-tina-gaudeix-menjant#local-main-place-address\"},\"geo\":{\"@type\":\"GeoCoordinates\",\"latitude\":\"41.2257737\",\"longitude\":\"1.723258859\"},\"telephone\":[\"623152704\"],\"openingHoursSpecification\":[{\"@type\":\"OpeningHoursSpecification\",\"dayOfWeek\":[\"Monday\",\"Sunday\"],\"opens\":\"00:00\",\"closes\":\"00:00\"},{\"@type\":\"OpeningHoursSpecification\",\"dayOfWeek\":[\"Tuesday\",\"Wednesday\",\"Thursday\",\"Friday\"],\"opens\":\"10:00\",\"closes\":\"20:00\"},{\"@type\":\"OpeningHoursSpecification\",\"dayOfWeek\":[\"Saturday\"],\"opens\":\"10:00\",\"closes\":\"13:30\"}],\"email\":\"info@somllavors.com\"},{\"@type\":\"PostalAddress\",\"@id\":\"https:\\\/\\\/somllavors.com\\\/es\\\/producte\\\/la-tina-gaudeix-menjant#local-main-place-address\",\"streetAddress\":\"Carrer de l'aigua, 6\",\"addressLocality\":\"Vilanova i la Geltr\u00fa\",\"postalCode\":\"08800\",\"addressRegion\":\"Barcelona\",\"addressCountry\":\"ES\"},{\"@type\":\"ImageObject\",\"inLanguage\":\"es\",\"@id\":\"https:\\\/\\\/somllavors.com\\\/es\\\/producte\\\/la-tina-gaudeix-menjant#local-main-organization-logo\",\"url\":\"https:\\\/\\\/somllavors.com\\\/wp-content\\\/uploads\\\/Logotip-Som-Llavors.jpg\",\"contentUrl\":\"https:\\\/\\\/somllavors.com\\\/wp-content\\\/uploads\\\/Logotip-Som-Llavors.jpg\",\"width\":1444,\"height\":1323,\"caption\":\"Som Llavors\"}]}<\/script>\n<meta property=\"product:price:amount\" content=\"14.90\" \/>\n<meta property=\"product:price:currency\" content=\"EUR\" \/>\n<meta property=\"og:availability\" content=\"out of stock\" \/>\n<meta property=\"product:availability\" content=\"out of stock\" \/>\n<meta property=\"product:retailer_item_id\" content=\"9788413895062\" \/>\n<meta property=\"product:condition\" content=\"new\" \/>\n<meta name=\"geo.placename\" content=\"Vilanova i la Geltr\u00fa\" \/>\n<meta name=\"geo.position\" content=\"41.2257737;1.723258859\" \/>\n<meta name=\"geo.region\" content=\"Espa\u00f1a\" \/>\n<!-- \/ Yoast SEO Premium plugin. -->","yoast_head_json":{"title":"La Tina gaudeix menjant &#8212; Som Llavors","description":"El teu infant et demana amb insist\u00e8ncia aliments poc saludables? No li agrada la verdura i comen\u00e7a a rebutjar opcions que abans menjava sense problema? Necessites idees d'esmorzars per l'escola nutritius i, alhora, atractius? La Tina i la seva fam\u00edlia us mostraran com abordar aquest tipus de situacions! Puges al tren de l'alimentaci\u00f3 saludable?","robots":{"index":"index","follow":"follow","max-snippet":"max-snippet:-1","max-image-preview":"max-image-preview:large","max-video-preview":"max-video-preview:-1"},"canonical":"https:\/\/somllavors.com\/es\/producte\/la-tina-gaudeix-menjant","og_locale":"es_ES","og_type":"article","og_title":"La Tina gaudeix menjant","og_description":"La teva botiga d\u2019ecocrian\u00e7a i espai d\u2019acompanyament a la maternitat","og_url":"https:\/\/somllavors.com\/es\/producte\/la-tina-gaudeix-menjant","og_site_name":"Som Llavors","article_publisher":"https:\/\/www.facebook.com\/somllavorsvng\/?locale=ca_ES","article_modified_time":"2023-07-01T09:30:24+00:00","og_image":[{"width":552,"height":555,"url":"https:\/\/somllavors.com\/wp-content\/uploads\/2023\/06\/Som-Llavors-LA-TINA-GAUDEIX-MENJANT-9788413895062.jpg","type":"image\/jpeg"}],"twitter_card":"summary_large_image","twitter_misc":{"Precio":"14,90&euro; Iva incl\u00f2s","Availability":"Out of stock"},"schema":{"@context":"https:\/\/schema.org","@graph":[{"@type":"WebPage","@id":"https:\/\/somllavors.com\/es\/producte\/la-tina-gaudeix-menjant","url":"https:\/\/somllavors.com\/es\/producte\/la-tina-gaudeix-menjant","name":"La Tina gaudeix menjant &#8212; Som Llavors","isPartOf":{"@id":"https:\/\/somllavors.com\/es#website"},"primaryImageOfPage":{"@id":"https:\/\/somllavors.com\/es\/producte\/la-tina-gaudeix-menjant#primaryimage"},"image":{"@id":"https:\/\/somllavors.com\/es\/producte\/la-tina-gaudeix-menjant#primaryimage"},"thumbnailUrl":"https:\/\/somllavors.com\/wp-content\/uploads\/2023\/06\/Som-Llavors-LA-TINA-GAUDEIX-MENJANT-9788413895062.jpg","datePublished":"2023-06-10T11:22:14+00:00","dateModified":"2023-07-01T09:30:24+00:00","description":"El teu infant et demana amb insist\u00e8ncia aliments poc saludables? No li agrada la verdura i comen\u00e7a a rebutjar opcions que abans menjava sense problema? Necessites idees d'esmorzars per l'escola nutritius i, alhora, atractius? La Tina i la seva fam\u00edlia us mostraran com abordar aquest tipus de situacions! Puges al tren de l'alimentaci\u00f3 saludable?","breadcrumb":{"@id":"https:\/\/somllavors.com\/es\/producte\/la-tina-gaudeix-menjant#breadcrumb"},"inLanguage":"es","potentialAction":[{"@type":"ReadAction","target":["https:\/\/somllavors.com\/es\/producte\/la-tina-gaudeix-menjant"]}]},{"@type":"ImageObject","inLanguage":"es","@id":"https:\/\/somllavors.com\/es\/producte\/la-tina-gaudeix-menjant#primaryimage","url":"https:\/\/somllavors.com\/wp-content\/uploads\/2023\/06\/Som-Llavors-LA-TINA-GAUDEIX-MENJANT-9788413895062.jpg","contentUrl":"https:\/\/somllavors.com\/wp-content\/uploads\/2023\/06\/Som-Llavors-LA-TINA-GAUDEIX-MENJANT-9788413895062.jpg","width":552,"height":555,"caption":"contes educatius"},{"@type":"BreadcrumbList","@id":"https:\/\/somllavors.com\/es\/producte\/la-tina-gaudeix-menjant#breadcrumb","itemListElement":[{"@type":"ListItem","position":1,"name":"Inici","item":"https:\/\/somllavors.com\/es"},{"@type":"ListItem","position":2,"name":"Tienda","item":"https:\/\/somllavors.com\/es\/botiga-2"},{"@type":"ListItem","position":3,"name":"La Tina gaudeix menjant"}]},{"@type":"WebSite","@id":"https:\/\/somllavors.com\/es#website","url":"https:\/\/somllavors.com\/es","name":"Som Llavors","description":"Botiga de crian\u00e7a natural","publisher":{"@id":"https:\/\/somllavors.com\/es#organization"},"alternateName":"Crian\u00e7a Natural i Sostenible","potentialAction":[{"@type":"SearchAction","target":{"@type":"EntryPoint","urlTemplate":"https:\/\/somllavors.com\/es?s={search_term_string}"},"query-input":{"@type":"PropertyValueSpecification","valueRequired":true,"valueName":"search_term_string"}}],"inLanguage":"es"},{"@type":["Organization","Place","Store"],"@id":"https:\/\/somllavors.com\/es#organization","name":"Som Llavors","alternateName":"Crian\u00e7a Natural i Sostenible","url":"https:\/\/somllavors.com\/es","logo":{"@id":"https:\/\/somllavors.com\/es\/producte\/la-tina-gaudeix-menjant#local-main-organization-logo"},"image":{"@id":"https:\/\/somllavors.com\/es\/producte\/la-tina-gaudeix-menjant#local-main-organization-logo"},"sameAs":["https:\/\/www.facebook.com\/somllavorsvng\/?locale=ca_ES","https:\/\/www.instagram.com\/somllavors_vng\/","https:\/\/www.youtube.com\/@somllavors"],"address":{"@id":"https:\/\/somllavors.com\/es\/producte\/la-tina-gaudeix-menjant#local-main-place-address"},"geo":{"@type":"GeoCoordinates","latitude":"41.2257737","longitude":"1.723258859"},"telephone":["623152704","623152704"],"openingHoursSpecification":[{"@type":"OpeningHoursSpecification","dayOfWeek":["Monday","Sunday"],"opens":"00:00","closes":"00:00"},{"@type":"OpeningHoursSpecification","dayOfWeek":["Tuesday","Wednesday","Thursday","Friday"],"opens":"10:00","closes":"20:00"},{"@type":"OpeningHoursSpecification","dayOfWeek":["Saturday"],"opens":"10:00","closes":"13:30"}],"email":"info@somllavors.com"},{"@type":"PostalAddress","@id":"https:\/\/somllavors.com\/es\/producte\/la-tina-gaudeix-menjant#local-main-place-address","streetAddress":"Carrer de l'aigua, 6","addressLocality":"Vilanova i la Geltr\u00fa","postalCode":"08800","addressRegion":"Barcelona","addressCountry":"ES"},{"@type":"ImageObject","inLanguage":"es","@id":"https:\/\/somllavors.com\/es\/producte\/la-tina-gaudeix-menjant#local-main-organization-logo","url":"https:\/\/somllavors.com\/wp-content\/uploads\/Logotip-Som-Llavors.jpg","contentUrl":"https:\/\/somllavors.com\/wp-content\/uploads\/Logotip-Som-Llavors.jpg","width":1444,"height":1323,"caption":"Som Llavors"}]},"product_price_amount":"14.90","product_price_currency":"EUR","og_availability":"out of stock","product_availability":"out of stock","product_retailer_item_id":"9788413895062","product_condition":"new","geo.placename":"Vilanova i la Geltr\u00fa","geo.position":{"lat":"41.2257737","long":"1.723258859"},"geo.region":"Espa\u00f1a"},"brands":[],"_links":{"self":[{"href":"https:\/\/somllavors.com\/es\/wp-json\/wp\/v2\/product\/40245","targetHints":{"allow":["GET"]}}],"collection":[{"href":"https:\/\/somllavors.com\/es\/wp-json\/wp\/v2\/product"}],"about":[{"href":"https:\/\/somllavors.com\/es\/wp-json\/wp\/v2\/types\/product"}],"wp:featuredmedia":[{"embeddable":true,"href":"https:\/\/somllavors.com\/es\/wp-json\/wp\/v2\/media\/40684"}],"wp:attachment":[{"href":"https:\/\/somllavors.com\/es\/wp-json\/wp\/v2\/media?parent=40245"}],"wp:term":[{"taxonomy":"pwb-brand","embeddable":true,"href":"https:\/\/somllavors.com\/es\/wp-json\/wp\/v2\/pwb-brand?post=40245"},{"taxonomy":"product_brand","embeddable":true,"href":"https:\/\/somllavors.com\/es\/wp-json\/wp\/v2\/product_brand?post=40245"},{"taxonomy":"product_cat","embeddable":true,"href":"https:\/\/somllavors.com\/es\/wp-json\/wp\/v2\/product_cat?post=40245"},{"taxonomy":"product_tag","embeddable":true,"href":"https:\/\/somllavors.com\/es\/wp-json\/wp\/v2\/product_tag?post=40245"}],"curies":[{"name":"wp","href":"https:\/\/api.w.org\/{rel}","templated":true}]}}