{"id":40513,"date":"2023-06-17T08:59:50","date_gmt":"2023-06-17T06:59:50","guid":{"rendered":"https:\/\/somllavors.com\/?post_type=product&#038;p=40513"},"modified":"2025-09-09T19:23:06","modified_gmt":"2025-09-09T17:23:06","slug":"doudou-anella-mossegador-de-punt-nobodinoz","status":"publish","type":"product","link":"https:\/\/somllavors.com\/es\/producte\/doudou-anella-mossegador-de-punt-nobodinoz","title":{"rendered":"Doudou Anella mossegador de punt &#8211; Nobodinoz"},"content":{"rendered":"<ul>\n<li>Embalatge: Bosseta de cot\u00f3 org\u00e0nic per preservar el producte<\/li>\n<li>Mides: cm 22 x 35 cm. Anella de de \u2300 7 cm<\/li>\n<li>Com rentar: Cicle de rentat a m\u00e0 amb aigua freda, no deixar en remull, no centrifugar, no planxar. Treure l&#8217;anella de dentici\u00f3 abans de rentar el doudou.<\/li>\n<li>Per tenir cura de l&#8217;anella, es recomana fregar una mica d&#8217;oli de coco amb delicadesa. \u00c9s el millor antibacteri\u00e0 per protegir i cuidar la fusta.<\/li>\n<li>Materials Exterior: 100% cot\u00f3 org\u00e0nic; Anella d&#8217;aur\u00f3 mass\u00eds<\/li>\n<li>Certificats Cot\u00f3 org\u00e0nic; teixit certificat \u0152ko-Tex classe 1: bo per a la pell dels infants i pel planeta<\/li>\n<li>Origen Fabricaci\u00f3 espanyola<\/li>\n<\/ul>\n","protected":false},"excerpt":{"rendered":"<p>M\u00e9s que un mossegador, es tracta d&#8217;un aut\u00e8ntic peluix que conservem de per vida. Satisfar\u00e0 el teu nad\u00f3 que mai m\u00e9s no voldr\u00e0 deixar-lo. L&#8217;anella d&#8217;aur\u00f3 mass\u00eds no est\u00e0 tractada, d&#8217;aquesta manera li proporciona un acabat mat i elegant.<\/p>\n<ul>\n<li>El Doudou \u00e9s f\u00e0cil de desmuntar per rentar f\u00e0cilment.<\/li>\n<li>Ajuda el nad\u00f3 a desenvolupar els seus sentits amb les joguines de cot\u00f3 org\u00e0nic.<\/li>\n<\/ul>\n","protected":false},"featured_media":40517,"template":"","meta":{"_acf_changed":false,"site-sidebar-layout":"default","site-content-layout":"default","ast-site-content-layout":"default","site-content-style":"default","site-sidebar-style":"default","ast-global-header-display":"","ast-banner-title-visibility":"","ast-main-header-display":"","ast-hfb-above-header-display":"","ast-hfb-below-header-display":"","ast-hfb-mobile-header-display":"","site-post-title":"","ast-breadcrumbs-content":"","ast-featured-img":"","footer-sml-layout":"","theme-transparent-header-meta":"default","adv-header-id-meta":"","stick-header-meta":"","header-above-stick-meta":"","header-main-stick-meta":"","header-below-stick-meta":"","astra-migrate-meta-layouts":"default","ast-page-background-enabled":"default","ast-page-background-meta":{"desktop":{"background-color":"","background-image":"","background-repeat":"repeat","background-position":"center center","background-size":"auto","background-attachment":"scroll","background-type":"","background-media":"","overlay-type":"","overlay-color":"","overlay-opacity":"","overlay-gradient":""},"tablet":{"background-color":"","background-image":"","background-repeat":"repeat","background-position":"center center","background-size":"auto","background-attachment":"scroll","background-type":"","background-media":"","overlay-type":"","overlay-color":"","overlay-opacity":"","overlay-gradient":""},"mobile":{"background-color":"","background-image":"","background-repeat":"repeat","background-position":"center center","background-size":"auto","background-attachment":"scroll","background-type":"","background-media":"","overlay-type":"","overlay-color":"","overlay-opacity":"","overlay-gradient":""}},"ast-content-background-meta":{"desktop":{"background-color":"var(--ast-global-color-5)","background-image":"","background-repeat":"repeat","background-position":"center center","background-size":"auto","background-attachment":"scroll","background-type":"","background-media":"","overlay-type":"","overlay-color":"","overlay-opacity":"","overlay-gradient":""},"tablet":{"background-color":"var(--ast-global-color-5)","background-image":"","background-repeat":"repeat","background-position":"center center","background-size":"auto","background-attachment":"scroll","background-type":"","background-media":"","overlay-type":"","overlay-color":"","overlay-opacity":"","overlay-gradient":""},"mobile":{"background-color":"var(--ast-global-color-5)","background-image":"","background-repeat":"repeat","background-position":"center center","background-size":"auto","background-attachment":"scroll","background-type":"","background-media":"","overlay-type":"","overlay-color":"","overlay-opacity":"","overlay-gradient":""}}},"pwb-brand":[4106],"product_brand":[],"product_cat":[3360,3361,3362,3358,3359,3357,874,581,890],"product_tag":[800,3413,678,408,1432,1726],"class_list":{"0":"post-40513","1":"product","2":"type-product","3":"status-publish","4":"has-post-thumbnail","6":"pwb-brand-nobodinoz","7":"product_cat-12-mesos","8":"product_cat-18-mesos","9":"product_cat-2-anys","10":"product_cat-3-mesos","11":"product_cat-6-mesos","12":"product_cat-0-mesos","13":"product_cat-jocs-i-joguines-de-roba","14":"product_cat-mossegadors-i-portaxumets","15":"product_cat-primeres-joguines","16":"product_tag-algodon-organico","17":"product_tag-doudou","18":"product_tag-madera","19":"product_tag-mordedor","20":"product_tag-nobodinoz","21":"product_tag-punto","22":"desktop-align-left","23":"tablet-align-left","24":"mobile-align-left","26":"first","27":"instock","28":"taxable","29":"shipping-taxable","30":"purchasable","31":"product-type-simple"},"acf":[],"yoast_head":"<!-- This site is optimized with the Yoast SEO Premium plugin v18.3 (Yoast SEO v26.2) - https:\/\/yoast.com\/wordpress\/plugins\/seo\/ -->\n<title>Doudou Anella mossegador de punt - Nobodinoz &#8212; Som Llavors<\/title>\n<meta name=\"description\" content=\"M\u00e9s que un mossegador, es tracta d&#039;un aut\u00e8ntic peluix que conservem de per vida. Satisfar\u00e0 el teu nad\u00f3 que mai m\u00e9s no voldr\u00e0 deixar-lo.\" \/>\n<meta name=\"robots\" content=\"index, follow, max-snippet:-1, max-image-preview:large, max-video-preview:-1\" \/>\n<link rel=\"canonical\" href=\"https:\/\/somllavors.com\/es\/producte\/doudou-anella-mossegador-de-punt-nobodinoz\" \/>\n<meta property=\"og:locale\" content=\"es_ES\" \/>\n<meta property=\"og:type\" content=\"article\" \/>\n<meta property=\"og:title\" content=\"Doudou Anella mossegador de punt - Nobodinoz\" \/>\n<meta property=\"og:description\" content=\"La teva botiga d\u2019ecocrian\u00e7a i espai d\u2019acompanyament a la maternitat\" \/>\n<meta property=\"og:url\" content=\"https:\/\/somllavors.com\/es\/producte\/doudou-anella-mossegador-de-punt-nobodinoz\" \/>\n<meta property=\"og:site_name\" content=\"Som Llavors\" \/>\n<meta property=\"article:publisher\" content=\"https:\/\/www.facebook.com\/somllavorsvng\/?locale=ca_ES\" \/>\n<meta property=\"article:modified_time\" content=\"2025-09-09T17:23:06+00:00\" \/>\n<meta property=\"og:image\" content=\"https:\/\/somllavors.com\/wp-content\/uploads\/2023\/06\/Som-Llavors-so-natural-knitted-teether-ring-mordedor-anneau-dentition-biscuit-nobodinoz-1-4.jpeg\" \/>\n\t<meta property=\"og:image:width\" content=\"1100\" \/>\n\t<meta property=\"og:image:height\" content=\"800\" \/>\n\t<meta property=\"og:image:type\" content=\"image\/jpeg\" \/>\n<meta name=\"twitter:card\" content=\"summary_large_image\" \/>\n<meta name=\"twitter:label1\" content=\"Precio\" \/>\n\t<meta name=\"twitter:data1\" content=\"22,95&euro; Iva incl\u00f2s\" \/>\n\t<meta name=\"twitter:label2\" content=\"Availability\" \/>\n\t<meta name=\"twitter:data2\" content=\"Hay existencias\" \/>\n<script type=\"application\/ld+json\" class=\"yoast-schema-graph\">{\"@context\":\"https:\/\/schema.org\",\"@graph\":[{\"@type\":\"WebPage\",\"@id\":\"https:\/\/somllavors.com\/es\/producte\/doudou-anella-mossegador-de-punt-nobodinoz\",\"url\":\"https:\/\/somllavors.com\/es\/producte\/doudou-anella-mossegador-de-punt-nobodinoz\",\"name\":\"Doudou Anella mossegador de punt - Nobodinoz &#8212; Som Llavors\",\"isPartOf\":{\"@id\":\"https:\/\/somllavors.com\/es#website\"},\"primaryImageOfPage\":{\"@id\":\"https:\/\/somllavors.com\/es\/producte\/doudou-anella-mossegador-de-punt-nobodinoz#primaryimage\"},\"image\":{\"@id\":\"https:\/\/somllavors.com\/es\/producte\/doudou-anella-mossegador-de-punt-nobodinoz#primaryimage\"},\"thumbnailUrl\":\"https:\/\/somllavors.com\/wp-content\/uploads\/2023\/06\/Som-Llavors-so-natural-knitted-teether-ring-mordedor-anneau-dentition-biscuit-nobodinoz-1-4.jpeg\",\"datePublished\":\"2023-06-17T06:59:50+00:00\",\"dateModified\":\"2025-09-09T17:23:06+00:00\",\"description\":\"M\u00e9s que un mossegador, es tracta d'un aut\u00e8ntic peluix que conservem de per vida. Satisfar\u00e0 el teu nad\u00f3 que mai m\u00e9s no voldr\u00e0 deixar-lo.\",\"breadcrumb\":{\"@id\":\"https:\/\/somllavors.com\/es\/producte\/doudou-anella-mossegador-de-punt-nobodinoz#breadcrumb\"},\"inLanguage\":\"es\",\"potentialAction\":[{\"@type\":\"ReadAction\",\"target\":[\"https:\/\/somllavors.com\/es\/producte\/doudou-anella-mossegador-de-punt-nobodinoz\"]}]},{\"@type\":\"ImageObject\",\"inLanguage\":\"es\",\"@id\":\"https:\/\/somllavors.com\/es\/producte\/doudou-anella-mossegador-de-punt-nobodinoz#primaryimage\",\"url\":\"https:\/\/somllavors.com\/wp-content\/uploads\/2023\/06\/Som-Llavors-so-natural-knitted-teether-ring-mordedor-anneau-dentition-biscuit-nobodinoz-1-4.jpeg\",\"contentUrl\":\"https:\/\/somllavors.com\/wp-content\/uploads\/2023\/06\/Som-Llavors-so-natural-knitted-teether-ring-mordedor-anneau-dentition-biscuit-nobodinoz-1-4.jpeg\",\"width\":1100,\"height\":800,\"caption\":\"doudou de punto\"},{\"@type\":\"BreadcrumbList\",\"@id\":\"https:\/\/somllavors.com\/es\/producte\/doudou-anella-mossegador-de-punt-nobodinoz#breadcrumb\",\"itemListElement\":[{\"@type\":\"ListItem\",\"position\":1,\"name\":\"Inici\",\"item\":\"https:\/\/somllavors.com\/es\"},{\"@type\":\"ListItem\",\"position\":2,\"name\":\"Tienda\",\"item\":\"https:\/\/somllavors.com\/es\/botiga-2\"},{\"@type\":\"ListItem\",\"position\":3,\"name\":\"Doudou Anella mossegador de punt &#8211; Nobodinoz\"}]},{\"@type\":\"WebSite\",\"@id\":\"https:\/\/somllavors.com\/es#website\",\"url\":\"https:\/\/somllavors.com\/es\",\"name\":\"Som Llavors\",\"description\":\"Botiga de crian\u00e7a natural\",\"publisher\":{\"@id\":\"https:\/\/somllavors.com\/es#organization\"},\"alternateName\":\"Crian\u00e7a Natural i Sostenible\",\"potentialAction\":[{\"@type\":\"SearchAction\",\"target\":{\"@type\":\"EntryPoint\",\"urlTemplate\":\"https:\/\/somllavors.com\/es?s={search_term_string}\"},\"query-input\":{\"@type\":\"PropertyValueSpecification\",\"valueRequired\":true,\"valueName\":\"search_term_string\"}}],\"inLanguage\":\"es\"},{\"@type\":[\"Organization\",\"Place\",\"Store\"],\"@id\":\"https:\/\/somllavors.com\/es#organization\",\"name\":\"Som Llavors\",\"alternateName\":\"Crian\u00e7a Natural i Sostenible\",\"url\":\"https:\/\/somllavors.com\/es\",\"logo\":{\"@id\":\"https:\/\/somllavors.com\/es\/producte\/doudou-anella-mossegador-de-punt-nobodinoz#local-main-organization-logo\"},\"image\":{\"@id\":\"https:\/\/somllavors.com\/es\/producte\/doudou-anella-mossegador-de-punt-nobodinoz#local-main-organization-logo\"},\"sameAs\":[\"https:\/\/www.facebook.com\/somllavorsvng\/?locale=ca_ES\",\"https:\/\/www.instagram.com\/somllavors_vng\/\",\"https:\/\/www.youtube.com\/@somllavors\"],\"address\":{\"@id\":\"https:\/\/somllavors.com\/es\/producte\/doudou-anella-mossegador-de-punt-nobodinoz#local-main-place-address\"},\"geo\":{\"@type\":\"GeoCoordinates\",\"latitude\":\"41.2257737\",\"longitude\":\"1.723258859\"},\"telephone\":[\"623152704\"],\"openingHoursSpecification\":[{\"@type\":\"OpeningHoursSpecification\",\"dayOfWeek\":[\"Monday\",\"Sunday\"],\"opens\":\"00:00\",\"closes\":\"00:00\"},{\"@type\":\"OpeningHoursSpecification\",\"dayOfWeek\":[\"Tuesday\",\"Wednesday\",\"Thursday\",\"Friday\"],\"opens\":\"10:00\",\"closes\":\"20:00\"},{\"@type\":\"OpeningHoursSpecification\",\"dayOfWeek\":[\"Saturday\"],\"opens\":\"10:00\",\"closes\":\"13:30\"}],\"email\":\"info@somllavors.com\"},{\"@type\":\"PostalAddress\",\"@id\":\"https:\/\/somllavors.com\/es\/producte\/doudou-anella-mossegador-de-punt-nobodinoz#local-main-place-address\",\"streetAddress\":\"Carrer de l'aigua, 6\",\"addressLocality\":\"Vilanova i la Geltr\u00fa\",\"postalCode\":\"08800\",\"addressRegion\":\"Barcelona\",\"addressCountry\":\"ES\"},{\"@type\":\"ImageObject\",\"inLanguage\":\"es\",\"@id\":\"https:\/\/somllavors.com\/es\/producte\/doudou-anella-mossegador-de-punt-nobodinoz#local-main-organization-logo\",\"url\":\"https:\/\/somllavors.com\/wp-content\/uploads\/Logotip-Som-Llavors.jpg\",\"contentUrl\":\"https:\/\/somllavors.com\/wp-content\/uploads\/Logotip-Som-Llavors.jpg\",\"width\":1444,\"height\":1323,\"caption\":\"Som Llavors\"}]}<\/script>\n<meta property=\"product:price:amount\" content=\"22.95\" \/>\n<meta property=\"product:price:currency\" content=\"EUR\" \/>\n<meta property=\"og:availability\" content=\"instock\" \/>\n<meta property=\"product:availability\" content=\"instock\" \/>\n<meta property=\"product:retailer_item_id\" content=\"8435574916594\" \/>\n<meta property=\"product:condition\" content=\"new\" \/>\n<meta name=\"geo.placename\" content=\"Vilanova i la Geltr\u00fa\" \/>\n<meta name=\"geo.position\" content=\"41.2257737;1.723258859\" \/>\n<meta name=\"geo.region\" content=\"Espa\u00f1a\" \/>\n<!-- \/ Yoast SEO Premium plugin. -->","yoast_head_json":{"title":"Doudou Anella mossegador de punt - Nobodinoz &#8212; Som Llavors","description":"M\u00e9s que un mossegador, es tracta d'un aut\u00e8ntic peluix que conservem de per vida. Satisfar\u00e0 el teu nad\u00f3 que mai m\u00e9s no voldr\u00e0 deixar-lo.","robots":{"index":"index","follow":"follow","max-snippet":"max-snippet:-1","max-image-preview":"max-image-preview:large","max-video-preview":"max-video-preview:-1"},"canonical":"https:\/\/somllavors.com\/es\/producte\/doudou-anella-mossegador-de-punt-nobodinoz","og_locale":"es_ES","og_type":"article","og_title":"Doudou Anella mossegador de punt - Nobodinoz","og_description":"La teva botiga d\u2019ecocrian\u00e7a i espai d\u2019acompanyament a la maternitat","og_url":"https:\/\/somllavors.com\/es\/producte\/doudou-anella-mossegador-de-punt-nobodinoz","og_site_name":"Som Llavors","article_publisher":"https:\/\/www.facebook.com\/somllavorsvng\/?locale=ca_ES","article_modified_time":"2025-09-09T17:23:06+00:00","og_image":[{"width":1100,"height":800,"url":"https:\/\/somllavors.com\/wp-content\/uploads\/2023\/06\/Som-Llavors-so-natural-knitted-teether-ring-mordedor-anneau-dentition-biscuit-nobodinoz-1-4.jpeg","type":"image\/jpeg"}],"twitter_card":"summary_large_image","twitter_misc":{"Precio":"22,95&euro; Iva incl\u00f2s","Availability":"Hay existencias"},"schema":{"@context":"https:\/\/schema.org","@graph":[{"@type":"WebPage","@id":"https:\/\/somllavors.com\/es\/producte\/doudou-anella-mossegador-de-punt-nobodinoz","url":"https:\/\/somllavors.com\/es\/producte\/doudou-anella-mossegador-de-punt-nobodinoz","name":"Doudou Anella mossegador de punt - Nobodinoz &#8212; Som Llavors","isPartOf":{"@id":"https:\/\/somllavors.com\/es#website"},"primaryImageOfPage":{"@id":"https:\/\/somllavors.com\/es\/producte\/doudou-anella-mossegador-de-punt-nobodinoz#primaryimage"},"image":{"@id":"https:\/\/somllavors.com\/es\/producte\/doudou-anella-mossegador-de-punt-nobodinoz#primaryimage"},"thumbnailUrl":"https:\/\/somllavors.com\/wp-content\/uploads\/2023\/06\/Som-Llavors-so-natural-knitted-teether-ring-mordedor-anneau-dentition-biscuit-nobodinoz-1-4.jpeg","datePublished":"2023-06-17T06:59:50+00:00","dateModified":"2025-09-09T17:23:06+00:00","description":"M\u00e9s que un mossegador, es tracta d'un aut\u00e8ntic peluix que conservem de per vida. Satisfar\u00e0 el teu nad\u00f3 que mai m\u00e9s no voldr\u00e0 deixar-lo.","breadcrumb":{"@id":"https:\/\/somllavors.com\/es\/producte\/doudou-anella-mossegador-de-punt-nobodinoz#breadcrumb"},"inLanguage":"es","potentialAction":[{"@type":"ReadAction","target":["https:\/\/somllavors.com\/es\/producte\/doudou-anella-mossegador-de-punt-nobodinoz"]}]},{"@type":"ImageObject","inLanguage":"es","@id":"https:\/\/somllavors.com\/es\/producte\/doudou-anella-mossegador-de-punt-nobodinoz#primaryimage","url":"https:\/\/somllavors.com\/wp-content\/uploads\/2023\/06\/Som-Llavors-so-natural-knitted-teether-ring-mordedor-anneau-dentition-biscuit-nobodinoz-1-4.jpeg","contentUrl":"https:\/\/somllavors.com\/wp-content\/uploads\/2023\/06\/Som-Llavors-so-natural-knitted-teether-ring-mordedor-anneau-dentition-biscuit-nobodinoz-1-4.jpeg","width":1100,"height":800,"caption":"doudou de punto"},{"@type":"BreadcrumbList","@id":"https:\/\/somllavors.com\/es\/producte\/doudou-anella-mossegador-de-punt-nobodinoz#breadcrumb","itemListElement":[{"@type":"ListItem","position":1,"name":"Inici","item":"https:\/\/somllavors.com\/es"},{"@type":"ListItem","position":2,"name":"Tienda","item":"https:\/\/somllavors.com\/es\/botiga-2"},{"@type":"ListItem","position":3,"name":"Doudou Anella mossegador de punt &#8211; Nobodinoz"}]},{"@type":"WebSite","@id":"https:\/\/somllavors.com\/es#website","url":"https:\/\/somllavors.com\/es","name":"Som Llavors","description":"Botiga de crian\u00e7a natural","publisher":{"@id":"https:\/\/somllavors.com\/es#organization"},"alternateName":"Crian\u00e7a Natural i Sostenible","potentialAction":[{"@type":"SearchAction","target":{"@type":"EntryPoint","urlTemplate":"https:\/\/somllavors.com\/es?s={search_term_string}"},"query-input":{"@type":"PropertyValueSpecification","valueRequired":true,"valueName":"search_term_string"}}],"inLanguage":"es"},{"@type":["Organization","Place","Store"],"@id":"https:\/\/somllavors.com\/es#organization","name":"Som Llavors","alternateName":"Crian\u00e7a Natural i Sostenible","url":"https:\/\/somllavors.com\/es","logo":{"@id":"https:\/\/somllavors.com\/es\/producte\/doudou-anella-mossegador-de-punt-nobodinoz#local-main-organization-logo"},"image":{"@id":"https:\/\/somllavors.com\/es\/producte\/doudou-anella-mossegador-de-punt-nobodinoz#local-main-organization-logo"},"sameAs":["https:\/\/www.facebook.com\/somllavorsvng\/?locale=ca_ES","https:\/\/www.instagram.com\/somllavors_vng\/","https:\/\/www.youtube.com\/@somllavors"],"address":{"@id":"https:\/\/somllavors.com\/es\/producte\/doudou-anella-mossegador-de-punt-nobodinoz#local-main-place-address"},"geo":{"@type":"GeoCoordinates","latitude":"41.2257737","longitude":"1.723258859"},"telephone":["623152704","623152704"],"openingHoursSpecification":[{"@type":"OpeningHoursSpecification","dayOfWeek":["Monday","Sunday"],"opens":"00:00","closes":"00:00"},{"@type":"OpeningHoursSpecification","dayOfWeek":["Tuesday","Wednesday","Thursday","Friday"],"opens":"10:00","closes":"20:00"},{"@type":"OpeningHoursSpecification","dayOfWeek":["Saturday"],"opens":"10:00","closes":"13:30"}],"email":"info@somllavors.com"},{"@type":"PostalAddress","@id":"https:\/\/somllavors.com\/es\/producte\/doudou-anella-mossegador-de-punt-nobodinoz#local-main-place-address","streetAddress":"Carrer de l'aigua, 6","addressLocality":"Vilanova i la Geltr\u00fa","postalCode":"08800","addressRegion":"Barcelona","addressCountry":"ES"},{"@type":"ImageObject","inLanguage":"es","@id":"https:\/\/somllavors.com\/es\/producte\/doudou-anella-mossegador-de-punt-nobodinoz#local-main-organization-logo","url":"https:\/\/somllavors.com\/wp-content\/uploads\/Logotip-Som-Llavors.jpg","contentUrl":"https:\/\/somllavors.com\/wp-content\/uploads\/Logotip-Som-Llavors.jpg","width":1444,"height":1323,"caption":"Som Llavors"}]},"product_price_amount":"22.95","product_price_currency":"EUR","og_availability":"instock","product_availability":"instock","product_retailer_item_id":"8435574916594","product_condition":"new","geo.placename":"Vilanova i la Geltr\u00fa","geo.position":{"lat":"41.2257737","long":"1.723258859"},"geo.region":"Espa\u00f1a"},"brands":[{"id":4106,"name":"Nobodinoz","slug":"nobodinoz"}],"_links":{"self":[{"href":"https:\/\/somllavors.com\/es\/wp-json\/wp\/v2\/product\/40513","targetHints":{"allow":["GET"]}}],"collection":[{"href":"https:\/\/somllavors.com\/es\/wp-json\/wp\/v2\/product"}],"about":[{"href":"https:\/\/somllavors.com\/es\/wp-json\/wp\/v2\/types\/product"}],"wp:featuredmedia":[{"embeddable":true,"href":"https:\/\/somllavors.com\/es\/wp-json\/wp\/v2\/media\/40517"}],"wp:attachment":[{"href":"https:\/\/somllavors.com\/es\/wp-json\/wp\/v2\/media?parent=40513"}],"wp:term":[{"taxonomy":"pwb-brand","embeddable":true,"href":"https:\/\/somllavors.com\/es\/wp-json\/wp\/v2\/pwb-brand?post=40513"},{"taxonomy":"product_brand","embeddable":true,"href":"https:\/\/somllavors.com\/es\/wp-json\/wp\/v2\/product_brand?post=40513"},{"taxonomy":"product_cat","embeddable":true,"href":"https:\/\/somllavors.com\/es\/wp-json\/wp\/v2\/product_cat?post=40513"},{"taxonomy":"product_tag","embeddable":true,"href":"https:\/\/somllavors.com\/es\/wp-json\/wp\/v2\/product_tag?post=40513"}],"curies":[{"name":"wp","href":"https:\/\/api.w.org\/{rel}","templated":true}]}}