{"id":41435,"date":"2023-07-07T13:17:10","date_gmt":"2023-07-07T11:17:10","guid":{"rendered":"https:\/\/somllavors.com\/?post_type=product&#038;p=41435"},"modified":"2023-08-25T19:06:31","modified_gmt":"2023-08-25T17:06:31","slug":"macompanyes-un-conte-per-educar-i-establir-una-afeccio-segura","status":"publish","type":"product","link":"https:\/\/somllavors.com\/es\/producte\/macompanyes-un-conte-per-educar-i-establir-una-afeccio-segura","title":{"rendered":"M&#8217;acompanyes? &#8211; Un conte per educar i establir una afecci\u00f3 segura"},"content":{"rendered":"<p><b>Rafa Guerrero, psic\u00f2leg especialitzat en crian\u00e7a, vincles sans i emocions,<\/b> reflecteix com les mares i els pares som crucials per a l&#8217;autoestima, l&#8217;equilibri i la confian\u00e7a dels nostres fills i filles.<\/p>\n<p><b>Per qu\u00e8 \u00e9s important aquest conte?<\/b><\/p>\n<ul>\n<li>Una afecci\u00f3 segura permet als infants establir relacions m\u00e9s saludables, millorar la seva autoestima i gaudir en un futur d&#8217;una etapa adulta plena i serena.<\/li>\n<li>Dona a les fam\u00edlies les claus per a acompanyar les emocions dels infants, establir l\u00edmits i fomentar la seva autonomia.<\/li>\n<\/ul>\n<p><b>El llibre perfecte per a llegir en fam\u00edlia, amb preguntes i consells pr\u00e0ctics per als lectors (grans i petits) i il\u00b7lustracions a tot color.<\/b><\/p>\n","protected":false},"excerpt":{"rendered":"<p><b>Un conte per a treballar l&#8217;afecci\u00f3 segura i els vincles entre mares o pares i fills\/es des del respecte, l&#8217;afecte i els bons tractes.<\/b><\/p>\n<p>La Sira \u00e9s una nena molt valenta a qui li encanta provar coses noves, encara que, a vegades, li fa por lo desconegut. En aquestes situacions, la seva fam\u00edlia sempre estan al seu costat per a tranquil\u00b7litzar-la i donar-li la confian\u00e7a que necessita. Quan la Sira se sent protegida i segura&#8230; no hi ha gaireb\u00e9 res que se li resisteixi!<\/p>\n<ul>\n<li>Les fam\u00edlies aconseguim que els nostres infants desenvolupin una inclinaci\u00f3 segura quan cobrim les seves necessitats emocionals.<\/li>\n<li>Els infants necessiten la mirada incondicional de les seves figures de refer\u00e8ncia, aix\u00ed com temps de dedicaci\u00f3 plena.<\/li>\n<li>Sentir-se protegits i estimats per la seva fam\u00edlia \u00e9s fonamental per a una inclinaci\u00f3 segura.<\/li>\n<\/ul>\n","protected":false},"featured_media":41437,"template":"","meta":{"_acf_changed":false,"site-sidebar-layout":"default","site-content-layout":"default","ast-site-content-layout":"default","site-content-style":"default","site-sidebar-style":"default","ast-global-header-display":"","ast-banner-title-visibility":"","ast-main-header-display":"","ast-hfb-above-header-display":"","ast-hfb-below-header-display":"","ast-hfb-mobile-header-display":"","site-post-title":"","ast-breadcrumbs-content":"","ast-featured-img":"","footer-sml-layout":"","ast-disable-related-posts":"","theme-transparent-header-meta":"default","adv-header-id-meta":"","stick-header-meta":"","header-above-stick-meta":"","header-main-stick-meta":"","header-below-stick-meta":"","astra-migrate-meta-layouts":"default","ast-page-background-enabled":"default","ast-page-background-meta":{"desktop":{"background-color":"","background-image":"","background-repeat":"repeat","background-position":"center center","background-size":"auto","background-attachment":"scroll","background-type":"","background-media":"","overlay-type":"","overlay-color":"","overlay-opacity":"","overlay-gradient":""},"tablet":{"background-color":"","background-image":"","background-repeat":"repeat","background-position":"center center","background-size":"auto","background-attachment":"scroll","background-type":"","background-media":"","overlay-type":"","overlay-color":"","overlay-opacity":"","overlay-gradient":""},"mobile":{"background-color":"","background-image":"","background-repeat":"repeat","background-position":"center center","background-size":"auto","background-attachment":"scroll","background-type":"","background-media":"","overlay-type":"","overlay-color":"","overlay-opacity":"","overlay-gradient":""}},"ast-content-background-meta":{"desktop":{"background-color":"var(--ast-global-color-5)","background-image":"","background-repeat":"repeat","background-position":"center center","background-size":"auto","background-attachment":"scroll","background-type":"","background-media":"","overlay-type":"","overlay-color":"","overlay-opacity":"","overlay-gradient":""},"tablet":{"background-color":"var(--ast-global-color-5)","background-image":"","background-repeat":"repeat","background-position":"center center","background-size":"auto","background-attachment":"scroll","background-type":"","background-media":"","overlay-type":"","overlay-color":"","overlay-opacity":"","overlay-gradient":""},"mobile":{"background-color":"var(--ast-global-color-5)","background-image":"","background-repeat":"repeat","background-position":"center center","background-size":"auto","background-attachment":"scroll","background-type":"","background-media":"","overlay-type":"","overlay-color":"","overlay-opacity":"","overlay-gradient":""}}},"pwb-brand":[],"product_brand":[],"product_cat":[567],"product_tag":[],"class_list":{"0":"post-41435","1":"product","2":"type-product","3":"status-publish","4":"has-post-thumbnail","6":"product_cat-infantils","7":"desktop-align-left","8":"tablet-align-left","9":"mobile-align-left","11":"first","12":"instock","13":"taxable","14":"shipping-taxable","15":"purchasable","16":"product-type-simple"},"acf":[],"yoast_head":"<!-- This site is optimized with the Yoast SEO Premium plugin v18.3 (Yoast SEO v27.4) - https:\/\/yoast.com\/product\/yoast-seo-premium-wordpress\/ -->\n<title>M&#039;acompanyes? - Un conte per educar i establir una afecci\u00f3 segura &#8212; Som Llavors<\/title>\n<meta name=\"description\" content=\"Un conte per a treballar l&#039;afecci\u00f3 segura i els vincles entre mares o pares i fills\/es des del respecte, l&#039;afecte i els bons tractes.  La Sira \u00e9s una nena molt valenta a qui li encanta provar coses noves, encara que, a vegades, li fa por lo desconegut. En aquestes situacions, la seva fam\u00edlia sempre estan al seu costat per a tranquil\u00b7litzar-la i donar-li la confian\u00e7a que necessita. Quan la Sira se sent protegida i segura... no hi ha gaireb\u00e9 res que se li resisteixi!   Les fam\u00edlies aconseguim que els nostres infants desenvolupin una inclinaci\u00f3 segura quan cobrim les seves necessitats emocionals.  Els infants necessiten la mirada incondicional de les seves figures de refer\u00e8ncia, aix\u00ed com temps de dedicaci\u00f3 plena.  Sentir-se protegits i estimats per la seva fam\u00edlia \u00e9s fonamental per a una inclinaci\u00f3 segura.\" \/>\n<meta name=\"robots\" content=\"index, follow, max-snippet:-1, max-image-preview:large, max-video-preview:-1\" \/>\n<link rel=\"canonical\" href=\"https:\/\/somllavors.com\/es\/producte\/macompanyes-un-conte-per-educar-i-establir-una-afeccio-segura\" \/>\n<meta property=\"og:locale\" content=\"es_ES\" \/>\n<meta property=\"og:type\" content=\"article\" \/>\n<meta property=\"og:title\" content=\"M&#039;acompanyes? - Un conte per educar i establir una afecci\u00f3 segura\" \/>\n<meta property=\"og:description\" content=\"La teva botiga d\u2019ecocrian\u00e7a i espai d\u2019acompanyament a la maternitat\" \/>\n<meta property=\"og:url\" content=\"https:\/\/somllavors.com\/es\/producte\/macompanyes-un-conte-per-educar-i-establir-una-afeccio-segura\" \/>\n<meta property=\"og:site_name\" content=\"Som Llavors\" \/>\n<meta property=\"article:publisher\" content=\"https:\/\/www.facebook.com\/somllavorsvng\/?locale=ca_ES\" \/>\n<meta property=\"article:modified_time\" content=\"2023-08-25T17:06:31+00:00\" \/>\n<meta property=\"og:image\" content=\"https:\/\/somllavors.com\/wp-content\/uploads\/2023\/07\/Som-Llavors-MACOMPANYES-9788418688225.jpg\" \/>\n\t<meta property=\"og:image:width\" content=\"552\" \/>\n\t<meta property=\"og:image:height\" content=\"722\" \/>\n\t<meta property=\"og:image:type\" content=\"image\/jpeg\" \/>\n<meta name=\"twitter:card\" content=\"summary_large_image\" \/>\n<meta name=\"twitter:label1\" content=\"Precio\" \/>\n\t<meta name=\"twitter:data1\" content=\"16,95&euro; Iva incl\u00f2s\" \/>\n\t<meta name=\"twitter:label2\" content=\"Availability\" \/>\n\t<meta name=\"twitter:data2\" content=\"Hay existencias\" \/>\n<script type=\"application\/ld+json\" class=\"yoast-schema-graph\">{\"@context\":\"https:\\\/\\\/schema.org\",\"@graph\":[{\"@type\":\"WebPage\",\"@id\":\"https:\\\/\\\/somllavors.com\\\/es\\\/producte\\\/macompanyes-un-conte-per-educar-i-establir-una-afeccio-segura\",\"url\":\"https:\\\/\\\/somllavors.com\\\/es\\\/producte\\\/macompanyes-un-conte-per-educar-i-establir-una-afeccio-segura\",\"name\":\"M'acompanyes? - Un conte per educar i establir una afecci\u00f3 segura &#8212; Som Llavors\",\"isPartOf\":{\"@id\":\"https:\\\/\\\/somllavors.com\\\/es#website\"},\"primaryImageOfPage\":{\"@id\":\"https:\\\/\\\/somllavors.com\\\/es\\\/producte\\\/macompanyes-un-conte-per-educar-i-establir-una-afeccio-segura#primaryimage\"},\"image\":{\"@id\":\"https:\\\/\\\/somllavors.com\\\/es\\\/producte\\\/macompanyes-un-conte-per-educar-i-establir-una-afeccio-segura#primaryimage\"},\"thumbnailUrl\":\"https:\\\/\\\/somllavors.com\\\/wp-content\\\/uploads\\\/2023\\\/07\\\/Som-Llavors-MACOMPANYES-9788418688225.jpg\",\"datePublished\":\"2023-07-07T11:17:10+00:00\",\"dateModified\":\"2023-08-25T17:06:31+00:00\",\"description\":\"Un conte per a treballar l'afecci\u00f3 segura i els vincles entre mares o pares i fills\\\/es des del respecte, l'afecte i els bons tractes. La Sira \u00e9s una nena molt valenta a qui li encanta provar coses noves, encara que, a vegades, li fa por lo desconegut. En aquestes situacions, la seva fam\u00edlia sempre estan al seu costat per a tranquil\u00b7litzar-la i donar-li la confian\u00e7a que necessita. Quan la Sira se sent protegida i segura... no hi ha gaireb\u00e9 res que se li resisteixi! Les fam\u00edlies aconseguim que els nostres infants desenvolupin una inclinaci\u00f3 segura quan cobrim les seves necessitats emocionals. Els infants necessiten la mirada incondicional de les seves figures de refer\u00e8ncia, aix\u00ed com temps de dedicaci\u00f3 plena. Sentir-se protegits i estimats per la seva fam\u00edlia \u00e9s fonamental per a una inclinaci\u00f3 segura.\",\"breadcrumb\":{\"@id\":\"https:\\\/\\\/somllavors.com\\\/es\\\/producte\\\/macompanyes-un-conte-per-educar-i-establir-una-afeccio-segura#breadcrumb\"},\"inLanguage\":\"es\",\"potentialAction\":[{\"@type\":\"ReadAction\",\"target\":[\"https:\\\/\\\/somllavors.com\\\/es\\\/producte\\\/macompanyes-un-conte-per-educar-i-establir-una-afeccio-segura\"]}]},{\"@type\":\"ImageObject\",\"inLanguage\":\"es\",\"@id\":\"https:\\\/\\\/somllavors.com\\\/es\\\/producte\\\/macompanyes-un-conte-per-educar-i-establir-una-afeccio-segura#primaryimage\",\"url\":\"https:\\\/\\\/somllavors.com\\\/wp-content\\\/uploads\\\/2023\\\/07\\\/Som-Llavors-MACOMPANYES-9788418688225.jpg\",\"contentUrl\":\"https:\\\/\\\/somllavors.com\\\/wp-content\\\/uploads\\\/2023\\\/07\\\/Som-Llavors-MACOMPANYES-9788418688225.jpg\",\"width\":552,\"height\":722,\"caption\":\"m'acompanyes rafa guerrero\"},{\"@type\":\"BreadcrumbList\",\"@id\":\"https:\\\/\\\/somllavors.com\\\/es\\\/producte\\\/macompanyes-un-conte-per-educar-i-establir-una-afeccio-segura#breadcrumb\",\"itemListElement\":[{\"@type\":\"ListItem\",\"position\":1,\"name\":\"Inici\",\"item\":\"https:\\\/\\\/somllavors.com\\\/es\"},{\"@type\":\"ListItem\",\"position\":2,\"name\":\"Tienda\",\"item\":\"https:\\\/\\\/somllavors.com\\\/es\\\/botiga-2\"},{\"@type\":\"ListItem\",\"position\":3,\"name\":\"M&#8217;acompanyes? &#8211; Un conte per educar i establir una afecci\u00f3 segura\"}]},{\"@type\":\"WebSite\",\"@id\":\"https:\\\/\\\/somllavors.com\\\/es#website\",\"url\":\"https:\\\/\\\/somllavors.com\\\/es\",\"name\":\"Som Llavors\",\"description\":\"Botiga de crian\u00e7a natural\",\"publisher\":{\"@id\":\"https:\\\/\\\/somllavors.com\\\/es#organization\"},\"alternateName\":\"Crian\u00e7a Natural i Sostenible\",\"potentialAction\":[{\"@type\":\"SearchAction\",\"target\":{\"@type\":\"EntryPoint\",\"urlTemplate\":\"https:\\\/\\\/somllavors.com\\\/es?s={search_term_string}\"},\"query-input\":{\"@type\":\"PropertyValueSpecification\",\"valueRequired\":true,\"valueName\":\"search_term_string\"}}],\"inLanguage\":\"es\"},{\"@type\":[\"Organization\",\"Place\",\"Store\"],\"@id\":\"https:\\\/\\\/somllavors.com\\\/es#organization\",\"name\":\"Som Llavors\",\"alternateName\":\"Crian\u00e7a Natural i Sostenible\",\"url\":\"https:\\\/\\\/somllavors.com\\\/es\",\"logo\":{\"@id\":\"https:\\\/\\\/somllavors.com\\\/es\\\/producte\\\/macompanyes-un-conte-per-educar-i-establir-una-afeccio-segura#local-main-organization-logo\"},\"image\":{\"@id\":\"https:\\\/\\\/somllavors.com\\\/es\\\/producte\\\/macompanyes-un-conte-per-educar-i-establir-una-afeccio-segura#local-main-organization-logo\"},\"sameAs\":[\"https:\\\/\\\/www.facebook.com\\\/somllavorsvng\\\/?locale=ca_ES\",\"https:\\\/\\\/www.instagram.com\\\/somllavors_vng\\\/\",\"https:\\\/\\\/www.youtube.com\\\/@somllavors\"],\"address\":{\"@id\":\"https:\\\/\\\/somllavors.com\\\/es\\\/producte\\\/macompanyes-un-conte-per-educar-i-establir-una-afeccio-segura#local-main-place-address\"},\"geo\":{\"@type\":\"GeoCoordinates\",\"latitude\":\"41.2257737\",\"longitude\":\"1.723258859\"},\"telephone\":[\"623152704\"],\"openingHoursSpecification\":[{\"@type\":\"OpeningHoursSpecification\",\"dayOfWeek\":[\"Monday\",\"Sunday\"],\"opens\":\"00:00\",\"closes\":\"00:00\"},{\"@type\":\"OpeningHoursSpecification\",\"dayOfWeek\":[\"Tuesday\",\"Wednesday\",\"Thursday\",\"Friday\"],\"opens\":\"10:00\",\"closes\":\"20:00\"},{\"@type\":\"OpeningHoursSpecification\",\"dayOfWeek\":[\"Saturday\"],\"opens\":\"10:00\",\"closes\":\"13:30\"}],\"email\":\"info@somllavors.com\"},{\"@type\":\"PostalAddress\",\"@id\":\"https:\\\/\\\/somllavors.com\\\/es\\\/producte\\\/macompanyes-un-conte-per-educar-i-establir-una-afeccio-segura#local-main-place-address\",\"streetAddress\":\"Carrer de l'aigua, 6\",\"addressLocality\":\"Vilanova i la Geltr\u00fa\",\"postalCode\":\"08800\",\"addressRegion\":\"Barcelona\",\"addressCountry\":\"ES\"},{\"@type\":\"ImageObject\",\"inLanguage\":\"es\",\"@id\":\"https:\\\/\\\/somllavors.com\\\/es\\\/producte\\\/macompanyes-un-conte-per-educar-i-establir-una-afeccio-segura#local-main-organization-logo\",\"url\":\"https:\\\/\\\/somllavors.com\\\/wp-content\\\/uploads\\\/Logotip-Som-Llavors.jpg\",\"contentUrl\":\"https:\\\/\\\/somllavors.com\\\/wp-content\\\/uploads\\\/Logotip-Som-Llavors.jpg\",\"width\":1444,\"height\":1323,\"caption\":\"Som Llavors\"}]}<\/script>\n<meta property=\"product:price:amount\" content=\"16.95\" \/>\n<meta property=\"product:price:currency\" content=\"EUR\" \/>\n<meta property=\"og:availability\" content=\"instock\" \/>\n<meta property=\"product:availability\" content=\"instock\" \/>\n<meta property=\"product:condition\" content=\"new\" \/>\n<meta name=\"geo.placename\" content=\"Vilanova i la Geltr\u00fa\" \/>\n<meta name=\"geo.position\" content=\"41.2257737;1.723258859\" \/>\n<meta name=\"geo.region\" content=\"Espa\u00f1a\" \/>\n<!-- \/ Yoast SEO Premium plugin. -->","yoast_head_json":{"title":"M'acompanyes? - Un conte per educar i establir una afecci\u00f3 segura &#8212; Som Llavors","description":"Un conte per a treballar l'afecci\u00f3 segura i els vincles entre mares o pares i fills\/es des del respecte, l'afecte i els bons tractes.  La Sira \u00e9s una nena molt valenta a qui li encanta provar coses noves, encara que, a vegades, li fa por lo desconegut. En aquestes situacions, la seva fam\u00edlia sempre estan al seu costat per a tranquil\u00b7litzar-la i donar-li la confian\u00e7a que necessita. Quan la Sira se sent protegida i segura... no hi ha gaireb\u00e9 res que se li resisteixi!   Les fam\u00edlies aconseguim que els nostres infants desenvolupin una inclinaci\u00f3 segura quan cobrim les seves necessitats emocionals.  Els infants necessiten la mirada incondicional de les seves figures de refer\u00e8ncia, aix\u00ed com temps de dedicaci\u00f3 plena.  Sentir-se protegits i estimats per la seva fam\u00edlia \u00e9s fonamental per a una inclinaci\u00f3 segura.","robots":{"index":"index","follow":"follow","max-snippet":"max-snippet:-1","max-image-preview":"max-image-preview:large","max-video-preview":"max-video-preview:-1"},"canonical":"https:\/\/somllavors.com\/es\/producte\/macompanyes-un-conte-per-educar-i-establir-una-afeccio-segura","og_locale":"es_ES","og_type":"article","og_title":"M'acompanyes? - Un conte per educar i establir una afecci\u00f3 segura","og_description":"La teva botiga d\u2019ecocrian\u00e7a i espai d\u2019acompanyament a la maternitat","og_url":"https:\/\/somllavors.com\/es\/producte\/macompanyes-un-conte-per-educar-i-establir-una-afeccio-segura","og_site_name":"Som Llavors","article_publisher":"https:\/\/www.facebook.com\/somllavorsvng\/?locale=ca_ES","article_modified_time":"2023-08-25T17:06:31+00:00","og_image":[{"width":552,"height":722,"url":"https:\/\/somllavors.com\/wp-content\/uploads\/2023\/07\/Som-Llavors-MACOMPANYES-9788418688225.jpg","type":"image\/jpeg"}],"twitter_card":"summary_large_image","twitter_misc":{"Precio":"16,95&euro; Iva incl\u00f2s","Availability":"Hay existencias"},"schema":{"@context":"https:\/\/schema.org","@graph":[{"@type":"WebPage","@id":"https:\/\/somllavors.com\/es\/producte\/macompanyes-un-conte-per-educar-i-establir-una-afeccio-segura","url":"https:\/\/somllavors.com\/es\/producte\/macompanyes-un-conte-per-educar-i-establir-una-afeccio-segura","name":"M'acompanyes? - Un conte per educar i establir una afecci\u00f3 segura &#8212; Som Llavors","isPartOf":{"@id":"https:\/\/somllavors.com\/es#website"},"primaryImageOfPage":{"@id":"https:\/\/somllavors.com\/es\/producte\/macompanyes-un-conte-per-educar-i-establir-una-afeccio-segura#primaryimage"},"image":{"@id":"https:\/\/somllavors.com\/es\/producte\/macompanyes-un-conte-per-educar-i-establir-una-afeccio-segura#primaryimage"},"thumbnailUrl":"https:\/\/somllavors.com\/wp-content\/uploads\/2023\/07\/Som-Llavors-MACOMPANYES-9788418688225.jpg","datePublished":"2023-07-07T11:17:10+00:00","dateModified":"2023-08-25T17:06:31+00:00","description":"Un conte per a treballar l'afecci\u00f3 segura i els vincles entre mares o pares i fills\/es des del respecte, l'afecte i els bons tractes. La Sira \u00e9s una nena molt valenta a qui li encanta provar coses noves, encara que, a vegades, li fa por lo desconegut. En aquestes situacions, la seva fam\u00edlia sempre estan al seu costat per a tranquil\u00b7litzar-la i donar-li la confian\u00e7a que necessita. Quan la Sira se sent protegida i segura... no hi ha gaireb\u00e9 res que se li resisteixi! Les fam\u00edlies aconseguim que els nostres infants desenvolupin una inclinaci\u00f3 segura quan cobrim les seves necessitats emocionals. Els infants necessiten la mirada incondicional de les seves figures de refer\u00e8ncia, aix\u00ed com temps de dedicaci\u00f3 plena. Sentir-se protegits i estimats per la seva fam\u00edlia \u00e9s fonamental per a una inclinaci\u00f3 segura.","breadcrumb":{"@id":"https:\/\/somllavors.com\/es\/producte\/macompanyes-un-conte-per-educar-i-establir-una-afeccio-segura#breadcrumb"},"inLanguage":"es","potentialAction":[{"@type":"ReadAction","target":["https:\/\/somllavors.com\/es\/producte\/macompanyes-un-conte-per-educar-i-establir-una-afeccio-segura"]}]},{"@type":"ImageObject","inLanguage":"es","@id":"https:\/\/somllavors.com\/es\/producte\/macompanyes-un-conte-per-educar-i-establir-una-afeccio-segura#primaryimage","url":"https:\/\/somllavors.com\/wp-content\/uploads\/2023\/07\/Som-Llavors-MACOMPANYES-9788418688225.jpg","contentUrl":"https:\/\/somllavors.com\/wp-content\/uploads\/2023\/07\/Som-Llavors-MACOMPANYES-9788418688225.jpg","width":552,"height":722,"caption":"m'acompanyes rafa guerrero"},{"@type":"BreadcrumbList","@id":"https:\/\/somllavors.com\/es\/producte\/macompanyes-un-conte-per-educar-i-establir-una-afeccio-segura#breadcrumb","itemListElement":[{"@type":"ListItem","position":1,"name":"Inici","item":"https:\/\/somllavors.com\/es"},{"@type":"ListItem","position":2,"name":"Tienda","item":"https:\/\/somllavors.com\/es\/botiga-2"},{"@type":"ListItem","position":3,"name":"M&#8217;acompanyes? &#8211; Un conte per educar i establir una afecci\u00f3 segura"}]},{"@type":"WebSite","@id":"https:\/\/somllavors.com\/es#website","url":"https:\/\/somllavors.com\/es","name":"Som Llavors","description":"Botiga de crian\u00e7a natural","publisher":{"@id":"https:\/\/somllavors.com\/es#organization"},"alternateName":"Crian\u00e7a Natural i Sostenible","potentialAction":[{"@type":"SearchAction","target":{"@type":"EntryPoint","urlTemplate":"https:\/\/somllavors.com\/es?s={search_term_string}"},"query-input":{"@type":"PropertyValueSpecification","valueRequired":true,"valueName":"search_term_string"}}],"inLanguage":"es"},{"@type":["Organization","Place","Store"],"@id":"https:\/\/somllavors.com\/es#organization","name":"Som Llavors","alternateName":"Crian\u00e7a Natural i Sostenible","url":"https:\/\/somllavors.com\/es","logo":{"@id":"https:\/\/somllavors.com\/es\/producte\/macompanyes-un-conte-per-educar-i-establir-una-afeccio-segura#local-main-organization-logo"},"image":{"@id":"https:\/\/somllavors.com\/es\/producte\/macompanyes-un-conte-per-educar-i-establir-una-afeccio-segura#local-main-organization-logo"},"sameAs":["https:\/\/www.facebook.com\/somllavorsvng\/?locale=ca_ES","https:\/\/www.instagram.com\/somllavors_vng\/","https:\/\/www.youtube.com\/@somllavors"],"address":{"@id":"https:\/\/somllavors.com\/es\/producte\/macompanyes-un-conte-per-educar-i-establir-una-afeccio-segura#local-main-place-address"},"geo":{"@type":"GeoCoordinates","latitude":"41.2257737","longitude":"1.723258859"},"telephone":["623152704","623152704"],"openingHoursSpecification":[{"@type":"OpeningHoursSpecification","dayOfWeek":["Monday","Sunday"],"opens":"00:00","closes":"00:00"},{"@type":"OpeningHoursSpecification","dayOfWeek":["Tuesday","Wednesday","Thursday","Friday"],"opens":"10:00","closes":"20:00"},{"@type":"OpeningHoursSpecification","dayOfWeek":["Saturday"],"opens":"10:00","closes":"13:30"}],"email":"info@somllavors.com"},{"@type":"PostalAddress","@id":"https:\/\/somllavors.com\/es\/producte\/macompanyes-un-conte-per-educar-i-establir-una-afeccio-segura#local-main-place-address","streetAddress":"Carrer de l'aigua, 6","addressLocality":"Vilanova i la Geltr\u00fa","postalCode":"08800","addressRegion":"Barcelona","addressCountry":"ES"},{"@type":"ImageObject","inLanguage":"es","@id":"https:\/\/somllavors.com\/es\/producte\/macompanyes-un-conte-per-educar-i-establir-una-afeccio-segura#local-main-organization-logo","url":"https:\/\/somllavors.com\/wp-content\/uploads\/Logotip-Som-Llavors.jpg","contentUrl":"https:\/\/somllavors.com\/wp-content\/uploads\/Logotip-Som-Llavors.jpg","width":1444,"height":1323,"caption":"Som Llavors"}]},"product_price_amount":"16.95","product_price_currency":"EUR","og_availability":"instock","product_availability":"instock","product_condition":"new","geo.placename":"Vilanova i la Geltr\u00fa","geo.position":{"lat":"41.2257737","long":"1.723258859"},"geo.region":"Espa\u00f1a"},"brands":[],"_links":{"self":[{"href":"https:\/\/somllavors.com\/es\/wp-json\/wp\/v2\/product\/41435","targetHints":{"allow":["GET"]}}],"collection":[{"href":"https:\/\/somllavors.com\/es\/wp-json\/wp\/v2\/product"}],"about":[{"href":"https:\/\/somllavors.com\/es\/wp-json\/wp\/v2\/types\/product"}],"wp:featuredmedia":[{"embeddable":true,"href":"https:\/\/somllavors.com\/es\/wp-json\/wp\/v2\/media\/41437"}],"wp:attachment":[{"href":"https:\/\/somllavors.com\/es\/wp-json\/wp\/v2\/media?parent=41435"}],"wp:term":[{"taxonomy":"pwb-brand","embeddable":true,"href":"https:\/\/somllavors.com\/es\/wp-json\/wp\/v2\/pwb-brand?post=41435"},{"taxonomy":"product_brand","embeddable":true,"href":"https:\/\/somllavors.com\/es\/wp-json\/wp\/v2\/product_brand?post=41435"},{"taxonomy":"product_cat","embeddable":true,"href":"https:\/\/somllavors.com\/es\/wp-json\/wp\/v2\/product_cat?post=41435"},{"taxonomy":"product_tag","embeddable":true,"href":"https:\/\/somllavors.com\/es\/wp-json\/wp\/v2\/product_tag?post=41435"}],"curies":[{"name":"wp","href":"https:\/\/api.w.org\/{rel}","templated":true}]}}