{"id":41640,"date":"2023-07-27T07:35:14","date_gmt":"2023-07-27T05:35:14","guid":{"rendered":"https:\/\/somllavors.com\/?post_type=product&#038;p=41640"},"modified":"2023-12-15T13:18:27","modified_gmt":"2023-12-15T12:18:27","slug":"set-dalimentacio-de-silicona-vivi-star-liewood","status":"publish","type":"product","link":"https:\/\/somllavors.com\/es\/producte\/set-dalimentacio-de-silicona-vivi-star-liewood","title":{"rendered":"Set d&#8217;alimentaci\u00f3 de silicona &#8220;Vivi&#8221; Star &#8211; Liewood"},"content":{"rendered":"<ul>\n<li>Els millors productes de vaixella tot en un pr\u00e0ctic set.<\/li>\n<li>Irrompible, fet de silicona.<\/li>\n<li>El joc inclou: tassa, bol, plat i cullera.<\/li>\n<li>Dissenyat principalment per a nadons i sinfants petits.<\/li>\n<li>Provat segons les darreres normatives de la UE.<\/li>\n<\/ul>\n<p>Liewood \u00e9s una marca de lifestyle Danesa. Crea productes irresistibles per a les fam\u00edlies modernes: productes t\u00e8xtils org\u00e0nics, peces de punt suaus, articles d&#8217;alimentaci\u00f3, joguines de fusta, mossegadors, etc. Tots plegats, creen un univers \u00fanic, pur i simple. Liewood t\u00e9 la seu a Copenhaguen i el nostre m\u00f3n est\u00e0 profundament arrelat en la tradici\u00f3 del disseny n\u00f2rdic. Els dissenys s\u00f3n conceptualment forts, respectant la tendresa, la innoc\u00e8ncia de la inf\u00e0ncia i l&#8217;estil de vida de les fam\u00edlies modernes, i s\u00f3n capa\u00e7os de seguir-les a tot arreu amb diferents prop\u00f2sits en ment i per a les generacions futures.<\/p>\n","protected":false},"excerpt":{"rendered":"<p>Joc de vaixella de silicona ideal per a comen\u00e7ar l&#8217;alimentaci\u00f3 complement\u00e0ria.<\/p>\n","protected":false},"featured_media":41653,"template":"","meta":{"_acf_changed":false,"site-sidebar-layout":"default","site-content-layout":"default","ast-site-content-layout":"default","site-content-style":"default","site-sidebar-style":"default","ast-global-header-display":"","ast-banner-title-visibility":"","ast-main-header-display":"","ast-hfb-above-header-display":"","ast-hfb-below-header-display":"","ast-hfb-mobile-header-display":"","site-post-title":"","ast-breadcrumbs-content":"","ast-featured-img":"","footer-sml-layout":"","theme-transparent-header-meta":"default","adv-header-id-meta":"","stick-header-meta":"","header-above-stick-meta":"","header-main-stick-meta":"","header-below-stick-meta":"","astra-migrate-meta-layouts":"default","ast-page-background-enabled":"default","ast-page-background-meta":{"desktop":{"background-color":"","background-image":"","background-repeat":"repeat","background-position":"center center","background-size":"auto","background-attachment":"scroll","background-type":"","background-media":"","overlay-type":"","overlay-color":"","overlay-opacity":"","overlay-gradient":""},"tablet":{"background-color":"","background-image":"","background-repeat":"repeat","background-position":"center center","background-size":"auto","background-attachment":"scroll","background-type":"","background-media":"","overlay-type":"","overlay-color":"","overlay-opacity":"","overlay-gradient":""},"mobile":{"background-color":"","background-image":"","background-repeat":"repeat","background-position":"center center","background-size":"auto","background-attachment":"scroll","background-type":"","background-media":"","overlay-type":"","overlay-color":"","overlay-opacity":"","overlay-gradient":""}},"ast-content-background-meta":{"desktop":{"background-color":"var(--ast-global-color-5)","background-image":"","background-repeat":"repeat","background-position":"center center","background-size":"auto","background-attachment":"scroll","background-type":"","background-media":"","overlay-type":"","overlay-color":"","overlay-opacity":"","overlay-gradient":""},"tablet":{"background-color":"var(--ast-global-color-5)","background-image":"","background-repeat":"repeat","background-position":"center center","background-size":"auto","background-attachment":"scroll","background-type":"","background-media":"","overlay-type":"","overlay-color":"","overlay-opacity":"","overlay-gradient":""},"mobile":{"background-color":"var(--ast-global-color-5)","background-image":"","background-repeat":"repeat","background-position":"center center","background-size":"auto","background-attachment":"scroll","background-type":"","background-media":"","overlay-type":"","overlay-color":"","overlay-opacity":"","overlay-gradient":""}}},"pwb-brand":[4103],"product_brand":[],"product_cat":[386,1384,1983,379,3482,653],"product_tag":[982,981,1985,130],"class_list":{"0":"post-41640","1":"product","2":"type-product","3":"status-publish","4":"has-post-thumbnail","6":"pwb-brand-liewood","7":"product_cat-coberts-accessoris","8":"product_cat-gots","9":"product_cat-liewood","10":"product_cat-plats-i-bols","11":"product_cat-sets-regal","12":"product_cat-xecs-regal-i-packs","13":"product_tag-alimentacion-complementaria","14":"product_tag-blw","15":"product_tag-liewood","16":"product_tag-silicona","17":"desktop-align-left","18":"tablet-align-left","19":"mobile-align-left","21":"first","22":"outofstock","23":"taxable","24":"shipping-taxable","25":"purchasable","26":"product-type-simple"},"acf":[],"yoast_head":"<!-- This site is optimized with the Yoast SEO Premium plugin v18.3 (Yoast SEO v27.4) - https:\/\/yoast.com\/product\/yoast-seo-premium-wordpress\/ -->\n<title>Set d&#039;alimentaci\u00f3 de silicona &quot;Vivi&quot; Star - Liewood &#8212; Som Llavors<\/title>\n<meta name=\"description\" content=\"Joc de vaixella de silicona ideal per a comen\u00e7ar l&#039;alimentaci\u00f3 complement\u00e0ria.\" \/>\n<meta name=\"robots\" content=\"index, follow, max-snippet:-1, max-image-preview:large, max-video-preview:-1\" \/>\n<link rel=\"canonical\" href=\"https:\/\/somllavors.com\/es\/producte\/set-dalimentacio-de-silicona-vivi-star-liewood\" \/>\n<meta property=\"og:locale\" content=\"es_ES\" \/>\n<meta property=\"og:type\" content=\"article\" \/>\n<meta property=\"og:title\" content=\"Set d&#039;alimentaci\u00f3 de silicona &quot;Vivi&quot; Star - Liewood\" \/>\n<meta property=\"og:description\" content=\"La teva botiga d\u2019ecocrian\u00e7a i espai d\u2019acompanyament a la maternitat\" \/>\n<meta property=\"og:url\" content=\"https:\/\/somllavors.com\/es\/producte\/set-dalimentacio-de-silicona-vivi-star-liewood\" \/>\n<meta property=\"og:site_name\" content=\"Som Llavors\" \/>\n<meta property=\"article:publisher\" content=\"https:\/\/www.facebook.com\/somllavorsvng\/?locale=ca_ES\" \/>\n<meta property=\"article:modified_time\" content=\"2023-12-15T12:18:27+00:00\" \/>\n<meta property=\"og:image\" content=\"https:\/\/somllavors.com\/wp-content\/uploads\/2023\/07\/Vivi-printed-silicone-set_LW15135_1557_Star-bright-Sandy_2.jpg\" \/>\n\t<meta property=\"og:image:width\" content=\"1156\" \/>\n\t<meta property=\"og:image:height\" content=\"900\" \/>\n\t<meta property=\"og:image:type\" content=\"image\/jpeg\" \/>\n<meta name=\"twitter:card\" content=\"summary_large_image\" \/>\n<meta name=\"twitter:label1\" content=\"Precio\" \/>\n\t<meta name=\"twitter:data1\" content=\"42,00&euro; Iva incl\u00f2s\" \/>\n\t<meta name=\"twitter:label2\" content=\"Availability\" \/>\n\t<meta name=\"twitter:data2\" content=\"Out of stock\" \/>\n<script type=\"application\/ld+json\" class=\"yoast-schema-graph\">{\"@context\":\"https:\\\/\\\/schema.org\",\"@graph\":[{\"@type\":\"WebPage\",\"@id\":\"https:\\\/\\\/somllavors.com\\\/es\\\/producte\\\/set-dalimentacio-de-silicona-vivi-star-liewood\",\"url\":\"https:\\\/\\\/somllavors.com\\\/es\\\/producte\\\/set-dalimentacio-de-silicona-vivi-star-liewood\",\"name\":\"Set d'alimentaci\u00f3 de silicona \\\"Vivi\\\" Star - Liewood &#8212; Som Llavors\",\"isPartOf\":{\"@id\":\"https:\\\/\\\/somllavors.com\\\/es#website\"},\"primaryImageOfPage\":{\"@id\":\"https:\\\/\\\/somllavors.com\\\/es\\\/producte\\\/set-dalimentacio-de-silicona-vivi-star-liewood#primaryimage\"},\"image\":{\"@id\":\"https:\\\/\\\/somllavors.com\\\/es\\\/producte\\\/set-dalimentacio-de-silicona-vivi-star-liewood#primaryimage\"},\"thumbnailUrl\":\"https:\\\/\\\/somllavors.com\\\/wp-content\\\/uploads\\\/2023\\\/07\\\/Vivi-printed-silicone-set_LW15135_1557_Star-bright-Sandy_2.jpg\",\"datePublished\":\"2023-07-27T05:35:14+00:00\",\"dateModified\":\"2023-12-15T12:18:27+00:00\",\"description\":\"Joc de vaixella de silicona ideal per a comen\u00e7ar l'alimentaci\u00f3 complement\u00e0ria.\",\"breadcrumb\":{\"@id\":\"https:\\\/\\\/somllavors.com\\\/es\\\/producte\\\/set-dalimentacio-de-silicona-vivi-star-liewood#breadcrumb\"},\"inLanguage\":\"es\",\"potentialAction\":[{\"@type\":\"ReadAction\",\"target\":[\"https:\\\/\\\/somllavors.com\\\/es\\\/producte\\\/set-dalimentacio-de-silicona-vivi-star-liewood\"]}]},{\"@type\":\"ImageObject\",\"inLanguage\":\"es\",\"@id\":\"https:\\\/\\\/somllavors.com\\\/es\\\/producte\\\/set-dalimentacio-de-silicona-vivi-star-liewood#primaryimage\",\"url\":\"https:\\\/\\\/somllavors.com\\\/wp-content\\\/uploads\\\/2023\\\/07\\\/Vivi-printed-silicone-set_LW15135_1557_Star-bright-Sandy_2.jpg\",\"contentUrl\":\"https:\\\/\\\/somllavors.com\\\/wp-content\\\/uploads\\\/2023\\\/07\\\/Vivi-printed-silicone-set_LW15135_1557_Star-bright-Sandy_2.jpg\",\"width\":1156,\"height\":900,\"caption\":\"set de alimentaci\u00f3n de silicona\"},{\"@type\":\"BreadcrumbList\",\"@id\":\"https:\\\/\\\/somllavors.com\\\/es\\\/producte\\\/set-dalimentacio-de-silicona-vivi-star-liewood#breadcrumb\",\"itemListElement\":[{\"@type\":\"ListItem\",\"position\":1,\"name\":\"Inici\",\"item\":\"https:\\\/\\\/somllavors.com\\\/es\"},{\"@type\":\"ListItem\",\"position\":2,\"name\":\"Tienda\",\"item\":\"https:\\\/\\\/somllavors.com\\\/es\\\/botiga-2\"},{\"@type\":\"ListItem\",\"position\":3,\"name\":\"Set d&#8217;alimentaci\u00f3 de silicona &#8220;Vivi&#8221; Star &#8211; Liewood\"}]},{\"@type\":\"WebSite\",\"@id\":\"https:\\\/\\\/somllavors.com\\\/es#website\",\"url\":\"https:\\\/\\\/somllavors.com\\\/es\",\"name\":\"Som Llavors\",\"description\":\"Botiga de crian\u00e7a natural\",\"publisher\":{\"@id\":\"https:\\\/\\\/somllavors.com\\\/es#organization\"},\"alternateName\":\"Crian\u00e7a Natural i Sostenible\",\"potentialAction\":[{\"@type\":\"SearchAction\",\"target\":{\"@type\":\"EntryPoint\",\"urlTemplate\":\"https:\\\/\\\/somllavors.com\\\/es?s={search_term_string}\"},\"query-input\":{\"@type\":\"PropertyValueSpecification\",\"valueRequired\":true,\"valueName\":\"search_term_string\"}}],\"inLanguage\":\"es\"},{\"@type\":[\"Organization\",\"Place\",\"Store\"],\"@id\":\"https:\\\/\\\/somllavors.com\\\/es#organization\",\"name\":\"Som Llavors\",\"alternateName\":\"Crian\u00e7a Natural i Sostenible\",\"url\":\"https:\\\/\\\/somllavors.com\\\/es\",\"logo\":{\"@id\":\"https:\\\/\\\/somllavors.com\\\/es\\\/producte\\\/set-dalimentacio-de-silicona-vivi-star-liewood#local-main-organization-logo\"},\"image\":{\"@id\":\"https:\\\/\\\/somllavors.com\\\/es\\\/producte\\\/set-dalimentacio-de-silicona-vivi-star-liewood#local-main-organization-logo\"},\"sameAs\":[\"https:\\\/\\\/www.facebook.com\\\/somllavorsvng\\\/?locale=ca_ES\",\"https:\\\/\\\/www.instagram.com\\\/somllavors_vng\\\/\",\"https:\\\/\\\/www.youtube.com\\\/@somllavors\"],\"address\":{\"@id\":\"https:\\\/\\\/somllavors.com\\\/es\\\/producte\\\/set-dalimentacio-de-silicona-vivi-star-liewood#local-main-place-address\"},\"geo\":{\"@type\":\"GeoCoordinates\",\"latitude\":\"41.2257737\",\"longitude\":\"1.723258859\"},\"telephone\":[\"623152704\"],\"openingHoursSpecification\":[{\"@type\":\"OpeningHoursSpecification\",\"dayOfWeek\":[\"Monday\",\"Sunday\"],\"opens\":\"00:00\",\"closes\":\"00:00\"},{\"@type\":\"OpeningHoursSpecification\",\"dayOfWeek\":[\"Tuesday\",\"Wednesday\",\"Thursday\",\"Friday\"],\"opens\":\"10:00\",\"closes\":\"20:00\"},{\"@type\":\"OpeningHoursSpecification\",\"dayOfWeek\":[\"Saturday\"],\"opens\":\"10:00\",\"closes\":\"13:30\"}],\"email\":\"info@somllavors.com\"},{\"@type\":\"PostalAddress\",\"@id\":\"https:\\\/\\\/somllavors.com\\\/es\\\/producte\\\/set-dalimentacio-de-silicona-vivi-star-liewood#local-main-place-address\",\"streetAddress\":\"Carrer de l'aigua, 6\",\"addressLocality\":\"Vilanova i la Geltr\u00fa\",\"postalCode\":\"08800\",\"addressRegion\":\"Barcelona\",\"addressCountry\":\"ES\"},{\"@type\":\"ImageObject\",\"inLanguage\":\"es\",\"@id\":\"https:\\\/\\\/somllavors.com\\\/es\\\/producte\\\/set-dalimentacio-de-silicona-vivi-star-liewood#local-main-organization-logo\",\"url\":\"https:\\\/\\\/somllavors.com\\\/wp-content\\\/uploads\\\/Logotip-Som-Llavors.jpg\",\"contentUrl\":\"https:\\\/\\\/somllavors.com\\\/wp-content\\\/uploads\\\/Logotip-Som-Llavors.jpg\",\"width\":1444,\"height\":1323,\"caption\":\"Som Llavors\"}]}<\/script>\n<meta property=\"product:price:amount\" content=\"42.00\" \/>\n<meta property=\"product:price:currency\" content=\"EUR\" \/>\n<meta property=\"og:availability\" content=\"out of stock\" \/>\n<meta property=\"product:availability\" content=\"out of stock\" \/>\n<meta property=\"product:retailer_item_id\" content=\"LW151351557\" \/>\n<meta property=\"product:condition\" content=\"new\" \/>\n<meta name=\"geo.placename\" content=\"Vilanova i la Geltr\u00fa\" \/>\n<meta name=\"geo.position\" content=\"41.2257737;1.723258859\" \/>\n<meta name=\"geo.region\" content=\"Espa\u00f1a\" \/>\n<!-- \/ Yoast SEO Premium plugin. -->","yoast_head_json":{"title":"Set d'alimentaci\u00f3 de silicona \"Vivi\" Star - Liewood &#8212; Som Llavors","description":"Joc de vaixella de silicona ideal per a comen\u00e7ar l'alimentaci\u00f3 complement\u00e0ria.","robots":{"index":"index","follow":"follow","max-snippet":"max-snippet:-1","max-image-preview":"max-image-preview:large","max-video-preview":"max-video-preview:-1"},"canonical":"https:\/\/somllavors.com\/es\/producte\/set-dalimentacio-de-silicona-vivi-star-liewood","og_locale":"es_ES","og_type":"article","og_title":"Set d'alimentaci\u00f3 de silicona \"Vivi\" Star - Liewood","og_description":"La teva botiga d\u2019ecocrian\u00e7a i espai d\u2019acompanyament a la maternitat","og_url":"https:\/\/somllavors.com\/es\/producte\/set-dalimentacio-de-silicona-vivi-star-liewood","og_site_name":"Som Llavors","article_publisher":"https:\/\/www.facebook.com\/somllavorsvng\/?locale=ca_ES","article_modified_time":"2023-12-15T12:18:27+00:00","og_image":[{"width":1156,"height":900,"url":"https:\/\/somllavors.com\/wp-content\/uploads\/2023\/07\/Vivi-printed-silicone-set_LW15135_1557_Star-bright-Sandy_2.jpg","type":"image\/jpeg"}],"twitter_card":"summary_large_image","twitter_misc":{"Precio":"42,00&euro; Iva incl\u00f2s","Availability":"Out of stock"},"schema":{"@context":"https:\/\/schema.org","@graph":[{"@type":"WebPage","@id":"https:\/\/somllavors.com\/es\/producte\/set-dalimentacio-de-silicona-vivi-star-liewood","url":"https:\/\/somllavors.com\/es\/producte\/set-dalimentacio-de-silicona-vivi-star-liewood","name":"Set d'alimentaci\u00f3 de silicona \"Vivi\" Star - Liewood &#8212; Som Llavors","isPartOf":{"@id":"https:\/\/somllavors.com\/es#website"},"primaryImageOfPage":{"@id":"https:\/\/somllavors.com\/es\/producte\/set-dalimentacio-de-silicona-vivi-star-liewood#primaryimage"},"image":{"@id":"https:\/\/somllavors.com\/es\/producte\/set-dalimentacio-de-silicona-vivi-star-liewood#primaryimage"},"thumbnailUrl":"https:\/\/somllavors.com\/wp-content\/uploads\/2023\/07\/Vivi-printed-silicone-set_LW15135_1557_Star-bright-Sandy_2.jpg","datePublished":"2023-07-27T05:35:14+00:00","dateModified":"2023-12-15T12:18:27+00:00","description":"Joc de vaixella de silicona ideal per a comen\u00e7ar l'alimentaci\u00f3 complement\u00e0ria.","breadcrumb":{"@id":"https:\/\/somllavors.com\/es\/producte\/set-dalimentacio-de-silicona-vivi-star-liewood#breadcrumb"},"inLanguage":"es","potentialAction":[{"@type":"ReadAction","target":["https:\/\/somllavors.com\/es\/producte\/set-dalimentacio-de-silicona-vivi-star-liewood"]}]},{"@type":"ImageObject","inLanguage":"es","@id":"https:\/\/somllavors.com\/es\/producte\/set-dalimentacio-de-silicona-vivi-star-liewood#primaryimage","url":"https:\/\/somllavors.com\/wp-content\/uploads\/2023\/07\/Vivi-printed-silicone-set_LW15135_1557_Star-bright-Sandy_2.jpg","contentUrl":"https:\/\/somllavors.com\/wp-content\/uploads\/2023\/07\/Vivi-printed-silicone-set_LW15135_1557_Star-bright-Sandy_2.jpg","width":1156,"height":900,"caption":"set de alimentaci\u00f3n de silicona"},{"@type":"BreadcrumbList","@id":"https:\/\/somllavors.com\/es\/producte\/set-dalimentacio-de-silicona-vivi-star-liewood#breadcrumb","itemListElement":[{"@type":"ListItem","position":1,"name":"Inici","item":"https:\/\/somllavors.com\/es"},{"@type":"ListItem","position":2,"name":"Tienda","item":"https:\/\/somllavors.com\/es\/botiga-2"},{"@type":"ListItem","position":3,"name":"Set d&#8217;alimentaci\u00f3 de silicona &#8220;Vivi&#8221; Star &#8211; Liewood"}]},{"@type":"WebSite","@id":"https:\/\/somllavors.com\/es#website","url":"https:\/\/somllavors.com\/es","name":"Som Llavors","description":"Botiga de crian\u00e7a natural","publisher":{"@id":"https:\/\/somllavors.com\/es#organization"},"alternateName":"Crian\u00e7a Natural i Sostenible","potentialAction":[{"@type":"SearchAction","target":{"@type":"EntryPoint","urlTemplate":"https:\/\/somllavors.com\/es?s={search_term_string}"},"query-input":{"@type":"PropertyValueSpecification","valueRequired":true,"valueName":"search_term_string"}}],"inLanguage":"es"},{"@type":["Organization","Place","Store"],"@id":"https:\/\/somllavors.com\/es#organization","name":"Som Llavors","alternateName":"Crian\u00e7a Natural i Sostenible","url":"https:\/\/somllavors.com\/es","logo":{"@id":"https:\/\/somllavors.com\/es\/producte\/set-dalimentacio-de-silicona-vivi-star-liewood#local-main-organization-logo"},"image":{"@id":"https:\/\/somllavors.com\/es\/producte\/set-dalimentacio-de-silicona-vivi-star-liewood#local-main-organization-logo"},"sameAs":["https:\/\/www.facebook.com\/somllavorsvng\/?locale=ca_ES","https:\/\/www.instagram.com\/somllavors_vng\/","https:\/\/www.youtube.com\/@somllavors"],"address":{"@id":"https:\/\/somllavors.com\/es\/producte\/set-dalimentacio-de-silicona-vivi-star-liewood#local-main-place-address"},"geo":{"@type":"GeoCoordinates","latitude":"41.2257737","longitude":"1.723258859"},"telephone":["623152704","623152704"],"openingHoursSpecification":[{"@type":"OpeningHoursSpecification","dayOfWeek":["Monday","Sunday"],"opens":"00:00","closes":"00:00"},{"@type":"OpeningHoursSpecification","dayOfWeek":["Tuesday","Wednesday","Thursday","Friday"],"opens":"10:00","closes":"20:00"},{"@type":"OpeningHoursSpecification","dayOfWeek":["Saturday"],"opens":"10:00","closes":"13:30"}],"email":"info@somllavors.com"},{"@type":"PostalAddress","@id":"https:\/\/somllavors.com\/es\/producte\/set-dalimentacio-de-silicona-vivi-star-liewood#local-main-place-address","streetAddress":"Carrer de l'aigua, 6","addressLocality":"Vilanova i la Geltr\u00fa","postalCode":"08800","addressRegion":"Barcelona","addressCountry":"ES"},{"@type":"ImageObject","inLanguage":"es","@id":"https:\/\/somllavors.com\/es\/producte\/set-dalimentacio-de-silicona-vivi-star-liewood#local-main-organization-logo","url":"https:\/\/somllavors.com\/wp-content\/uploads\/Logotip-Som-Llavors.jpg","contentUrl":"https:\/\/somllavors.com\/wp-content\/uploads\/Logotip-Som-Llavors.jpg","width":1444,"height":1323,"caption":"Som Llavors"}]},"product_price_amount":"42.00","product_price_currency":"EUR","og_availability":"out of stock","product_availability":"out of stock","product_retailer_item_id":"LW151351557","product_condition":"new","geo.placename":"Vilanova i la Geltr\u00fa","geo.position":{"lat":"41.2257737","long":"1.723258859"},"geo.region":"Espa\u00f1a"},"brands":[{"id":4103,"name":"Liewood","slug":"liewood"}],"_links":{"self":[{"href":"https:\/\/somllavors.com\/es\/wp-json\/wp\/v2\/product\/41640","targetHints":{"allow":["GET"]}}],"collection":[{"href":"https:\/\/somllavors.com\/es\/wp-json\/wp\/v2\/product"}],"about":[{"href":"https:\/\/somllavors.com\/es\/wp-json\/wp\/v2\/types\/product"}],"wp:featuredmedia":[{"embeddable":true,"href":"https:\/\/somllavors.com\/es\/wp-json\/wp\/v2\/media\/41653"}],"wp:attachment":[{"href":"https:\/\/somllavors.com\/es\/wp-json\/wp\/v2\/media?parent=41640"}],"wp:term":[{"taxonomy":"pwb-brand","embeddable":true,"href":"https:\/\/somllavors.com\/es\/wp-json\/wp\/v2\/pwb-brand?post=41640"},{"taxonomy":"product_brand","embeddable":true,"href":"https:\/\/somllavors.com\/es\/wp-json\/wp\/v2\/product_brand?post=41640"},{"taxonomy":"product_cat","embeddable":true,"href":"https:\/\/somllavors.com\/es\/wp-json\/wp\/v2\/product_cat?post=41640"},{"taxonomy":"product_tag","embeddable":true,"href":"https:\/\/somllavors.com\/es\/wp-json\/wp\/v2\/product_tag?post=41640"}],"curies":[{"name":"wp","href":"https:\/\/api.w.org\/{rel}","templated":true}]}}