{"id":41936,"date":"2023-07-29T12:08:15","date_gmt":"2023-07-29T10:08:15","guid":{"rendered":"https:\/\/somllavors.com\/?post_type=product&#038;p=41936"},"modified":"2025-03-27T17:28:06","modified_gmt":"2025-03-27T16:28:06","slug":"mirall-safata-de-fusta-tickit","status":"publish","type":"product","link":"https:\/\/somllavors.com\/es\/producte\/mirall-safata-de-fusta-tickit","title":{"rendered":"Mirall \/ Safata de fusta &#8211; TickiT"},"content":{"rendered":"<ul>\n<li>Recolza les \u00e0rees d&#8217;aprenentatge seg\u00fcents:<\/li>\n<li style=\"list-style-type: none;\">\n<ul>\n<li><span style=\"font-size: 16px;\">Entendre el m\u00f3n &#8211; observaci\u00f3<\/span><\/li>\n<li style=\"list-style-type: none;\"><\/li>\n<li>Desenvolupament personal: autoconsci\u00e8ncia<\/li>\n<li>Matem\u00e0tiques: reflexi\u00f3 i simetria<\/li>\n<\/ul>\n<\/li>\n<li>Mides: 360 x 240 x 30 mm.<\/li>\n<li>Edat: Apte per a totes les edats.<\/li>\n<\/ul>\n","protected":false},"excerpt":{"rendered":"<p>La nova safata de mirall de fusta de faig mass\u00eds \u00e9s ideal perqu\u00e8 els infants aprenguin sobre els efectes de reflex i mirall, per veure objectes des de diferents angles, per crear entorns de petits mons i per a l&#8217;autoobservaci\u00f3 i el desenvolupament de la parla.<\/p>\n<ul>\n<li>Una mida ideal perqu\u00e8 els infants el facin servir sols (amb supervisi\u00f3), per explorar el seu propi reflex i experimentar amb diferents expressions facials que es poden associar amb sentiments o emocions.<\/li>\n<li>Tamb\u00e9 \u00e9s un recurs \u00fatil per donar suport al desenvolupament de la parla. Al copiar a una persona adulta que diu paraules o sons, si es fa servir el mirall quan un infant practica la mateixa paraula, pot observar el seu propi reflex per ajudar a visualitzar i corregir qualsevol error.<\/li>\n<li>La construcci\u00f3 s\u00f2lida de la safata proporciona una base estable per a la base mirallada acr\u00edlica de 2 mm, cosa que brinda un reflex brillant, clar i n\u00edtid.<\/li>\n<\/ul>\n","protected":false},"featured_media":41938,"template":"","meta":{"_acf_changed":false,"site-sidebar-layout":"default","site-content-layout":"default","ast-site-content-layout":"default","site-content-style":"default","site-sidebar-style":"default","ast-global-header-display":"","ast-banner-title-visibility":"","ast-main-header-display":"","ast-hfb-above-header-display":"","ast-hfb-below-header-display":"","ast-hfb-mobile-header-display":"","site-post-title":"","ast-breadcrumbs-content":"","ast-featured-img":"","footer-sml-layout":"","ast-disable-related-posts":"","theme-transparent-header-meta":"default","adv-header-id-meta":"","stick-header-meta":"","header-above-stick-meta":"","header-main-stick-meta":"","header-below-stick-meta":"","astra-migrate-meta-layouts":"default","ast-page-background-enabled":"default","ast-page-background-meta":{"desktop":{"background-color":"","background-image":"","background-repeat":"repeat","background-position":"center center","background-size":"auto","background-attachment":"scroll","background-type":"","background-media":"","overlay-type":"","overlay-color":"","overlay-opacity":"","overlay-gradient":""},"tablet":{"background-color":"","background-image":"","background-repeat":"repeat","background-position":"center center","background-size":"auto","background-attachment":"scroll","background-type":"","background-media":"","overlay-type":"","overlay-color":"","overlay-opacity":"","overlay-gradient":""},"mobile":{"background-color":"","background-image":"","background-repeat":"repeat","background-position":"center center","background-size":"auto","background-attachment":"scroll","background-type":"","background-media":"","overlay-type":"","overlay-color":"","overlay-opacity":"","overlay-gradient":""}},"ast-content-background-meta":{"desktop":{"background-color":"var(--ast-global-color-5)","background-image":"","background-repeat":"repeat","background-position":"center center","background-size":"auto","background-attachment":"scroll","background-type":"","background-media":"","overlay-type":"","overlay-color":"","overlay-opacity":"","overlay-gradient":""},"tablet":{"background-color":"var(--ast-global-color-5)","background-image":"","background-repeat":"repeat","background-position":"center center","background-size":"auto","background-attachment":"scroll","background-type":"","background-media":"","overlay-type":"","overlay-color":"","overlay-opacity":"","overlay-gradient":""},"mobile":{"background-color":"var(--ast-global-color-5)","background-image":"","background-repeat":"repeat","background-position":"center center","background-size":"auto","background-attachment":"scroll","background-type":"","background-media":"","overlay-type":"","overlay-color":"","overlay-opacity":"","overlay-gradient":""}}},"pwb-brand":[4149],"product_brand":[],"product_cat":[3360,3361,3362,3363,3358,3364,3359,3357,889,2312,612],"product_tag":[],"class_list":{"0":"post-41936","1":"product","2":"type-product","3":"status-publish","4":"has-post-thumbnail","6":"pwb-brand-tickit","7":"product_cat-12-mesos","8":"product_cat-18-mesos","9":"product_cat-2-anys","10":"product_cat-3-anys","11":"product_cat-3-mesos","12":"product_cat-4-anys","13":"product_cat-6-mesos","14":"product_cat-0-mesos","15":"product_cat-decoracio","16":"product_cat-jocs-sensorials","17":"product_cat-llums-i-ombres","18":"desktop-align-left","19":"tablet-align-left","20":"mobile-align-left","22":"first","23":"outofstock","24":"sale","25":"taxable","26":"shipping-taxable","27":"purchasable","28":"product-type-simple"},"acf":[],"yoast_head":"<!-- This site is optimized with the Yoast SEO Premium plugin v18.3 (Yoast SEO v27.4) - https:\/\/yoast.com\/product\/yoast-seo-premium-wordpress\/ -->\n<title>Mirall \/ Safata de fusta - TickiT &#8212; Som Llavors<\/title>\n<meta name=\"description\" content=\"La nova safata de mirall de fusta de faig mass\u00eds \u00e9s ideal perqu\u00e8 els infants aprenguin sobre els efectes de reflex i mirall, per veure objectes des de diferents angles, per crear entorns de petits mons i per a l&#039;autoobservaci\u00f3 i el desenvolupament de la parla.   Una mida ideal perqu\u00e8 els infants el facin servir sols (amb supervisi\u00f3), per explorar el seu propi reflex i experimentar amb diferents expressions facials que es poden associar amb sentiments o emocions.  Tamb\u00e9 \u00e9s un recurs \u00fatil per donar suport al desenvolupament de la parla. Al copiar a una persona adulta que diu paraules o sons, si es fa servir el mirall quan un infant practica la mateixa paraula, pot observar el seu propi reflex per ajudar a visualitzar i corregir qualsevol error.  La construcci\u00f3 s\u00f2lida de la safata proporciona una base estable per a la base mirallada acr\u00edlica de 2 mm, cosa que brinda un reflex brillant, clar i n\u00edtid.\" \/>\n<meta name=\"robots\" content=\"index, follow, max-snippet:-1, max-image-preview:large, max-video-preview:-1\" \/>\n<link rel=\"canonical\" href=\"https:\/\/somllavors.com\/es\/producte\/mirall-safata-de-fusta-tickit\" \/>\n<meta property=\"og:locale\" content=\"es_ES\" \/>\n<meta property=\"og:type\" content=\"article\" \/>\n<meta property=\"og:title\" content=\"Mirall \/ Safata de fusta - TickiT\" \/>\n<meta property=\"og:description\" content=\"La teva botiga d\u2019ecocrian\u00e7a i espai d\u2019acompanyament a la maternitat\" \/>\n<meta property=\"og:url\" content=\"https:\/\/somllavors.com\/es\/producte\/mirall-safata-de-fusta-tickit\" \/>\n<meta property=\"og:site_name\" content=\"Som Llavors\" \/>\n<meta property=\"article:publisher\" content=\"https:\/\/www.facebook.com\/somllavorsvng\/?locale=ca_ES\" \/>\n<meta property=\"article:modified_time\" content=\"2025-03-27T16:28:06+00:00\" \/>\n<meta property=\"og:image\" content=\"https:\/\/somllavors.com\/wp-content\/uploads\/2023\/07\/Som-Llavors-Small-Wooden-Mirror-Tray-73536a.jpg\" \/>\n\t<meta property=\"og:image:width\" content=\"1000\" \/>\n\t<meta property=\"og:image:height\" content=\"668\" \/>\n\t<meta property=\"og:image:type\" content=\"image\/jpeg\" \/>\n<meta name=\"twitter:card\" content=\"summary_large_image\" \/>\n<meta name=\"twitter:label1\" content=\"Precio\" \/>\n\t<meta name=\"twitter:data1\" content=\"28,00&euro; El precio original era: 28,00&euro;.24,95&euro;El precio actual es: 24,95&euro;. Iva incl\u00f2s\" \/>\n\t<meta name=\"twitter:label2\" content=\"Availability\" \/>\n\t<meta name=\"twitter:data2\" content=\"Out of stock\" \/>\n<script type=\"application\/ld+json\" class=\"yoast-schema-graph\">{\"@context\":\"https:\\\/\\\/schema.org\",\"@graph\":[{\"@type\":\"WebPage\",\"@id\":\"https:\\\/\\\/somllavors.com\\\/es\\\/producte\\\/mirall-safata-de-fusta-tickit\",\"url\":\"https:\\\/\\\/somllavors.com\\\/es\\\/producte\\\/mirall-safata-de-fusta-tickit\",\"name\":\"Mirall \\\/ Safata de fusta - TickiT &#8212; Som Llavors\",\"isPartOf\":{\"@id\":\"https:\\\/\\\/somllavors.com\\\/es#website\"},\"primaryImageOfPage\":{\"@id\":\"https:\\\/\\\/somllavors.com\\\/es\\\/producte\\\/mirall-safata-de-fusta-tickit#primaryimage\"},\"image\":{\"@id\":\"https:\\\/\\\/somllavors.com\\\/es\\\/producte\\\/mirall-safata-de-fusta-tickit#primaryimage\"},\"thumbnailUrl\":\"https:\\\/\\\/somllavors.com\\\/wp-content\\\/uploads\\\/2023\\\/07\\\/Som-Llavors-Small-Wooden-Mirror-Tray-73536a.jpg\",\"datePublished\":\"2023-07-29T10:08:15+00:00\",\"dateModified\":\"2025-03-27T16:28:06+00:00\",\"description\":\"La nova safata de mirall de fusta de faig mass\u00eds \u00e9s ideal perqu\u00e8 els infants aprenguin sobre els efectes de reflex i mirall, per veure objectes des de diferents angles, per crear entorns de petits mons i per a l'autoobservaci\u00f3 i el desenvolupament de la parla. Una mida ideal perqu\u00e8 els infants el facin servir sols (amb supervisi\u00f3), per explorar el seu propi reflex i experimentar amb diferents expressions facials que es poden associar amb sentiments o emocions. Tamb\u00e9 \u00e9s un recurs \u00fatil per donar suport al desenvolupament de la parla. Al copiar a una persona adulta que diu paraules o sons, si es fa servir el mirall quan un infant practica la mateixa paraula, pot observar el seu propi reflex per ajudar a visualitzar i corregir qualsevol error. La construcci\u00f3 s\u00f2lida de la safata proporciona una base estable per a la base mirallada acr\u00edlica de 2 mm, cosa que brinda un reflex brillant, clar i n\u00edtid.\",\"breadcrumb\":{\"@id\":\"https:\\\/\\\/somllavors.com\\\/es\\\/producte\\\/mirall-safata-de-fusta-tickit#breadcrumb\"},\"inLanguage\":\"es\",\"potentialAction\":[{\"@type\":\"ReadAction\",\"target\":[\"https:\\\/\\\/somllavors.com\\\/es\\\/producte\\\/mirall-safata-de-fusta-tickit\"]}]},{\"@type\":\"ImageObject\",\"inLanguage\":\"es\",\"@id\":\"https:\\\/\\\/somllavors.com\\\/es\\\/producte\\\/mirall-safata-de-fusta-tickit#primaryimage\",\"url\":\"https:\\\/\\\/somllavors.com\\\/wp-content\\\/uploads\\\/2023\\\/07\\\/Som-Llavors-Small-Wooden-Mirror-Tray-73536a.jpg\",\"contentUrl\":\"https:\\\/\\\/somllavors.com\\\/wp-content\\\/uploads\\\/2023\\\/07\\\/Som-Llavors-Small-Wooden-Mirror-Tray-73536a.jpg\",\"width\":1000,\"height\":668,\"caption\":\"espejo de seguridad\"},{\"@type\":\"BreadcrumbList\",\"@id\":\"https:\\\/\\\/somllavors.com\\\/es\\\/producte\\\/mirall-safata-de-fusta-tickit#breadcrumb\",\"itemListElement\":[{\"@type\":\"ListItem\",\"position\":1,\"name\":\"Inici\",\"item\":\"https:\\\/\\\/somllavors.com\\\/es\"},{\"@type\":\"ListItem\",\"position\":2,\"name\":\"Tienda\",\"item\":\"https:\\\/\\\/somllavors.com\\\/es\\\/botiga-2\"},{\"@type\":\"ListItem\",\"position\":3,\"name\":\"Mirall \\\/ Safata de fusta &#8211; TickiT\"}]},{\"@type\":\"WebSite\",\"@id\":\"https:\\\/\\\/somllavors.com\\\/es#website\",\"url\":\"https:\\\/\\\/somllavors.com\\\/es\",\"name\":\"Som Llavors\",\"description\":\"Botiga de crian\u00e7a natural\",\"publisher\":{\"@id\":\"https:\\\/\\\/somllavors.com\\\/es#organization\"},\"alternateName\":\"Crian\u00e7a Natural i Sostenible\",\"potentialAction\":[{\"@type\":\"SearchAction\",\"target\":{\"@type\":\"EntryPoint\",\"urlTemplate\":\"https:\\\/\\\/somllavors.com\\\/es?s={search_term_string}\"},\"query-input\":{\"@type\":\"PropertyValueSpecification\",\"valueRequired\":true,\"valueName\":\"search_term_string\"}}],\"inLanguage\":\"es\"},{\"@type\":[\"Organization\",\"Place\",\"Store\"],\"@id\":\"https:\\\/\\\/somllavors.com\\\/es#organization\",\"name\":\"Som Llavors\",\"alternateName\":\"Crian\u00e7a Natural i Sostenible\",\"url\":\"https:\\\/\\\/somllavors.com\\\/es\",\"logo\":{\"@id\":\"https:\\\/\\\/somllavors.com\\\/es\\\/producte\\\/mirall-safata-de-fusta-tickit#local-main-organization-logo\"},\"image\":{\"@id\":\"https:\\\/\\\/somllavors.com\\\/es\\\/producte\\\/mirall-safata-de-fusta-tickit#local-main-organization-logo\"},\"sameAs\":[\"https:\\\/\\\/www.facebook.com\\\/somllavorsvng\\\/?locale=ca_ES\",\"https:\\\/\\\/www.instagram.com\\\/somllavors_vng\\\/\",\"https:\\\/\\\/www.youtube.com\\\/@somllavors\"],\"address\":{\"@id\":\"https:\\\/\\\/somllavors.com\\\/es\\\/producte\\\/mirall-safata-de-fusta-tickit#local-main-place-address\"},\"geo\":{\"@type\":\"GeoCoordinates\",\"latitude\":\"41.2257737\",\"longitude\":\"1.723258859\"},\"telephone\":[\"623152704\"],\"openingHoursSpecification\":[{\"@type\":\"OpeningHoursSpecification\",\"dayOfWeek\":[\"Monday\",\"Sunday\"],\"opens\":\"00:00\",\"closes\":\"00:00\"},{\"@type\":\"OpeningHoursSpecification\",\"dayOfWeek\":[\"Tuesday\",\"Wednesday\",\"Thursday\",\"Friday\"],\"opens\":\"10:00\",\"closes\":\"20:00\"},{\"@type\":\"OpeningHoursSpecification\",\"dayOfWeek\":[\"Saturday\"],\"opens\":\"10:00\",\"closes\":\"13:30\"}],\"email\":\"info@somllavors.com\"},{\"@type\":\"PostalAddress\",\"@id\":\"https:\\\/\\\/somllavors.com\\\/es\\\/producte\\\/mirall-safata-de-fusta-tickit#local-main-place-address\",\"streetAddress\":\"Carrer de l'aigua, 6\",\"addressLocality\":\"Vilanova i la Geltr\u00fa\",\"postalCode\":\"08800\",\"addressRegion\":\"Barcelona\",\"addressCountry\":\"ES\"},{\"@type\":\"ImageObject\",\"inLanguage\":\"es\",\"@id\":\"https:\\\/\\\/somllavors.com\\\/es\\\/producte\\\/mirall-safata-de-fusta-tickit#local-main-organization-logo\",\"url\":\"https:\\\/\\\/somllavors.com\\\/wp-content\\\/uploads\\\/Logotip-Som-Llavors.jpg\",\"contentUrl\":\"https:\\\/\\\/somllavors.com\\\/wp-content\\\/uploads\\\/Logotip-Som-Llavors.jpg\",\"width\":1444,\"height\":1323,\"caption\":\"Som Llavors\"}]}<\/script>\n<meta property=\"product:price:amount\" content=\"24.95\" \/>\n<meta property=\"product:price:currency\" content=\"EUR\" \/>\n<meta property=\"og:availability\" content=\"out of stock\" \/>\n<meta property=\"product:availability\" content=\"out of stock\" \/>\n<meta property=\"product:retailer_item_id\" content=\"73536\" \/>\n<meta property=\"product:condition\" content=\"new\" \/>\n<meta name=\"geo.placename\" content=\"Vilanova i la Geltr\u00fa\" \/>\n<meta name=\"geo.position\" content=\"41.2257737;1.723258859\" \/>\n<meta name=\"geo.region\" content=\"Espa\u00f1a\" \/>\n<!-- \/ Yoast SEO Premium plugin. -->","yoast_head_json":{"title":"Mirall \/ Safata de fusta - TickiT &#8212; Som Llavors","description":"La nova safata de mirall de fusta de faig mass\u00eds \u00e9s ideal perqu\u00e8 els infants aprenguin sobre els efectes de reflex i mirall, per veure objectes des de diferents angles, per crear entorns de petits mons i per a l'autoobservaci\u00f3 i el desenvolupament de la parla.   Una mida ideal perqu\u00e8 els infants el facin servir sols (amb supervisi\u00f3), per explorar el seu propi reflex i experimentar amb diferents expressions facials que es poden associar amb sentiments o emocions.  Tamb\u00e9 \u00e9s un recurs \u00fatil per donar suport al desenvolupament de la parla. Al copiar a una persona adulta que diu paraules o sons, si es fa servir el mirall quan un infant practica la mateixa paraula, pot observar el seu propi reflex per ajudar a visualitzar i corregir qualsevol error.  La construcci\u00f3 s\u00f2lida de la safata proporciona una base estable per a la base mirallada acr\u00edlica de 2 mm, cosa que brinda un reflex brillant, clar i n\u00edtid.","robots":{"index":"index","follow":"follow","max-snippet":"max-snippet:-1","max-image-preview":"max-image-preview:large","max-video-preview":"max-video-preview:-1"},"canonical":"https:\/\/somllavors.com\/es\/producte\/mirall-safata-de-fusta-tickit","og_locale":"es_ES","og_type":"article","og_title":"Mirall \/ Safata de fusta - TickiT","og_description":"La teva botiga d\u2019ecocrian\u00e7a i espai d\u2019acompanyament a la maternitat","og_url":"https:\/\/somllavors.com\/es\/producte\/mirall-safata-de-fusta-tickit","og_site_name":"Som Llavors","article_publisher":"https:\/\/www.facebook.com\/somllavorsvng\/?locale=ca_ES","article_modified_time":"2025-03-27T16:28:06+00:00","og_image":[{"width":1000,"height":668,"url":"https:\/\/somllavors.com\/wp-content\/uploads\/2023\/07\/Som-Llavors-Small-Wooden-Mirror-Tray-73536a.jpg","type":"image\/jpeg"}],"twitter_card":"summary_large_image","twitter_misc":{"Precio":"28,00&euro; El precio original era: 28,00&euro;.24,95&euro;El precio actual es: 24,95&euro;. Iva incl\u00f2s","Availability":"Out of stock"},"schema":{"@context":"https:\/\/schema.org","@graph":[{"@type":"WebPage","@id":"https:\/\/somllavors.com\/es\/producte\/mirall-safata-de-fusta-tickit","url":"https:\/\/somllavors.com\/es\/producte\/mirall-safata-de-fusta-tickit","name":"Mirall \/ Safata de fusta - TickiT &#8212; Som Llavors","isPartOf":{"@id":"https:\/\/somllavors.com\/es#website"},"primaryImageOfPage":{"@id":"https:\/\/somllavors.com\/es\/producte\/mirall-safata-de-fusta-tickit#primaryimage"},"image":{"@id":"https:\/\/somllavors.com\/es\/producte\/mirall-safata-de-fusta-tickit#primaryimage"},"thumbnailUrl":"https:\/\/somllavors.com\/wp-content\/uploads\/2023\/07\/Som-Llavors-Small-Wooden-Mirror-Tray-73536a.jpg","datePublished":"2023-07-29T10:08:15+00:00","dateModified":"2025-03-27T16:28:06+00:00","description":"La nova safata de mirall de fusta de faig mass\u00eds \u00e9s ideal perqu\u00e8 els infants aprenguin sobre els efectes de reflex i mirall, per veure objectes des de diferents angles, per crear entorns de petits mons i per a l'autoobservaci\u00f3 i el desenvolupament de la parla. Una mida ideal perqu\u00e8 els infants el facin servir sols (amb supervisi\u00f3), per explorar el seu propi reflex i experimentar amb diferents expressions facials que es poden associar amb sentiments o emocions. Tamb\u00e9 \u00e9s un recurs \u00fatil per donar suport al desenvolupament de la parla. Al copiar a una persona adulta que diu paraules o sons, si es fa servir el mirall quan un infant practica la mateixa paraula, pot observar el seu propi reflex per ajudar a visualitzar i corregir qualsevol error. La construcci\u00f3 s\u00f2lida de la safata proporciona una base estable per a la base mirallada acr\u00edlica de 2 mm, cosa que brinda un reflex brillant, clar i n\u00edtid.","breadcrumb":{"@id":"https:\/\/somllavors.com\/es\/producte\/mirall-safata-de-fusta-tickit#breadcrumb"},"inLanguage":"es","potentialAction":[{"@type":"ReadAction","target":["https:\/\/somllavors.com\/es\/producte\/mirall-safata-de-fusta-tickit"]}]},{"@type":"ImageObject","inLanguage":"es","@id":"https:\/\/somllavors.com\/es\/producte\/mirall-safata-de-fusta-tickit#primaryimage","url":"https:\/\/somllavors.com\/wp-content\/uploads\/2023\/07\/Som-Llavors-Small-Wooden-Mirror-Tray-73536a.jpg","contentUrl":"https:\/\/somllavors.com\/wp-content\/uploads\/2023\/07\/Som-Llavors-Small-Wooden-Mirror-Tray-73536a.jpg","width":1000,"height":668,"caption":"espejo de seguridad"},{"@type":"BreadcrumbList","@id":"https:\/\/somllavors.com\/es\/producte\/mirall-safata-de-fusta-tickit#breadcrumb","itemListElement":[{"@type":"ListItem","position":1,"name":"Inici","item":"https:\/\/somllavors.com\/es"},{"@type":"ListItem","position":2,"name":"Tienda","item":"https:\/\/somllavors.com\/es\/botiga-2"},{"@type":"ListItem","position":3,"name":"Mirall \/ Safata de fusta &#8211; TickiT"}]},{"@type":"WebSite","@id":"https:\/\/somllavors.com\/es#website","url":"https:\/\/somllavors.com\/es","name":"Som Llavors","description":"Botiga de crian\u00e7a natural","publisher":{"@id":"https:\/\/somllavors.com\/es#organization"},"alternateName":"Crian\u00e7a Natural i Sostenible","potentialAction":[{"@type":"SearchAction","target":{"@type":"EntryPoint","urlTemplate":"https:\/\/somllavors.com\/es?s={search_term_string}"},"query-input":{"@type":"PropertyValueSpecification","valueRequired":true,"valueName":"search_term_string"}}],"inLanguage":"es"},{"@type":["Organization","Place","Store"],"@id":"https:\/\/somllavors.com\/es#organization","name":"Som Llavors","alternateName":"Crian\u00e7a Natural i Sostenible","url":"https:\/\/somllavors.com\/es","logo":{"@id":"https:\/\/somllavors.com\/es\/producte\/mirall-safata-de-fusta-tickit#local-main-organization-logo"},"image":{"@id":"https:\/\/somllavors.com\/es\/producte\/mirall-safata-de-fusta-tickit#local-main-organization-logo"},"sameAs":["https:\/\/www.facebook.com\/somllavorsvng\/?locale=ca_ES","https:\/\/www.instagram.com\/somllavors_vng\/","https:\/\/www.youtube.com\/@somllavors"],"address":{"@id":"https:\/\/somllavors.com\/es\/producte\/mirall-safata-de-fusta-tickit#local-main-place-address"},"geo":{"@type":"GeoCoordinates","latitude":"41.2257737","longitude":"1.723258859"},"telephone":["623152704","623152704"],"openingHoursSpecification":[{"@type":"OpeningHoursSpecification","dayOfWeek":["Monday","Sunday"],"opens":"00:00","closes":"00:00"},{"@type":"OpeningHoursSpecification","dayOfWeek":["Tuesday","Wednesday","Thursday","Friday"],"opens":"10:00","closes":"20:00"},{"@type":"OpeningHoursSpecification","dayOfWeek":["Saturday"],"opens":"10:00","closes":"13:30"}],"email":"info@somllavors.com"},{"@type":"PostalAddress","@id":"https:\/\/somllavors.com\/es\/producte\/mirall-safata-de-fusta-tickit#local-main-place-address","streetAddress":"Carrer de l'aigua, 6","addressLocality":"Vilanova i la Geltr\u00fa","postalCode":"08800","addressRegion":"Barcelona","addressCountry":"ES"},{"@type":"ImageObject","inLanguage":"es","@id":"https:\/\/somllavors.com\/es\/producte\/mirall-safata-de-fusta-tickit#local-main-organization-logo","url":"https:\/\/somllavors.com\/wp-content\/uploads\/Logotip-Som-Llavors.jpg","contentUrl":"https:\/\/somllavors.com\/wp-content\/uploads\/Logotip-Som-Llavors.jpg","width":1444,"height":1323,"caption":"Som Llavors"}]},"product_price_amount":"24.95","product_price_currency":"EUR","og_availability":"out of stock","product_availability":"out of stock","product_retailer_item_id":"73536","product_condition":"new","geo.placename":"Vilanova i la Geltr\u00fa","geo.position":{"lat":"41.2257737","long":"1.723258859"},"geo.region":"Espa\u00f1a"},"brands":[{"id":4149,"name":"TickiT","slug":"tickit"}],"_links":{"self":[{"href":"https:\/\/somllavors.com\/es\/wp-json\/wp\/v2\/product\/41936","targetHints":{"allow":["GET"]}}],"collection":[{"href":"https:\/\/somllavors.com\/es\/wp-json\/wp\/v2\/product"}],"about":[{"href":"https:\/\/somllavors.com\/es\/wp-json\/wp\/v2\/types\/product"}],"wp:featuredmedia":[{"embeddable":true,"href":"https:\/\/somllavors.com\/es\/wp-json\/wp\/v2\/media\/41938"}],"wp:attachment":[{"href":"https:\/\/somllavors.com\/es\/wp-json\/wp\/v2\/media?parent=41936"}],"wp:term":[{"taxonomy":"pwb-brand","embeddable":true,"href":"https:\/\/somllavors.com\/es\/wp-json\/wp\/v2\/pwb-brand?post=41936"},{"taxonomy":"product_brand","embeddable":true,"href":"https:\/\/somllavors.com\/es\/wp-json\/wp\/v2\/product_brand?post=41936"},{"taxonomy":"product_cat","embeddable":true,"href":"https:\/\/somllavors.com\/es\/wp-json\/wp\/v2\/product_cat?post=41936"},{"taxonomy":"product_tag","embeddable":true,"href":"https:\/\/somllavors.com\/es\/wp-json\/wp\/v2\/product_tag?post=41936"}],"curies":[{"name":"wp","href":"https:\/\/api.w.org\/{rel}","templated":true}]}}