{"id":42551,"date":"2023-08-09T09:26:24","date_gmt":"2023-08-09T07:26:24","guid":{"rendered":"https:\/\/somllavors.com\/?post_type=product&#038;p=42551"},"modified":"2023-12-13T18:58:42","modified_gmt":"2023-12-13T17:58:42","slug":"motxilla-bossa-de-cotxet-rolltop-green-lassig","status":"publish","type":"product","link":"https:\/\/somllavors.com\/es\/producte\/motxilla-bossa-de-cotxet-rolltop-green-lassig","title":{"rendered":"Motxilla \/ Bossa de cotxet Rolltop Green &#8211; Lassig"},"content":{"rendered":"<ul>\n<li>Motxilla per a bolquers fabricada amb materials reciclats i aprovat amb el segell veg\u00e0.<\/li>\n<li>Obertura estil roll-top augmentant la capacitat de 18 a 20 litres.<\/li>\n<li>Obertura superior enrotllable.<\/li>\n<li>Acc\u00e9s a l&#8217;interior amb cremallera posterior.<\/li>\n<li>Butxaca a la part davantera.<\/li>\n<li>Butxaca amb cremallera a la part posterior.<\/li>\n<li>Equipat amb un canviador repel\u00b7lent a l&#8217;aigua, un portaampolles a\u00efllat, un portagots, accessoris per a cotxets i una petita bossa per a utensilis.<\/li>\n<li>El teixit exterior de la Motxilla Rolltop Up \u00e9s 100% poli\u00e8ster (reciclat).<\/li>\n<li>Material: recobriment 100% poli\u00e8ster (fet de material reciclat).<\/li>\n<li>Revestiment: poliuret\u00e0.<\/li>\n<li>Manual d&#8217;usuari: no planxar, no fer servir lleixiu, no assecar en assecadora, no rentar en sec, no rentar.<\/li>\n<li>Mida: 29 (la) x 14,5 (an) x 42 (al) cm.<\/li>\n<li>Pes total: 0,98 kg.<\/li>\n<\/ul>\n","protected":false},"excerpt":{"rendered":"<p>Amb un disseny modern i funcional, la motxilla per a bolquers Rolltop Up de L\u00e4ssig ofereix un ampli espai d&#8217;emmagatzematge per portar tot all\u00f2 necessari per a la cura del nad\u00f3 durant les aventures familiars.<\/p>\n<ul>\n<li>Compta amb m\u00faltiples compartiments i butxaques, cosa que facilita l&#8217;organitzaci\u00f3 i l&#8217;acc\u00e9s r\u00e0pid als articles essencials, com bolquers, biberons, roba extra i joguines.<\/li>\n<li>A m\u00e9s de la seva practicitat, aquesta motxilla destaca per la durabilitat i la resist\u00e8ncia.<\/li>\n<li>Els materials reciclats utilitzats en la seva fabricaci\u00f3 han estat seleccionats amb cura per garantir-ne la qualitat i la resist\u00e8ncia alhora que es minimitza l&#8217;impacte ambiental.<\/li>\n<\/ul>\n","protected":false},"featured_media":42568,"template":"","meta":{"_acf_changed":false,"site-sidebar-layout":"default","site-content-layout":"default","ast-site-content-layout":"default","site-content-style":"default","site-sidebar-style":"default","ast-global-header-display":"","ast-banner-title-visibility":"","ast-main-header-display":"","ast-hfb-above-header-display":"","ast-hfb-below-header-display":"","ast-hfb-mobile-header-display":"","site-post-title":"","ast-breadcrumbs-content":"","ast-featured-img":"","footer-sml-layout":"","ast-disable-related-posts":"","theme-transparent-header-meta":"default","adv-header-id-meta":"","stick-header-meta":"","header-above-stick-meta":"","header-main-stick-meta":"","header-below-stick-meta":"","astra-migrate-meta-layouts":"default","ast-page-background-enabled":"default","ast-page-background-meta":{"desktop":{"background-color":"","background-image":"","background-repeat":"repeat","background-position":"center center","background-size":"auto","background-attachment":"scroll","background-type":"","background-media":"","overlay-type":"","overlay-color":"","overlay-opacity":"","overlay-gradient":""},"tablet":{"background-color":"","background-image":"","background-repeat":"repeat","background-position":"center center","background-size":"auto","background-attachment":"scroll","background-type":"","background-media":"","overlay-type":"","overlay-color":"","overlay-opacity":"","overlay-gradient":""},"mobile":{"background-color":"","background-image":"","background-repeat":"repeat","background-position":"center center","background-size":"auto","background-attachment":"scroll","background-type":"","background-media":"","overlay-type":"","overlay-color":"","overlay-opacity":"","overlay-gradient":""}},"ast-content-background-meta":{"desktop":{"background-color":"var(--ast-global-color-5)","background-image":"","background-repeat":"repeat","background-position":"center center","background-size":"auto","background-attachment":"scroll","background-type":"","background-media":"","overlay-type":"","overlay-color":"","overlay-opacity":"","overlay-gradient":""},"tablet":{"background-color":"var(--ast-global-color-5)","background-image":"","background-repeat":"repeat","background-position":"center center","background-size":"auto","background-attachment":"scroll","background-type":"","background-media":"","overlay-type":"","overlay-color":"","overlay-opacity":"","overlay-gradient":""},"mobile":{"background-color":"var(--ast-global-color-5)","background-image":"","background-repeat":"repeat","background-position":"center center","background-size":"auto","background-attachment":"scroll","background-type":"","background-media":"","overlay-type":"","overlay-color":"","overlay-opacity":"","overlay-gradient":""}}},"pwb-brand":[4108],"product_brand":[],"product_cat":[1495],"product_tag":[2007,2133,1718,704,2132],"class_list":{"0":"post-42551","1":"product","2":"type-product","3":"status-publish","4":"has-post-thumbnail","6":"pwb-brand-lassig","7":"product_cat-bolsos-de-passeig","8":"product_tag-backpack","9":"product_tag-bolsa-paseo","10":"product_tag-lassig","11":"product_tag-mochila","12":"product_tag-rolltop","13":"desktop-align-left","14":"tablet-align-left","15":"mobile-align-left","17":"first","18":"outofstock","19":"taxable","20":"shipping-taxable","21":"purchasable","22":"product-type-simple"},"acf":[],"yoast_head":"<!-- This site is optimized with the Yoast SEO Premium plugin v18.3 (Yoast SEO v27.4) - https:\/\/yoast.com\/product\/yoast-seo-premium-wordpress\/ -->\n<title>Motxilla \/ Bossa de cotxet Rolltop Green - Lassig &#8212; Som Llavors<\/title>\n<meta name=\"description\" content=\"Amb un disseny modern i funcional, la motxilla per a bolquers Rolltop Up de L\u00e4ssig ofereix un ampli espai d&#039;emmagatzematge per portar tot all\u00f2 necessari per a la cura del nad\u00f3 durant les aventures familiars.   Compta amb m\u00faltiples compartiments i butxaques, cosa que facilita l&#039;organitzaci\u00f3 i l&#039;acc\u00e9s r\u00e0pid als articles essencials, com bolquers, biberons, roba extra i joguines.  A m\u00e9s de la seva practicitat, aquesta motxilla destaca per la durabilitat i la resist\u00e8ncia.  Els materials reciclats utilitzats en la seva fabricaci\u00f3 han estat seleccionats amb cura per garantir-ne la qualitat i la resist\u00e8ncia alhora que es minimitza l&#039;impacte ambiental.\" \/>\n<meta name=\"robots\" content=\"index, follow, max-snippet:-1, max-image-preview:large, max-video-preview:-1\" \/>\n<link rel=\"canonical\" href=\"https:\/\/somllavors.com\/es\/producte\/motxilla-bossa-de-cotxet-rolltop-green-lassig\" \/>\n<meta property=\"og:locale\" content=\"es_ES\" \/>\n<meta property=\"og:type\" content=\"article\" \/>\n<meta property=\"og:title\" content=\"Motxilla \/ Bossa de cotxet Rolltop Green - Lassig\" \/>\n<meta property=\"og:description\" content=\"La teva botiga d\u2019ecocrian\u00e7a i espai d\u2019acompanyament a la maternitat\" \/>\n<meta property=\"og:url\" content=\"https:\/\/somllavors.com\/es\/producte\/motxilla-bossa-de-cotxet-rolltop-green-lassig\" \/>\n<meta property=\"og:site_name\" content=\"Som Llavors\" \/>\n<meta property=\"article:publisher\" content=\"https:\/\/www.facebook.com\/somllavorsvng\/?locale=ca_ES\" \/>\n<meta property=\"article:modified_time\" content=\"2023-12-13T17:58:42+00:00\" \/>\n<meta property=\"og:image\" content=\"https:\/\/somllavors.com\/wp-content\/uploads\/2023\/08\/1103038292.jpg\" \/>\n\t<meta property=\"og:image:width\" content=\"768\" \/>\n\t<meta property=\"og:image:height\" content=\"768\" \/>\n\t<meta property=\"og:image:type\" content=\"image\/jpeg\" \/>\n<meta name=\"twitter:card\" content=\"summary_large_image\" \/>\n<meta name=\"twitter:label1\" content=\"Precio\" \/>\n\t<meta name=\"twitter:data1\" content=\"136,30&euro; Iva incl\u00f2s\" \/>\n\t<meta name=\"twitter:label2\" content=\"Availability\" \/>\n\t<meta name=\"twitter:data2\" content=\"Out of stock\" \/>\n<script type=\"application\/ld+json\" class=\"yoast-schema-graph\">{\"@context\":\"https:\\\/\\\/schema.org\",\"@graph\":[{\"@type\":\"WebPage\",\"@id\":\"https:\\\/\\\/somllavors.com\\\/es\\\/producte\\\/motxilla-bossa-de-cotxet-rolltop-green-lassig\",\"url\":\"https:\\\/\\\/somllavors.com\\\/es\\\/producte\\\/motxilla-bossa-de-cotxet-rolltop-green-lassig\",\"name\":\"Motxilla \\\/ Bossa de cotxet Rolltop Green - Lassig &#8212; Som Llavors\",\"isPartOf\":{\"@id\":\"https:\\\/\\\/somllavors.com\\\/es#website\"},\"primaryImageOfPage\":{\"@id\":\"https:\\\/\\\/somllavors.com\\\/es\\\/producte\\\/motxilla-bossa-de-cotxet-rolltop-green-lassig#primaryimage\"},\"image\":{\"@id\":\"https:\\\/\\\/somllavors.com\\\/es\\\/producte\\\/motxilla-bossa-de-cotxet-rolltop-green-lassig#primaryimage\"},\"thumbnailUrl\":\"https:\\\/\\\/somllavors.com\\\/wp-content\\\/uploads\\\/2023\\\/08\\\/1103038292.jpg\",\"datePublished\":\"2023-08-09T07:26:24+00:00\",\"dateModified\":\"2023-12-13T17:58:42+00:00\",\"description\":\"Amb un disseny modern i funcional, la motxilla per a bolquers Rolltop Up de L\u00e4ssig ofereix un ampli espai d'emmagatzematge per portar tot all\u00f2 necessari per a la cura del nad\u00f3 durant les aventures familiars. Compta amb m\u00faltiples compartiments i butxaques, cosa que facilita l'organitzaci\u00f3 i l'acc\u00e9s r\u00e0pid als articles essencials, com bolquers, biberons, roba extra i joguines. A m\u00e9s de la seva practicitat, aquesta motxilla destaca per la durabilitat i la resist\u00e8ncia. Els materials reciclats utilitzats en la seva fabricaci\u00f3 han estat seleccionats amb cura per garantir-ne la qualitat i la resist\u00e8ncia alhora que es minimitza l'impacte ambiental.\",\"breadcrumb\":{\"@id\":\"https:\\\/\\\/somllavors.com\\\/es\\\/producte\\\/motxilla-bossa-de-cotxet-rolltop-green-lassig#breadcrumb\"},\"inLanguage\":\"es\",\"potentialAction\":[{\"@type\":\"ReadAction\",\"target\":[\"https:\\\/\\\/somllavors.com\\\/es\\\/producte\\\/motxilla-bossa-de-cotxet-rolltop-green-lassig\"]}]},{\"@type\":\"ImageObject\",\"inLanguage\":\"es\",\"@id\":\"https:\\\/\\\/somllavors.com\\\/es\\\/producte\\\/motxilla-bossa-de-cotxet-rolltop-green-lassig#primaryimage\",\"url\":\"https:\\\/\\\/somllavors.com\\\/wp-content\\\/uploads\\\/2023\\\/08\\\/1103038292.jpg\",\"contentUrl\":\"https:\\\/\\\/somllavors.com\\\/wp-content\\\/uploads\\\/2023\\\/08\\\/1103038292.jpg\",\"width\":768,\"height\":768,\"caption\":\"mochila para pa\u00f1ales\"},{\"@type\":\"BreadcrumbList\",\"@id\":\"https:\\\/\\\/somllavors.com\\\/es\\\/producte\\\/motxilla-bossa-de-cotxet-rolltop-green-lassig#breadcrumb\",\"itemListElement\":[{\"@type\":\"ListItem\",\"position\":1,\"name\":\"Inici\",\"item\":\"https:\\\/\\\/somllavors.com\\\/es\"},{\"@type\":\"ListItem\",\"position\":2,\"name\":\"Tienda\",\"item\":\"https:\\\/\\\/somllavors.com\\\/es\\\/botiga-2\"},{\"@type\":\"ListItem\",\"position\":3,\"name\":\"Motxilla \\\/ Bossa de cotxet Rolltop Green &#8211; Lassig\"}]},{\"@type\":\"WebSite\",\"@id\":\"https:\\\/\\\/somllavors.com\\\/es#website\",\"url\":\"https:\\\/\\\/somllavors.com\\\/es\",\"name\":\"Som Llavors\",\"description\":\"Botiga de crian\u00e7a natural\",\"publisher\":{\"@id\":\"https:\\\/\\\/somllavors.com\\\/es#organization\"},\"alternateName\":\"Crian\u00e7a Natural i Sostenible\",\"potentialAction\":[{\"@type\":\"SearchAction\",\"target\":{\"@type\":\"EntryPoint\",\"urlTemplate\":\"https:\\\/\\\/somllavors.com\\\/es?s={search_term_string}\"},\"query-input\":{\"@type\":\"PropertyValueSpecification\",\"valueRequired\":true,\"valueName\":\"search_term_string\"}}],\"inLanguage\":\"es\"},{\"@type\":[\"Organization\",\"Place\",\"Store\"],\"@id\":\"https:\\\/\\\/somllavors.com\\\/es#organization\",\"name\":\"Som Llavors\",\"alternateName\":\"Crian\u00e7a Natural i Sostenible\",\"url\":\"https:\\\/\\\/somllavors.com\\\/es\",\"logo\":{\"@id\":\"https:\\\/\\\/somllavors.com\\\/es\\\/producte\\\/motxilla-bossa-de-cotxet-rolltop-green-lassig#local-main-organization-logo\"},\"image\":{\"@id\":\"https:\\\/\\\/somllavors.com\\\/es\\\/producte\\\/motxilla-bossa-de-cotxet-rolltop-green-lassig#local-main-organization-logo\"},\"sameAs\":[\"https:\\\/\\\/www.facebook.com\\\/somllavorsvng\\\/?locale=ca_ES\",\"https:\\\/\\\/www.instagram.com\\\/somllavors_vng\\\/\",\"https:\\\/\\\/www.youtube.com\\\/@somllavors\"],\"address\":{\"@id\":\"https:\\\/\\\/somllavors.com\\\/es\\\/producte\\\/motxilla-bossa-de-cotxet-rolltop-green-lassig#local-main-place-address\"},\"geo\":{\"@type\":\"GeoCoordinates\",\"latitude\":\"41.2257737\",\"longitude\":\"1.723258859\"},\"telephone\":[\"623152704\"],\"openingHoursSpecification\":[{\"@type\":\"OpeningHoursSpecification\",\"dayOfWeek\":[\"Monday\",\"Sunday\"],\"opens\":\"00:00\",\"closes\":\"00:00\"},{\"@type\":\"OpeningHoursSpecification\",\"dayOfWeek\":[\"Tuesday\",\"Wednesday\",\"Thursday\",\"Friday\"],\"opens\":\"10:00\",\"closes\":\"20:00\"},{\"@type\":\"OpeningHoursSpecification\",\"dayOfWeek\":[\"Saturday\"],\"opens\":\"10:00\",\"closes\":\"13:30\"}],\"email\":\"info@somllavors.com\"},{\"@type\":\"PostalAddress\",\"@id\":\"https:\\\/\\\/somllavors.com\\\/es\\\/producte\\\/motxilla-bossa-de-cotxet-rolltop-green-lassig#local-main-place-address\",\"streetAddress\":\"Carrer de l'aigua, 6\",\"addressLocality\":\"Vilanova i la Geltr\u00fa\",\"postalCode\":\"08800\",\"addressRegion\":\"Barcelona\",\"addressCountry\":\"ES\"},{\"@type\":\"ImageObject\",\"inLanguage\":\"es\",\"@id\":\"https:\\\/\\\/somllavors.com\\\/es\\\/producte\\\/motxilla-bossa-de-cotxet-rolltop-green-lassig#local-main-organization-logo\",\"url\":\"https:\\\/\\\/somllavors.com\\\/wp-content\\\/uploads\\\/Logotip-Som-Llavors.jpg\",\"contentUrl\":\"https:\\\/\\\/somllavors.com\\\/wp-content\\\/uploads\\\/Logotip-Som-Llavors.jpg\",\"width\":1444,\"height\":1323,\"caption\":\"Som Llavors\"}]}<\/script>\n<meta property=\"product:price:amount\" content=\"136.30\" \/>\n<meta property=\"product:price:currency\" content=\"EUR\" \/>\n<meta property=\"og:availability\" content=\"out of stock\" \/>\n<meta property=\"product:availability\" content=\"out of stock\" \/>\n<meta property=\"product:retailer_item_id\" content=\"1103038292\" \/>\n<meta property=\"product:condition\" content=\"new\" \/>\n<meta name=\"geo.placename\" content=\"Vilanova i la Geltr\u00fa\" \/>\n<meta name=\"geo.position\" content=\"41.2257737;1.723258859\" \/>\n<meta name=\"geo.region\" content=\"Espa\u00f1a\" \/>\n<!-- \/ Yoast SEO Premium plugin. -->","yoast_head_json":{"title":"Motxilla \/ Bossa de cotxet Rolltop Green - Lassig &#8212; Som Llavors","description":"Amb un disseny modern i funcional, la motxilla per a bolquers Rolltop Up de L\u00e4ssig ofereix un ampli espai d'emmagatzematge per portar tot all\u00f2 necessari per a la cura del nad\u00f3 durant les aventures familiars.   Compta amb m\u00faltiples compartiments i butxaques, cosa que facilita l'organitzaci\u00f3 i l'acc\u00e9s r\u00e0pid als articles essencials, com bolquers, biberons, roba extra i joguines.  A m\u00e9s de la seva practicitat, aquesta motxilla destaca per la durabilitat i la resist\u00e8ncia.  Els materials reciclats utilitzats en la seva fabricaci\u00f3 han estat seleccionats amb cura per garantir-ne la qualitat i la resist\u00e8ncia alhora que es minimitza l'impacte ambiental.","robots":{"index":"index","follow":"follow","max-snippet":"max-snippet:-1","max-image-preview":"max-image-preview:large","max-video-preview":"max-video-preview:-1"},"canonical":"https:\/\/somllavors.com\/es\/producte\/motxilla-bossa-de-cotxet-rolltop-green-lassig","og_locale":"es_ES","og_type":"article","og_title":"Motxilla \/ Bossa de cotxet Rolltop Green - Lassig","og_description":"La teva botiga d\u2019ecocrian\u00e7a i espai d\u2019acompanyament a la maternitat","og_url":"https:\/\/somllavors.com\/es\/producte\/motxilla-bossa-de-cotxet-rolltop-green-lassig","og_site_name":"Som Llavors","article_publisher":"https:\/\/www.facebook.com\/somllavorsvng\/?locale=ca_ES","article_modified_time":"2023-12-13T17:58:42+00:00","og_image":[{"width":768,"height":768,"url":"https:\/\/somllavors.com\/wp-content\/uploads\/2023\/08\/1103038292.jpg","type":"image\/jpeg"}],"twitter_card":"summary_large_image","twitter_misc":{"Precio":"136,30&euro; Iva incl\u00f2s","Availability":"Out of stock"},"schema":{"@context":"https:\/\/schema.org","@graph":[{"@type":"WebPage","@id":"https:\/\/somllavors.com\/es\/producte\/motxilla-bossa-de-cotxet-rolltop-green-lassig","url":"https:\/\/somllavors.com\/es\/producte\/motxilla-bossa-de-cotxet-rolltop-green-lassig","name":"Motxilla \/ Bossa de cotxet Rolltop Green - Lassig &#8212; Som Llavors","isPartOf":{"@id":"https:\/\/somllavors.com\/es#website"},"primaryImageOfPage":{"@id":"https:\/\/somllavors.com\/es\/producte\/motxilla-bossa-de-cotxet-rolltop-green-lassig#primaryimage"},"image":{"@id":"https:\/\/somllavors.com\/es\/producte\/motxilla-bossa-de-cotxet-rolltop-green-lassig#primaryimage"},"thumbnailUrl":"https:\/\/somllavors.com\/wp-content\/uploads\/2023\/08\/1103038292.jpg","datePublished":"2023-08-09T07:26:24+00:00","dateModified":"2023-12-13T17:58:42+00:00","description":"Amb un disseny modern i funcional, la motxilla per a bolquers Rolltop Up de L\u00e4ssig ofereix un ampli espai d'emmagatzematge per portar tot all\u00f2 necessari per a la cura del nad\u00f3 durant les aventures familiars. Compta amb m\u00faltiples compartiments i butxaques, cosa que facilita l'organitzaci\u00f3 i l'acc\u00e9s r\u00e0pid als articles essencials, com bolquers, biberons, roba extra i joguines. A m\u00e9s de la seva practicitat, aquesta motxilla destaca per la durabilitat i la resist\u00e8ncia. Els materials reciclats utilitzats en la seva fabricaci\u00f3 han estat seleccionats amb cura per garantir-ne la qualitat i la resist\u00e8ncia alhora que es minimitza l'impacte ambiental.","breadcrumb":{"@id":"https:\/\/somllavors.com\/es\/producte\/motxilla-bossa-de-cotxet-rolltop-green-lassig#breadcrumb"},"inLanguage":"es","potentialAction":[{"@type":"ReadAction","target":["https:\/\/somllavors.com\/es\/producte\/motxilla-bossa-de-cotxet-rolltop-green-lassig"]}]},{"@type":"ImageObject","inLanguage":"es","@id":"https:\/\/somllavors.com\/es\/producte\/motxilla-bossa-de-cotxet-rolltop-green-lassig#primaryimage","url":"https:\/\/somllavors.com\/wp-content\/uploads\/2023\/08\/1103038292.jpg","contentUrl":"https:\/\/somllavors.com\/wp-content\/uploads\/2023\/08\/1103038292.jpg","width":768,"height":768,"caption":"mochila para pa\u00f1ales"},{"@type":"BreadcrumbList","@id":"https:\/\/somllavors.com\/es\/producte\/motxilla-bossa-de-cotxet-rolltop-green-lassig#breadcrumb","itemListElement":[{"@type":"ListItem","position":1,"name":"Inici","item":"https:\/\/somllavors.com\/es"},{"@type":"ListItem","position":2,"name":"Tienda","item":"https:\/\/somllavors.com\/es\/botiga-2"},{"@type":"ListItem","position":3,"name":"Motxilla \/ Bossa de cotxet Rolltop Green &#8211; Lassig"}]},{"@type":"WebSite","@id":"https:\/\/somllavors.com\/es#website","url":"https:\/\/somllavors.com\/es","name":"Som Llavors","description":"Botiga de crian\u00e7a natural","publisher":{"@id":"https:\/\/somllavors.com\/es#organization"},"alternateName":"Crian\u00e7a Natural i Sostenible","potentialAction":[{"@type":"SearchAction","target":{"@type":"EntryPoint","urlTemplate":"https:\/\/somllavors.com\/es?s={search_term_string}"},"query-input":{"@type":"PropertyValueSpecification","valueRequired":true,"valueName":"search_term_string"}}],"inLanguage":"es"},{"@type":["Organization","Place","Store"],"@id":"https:\/\/somllavors.com\/es#organization","name":"Som Llavors","alternateName":"Crian\u00e7a Natural i Sostenible","url":"https:\/\/somllavors.com\/es","logo":{"@id":"https:\/\/somllavors.com\/es\/producte\/motxilla-bossa-de-cotxet-rolltop-green-lassig#local-main-organization-logo"},"image":{"@id":"https:\/\/somllavors.com\/es\/producte\/motxilla-bossa-de-cotxet-rolltop-green-lassig#local-main-organization-logo"},"sameAs":["https:\/\/www.facebook.com\/somllavorsvng\/?locale=ca_ES","https:\/\/www.instagram.com\/somllavors_vng\/","https:\/\/www.youtube.com\/@somllavors"],"address":{"@id":"https:\/\/somllavors.com\/es\/producte\/motxilla-bossa-de-cotxet-rolltop-green-lassig#local-main-place-address"},"geo":{"@type":"GeoCoordinates","latitude":"41.2257737","longitude":"1.723258859"},"telephone":["623152704","623152704"],"openingHoursSpecification":[{"@type":"OpeningHoursSpecification","dayOfWeek":["Monday","Sunday"],"opens":"00:00","closes":"00:00"},{"@type":"OpeningHoursSpecification","dayOfWeek":["Tuesday","Wednesday","Thursday","Friday"],"opens":"10:00","closes":"20:00"},{"@type":"OpeningHoursSpecification","dayOfWeek":["Saturday"],"opens":"10:00","closes":"13:30"}],"email":"info@somllavors.com"},{"@type":"PostalAddress","@id":"https:\/\/somllavors.com\/es\/producte\/motxilla-bossa-de-cotxet-rolltop-green-lassig#local-main-place-address","streetAddress":"Carrer de l'aigua, 6","addressLocality":"Vilanova i la Geltr\u00fa","postalCode":"08800","addressRegion":"Barcelona","addressCountry":"ES"},{"@type":"ImageObject","inLanguage":"es","@id":"https:\/\/somllavors.com\/es\/producte\/motxilla-bossa-de-cotxet-rolltop-green-lassig#local-main-organization-logo","url":"https:\/\/somllavors.com\/wp-content\/uploads\/Logotip-Som-Llavors.jpg","contentUrl":"https:\/\/somllavors.com\/wp-content\/uploads\/Logotip-Som-Llavors.jpg","width":1444,"height":1323,"caption":"Som Llavors"}]},"product_price_amount":"136.30","product_price_currency":"EUR","og_availability":"out of stock","product_availability":"out of stock","product_retailer_item_id":"1103038292","product_condition":"new","geo.placename":"Vilanova i la Geltr\u00fa","geo.position":{"lat":"41.2257737","long":"1.723258859"},"geo.region":"Espa\u00f1a"},"brands":[{"id":4108,"name":"Lassig","slug":"lassig"}],"_links":{"self":[{"href":"https:\/\/somllavors.com\/es\/wp-json\/wp\/v2\/product\/42551","targetHints":{"allow":["GET"]}}],"collection":[{"href":"https:\/\/somllavors.com\/es\/wp-json\/wp\/v2\/product"}],"about":[{"href":"https:\/\/somllavors.com\/es\/wp-json\/wp\/v2\/types\/product"}],"wp:featuredmedia":[{"embeddable":true,"href":"https:\/\/somllavors.com\/es\/wp-json\/wp\/v2\/media\/42568"}],"wp:attachment":[{"href":"https:\/\/somllavors.com\/es\/wp-json\/wp\/v2\/media?parent=42551"}],"wp:term":[{"taxonomy":"pwb-brand","embeddable":true,"href":"https:\/\/somllavors.com\/es\/wp-json\/wp\/v2\/pwb-brand?post=42551"},{"taxonomy":"product_brand","embeddable":true,"href":"https:\/\/somllavors.com\/es\/wp-json\/wp\/v2\/product_brand?post=42551"},{"taxonomy":"product_cat","embeddable":true,"href":"https:\/\/somllavors.com\/es\/wp-json\/wp\/v2\/product_cat?post=42551"},{"taxonomy":"product_tag","embeddable":true,"href":"https:\/\/somllavors.com\/es\/wp-json\/wp\/v2\/product_tag?post=42551"}],"curies":[{"name":"wp","href":"https:\/\/api.w.org\/{rel}","templated":true}]}}