{"id":43571,"date":"2023-08-31T16:14:32","date_gmt":"2023-08-31T14:14:32","guid":{"rendered":"https:\/\/somllavors.com\/?post_type=product&#038;p=43571"},"modified":"2025-09-25T19:00:01","modified_gmt":"2025-09-25T17:00:01","slug":"samarreta-maniga-llarga-flame-artur-play-up","status":"publish","type":"product","link":"https:\/\/somllavors.com\/es\/producte\/samarreta-maniga-llarga-flame-artur-play-up","title":{"rendered":"Samarreta m\u00e0niga llarga Artur \u2013 Play Up"},"content":{"rendered":"<ul>\n<li>Material: 100.0% Algod\u00f3n Org\u00e1nico\n<div class=\"wrapper-page\">\n<div class=\"wrapper-related-products\">\n<div class=\"container\"><\/div>\n<\/div>\n<\/div>\n<\/li>\n<\/ul>\n","protected":false},"excerpt":{"rendered":"<div class=\"accordion-content\">\n<p>Esta camiseta est\u00e1 confeccionada con punto de algod\u00f3n org\u00e1nico, en color Artur. Es un modelo con cuello redondo y manga larga, tiene una abertura en el hombro con botones de coco y un dibujo en la parte delantera con un detalle bordado.<\/p>\n<\/div>\n<p><span style=\"font-size: 16px;\">Jersei flam\u00e9<\/span><\/p>\n<ul>\n<li>Les fibres org\u00e0niques utilitzades en aquesta pe\u00e7a tenen certificaci\u00f3 GOTS (Global Organic Textile Standard) una de les normes m\u00e9s importants al sector t\u00e8xtil, que estableix rigorosos criteris respecte als principis socials, ambientals i de seguretat a la feina, a tota la cadena de producci\u00f3.<\/li>\n<li>Totes les mat\u00e8ries primeres utilitzades per confeccionar aquesta pe\u00e7a tenen certificaci\u00f3 Standard 100 by OEKO-TEX, Classe I, i han estat testades per comprovar la pres\u00e8ncia de subst\u00e0ncies nocives per a la pell dels infants.<\/li>\n<\/ul>\n<p>&nbsp;<\/p>\n","protected":false},"featured_media":43624,"template":"","meta":{"_acf_changed":false,"site-sidebar-layout":"default","site-content-layout":"default","ast-site-content-layout":"default","site-content-style":"default","site-sidebar-style":"default","ast-global-header-display":"","ast-banner-title-visibility":"","ast-main-header-display":"","ast-hfb-above-header-display":"","ast-hfb-below-header-display":"","ast-hfb-mobile-header-display":"","site-post-title":"","ast-breadcrumbs-content":"","ast-featured-img":"","footer-sml-layout":"","theme-transparent-header-meta":"default","adv-header-id-meta":"","stick-header-meta":"","header-above-stick-meta":"","header-main-stick-meta":"","header-below-stick-meta":"","astra-migrate-meta-layouts":"default","ast-page-background-enabled":"default","ast-page-background-meta":{"desktop":{"background-color":"","background-image":"","background-repeat":"repeat","background-position":"center center","background-size":"auto","background-attachment":"scroll","background-type":"","background-media":"","overlay-type":"","overlay-color":"","overlay-opacity":"","overlay-gradient":""},"tablet":{"background-color":"","background-image":"","background-repeat":"repeat","background-position":"center center","background-size":"auto","background-attachment":"scroll","background-type":"","background-media":"","overlay-type":"","overlay-color":"","overlay-opacity":"","overlay-gradient":""},"mobile":{"background-color":"","background-image":"","background-repeat":"repeat","background-position":"center center","background-size":"auto","background-attachment":"scroll","background-type":"","background-media":"","overlay-type":"","overlay-color":"","overlay-opacity":"","overlay-gradient":""}},"ast-content-background-meta":{"desktop":{"background-color":"var(--ast-global-color-5)","background-image":"","background-repeat":"repeat","background-position":"center center","background-size":"auto","background-attachment":"scroll","background-type":"","background-media":"","overlay-type":"","overlay-color":"","overlay-opacity":"","overlay-gradient":""},"tablet":{"background-color":"var(--ast-global-color-5)","background-image":"","background-repeat":"repeat","background-position":"center center","background-size":"auto","background-attachment":"scroll","background-type":"","background-media":"","overlay-type":"","overlay-color":"","overlay-opacity":"","overlay-gradient":""},"mobile":{"background-color":"var(--ast-global-color-5)","background-image":"","background-repeat":"repeat","background-position":"center center","background-size":"auto","background-attachment":"scroll","background-type":"","background-media":"","overlay-type":"","overlay-color":"","overlay-opacity":"","overlay-gradient":""}}},"pwb-brand":[4112],"product_brand":[],"product_cat":[3956],"product_tag":[692,3957,3958],"class_list":{"0":"post-43571","1":"product","2":"type-product","3":"status-publish","4":"has-post-thumbnail","6":"pwb-brand-play-up","7":"product_cat-roba","8":"product_tag-algodon","9":"product_tag-play-up","10":"product_tag-ropa","11":"pa_talla-12m","12":"pa_talla-3m","13":"pa_talla-6m","14":"pa_talla-9m","15":"desktop-align-left","16":"tablet-align-left","17":"mobile-align-left","19":"first","20":"instock","21":"taxable","22":"shipping-taxable","23":"purchasable","24":"product-type-variable"},"acf":[],"yoast_head":"<!-- This site is optimized with the Yoast SEO Premium plugin v18.3 (Yoast SEO v26.2) - https:\/\/yoast.com\/wordpress\/plugins\/seo\/ -->\n<title>Samarreta m\u00e0niga llarga Artur \u2013 Play Up &#8212; Som Llavors<\/title>\n<meta name=\"description\" content=\"Esta camiseta est\u00e1 confeccionada con punto de algod\u00f3n org\u00e1nico, en color Artur. Es un modelo con cuello redondo y manga larga, tiene una abertura en el hombro con botones de coco y un dibujo en la parte delantera con un detalle bordado.   Jersei flam\u00e9   Les fibres org\u00e0niques utilitzades en aquesta pe\u00e7a tenen certificaci\u00f3 GOTS (Global Organic Textile Standard) una de les normes m\u00e9s importants al sector t\u00e8xtil, que estableix rigorosos criteris respecte als principis socials, ambientals i de seguretat a la feina, a tota la cadena de producci\u00f3.  Totes les mat\u00e8ries primeres utilitzades per confeccionar aquesta pe\u00e7a tenen certificaci\u00f3 Standard 100 by OEKO-TEX, Classe I, i han estat testades per comprovar la pres\u00e8ncia de subst\u00e0ncies nocives per a la pell dels infants.  &nbsp;\" \/>\n<meta name=\"robots\" content=\"index, follow, max-snippet:-1, max-image-preview:large, max-video-preview:-1\" \/>\n<link rel=\"canonical\" href=\"https:\/\/somllavors.com\/es\/producte\/samarreta-maniga-llarga-flame-artur-play-up\" \/>\n<meta property=\"og:locale\" content=\"es_ES\" \/>\n<meta property=\"og:type\" content=\"article\" \/>\n<meta property=\"og:title\" content=\"Samarreta m\u00e0niga llarga Artur \u2013 Play Up\" \/>\n<meta property=\"og:description\" content=\"La teva botiga d\u2019ecocrian\u00e7a i espai d\u2019acompanyament a la maternitat\" \/>\n<meta property=\"og:url\" content=\"https:\/\/somllavors.com\/es\/producte\/samarreta-maniga-llarga-flame-artur-play-up\" \/>\n<meta property=\"og:site_name\" content=\"Som Llavors\" \/>\n<meta property=\"article:publisher\" content=\"https:\/\/www.facebook.com\/somllavorsvng\/?locale=ca_ES\" \/>\n<meta property=\"article:modified_time\" content=\"2025-09-25T17:00:01+00:00\" \/>\n<meta property=\"og:image\" content=\"https:\/\/somllavors.com\/wp-content\/uploads\/2023\/08\/Som-Llavors-camiseta-manga-larga-flame-play-up.jpeg\" \/>\n\t<meta property=\"og:image:width\" content=\"1920\" \/>\n\t<meta property=\"og:image:height\" content=\"2340\" \/>\n\t<meta property=\"og:image:type\" content=\"image\/jpeg\" \/>\n<meta name=\"twitter:card\" content=\"summary_large_image\" \/>\n<meta name=\"twitter:label1\" content=\"Availability\" \/>\n\t<meta name=\"twitter:data1\" content=\"Hay existencias\" \/>\n<script type=\"application\/ld+json\" class=\"yoast-schema-graph\">{\"@context\":\"https:\/\/schema.org\",\"@graph\":[{\"@type\":\"WebPage\",\"@id\":\"https:\/\/somllavors.com\/es\/producte\/samarreta-maniga-llarga-flame-artur-play-up\",\"url\":\"https:\/\/somllavors.com\/es\/producte\/samarreta-maniga-llarga-flame-artur-play-up\",\"name\":\"Samarreta m\u00e0niga llarga Artur \u2013 Play Up &#8212; Som Llavors\",\"isPartOf\":{\"@id\":\"https:\/\/somllavors.com\/es#website\"},\"primaryImageOfPage\":{\"@id\":\"https:\/\/somllavors.com\/es\/producte\/samarreta-maniga-llarga-flame-artur-play-up#primaryimage\"},\"image\":{\"@id\":\"https:\/\/somllavors.com\/es\/producte\/samarreta-maniga-llarga-flame-artur-play-up#primaryimage\"},\"thumbnailUrl\":\"https:\/\/somllavors.com\/wp-content\/uploads\/2023\/08\/Som-Llavors-camiseta-manga-larga-flame-play-up.jpeg\",\"datePublished\":\"2023-08-31T14:14:32+00:00\",\"dateModified\":\"2025-09-25T17:00:01+00:00\",\"description\":\"Esta camiseta est\u00e1 confeccionada con punto de algod\u00f3n org\u00e1nico, en color Artur. Es un modelo con cuello redondo y manga larga, tiene una abertura en el hombro con botones de coco y un dibujo en la parte delantera con un detalle bordado. Jersei flam\u00e9 Les fibres org\u00e0niques utilitzades en aquesta pe\u00e7a tenen certificaci\u00f3 GOTS (Global Organic Textile Standard) una de les normes m\u00e9s importants al sector t\u00e8xtil, que estableix rigorosos criteris respecte als principis socials, ambientals i de seguretat a la feina, a tota la cadena de producci\u00f3. Totes les mat\u00e8ries primeres utilitzades per confeccionar aquesta pe\u00e7a tenen certificaci\u00f3 Standard 100 by OEKO-TEX, Classe I, i han estat testades per comprovar la pres\u00e8ncia de subst\u00e0ncies nocives per a la pell dels infants. &nbsp;\",\"breadcrumb\":{\"@id\":\"https:\/\/somllavors.com\/es\/producte\/samarreta-maniga-llarga-flame-artur-play-up#breadcrumb\"},\"inLanguage\":\"es\",\"potentialAction\":[{\"@type\":\"ReadAction\",\"target\":[\"https:\/\/somllavors.com\/es\/producte\/samarreta-maniga-llarga-flame-artur-play-up\"]}]},{\"@type\":\"ImageObject\",\"inLanguage\":\"es\",\"@id\":\"https:\/\/somllavors.com\/es\/producte\/samarreta-maniga-llarga-flame-artur-play-up#primaryimage\",\"url\":\"https:\/\/somllavors.com\/wp-content\/uploads\/2023\/08\/Som-Llavors-camiseta-manga-larga-flame-play-up.jpeg\",\"contentUrl\":\"https:\/\/somllavors.com\/wp-content\/uploads\/2023\/08\/Som-Llavors-camiseta-manga-larga-flame-play-up.jpeg\",\"width\":1920,\"height\":2340,\"caption\":\"ropa play up\"},{\"@type\":\"BreadcrumbList\",\"@id\":\"https:\/\/somllavors.com\/es\/producte\/samarreta-maniga-llarga-flame-artur-play-up#breadcrumb\",\"itemListElement\":[{\"@type\":\"ListItem\",\"position\":1,\"name\":\"Inici\",\"item\":\"https:\/\/somllavors.com\/es\"},{\"@type\":\"ListItem\",\"position\":2,\"name\":\"Tienda\",\"item\":\"https:\/\/somllavors.com\/es\/botiga-2\"},{\"@type\":\"ListItem\",\"position\":3,\"name\":\"Samarreta m\u00e0niga llarga Artur \u2013 Play Up\"}]},{\"@type\":\"WebSite\",\"@id\":\"https:\/\/somllavors.com\/es#website\",\"url\":\"https:\/\/somllavors.com\/es\",\"name\":\"Som Llavors\",\"description\":\"Botiga de crian\u00e7a natural\",\"publisher\":{\"@id\":\"https:\/\/somllavors.com\/es#organization\"},\"alternateName\":\"Crian\u00e7a Natural i Sostenible\",\"potentialAction\":[{\"@type\":\"SearchAction\",\"target\":{\"@type\":\"EntryPoint\",\"urlTemplate\":\"https:\/\/somllavors.com\/es?s={search_term_string}\"},\"query-input\":{\"@type\":\"PropertyValueSpecification\",\"valueRequired\":true,\"valueName\":\"search_term_string\"}}],\"inLanguage\":\"es\"},{\"@type\":[\"Organization\",\"Place\",\"Store\"],\"@id\":\"https:\/\/somllavors.com\/es#organization\",\"name\":\"Som Llavors\",\"alternateName\":\"Crian\u00e7a Natural i Sostenible\",\"url\":\"https:\/\/somllavors.com\/es\",\"logo\":{\"@id\":\"https:\/\/somllavors.com\/es\/producte\/samarreta-maniga-llarga-flame-artur-play-up#local-main-organization-logo\"},\"image\":{\"@id\":\"https:\/\/somllavors.com\/es\/producte\/samarreta-maniga-llarga-flame-artur-play-up#local-main-organization-logo\"},\"sameAs\":[\"https:\/\/www.facebook.com\/somllavorsvng\/?locale=ca_ES\",\"https:\/\/www.instagram.com\/somllavors_vng\/\",\"https:\/\/www.youtube.com\/@somllavors\"],\"address\":{\"@id\":\"https:\/\/somllavors.com\/es\/producte\/samarreta-maniga-llarga-flame-artur-play-up#local-main-place-address\"},\"geo\":{\"@type\":\"GeoCoordinates\",\"latitude\":\"41.2257737\",\"longitude\":\"1.723258859\"},\"telephone\":[\"623152704\"],\"openingHoursSpecification\":[{\"@type\":\"OpeningHoursSpecification\",\"dayOfWeek\":[\"Monday\",\"Sunday\"],\"opens\":\"00:00\",\"closes\":\"00:00\"},{\"@type\":\"OpeningHoursSpecification\",\"dayOfWeek\":[\"Tuesday\",\"Wednesday\",\"Thursday\",\"Friday\"],\"opens\":\"10:00\",\"closes\":\"20:00\"},{\"@type\":\"OpeningHoursSpecification\",\"dayOfWeek\":[\"Saturday\"],\"opens\":\"10:00\",\"closes\":\"13:30\"}],\"email\":\"info@somllavors.com\"},{\"@type\":\"PostalAddress\",\"@id\":\"https:\/\/somllavors.com\/es\/producte\/samarreta-maniga-llarga-flame-artur-play-up#local-main-place-address\",\"streetAddress\":\"Carrer de l'aigua, 6\",\"addressLocality\":\"Vilanova i la Geltr\u00fa\",\"postalCode\":\"08800\",\"addressRegion\":\"Barcelona\",\"addressCountry\":\"ES\"},{\"@type\":\"ImageObject\",\"inLanguage\":\"es\",\"@id\":\"https:\/\/somllavors.com\/es\/producte\/samarreta-maniga-llarga-flame-artur-play-up#local-main-organization-logo\",\"url\":\"https:\/\/somllavors.com\/wp-content\/uploads\/Logotip-Som-Llavors.jpg\",\"contentUrl\":\"https:\/\/somllavors.com\/wp-content\/uploads\/Logotip-Som-Llavors.jpg\",\"width\":1444,\"height\":1323,\"caption\":\"Som Llavors\"}]}<\/script>\n<meta property=\"og:availability\" content=\"instock\" \/>\n<meta property=\"product:availability\" content=\"instock\" \/>\n<meta property=\"product:retailer_item_id\" content=\"1AN11001\" \/>\n<meta property=\"product:condition\" content=\"new\" \/>\n<meta name=\"geo.placename\" content=\"Vilanova i la Geltr\u00fa\" \/>\n<meta name=\"geo.position\" content=\"41.2257737;1.723258859\" \/>\n<meta name=\"geo.region\" content=\"Espa\u00f1a\" \/>\n<!-- \/ Yoast SEO Premium plugin. -->","yoast_head_json":{"title":"Samarreta m\u00e0niga llarga Artur \u2013 Play Up &#8212; Som Llavors","description":"Esta camiseta est\u00e1 confeccionada con punto de algod\u00f3n org\u00e1nico, en color Artur. Es un modelo con cuello redondo y manga larga, tiene una abertura en el hombro con botones de coco y un dibujo en la parte delantera con un detalle bordado.   Jersei flam\u00e9   Les fibres org\u00e0niques utilitzades en aquesta pe\u00e7a tenen certificaci\u00f3 GOTS (Global Organic Textile Standard) una de les normes m\u00e9s importants al sector t\u00e8xtil, que estableix rigorosos criteris respecte als principis socials, ambientals i de seguretat a la feina, a tota la cadena de producci\u00f3.  Totes les mat\u00e8ries primeres utilitzades per confeccionar aquesta pe\u00e7a tenen certificaci\u00f3 Standard 100 by OEKO-TEX, Classe I, i han estat testades per comprovar la pres\u00e8ncia de subst\u00e0ncies nocives per a la pell dels infants.  &nbsp;","robots":{"index":"index","follow":"follow","max-snippet":"max-snippet:-1","max-image-preview":"max-image-preview:large","max-video-preview":"max-video-preview:-1"},"canonical":"https:\/\/somllavors.com\/es\/producte\/samarreta-maniga-llarga-flame-artur-play-up","og_locale":"es_ES","og_type":"article","og_title":"Samarreta m\u00e0niga llarga Artur \u2013 Play Up","og_description":"La teva botiga d\u2019ecocrian\u00e7a i espai d\u2019acompanyament a la maternitat","og_url":"https:\/\/somllavors.com\/es\/producte\/samarreta-maniga-llarga-flame-artur-play-up","og_site_name":"Som Llavors","article_publisher":"https:\/\/www.facebook.com\/somllavorsvng\/?locale=ca_ES","article_modified_time":"2025-09-25T17:00:01+00:00","og_image":[{"width":1920,"height":2340,"url":"https:\/\/somllavors.com\/wp-content\/uploads\/2023\/08\/Som-Llavors-camiseta-manga-larga-flame-play-up.jpeg","type":"image\/jpeg"}],"twitter_card":"summary_large_image","twitter_misc":{"Availability":"Hay existencias"},"schema":{"@context":"https:\/\/schema.org","@graph":[{"@type":"WebPage","@id":"https:\/\/somllavors.com\/es\/producte\/samarreta-maniga-llarga-flame-artur-play-up","url":"https:\/\/somllavors.com\/es\/producte\/samarreta-maniga-llarga-flame-artur-play-up","name":"Samarreta m\u00e0niga llarga Artur \u2013 Play Up &#8212; Som Llavors","isPartOf":{"@id":"https:\/\/somllavors.com\/es#website"},"primaryImageOfPage":{"@id":"https:\/\/somllavors.com\/es\/producte\/samarreta-maniga-llarga-flame-artur-play-up#primaryimage"},"image":{"@id":"https:\/\/somllavors.com\/es\/producte\/samarreta-maniga-llarga-flame-artur-play-up#primaryimage"},"thumbnailUrl":"https:\/\/somllavors.com\/wp-content\/uploads\/2023\/08\/Som-Llavors-camiseta-manga-larga-flame-play-up.jpeg","datePublished":"2023-08-31T14:14:32+00:00","dateModified":"2025-09-25T17:00:01+00:00","description":"Esta camiseta est\u00e1 confeccionada con punto de algod\u00f3n org\u00e1nico, en color Artur. Es un modelo con cuello redondo y manga larga, tiene una abertura en el hombro con botones de coco y un dibujo en la parte delantera con un detalle bordado. Jersei flam\u00e9 Les fibres org\u00e0niques utilitzades en aquesta pe\u00e7a tenen certificaci\u00f3 GOTS (Global Organic Textile Standard) una de les normes m\u00e9s importants al sector t\u00e8xtil, que estableix rigorosos criteris respecte als principis socials, ambientals i de seguretat a la feina, a tota la cadena de producci\u00f3. Totes les mat\u00e8ries primeres utilitzades per confeccionar aquesta pe\u00e7a tenen certificaci\u00f3 Standard 100 by OEKO-TEX, Classe I, i han estat testades per comprovar la pres\u00e8ncia de subst\u00e0ncies nocives per a la pell dels infants. &nbsp;","breadcrumb":{"@id":"https:\/\/somllavors.com\/es\/producte\/samarreta-maniga-llarga-flame-artur-play-up#breadcrumb"},"inLanguage":"es","potentialAction":[{"@type":"ReadAction","target":["https:\/\/somllavors.com\/es\/producte\/samarreta-maniga-llarga-flame-artur-play-up"]}]},{"@type":"ImageObject","inLanguage":"es","@id":"https:\/\/somllavors.com\/es\/producte\/samarreta-maniga-llarga-flame-artur-play-up#primaryimage","url":"https:\/\/somllavors.com\/wp-content\/uploads\/2023\/08\/Som-Llavors-camiseta-manga-larga-flame-play-up.jpeg","contentUrl":"https:\/\/somllavors.com\/wp-content\/uploads\/2023\/08\/Som-Llavors-camiseta-manga-larga-flame-play-up.jpeg","width":1920,"height":2340,"caption":"ropa play up"},{"@type":"BreadcrumbList","@id":"https:\/\/somllavors.com\/es\/producte\/samarreta-maniga-llarga-flame-artur-play-up#breadcrumb","itemListElement":[{"@type":"ListItem","position":1,"name":"Inici","item":"https:\/\/somllavors.com\/es"},{"@type":"ListItem","position":2,"name":"Tienda","item":"https:\/\/somllavors.com\/es\/botiga-2"},{"@type":"ListItem","position":3,"name":"Samarreta m\u00e0niga llarga Artur \u2013 Play Up"}]},{"@type":"WebSite","@id":"https:\/\/somllavors.com\/es#website","url":"https:\/\/somllavors.com\/es","name":"Som Llavors","description":"Botiga de crian\u00e7a natural","publisher":{"@id":"https:\/\/somllavors.com\/es#organization"},"alternateName":"Crian\u00e7a Natural i Sostenible","potentialAction":[{"@type":"SearchAction","target":{"@type":"EntryPoint","urlTemplate":"https:\/\/somllavors.com\/es?s={search_term_string}"},"query-input":{"@type":"PropertyValueSpecification","valueRequired":true,"valueName":"search_term_string"}}],"inLanguage":"es"},{"@type":["Organization","Place","Store"],"@id":"https:\/\/somllavors.com\/es#organization","name":"Som Llavors","alternateName":"Crian\u00e7a Natural i Sostenible","url":"https:\/\/somllavors.com\/es","logo":{"@id":"https:\/\/somllavors.com\/es\/producte\/samarreta-maniga-llarga-flame-artur-play-up#local-main-organization-logo"},"image":{"@id":"https:\/\/somllavors.com\/es\/producte\/samarreta-maniga-llarga-flame-artur-play-up#local-main-organization-logo"},"sameAs":["https:\/\/www.facebook.com\/somllavorsvng\/?locale=ca_ES","https:\/\/www.instagram.com\/somllavors_vng\/","https:\/\/www.youtube.com\/@somllavors"],"address":{"@id":"https:\/\/somllavors.com\/es\/producte\/samarreta-maniga-llarga-flame-artur-play-up#local-main-place-address"},"geo":{"@type":"GeoCoordinates","latitude":"41.2257737","longitude":"1.723258859"},"telephone":["623152704","623152704"],"openingHoursSpecification":[{"@type":"OpeningHoursSpecification","dayOfWeek":["Monday","Sunday"],"opens":"00:00","closes":"00:00"},{"@type":"OpeningHoursSpecification","dayOfWeek":["Tuesday","Wednesday","Thursday","Friday"],"opens":"10:00","closes":"20:00"},{"@type":"OpeningHoursSpecification","dayOfWeek":["Saturday"],"opens":"10:00","closes":"13:30"}],"email":"info@somllavors.com"},{"@type":"PostalAddress","@id":"https:\/\/somllavors.com\/es\/producte\/samarreta-maniga-llarga-flame-artur-play-up#local-main-place-address","streetAddress":"Carrer de l'aigua, 6","addressLocality":"Vilanova i la Geltr\u00fa","postalCode":"08800","addressRegion":"Barcelona","addressCountry":"ES"},{"@type":"ImageObject","inLanguage":"es","@id":"https:\/\/somllavors.com\/es\/producte\/samarreta-maniga-llarga-flame-artur-play-up#local-main-organization-logo","url":"https:\/\/somllavors.com\/wp-content\/uploads\/Logotip-Som-Llavors.jpg","contentUrl":"https:\/\/somllavors.com\/wp-content\/uploads\/Logotip-Som-Llavors.jpg","width":1444,"height":1323,"caption":"Som Llavors"}]},"og_availability":"instock","product_availability":"instock","product_retailer_item_id":"1AN11001","product_condition":"new","geo.placename":"Vilanova i la Geltr\u00fa","geo.position":{"lat":"41.2257737","long":"1.723258859"},"geo.region":"Espa\u00f1a"},"brands":[{"id":4112,"name":"Play Up","slug":"play-up"}],"_links":{"self":[{"href":"https:\/\/somllavors.com\/es\/wp-json\/wp\/v2\/product\/43571","targetHints":{"allow":["GET"]}}],"collection":[{"href":"https:\/\/somllavors.com\/es\/wp-json\/wp\/v2\/product"}],"about":[{"href":"https:\/\/somllavors.com\/es\/wp-json\/wp\/v2\/types\/product"}],"wp:featuredmedia":[{"embeddable":true,"href":"https:\/\/somllavors.com\/es\/wp-json\/wp\/v2\/media\/43624"}],"wp:attachment":[{"href":"https:\/\/somllavors.com\/es\/wp-json\/wp\/v2\/media?parent=43571"}],"wp:term":[{"taxonomy":"pwb-brand","embeddable":true,"href":"https:\/\/somllavors.com\/es\/wp-json\/wp\/v2\/pwb-brand?post=43571"},{"taxonomy":"product_brand","embeddable":true,"href":"https:\/\/somllavors.com\/es\/wp-json\/wp\/v2\/product_brand?post=43571"},{"taxonomy":"product_cat","embeddable":true,"href":"https:\/\/somllavors.com\/es\/wp-json\/wp\/v2\/product_cat?post=43571"},{"taxonomy":"product_tag","embeddable":true,"href":"https:\/\/somllavors.com\/es\/wp-json\/wp\/v2\/product_tag?post=43571"}],"curies":[{"name":"wp","href":"https:\/\/api.w.org\/{rel}","templated":true}]}}