{"id":44346,"date":"2023-09-06T16:08:23","date_gmt":"2023-09-06T14:08:23","guid":{"rendered":"https:\/\/somllavors.com\/?post_type=product&#038;p=44346"},"modified":"2025-01-08T17:46:36","modified_gmt":"2025-01-08T16:46:36","slug":"sonall-eco-de-fusta-i-silicona-multicolor-ob-designs","status":"publish","type":"product","link":"https:\/\/somllavors.com\/es\/producte\/sonall-eco-de-fusta-i-silicona-multicolor-ob-designs","title":{"rendered":"Sonall Eco de fusta i silicona multicolor &#8211; OB Designs"},"content":{"rendered":"<ul>\n<li>Les anelles que es mouen i sonen entre si quan s&#8217;agita el sonall proporcionen una estimulaci\u00f3 sensorial addicional.<\/li>\n<li>Est\u00e0 fabricat amb fusta de faig sostenible i silicona de grau alimentari. La silicona \u00e9s un gran material sensorial i \u00e9s suau per a les genives adolorides. <span style=\"font-size: 16px;\">La fusta de faig \u00e9s naturalment antibacteriana.<\/span><\/li>\n<li>Mides: 13,5 cm<\/li>\n<li>Materials: Silicona aliment\u00e0ria i fusta 100% lliure de t\u00f2xics.<\/li>\n<\/ul>\n","protected":false},"excerpt":{"rendered":"<p>Aquest sonall de fusta de disseny cl\u00e0ssic i elegant consta d&#8217;una base allargada sobre la qual llisquen dues anelles de fusta i una anella de boletes de silicona. Els dos extrems consten de dues boles de fusta que emeten un suau ronroneig que captar\u00e0 l&#8217;atenci\u00f3 del nad\u00f3 i l&#8217;ajudar\u00e0 a relaxar-se.<\/p>\n","protected":false},"featured_media":44349,"template":"","meta":{"_acf_changed":false,"site-sidebar-layout":"default","site-content-layout":"default","ast-site-content-layout":"default","site-content-style":"default","site-sidebar-style":"default","ast-global-header-display":"","ast-banner-title-visibility":"","ast-main-header-display":"","ast-hfb-above-header-display":"","ast-hfb-below-header-display":"","ast-hfb-mobile-header-display":"","site-post-title":"","ast-breadcrumbs-content":"","ast-featured-img":"","footer-sml-layout":"","theme-transparent-header-meta":"default","adv-header-id-meta":"","stick-header-meta":"","header-above-stick-meta":"","header-main-stick-meta":"","header-below-stick-meta":"","astra-migrate-meta-layouts":"default","ast-page-background-enabled":"default","ast-page-background-meta":{"desktop":{"background-color":"","background-image":"","background-repeat":"repeat","background-position":"center center","background-size":"auto","background-attachment":"scroll","background-type":"","background-media":"","overlay-type":"","overlay-color":"","overlay-opacity":"","overlay-gradient":""},"tablet":{"background-color":"","background-image":"","background-repeat":"repeat","background-position":"center center","background-size":"auto","background-attachment":"scroll","background-type":"","background-media":"","overlay-type":"","overlay-color":"","overlay-opacity":"","overlay-gradient":""},"mobile":{"background-color":"","background-image":"","background-repeat":"repeat","background-position":"center center","background-size":"auto","background-attachment":"scroll","background-type":"","background-media":"","overlay-type":"","overlay-color":"","overlay-opacity":"","overlay-gradient":""}},"ast-content-background-meta":{"desktop":{"background-color":"var(--ast-global-color-5)","background-image":"","background-repeat":"repeat","background-position":"center center","background-size":"auto","background-attachment":"scroll","background-type":"","background-media":"","overlay-type":"","overlay-color":"","overlay-opacity":"","overlay-gradient":""},"tablet":{"background-color":"var(--ast-global-color-5)","background-image":"","background-repeat":"repeat","background-position":"center center","background-size":"auto","background-attachment":"scroll","background-type":"","background-media":"","overlay-type":"","overlay-color":"","overlay-opacity":"","overlay-gradient":""},"mobile":{"background-color":"var(--ast-global-color-5)","background-image":"","background-repeat":"repeat","background-position":"center center","background-size":"auto","background-attachment":"scroll","background-type":"","background-media":"","overlay-type":"","overlay-color":"","overlay-opacity":"","overlay-gradient":""}}},"pwb-brand":[],"product_brand":[],"product_cat":[3358,3359,4500,893,2051,890,846],"product_tag":[678,3355,130,407],"class_list":{"0":"post-44346","1":"product","2":"type-product","3":"status-publish","4":"has-post-thumbnail","6":"product_cat-3-mesos","7":"product_cat-6-mesos","8":"product_cat-10-20e","9":"product_cat-jocs-de-fusta","10":"product_cat-panera-dels-tresors","11":"product_cat-primeres-joguines","12":"product_cat-sonalls","13":"product_tag-madera","14":"product_tag-ob-design","15":"product_tag-silicona","16":"product_tag-sonajero","17":"desktop-align-left","18":"tablet-align-left","19":"mobile-align-left","21":"first","22":"instock","23":"taxable","24":"shipping-taxable","25":"purchasable","26":"product-type-simple"},"acf":[],"yoast_head":"<!-- This site is optimized with the Yoast SEO Premium plugin v18.3 (Yoast SEO v26.2) - https:\/\/yoast.com\/wordpress\/plugins\/seo\/ -->\n<title>Sonall Eco de fusta i silicona multicolor - OB Designs &#8212; Som Llavors<\/title>\n<meta name=\"description\" content=\"Aquest sonall de fusta de disseny cl\u00e0ssic i elegant consta d&#039;una base allargada sobre la qual llisquen dues anelles de fusta i una anella de boletes de silicona. Els dos extrems consten de dues boles de fusta que emeten un suau ronroneig que captar\u00e0 l&#039;atenci\u00f3 del nad\u00f3 i l&#039;ajudar\u00e0 a relaxar-se.\" \/>\n<meta name=\"robots\" content=\"index, follow, max-snippet:-1, max-image-preview:large, max-video-preview:-1\" \/>\n<link rel=\"canonical\" href=\"https:\/\/somllavors.com\/es\/producte\/sonall-eco-de-fusta-i-silicona-multicolor-ob-designs\" \/>\n<meta property=\"og:locale\" content=\"es_ES\" \/>\n<meta property=\"og:type\" content=\"article\" \/>\n<meta property=\"og:title\" content=\"Sonall Eco de fusta i silicona multicolor - OB Designs\" \/>\n<meta property=\"og:description\" content=\"La teva botiga d\u2019ecocrian\u00e7a i espai d\u2019acompanyament a la maternitat\" \/>\n<meta property=\"og:url\" content=\"https:\/\/somllavors.com\/es\/producte\/sonall-eco-de-fusta-i-silicona-multicolor-ob-designs\" \/>\n<meta property=\"og:site_name\" content=\"Som Llavors\" \/>\n<meta property=\"article:publisher\" content=\"https:\/\/www.facebook.com\/somllavorsvng\/?locale=ca_ES\" \/>\n<meta property=\"article:modified_time\" content=\"2025-01-08T16:46:36+00:00\" \/>\n<meta property=\"og:image\" content=\"https:\/\/somllavors.com\/wp-content\/uploads\/2023\/09\/Som-Llavors-SONAJERO-ECO-MADERA-SILICO-MULTICOLOR-.jpeg\" \/>\n\t<meta property=\"og:image:width\" content=\"1080\" \/>\n\t<meta property=\"og:image:height\" content=\"1080\" \/>\n\t<meta property=\"og:image:type\" content=\"image\/jpeg\" \/>\n<meta name=\"twitter:card\" content=\"summary_large_image\" \/>\n<meta name=\"twitter:label1\" content=\"Precio\" \/>\n\t<meta name=\"twitter:data1\" content=\"16,90&euro; Iva incl\u00f2s\" \/>\n\t<meta name=\"twitter:label2\" content=\"Availability\" \/>\n\t<meta name=\"twitter:data2\" content=\"Hay existencias\" \/>\n<script type=\"application\/ld+json\" class=\"yoast-schema-graph\">{\"@context\":\"https:\/\/schema.org\",\"@graph\":[{\"@type\":\"WebPage\",\"@id\":\"https:\/\/somllavors.com\/es\/producte\/sonall-eco-de-fusta-i-silicona-multicolor-ob-designs\",\"url\":\"https:\/\/somllavors.com\/es\/producte\/sonall-eco-de-fusta-i-silicona-multicolor-ob-designs\",\"name\":\"Sonall Eco de fusta i silicona multicolor - OB Designs &#8212; Som Llavors\",\"isPartOf\":{\"@id\":\"https:\/\/somllavors.com\/es#website\"},\"primaryImageOfPage\":{\"@id\":\"https:\/\/somllavors.com\/es\/producte\/sonall-eco-de-fusta-i-silicona-multicolor-ob-designs#primaryimage\"},\"image\":{\"@id\":\"https:\/\/somllavors.com\/es\/producte\/sonall-eco-de-fusta-i-silicona-multicolor-ob-designs#primaryimage\"},\"thumbnailUrl\":\"https:\/\/somllavors.com\/wp-content\/uploads\/2023\/09\/Som-Llavors-SONAJERO-ECO-MADERA-SILICO-MULTICOLOR-.jpeg\",\"datePublished\":\"2023-09-06T14:08:23+00:00\",\"dateModified\":\"2025-01-08T16:46:36+00:00\",\"description\":\"Aquest sonall de fusta de disseny cl\u00e0ssic i elegant consta d'una base allargada sobre la qual llisquen dues anelles de fusta i una anella de boletes de silicona. Els dos extrems consten de dues boles de fusta que emeten un suau ronroneig que captar\u00e0 l'atenci\u00f3 del nad\u00f3 i l'ajudar\u00e0 a relaxar-se.\",\"breadcrumb\":{\"@id\":\"https:\/\/somllavors.com\/es\/producte\/sonall-eco-de-fusta-i-silicona-multicolor-ob-designs#breadcrumb\"},\"inLanguage\":\"es\",\"potentialAction\":[{\"@type\":\"ReadAction\",\"target\":[\"https:\/\/somllavors.com\/es\/producte\/sonall-eco-de-fusta-i-silicona-multicolor-ob-designs\"]}]},{\"@type\":\"ImageObject\",\"inLanguage\":\"es\",\"@id\":\"https:\/\/somllavors.com\/es\/producte\/sonall-eco-de-fusta-i-silicona-multicolor-ob-designs#primaryimage\",\"url\":\"https:\/\/somllavors.com\/wp-content\/uploads\/2023\/09\/Som-Llavors-SONAJERO-ECO-MADERA-SILICO-MULTICOLOR-.jpeg\",\"contentUrl\":\"https:\/\/somllavors.com\/wp-content\/uploads\/2023\/09\/Som-Llavors-SONAJERO-ECO-MADERA-SILICO-MULTICOLOR-.jpeg\",\"width\":1080,\"height\":1080,\"caption\":\"sonajero eco madera\"},{\"@type\":\"BreadcrumbList\",\"@id\":\"https:\/\/somllavors.com\/es\/producte\/sonall-eco-de-fusta-i-silicona-multicolor-ob-designs#breadcrumb\",\"itemListElement\":[{\"@type\":\"ListItem\",\"position\":1,\"name\":\"Inici\",\"item\":\"https:\/\/somllavors.com\/es\"},{\"@type\":\"ListItem\",\"position\":2,\"name\":\"Tienda\",\"item\":\"https:\/\/somllavors.com\/es\/botiga-2\"},{\"@type\":\"ListItem\",\"position\":3,\"name\":\"Sonall Eco de fusta i silicona multicolor &#8211; OB Designs\"}]},{\"@type\":\"WebSite\",\"@id\":\"https:\/\/somllavors.com\/es#website\",\"url\":\"https:\/\/somllavors.com\/es\",\"name\":\"Som Llavors\",\"description\":\"Botiga de crian\u00e7a natural\",\"publisher\":{\"@id\":\"https:\/\/somllavors.com\/es#organization\"},\"alternateName\":\"Crian\u00e7a Natural i Sostenible\",\"potentialAction\":[{\"@type\":\"SearchAction\",\"target\":{\"@type\":\"EntryPoint\",\"urlTemplate\":\"https:\/\/somllavors.com\/es?s={search_term_string}\"},\"query-input\":{\"@type\":\"PropertyValueSpecification\",\"valueRequired\":true,\"valueName\":\"search_term_string\"}}],\"inLanguage\":\"es\"},{\"@type\":[\"Organization\",\"Place\",\"Store\"],\"@id\":\"https:\/\/somllavors.com\/es#organization\",\"name\":\"Som Llavors\",\"alternateName\":\"Crian\u00e7a Natural i Sostenible\",\"url\":\"https:\/\/somllavors.com\/es\",\"logo\":{\"@id\":\"https:\/\/somllavors.com\/es\/producte\/sonall-eco-de-fusta-i-silicona-multicolor-ob-designs#local-main-organization-logo\"},\"image\":{\"@id\":\"https:\/\/somllavors.com\/es\/producte\/sonall-eco-de-fusta-i-silicona-multicolor-ob-designs#local-main-organization-logo\"},\"sameAs\":[\"https:\/\/www.facebook.com\/somllavorsvng\/?locale=ca_ES\",\"https:\/\/www.instagram.com\/somllavors_vng\/\",\"https:\/\/www.youtube.com\/@somllavors\"],\"address\":{\"@id\":\"https:\/\/somllavors.com\/es\/producte\/sonall-eco-de-fusta-i-silicona-multicolor-ob-designs#local-main-place-address\"},\"geo\":{\"@type\":\"GeoCoordinates\",\"latitude\":\"41.2257737\",\"longitude\":\"1.723258859\"},\"telephone\":[\"623152704\"],\"openingHoursSpecification\":[{\"@type\":\"OpeningHoursSpecification\",\"dayOfWeek\":[\"Monday\",\"Sunday\"],\"opens\":\"00:00\",\"closes\":\"00:00\"},{\"@type\":\"OpeningHoursSpecification\",\"dayOfWeek\":[\"Tuesday\",\"Wednesday\",\"Thursday\",\"Friday\"],\"opens\":\"10:00\",\"closes\":\"20:00\"},{\"@type\":\"OpeningHoursSpecification\",\"dayOfWeek\":[\"Saturday\"],\"opens\":\"10:00\",\"closes\":\"13:30\"}],\"email\":\"info@somllavors.com\"},{\"@type\":\"PostalAddress\",\"@id\":\"https:\/\/somllavors.com\/es\/producte\/sonall-eco-de-fusta-i-silicona-multicolor-ob-designs#local-main-place-address\",\"streetAddress\":\"Carrer de l'aigua, 6\",\"addressLocality\":\"Vilanova i la Geltr\u00fa\",\"postalCode\":\"08800\",\"addressRegion\":\"Barcelona\",\"addressCountry\":\"ES\"},{\"@type\":\"ImageObject\",\"inLanguage\":\"es\",\"@id\":\"https:\/\/somllavors.com\/es\/producte\/sonall-eco-de-fusta-i-silicona-multicolor-ob-designs#local-main-organization-logo\",\"url\":\"https:\/\/somllavors.com\/wp-content\/uploads\/Logotip-Som-Llavors.jpg\",\"contentUrl\":\"https:\/\/somllavors.com\/wp-content\/uploads\/Logotip-Som-Llavors.jpg\",\"width\":1444,\"height\":1323,\"caption\":\"Som Llavors\"}]}<\/script>\n<meta property=\"product:price:amount\" content=\"16.90\" \/>\n<meta property=\"product:price:currency\" content=\"EUR\" \/>\n<meta property=\"og:availability\" content=\"instock\" \/>\n<meta property=\"product:availability\" content=\"instock\" \/>\n<meta property=\"product:retailer_item_id\" content=\"OB22RM\" \/>\n<meta property=\"product:condition\" content=\"new\" \/>\n<meta name=\"geo.placename\" content=\"Vilanova i la Geltr\u00fa\" \/>\n<meta name=\"geo.position\" content=\"41.2257737;1.723258859\" \/>\n<meta name=\"geo.region\" content=\"Espa\u00f1a\" \/>\n<!-- \/ Yoast SEO Premium plugin. -->","yoast_head_json":{"title":"Sonall Eco de fusta i silicona multicolor - OB Designs &#8212; Som Llavors","description":"Aquest sonall de fusta de disseny cl\u00e0ssic i elegant consta d'una base allargada sobre la qual llisquen dues anelles de fusta i una anella de boletes de silicona. Els dos extrems consten de dues boles de fusta que emeten un suau ronroneig que captar\u00e0 l'atenci\u00f3 del nad\u00f3 i l'ajudar\u00e0 a relaxar-se.","robots":{"index":"index","follow":"follow","max-snippet":"max-snippet:-1","max-image-preview":"max-image-preview:large","max-video-preview":"max-video-preview:-1"},"canonical":"https:\/\/somllavors.com\/es\/producte\/sonall-eco-de-fusta-i-silicona-multicolor-ob-designs","og_locale":"es_ES","og_type":"article","og_title":"Sonall Eco de fusta i silicona multicolor - OB Designs","og_description":"La teva botiga d\u2019ecocrian\u00e7a i espai d\u2019acompanyament a la maternitat","og_url":"https:\/\/somllavors.com\/es\/producte\/sonall-eco-de-fusta-i-silicona-multicolor-ob-designs","og_site_name":"Som Llavors","article_publisher":"https:\/\/www.facebook.com\/somllavorsvng\/?locale=ca_ES","article_modified_time":"2025-01-08T16:46:36+00:00","og_image":[{"width":1080,"height":1080,"url":"https:\/\/somllavors.com\/wp-content\/uploads\/2023\/09\/Som-Llavors-SONAJERO-ECO-MADERA-SILICO-MULTICOLOR-.jpeg","type":"image\/jpeg"}],"twitter_card":"summary_large_image","twitter_misc":{"Precio":"16,90&euro; Iva incl\u00f2s","Availability":"Hay existencias"},"schema":{"@context":"https:\/\/schema.org","@graph":[{"@type":"WebPage","@id":"https:\/\/somllavors.com\/es\/producte\/sonall-eco-de-fusta-i-silicona-multicolor-ob-designs","url":"https:\/\/somllavors.com\/es\/producte\/sonall-eco-de-fusta-i-silicona-multicolor-ob-designs","name":"Sonall Eco de fusta i silicona multicolor - OB Designs &#8212; Som Llavors","isPartOf":{"@id":"https:\/\/somllavors.com\/es#website"},"primaryImageOfPage":{"@id":"https:\/\/somllavors.com\/es\/producte\/sonall-eco-de-fusta-i-silicona-multicolor-ob-designs#primaryimage"},"image":{"@id":"https:\/\/somllavors.com\/es\/producte\/sonall-eco-de-fusta-i-silicona-multicolor-ob-designs#primaryimage"},"thumbnailUrl":"https:\/\/somllavors.com\/wp-content\/uploads\/2023\/09\/Som-Llavors-SONAJERO-ECO-MADERA-SILICO-MULTICOLOR-.jpeg","datePublished":"2023-09-06T14:08:23+00:00","dateModified":"2025-01-08T16:46:36+00:00","description":"Aquest sonall de fusta de disseny cl\u00e0ssic i elegant consta d'una base allargada sobre la qual llisquen dues anelles de fusta i una anella de boletes de silicona. Els dos extrems consten de dues boles de fusta que emeten un suau ronroneig que captar\u00e0 l'atenci\u00f3 del nad\u00f3 i l'ajudar\u00e0 a relaxar-se.","breadcrumb":{"@id":"https:\/\/somllavors.com\/es\/producte\/sonall-eco-de-fusta-i-silicona-multicolor-ob-designs#breadcrumb"},"inLanguage":"es","potentialAction":[{"@type":"ReadAction","target":["https:\/\/somllavors.com\/es\/producte\/sonall-eco-de-fusta-i-silicona-multicolor-ob-designs"]}]},{"@type":"ImageObject","inLanguage":"es","@id":"https:\/\/somllavors.com\/es\/producte\/sonall-eco-de-fusta-i-silicona-multicolor-ob-designs#primaryimage","url":"https:\/\/somllavors.com\/wp-content\/uploads\/2023\/09\/Som-Llavors-SONAJERO-ECO-MADERA-SILICO-MULTICOLOR-.jpeg","contentUrl":"https:\/\/somllavors.com\/wp-content\/uploads\/2023\/09\/Som-Llavors-SONAJERO-ECO-MADERA-SILICO-MULTICOLOR-.jpeg","width":1080,"height":1080,"caption":"sonajero eco madera"},{"@type":"BreadcrumbList","@id":"https:\/\/somllavors.com\/es\/producte\/sonall-eco-de-fusta-i-silicona-multicolor-ob-designs#breadcrumb","itemListElement":[{"@type":"ListItem","position":1,"name":"Inici","item":"https:\/\/somllavors.com\/es"},{"@type":"ListItem","position":2,"name":"Tienda","item":"https:\/\/somllavors.com\/es\/botiga-2"},{"@type":"ListItem","position":3,"name":"Sonall Eco de fusta i silicona multicolor &#8211; OB Designs"}]},{"@type":"WebSite","@id":"https:\/\/somllavors.com\/es#website","url":"https:\/\/somllavors.com\/es","name":"Som Llavors","description":"Botiga de crian\u00e7a natural","publisher":{"@id":"https:\/\/somllavors.com\/es#organization"},"alternateName":"Crian\u00e7a Natural i Sostenible","potentialAction":[{"@type":"SearchAction","target":{"@type":"EntryPoint","urlTemplate":"https:\/\/somllavors.com\/es?s={search_term_string}"},"query-input":{"@type":"PropertyValueSpecification","valueRequired":true,"valueName":"search_term_string"}}],"inLanguage":"es"},{"@type":["Organization","Place","Store"],"@id":"https:\/\/somllavors.com\/es#organization","name":"Som Llavors","alternateName":"Crian\u00e7a Natural i Sostenible","url":"https:\/\/somllavors.com\/es","logo":{"@id":"https:\/\/somllavors.com\/es\/producte\/sonall-eco-de-fusta-i-silicona-multicolor-ob-designs#local-main-organization-logo"},"image":{"@id":"https:\/\/somllavors.com\/es\/producte\/sonall-eco-de-fusta-i-silicona-multicolor-ob-designs#local-main-organization-logo"},"sameAs":["https:\/\/www.facebook.com\/somllavorsvng\/?locale=ca_ES","https:\/\/www.instagram.com\/somllavors_vng\/","https:\/\/www.youtube.com\/@somllavors"],"address":{"@id":"https:\/\/somllavors.com\/es\/producte\/sonall-eco-de-fusta-i-silicona-multicolor-ob-designs#local-main-place-address"},"geo":{"@type":"GeoCoordinates","latitude":"41.2257737","longitude":"1.723258859"},"telephone":["623152704","623152704"],"openingHoursSpecification":[{"@type":"OpeningHoursSpecification","dayOfWeek":["Monday","Sunday"],"opens":"00:00","closes":"00:00"},{"@type":"OpeningHoursSpecification","dayOfWeek":["Tuesday","Wednesday","Thursday","Friday"],"opens":"10:00","closes":"20:00"},{"@type":"OpeningHoursSpecification","dayOfWeek":["Saturday"],"opens":"10:00","closes":"13:30"}],"email":"info@somllavors.com"},{"@type":"PostalAddress","@id":"https:\/\/somllavors.com\/es\/producte\/sonall-eco-de-fusta-i-silicona-multicolor-ob-designs#local-main-place-address","streetAddress":"Carrer de l'aigua, 6","addressLocality":"Vilanova i la Geltr\u00fa","postalCode":"08800","addressRegion":"Barcelona","addressCountry":"ES"},{"@type":"ImageObject","inLanguage":"es","@id":"https:\/\/somllavors.com\/es\/producte\/sonall-eco-de-fusta-i-silicona-multicolor-ob-designs#local-main-organization-logo","url":"https:\/\/somllavors.com\/wp-content\/uploads\/Logotip-Som-Llavors.jpg","contentUrl":"https:\/\/somllavors.com\/wp-content\/uploads\/Logotip-Som-Llavors.jpg","width":1444,"height":1323,"caption":"Som Llavors"}]},"product_price_amount":"16.90","product_price_currency":"EUR","og_availability":"instock","product_availability":"instock","product_retailer_item_id":"OB22RM","product_condition":"new","geo.placename":"Vilanova i la Geltr\u00fa","geo.position":{"lat":"41.2257737","long":"1.723258859"},"geo.region":"Espa\u00f1a"},"brands":[],"_links":{"self":[{"href":"https:\/\/somllavors.com\/es\/wp-json\/wp\/v2\/product\/44346","targetHints":{"allow":["GET"]}}],"collection":[{"href":"https:\/\/somllavors.com\/es\/wp-json\/wp\/v2\/product"}],"about":[{"href":"https:\/\/somllavors.com\/es\/wp-json\/wp\/v2\/types\/product"}],"wp:featuredmedia":[{"embeddable":true,"href":"https:\/\/somllavors.com\/es\/wp-json\/wp\/v2\/media\/44349"}],"wp:attachment":[{"href":"https:\/\/somllavors.com\/es\/wp-json\/wp\/v2\/media?parent=44346"}],"wp:term":[{"taxonomy":"pwb-brand","embeddable":true,"href":"https:\/\/somllavors.com\/es\/wp-json\/wp\/v2\/pwb-brand?post=44346"},{"taxonomy":"product_brand","embeddable":true,"href":"https:\/\/somllavors.com\/es\/wp-json\/wp\/v2\/product_brand?post=44346"},{"taxonomy":"product_cat","embeddable":true,"href":"https:\/\/somllavors.com\/es\/wp-json\/wp\/v2\/product_cat?post=44346"},{"taxonomy":"product_tag","embeddable":true,"href":"https:\/\/somllavors.com\/es\/wp-json\/wp\/v2\/product_tag?post=44346"}],"curies":[{"name":"wp","href":"https:\/\/api.w.org\/{rel}","templated":true}]}}