{"id":44545,"date":"2023-09-12T12:36:41","date_gmt":"2023-09-12T10:36:41","guid":{"rendered":"https:\/\/somllavors.com\/?post_type=product&#038;p=44545"},"modified":"2024-03-28T19:16:57","modified_gmt":"2024-03-28T18:16:57","slug":"animals-de-lartic-de-cautxu","status":"publish","type":"product","link":"https:\/\/somllavors.com\/es\/producte\/animals-de-lartic-de-cautxu","title":{"rendered":"Animals de l&#8217;\u00e0rtic de cautx\u00fa"},"content":{"rendered":"<ul>\n<li>Fets de cautx\u00fa natural org\u00e0nic certificat: Certificat GOLS (Est\u00e0ndard Global de L\u00e0tex Org\u00e0nic).<\/li>\n<li>F\u00e0cil d&#8217;agafar per a mans petites.<\/li>\n<li>Formes ergon\u00f2miques amb moltes vores suaus per ajudar amb la dentici\u00f3.<\/li>\n<li>Personatges bonics i divertits que encantaran als nadons.<\/li>\n<li>Edat: 0+ mesos<\/li>\n<li>Per a una neteja lleugera, netegeu la superf\u00edcie de la joguina amb aigua sabonosa i un drap humit, assequeu-lo a l&#8217;aire.<\/li>\n<li>Com a precauci\u00f3, reviseu la joguina amb regularitat i no us ho doni a nadons ni a infants si est\u00e0 desgastat o malm\u00e8s.<\/li>\n<li>No deixeu les joguines de cautx\u00fa natural exposades a la llum solar directa ni a altes temperatures.<\/li>\n<li>Est\u00e0ndards de seguretat: aquest producte compleix amb la norma nord-americana ASTM F963, la norma europea EN71 i la llei canadenca de seguretat de productes de consum.<\/li>\n<li>Fabricaci\u00f3 Sostenible, Biodegradable i Socialment Responsable.<\/li>\n<\/ul>\n","protected":false},"excerpt":{"rendered":"<p>Aquests bonics animals \u00e0rtics han vingut del seu parad\u00eds hivernal per brindar comoditat i alegria a l&#8217;hora del bany i a l&#8217;hora de dormir.<br \/>\nCada un cont\u00e9 un sonall amb un so molt suau a l&#8217;interior.<\/p>\n<p>&nbsp;<\/p>\n<p>&nbsp;<\/p>\n","protected":false},"featured_media":44557,"template":"","meta":{"_acf_changed":false,"site-sidebar-layout":"default","site-content-layout":"default","ast-site-content-layout":"default","site-content-style":"default","site-sidebar-style":"default","ast-global-header-display":"","ast-banner-title-visibility":"","ast-main-header-display":"","ast-hfb-above-header-display":"","ast-hfb-below-header-display":"","ast-hfb-mobile-header-display":"","site-post-title":"","ast-breadcrumbs-content":"","ast-featured-img":"","footer-sml-layout":"","ast-disable-related-posts":"","theme-transparent-header-meta":"default","adv-header-id-meta":"","stick-header-meta":"","header-above-stick-meta":"","header-main-stick-meta":"","header-below-stick-meta":"","astra-migrate-meta-layouts":"default","ast-page-background-enabled":"default","ast-page-background-meta":{"desktop":{"background-color":"","background-image":"","background-repeat":"repeat","background-position":"center center","background-size":"auto","background-attachment":"scroll","background-type":"","background-media":"","overlay-type":"","overlay-color":"","overlay-opacity":"","overlay-gradient":""},"tablet":{"background-color":"","background-image":"","background-repeat":"repeat","background-position":"center center","background-size":"auto","background-attachment":"scroll","background-type":"","background-media":"","overlay-type":"","overlay-color":"","overlay-opacity":"","overlay-gradient":""},"mobile":{"background-color":"","background-image":"","background-repeat":"repeat","background-position":"center center","background-size":"auto","background-attachment":"scroll","background-type":"","background-media":"","overlay-type":"","overlay-color":"","overlay-opacity":"","overlay-gradient":""}},"ast-content-background-meta":{"desktop":{"background-color":"var(--ast-global-color-5)","background-image":"","background-repeat":"repeat","background-position":"center center","background-size":"auto","background-attachment":"scroll","background-type":"","background-media":"","overlay-type":"","overlay-color":"","overlay-opacity":"","overlay-gradient":""},"tablet":{"background-color":"var(--ast-global-color-5)","background-image":"","background-repeat":"repeat","background-position":"center center","background-size":"auto","background-attachment":"scroll","background-type":"","background-media":"","overlay-type":"","overlay-color":"","overlay-opacity":"","overlay-gradient":""},"mobile":{"background-color":"var(--ast-global-color-5)","background-image":"","background-repeat":"repeat","background-position":"center center","background-size":"auto","background-attachment":"scroll","background-type":"","background-media":"","overlay-type":"","overlay-color":"","overlay-opacity":"","overlay-gradient":""}}},"pwb-brand":[],"product_brand":[],"product_cat":[4500,132,581,890,846],"product_tag":[904,858,411,408,409,407,200,410,135],"class_list":{"0":"post-44545","1":"product","2":"type-product","3":"status-publish","4":"has-post-thumbnail","6":"product_cat-10-20e","7":"product_cat-lhora-del-bany","8":"product_cat-mossegadors-i-portaxumets","9":"product_cat-primeres-joguines","10":"product_cat-sonalls","11":"product_tag-animales","12":"product_tag-banera","13":"product_tag-hevea","14":"product_tag-mordedor","15":"product_tag-mossegador","16":"product_tag-sonajero","17":"product_tag-sonall","18":"product_tag-sostenible","19":"product_tag-tikiri","20":"pa_tria-lanimal-guineu","21":"pa_tria-lanimal-os-polar","22":"pa_tria-lanimal-pingui","23":"desktop-align-left","24":"tablet-align-left","25":"mobile-align-left","27":"first","28":"instock","29":"taxable","30":"shipping-taxable","31":"purchasable","32":"product-type-variable"},"acf":[],"yoast_head":"<!-- This site is optimized with the Yoast SEO Premium plugin v18.3 (Yoast SEO v27.4) - https:\/\/yoast.com\/product\/yoast-seo-premium-wordpress\/ -->\n<title>Animals de l&#039;\u00e0rtic de cautx\u00fa &#8212; Som Llavors<\/title>\n<meta name=\"description\" content=\"Aquests bonics animals \u00e0rtics han vingut del seu parad\u00eds hivernal per brindar comoditat i alegria a l&#039;hora del bany i a l&#039;hora de dormir. Cada un cont\u00e9 un sonall amb un so molt suau a l&#039;interior.  &nbsp;  &nbsp;\" \/>\n<meta name=\"robots\" content=\"index, follow, max-snippet:-1, max-image-preview:large, max-video-preview:-1\" \/>\n<link rel=\"canonical\" href=\"https:\/\/somllavors.com\/es\/producte\/animals-de-lartic-de-cautxu\" \/>\n<meta property=\"og:locale\" content=\"es_ES\" \/>\n<meta property=\"og:type\" content=\"article\" \/>\n<meta property=\"og:title\" content=\"Animals de l&#039;\u00e0rtic de cautx\u00fa\" \/>\n<meta property=\"og:description\" content=\"La teva botiga d\u2019ecocrian\u00e7a i espai d\u2019acompanyament a la maternitat\" \/>\n<meta property=\"og:url\" content=\"https:\/\/somllavors.com\/es\/producte\/animals-de-lartic-de-cautxu\" \/>\n<meta property=\"og:site_name\" content=\"Som Llavors\" \/>\n<meta property=\"article:publisher\" content=\"https:\/\/www.facebook.com\/somllavorsvng\/?locale=ca_ES\" \/>\n<meta property=\"article:modified_time\" content=\"2024-03-28T18:16:57+00:00\" \/>\n<meta property=\"og:image\" content=\"https:\/\/somllavors.com\/wp-content\/uploads\/2023\/09\/Som-Llavors-tk94304-tikiri-animales-del-artico-pinguino-1.jpg\" \/>\n\t<meta property=\"og:image:width\" content=\"1000\" \/>\n\t<meta property=\"og:image:height\" content=\"1000\" \/>\n\t<meta property=\"og:image:type\" content=\"image\/jpeg\" \/>\n<meta name=\"twitter:card\" content=\"summary_large_image\" \/>\n<meta name=\"twitter:label1\" content=\"Availability\" \/>\n\t<meta name=\"twitter:data1\" content=\"Hay existencias\" \/>\n<script type=\"application\/ld+json\" class=\"yoast-schema-graph\">{\"@context\":\"https:\\\/\\\/schema.org\",\"@graph\":[{\"@type\":\"WebPage\",\"@id\":\"https:\\\/\\\/somllavors.com\\\/es\\\/producte\\\/animals-de-lartic-de-cautxu\",\"url\":\"https:\\\/\\\/somllavors.com\\\/es\\\/producte\\\/animals-de-lartic-de-cautxu\",\"name\":\"Animals de l'\u00e0rtic de cautx\u00fa &#8212; Som Llavors\",\"isPartOf\":{\"@id\":\"https:\\\/\\\/somllavors.com\\\/es#website\"},\"primaryImageOfPage\":{\"@id\":\"https:\\\/\\\/somllavors.com\\\/es\\\/producte\\\/animals-de-lartic-de-cautxu#primaryimage\"},\"image\":{\"@id\":\"https:\\\/\\\/somllavors.com\\\/es\\\/producte\\\/animals-de-lartic-de-cautxu#primaryimage\"},\"thumbnailUrl\":\"https:\\\/\\\/somllavors.com\\\/wp-content\\\/uploads\\\/2023\\\/09\\\/Som-Llavors-tk94304-tikiri-animales-del-artico-pinguino-1.jpg\",\"datePublished\":\"2023-09-12T10:36:41+00:00\",\"dateModified\":\"2024-03-28T18:16:57+00:00\",\"description\":\"Aquests bonics animals \u00e0rtics han vingut del seu parad\u00eds hivernal per brindar comoditat i alegria a l'hora del bany i a l'hora de dormir. Cada un cont\u00e9 un sonall amb un so molt suau a l'interior. &nbsp; &nbsp;\",\"breadcrumb\":{\"@id\":\"https:\\\/\\\/somllavors.com\\\/es\\\/producte\\\/animals-de-lartic-de-cautxu#breadcrumb\"},\"inLanguage\":\"es\",\"potentialAction\":[{\"@type\":\"ReadAction\",\"target\":[\"https:\\\/\\\/somllavors.com\\\/es\\\/producte\\\/animals-de-lartic-de-cautxu\"]}]},{\"@type\":\"ImageObject\",\"inLanguage\":\"es\",\"@id\":\"https:\\\/\\\/somllavors.com\\\/es\\\/producte\\\/animals-de-lartic-de-cautxu#primaryimage\",\"url\":\"https:\\\/\\\/somllavors.com\\\/wp-content\\\/uploads\\\/2023\\\/09\\\/Som-Llavors-tk94304-tikiri-animales-del-artico-pinguino-1.jpg\",\"contentUrl\":\"https:\\\/\\\/somllavors.com\\\/wp-content\\\/uploads\\\/2023\\\/09\\\/Som-Llavors-tk94304-tikiri-animales-del-artico-pinguino-1.jpg\",\"width\":1000,\"height\":1000,\"caption\":\"Mordedor caucho pinguino para la ba\u00f1era\"},{\"@type\":\"BreadcrumbList\",\"@id\":\"https:\\\/\\\/somllavors.com\\\/es\\\/producte\\\/animals-de-lartic-de-cautxu#breadcrumb\",\"itemListElement\":[{\"@type\":\"ListItem\",\"position\":1,\"name\":\"Inici\",\"item\":\"https:\\\/\\\/somllavors.com\\\/es\"},{\"@type\":\"ListItem\",\"position\":2,\"name\":\"Tienda\",\"item\":\"https:\\\/\\\/somllavors.com\\\/es\\\/botiga-2\"},{\"@type\":\"ListItem\",\"position\":3,\"name\":\"Animals de l&#8217;\u00e0rtic de cautx\u00fa\"}]},{\"@type\":\"WebSite\",\"@id\":\"https:\\\/\\\/somllavors.com\\\/es#website\",\"url\":\"https:\\\/\\\/somllavors.com\\\/es\",\"name\":\"Som Llavors\",\"description\":\"Botiga de crian\u00e7a natural\",\"publisher\":{\"@id\":\"https:\\\/\\\/somllavors.com\\\/es#organization\"},\"alternateName\":\"Crian\u00e7a Natural i Sostenible\",\"potentialAction\":[{\"@type\":\"SearchAction\",\"target\":{\"@type\":\"EntryPoint\",\"urlTemplate\":\"https:\\\/\\\/somllavors.com\\\/es?s={search_term_string}\"},\"query-input\":{\"@type\":\"PropertyValueSpecification\",\"valueRequired\":true,\"valueName\":\"search_term_string\"}}],\"inLanguage\":\"es\"},{\"@type\":[\"Organization\",\"Place\",\"Store\"],\"@id\":\"https:\\\/\\\/somllavors.com\\\/es#organization\",\"name\":\"Som Llavors\",\"alternateName\":\"Crian\u00e7a Natural i Sostenible\",\"url\":\"https:\\\/\\\/somllavors.com\\\/es\",\"logo\":{\"@id\":\"https:\\\/\\\/somllavors.com\\\/es\\\/producte\\\/animals-de-lartic-de-cautxu#local-main-organization-logo\"},\"image\":{\"@id\":\"https:\\\/\\\/somllavors.com\\\/es\\\/producte\\\/animals-de-lartic-de-cautxu#local-main-organization-logo\"},\"sameAs\":[\"https:\\\/\\\/www.facebook.com\\\/somllavorsvng\\\/?locale=ca_ES\",\"https:\\\/\\\/www.instagram.com\\\/somllavors_vng\\\/\",\"https:\\\/\\\/www.youtube.com\\\/@somllavors\"],\"address\":{\"@id\":\"https:\\\/\\\/somllavors.com\\\/es\\\/producte\\\/animals-de-lartic-de-cautxu#local-main-place-address\"},\"geo\":{\"@type\":\"GeoCoordinates\",\"latitude\":\"41.2257737\",\"longitude\":\"1.723258859\"},\"telephone\":[\"623152704\"],\"openingHoursSpecification\":[{\"@type\":\"OpeningHoursSpecification\",\"dayOfWeek\":[\"Monday\",\"Sunday\"],\"opens\":\"00:00\",\"closes\":\"00:00\"},{\"@type\":\"OpeningHoursSpecification\",\"dayOfWeek\":[\"Tuesday\",\"Wednesday\",\"Thursday\",\"Friday\"],\"opens\":\"10:00\",\"closes\":\"20:00\"},{\"@type\":\"OpeningHoursSpecification\",\"dayOfWeek\":[\"Saturday\"],\"opens\":\"10:00\",\"closes\":\"13:30\"}],\"email\":\"info@somllavors.com\"},{\"@type\":\"PostalAddress\",\"@id\":\"https:\\\/\\\/somllavors.com\\\/es\\\/producte\\\/animals-de-lartic-de-cautxu#local-main-place-address\",\"streetAddress\":\"Carrer de l'aigua, 6\",\"addressLocality\":\"Vilanova i la Geltr\u00fa\",\"postalCode\":\"08800\",\"addressRegion\":\"Barcelona\",\"addressCountry\":\"ES\"},{\"@type\":\"ImageObject\",\"inLanguage\":\"es\",\"@id\":\"https:\\\/\\\/somllavors.com\\\/es\\\/producte\\\/animals-de-lartic-de-cautxu#local-main-organization-logo\",\"url\":\"https:\\\/\\\/somllavors.com\\\/wp-content\\\/uploads\\\/Logotip-Som-Llavors.jpg\",\"contentUrl\":\"https:\\\/\\\/somllavors.com\\\/wp-content\\\/uploads\\\/Logotip-Som-Llavors.jpg\",\"width\":1444,\"height\":1323,\"caption\":\"Som Llavors\"}]}<\/script>\n<meta property=\"og:availability\" content=\"instock\" \/>\n<meta property=\"product:availability\" content=\"instock\" \/>\n<meta property=\"product:condition\" content=\"new\" \/>\n<meta name=\"geo.placename\" content=\"Vilanova i la Geltr\u00fa\" \/>\n<meta name=\"geo.position\" content=\"41.2257737;1.723258859\" \/>\n<meta name=\"geo.region\" content=\"Espa\u00f1a\" \/>\n<!-- \/ Yoast SEO Premium plugin. -->","yoast_head_json":{"title":"Animals de l'\u00e0rtic de cautx\u00fa &#8212; Som Llavors","description":"Aquests bonics animals \u00e0rtics han vingut del seu parad\u00eds hivernal per brindar comoditat i alegria a l'hora del bany i a l'hora de dormir. Cada un cont\u00e9 un sonall amb un so molt suau a l'interior.  &nbsp;  &nbsp;","robots":{"index":"index","follow":"follow","max-snippet":"max-snippet:-1","max-image-preview":"max-image-preview:large","max-video-preview":"max-video-preview:-1"},"canonical":"https:\/\/somllavors.com\/es\/producte\/animals-de-lartic-de-cautxu","og_locale":"es_ES","og_type":"article","og_title":"Animals de l'\u00e0rtic de cautx\u00fa","og_description":"La teva botiga d\u2019ecocrian\u00e7a i espai d\u2019acompanyament a la maternitat","og_url":"https:\/\/somllavors.com\/es\/producte\/animals-de-lartic-de-cautxu","og_site_name":"Som Llavors","article_publisher":"https:\/\/www.facebook.com\/somllavorsvng\/?locale=ca_ES","article_modified_time":"2024-03-28T18:16:57+00:00","og_image":[{"width":1000,"height":1000,"url":"https:\/\/somllavors.com\/wp-content\/uploads\/2023\/09\/Som-Llavors-tk94304-tikiri-animales-del-artico-pinguino-1.jpg","type":"image\/jpeg"}],"twitter_card":"summary_large_image","twitter_misc":{"Availability":"Hay existencias"},"schema":{"@context":"https:\/\/schema.org","@graph":[{"@type":"WebPage","@id":"https:\/\/somllavors.com\/es\/producte\/animals-de-lartic-de-cautxu","url":"https:\/\/somllavors.com\/es\/producte\/animals-de-lartic-de-cautxu","name":"Animals de l'\u00e0rtic de cautx\u00fa &#8212; Som Llavors","isPartOf":{"@id":"https:\/\/somllavors.com\/es#website"},"primaryImageOfPage":{"@id":"https:\/\/somllavors.com\/es\/producte\/animals-de-lartic-de-cautxu#primaryimage"},"image":{"@id":"https:\/\/somllavors.com\/es\/producte\/animals-de-lartic-de-cautxu#primaryimage"},"thumbnailUrl":"https:\/\/somllavors.com\/wp-content\/uploads\/2023\/09\/Som-Llavors-tk94304-tikiri-animales-del-artico-pinguino-1.jpg","datePublished":"2023-09-12T10:36:41+00:00","dateModified":"2024-03-28T18:16:57+00:00","description":"Aquests bonics animals \u00e0rtics han vingut del seu parad\u00eds hivernal per brindar comoditat i alegria a l'hora del bany i a l'hora de dormir. Cada un cont\u00e9 un sonall amb un so molt suau a l'interior. &nbsp; &nbsp;","breadcrumb":{"@id":"https:\/\/somllavors.com\/es\/producte\/animals-de-lartic-de-cautxu#breadcrumb"},"inLanguage":"es","potentialAction":[{"@type":"ReadAction","target":["https:\/\/somllavors.com\/es\/producte\/animals-de-lartic-de-cautxu"]}]},{"@type":"ImageObject","inLanguage":"es","@id":"https:\/\/somllavors.com\/es\/producte\/animals-de-lartic-de-cautxu#primaryimage","url":"https:\/\/somllavors.com\/wp-content\/uploads\/2023\/09\/Som-Llavors-tk94304-tikiri-animales-del-artico-pinguino-1.jpg","contentUrl":"https:\/\/somllavors.com\/wp-content\/uploads\/2023\/09\/Som-Llavors-tk94304-tikiri-animales-del-artico-pinguino-1.jpg","width":1000,"height":1000,"caption":"Mordedor caucho pinguino para la ba\u00f1era"},{"@type":"BreadcrumbList","@id":"https:\/\/somllavors.com\/es\/producte\/animals-de-lartic-de-cautxu#breadcrumb","itemListElement":[{"@type":"ListItem","position":1,"name":"Inici","item":"https:\/\/somllavors.com\/es"},{"@type":"ListItem","position":2,"name":"Tienda","item":"https:\/\/somllavors.com\/es\/botiga-2"},{"@type":"ListItem","position":3,"name":"Animals de l&#8217;\u00e0rtic de cautx\u00fa"}]},{"@type":"WebSite","@id":"https:\/\/somllavors.com\/es#website","url":"https:\/\/somllavors.com\/es","name":"Som Llavors","description":"Botiga de crian\u00e7a natural","publisher":{"@id":"https:\/\/somllavors.com\/es#organization"},"alternateName":"Crian\u00e7a Natural i Sostenible","potentialAction":[{"@type":"SearchAction","target":{"@type":"EntryPoint","urlTemplate":"https:\/\/somllavors.com\/es?s={search_term_string}"},"query-input":{"@type":"PropertyValueSpecification","valueRequired":true,"valueName":"search_term_string"}}],"inLanguage":"es"},{"@type":["Organization","Place","Store"],"@id":"https:\/\/somllavors.com\/es#organization","name":"Som Llavors","alternateName":"Crian\u00e7a Natural i Sostenible","url":"https:\/\/somllavors.com\/es","logo":{"@id":"https:\/\/somllavors.com\/es\/producte\/animals-de-lartic-de-cautxu#local-main-organization-logo"},"image":{"@id":"https:\/\/somllavors.com\/es\/producte\/animals-de-lartic-de-cautxu#local-main-organization-logo"},"sameAs":["https:\/\/www.facebook.com\/somllavorsvng\/?locale=ca_ES","https:\/\/www.instagram.com\/somllavors_vng\/","https:\/\/www.youtube.com\/@somllavors"],"address":{"@id":"https:\/\/somllavors.com\/es\/producte\/animals-de-lartic-de-cautxu#local-main-place-address"},"geo":{"@type":"GeoCoordinates","latitude":"41.2257737","longitude":"1.723258859"},"telephone":["623152704","623152704"],"openingHoursSpecification":[{"@type":"OpeningHoursSpecification","dayOfWeek":["Monday","Sunday"],"opens":"00:00","closes":"00:00"},{"@type":"OpeningHoursSpecification","dayOfWeek":["Tuesday","Wednesday","Thursday","Friday"],"opens":"10:00","closes":"20:00"},{"@type":"OpeningHoursSpecification","dayOfWeek":["Saturday"],"opens":"10:00","closes":"13:30"}],"email":"info@somllavors.com"},{"@type":"PostalAddress","@id":"https:\/\/somllavors.com\/es\/producte\/animals-de-lartic-de-cautxu#local-main-place-address","streetAddress":"Carrer de l'aigua, 6","addressLocality":"Vilanova i la Geltr\u00fa","postalCode":"08800","addressRegion":"Barcelona","addressCountry":"ES"},{"@type":"ImageObject","inLanguage":"es","@id":"https:\/\/somllavors.com\/es\/producte\/animals-de-lartic-de-cautxu#local-main-organization-logo","url":"https:\/\/somllavors.com\/wp-content\/uploads\/Logotip-Som-Llavors.jpg","contentUrl":"https:\/\/somllavors.com\/wp-content\/uploads\/Logotip-Som-Llavors.jpg","width":1444,"height":1323,"caption":"Som Llavors"}]},"og_availability":"instock","product_availability":"instock","product_condition":"new","geo.placename":"Vilanova i la Geltr\u00fa","geo.position":{"lat":"41.2257737","long":"1.723258859"},"geo.region":"Espa\u00f1a"},"brands":[],"_links":{"self":[{"href":"https:\/\/somllavors.com\/es\/wp-json\/wp\/v2\/product\/44545","targetHints":{"allow":["GET"]}}],"collection":[{"href":"https:\/\/somllavors.com\/es\/wp-json\/wp\/v2\/product"}],"about":[{"href":"https:\/\/somllavors.com\/es\/wp-json\/wp\/v2\/types\/product"}],"wp:featuredmedia":[{"embeddable":true,"href":"https:\/\/somllavors.com\/es\/wp-json\/wp\/v2\/media\/44557"}],"wp:attachment":[{"href":"https:\/\/somllavors.com\/es\/wp-json\/wp\/v2\/media?parent=44545"}],"wp:term":[{"taxonomy":"pwb-brand","embeddable":true,"href":"https:\/\/somllavors.com\/es\/wp-json\/wp\/v2\/pwb-brand?post=44545"},{"taxonomy":"product_brand","embeddable":true,"href":"https:\/\/somllavors.com\/es\/wp-json\/wp\/v2\/product_brand?post=44545"},{"taxonomy":"product_cat","embeddable":true,"href":"https:\/\/somllavors.com\/es\/wp-json\/wp\/v2\/product_cat?post=44545"},{"taxonomy":"product_tag","embeddable":true,"href":"https:\/\/somllavors.com\/es\/wp-json\/wp\/v2\/product_tag?post=44545"}],"curies":[{"name":"wp","href":"https:\/\/api.w.org\/{rel}","templated":true}]}}