{"id":44963,"date":"2023-09-13T20:02:12","date_gmt":"2023-09-13T18:02:12","guid":{"rendered":"https:\/\/somllavors.com\/?post_type=product&#038;p=44963"},"modified":"2026-03-27T10:59:31","modified_gmt":"2026-03-27T09:59:31","slug":"gel-xampu-familiar-750ml-giura","status":"publish","type":"product","link":"https:\/\/somllavors.com\/es\/producte\/gel-xampu-familiar-750ml-giura","title":{"rendered":"Gel &#8211; Xamp\u00fa familiar 750ml &#8211; Giura"},"content":{"rendered":"<ul>\n<li>Capacitat: 750ml<\/li>\n<li>PH 5,5<\/li>\n<li>Propietats: Antis\u00e8ptic, afavoreix la circulaci\u00f3 capil\u00b7lar i d\u00f3na elasticitat a la pell. L&#8217;oli essencial de taronja dol\u00e7a actua com antioxidant i fotoprotector, i aporta un agradable aroma.<\/li>\n<li>Certificats: Producte amb certificaci\u00f3 bio.inspecta BioVidaSana (*) Ingredients amb certificat ecol\u00f2gic<\/li>\n<li>Components: Aqua, Cocoyl methyl glucamide, Cocamidopropyl betaine, Propanediol, Avena sativa kernel extract(*), Lauroyl Myristoyl Methyl Glucamide(and)Coco-betaine, Sodium cloride, Sodium cocoyl glutamate, Citrus sinensis peel oil expressed(*), Potassium sorbate, Sodium benzoate, Propylene glycol, Sorbic acid, Lactic acid, Linalool(**), Geraniol(**), Citral(**), Farnesol(**), Limonene(**)- (*)Ingredients ecol\u00f2gics certificats \u2013 (**)Components naturals del olis ess\u00e8ncial<\/li>\n<\/ul>\n","protected":false},"excerpt":{"rendered":"<p>Pensat per tota la fam\u00edlia, i fet amb extracte de civada i surfactants d&#8217;origen vegetal, est\u00e0 indicat per tot tipus de pell i cabell, i es pot utilitzar amb la freq\u00fc\u00e8ncia que sigui necess\u00e0ria. L&#8217;oli essencial de taronja dol\u00e7a actua com antioxidant i fotoprotector, i aporta un agradable aroma.<\/p>\n<p>&nbsp;<\/p>\n<p>&nbsp;<\/p>\n<p>&nbsp;<\/p>\n","protected":false},"featured_media":44966,"template":"","meta":{"_acf_changed":false,"site-sidebar-layout":"default","site-content-layout":"default","ast-site-content-layout":"default","site-content-style":"default","site-sidebar-style":"default","ast-global-header-display":"","ast-banner-title-visibility":"","ast-main-header-display":"","ast-hfb-above-header-display":"","ast-hfb-below-header-display":"","ast-hfb-mobile-header-display":"","site-post-title":"","ast-breadcrumbs-content":"","ast-featured-img":"","footer-sml-layout":"","theme-transparent-header-meta":"default","adv-header-id-meta":"","stick-header-meta":"","header-above-stick-meta":"","header-main-stick-meta":"","header-below-stick-meta":"","astra-migrate-meta-layouts":"set","ast-page-background-enabled":"default","ast-page-background-meta":{"desktop":{"background-color":"","background-image":"","background-repeat":"repeat","background-position":"center center","background-size":"auto","background-attachment":"scroll","background-type":"","background-media":"","overlay-type":"","overlay-color":"","overlay-opacity":"","overlay-gradient":""},"tablet":{"background-color":"","background-image":"","background-repeat":"repeat","background-position":"center center","background-size":"auto","background-attachment":"scroll","background-type":"","background-media":"","overlay-type":"","overlay-color":"","overlay-opacity":"","overlay-gradient":""},"mobile":{"background-color":"","background-image":"","background-repeat":"repeat","background-position":"center center","background-size":"auto","background-attachment":"scroll","background-type":"","background-media":"","overlay-type":"","overlay-color":"","overlay-opacity":"","overlay-gradient":""}},"ast-content-background-meta":{"desktop":{"background-color":"var(--ast-global-color-5)","background-image":"","background-repeat":"repeat","background-position":"center center","background-size":"auto","background-attachment":"scroll","background-type":"","background-media":"","overlay-type":"","overlay-color":"","overlay-opacity":"","overlay-gradient":""},"tablet":{"background-color":"var(--ast-global-color-5)","background-image":"","background-repeat":"repeat","background-position":"center center","background-size":"auto","background-attachment":"scroll","background-type":"","background-media":"","overlay-type":"","overlay-color":"","overlay-opacity":"","overlay-gradient":""},"mobile":{"background-color":"var(--ast-global-color-5)","background-image":"","background-repeat":"repeat","background-position":"center center","background-size":"auto","background-attachment":"scroll","background-type":"","background-media":"","overlay-type":"","overlay-color":"","overlay-opacity":"","overlay-gradient":""}}},"pwb-brand":[4151],"product_brand":[],"product_cat":[4500,579],"product_tag":[727,4279],"class_list":{"0":"post-44963","1":"product","2":"type-product","3":"status-publish","4":"has-post-thumbnail","6":"pwb-brand-giura","7":"product_cat-10-20e","8":"product_cat-cosmetica-lhora-del-bany-2","9":"product_tag-giura","10":"product_tag-xampu-familiar","11":"desktop-align-left","12":"tablet-align-left","13":"mobile-align-left","15":"first","16":"instock","17":"taxable","18":"shipping-taxable","19":"purchasable","20":"product-type-simple"},"acf":[],"yoast_head":"<!-- This site is optimized with the Yoast SEO Premium plugin v18.3 (Yoast SEO v26.2) - https:\/\/yoast.com\/wordpress\/plugins\/seo\/ -->\n<title>Gel xamp\u00fa preventiu pels polls &#8212; Som Llavors<\/title>\n<meta name=\"description\" content=\"Pensat per tota la fam\u00edlia, i fet amb extracte de civada i surfactants d&#039;origen vegetal, est\u00e0 indicat per tot tipus de pell i cabell, i es pot utilitzar amb la freq\u00fc\u00e8ncia que sigui necess\u00e0ria. L&#039;oli essencial de taronja dol\u00e7a actua com antioxidant i fotoprotector, i aporta un agradable aroma.  &nbsp;  &nbsp;  &nbsp;\" \/>\n<meta name=\"robots\" content=\"index, follow, max-snippet:-1, max-image-preview:large, max-video-preview:-1\" \/>\n<link rel=\"canonical\" href=\"https:\/\/somllavors.com\/es\/producte\/gel-xampu-familiar-750ml-giura\" \/>\n<meta property=\"og:locale\" content=\"es_ES\" \/>\n<meta property=\"og:type\" content=\"article\" \/>\n<meta property=\"og:title\" content=\"Gel - Xamp\u00fa familiar 750ml - Giura\" \/>\n<meta property=\"og:description\" content=\"La teva botiga d\u2019ecocrian\u00e7a i espai d\u2019acompanyament a la maternitat\" \/>\n<meta property=\"og:url\" content=\"https:\/\/somllavors.com\/es\/producte\/gel-xampu-familiar-750ml-giura\" \/>\n<meta property=\"og:site_name\" content=\"Som Llavors\" \/>\n<meta property=\"article:publisher\" content=\"https:\/\/www.facebook.com\/somllavorsvng\/?locale=ca_ES\" \/>\n<meta property=\"article:modified_time\" content=\"2026-03-27T09:59:31+00:00\" \/>\n<meta property=\"og:image\" content=\"https:\/\/somllavors.com\/wp-content\/uploads\/2023\/09\/FAMILIAR750-510x680-1.png\" \/>\n\t<meta property=\"og:image:width\" content=\"510\" \/>\n\t<meta property=\"og:image:height\" content=\"680\" \/>\n\t<meta property=\"og:image:type\" content=\"image\/png\" \/>\n<meta name=\"twitter:card\" content=\"summary_large_image\" \/>\n<meta name=\"twitter:label1\" content=\"Precio\" \/>\n\t<meta name=\"twitter:data1\" content=\"19,50&euro; Iva incl\u00f2s\" \/>\n\t<meta name=\"twitter:label2\" content=\"Availability\" \/>\n\t<meta name=\"twitter:data2\" content=\"Hay existencias\" \/>\n<script type=\"application\/ld+json\" class=\"yoast-schema-graph\">{\"@context\":\"https:\/\/schema.org\",\"@graph\":[{\"@type\":\"WebPage\",\"@id\":\"https:\/\/somllavors.com\/es\/producte\/gel-xampu-familiar-750ml-giura\",\"url\":\"https:\/\/somllavors.com\/es\/producte\/gel-xampu-familiar-750ml-giura\",\"name\":\"Gel xamp\u00fa preventiu pels polls &#8212; Som Llavors\",\"isPartOf\":{\"@id\":\"https:\/\/somllavors.com\/es#website\"},\"primaryImageOfPage\":{\"@id\":\"https:\/\/somllavors.com\/es\/producte\/gel-xampu-familiar-750ml-giura#primaryimage\"},\"image\":{\"@id\":\"https:\/\/somllavors.com\/es\/producte\/gel-xampu-familiar-750ml-giura#primaryimage\"},\"thumbnailUrl\":\"https:\/\/somllavors.com\/wp-content\/uploads\/2023\/09\/FAMILIAR750-510x680-1.png\",\"datePublished\":\"2023-09-13T18:02:12+00:00\",\"dateModified\":\"2026-03-27T09:59:31+00:00\",\"description\":\"Pensat per tota la fam\u00edlia, i fet amb extracte de civada i surfactants d'origen vegetal, est\u00e0 indicat per tot tipus de pell i cabell, i es pot utilitzar amb la freq\u00fc\u00e8ncia que sigui necess\u00e0ria. L'oli essencial de taronja dol\u00e7a actua com antioxidant i fotoprotector, i aporta un agradable aroma. &nbsp; &nbsp; &nbsp;\",\"breadcrumb\":{\"@id\":\"https:\/\/somllavors.com\/es\/producte\/gel-xampu-familiar-750ml-giura#breadcrumb\"},\"inLanguage\":\"es\",\"potentialAction\":[{\"@type\":\"ReadAction\",\"target\":[\"https:\/\/somllavors.com\/es\/producte\/gel-xampu-familiar-750ml-giura\"]}]},{\"@type\":\"ImageObject\",\"inLanguage\":\"es\",\"@id\":\"https:\/\/somllavors.com\/es\/producte\/gel-xampu-familiar-750ml-giura#primaryimage\",\"url\":\"https:\/\/somllavors.com\/wp-content\/uploads\/2023\/09\/FAMILIAR750-510x680-1.png\",\"contentUrl\":\"https:\/\/somllavors.com\/wp-content\/uploads\/2023\/09\/FAMILIAR750-510x680-1.png\",\"width\":510,\"height\":680,\"caption\":\"Gel xampu bio familiar Giura Vilanova i la Geltr\u00fa\"},{\"@type\":\"BreadcrumbList\",\"@id\":\"https:\/\/somllavors.com\/es\/producte\/gel-xampu-familiar-750ml-giura#breadcrumb\",\"itemListElement\":[{\"@type\":\"ListItem\",\"position\":1,\"name\":\"Inici\",\"item\":\"https:\/\/somllavors.com\/es\"},{\"@type\":\"ListItem\",\"position\":2,\"name\":\"Tienda\",\"item\":\"https:\/\/somllavors.com\/es\/botiga-2\"},{\"@type\":\"ListItem\",\"position\":3,\"name\":\"Gel &#8211; Xamp\u00fa familiar 750ml &#8211; Giura\"}]},{\"@type\":\"WebSite\",\"@id\":\"https:\/\/somllavors.com\/es#website\",\"url\":\"https:\/\/somllavors.com\/es\",\"name\":\"Som Llavors\",\"description\":\"Botiga de crian\u00e7a natural\",\"publisher\":{\"@id\":\"https:\/\/somllavors.com\/es#organization\"},\"alternateName\":\"Crian\u00e7a Natural i Sostenible\",\"potentialAction\":[{\"@type\":\"SearchAction\",\"target\":{\"@type\":\"EntryPoint\",\"urlTemplate\":\"https:\/\/somllavors.com\/es?s={search_term_string}\"},\"query-input\":{\"@type\":\"PropertyValueSpecification\",\"valueRequired\":true,\"valueName\":\"search_term_string\"}}],\"inLanguage\":\"es\"},{\"@type\":[\"Organization\",\"Place\",\"Store\"],\"@id\":\"https:\/\/somllavors.com\/es#organization\",\"name\":\"Som Llavors\",\"alternateName\":\"Crian\u00e7a Natural i Sostenible\",\"url\":\"https:\/\/somllavors.com\/es\",\"logo\":{\"@id\":\"https:\/\/somllavors.com\/es\/producte\/gel-xampu-familiar-750ml-giura#local-main-organization-logo\"},\"image\":{\"@id\":\"https:\/\/somllavors.com\/es\/producte\/gel-xampu-familiar-750ml-giura#local-main-organization-logo\"},\"sameAs\":[\"https:\/\/www.facebook.com\/somllavorsvng\/?locale=ca_ES\",\"https:\/\/www.instagram.com\/somllavors_vng\/\",\"https:\/\/www.youtube.com\/@somllavors\"],\"address\":{\"@id\":\"https:\/\/somllavors.com\/es\/producte\/gel-xampu-familiar-750ml-giura#local-main-place-address\"},\"geo\":{\"@type\":\"GeoCoordinates\",\"latitude\":\"41.2257737\",\"longitude\":\"1.723258859\"},\"telephone\":[\"623152704\"],\"openingHoursSpecification\":[{\"@type\":\"OpeningHoursSpecification\",\"dayOfWeek\":[\"Monday\",\"Sunday\"],\"opens\":\"00:00\",\"closes\":\"00:00\"},{\"@type\":\"OpeningHoursSpecification\",\"dayOfWeek\":[\"Tuesday\",\"Wednesday\",\"Thursday\",\"Friday\"],\"opens\":\"10:00\",\"closes\":\"20:00\"},{\"@type\":\"OpeningHoursSpecification\",\"dayOfWeek\":[\"Saturday\"],\"opens\":\"10:00\",\"closes\":\"13:30\"}],\"email\":\"info@somllavors.com\"},{\"@type\":\"PostalAddress\",\"@id\":\"https:\/\/somllavors.com\/es\/producte\/gel-xampu-familiar-750ml-giura#local-main-place-address\",\"streetAddress\":\"Carrer de l'aigua, 6\",\"addressLocality\":\"Vilanova i la Geltr\u00fa\",\"postalCode\":\"08800\",\"addressRegion\":\"Barcelona\",\"addressCountry\":\"ES\"},{\"@type\":\"ImageObject\",\"inLanguage\":\"es\",\"@id\":\"https:\/\/somllavors.com\/es\/producte\/gel-xampu-familiar-750ml-giura#local-main-organization-logo\",\"url\":\"https:\/\/somllavors.com\/wp-content\/uploads\/Logotip-Som-Llavors.jpg\",\"contentUrl\":\"https:\/\/somllavors.com\/wp-content\/uploads\/Logotip-Som-Llavors.jpg\",\"width\":1444,\"height\":1323,\"caption\":\"Som Llavors\"}]}<\/script>\n<meta property=\"product:price:amount\" content=\"19.50\" \/>\n<meta property=\"product:price:currency\" content=\"EUR\" \/>\n<meta property=\"og:availability\" content=\"instock\" \/>\n<meta property=\"product:availability\" content=\"instock\" \/>\n<meta property=\"product:retailer_item_id\" content=\"GXFAM0750\" \/>\n<meta property=\"product:condition\" content=\"new\" \/>\n<meta name=\"geo.placename\" content=\"Vilanova i la Geltr\u00fa\" \/>\n<meta name=\"geo.position\" content=\"41.2257737;1.723258859\" \/>\n<meta name=\"geo.region\" content=\"Espa\u00f1a\" \/>\n<!-- \/ Yoast SEO Premium plugin. -->","yoast_head_json":{"title":"Gel xamp\u00fa preventiu pels polls &#8212; Som Llavors","description":"Pensat per tota la fam\u00edlia, i fet amb extracte de civada i surfactants d'origen vegetal, est\u00e0 indicat per tot tipus de pell i cabell, i es pot utilitzar amb la freq\u00fc\u00e8ncia que sigui necess\u00e0ria. L'oli essencial de taronja dol\u00e7a actua com antioxidant i fotoprotector, i aporta un agradable aroma.  &nbsp;  &nbsp;  &nbsp;","robots":{"index":"index","follow":"follow","max-snippet":"max-snippet:-1","max-image-preview":"max-image-preview:large","max-video-preview":"max-video-preview:-1"},"canonical":"https:\/\/somllavors.com\/es\/producte\/gel-xampu-familiar-750ml-giura","og_locale":"es_ES","og_type":"article","og_title":"Gel - Xamp\u00fa familiar 750ml - Giura","og_description":"La teva botiga d\u2019ecocrian\u00e7a i espai d\u2019acompanyament a la maternitat","og_url":"https:\/\/somllavors.com\/es\/producte\/gel-xampu-familiar-750ml-giura","og_site_name":"Som Llavors","article_publisher":"https:\/\/www.facebook.com\/somllavorsvng\/?locale=ca_ES","article_modified_time":"2026-03-27T09:59:31+00:00","og_image":[{"width":510,"height":680,"url":"https:\/\/somllavors.com\/wp-content\/uploads\/2023\/09\/FAMILIAR750-510x680-1.png","type":"image\/png"}],"twitter_card":"summary_large_image","twitter_misc":{"Precio":"19,50&euro; Iva incl\u00f2s","Availability":"Hay existencias"},"schema":{"@context":"https:\/\/schema.org","@graph":[{"@type":"WebPage","@id":"https:\/\/somllavors.com\/es\/producte\/gel-xampu-familiar-750ml-giura","url":"https:\/\/somllavors.com\/es\/producte\/gel-xampu-familiar-750ml-giura","name":"Gel xamp\u00fa preventiu pels polls &#8212; Som Llavors","isPartOf":{"@id":"https:\/\/somllavors.com\/es#website"},"primaryImageOfPage":{"@id":"https:\/\/somllavors.com\/es\/producte\/gel-xampu-familiar-750ml-giura#primaryimage"},"image":{"@id":"https:\/\/somllavors.com\/es\/producte\/gel-xampu-familiar-750ml-giura#primaryimage"},"thumbnailUrl":"https:\/\/somllavors.com\/wp-content\/uploads\/2023\/09\/FAMILIAR750-510x680-1.png","datePublished":"2023-09-13T18:02:12+00:00","dateModified":"2026-03-27T09:59:31+00:00","description":"Pensat per tota la fam\u00edlia, i fet amb extracte de civada i surfactants d'origen vegetal, est\u00e0 indicat per tot tipus de pell i cabell, i es pot utilitzar amb la freq\u00fc\u00e8ncia que sigui necess\u00e0ria. L'oli essencial de taronja dol\u00e7a actua com antioxidant i fotoprotector, i aporta un agradable aroma. &nbsp; &nbsp; &nbsp;","breadcrumb":{"@id":"https:\/\/somllavors.com\/es\/producte\/gel-xampu-familiar-750ml-giura#breadcrumb"},"inLanguage":"es","potentialAction":[{"@type":"ReadAction","target":["https:\/\/somllavors.com\/es\/producte\/gel-xampu-familiar-750ml-giura"]}]},{"@type":"ImageObject","inLanguage":"es","@id":"https:\/\/somllavors.com\/es\/producte\/gel-xampu-familiar-750ml-giura#primaryimage","url":"https:\/\/somllavors.com\/wp-content\/uploads\/2023\/09\/FAMILIAR750-510x680-1.png","contentUrl":"https:\/\/somllavors.com\/wp-content\/uploads\/2023\/09\/FAMILIAR750-510x680-1.png","width":510,"height":680,"caption":"Gel xampu bio familiar Giura Vilanova i la Geltr\u00fa"},{"@type":"BreadcrumbList","@id":"https:\/\/somllavors.com\/es\/producte\/gel-xampu-familiar-750ml-giura#breadcrumb","itemListElement":[{"@type":"ListItem","position":1,"name":"Inici","item":"https:\/\/somllavors.com\/es"},{"@type":"ListItem","position":2,"name":"Tienda","item":"https:\/\/somllavors.com\/es\/botiga-2"},{"@type":"ListItem","position":3,"name":"Gel &#8211; Xamp\u00fa familiar 750ml &#8211; Giura"}]},{"@type":"WebSite","@id":"https:\/\/somllavors.com\/es#website","url":"https:\/\/somllavors.com\/es","name":"Som Llavors","description":"Botiga de crian\u00e7a natural","publisher":{"@id":"https:\/\/somllavors.com\/es#organization"},"alternateName":"Crian\u00e7a Natural i Sostenible","potentialAction":[{"@type":"SearchAction","target":{"@type":"EntryPoint","urlTemplate":"https:\/\/somllavors.com\/es?s={search_term_string}"},"query-input":{"@type":"PropertyValueSpecification","valueRequired":true,"valueName":"search_term_string"}}],"inLanguage":"es"},{"@type":["Organization","Place","Store"],"@id":"https:\/\/somllavors.com\/es#organization","name":"Som Llavors","alternateName":"Crian\u00e7a Natural i Sostenible","url":"https:\/\/somllavors.com\/es","logo":{"@id":"https:\/\/somllavors.com\/es\/producte\/gel-xampu-familiar-750ml-giura#local-main-organization-logo"},"image":{"@id":"https:\/\/somllavors.com\/es\/producte\/gel-xampu-familiar-750ml-giura#local-main-organization-logo"},"sameAs":["https:\/\/www.facebook.com\/somllavorsvng\/?locale=ca_ES","https:\/\/www.instagram.com\/somllavors_vng\/","https:\/\/www.youtube.com\/@somllavors"],"address":{"@id":"https:\/\/somllavors.com\/es\/producte\/gel-xampu-familiar-750ml-giura#local-main-place-address"},"geo":{"@type":"GeoCoordinates","latitude":"41.2257737","longitude":"1.723258859"},"telephone":["623152704","623152704"],"openingHoursSpecification":[{"@type":"OpeningHoursSpecification","dayOfWeek":["Monday","Sunday"],"opens":"00:00","closes":"00:00"},{"@type":"OpeningHoursSpecification","dayOfWeek":["Tuesday","Wednesday","Thursday","Friday"],"opens":"10:00","closes":"20:00"},{"@type":"OpeningHoursSpecification","dayOfWeek":["Saturday"],"opens":"10:00","closes":"13:30"}],"email":"info@somllavors.com"},{"@type":"PostalAddress","@id":"https:\/\/somllavors.com\/es\/producte\/gel-xampu-familiar-750ml-giura#local-main-place-address","streetAddress":"Carrer de l'aigua, 6","addressLocality":"Vilanova i la Geltr\u00fa","postalCode":"08800","addressRegion":"Barcelona","addressCountry":"ES"},{"@type":"ImageObject","inLanguage":"es","@id":"https:\/\/somllavors.com\/es\/producte\/gel-xampu-familiar-750ml-giura#local-main-organization-logo","url":"https:\/\/somllavors.com\/wp-content\/uploads\/Logotip-Som-Llavors.jpg","contentUrl":"https:\/\/somllavors.com\/wp-content\/uploads\/Logotip-Som-Llavors.jpg","width":1444,"height":1323,"caption":"Som Llavors"}]},"product_price_amount":"19.50","product_price_currency":"EUR","og_availability":"instock","product_availability":"instock","product_retailer_item_id":"GXFAM0750","product_condition":"new","geo.placename":"Vilanova i la Geltr\u00fa","geo.position":{"lat":"41.2257737","long":"1.723258859"},"geo.region":"Espa\u00f1a"},"brands":[{"id":4151,"name":"Giura","slug":"giura"}],"_links":{"self":[{"href":"https:\/\/somllavors.com\/es\/wp-json\/wp\/v2\/product\/44963","targetHints":{"allow":["GET"]}}],"collection":[{"href":"https:\/\/somllavors.com\/es\/wp-json\/wp\/v2\/product"}],"about":[{"href":"https:\/\/somllavors.com\/es\/wp-json\/wp\/v2\/types\/product"}],"wp:featuredmedia":[{"embeddable":true,"href":"https:\/\/somllavors.com\/es\/wp-json\/wp\/v2\/media\/44966"}],"wp:attachment":[{"href":"https:\/\/somllavors.com\/es\/wp-json\/wp\/v2\/media?parent=44963"}],"wp:term":[{"taxonomy":"pwb-brand","embeddable":true,"href":"https:\/\/somllavors.com\/es\/wp-json\/wp\/v2\/pwb-brand?post=44963"},{"taxonomy":"product_brand","embeddable":true,"href":"https:\/\/somllavors.com\/es\/wp-json\/wp\/v2\/product_brand?post=44963"},{"taxonomy":"product_cat","embeddable":true,"href":"https:\/\/somllavors.com\/es\/wp-json\/wp\/v2\/product_cat?post=44963"},{"taxonomy":"product_tag","embeddable":true,"href":"https:\/\/somllavors.com\/es\/wp-json\/wp\/v2\/product_tag?post=44963"}],"curies":[{"name":"wp","href":"https:\/\/api.w.org\/{rel}","templated":true}]}}