{"id":45180,"date":"2023-09-14T22:11:54","date_gmt":"2023-09-14T20:11:54","guid":{"rendered":"https:\/\/somllavors.com\/?post_type=product&#038;p=45180"},"modified":"2024-10-09T14:44:11","modified_gmt":"2024-10-09T12:44:11","slug":"sac-de-dormir-0-6-mesos-willow-blue-nobodinoz","status":"publish","type":"product","link":"https:\/\/somllavors.com\/es\/producte\/sac-de-dormir-0-6-mesos-willow-blue-nobodinoz","title":{"rendered":"Sac de dormir 0-6 mesos Willow blue &#8211; Nobodinoz"},"content":{"rendered":"<ul>\n<li>Folre de punt extra suau.<\/li>\n<li>Protecci\u00f3 de cremallera.<\/li>\n<li>Amb f\u00e0cil sistema de tancament i obertura per evitar que el teu nad\u00f3 es destapi mentre dorm.<\/li>\n<li>TOG: 1.7<\/li>\n<li>Mesures: 65&#215;46 cm<\/li>\n<li>\u00a0Materials:\n<ul>\n<li>Exterior: 100% cot\u00f3 org\u00e0nic<\/li>\n<li>Folre: 96% cot\u00f3 org\u00e0nic, 4% elast\u00e0.<\/li>\n<li>Farciment: 100% poli\u00e8ster oekotex.<\/li>\n<li>Accessoris: 100% cot\u00f3 org\u00e0nic.<\/li>\n<\/ul>\n<\/li>\n<\/ul>\n<ul>\n<li>Certificats: Teixit certificat \u0152ko-Tex classe 1: segur per a la pell dels infants i pel planeta<\/li>\n<li>Com rentar: Cicle suau fred, no blanquejar, no remullar, no fregar, no eixugar, no planxar.<\/li>\n<\/ul>\n","protected":false},"excerpt":{"rendered":"<p>Sac de dormir amb niu d&#8217;abella de cot\u00f3 org\u00e0nic. Garanteix un somni c\u00e0lid i acollidor per al teu nad\u00f3.<\/p>\n","protected":false},"featured_media":45181,"template":"","meta":{"_acf_changed":false,"site-sidebar-layout":"default","site-content-layout":"default","ast-site-content-layout":"default","site-content-style":"default","site-sidebar-style":"default","ast-global-header-display":"","ast-banner-title-visibility":"","ast-main-header-display":"","ast-hfb-above-header-display":"","ast-hfb-below-header-display":"","ast-hfb-mobile-header-display":"","site-post-title":"","ast-breadcrumbs-content":"","ast-featured-img":"","footer-sml-layout":"","theme-transparent-header-meta":"default","adv-header-id-meta":"","stick-header-meta":"","header-above-stick-meta":"","header-main-stick-meta":"","header-below-stick-meta":"","astra-migrate-meta-layouts":"set","ast-page-background-enabled":"default","ast-page-background-meta":{"desktop":{"background-color":"","background-image":"","background-repeat":"repeat","background-position":"center center","background-size":"auto","background-attachment":"scroll","background-type":"","background-media":"","overlay-type":"","overlay-color":"","overlay-opacity":"","overlay-gradient":""},"tablet":{"background-color":"","background-image":"","background-repeat":"repeat","background-position":"center center","background-size":"auto","background-attachment":"scroll","background-type":"","background-media":"","overlay-type":"","overlay-color":"","overlay-opacity":"","overlay-gradient":""},"mobile":{"background-color":"","background-image":"","background-repeat":"repeat","background-position":"center center","background-size":"auto","background-attachment":"scroll","background-type":"","background-media":"","overlay-type":"","overlay-color":"","overlay-opacity":"","overlay-gradient":""}},"ast-content-background-meta":{"desktop":{"background-color":"var(--ast-global-color-5)","background-image":"","background-repeat":"repeat","background-position":"center center","background-size":"auto","background-attachment":"scroll","background-type":"","background-media":"","overlay-type":"","overlay-color":"","overlay-opacity":"","overlay-gradient":""},"tablet":{"background-color":"var(--ast-global-color-5)","background-image":"","background-repeat":"repeat","background-position":"center center","background-size":"auto","background-attachment":"scroll","background-type":"","background-media":"","overlay-type":"","overlay-color":"","overlay-opacity":"","overlay-gradient":""},"mobile":{"background-color":"var(--ast-global-color-5)","background-image":"","background-repeat":"repeat","background-position":"center center","background-size":"auto","background-attachment":"scroll","background-type":"","background-media":"","overlay-type":"","overlay-color":"","overlay-opacity":"","overlay-gradient":""}}},"pwb-brand":[4106],"product_brand":[],"product_cat":[1492,1478],"product_tag":[800,1432,4280],"class_list":{"0":"post-45180","1":"product","2":"type-product","3":"status-publish","4":"has-post-thumbnail","6":"pwb-brand-nobodinoz","7":"product_cat-sacs","8":"product_cat-sacs-de-dormir","9":"product_tag-algodon-organico","10":"product_tag-nobodinoz","11":"product_tag-saco","12":"desktop-align-left","13":"tablet-align-left","14":"mobile-align-left","16":"first","17":"outofstock","18":"taxable","19":"shipping-taxable","20":"purchasable","21":"product-type-simple"},"acf":[],"yoast_head":"<!-- This site is optimized with the Yoast SEO Premium plugin v18.3 (Yoast SEO v26.2) - https:\/\/yoast.com\/wordpress\/plugins\/seo\/ -->\n<title>Sac de dormir 0-6 mesos Willow blue - Nobodinoz &#8212; Som Llavors<\/title>\n<meta name=\"description\" content=\"Sac de dormir amb niu d&#039;abella de cot\u00f3 org\u00e0nic. Garanteix un somni c\u00e0lid i acollidor per al teu nad\u00f3.\" \/>\n<meta name=\"robots\" content=\"index, follow, max-snippet:-1, max-image-preview:large, max-video-preview:-1\" \/>\n<link rel=\"canonical\" href=\"https:\/\/somllavors.com\/es\/producte\/sac-de-dormir-0-6-mesos-willow-blue-nobodinoz\" \/>\n<meta property=\"og:locale\" content=\"es_ES\" \/>\n<meta property=\"og:type\" content=\"article\" \/>\n<meta property=\"og:title\" content=\"Sac de dormir 0-6 mesos Willow blue - Nobodinoz\" \/>\n<meta property=\"og:description\" content=\"La teva botiga d\u2019ecocrian\u00e7a i espai d\u2019acompanyament a la maternitat\" \/>\n<meta property=\"og:url\" content=\"https:\/\/somllavors.com\/es\/producte\/sac-de-dormir-0-6-mesos-willow-blue-nobodinoz\" \/>\n<meta property=\"og:site_name\" content=\"Som Llavors\" \/>\n<meta property=\"article:publisher\" content=\"https:\/\/www.facebook.com\/somllavorsvng\/?locale=ca_ES\" \/>\n<meta property=\"article:modified_time\" content=\"2024-10-09T12:44:11+00:00\" \/>\n<meta property=\"og:image\" content=\"https:\/\/somllavors.com\/wp-content\/uploads\/2023\/09\/Som-Llavors-cocoon-mid-season-sleeping-bag-small-willow-soft-blue-nobodinoz-1-8435574919427-1.webp\" \/>\n\t<meta property=\"og:image:width\" content=\"1585\" \/>\n\t<meta property=\"og:image:height\" content=\"2000\" \/>\n\t<meta property=\"og:image:type\" content=\"image\/webp\" \/>\n<meta name=\"twitter:card\" content=\"summary_large_image\" \/>\n<meta name=\"twitter:label1\" content=\"Precio\" \/>\n\t<meta name=\"twitter:data1\" content=\"59,95&euro; Iva incl\u00f2s\" \/>\n\t<meta name=\"twitter:label2\" content=\"Availability\" \/>\n\t<meta name=\"twitter:data2\" content=\"Out of stock\" \/>\n<script type=\"application\/ld+json\" class=\"yoast-schema-graph\">{\"@context\":\"https:\/\/schema.org\",\"@graph\":[{\"@type\":\"WebPage\",\"@id\":\"https:\/\/somllavors.com\/es\/producte\/sac-de-dormir-0-6-mesos-willow-blue-nobodinoz\",\"url\":\"https:\/\/somllavors.com\/es\/producte\/sac-de-dormir-0-6-mesos-willow-blue-nobodinoz\",\"name\":\"Sac de dormir 0-6 mesos Willow blue - Nobodinoz &#8212; Som Llavors\",\"isPartOf\":{\"@id\":\"https:\/\/somllavors.com\/es#website\"},\"primaryImageOfPage\":{\"@id\":\"https:\/\/somllavors.com\/es\/producte\/sac-de-dormir-0-6-mesos-willow-blue-nobodinoz#primaryimage\"},\"image\":{\"@id\":\"https:\/\/somllavors.com\/es\/producte\/sac-de-dormir-0-6-mesos-willow-blue-nobodinoz#primaryimage\"},\"thumbnailUrl\":\"https:\/\/somllavors.com\/wp-content\/uploads\/2023\/09\/Som-Llavors-cocoon-mid-season-sleeping-bag-small-willow-soft-blue-nobodinoz-1-8435574919427-1.webp\",\"datePublished\":\"2023-09-14T20:11:54+00:00\",\"dateModified\":\"2024-10-09T12:44:11+00:00\",\"description\":\"Sac de dormir amb niu d'abella de cot\u00f3 org\u00e0nic. Garanteix un somni c\u00e0lid i acollidor per al teu nad\u00f3.\",\"breadcrumb\":{\"@id\":\"https:\/\/somllavors.com\/es\/producte\/sac-de-dormir-0-6-mesos-willow-blue-nobodinoz#breadcrumb\"},\"inLanguage\":\"es\",\"potentialAction\":[{\"@type\":\"ReadAction\",\"target\":[\"https:\/\/somllavors.com\/es\/producte\/sac-de-dormir-0-6-mesos-willow-blue-nobodinoz\"]}]},{\"@type\":\"ImageObject\",\"inLanguage\":\"es\",\"@id\":\"https:\/\/somllavors.com\/es\/producte\/sac-de-dormir-0-6-mesos-willow-blue-nobodinoz#primaryimage\",\"url\":\"https:\/\/somllavors.com\/wp-content\/uploads\/2023\/09\/Som-Llavors-cocoon-mid-season-sleeping-bag-small-willow-soft-blue-nobodinoz-1-8435574919427-1.webp\",\"contentUrl\":\"https:\/\/somllavors.com\/wp-content\/uploads\/2023\/09\/Som-Llavors-cocoon-mid-season-sleeping-bag-small-willow-soft-blue-nobodinoz-1-8435574919427-1.webp\",\"width\":1585,\"height\":2000,\"caption\":\"saco de dormir nobodinoz\"},{\"@type\":\"BreadcrumbList\",\"@id\":\"https:\/\/somllavors.com\/es\/producte\/sac-de-dormir-0-6-mesos-willow-blue-nobodinoz#breadcrumb\",\"itemListElement\":[{\"@type\":\"ListItem\",\"position\":1,\"name\":\"Inici\",\"item\":\"https:\/\/somllavors.com\/es\"},{\"@type\":\"ListItem\",\"position\":2,\"name\":\"Tienda\",\"item\":\"https:\/\/somllavors.com\/es\/botiga-2\"},{\"@type\":\"ListItem\",\"position\":3,\"name\":\"Sac de dormir 0-6 mesos Willow blue &#8211; Nobodinoz\"}]},{\"@type\":\"WebSite\",\"@id\":\"https:\/\/somllavors.com\/es#website\",\"url\":\"https:\/\/somllavors.com\/es\",\"name\":\"Som Llavors\",\"description\":\"Botiga de crian\u00e7a natural\",\"publisher\":{\"@id\":\"https:\/\/somllavors.com\/es#organization\"},\"alternateName\":\"Crian\u00e7a Natural i Sostenible\",\"potentialAction\":[{\"@type\":\"SearchAction\",\"target\":{\"@type\":\"EntryPoint\",\"urlTemplate\":\"https:\/\/somllavors.com\/es?s={search_term_string}\"},\"query-input\":{\"@type\":\"PropertyValueSpecification\",\"valueRequired\":true,\"valueName\":\"search_term_string\"}}],\"inLanguage\":\"es\"},{\"@type\":[\"Organization\",\"Place\",\"Store\"],\"@id\":\"https:\/\/somllavors.com\/es#organization\",\"name\":\"Som Llavors\",\"alternateName\":\"Crian\u00e7a Natural i Sostenible\",\"url\":\"https:\/\/somllavors.com\/es\",\"logo\":{\"@id\":\"https:\/\/somllavors.com\/es\/producte\/sac-de-dormir-0-6-mesos-willow-blue-nobodinoz#local-main-organization-logo\"},\"image\":{\"@id\":\"https:\/\/somllavors.com\/es\/producte\/sac-de-dormir-0-6-mesos-willow-blue-nobodinoz#local-main-organization-logo\"},\"sameAs\":[\"https:\/\/www.facebook.com\/somllavorsvng\/?locale=ca_ES\",\"https:\/\/www.instagram.com\/somllavors_vng\/\",\"https:\/\/www.youtube.com\/@somllavors\"],\"address\":{\"@id\":\"https:\/\/somllavors.com\/es\/producte\/sac-de-dormir-0-6-mesos-willow-blue-nobodinoz#local-main-place-address\"},\"geo\":{\"@type\":\"GeoCoordinates\",\"latitude\":\"41.2257737\",\"longitude\":\"1.723258859\"},\"telephone\":[\"623152704\"],\"openingHoursSpecification\":[{\"@type\":\"OpeningHoursSpecification\",\"dayOfWeek\":[\"Monday\",\"Sunday\"],\"opens\":\"00:00\",\"closes\":\"00:00\"},{\"@type\":\"OpeningHoursSpecification\",\"dayOfWeek\":[\"Tuesday\",\"Wednesday\",\"Thursday\",\"Friday\"],\"opens\":\"10:00\",\"closes\":\"20:00\"},{\"@type\":\"OpeningHoursSpecification\",\"dayOfWeek\":[\"Saturday\"],\"opens\":\"10:00\",\"closes\":\"13:30\"}],\"email\":\"info@somllavors.com\"},{\"@type\":\"PostalAddress\",\"@id\":\"https:\/\/somllavors.com\/es\/producte\/sac-de-dormir-0-6-mesos-willow-blue-nobodinoz#local-main-place-address\",\"streetAddress\":\"Carrer de l'aigua, 6\",\"addressLocality\":\"Vilanova i la Geltr\u00fa\",\"postalCode\":\"08800\",\"addressRegion\":\"Barcelona\",\"addressCountry\":\"ES\"},{\"@type\":\"ImageObject\",\"inLanguage\":\"es\",\"@id\":\"https:\/\/somllavors.com\/es\/producte\/sac-de-dormir-0-6-mesos-willow-blue-nobodinoz#local-main-organization-logo\",\"url\":\"https:\/\/somllavors.com\/wp-content\/uploads\/Logotip-Som-Llavors.jpg\",\"contentUrl\":\"https:\/\/somllavors.com\/wp-content\/uploads\/Logotip-Som-Llavors.jpg\",\"width\":1444,\"height\":1323,\"caption\":\"Som Llavors\"}]}<\/script>\n<meta property=\"product:price:amount\" content=\"59.95\" \/>\n<meta property=\"product:price:currency\" content=\"EUR\" \/>\n<meta property=\"og:availability\" content=\"out of stock\" \/>\n<meta property=\"product:availability\" content=\"out of stock\" \/>\n<meta property=\"product:retailer_item_id\" content=\"8435574919427\" \/>\n<meta property=\"product:condition\" content=\"new\" \/>\n<meta name=\"geo.placename\" content=\"Vilanova i la Geltr\u00fa\" \/>\n<meta name=\"geo.position\" content=\"41.2257737;1.723258859\" \/>\n<meta name=\"geo.region\" content=\"Espa\u00f1a\" \/>\n<!-- \/ Yoast SEO Premium plugin. -->","yoast_head_json":{"title":"Sac de dormir 0-6 mesos Willow blue - Nobodinoz &#8212; Som Llavors","description":"Sac de dormir amb niu d'abella de cot\u00f3 org\u00e0nic. Garanteix un somni c\u00e0lid i acollidor per al teu nad\u00f3.","robots":{"index":"index","follow":"follow","max-snippet":"max-snippet:-1","max-image-preview":"max-image-preview:large","max-video-preview":"max-video-preview:-1"},"canonical":"https:\/\/somllavors.com\/es\/producte\/sac-de-dormir-0-6-mesos-willow-blue-nobodinoz","og_locale":"es_ES","og_type":"article","og_title":"Sac de dormir 0-6 mesos Willow blue - Nobodinoz","og_description":"La teva botiga d\u2019ecocrian\u00e7a i espai d\u2019acompanyament a la maternitat","og_url":"https:\/\/somllavors.com\/es\/producte\/sac-de-dormir-0-6-mesos-willow-blue-nobodinoz","og_site_name":"Som Llavors","article_publisher":"https:\/\/www.facebook.com\/somllavorsvng\/?locale=ca_ES","article_modified_time":"2024-10-09T12:44:11+00:00","og_image":[{"width":1585,"height":2000,"url":"https:\/\/somllavors.com\/wp-content\/uploads\/2023\/09\/Som-Llavors-cocoon-mid-season-sleeping-bag-small-willow-soft-blue-nobodinoz-1-8435574919427-1.webp","type":"image\/webp"}],"twitter_card":"summary_large_image","twitter_misc":{"Precio":"59,95&euro; Iva incl\u00f2s","Availability":"Out of stock"},"schema":{"@context":"https:\/\/schema.org","@graph":[{"@type":"WebPage","@id":"https:\/\/somllavors.com\/es\/producte\/sac-de-dormir-0-6-mesos-willow-blue-nobodinoz","url":"https:\/\/somllavors.com\/es\/producte\/sac-de-dormir-0-6-mesos-willow-blue-nobodinoz","name":"Sac de dormir 0-6 mesos Willow blue - Nobodinoz &#8212; Som Llavors","isPartOf":{"@id":"https:\/\/somllavors.com\/es#website"},"primaryImageOfPage":{"@id":"https:\/\/somllavors.com\/es\/producte\/sac-de-dormir-0-6-mesos-willow-blue-nobodinoz#primaryimage"},"image":{"@id":"https:\/\/somllavors.com\/es\/producte\/sac-de-dormir-0-6-mesos-willow-blue-nobodinoz#primaryimage"},"thumbnailUrl":"https:\/\/somllavors.com\/wp-content\/uploads\/2023\/09\/Som-Llavors-cocoon-mid-season-sleeping-bag-small-willow-soft-blue-nobodinoz-1-8435574919427-1.webp","datePublished":"2023-09-14T20:11:54+00:00","dateModified":"2024-10-09T12:44:11+00:00","description":"Sac de dormir amb niu d'abella de cot\u00f3 org\u00e0nic. Garanteix un somni c\u00e0lid i acollidor per al teu nad\u00f3.","breadcrumb":{"@id":"https:\/\/somllavors.com\/es\/producte\/sac-de-dormir-0-6-mesos-willow-blue-nobodinoz#breadcrumb"},"inLanguage":"es","potentialAction":[{"@type":"ReadAction","target":["https:\/\/somllavors.com\/es\/producte\/sac-de-dormir-0-6-mesos-willow-blue-nobodinoz"]}]},{"@type":"ImageObject","inLanguage":"es","@id":"https:\/\/somllavors.com\/es\/producte\/sac-de-dormir-0-6-mesos-willow-blue-nobodinoz#primaryimage","url":"https:\/\/somllavors.com\/wp-content\/uploads\/2023\/09\/Som-Llavors-cocoon-mid-season-sleeping-bag-small-willow-soft-blue-nobodinoz-1-8435574919427-1.webp","contentUrl":"https:\/\/somllavors.com\/wp-content\/uploads\/2023\/09\/Som-Llavors-cocoon-mid-season-sleeping-bag-small-willow-soft-blue-nobodinoz-1-8435574919427-1.webp","width":1585,"height":2000,"caption":"saco de dormir nobodinoz"},{"@type":"BreadcrumbList","@id":"https:\/\/somllavors.com\/es\/producte\/sac-de-dormir-0-6-mesos-willow-blue-nobodinoz#breadcrumb","itemListElement":[{"@type":"ListItem","position":1,"name":"Inici","item":"https:\/\/somllavors.com\/es"},{"@type":"ListItem","position":2,"name":"Tienda","item":"https:\/\/somllavors.com\/es\/botiga-2"},{"@type":"ListItem","position":3,"name":"Sac de dormir 0-6 mesos Willow blue &#8211; Nobodinoz"}]},{"@type":"WebSite","@id":"https:\/\/somllavors.com\/es#website","url":"https:\/\/somllavors.com\/es","name":"Som Llavors","description":"Botiga de crian\u00e7a natural","publisher":{"@id":"https:\/\/somllavors.com\/es#organization"},"alternateName":"Crian\u00e7a Natural i Sostenible","potentialAction":[{"@type":"SearchAction","target":{"@type":"EntryPoint","urlTemplate":"https:\/\/somllavors.com\/es?s={search_term_string}"},"query-input":{"@type":"PropertyValueSpecification","valueRequired":true,"valueName":"search_term_string"}}],"inLanguage":"es"},{"@type":["Organization","Place","Store"],"@id":"https:\/\/somllavors.com\/es#organization","name":"Som Llavors","alternateName":"Crian\u00e7a Natural i Sostenible","url":"https:\/\/somllavors.com\/es","logo":{"@id":"https:\/\/somllavors.com\/es\/producte\/sac-de-dormir-0-6-mesos-willow-blue-nobodinoz#local-main-organization-logo"},"image":{"@id":"https:\/\/somllavors.com\/es\/producte\/sac-de-dormir-0-6-mesos-willow-blue-nobodinoz#local-main-organization-logo"},"sameAs":["https:\/\/www.facebook.com\/somllavorsvng\/?locale=ca_ES","https:\/\/www.instagram.com\/somllavors_vng\/","https:\/\/www.youtube.com\/@somllavors"],"address":{"@id":"https:\/\/somllavors.com\/es\/producte\/sac-de-dormir-0-6-mesos-willow-blue-nobodinoz#local-main-place-address"},"geo":{"@type":"GeoCoordinates","latitude":"41.2257737","longitude":"1.723258859"},"telephone":["623152704","623152704"],"openingHoursSpecification":[{"@type":"OpeningHoursSpecification","dayOfWeek":["Monday","Sunday"],"opens":"00:00","closes":"00:00"},{"@type":"OpeningHoursSpecification","dayOfWeek":["Tuesday","Wednesday","Thursday","Friday"],"opens":"10:00","closes":"20:00"},{"@type":"OpeningHoursSpecification","dayOfWeek":["Saturday"],"opens":"10:00","closes":"13:30"}],"email":"info@somllavors.com"},{"@type":"PostalAddress","@id":"https:\/\/somllavors.com\/es\/producte\/sac-de-dormir-0-6-mesos-willow-blue-nobodinoz#local-main-place-address","streetAddress":"Carrer de l'aigua, 6","addressLocality":"Vilanova i la Geltr\u00fa","postalCode":"08800","addressRegion":"Barcelona","addressCountry":"ES"},{"@type":"ImageObject","inLanguage":"es","@id":"https:\/\/somllavors.com\/es\/producte\/sac-de-dormir-0-6-mesos-willow-blue-nobodinoz#local-main-organization-logo","url":"https:\/\/somllavors.com\/wp-content\/uploads\/Logotip-Som-Llavors.jpg","contentUrl":"https:\/\/somllavors.com\/wp-content\/uploads\/Logotip-Som-Llavors.jpg","width":1444,"height":1323,"caption":"Som Llavors"}]},"product_price_amount":"59.95","product_price_currency":"EUR","og_availability":"out of stock","product_availability":"out of stock","product_retailer_item_id":"8435574919427","product_condition":"new","geo.placename":"Vilanova i la Geltr\u00fa","geo.position":{"lat":"41.2257737","long":"1.723258859"},"geo.region":"Espa\u00f1a"},"brands":[{"id":4106,"name":"Nobodinoz","slug":"nobodinoz"}],"_links":{"self":[{"href":"https:\/\/somllavors.com\/es\/wp-json\/wp\/v2\/product\/45180","targetHints":{"allow":["GET"]}}],"collection":[{"href":"https:\/\/somllavors.com\/es\/wp-json\/wp\/v2\/product"}],"about":[{"href":"https:\/\/somllavors.com\/es\/wp-json\/wp\/v2\/types\/product"}],"wp:featuredmedia":[{"embeddable":true,"href":"https:\/\/somllavors.com\/es\/wp-json\/wp\/v2\/media\/45181"}],"wp:attachment":[{"href":"https:\/\/somllavors.com\/es\/wp-json\/wp\/v2\/media?parent=45180"}],"wp:term":[{"taxonomy":"pwb-brand","embeddable":true,"href":"https:\/\/somllavors.com\/es\/wp-json\/wp\/v2\/pwb-brand?post=45180"},{"taxonomy":"product_brand","embeddable":true,"href":"https:\/\/somllavors.com\/es\/wp-json\/wp\/v2\/product_brand?post=45180"},{"taxonomy":"product_cat","embeddable":true,"href":"https:\/\/somllavors.com\/es\/wp-json\/wp\/v2\/product_cat?post=45180"},{"taxonomy":"product_tag","embeddable":true,"href":"https:\/\/somllavors.com\/es\/wp-json\/wp\/v2\/product_tag?post=45180"}],"curies":[{"name":"wp","href":"https:\/\/api.w.org\/{rel}","templated":true}]}}