{"id":45303,"date":"2023-09-19T12:40:37","date_gmt":"2023-09-19T10:40:37","guid":{"rendered":"https:\/\/somllavors.com\/?post_type=product&#038;p=45303"},"modified":"2026-03-02T18:35:19","modified_gmt":"2026-03-02T17:35:19","slug":"escolta-nadons-simply-zen-beaba","status":"publish","type":"product","link":"https:\/\/somllavors.com\/es\/producte\/escolta-nadons-simply-zen-beaba","title":{"rendered":"Escolta nadons Simply Zen &#8211; B\u00e9aba"},"content":{"rendered":"<ul>\n<li>Funci\u00f3 walkie-talkie: permet parlar amb el nad\u00f3 a dist\u00e0ncia per tranquil\u00b7litzar-lo, gr\u00e0cies a un so clar i fiable sense interfer\u00e8ncies.<\/li>\n<li>Funci\u00f3 VOX\/tecnologia d&#8217;ona 0: en mode nocturn el vigilabeb\u00e8s no emet cap ona (VOX s&#8217;activa amb la veu del nad\u00f3) per la qual cosa entra en espera quan no hi ha soroll i s&#8217;activa amb el soroll).<\/li>\n<li>Connexi\u00f3 segura: sistema digital FHSS per garantir l&#8217;abs\u00e8ncia total d&#8217;interfer\u00e8ncies i la confidencialitat absoluta.<\/li>\n<li>Llarg abast: 300 m exteriors\/50 m interiors.<\/li>\n<li>Llum nocturna: funci\u00f3 de llum nocturna amb comandament a dist\u00e0ncia: una llum suau i relaxant.<\/li>\n<li>Vinculaci\u00f3 m\u00faltiple: es poden vincular fins a 2 unitats parentals amb una unitat infantil<\/li>\n<li>Durada de la bateria: 15 hores de durada de la bateria de la unitat principal.<\/li>\n<li>Manteniment: neteja amb un drap o drap humit nom\u00e9s. No utilitzar dissolvents, netejadors qu\u00edmics, esprais ni detergent.<\/li>\n<\/ul>\n","protected":false},"excerpt":{"rendered":"<p>Vigilabeb\u00e8s B\u00e9aba Simply Zen sense emissi\u00f3 d&#8217;ones a la nit, de llarg abast i funci\u00f3 de llum nocturna. Molt simple, efica\u00e7 i segur.<\/p>\n","protected":false},"featured_media":45420,"template":"","meta":{"_acf_changed":false,"site-sidebar-layout":"default","site-content-layout":"default","ast-site-content-layout":"default","site-content-style":"default","site-sidebar-style":"default","ast-global-header-display":"","ast-banner-title-visibility":"","ast-main-header-display":"","ast-hfb-above-header-display":"","ast-hfb-below-header-display":"","ast-hfb-mobile-header-display":"","site-post-title":"","ast-breadcrumbs-content":"","ast-featured-img":"","footer-sml-layout":"","theme-transparent-header-meta":"default","adv-header-id-meta":"","stick-header-meta":"","header-above-stick-meta":"","header-main-stick-meta":"","header-below-stick-meta":"","astra-migrate-meta-layouts":"default","ast-page-background-enabled":"default","ast-page-background-meta":{"desktop":{"background-color":"","background-image":"","background-repeat":"repeat","background-position":"center center","background-size":"auto","background-attachment":"scroll","background-type":"","background-media":"","overlay-type":"","overlay-color":"","overlay-opacity":"","overlay-gradient":""},"tablet":{"background-color":"","background-image":"","background-repeat":"repeat","background-position":"center center","background-size":"auto","background-attachment":"scroll","background-type":"","background-media":"","overlay-type":"","overlay-color":"","overlay-opacity":"","overlay-gradient":""},"mobile":{"background-color":"","background-image":"","background-repeat":"repeat","background-position":"center center","background-size":"auto","background-attachment":"scroll","background-type":"","background-media":"","overlay-type":"","overlay-color":"","overlay-opacity":"","overlay-gradient":""}},"ast-content-background-meta":{"desktop":{"background-color":"var(--ast-global-color-5)","background-image":"","background-repeat":"repeat","background-position":"center center","background-size":"auto","background-attachment":"scroll","background-type":"","background-media":"","overlay-type":"","overlay-color":"","overlay-opacity":"","overlay-gradient":""},"tablet":{"background-color":"var(--ast-global-color-5)","background-image":"","background-repeat":"repeat","background-position":"center center","background-size":"auto","background-attachment":"scroll","background-type":"","background-media":"","overlay-type":"","overlay-color":"","overlay-opacity":"","overlay-gradient":""},"mobile":{"background-color":"var(--ast-global-color-5)","background-image":"","background-repeat":"repeat","background-position":"center center","background-size":"auto","background-attachment":"scroll","background-type":"","background-media":"","overlay-type":"","overlay-color":"","overlay-opacity":"","overlay-gradient":""}}},"pwb-brand":[4285],"product_brand":[],"product_cat":[4284],"product_tag":[4283],"class_list":{"0":"post-45303","1":"product","2":"type-product","3":"status-publish","4":"has-post-thumbnail","6":"pwb-brand-beaba","7":"product_cat-escolta-nadons","8":"product_tag-beaba","9":"desktop-align-left","10":"tablet-align-left","11":"mobile-align-left","13":"first","14":"instock","15":"taxable","16":"shipping-taxable","17":"purchasable","18":"product-type-simple"},"acf":[],"yoast_head":"<!-- This site is optimized with the Yoast SEO Premium plugin v18.3 (Yoast SEO v26.2) - https:\/\/yoast.com\/wordpress\/plugins\/seo\/ -->\n<title>Escolta nadons Simply Zen - B\u00e9aba &#8212; Som Llavors<\/title>\n<meta name=\"description\" content=\"Vigilabeb\u00e8s B\u00e9aba Simply Zen sense emissi\u00f3 d&#039;ones a la nit, de llarg abast i funci\u00f3 de llum nocturna. Molt simple, efica\u00e7 i segur.\" \/>\n<meta name=\"robots\" content=\"index, follow, max-snippet:-1, max-image-preview:large, max-video-preview:-1\" \/>\n<link rel=\"canonical\" href=\"https:\/\/somllavors.com\/es\/producte\/escolta-nadons-simply-zen-beaba\" \/>\n<meta property=\"og:locale\" content=\"es_ES\" \/>\n<meta property=\"og:type\" content=\"article\" \/>\n<meta property=\"og:title\" content=\"Escolta nadons Simply Zen - B\u00e9aba\" \/>\n<meta property=\"og:description\" content=\"La teva botiga d\u2019ecocrian\u00e7a i espai d\u2019acompanyament a la maternitat\" \/>\n<meta property=\"og:url\" content=\"https:\/\/somllavors.com\/es\/producte\/escolta-nadons-simply-zen-beaba\" \/>\n<meta property=\"og:site_name\" content=\"Som Llavors\" \/>\n<meta property=\"article:publisher\" content=\"https:\/\/www.facebook.com\/somllavorsvng\/?locale=ca_ES\" \/>\n<meta property=\"article:modified_time\" content=\"2026-03-02T17:35:19+00:00\" \/>\n<meta property=\"og:image\" content=\"https:\/\/somllavors.com\/wp-content\/uploads\/2023\/09\/Som-Llavors-VIGILABEBES-SIMPLY-ZEN-930325.jpg\" \/>\n\t<meta property=\"og:image:width\" content=\"662\" \/>\n\t<meta property=\"og:image:height\" content=\"800\" \/>\n\t<meta property=\"og:image:type\" content=\"image\/jpeg\" \/>\n<meta name=\"twitter:card\" content=\"summary_large_image\" \/>\n<meta name=\"twitter:label1\" content=\"Precio\" \/>\n\t<meta name=\"twitter:data1\" content=\"67,00&euro; Iva incl\u00f2s\" \/>\n\t<meta name=\"twitter:label2\" content=\"Availability\" \/>\n\t<meta name=\"twitter:data2\" content=\"Hay existencias\" \/>\n<script type=\"application\/ld+json\" class=\"yoast-schema-graph\">{\"@context\":\"https:\/\/schema.org\",\"@graph\":[{\"@type\":\"WebPage\",\"@id\":\"https:\/\/somllavors.com\/es\/producte\/escolta-nadons-simply-zen-beaba\",\"url\":\"https:\/\/somllavors.com\/es\/producte\/escolta-nadons-simply-zen-beaba\",\"name\":\"Escolta nadons Simply Zen - B\u00e9aba &#8212; Som Llavors\",\"isPartOf\":{\"@id\":\"https:\/\/somllavors.com\/es#website\"},\"primaryImageOfPage\":{\"@id\":\"https:\/\/somllavors.com\/es\/producte\/escolta-nadons-simply-zen-beaba#primaryimage\"},\"image\":{\"@id\":\"https:\/\/somllavors.com\/es\/producte\/escolta-nadons-simply-zen-beaba#primaryimage\"},\"thumbnailUrl\":\"https:\/\/somllavors.com\/wp-content\/uploads\/2023\/09\/Som-Llavors-VIGILABEBES-SIMPLY-ZEN-930325.jpg\",\"datePublished\":\"2023-09-19T10:40:37+00:00\",\"dateModified\":\"2026-03-02T17:35:19+00:00\",\"description\":\"Vigilabeb\u00e8s B\u00e9aba Simply Zen sense emissi\u00f3 d'ones a la nit, de llarg abast i funci\u00f3 de llum nocturna. Molt simple, efica\u00e7 i segur.\",\"breadcrumb\":{\"@id\":\"https:\/\/somllavors.com\/es\/producte\/escolta-nadons-simply-zen-beaba#breadcrumb\"},\"inLanguage\":\"es\",\"potentialAction\":[{\"@type\":\"ReadAction\",\"target\":[\"https:\/\/somllavors.com\/es\/producte\/escolta-nadons-simply-zen-beaba\"]}]},{\"@type\":\"ImageObject\",\"inLanguage\":\"es\",\"@id\":\"https:\/\/somllavors.com\/es\/producte\/escolta-nadons-simply-zen-beaba#primaryimage\",\"url\":\"https:\/\/somllavors.com\/wp-content\/uploads\/2023\/09\/Som-Llavors-VIGILABEBES-SIMPLY-ZEN-930325.jpg\",\"contentUrl\":\"https:\/\/somllavors.com\/wp-content\/uploads\/2023\/09\/Som-Llavors-VIGILABEBES-SIMPLY-ZEN-930325.jpg\",\"width\":662,\"height\":800,\"caption\":\"vigilabebes audio\"},{\"@type\":\"BreadcrumbList\",\"@id\":\"https:\/\/somllavors.com\/es\/producte\/escolta-nadons-simply-zen-beaba#breadcrumb\",\"itemListElement\":[{\"@type\":\"ListItem\",\"position\":1,\"name\":\"Inici\",\"item\":\"https:\/\/somllavors.com\/es\"},{\"@type\":\"ListItem\",\"position\":2,\"name\":\"Tienda\",\"item\":\"https:\/\/somllavors.com\/es\/botiga-2\"},{\"@type\":\"ListItem\",\"position\":3,\"name\":\"Escolta nadons Simply Zen &#8211; B\u00e9aba\"}]},{\"@type\":\"WebSite\",\"@id\":\"https:\/\/somllavors.com\/es#website\",\"url\":\"https:\/\/somllavors.com\/es\",\"name\":\"Som Llavors\",\"description\":\"Botiga de crian\u00e7a natural\",\"publisher\":{\"@id\":\"https:\/\/somllavors.com\/es#organization\"},\"alternateName\":\"Crian\u00e7a Natural i Sostenible\",\"potentialAction\":[{\"@type\":\"SearchAction\",\"target\":{\"@type\":\"EntryPoint\",\"urlTemplate\":\"https:\/\/somllavors.com\/es?s={search_term_string}\"},\"query-input\":{\"@type\":\"PropertyValueSpecification\",\"valueRequired\":true,\"valueName\":\"search_term_string\"}}],\"inLanguage\":\"es\"},{\"@type\":[\"Organization\",\"Place\",\"Store\"],\"@id\":\"https:\/\/somllavors.com\/es#organization\",\"name\":\"Som Llavors\",\"alternateName\":\"Crian\u00e7a Natural i Sostenible\",\"url\":\"https:\/\/somllavors.com\/es\",\"logo\":{\"@id\":\"https:\/\/somllavors.com\/es\/producte\/escolta-nadons-simply-zen-beaba#local-main-organization-logo\"},\"image\":{\"@id\":\"https:\/\/somllavors.com\/es\/producte\/escolta-nadons-simply-zen-beaba#local-main-organization-logo\"},\"sameAs\":[\"https:\/\/www.facebook.com\/somllavorsvng\/?locale=ca_ES\",\"https:\/\/www.instagram.com\/somllavors_vng\/\",\"https:\/\/www.youtube.com\/@somllavors\"],\"address\":{\"@id\":\"https:\/\/somllavors.com\/es\/producte\/escolta-nadons-simply-zen-beaba#local-main-place-address\"},\"geo\":{\"@type\":\"GeoCoordinates\",\"latitude\":\"41.2257737\",\"longitude\":\"1.723258859\"},\"telephone\":[\"623152704\"],\"openingHoursSpecification\":[{\"@type\":\"OpeningHoursSpecification\",\"dayOfWeek\":[\"Monday\",\"Sunday\"],\"opens\":\"00:00\",\"closes\":\"00:00\"},{\"@type\":\"OpeningHoursSpecification\",\"dayOfWeek\":[\"Tuesday\",\"Wednesday\",\"Thursday\",\"Friday\"],\"opens\":\"10:00\",\"closes\":\"20:00\"},{\"@type\":\"OpeningHoursSpecification\",\"dayOfWeek\":[\"Saturday\"],\"opens\":\"10:00\",\"closes\":\"13:30\"}],\"email\":\"info@somllavors.com\"},{\"@type\":\"PostalAddress\",\"@id\":\"https:\/\/somllavors.com\/es\/producte\/escolta-nadons-simply-zen-beaba#local-main-place-address\",\"streetAddress\":\"Carrer de l'aigua, 6\",\"addressLocality\":\"Vilanova i la Geltr\u00fa\",\"postalCode\":\"08800\",\"addressRegion\":\"Barcelona\",\"addressCountry\":\"ES\"},{\"@type\":\"ImageObject\",\"inLanguage\":\"es\",\"@id\":\"https:\/\/somllavors.com\/es\/producte\/escolta-nadons-simply-zen-beaba#local-main-organization-logo\",\"url\":\"https:\/\/somllavors.com\/wp-content\/uploads\/Logotip-Som-Llavors.jpg\",\"contentUrl\":\"https:\/\/somllavors.com\/wp-content\/uploads\/Logotip-Som-Llavors.jpg\",\"width\":1444,\"height\":1323,\"caption\":\"Som Llavors\"}]}<\/script>\n<meta property=\"product:price:amount\" content=\"67.00\" \/>\n<meta property=\"product:price:currency\" content=\"EUR\" \/>\n<meta property=\"og:availability\" content=\"instock\" \/>\n<meta property=\"product:availability\" content=\"instock\" \/>\n<meta property=\"product:retailer_item_id\" content=\"930325\" \/>\n<meta property=\"product:condition\" content=\"new\" \/>\n<meta name=\"geo.placename\" content=\"Vilanova i la Geltr\u00fa\" \/>\n<meta name=\"geo.position\" content=\"41.2257737;1.723258859\" \/>\n<meta name=\"geo.region\" content=\"Espa\u00f1a\" \/>\n<!-- \/ Yoast SEO Premium plugin. -->","yoast_head_json":{"title":"Escolta nadons Simply Zen - B\u00e9aba &#8212; Som Llavors","description":"Vigilabeb\u00e8s B\u00e9aba Simply Zen sense emissi\u00f3 d'ones a la nit, de llarg abast i funci\u00f3 de llum nocturna. Molt simple, efica\u00e7 i segur.","robots":{"index":"index","follow":"follow","max-snippet":"max-snippet:-1","max-image-preview":"max-image-preview:large","max-video-preview":"max-video-preview:-1"},"canonical":"https:\/\/somllavors.com\/es\/producte\/escolta-nadons-simply-zen-beaba","og_locale":"es_ES","og_type":"article","og_title":"Escolta nadons Simply Zen - B\u00e9aba","og_description":"La teva botiga d\u2019ecocrian\u00e7a i espai d\u2019acompanyament a la maternitat","og_url":"https:\/\/somllavors.com\/es\/producte\/escolta-nadons-simply-zen-beaba","og_site_name":"Som Llavors","article_publisher":"https:\/\/www.facebook.com\/somllavorsvng\/?locale=ca_ES","article_modified_time":"2026-03-02T17:35:19+00:00","og_image":[{"width":662,"height":800,"url":"https:\/\/somllavors.com\/wp-content\/uploads\/2023\/09\/Som-Llavors-VIGILABEBES-SIMPLY-ZEN-930325.jpg","type":"image\/jpeg"}],"twitter_card":"summary_large_image","twitter_misc":{"Precio":"67,00&euro; Iva incl\u00f2s","Availability":"Hay existencias"},"schema":{"@context":"https:\/\/schema.org","@graph":[{"@type":"WebPage","@id":"https:\/\/somllavors.com\/es\/producte\/escolta-nadons-simply-zen-beaba","url":"https:\/\/somllavors.com\/es\/producte\/escolta-nadons-simply-zen-beaba","name":"Escolta nadons Simply Zen - B\u00e9aba &#8212; Som Llavors","isPartOf":{"@id":"https:\/\/somllavors.com\/es#website"},"primaryImageOfPage":{"@id":"https:\/\/somllavors.com\/es\/producte\/escolta-nadons-simply-zen-beaba#primaryimage"},"image":{"@id":"https:\/\/somllavors.com\/es\/producte\/escolta-nadons-simply-zen-beaba#primaryimage"},"thumbnailUrl":"https:\/\/somllavors.com\/wp-content\/uploads\/2023\/09\/Som-Llavors-VIGILABEBES-SIMPLY-ZEN-930325.jpg","datePublished":"2023-09-19T10:40:37+00:00","dateModified":"2026-03-02T17:35:19+00:00","description":"Vigilabeb\u00e8s B\u00e9aba Simply Zen sense emissi\u00f3 d'ones a la nit, de llarg abast i funci\u00f3 de llum nocturna. Molt simple, efica\u00e7 i segur.","breadcrumb":{"@id":"https:\/\/somllavors.com\/es\/producte\/escolta-nadons-simply-zen-beaba#breadcrumb"},"inLanguage":"es","potentialAction":[{"@type":"ReadAction","target":["https:\/\/somllavors.com\/es\/producte\/escolta-nadons-simply-zen-beaba"]}]},{"@type":"ImageObject","inLanguage":"es","@id":"https:\/\/somllavors.com\/es\/producte\/escolta-nadons-simply-zen-beaba#primaryimage","url":"https:\/\/somllavors.com\/wp-content\/uploads\/2023\/09\/Som-Llavors-VIGILABEBES-SIMPLY-ZEN-930325.jpg","contentUrl":"https:\/\/somllavors.com\/wp-content\/uploads\/2023\/09\/Som-Llavors-VIGILABEBES-SIMPLY-ZEN-930325.jpg","width":662,"height":800,"caption":"vigilabebes audio"},{"@type":"BreadcrumbList","@id":"https:\/\/somllavors.com\/es\/producte\/escolta-nadons-simply-zen-beaba#breadcrumb","itemListElement":[{"@type":"ListItem","position":1,"name":"Inici","item":"https:\/\/somllavors.com\/es"},{"@type":"ListItem","position":2,"name":"Tienda","item":"https:\/\/somllavors.com\/es\/botiga-2"},{"@type":"ListItem","position":3,"name":"Escolta nadons Simply Zen &#8211; B\u00e9aba"}]},{"@type":"WebSite","@id":"https:\/\/somllavors.com\/es#website","url":"https:\/\/somllavors.com\/es","name":"Som Llavors","description":"Botiga de crian\u00e7a natural","publisher":{"@id":"https:\/\/somllavors.com\/es#organization"},"alternateName":"Crian\u00e7a Natural i Sostenible","potentialAction":[{"@type":"SearchAction","target":{"@type":"EntryPoint","urlTemplate":"https:\/\/somllavors.com\/es?s={search_term_string}"},"query-input":{"@type":"PropertyValueSpecification","valueRequired":true,"valueName":"search_term_string"}}],"inLanguage":"es"},{"@type":["Organization","Place","Store"],"@id":"https:\/\/somllavors.com\/es#organization","name":"Som Llavors","alternateName":"Crian\u00e7a Natural i Sostenible","url":"https:\/\/somllavors.com\/es","logo":{"@id":"https:\/\/somllavors.com\/es\/producte\/escolta-nadons-simply-zen-beaba#local-main-organization-logo"},"image":{"@id":"https:\/\/somllavors.com\/es\/producte\/escolta-nadons-simply-zen-beaba#local-main-organization-logo"},"sameAs":["https:\/\/www.facebook.com\/somllavorsvng\/?locale=ca_ES","https:\/\/www.instagram.com\/somllavors_vng\/","https:\/\/www.youtube.com\/@somllavors"],"address":{"@id":"https:\/\/somllavors.com\/es\/producte\/escolta-nadons-simply-zen-beaba#local-main-place-address"},"geo":{"@type":"GeoCoordinates","latitude":"41.2257737","longitude":"1.723258859"},"telephone":["623152704","623152704"],"openingHoursSpecification":[{"@type":"OpeningHoursSpecification","dayOfWeek":["Monday","Sunday"],"opens":"00:00","closes":"00:00"},{"@type":"OpeningHoursSpecification","dayOfWeek":["Tuesday","Wednesday","Thursday","Friday"],"opens":"10:00","closes":"20:00"},{"@type":"OpeningHoursSpecification","dayOfWeek":["Saturday"],"opens":"10:00","closes":"13:30"}],"email":"info@somllavors.com"},{"@type":"PostalAddress","@id":"https:\/\/somllavors.com\/es\/producte\/escolta-nadons-simply-zen-beaba#local-main-place-address","streetAddress":"Carrer de l'aigua, 6","addressLocality":"Vilanova i la Geltr\u00fa","postalCode":"08800","addressRegion":"Barcelona","addressCountry":"ES"},{"@type":"ImageObject","inLanguage":"es","@id":"https:\/\/somllavors.com\/es\/producte\/escolta-nadons-simply-zen-beaba#local-main-organization-logo","url":"https:\/\/somllavors.com\/wp-content\/uploads\/Logotip-Som-Llavors.jpg","contentUrl":"https:\/\/somllavors.com\/wp-content\/uploads\/Logotip-Som-Llavors.jpg","width":1444,"height":1323,"caption":"Som Llavors"}]},"product_price_amount":"67.00","product_price_currency":"EUR","og_availability":"instock","product_availability":"instock","product_retailer_item_id":"930325","product_condition":"new","geo.placename":"Vilanova i la Geltr\u00fa","geo.position":{"lat":"41.2257737","long":"1.723258859"},"geo.region":"Espa\u00f1a"},"brands":[{"id":4285,"name":"B\u00e9aba","slug":"beaba"}],"_links":{"self":[{"href":"https:\/\/somllavors.com\/es\/wp-json\/wp\/v2\/product\/45303","targetHints":{"allow":["GET"]}}],"collection":[{"href":"https:\/\/somllavors.com\/es\/wp-json\/wp\/v2\/product"}],"about":[{"href":"https:\/\/somllavors.com\/es\/wp-json\/wp\/v2\/types\/product"}],"wp:featuredmedia":[{"embeddable":true,"href":"https:\/\/somllavors.com\/es\/wp-json\/wp\/v2\/media\/45420"}],"wp:attachment":[{"href":"https:\/\/somllavors.com\/es\/wp-json\/wp\/v2\/media?parent=45303"}],"wp:term":[{"taxonomy":"pwb-brand","embeddable":true,"href":"https:\/\/somllavors.com\/es\/wp-json\/wp\/v2\/pwb-brand?post=45303"},{"taxonomy":"product_brand","embeddable":true,"href":"https:\/\/somllavors.com\/es\/wp-json\/wp\/v2\/product_brand?post=45303"},{"taxonomy":"product_cat","embeddable":true,"href":"https:\/\/somllavors.com\/es\/wp-json\/wp\/v2\/product_cat?post=45303"},{"taxonomy":"product_tag","embeddable":true,"href":"https:\/\/somllavors.com\/es\/wp-json\/wp\/v2\/product_tag?post=45303"}],"curies":[{"name":"wp","href":"https:\/\/api.w.org\/{rel}","templated":true}]}}