{"id":45786,"date":"2023-09-22T17:11:11","date_gmt":"2023-09-22T15:11:11","guid":{"rendered":"https:\/\/somllavors.com\/?post_type=product&#038;p=45786"},"modified":"2023-10-12T22:10:17","modified_gmt":"2023-10-12T20:10:17","slug":"bolso-space-black-joolz","status":"publish","type":"product","link":"https:\/\/somllavors.com\/es\/producte\/bolso-space-black-joolz","title":{"rendered":"Bolso &#8211; Joolz"},"content":{"rendered":"<ul>\n<li>Gr\u00e0cies a les butxaques i compartiments de diferents mides, podr\u00e0s mantenir les teves ampolles, bolquers, snacks i tovalloletes al teu abast vagis on vagis.<\/li>\n<li>Fins i tot t\u00e9 un c\u00f2mode canviador per a aquelles vegades que cal canviar un bolquer.<\/li>\n<li>Combina la teva bossa amb el cotxet Joolz perqu\u00e8 les teves passejades siguin perfectes.<\/li>\n<li>I aix\u00f2 no \u00e9s tot. La tela exterior est\u00e0 confeccionada amb ampolles de pl\u00e0stic reciclades.<\/li>\n<li>Disseny elegant, minimalista i modern: Combina&#8217;l amb el teu cotxet Joolz i enganxa f\u00e0cilment la bossa al manillar.<\/li>\n<li>Molt espai: Compartiment principal de 20l i 2 butxaques exteriors per ampolles.<\/li>\n<li>Forro repelent a l&#8217;aigua i a la brut\u00edcia.<\/li>\n<li>Inclou canviador de viatge<\/li>\n<li>Embalatge reutilitzable: El reciclatge \u00e9s millor per al medi ambient i, qui sap, l&#8217;infant tamb\u00e9 podria aprendre alguna cosa. Caixes de cartr\u00f3 grans i petites, desempaqueta-les primer i despr\u00e9s converteix-les en un cargol. Aix\u00ed que no llencis l&#8217;embalatge.<\/li>\n<\/ul>\n<p><span class=\"jlz-chip\">Compatible amb:<\/span><\/p>\n<ul>\n<li><span class=\"jlz-chip\" style=\"font-size: 16px;\">Joolz Day<\/span><span class=\"jlz-chip\" style=\"font-size: 16px;\">\u00a0<\/span><\/li>\n<li><span class=\"jlz-chip\" style=\"font-size: 16px;\">Joolz Day+<\/span><span class=\"jlz-chip\" style=\"font-size: 16px;\">\u00a0<\/span><\/li>\n<li><span class=\"jlz-chip\" style=\"font-size: 16px;\">Joolz Day2<\/span><span class=\"jlz-chip\" style=\"font-size: 16px;\">\u00a0<\/span><\/li>\n<li><span class=\"jlz-chip\" style=\"font-size: 16px;\">Joolz Day3<\/span><span class=\"jlz-chip\" style=\"font-size: 16px;\">\u00a0<\/span><\/li>\n<li><span class=\"jlz-chip\" style=\"font-size: 16px;\">Joolz Geo<\/span><span class=\"jlz-chip\" style=\"font-size: 16px;\">\u00a0<\/span><\/li>\n<li><span class=\"jlz-chip\" style=\"font-size: 16px;\">Joolz Geo2<\/span><span class=\"jlz-chip\" style=\"font-size: 16px;\">\u00a0<\/span><\/li>\n<li><span class=\"jlz-chip\" style=\"font-size: 16px;\">Joolz Geo3<\/span><span class=\"jlz-chip\" style=\"font-size: 16px;\">\u00a0<\/span><\/li>\n<li><span class=\"jlz-chip\" style=\"font-size: 16px;\">Joolz Hub<\/span><span class=\"jlz-chip\" style=\"font-size: 16px;\">\u00a0<\/span><\/li>\n<li><span class=\"jlz-chip\" style=\"font-size: 16px;\">Joolz Hub+<\/span><\/li>\n<\/ul>\n","protected":false},"excerpt":{"rendered":"<p>Busques una bossa amb un disseny impecable, multifuncional i que pugui portar tots els articles b\u00e0sics del teu nad\u00f3 alhora? La nostra bossa Joolz \u00e9s l&#8217;accessori perfecte per a tot aquest emmagatzematge extra que necessites. Inclou canviador port\u00e0til.<\/p>\n","protected":false},"featured_media":47136,"template":"","meta":{"_acf_changed":false,"site-sidebar-layout":"default","site-content-layout":"default","ast-site-content-layout":"default","site-content-style":"default","site-sidebar-style":"default","ast-global-header-display":"","ast-banner-title-visibility":"","ast-main-header-display":"","ast-hfb-above-header-display":"","ast-hfb-below-header-display":"","ast-hfb-mobile-header-display":"","site-post-title":"","ast-breadcrumbs-content":"","ast-featured-img":"","footer-sml-layout":"","ast-disable-related-posts":"","theme-transparent-header-meta":"default","adv-header-id-meta":"","stick-header-meta":"","header-above-stick-meta":"","header-main-stick-meta":"","header-below-stick-meta":"","astra-migrate-meta-layouts":"default","ast-page-background-enabled":"default","ast-page-background-meta":{"desktop":{"background-color":"","background-image":"","background-repeat":"repeat","background-position":"center center","background-size":"auto","background-attachment":"scroll","background-type":"","background-media":"","overlay-type":"","overlay-color":"","overlay-opacity":"","overlay-gradient":""},"tablet":{"background-color":"","background-image":"","background-repeat":"repeat","background-position":"center center","background-size":"auto","background-attachment":"scroll","background-type":"","background-media":"","overlay-type":"","overlay-color":"","overlay-opacity":"","overlay-gradient":""},"mobile":{"background-color":"","background-image":"","background-repeat":"repeat","background-position":"center center","background-size":"auto","background-attachment":"scroll","background-type":"","background-media":"","overlay-type":"","overlay-color":"","overlay-opacity":"","overlay-gradient":""}},"ast-content-background-meta":{"desktop":{"background-color":"var(--ast-global-color-5)","background-image":"","background-repeat":"repeat","background-position":"center center","background-size":"auto","background-attachment":"scroll","background-type":"","background-media":"","overlay-type":"","overlay-color":"","overlay-opacity":"","overlay-gradient":""},"tablet":{"background-color":"var(--ast-global-color-5)","background-image":"","background-repeat":"repeat","background-position":"center center","background-size":"auto","background-attachment":"scroll","background-type":"","background-media":"","overlay-type":"","overlay-color":"","overlay-opacity":"","overlay-gradient":""},"mobile":{"background-color":"var(--ast-global-color-5)","background-image":"","background-repeat":"repeat","background-position":"center center","background-size":"auto","background-attachment":"scroll","background-type":"","background-media":"","overlay-type":"","overlay-color":"","overlay-opacity":"","overlay-gradient":""}}},"pwb-brand":[4305],"product_brand":[],"product_cat":[4317,1495],"product_tag":[4358,4300],"class_list":{"0":"post-45786","1":"product","2":"type-product","3":"status-publish","4":"has-post-thumbnail","6":"pwb-brand-joolz-cotxets","7":"product_cat-accessoris-cotxets-cotxets","8":"product_cat-bolsos-de-passeig","9":"product_tag-bolso-cambiador","10":"product_tag-joolz","11":"pa_color-forest-green","12":"pa_color-sandy-taupe","13":"pa_color-space-black","14":"desktop-align-left","15":"tablet-align-left","16":"mobile-align-left","18":"first","19":"instock","20":"taxable","21":"shipping-taxable","22":"purchasable","23":"product-type-variable"},"acf":[],"yoast_head":"<!-- This site is optimized with the Yoast SEO Premium plugin v18.3 (Yoast SEO v27.4) - https:\/\/yoast.com\/product\/yoast-seo-premium-wordpress\/ -->\n<title>Bolso - Joolz &#8212; Som Llavors<\/title>\n<meta name=\"description\" content=\"Busques una bossa amb un disseny impecable, multifuncional i que pugui portar tots els articles b\u00e0sics del teu nad\u00f3 alhora? La nostra bossa Joolz \u00e9s l&#039;accessori perfecte per a tot aquest emmagatzematge extra que necessites. Inclou canviador port\u00e0til.\" \/>\n<meta name=\"robots\" content=\"index, follow, max-snippet:-1, max-image-preview:large, max-video-preview:-1\" \/>\n<link rel=\"canonical\" href=\"https:\/\/somllavors.com\/es\/producte\/bolso-space-black-joolz\" \/>\n<meta property=\"og:locale\" content=\"es_ES\" \/>\n<meta property=\"og:type\" content=\"article\" \/>\n<meta property=\"og:title\" content=\"Bolso - Joolz\" \/>\n<meta property=\"og:description\" content=\"La teva botiga d\u2019ecocrian\u00e7a i espai d\u2019acompanyament a la maternitat\" \/>\n<meta property=\"og:url\" content=\"https:\/\/somllavors.com\/es\/producte\/bolso-space-black-joolz\" \/>\n<meta property=\"og:site_name\" content=\"Som Llavors\" \/>\n<meta property=\"article:publisher\" content=\"https:\/\/www.facebook.com\/somllavorsvng\/?locale=ca_ES\" \/>\n<meta property=\"article:modified_time\" content=\"2023-10-12T20:10:17+00:00\" \/>\n<meta property=\"og:image\" content=\"https:\/\/somllavors.com\/wp-content\/uploads\/2023\/09\/Som-Llavors-560093_joolz_changingbag_sandytaupe_01.png\" \/>\n\t<meta property=\"og:image:width\" content=\"650\" \/>\n\t<meta property=\"og:image:height\" content=\"650\" \/>\n\t<meta property=\"og:image:type\" content=\"image\/png\" \/>\n<meta name=\"twitter:card\" content=\"summary_large_image\" \/>\n<meta name=\"twitter:label1\" content=\"Availability\" \/>\n\t<meta name=\"twitter:data1\" content=\"Hay existencias\" \/>\n<script type=\"application\/ld+json\" class=\"yoast-schema-graph\">{\"@context\":\"https:\\\/\\\/schema.org\",\"@graph\":[{\"@type\":\"WebPage\",\"@id\":\"https:\\\/\\\/somllavors.com\\\/es\\\/producte\\\/bolso-space-black-joolz\",\"url\":\"https:\\\/\\\/somllavors.com\\\/es\\\/producte\\\/bolso-space-black-joolz\",\"name\":\"Bolso - Joolz &#8212; Som Llavors\",\"isPartOf\":{\"@id\":\"https:\\\/\\\/somllavors.com\\\/es#website\"},\"primaryImageOfPage\":{\"@id\":\"https:\\\/\\\/somllavors.com\\\/es\\\/producte\\\/bolso-space-black-joolz#primaryimage\"},\"image\":{\"@id\":\"https:\\\/\\\/somllavors.com\\\/es\\\/producte\\\/bolso-space-black-joolz#primaryimage\"},\"thumbnailUrl\":\"https:\\\/\\\/somllavors.com\\\/wp-content\\\/uploads\\\/2023\\\/09\\\/Som-Llavors-560093_joolz_changingbag_sandytaupe_01.png\",\"datePublished\":\"2023-09-22T15:11:11+00:00\",\"dateModified\":\"2023-10-12T20:10:17+00:00\",\"description\":\"Busques una bossa amb un disseny impecable, multifuncional i que pugui portar tots els articles b\u00e0sics del teu nad\u00f3 alhora? La nostra bossa Joolz \u00e9s l'accessori perfecte per a tot aquest emmagatzematge extra que necessites. Inclou canviador port\u00e0til.\",\"breadcrumb\":{\"@id\":\"https:\\\/\\\/somllavors.com\\\/es\\\/producte\\\/bolso-space-black-joolz#breadcrumb\"},\"inLanguage\":\"es\",\"potentialAction\":[{\"@type\":\"ReadAction\",\"target\":[\"https:\\\/\\\/somllavors.com\\\/es\\\/producte\\\/bolso-space-black-joolz\"]}]},{\"@type\":\"ImageObject\",\"inLanguage\":\"es\",\"@id\":\"https:\\\/\\\/somllavors.com\\\/es\\\/producte\\\/bolso-space-black-joolz#primaryimage\",\"url\":\"https:\\\/\\\/somllavors.com\\\/wp-content\\\/uploads\\\/2023\\\/09\\\/Som-Llavors-560093_joolz_changingbag_sandytaupe_01.png\",\"contentUrl\":\"https:\\\/\\\/somllavors.com\\\/wp-content\\\/uploads\\\/2023\\\/09\\\/Som-Llavors-560093_joolz_changingbag_sandytaupe_01.png\",\"width\":650,\"height\":650,\"caption\":\"bolso cambiador joolz\"},{\"@type\":\"BreadcrumbList\",\"@id\":\"https:\\\/\\\/somllavors.com\\\/es\\\/producte\\\/bolso-space-black-joolz#breadcrumb\",\"itemListElement\":[{\"@type\":\"ListItem\",\"position\":1,\"name\":\"Inici\",\"item\":\"https:\\\/\\\/somllavors.com\\\/es\"},{\"@type\":\"ListItem\",\"position\":2,\"name\":\"Tienda\",\"item\":\"https:\\\/\\\/somllavors.com\\\/es\\\/botiga-2\"},{\"@type\":\"ListItem\",\"position\":3,\"name\":\"Bolso &#8211; Joolz\"}]},{\"@type\":\"WebSite\",\"@id\":\"https:\\\/\\\/somllavors.com\\\/es#website\",\"url\":\"https:\\\/\\\/somllavors.com\\\/es\",\"name\":\"Som Llavors\",\"description\":\"Botiga de crian\u00e7a natural\",\"publisher\":{\"@id\":\"https:\\\/\\\/somllavors.com\\\/es#organization\"},\"alternateName\":\"Crian\u00e7a Natural i Sostenible\",\"potentialAction\":[{\"@type\":\"SearchAction\",\"target\":{\"@type\":\"EntryPoint\",\"urlTemplate\":\"https:\\\/\\\/somllavors.com\\\/es?s={search_term_string}\"},\"query-input\":{\"@type\":\"PropertyValueSpecification\",\"valueRequired\":true,\"valueName\":\"search_term_string\"}}],\"inLanguage\":\"es\"},{\"@type\":[\"Organization\",\"Place\",\"Store\"],\"@id\":\"https:\\\/\\\/somllavors.com\\\/es#organization\",\"name\":\"Som Llavors\",\"alternateName\":\"Crian\u00e7a Natural i Sostenible\",\"url\":\"https:\\\/\\\/somllavors.com\\\/es\",\"logo\":{\"@id\":\"https:\\\/\\\/somllavors.com\\\/es\\\/producte\\\/bolso-space-black-joolz#local-main-organization-logo\"},\"image\":{\"@id\":\"https:\\\/\\\/somllavors.com\\\/es\\\/producte\\\/bolso-space-black-joolz#local-main-organization-logo\"},\"sameAs\":[\"https:\\\/\\\/www.facebook.com\\\/somllavorsvng\\\/?locale=ca_ES\",\"https:\\\/\\\/www.instagram.com\\\/somllavors_vng\\\/\",\"https:\\\/\\\/www.youtube.com\\\/@somllavors\"],\"address\":{\"@id\":\"https:\\\/\\\/somllavors.com\\\/es\\\/producte\\\/bolso-space-black-joolz#local-main-place-address\"},\"geo\":{\"@type\":\"GeoCoordinates\",\"latitude\":\"41.2257737\",\"longitude\":\"1.723258859\"},\"telephone\":[\"623152704\"],\"openingHoursSpecification\":[{\"@type\":\"OpeningHoursSpecification\",\"dayOfWeek\":[\"Monday\",\"Sunday\"],\"opens\":\"00:00\",\"closes\":\"00:00\"},{\"@type\":\"OpeningHoursSpecification\",\"dayOfWeek\":[\"Tuesday\",\"Wednesday\",\"Thursday\",\"Friday\"],\"opens\":\"10:00\",\"closes\":\"20:00\"},{\"@type\":\"OpeningHoursSpecification\",\"dayOfWeek\":[\"Saturday\"],\"opens\":\"10:00\",\"closes\":\"13:30\"}],\"email\":\"info@somllavors.com\"},{\"@type\":\"PostalAddress\",\"@id\":\"https:\\\/\\\/somllavors.com\\\/es\\\/producte\\\/bolso-space-black-joolz#local-main-place-address\",\"streetAddress\":\"Carrer de l'aigua, 6\",\"addressLocality\":\"Vilanova i la Geltr\u00fa\",\"postalCode\":\"08800\",\"addressRegion\":\"Barcelona\",\"addressCountry\":\"ES\"},{\"@type\":\"ImageObject\",\"inLanguage\":\"es\",\"@id\":\"https:\\\/\\\/somllavors.com\\\/es\\\/producte\\\/bolso-space-black-joolz#local-main-organization-logo\",\"url\":\"https:\\\/\\\/somllavors.com\\\/wp-content\\\/uploads\\\/Logotip-Som-Llavors.jpg\",\"contentUrl\":\"https:\\\/\\\/somllavors.com\\\/wp-content\\\/uploads\\\/Logotip-Som-Llavors.jpg\",\"width\":1444,\"height\":1323,\"caption\":\"Som Llavors\"}]}<\/script>\n<meta property=\"og:availability\" content=\"instock\" \/>\n<meta property=\"product:availability\" content=\"instock\" \/>\n<meta property=\"product:condition\" content=\"new\" \/>\n<meta name=\"geo.placename\" content=\"Vilanova i la Geltr\u00fa\" \/>\n<meta name=\"geo.position\" content=\"41.2257737;1.723258859\" \/>\n<meta name=\"geo.region\" content=\"Espa\u00f1a\" \/>\n<!-- \/ Yoast SEO Premium plugin. -->","yoast_head_json":{"title":"Bolso - Joolz &#8212; Som Llavors","description":"Busques una bossa amb un disseny impecable, multifuncional i que pugui portar tots els articles b\u00e0sics del teu nad\u00f3 alhora? La nostra bossa Joolz \u00e9s l'accessori perfecte per a tot aquest emmagatzematge extra que necessites. Inclou canviador port\u00e0til.","robots":{"index":"index","follow":"follow","max-snippet":"max-snippet:-1","max-image-preview":"max-image-preview:large","max-video-preview":"max-video-preview:-1"},"canonical":"https:\/\/somllavors.com\/es\/producte\/bolso-space-black-joolz","og_locale":"es_ES","og_type":"article","og_title":"Bolso - Joolz","og_description":"La teva botiga d\u2019ecocrian\u00e7a i espai d\u2019acompanyament a la maternitat","og_url":"https:\/\/somllavors.com\/es\/producte\/bolso-space-black-joolz","og_site_name":"Som Llavors","article_publisher":"https:\/\/www.facebook.com\/somllavorsvng\/?locale=ca_ES","article_modified_time":"2023-10-12T20:10:17+00:00","og_image":[{"width":650,"height":650,"url":"https:\/\/somllavors.com\/wp-content\/uploads\/2023\/09\/Som-Llavors-560093_joolz_changingbag_sandytaupe_01.png","type":"image\/png"}],"twitter_card":"summary_large_image","twitter_misc":{"Availability":"Hay existencias"},"schema":{"@context":"https:\/\/schema.org","@graph":[{"@type":"WebPage","@id":"https:\/\/somllavors.com\/es\/producte\/bolso-space-black-joolz","url":"https:\/\/somllavors.com\/es\/producte\/bolso-space-black-joolz","name":"Bolso - Joolz &#8212; Som Llavors","isPartOf":{"@id":"https:\/\/somllavors.com\/es#website"},"primaryImageOfPage":{"@id":"https:\/\/somllavors.com\/es\/producte\/bolso-space-black-joolz#primaryimage"},"image":{"@id":"https:\/\/somllavors.com\/es\/producte\/bolso-space-black-joolz#primaryimage"},"thumbnailUrl":"https:\/\/somllavors.com\/wp-content\/uploads\/2023\/09\/Som-Llavors-560093_joolz_changingbag_sandytaupe_01.png","datePublished":"2023-09-22T15:11:11+00:00","dateModified":"2023-10-12T20:10:17+00:00","description":"Busques una bossa amb un disseny impecable, multifuncional i que pugui portar tots els articles b\u00e0sics del teu nad\u00f3 alhora? La nostra bossa Joolz \u00e9s l'accessori perfecte per a tot aquest emmagatzematge extra que necessites. Inclou canviador port\u00e0til.","breadcrumb":{"@id":"https:\/\/somllavors.com\/es\/producte\/bolso-space-black-joolz#breadcrumb"},"inLanguage":"es","potentialAction":[{"@type":"ReadAction","target":["https:\/\/somllavors.com\/es\/producte\/bolso-space-black-joolz"]}]},{"@type":"ImageObject","inLanguage":"es","@id":"https:\/\/somllavors.com\/es\/producte\/bolso-space-black-joolz#primaryimage","url":"https:\/\/somllavors.com\/wp-content\/uploads\/2023\/09\/Som-Llavors-560093_joolz_changingbag_sandytaupe_01.png","contentUrl":"https:\/\/somllavors.com\/wp-content\/uploads\/2023\/09\/Som-Llavors-560093_joolz_changingbag_sandytaupe_01.png","width":650,"height":650,"caption":"bolso cambiador joolz"},{"@type":"BreadcrumbList","@id":"https:\/\/somllavors.com\/es\/producte\/bolso-space-black-joolz#breadcrumb","itemListElement":[{"@type":"ListItem","position":1,"name":"Inici","item":"https:\/\/somllavors.com\/es"},{"@type":"ListItem","position":2,"name":"Tienda","item":"https:\/\/somllavors.com\/es\/botiga-2"},{"@type":"ListItem","position":3,"name":"Bolso &#8211; Joolz"}]},{"@type":"WebSite","@id":"https:\/\/somllavors.com\/es#website","url":"https:\/\/somllavors.com\/es","name":"Som Llavors","description":"Botiga de crian\u00e7a natural","publisher":{"@id":"https:\/\/somllavors.com\/es#organization"},"alternateName":"Crian\u00e7a Natural i Sostenible","potentialAction":[{"@type":"SearchAction","target":{"@type":"EntryPoint","urlTemplate":"https:\/\/somllavors.com\/es?s={search_term_string}"},"query-input":{"@type":"PropertyValueSpecification","valueRequired":true,"valueName":"search_term_string"}}],"inLanguage":"es"},{"@type":["Organization","Place","Store"],"@id":"https:\/\/somllavors.com\/es#organization","name":"Som Llavors","alternateName":"Crian\u00e7a Natural i Sostenible","url":"https:\/\/somllavors.com\/es","logo":{"@id":"https:\/\/somllavors.com\/es\/producte\/bolso-space-black-joolz#local-main-organization-logo"},"image":{"@id":"https:\/\/somllavors.com\/es\/producte\/bolso-space-black-joolz#local-main-organization-logo"},"sameAs":["https:\/\/www.facebook.com\/somllavorsvng\/?locale=ca_ES","https:\/\/www.instagram.com\/somllavors_vng\/","https:\/\/www.youtube.com\/@somllavors"],"address":{"@id":"https:\/\/somllavors.com\/es\/producte\/bolso-space-black-joolz#local-main-place-address"},"geo":{"@type":"GeoCoordinates","latitude":"41.2257737","longitude":"1.723258859"},"telephone":["623152704","623152704"],"openingHoursSpecification":[{"@type":"OpeningHoursSpecification","dayOfWeek":["Monday","Sunday"],"opens":"00:00","closes":"00:00"},{"@type":"OpeningHoursSpecification","dayOfWeek":["Tuesday","Wednesday","Thursday","Friday"],"opens":"10:00","closes":"20:00"},{"@type":"OpeningHoursSpecification","dayOfWeek":["Saturday"],"opens":"10:00","closes":"13:30"}],"email":"info@somllavors.com"},{"@type":"PostalAddress","@id":"https:\/\/somllavors.com\/es\/producte\/bolso-space-black-joolz#local-main-place-address","streetAddress":"Carrer de l'aigua, 6","addressLocality":"Vilanova i la Geltr\u00fa","postalCode":"08800","addressRegion":"Barcelona","addressCountry":"ES"},{"@type":"ImageObject","inLanguage":"es","@id":"https:\/\/somllavors.com\/es\/producte\/bolso-space-black-joolz#local-main-organization-logo","url":"https:\/\/somllavors.com\/wp-content\/uploads\/Logotip-Som-Llavors.jpg","contentUrl":"https:\/\/somllavors.com\/wp-content\/uploads\/Logotip-Som-Llavors.jpg","width":1444,"height":1323,"caption":"Som Llavors"}]},"og_availability":"instock","product_availability":"instock","product_condition":"new","geo.placename":"Vilanova i la Geltr\u00fa","geo.position":{"lat":"41.2257737","long":"1.723258859"},"geo.region":"Espa\u00f1a"},"brands":[{"id":4305,"name":"Joolz","slug":"joolz-cotxets"}],"_links":{"self":[{"href":"https:\/\/somllavors.com\/es\/wp-json\/wp\/v2\/product\/45786","targetHints":{"allow":["GET"]}}],"collection":[{"href":"https:\/\/somllavors.com\/es\/wp-json\/wp\/v2\/product"}],"about":[{"href":"https:\/\/somllavors.com\/es\/wp-json\/wp\/v2\/types\/product"}],"wp:featuredmedia":[{"embeddable":true,"href":"https:\/\/somllavors.com\/es\/wp-json\/wp\/v2\/media\/47136"}],"wp:attachment":[{"href":"https:\/\/somllavors.com\/es\/wp-json\/wp\/v2\/media?parent=45786"}],"wp:term":[{"taxonomy":"pwb-brand","embeddable":true,"href":"https:\/\/somllavors.com\/es\/wp-json\/wp\/v2\/pwb-brand?post=45786"},{"taxonomy":"product_brand","embeddable":true,"href":"https:\/\/somllavors.com\/es\/wp-json\/wp\/v2\/product_brand?post=45786"},{"taxonomy":"product_cat","embeddable":true,"href":"https:\/\/somllavors.com\/es\/wp-json\/wp\/v2\/product_cat?post=45786"},{"taxonomy":"product_tag","embeddable":true,"href":"https:\/\/somllavors.com\/es\/wp-json\/wp\/v2\/product_tag?post=45786"}],"curies":[{"name":"wp","href":"https:\/\/api.w.org\/{rel}","templated":true}]}}