{"id":45918,"date":"2023-09-26T18:49:46","date_gmt":"2023-09-26T16:49:46","guid":{"rendered":"https:\/\/somllavors.com\/?post_type=product&#038;p=45918"},"modified":"2023-12-22T19:05:11","modified_gmt":"2023-12-22T18:05:11","slug":"ampolla-isotermica-classic-592ml-retro-swish-klean-kanteen","status":"publish","type":"product","link":"https:\/\/somllavors.com\/es\/producte\/ampolla-isotermica-classic-592ml-retro-swish-klean-kanteen","title":{"rendered":"Ampolla isot\u00e8rmica Classic 592ml Retro swish &#8211; Klean Kanteen"},"content":{"rendered":"<ul>\n<li>Acer inoxidable d&#8217;alta qualitat<\/li>\n<li>Amb un tap esportiva a prova de vessaments amb filtre de silicona suau i extra\u00efble per facilitar la neteja.<\/li>\n<li>Dissenyada amb una nansa de f\u00e0cil transport perqu\u00e8 es pugui subjectar a una bossa, motxilla o cotxet.<\/li>\n<li>L&#8217;acabat Klean Coat resistent a les estelles, \u00e9s durador i segur per a les persones i el planeta.<\/li>\n<li>L&#8217;a\u00efllament al buit mant\u00e9 el contingut fred fins a 40 hores.<\/li>\n<li>Perfil estret per a una subjecci\u00f3 f\u00e0cil que s&#8217;adapta perfectament a les mans petites.<\/li>\n<li>Taps intercanviables per facilitar la transici\u00f3 a mesura que els nens creixen, cosa que proporciona un \u00fas de per vida.<\/li>\n<li>Producci\u00f3 neutre en carboni gr\u00e0cies al comprom\u00eds de Klean Kanteen<\/li>\n<\/ul>\n","protected":false},"excerpt":{"rendered":"<p>LL\u00b4ampolla Insulated Classic de 592ml (20 oz) es basa en la cl\u00e0ssica ampolla d\u00b4aigua d\u00b4acer inoxidable, combinada amb a\u00efllament al buit de doble paret Climate Lock, que mant\u00e9 les begudes calentes durant 24 hores i gelades durant 63 hores. L&#8217;acabat de pintura en pols Klean Coat resistent a les estelles \u00e9s durador i segur per a les persones i el planeta. Una de les ampolles d\u02bbaigua amb a\u00efllament m\u00e9s venudes amb un perfil estret i aerodin\u00e0mic.<\/p>\n<p>&nbsp;<\/p>\n<p>&nbsp;<\/p>\n","protected":false},"featured_media":45925,"template":"","meta":{"_acf_changed":false,"site-sidebar-layout":"default","site-content-layout":"default","ast-site-content-layout":"default","site-content-style":"default","site-sidebar-style":"default","ast-global-header-display":"","ast-banner-title-visibility":"","ast-main-header-display":"","ast-hfb-above-header-display":"","ast-hfb-below-header-display":"","ast-hfb-mobile-header-display":"","site-post-title":"","ast-breadcrumbs-content":"","ast-featured-img":"","footer-sml-layout":"","ast-disable-related-posts":"","theme-transparent-header-meta":"default","adv-header-id-meta":"","stick-header-meta":"","header-above-stick-meta":"","header-main-stick-meta":"","header-below-stick-meta":"","astra-migrate-meta-layouts":"default","ast-page-background-enabled":"default","ast-page-background-meta":{"desktop":{"background-color":"","background-image":"","background-repeat":"repeat","background-position":"center center","background-size":"auto","background-attachment":"scroll","background-type":"","background-media":"","overlay-type":"","overlay-color":"","overlay-opacity":"","overlay-gradient":""},"tablet":{"background-color":"","background-image":"","background-repeat":"repeat","background-position":"center center","background-size":"auto","background-attachment":"scroll","background-type":"","background-media":"","overlay-type":"","overlay-color":"","overlay-opacity":"","overlay-gradient":""},"mobile":{"background-color":"","background-image":"","background-repeat":"repeat","background-position":"center center","background-size":"auto","background-attachment":"scroll","background-type":"","background-media":"","overlay-type":"","overlay-color":"","overlay-opacity":"","overlay-gradient":""}},"ast-content-background-meta":{"desktop":{"background-color":"var(--ast-global-color-5)","background-image":"","background-repeat":"repeat","background-position":"center center","background-size":"auto","background-attachment":"scroll","background-type":"","background-media":"","overlay-type":"","overlay-color":"","overlay-opacity":"","overlay-gradient":""},"tablet":{"background-color":"var(--ast-global-color-5)","background-image":"","background-repeat":"repeat","background-position":"center center","background-size":"auto","background-attachment":"scroll","background-type":"","background-media":"","overlay-type":"","overlay-color":"","overlay-opacity":"","overlay-gradient":""},"mobile":{"background-color":"var(--ast-global-color-5)","background-image":"","background-repeat":"repeat","background-position":"center center","background-size":"auto","background-attachment":"scroll","background-type":"","background-media":"","overlay-type":"","overlay-color":"","overlay-opacity":"","overlay-gradient":""}}},"pwb-brand":[4153],"product_brand":[],"product_cat":[769,2178],"product_tag":[1828,3073,776],"class_list":{"0":"post-45918","1":"product","2":"type-product","3":"status-publish","4":"has-post-thumbnail","6":"pwb-brand-klean-kanteen","7":"product_cat-ampolles","8":"product_cat-tornada-a-lescola","9":"product_tag-acero-inoxidable","10":"product_tag-botella-isotermica","11":"product_tag-klean-kanteen","12":"desktop-align-left","13":"tablet-align-left","14":"mobile-align-left","16":"first","17":"outofstock","18":"taxable","19":"shipping-taxable","20":"purchasable","21":"product-type-simple"},"acf":[],"yoast_head":"<!-- This site is optimized with the Yoast SEO Premium plugin v18.3 (Yoast SEO v27.4) - https:\/\/yoast.com\/product\/yoast-seo-premium-wordpress\/ -->\n<title>Ampolla isot\u00e8rmica Classic 592ml Retro swish - Klean Kanteen &#8212; Som Llavors<\/title>\n<meta name=\"description\" content=\"LL\u00b4ampolla Insulated Classic de 592ml (20 oz) es basa en la cl\u00e0ssica ampolla d\u00b4aigua d\u00b4acer inoxidable, combinada amb a\u00efllament al buit de doble paret Climate Lock, que mant\u00e9 les begudes calentes durant 24 hores i gelades durant 63 hores. L&#039;acabat de pintura en pols Klean Coat resistent a les estelles \u00e9s durador i segur per a les persones i el planeta. Una de les ampolles d\u02bbaigua amb a\u00efllament m\u00e9s venudes amb un perfil estret i aerodin\u00e0mic.  &nbsp;  &nbsp;\" \/>\n<meta name=\"robots\" content=\"index, follow, max-snippet:-1, max-image-preview:large, max-video-preview:-1\" \/>\n<link rel=\"canonical\" href=\"https:\/\/somllavors.com\/es\/producte\/ampolla-isotermica-classic-592ml-retro-swish-klean-kanteen\" \/>\n<meta property=\"og:locale\" content=\"es_ES\" \/>\n<meta property=\"og:type\" content=\"article\" \/>\n<meta property=\"og:title\" content=\"Ampolla isot\u00e8rmica Classic 592ml Retro swish - Klean Kanteen\" \/>\n<meta property=\"og:description\" content=\"La teva botiga d\u2019ecocrian\u00e7a i espai d\u2019acompanyament a la maternitat\" \/>\n<meta property=\"og:url\" content=\"https:\/\/somllavors.com\/es\/producte\/ampolla-isotermica-classic-592ml-retro-swish-klean-kanteen\" \/>\n<meta property=\"og:site_name\" content=\"Som Llavors\" \/>\n<meta property=\"article:publisher\" content=\"https:\/\/www.facebook.com\/somllavorsvng\/?locale=ca_ES\" \/>\n<meta property=\"article:modified_time\" content=\"2023-12-22T18:05:11+00:00\" \/>\n<meta property=\"og:image\" content=\"https:\/\/somllavors.com\/wp-content\/uploads\/2023\/09\/Klean-Kanteen-Vilanova-i-la-Geltru3.jpg\" \/>\n\t<meta property=\"og:image:width\" content=\"2000\" \/>\n\t<meta property=\"og:image:height\" content=\"2000\" \/>\n\t<meta property=\"og:image:type\" content=\"image\/jpeg\" \/>\n<meta name=\"twitter:card\" content=\"summary_large_image\" \/>\n<meta name=\"twitter:label1\" content=\"Precio\" \/>\n\t<meta name=\"twitter:data1\" content=\"39,95&euro; Iva incl\u00f2s\" \/>\n\t<meta name=\"twitter:label2\" content=\"Availability\" \/>\n\t<meta name=\"twitter:data2\" content=\"Out of stock\" \/>\n<script type=\"application\/ld+json\" class=\"yoast-schema-graph\">{\"@context\":\"https:\\\/\\\/schema.org\",\"@graph\":[{\"@type\":\"WebPage\",\"@id\":\"https:\\\/\\\/somllavors.com\\\/es\\\/producte\\\/ampolla-isotermica-classic-592ml-retro-swish-klean-kanteen\",\"url\":\"https:\\\/\\\/somllavors.com\\\/es\\\/producte\\\/ampolla-isotermica-classic-592ml-retro-swish-klean-kanteen\",\"name\":\"Ampolla isot\u00e8rmica Classic 592ml Retro swish - Klean Kanteen &#8212; Som Llavors\",\"isPartOf\":{\"@id\":\"https:\\\/\\\/somllavors.com\\\/es#website\"},\"primaryImageOfPage\":{\"@id\":\"https:\\\/\\\/somllavors.com\\\/es\\\/producte\\\/ampolla-isotermica-classic-592ml-retro-swish-klean-kanteen#primaryimage\"},\"image\":{\"@id\":\"https:\\\/\\\/somllavors.com\\\/es\\\/producte\\\/ampolla-isotermica-classic-592ml-retro-swish-klean-kanteen#primaryimage\"},\"thumbnailUrl\":\"https:\\\/\\\/somllavors.com\\\/wp-content\\\/uploads\\\/2023\\\/09\\\/Klean-Kanteen-Vilanova-i-la-Geltru3.jpg\",\"datePublished\":\"2023-09-26T16:49:46+00:00\",\"dateModified\":\"2023-12-22T18:05:11+00:00\",\"description\":\"LL\u00b4ampolla Insulated Classic de 592ml (20 oz) es basa en la cl\u00e0ssica ampolla d\u00b4aigua d\u00b4acer inoxidable, combinada amb a\u00efllament al buit de doble paret Climate Lock, que mant\u00e9 les begudes calentes durant 24 hores i gelades durant 63 hores. L'acabat de pintura en pols Klean Coat resistent a les estelles \u00e9s durador i segur per a les persones i el planeta. Una de les ampolles d\u02bbaigua amb a\u00efllament m\u00e9s venudes amb un perfil estret i aerodin\u00e0mic. &nbsp; &nbsp;\",\"breadcrumb\":{\"@id\":\"https:\\\/\\\/somllavors.com\\\/es\\\/producte\\\/ampolla-isotermica-classic-592ml-retro-swish-klean-kanteen#breadcrumb\"},\"inLanguage\":\"es\",\"potentialAction\":[{\"@type\":\"ReadAction\",\"target\":[\"https:\\\/\\\/somllavors.com\\\/es\\\/producte\\\/ampolla-isotermica-classic-592ml-retro-swish-klean-kanteen\"]}]},{\"@type\":\"ImageObject\",\"inLanguage\":\"es\",\"@id\":\"https:\\\/\\\/somllavors.com\\\/es\\\/producte\\\/ampolla-isotermica-classic-592ml-retro-swish-klean-kanteen#primaryimage\",\"url\":\"https:\\\/\\\/somllavors.com\\\/wp-content\\\/uploads\\\/2023\\\/09\\\/Klean-Kanteen-Vilanova-i-la-Geltru3.jpg\",\"contentUrl\":\"https:\\\/\\\/somllavors.com\\\/wp-content\\\/uploads\\\/2023\\\/09\\\/Klean-Kanteen-Vilanova-i-la-Geltru3.jpg\",\"width\":2000,\"height\":2000,\"caption\":\"botella isotermica acero klean kanteen Vilanova i la Geltr\u00fa\"},{\"@type\":\"BreadcrumbList\",\"@id\":\"https:\\\/\\\/somllavors.com\\\/es\\\/producte\\\/ampolla-isotermica-classic-592ml-retro-swish-klean-kanteen#breadcrumb\",\"itemListElement\":[{\"@type\":\"ListItem\",\"position\":1,\"name\":\"Inici\",\"item\":\"https:\\\/\\\/somllavors.com\\\/es\"},{\"@type\":\"ListItem\",\"position\":2,\"name\":\"Tienda\",\"item\":\"https:\\\/\\\/somllavors.com\\\/es\\\/botiga-2\"},{\"@type\":\"ListItem\",\"position\":3,\"name\":\"Ampolla isot\u00e8rmica Classic 592ml Retro swish &#8211; Klean Kanteen\"}]},{\"@type\":\"WebSite\",\"@id\":\"https:\\\/\\\/somllavors.com\\\/es#website\",\"url\":\"https:\\\/\\\/somllavors.com\\\/es\",\"name\":\"Som Llavors\",\"description\":\"Botiga de crian\u00e7a natural\",\"publisher\":{\"@id\":\"https:\\\/\\\/somllavors.com\\\/es#organization\"},\"alternateName\":\"Crian\u00e7a Natural i Sostenible\",\"potentialAction\":[{\"@type\":\"SearchAction\",\"target\":{\"@type\":\"EntryPoint\",\"urlTemplate\":\"https:\\\/\\\/somllavors.com\\\/es?s={search_term_string}\"},\"query-input\":{\"@type\":\"PropertyValueSpecification\",\"valueRequired\":true,\"valueName\":\"search_term_string\"}}],\"inLanguage\":\"es\"},{\"@type\":[\"Organization\",\"Place\",\"Store\"],\"@id\":\"https:\\\/\\\/somllavors.com\\\/es#organization\",\"name\":\"Som Llavors\",\"alternateName\":\"Crian\u00e7a Natural i Sostenible\",\"url\":\"https:\\\/\\\/somllavors.com\\\/es\",\"logo\":{\"@id\":\"https:\\\/\\\/somllavors.com\\\/es\\\/producte\\\/ampolla-isotermica-classic-592ml-retro-swish-klean-kanteen#local-main-organization-logo\"},\"image\":{\"@id\":\"https:\\\/\\\/somllavors.com\\\/es\\\/producte\\\/ampolla-isotermica-classic-592ml-retro-swish-klean-kanteen#local-main-organization-logo\"},\"sameAs\":[\"https:\\\/\\\/www.facebook.com\\\/somllavorsvng\\\/?locale=ca_ES\",\"https:\\\/\\\/www.instagram.com\\\/somllavors_vng\\\/\",\"https:\\\/\\\/www.youtube.com\\\/@somllavors\"],\"address\":{\"@id\":\"https:\\\/\\\/somllavors.com\\\/es\\\/producte\\\/ampolla-isotermica-classic-592ml-retro-swish-klean-kanteen#local-main-place-address\"},\"geo\":{\"@type\":\"GeoCoordinates\",\"latitude\":\"41.2257737\",\"longitude\":\"1.723258859\"},\"telephone\":[\"623152704\"],\"openingHoursSpecification\":[{\"@type\":\"OpeningHoursSpecification\",\"dayOfWeek\":[\"Monday\",\"Sunday\"],\"opens\":\"00:00\",\"closes\":\"00:00\"},{\"@type\":\"OpeningHoursSpecification\",\"dayOfWeek\":[\"Tuesday\",\"Wednesday\",\"Thursday\",\"Friday\"],\"opens\":\"10:00\",\"closes\":\"20:00\"},{\"@type\":\"OpeningHoursSpecification\",\"dayOfWeek\":[\"Saturday\"],\"opens\":\"10:00\",\"closes\":\"13:30\"}],\"email\":\"info@somllavors.com\"},{\"@type\":\"PostalAddress\",\"@id\":\"https:\\\/\\\/somllavors.com\\\/es\\\/producte\\\/ampolla-isotermica-classic-592ml-retro-swish-klean-kanteen#local-main-place-address\",\"streetAddress\":\"Carrer de l'aigua, 6\",\"addressLocality\":\"Vilanova i la Geltr\u00fa\",\"postalCode\":\"08800\",\"addressRegion\":\"Barcelona\",\"addressCountry\":\"ES\"},{\"@type\":\"ImageObject\",\"inLanguage\":\"es\",\"@id\":\"https:\\\/\\\/somllavors.com\\\/es\\\/producte\\\/ampolla-isotermica-classic-592ml-retro-swish-klean-kanteen#local-main-organization-logo\",\"url\":\"https:\\\/\\\/somllavors.com\\\/wp-content\\\/uploads\\\/Logotip-Som-Llavors.jpg\",\"contentUrl\":\"https:\\\/\\\/somllavors.com\\\/wp-content\\\/uploads\\\/Logotip-Som-Llavors.jpg\",\"width\":1444,\"height\":1323,\"caption\":\"Som Llavors\"}]}<\/script>\n<meta property=\"product:price:amount\" content=\"39.95\" \/>\n<meta property=\"product:price:currency\" content=\"EUR\" \/>\n<meta property=\"og:availability\" content=\"out of stock\" \/>\n<meta property=\"product:availability\" content=\"out of stock\" \/>\n<meta property=\"product:retailer_item_id\" content=\"1010130\" \/>\n<meta property=\"product:condition\" content=\"new\" \/>\n<meta name=\"geo.placename\" content=\"Vilanova i la Geltr\u00fa\" \/>\n<meta name=\"geo.position\" content=\"41.2257737;1.723258859\" \/>\n<meta name=\"geo.region\" content=\"Espa\u00f1a\" \/>\n<!-- \/ Yoast SEO Premium plugin. -->","yoast_head_json":{"title":"Ampolla isot\u00e8rmica Classic 592ml Retro swish - Klean Kanteen &#8212; Som Llavors","description":"LL\u00b4ampolla Insulated Classic de 592ml (20 oz) es basa en la cl\u00e0ssica ampolla d\u00b4aigua d\u00b4acer inoxidable, combinada amb a\u00efllament al buit de doble paret Climate Lock, que mant\u00e9 les begudes calentes durant 24 hores i gelades durant 63 hores. L'acabat de pintura en pols Klean Coat resistent a les estelles \u00e9s durador i segur per a les persones i el planeta. Una de les ampolles d\u02bbaigua amb a\u00efllament m\u00e9s venudes amb un perfil estret i aerodin\u00e0mic.  &nbsp;  &nbsp;","robots":{"index":"index","follow":"follow","max-snippet":"max-snippet:-1","max-image-preview":"max-image-preview:large","max-video-preview":"max-video-preview:-1"},"canonical":"https:\/\/somllavors.com\/es\/producte\/ampolla-isotermica-classic-592ml-retro-swish-klean-kanteen","og_locale":"es_ES","og_type":"article","og_title":"Ampolla isot\u00e8rmica Classic 592ml Retro swish - Klean Kanteen","og_description":"La teva botiga d\u2019ecocrian\u00e7a i espai d\u2019acompanyament a la maternitat","og_url":"https:\/\/somllavors.com\/es\/producte\/ampolla-isotermica-classic-592ml-retro-swish-klean-kanteen","og_site_name":"Som Llavors","article_publisher":"https:\/\/www.facebook.com\/somllavorsvng\/?locale=ca_ES","article_modified_time":"2023-12-22T18:05:11+00:00","og_image":[{"width":2000,"height":2000,"url":"https:\/\/somllavors.com\/wp-content\/uploads\/2023\/09\/Klean-Kanteen-Vilanova-i-la-Geltru3.jpg","type":"image\/jpeg"}],"twitter_card":"summary_large_image","twitter_misc":{"Precio":"39,95&euro; Iva incl\u00f2s","Availability":"Out of stock"},"schema":{"@context":"https:\/\/schema.org","@graph":[{"@type":"WebPage","@id":"https:\/\/somllavors.com\/es\/producte\/ampolla-isotermica-classic-592ml-retro-swish-klean-kanteen","url":"https:\/\/somllavors.com\/es\/producte\/ampolla-isotermica-classic-592ml-retro-swish-klean-kanteen","name":"Ampolla isot\u00e8rmica Classic 592ml Retro swish - Klean Kanteen &#8212; Som Llavors","isPartOf":{"@id":"https:\/\/somllavors.com\/es#website"},"primaryImageOfPage":{"@id":"https:\/\/somllavors.com\/es\/producte\/ampolla-isotermica-classic-592ml-retro-swish-klean-kanteen#primaryimage"},"image":{"@id":"https:\/\/somllavors.com\/es\/producte\/ampolla-isotermica-classic-592ml-retro-swish-klean-kanteen#primaryimage"},"thumbnailUrl":"https:\/\/somllavors.com\/wp-content\/uploads\/2023\/09\/Klean-Kanteen-Vilanova-i-la-Geltru3.jpg","datePublished":"2023-09-26T16:49:46+00:00","dateModified":"2023-12-22T18:05:11+00:00","description":"LL\u00b4ampolla Insulated Classic de 592ml (20 oz) es basa en la cl\u00e0ssica ampolla d\u00b4aigua d\u00b4acer inoxidable, combinada amb a\u00efllament al buit de doble paret Climate Lock, que mant\u00e9 les begudes calentes durant 24 hores i gelades durant 63 hores. L'acabat de pintura en pols Klean Coat resistent a les estelles \u00e9s durador i segur per a les persones i el planeta. Una de les ampolles d\u02bbaigua amb a\u00efllament m\u00e9s venudes amb un perfil estret i aerodin\u00e0mic. &nbsp; &nbsp;","breadcrumb":{"@id":"https:\/\/somllavors.com\/es\/producte\/ampolla-isotermica-classic-592ml-retro-swish-klean-kanteen#breadcrumb"},"inLanguage":"es","potentialAction":[{"@type":"ReadAction","target":["https:\/\/somllavors.com\/es\/producte\/ampolla-isotermica-classic-592ml-retro-swish-klean-kanteen"]}]},{"@type":"ImageObject","inLanguage":"es","@id":"https:\/\/somllavors.com\/es\/producte\/ampolla-isotermica-classic-592ml-retro-swish-klean-kanteen#primaryimage","url":"https:\/\/somllavors.com\/wp-content\/uploads\/2023\/09\/Klean-Kanteen-Vilanova-i-la-Geltru3.jpg","contentUrl":"https:\/\/somllavors.com\/wp-content\/uploads\/2023\/09\/Klean-Kanteen-Vilanova-i-la-Geltru3.jpg","width":2000,"height":2000,"caption":"botella isotermica acero klean kanteen Vilanova i la Geltr\u00fa"},{"@type":"BreadcrumbList","@id":"https:\/\/somllavors.com\/es\/producte\/ampolla-isotermica-classic-592ml-retro-swish-klean-kanteen#breadcrumb","itemListElement":[{"@type":"ListItem","position":1,"name":"Inici","item":"https:\/\/somllavors.com\/es"},{"@type":"ListItem","position":2,"name":"Tienda","item":"https:\/\/somllavors.com\/es\/botiga-2"},{"@type":"ListItem","position":3,"name":"Ampolla isot\u00e8rmica Classic 592ml Retro swish &#8211; Klean Kanteen"}]},{"@type":"WebSite","@id":"https:\/\/somllavors.com\/es#website","url":"https:\/\/somllavors.com\/es","name":"Som Llavors","description":"Botiga de crian\u00e7a natural","publisher":{"@id":"https:\/\/somllavors.com\/es#organization"},"alternateName":"Crian\u00e7a Natural i Sostenible","potentialAction":[{"@type":"SearchAction","target":{"@type":"EntryPoint","urlTemplate":"https:\/\/somllavors.com\/es?s={search_term_string}"},"query-input":{"@type":"PropertyValueSpecification","valueRequired":true,"valueName":"search_term_string"}}],"inLanguage":"es"},{"@type":["Organization","Place","Store"],"@id":"https:\/\/somllavors.com\/es#organization","name":"Som Llavors","alternateName":"Crian\u00e7a Natural i Sostenible","url":"https:\/\/somllavors.com\/es","logo":{"@id":"https:\/\/somllavors.com\/es\/producte\/ampolla-isotermica-classic-592ml-retro-swish-klean-kanteen#local-main-organization-logo"},"image":{"@id":"https:\/\/somllavors.com\/es\/producte\/ampolla-isotermica-classic-592ml-retro-swish-klean-kanteen#local-main-organization-logo"},"sameAs":["https:\/\/www.facebook.com\/somllavorsvng\/?locale=ca_ES","https:\/\/www.instagram.com\/somllavors_vng\/","https:\/\/www.youtube.com\/@somllavors"],"address":{"@id":"https:\/\/somllavors.com\/es\/producte\/ampolla-isotermica-classic-592ml-retro-swish-klean-kanteen#local-main-place-address"},"geo":{"@type":"GeoCoordinates","latitude":"41.2257737","longitude":"1.723258859"},"telephone":["623152704","623152704"],"openingHoursSpecification":[{"@type":"OpeningHoursSpecification","dayOfWeek":["Monday","Sunday"],"opens":"00:00","closes":"00:00"},{"@type":"OpeningHoursSpecification","dayOfWeek":["Tuesday","Wednesday","Thursday","Friday"],"opens":"10:00","closes":"20:00"},{"@type":"OpeningHoursSpecification","dayOfWeek":["Saturday"],"opens":"10:00","closes":"13:30"}],"email":"info@somllavors.com"},{"@type":"PostalAddress","@id":"https:\/\/somllavors.com\/es\/producte\/ampolla-isotermica-classic-592ml-retro-swish-klean-kanteen#local-main-place-address","streetAddress":"Carrer de l'aigua, 6","addressLocality":"Vilanova i la Geltr\u00fa","postalCode":"08800","addressRegion":"Barcelona","addressCountry":"ES"},{"@type":"ImageObject","inLanguage":"es","@id":"https:\/\/somllavors.com\/es\/producte\/ampolla-isotermica-classic-592ml-retro-swish-klean-kanteen#local-main-organization-logo","url":"https:\/\/somllavors.com\/wp-content\/uploads\/Logotip-Som-Llavors.jpg","contentUrl":"https:\/\/somllavors.com\/wp-content\/uploads\/Logotip-Som-Llavors.jpg","width":1444,"height":1323,"caption":"Som Llavors"}]},"product_price_amount":"39.95","product_price_currency":"EUR","og_availability":"out of stock","product_availability":"out of stock","product_retailer_item_id":"1010130","product_condition":"new","geo.placename":"Vilanova i la Geltr\u00fa","geo.position":{"lat":"41.2257737","long":"1.723258859"},"geo.region":"Espa\u00f1a"},"brands":[{"id":4153,"name":"Klean Kanteen","slug":"klean-kanteen"}],"_links":{"self":[{"href":"https:\/\/somllavors.com\/es\/wp-json\/wp\/v2\/product\/45918","targetHints":{"allow":["GET"]}}],"collection":[{"href":"https:\/\/somllavors.com\/es\/wp-json\/wp\/v2\/product"}],"about":[{"href":"https:\/\/somllavors.com\/es\/wp-json\/wp\/v2\/types\/product"}],"wp:featuredmedia":[{"embeddable":true,"href":"https:\/\/somllavors.com\/es\/wp-json\/wp\/v2\/media\/45925"}],"wp:attachment":[{"href":"https:\/\/somllavors.com\/es\/wp-json\/wp\/v2\/media?parent=45918"}],"wp:term":[{"taxonomy":"pwb-brand","embeddable":true,"href":"https:\/\/somllavors.com\/es\/wp-json\/wp\/v2\/pwb-brand?post=45918"},{"taxonomy":"product_brand","embeddable":true,"href":"https:\/\/somllavors.com\/es\/wp-json\/wp\/v2\/product_brand?post=45918"},{"taxonomy":"product_cat","embeddable":true,"href":"https:\/\/somllavors.com\/es\/wp-json\/wp\/v2\/product_cat?post=45918"},{"taxonomy":"product_tag","embeddable":true,"href":"https:\/\/somllavors.com\/es\/wp-json\/wp\/v2\/product_tag?post=45918"}],"curies":[{"name":"wp","href":"https:\/\/api.w.org\/{rel}","templated":true}]}}