{"id":46265,"date":"2023-10-02T17:25:45","date_gmt":"2023-10-02T15:25:45","guid":{"rendered":"https:\/\/somllavors.com\/?post_type=product&#038;p=46265"},"modified":"2025-01-11T13:18:21","modified_gmt":"2025-01-11T12:18:21","slug":"joc-de-butxaca-per-pintar-8-pintures-omy","status":"publish","type":"product","link":"https:\/\/somllavors.com\/es\/producte\/joc-de-butxaca-per-pintar-8-pintures-omy","title":{"rendered":"Joc de butxaca per pintar Ocean + 8 pintures &#8211; OMY"},"content":{"rendered":"<ul>\n<li>Un enginy\u00f3s joc de butxaca de 1 metre de llarg, ple de pistes, activitats + 1 crai\u00f3 multicolor.<\/li>\n<li>Les regles estan tradu\u00efdes a 6 idiomes, i les p\u00e0gines per pintar es poden esquin\u00e7ar al llarg de les l\u00ednies puntejades per facilitar-ne l&#8217;\u00fas compartit i l&#8217;emmagatzematge.<\/li>\n<li>Format desenrotllat: 100 x 11 cm.<\/li>\n<li>Composici\u00f3 paper \u00f2fset 120gr\/m\u00b2.<\/li>\n<li>Fabricat a Fran\u00e7a per OMY.<\/li>\n<\/ul>\n","protected":false},"excerpt":{"rendered":"<p>1 rotllo de jocs de pintar + 1 crai\u00f3 amb 8 colors.<\/p>\n<ul>\n<li>El joc de pintar favorit dels infants viatges per dur a cada bossa i portar a qualsevol lloc: en trens, restaurants, vaixells,&#8230;<\/li>\n<\/ul>\n","protected":false},"featured_media":46284,"template":"","meta":{"_acf_changed":false,"site-sidebar-layout":"default","site-content-layout":"default","ast-site-content-layout":"default","site-content-style":"default","site-sidebar-style":"default","ast-global-header-display":"","ast-banner-title-visibility":"","ast-main-header-display":"","ast-hfb-above-header-display":"","ast-hfb-below-header-display":"","ast-hfb-mobile-header-display":"","site-post-title":"","ast-breadcrumbs-content":"","ast-featured-img":"","footer-sml-layout":"","theme-transparent-header-meta":"default","adv-header-id-meta":"","stick-header-meta":"","header-above-stick-meta":"","header-main-stick-meta":"","header-below-stick-meta":"","astra-migrate-meta-layouts":"default","ast-page-background-enabled":"default","ast-page-background-meta":{"desktop":{"background-color":"","background-image":"","background-repeat":"repeat","background-position":"center center","background-size":"auto","background-attachment":"scroll","background-type":"","background-media":"","overlay-type":"","overlay-color":"","overlay-opacity":"","overlay-gradient":""},"tablet":{"background-color":"","background-image":"","background-repeat":"repeat","background-position":"center center","background-size":"auto","background-attachment":"scroll","background-type":"","background-media":"","overlay-type":"","overlay-color":"","overlay-opacity":"","overlay-gradient":""},"mobile":{"background-color":"","background-image":"","background-repeat":"repeat","background-position":"center center","background-size":"auto","background-attachment":"scroll","background-type":"","background-media":"","overlay-type":"","overlay-color":"","overlay-opacity":"","overlay-gradient":""}},"ast-content-background-meta":{"desktop":{"background-color":"var(--ast-global-color-5)","background-image":"","background-repeat":"repeat","background-position":"center center","background-size":"auto","background-attachment":"scroll","background-type":"","background-media":"","overlay-type":"","overlay-color":"","overlay-opacity":"","overlay-gradient":""},"tablet":{"background-color":"var(--ast-global-color-5)","background-image":"","background-repeat":"repeat","background-position":"center center","background-size":"auto","background-attachment":"scroll","background-type":"","background-media":"","overlay-type":"","overlay-color":"","overlay-opacity":"","overlay-gradient":""},"mobile":{"background-color":"var(--ast-global-color-5)","background-image":"","background-repeat":"repeat","background-position":"center center","background-size":"auto","background-attachment":"scroll","background-type":"","background-media":"","overlay-type":"","overlay-color":"","overlay-opacity":"","overlay-gradient":""}}},"pwb-brand":[4146],"product_brand":[],"product_cat":[4499,278],"product_tag":[4031,1345,4045,3432,4044,4043],"class_list":{"0":"post-46265","1":"product","2":"type-product","3":"status-publish","4":"has-post-thumbnail","6":"pwb-brand-omy","7":"product_cat-10-e","8":"product_cat-per-pintar-manualitats","9":"product_tag-dinos","10":"product_tag-dinosaurios","11":"product_tag-kit-de-pintura","12":"product_tag-omy","13":"product_tag-painting-kit","14":"product_tag-pintura","15":"desktop-align-left","16":"tablet-align-left","17":"mobile-align-left","19":"first","20":"instock","21":"taxable","22":"shipping-taxable","23":"purchasable","24":"product-type-simple"},"acf":[],"yoast_head":"<!-- This site is optimized with the Yoast SEO Premium plugin v18.3 (Yoast SEO v26.2) - https:\/\/yoast.com\/wordpress\/plugins\/seo\/ -->\n<title>Joc de butxaca per pintar Ocean + 8 pintures - OMY &#8212; Som Llavors<\/title>\n<meta name=\"description\" content=\"1 rotllo de jocs de pintar + 1 crai\u00f3 amb 8 colors.   El joc de pintar favorit dels infants viatges per dur a cada bossa i portar a qualsevol lloc: en trens, restaurants, vaixells,...\" \/>\n<meta name=\"robots\" content=\"index, follow, max-snippet:-1, max-image-preview:large, max-video-preview:-1\" \/>\n<link rel=\"canonical\" href=\"https:\/\/somllavors.com\/es\/producte\/joc-de-butxaca-per-pintar-8-pintures-omy\" \/>\n<meta property=\"og:locale\" content=\"es_ES\" \/>\n<meta property=\"og:type\" content=\"article\" \/>\n<meta property=\"og:title\" content=\"Joc de butxaca per pintar Ocean + 8 pintures - OMY\" \/>\n<meta property=\"og:description\" content=\"La teva botiga d\u2019ecocrian\u00e7a i espai d\u2019acompanyament a la maternitat\" \/>\n<meta property=\"og:url\" content=\"https:\/\/somllavors.com\/es\/producte\/joc-de-butxaca-per-pintar-8-pintures-omy\" \/>\n<meta property=\"og:site_name\" content=\"Som Llavors\" \/>\n<meta property=\"article:publisher\" content=\"https:\/\/www.facebook.com\/somllavorsvng\/?locale=ca_ES\" \/>\n<meta property=\"article:modified_time\" content=\"2025-01-11T12:18:21+00:00\" \/>\n<meta property=\"og:image\" content=\"https:\/\/somllavors.com\/wp-content\/uploads\/2023\/10\/POCK07_OCEAN_PACKSHOT_2.jpg\" \/>\n\t<meta property=\"og:image:width\" content=\"1313\" \/>\n\t<meta property=\"og:image:height\" content=\"1453\" \/>\n\t<meta property=\"og:image:type\" content=\"image\/jpeg\" \/>\n<meta name=\"twitter:card\" content=\"summary_large_image\" \/>\n<meta name=\"twitter:label1\" content=\"Precio\" \/>\n\t<meta name=\"twitter:data1\" content=\"9,00&euro; Iva incl\u00f2s\" \/>\n\t<meta name=\"twitter:label2\" content=\"Availability\" \/>\n\t<meta name=\"twitter:data2\" content=\"Hay existencias\" \/>\n<script type=\"application\/ld+json\" class=\"yoast-schema-graph\">{\"@context\":\"https:\/\/schema.org\",\"@graph\":[{\"@type\":\"WebPage\",\"@id\":\"https:\/\/somllavors.com\/es\/producte\/joc-de-butxaca-per-pintar-8-pintures-omy\",\"url\":\"https:\/\/somllavors.com\/es\/producte\/joc-de-butxaca-per-pintar-8-pintures-omy\",\"name\":\"Joc de butxaca per pintar Ocean + 8 pintures - OMY &#8212; Som Llavors\",\"isPartOf\":{\"@id\":\"https:\/\/somllavors.com\/es#website\"},\"primaryImageOfPage\":{\"@id\":\"https:\/\/somllavors.com\/es\/producte\/joc-de-butxaca-per-pintar-8-pintures-omy#primaryimage\"},\"image\":{\"@id\":\"https:\/\/somllavors.com\/es\/producte\/joc-de-butxaca-per-pintar-8-pintures-omy#primaryimage\"},\"thumbnailUrl\":\"https:\/\/somllavors.com\/wp-content\/uploads\/2023\/10\/POCK07_OCEAN_PACKSHOT_2.jpg\",\"datePublished\":\"2023-10-02T15:25:45+00:00\",\"dateModified\":\"2025-01-11T12:18:21+00:00\",\"description\":\"1 rotllo de jocs de pintar + 1 crai\u00f3 amb 8 colors. El joc de pintar favorit dels infants viatges per dur a cada bossa i portar a qualsevol lloc: en trens, restaurants, vaixells,...\",\"breadcrumb\":{\"@id\":\"https:\/\/somllavors.com\/es\/producte\/joc-de-butxaca-per-pintar-8-pintures-omy#breadcrumb\"},\"inLanguage\":\"es\",\"potentialAction\":[{\"@type\":\"ReadAction\",\"target\":[\"https:\/\/somllavors.com\/es\/producte\/joc-de-butxaca-per-pintar-8-pintures-omy\"]}]},{\"@type\":\"ImageObject\",\"inLanguage\":\"es\",\"@id\":\"https:\/\/somllavors.com\/es\/producte\/joc-de-butxaca-per-pintar-8-pintures-omy#primaryimage\",\"url\":\"https:\/\/somllavors.com\/wp-content\/uploads\/2023\/10\/POCK07_OCEAN_PACKSHOT_2.jpg\",\"contentUrl\":\"https:\/\/somllavors.com\/wp-content\/uploads\/2023\/10\/POCK07_OCEAN_PACKSHOT_2.jpg\",\"width\":1313,\"height\":1453,\"caption\":\"juego para pintar de viaje\"},{\"@type\":\"BreadcrumbList\",\"@id\":\"https:\/\/somllavors.com\/es\/producte\/joc-de-butxaca-per-pintar-8-pintures-omy#breadcrumb\",\"itemListElement\":[{\"@type\":\"ListItem\",\"position\":1,\"name\":\"Inici\",\"item\":\"https:\/\/somllavors.com\/es\"},{\"@type\":\"ListItem\",\"position\":2,\"name\":\"Tienda\",\"item\":\"https:\/\/somllavors.com\/es\/botiga-2\"},{\"@type\":\"ListItem\",\"position\":3,\"name\":\"Joc de butxaca per pintar Ocean + 8 pintures &#8211; OMY\"}]},{\"@type\":\"WebSite\",\"@id\":\"https:\/\/somllavors.com\/es#website\",\"url\":\"https:\/\/somllavors.com\/es\",\"name\":\"Som Llavors\",\"description\":\"Botiga de crian\u00e7a natural\",\"publisher\":{\"@id\":\"https:\/\/somllavors.com\/es#organization\"},\"alternateName\":\"Crian\u00e7a Natural i Sostenible\",\"potentialAction\":[{\"@type\":\"SearchAction\",\"target\":{\"@type\":\"EntryPoint\",\"urlTemplate\":\"https:\/\/somllavors.com\/es?s={search_term_string}\"},\"query-input\":{\"@type\":\"PropertyValueSpecification\",\"valueRequired\":true,\"valueName\":\"search_term_string\"}}],\"inLanguage\":\"es\"},{\"@type\":[\"Organization\",\"Place\",\"Store\"],\"@id\":\"https:\/\/somllavors.com\/es#organization\",\"name\":\"Som Llavors\",\"alternateName\":\"Crian\u00e7a Natural i Sostenible\",\"url\":\"https:\/\/somllavors.com\/es\",\"logo\":{\"@id\":\"https:\/\/somllavors.com\/es\/producte\/joc-de-butxaca-per-pintar-8-pintures-omy#local-main-organization-logo\"},\"image\":{\"@id\":\"https:\/\/somllavors.com\/es\/producte\/joc-de-butxaca-per-pintar-8-pintures-omy#local-main-organization-logo\"},\"sameAs\":[\"https:\/\/www.facebook.com\/somllavorsvng\/?locale=ca_ES\",\"https:\/\/www.instagram.com\/somllavors_vng\/\",\"https:\/\/www.youtube.com\/@somllavors\"],\"address\":{\"@id\":\"https:\/\/somllavors.com\/es\/producte\/joc-de-butxaca-per-pintar-8-pintures-omy#local-main-place-address\"},\"geo\":{\"@type\":\"GeoCoordinates\",\"latitude\":\"41.2257737\",\"longitude\":\"1.723258859\"},\"telephone\":[\"623152704\"],\"openingHoursSpecification\":[{\"@type\":\"OpeningHoursSpecification\",\"dayOfWeek\":[\"Monday\",\"Sunday\"],\"opens\":\"00:00\",\"closes\":\"00:00\"},{\"@type\":\"OpeningHoursSpecification\",\"dayOfWeek\":[\"Tuesday\",\"Wednesday\",\"Thursday\",\"Friday\"],\"opens\":\"10:00\",\"closes\":\"20:00\"},{\"@type\":\"OpeningHoursSpecification\",\"dayOfWeek\":[\"Saturday\"],\"opens\":\"10:00\",\"closes\":\"13:30\"}],\"email\":\"info@somllavors.com\"},{\"@type\":\"PostalAddress\",\"@id\":\"https:\/\/somllavors.com\/es\/producte\/joc-de-butxaca-per-pintar-8-pintures-omy#local-main-place-address\",\"streetAddress\":\"Carrer de l'aigua, 6\",\"addressLocality\":\"Vilanova i la Geltr\u00fa\",\"postalCode\":\"08800\",\"addressRegion\":\"Barcelona\",\"addressCountry\":\"ES\"},{\"@type\":\"ImageObject\",\"inLanguage\":\"es\",\"@id\":\"https:\/\/somllavors.com\/es\/producte\/joc-de-butxaca-per-pintar-8-pintures-omy#local-main-organization-logo\",\"url\":\"https:\/\/somllavors.com\/wp-content\/uploads\/Logotip-Som-Llavors.jpg\",\"contentUrl\":\"https:\/\/somllavors.com\/wp-content\/uploads\/Logotip-Som-Llavors.jpg\",\"width\":1444,\"height\":1323,\"caption\":\"Som Llavors\"}]}<\/script>\n<meta property=\"product:price:amount\" content=\"9.00\" \/>\n<meta property=\"product:price:currency\" content=\"EUR\" \/>\n<meta property=\"og:availability\" content=\"instock\" \/>\n<meta property=\"product:availability\" content=\"instock\" \/>\n<meta property=\"product:retailer_item_id\" content=\"POCK07\" \/>\n<meta property=\"product:condition\" content=\"new\" \/>\n<meta name=\"geo.placename\" content=\"Vilanova i la Geltr\u00fa\" \/>\n<meta name=\"geo.position\" content=\"41.2257737;1.723258859\" \/>\n<meta name=\"geo.region\" content=\"Espa\u00f1a\" \/>\n<!-- \/ Yoast SEO Premium plugin. -->","yoast_head_json":{"title":"Joc de butxaca per pintar Ocean + 8 pintures - OMY &#8212; Som Llavors","description":"1 rotllo de jocs de pintar + 1 crai\u00f3 amb 8 colors.   El joc de pintar favorit dels infants viatges per dur a cada bossa i portar a qualsevol lloc: en trens, restaurants, vaixells,...","robots":{"index":"index","follow":"follow","max-snippet":"max-snippet:-1","max-image-preview":"max-image-preview:large","max-video-preview":"max-video-preview:-1"},"canonical":"https:\/\/somllavors.com\/es\/producte\/joc-de-butxaca-per-pintar-8-pintures-omy","og_locale":"es_ES","og_type":"article","og_title":"Joc de butxaca per pintar Ocean + 8 pintures - OMY","og_description":"La teva botiga d\u2019ecocrian\u00e7a i espai d\u2019acompanyament a la maternitat","og_url":"https:\/\/somllavors.com\/es\/producte\/joc-de-butxaca-per-pintar-8-pintures-omy","og_site_name":"Som Llavors","article_publisher":"https:\/\/www.facebook.com\/somllavorsvng\/?locale=ca_ES","article_modified_time":"2025-01-11T12:18:21+00:00","og_image":[{"width":1313,"height":1453,"url":"https:\/\/somllavors.com\/wp-content\/uploads\/2023\/10\/POCK07_OCEAN_PACKSHOT_2.jpg","type":"image\/jpeg"}],"twitter_card":"summary_large_image","twitter_misc":{"Precio":"9,00&euro; Iva incl\u00f2s","Availability":"Hay existencias"},"schema":{"@context":"https:\/\/schema.org","@graph":[{"@type":"WebPage","@id":"https:\/\/somllavors.com\/es\/producte\/joc-de-butxaca-per-pintar-8-pintures-omy","url":"https:\/\/somllavors.com\/es\/producte\/joc-de-butxaca-per-pintar-8-pintures-omy","name":"Joc de butxaca per pintar Ocean + 8 pintures - OMY &#8212; Som Llavors","isPartOf":{"@id":"https:\/\/somllavors.com\/es#website"},"primaryImageOfPage":{"@id":"https:\/\/somllavors.com\/es\/producte\/joc-de-butxaca-per-pintar-8-pintures-omy#primaryimage"},"image":{"@id":"https:\/\/somllavors.com\/es\/producte\/joc-de-butxaca-per-pintar-8-pintures-omy#primaryimage"},"thumbnailUrl":"https:\/\/somllavors.com\/wp-content\/uploads\/2023\/10\/POCK07_OCEAN_PACKSHOT_2.jpg","datePublished":"2023-10-02T15:25:45+00:00","dateModified":"2025-01-11T12:18:21+00:00","description":"1 rotllo de jocs de pintar + 1 crai\u00f3 amb 8 colors. El joc de pintar favorit dels infants viatges per dur a cada bossa i portar a qualsevol lloc: en trens, restaurants, vaixells,...","breadcrumb":{"@id":"https:\/\/somllavors.com\/es\/producte\/joc-de-butxaca-per-pintar-8-pintures-omy#breadcrumb"},"inLanguage":"es","potentialAction":[{"@type":"ReadAction","target":["https:\/\/somllavors.com\/es\/producte\/joc-de-butxaca-per-pintar-8-pintures-omy"]}]},{"@type":"ImageObject","inLanguage":"es","@id":"https:\/\/somllavors.com\/es\/producte\/joc-de-butxaca-per-pintar-8-pintures-omy#primaryimage","url":"https:\/\/somllavors.com\/wp-content\/uploads\/2023\/10\/POCK07_OCEAN_PACKSHOT_2.jpg","contentUrl":"https:\/\/somllavors.com\/wp-content\/uploads\/2023\/10\/POCK07_OCEAN_PACKSHOT_2.jpg","width":1313,"height":1453,"caption":"juego para pintar de viaje"},{"@type":"BreadcrumbList","@id":"https:\/\/somllavors.com\/es\/producte\/joc-de-butxaca-per-pintar-8-pintures-omy#breadcrumb","itemListElement":[{"@type":"ListItem","position":1,"name":"Inici","item":"https:\/\/somllavors.com\/es"},{"@type":"ListItem","position":2,"name":"Tienda","item":"https:\/\/somllavors.com\/es\/botiga-2"},{"@type":"ListItem","position":3,"name":"Joc de butxaca per pintar Ocean + 8 pintures &#8211; OMY"}]},{"@type":"WebSite","@id":"https:\/\/somllavors.com\/es#website","url":"https:\/\/somllavors.com\/es","name":"Som Llavors","description":"Botiga de crian\u00e7a natural","publisher":{"@id":"https:\/\/somllavors.com\/es#organization"},"alternateName":"Crian\u00e7a Natural i Sostenible","potentialAction":[{"@type":"SearchAction","target":{"@type":"EntryPoint","urlTemplate":"https:\/\/somllavors.com\/es?s={search_term_string}"},"query-input":{"@type":"PropertyValueSpecification","valueRequired":true,"valueName":"search_term_string"}}],"inLanguage":"es"},{"@type":["Organization","Place","Store"],"@id":"https:\/\/somllavors.com\/es#organization","name":"Som Llavors","alternateName":"Crian\u00e7a Natural i Sostenible","url":"https:\/\/somllavors.com\/es","logo":{"@id":"https:\/\/somllavors.com\/es\/producte\/joc-de-butxaca-per-pintar-8-pintures-omy#local-main-organization-logo"},"image":{"@id":"https:\/\/somllavors.com\/es\/producte\/joc-de-butxaca-per-pintar-8-pintures-omy#local-main-organization-logo"},"sameAs":["https:\/\/www.facebook.com\/somllavorsvng\/?locale=ca_ES","https:\/\/www.instagram.com\/somllavors_vng\/","https:\/\/www.youtube.com\/@somllavors"],"address":{"@id":"https:\/\/somllavors.com\/es\/producte\/joc-de-butxaca-per-pintar-8-pintures-omy#local-main-place-address"},"geo":{"@type":"GeoCoordinates","latitude":"41.2257737","longitude":"1.723258859"},"telephone":["623152704","623152704"],"openingHoursSpecification":[{"@type":"OpeningHoursSpecification","dayOfWeek":["Monday","Sunday"],"opens":"00:00","closes":"00:00"},{"@type":"OpeningHoursSpecification","dayOfWeek":["Tuesday","Wednesday","Thursday","Friday"],"opens":"10:00","closes":"20:00"},{"@type":"OpeningHoursSpecification","dayOfWeek":["Saturday"],"opens":"10:00","closes":"13:30"}],"email":"info@somllavors.com"},{"@type":"PostalAddress","@id":"https:\/\/somllavors.com\/es\/producte\/joc-de-butxaca-per-pintar-8-pintures-omy#local-main-place-address","streetAddress":"Carrer de l'aigua, 6","addressLocality":"Vilanova i la Geltr\u00fa","postalCode":"08800","addressRegion":"Barcelona","addressCountry":"ES"},{"@type":"ImageObject","inLanguage":"es","@id":"https:\/\/somllavors.com\/es\/producte\/joc-de-butxaca-per-pintar-8-pintures-omy#local-main-organization-logo","url":"https:\/\/somllavors.com\/wp-content\/uploads\/Logotip-Som-Llavors.jpg","contentUrl":"https:\/\/somllavors.com\/wp-content\/uploads\/Logotip-Som-Llavors.jpg","width":1444,"height":1323,"caption":"Som Llavors"}]},"product_price_amount":"9.00","product_price_currency":"EUR","og_availability":"instock","product_availability":"instock","product_retailer_item_id":"POCK07","product_condition":"new","geo.placename":"Vilanova i la Geltr\u00fa","geo.position":{"lat":"41.2257737","long":"1.723258859"},"geo.region":"Espa\u00f1a"},"brands":[{"id":4146,"name":"OMY","slug":"omy"}],"_links":{"self":[{"href":"https:\/\/somllavors.com\/es\/wp-json\/wp\/v2\/product\/46265","targetHints":{"allow":["GET"]}}],"collection":[{"href":"https:\/\/somllavors.com\/es\/wp-json\/wp\/v2\/product"}],"about":[{"href":"https:\/\/somllavors.com\/es\/wp-json\/wp\/v2\/types\/product"}],"wp:featuredmedia":[{"embeddable":true,"href":"https:\/\/somllavors.com\/es\/wp-json\/wp\/v2\/media\/46284"}],"wp:attachment":[{"href":"https:\/\/somllavors.com\/es\/wp-json\/wp\/v2\/media?parent=46265"}],"wp:term":[{"taxonomy":"pwb-brand","embeddable":true,"href":"https:\/\/somllavors.com\/es\/wp-json\/wp\/v2\/pwb-brand?post=46265"},{"taxonomy":"product_brand","embeddable":true,"href":"https:\/\/somllavors.com\/es\/wp-json\/wp\/v2\/product_brand?post=46265"},{"taxonomy":"product_cat","embeddable":true,"href":"https:\/\/somllavors.com\/es\/wp-json\/wp\/v2\/product_cat?post=46265"},{"taxonomy":"product_tag","embeddable":true,"href":"https:\/\/somllavors.com\/es\/wp-json\/wp\/v2\/product_tag?post=46265"}],"curies":[{"name":"wp","href":"https:\/\/api.w.org\/{rel}","templated":true}]}}