{"id":46366,"date":"2023-10-04T09:29:59","date_gmt":"2023-10-04T07:29:59","guid":{"rendered":"https:\/\/somllavors.com\/?post_type=product&#038;p=46366"},"modified":"2025-09-04T10:06:06","modified_gmt":"2025-09-04T08:06:06","slug":"botella-acero-532-ml-daisy-klean-kanteen","status":"publish","type":"product","link":"https:\/\/somllavors.com\/es\/producte\/botella-acero-532-ml-daisy-klean-kanteen","title":{"rendered":"Botella de acero 532 ml Daisy &#8211; Klean Kanteen"},"content":{"rendered":"<ul>\n<li>El acabado de pintura en polvo Klean Coat\u2122 es duradero, resistente a los golpes y seguro para las personas y el planeta.<\/li>\n<li>El tama\u00f1o de 18 oz presenta un perfil estrecho para facilitar la adherencia, embalaje y transporte.<\/li>\n<\/ul>\n","protected":false},"excerpt":{"rendered":"<p>La botella de 532 ml. es la botella original de Klean Kanteen de acero inoxidable de alta resistencia para agua dise\u00f1ada para ni\u00f1os y adultos que tengan en mente una f\u00e1cil hidrataci\u00f3n. El dise\u00f1o de una sola pared es ligero, peque\u00f1o y f\u00e1cil de llevar a cualquier sitio.<\/p>\n","protected":false},"featured_media":46370,"template":"","meta":{"_acf_changed":false,"site-sidebar-layout":"default","site-content-layout":"default","ast-site-content-layout":"default","site-content-style":"default","site-sidebar-style":"default","ast-global-header-display":"","ast-banner-title-visibility":"","ast-main-header-display":"","ast-hfb-above-header-display":"","ast-hfb-below-header-display":"","ast-hfb-mobile-header-display":"","site-post-title":"","ast-breadcrumbs-content":"","ast-featured-img":"","footer-sml-layout":"","ast-disable-related-posts":"","theme-transparent-header-meta":"default","adv-header-id-meta":"","stick-header-meta":"","header-above-stick-meta":"","header-main-stick-meta":"","header-below-stick-meta":"","astra-migrate-meta-layouts":"default","ast-page-background-enabled":"default","ast-page-background-meta":{"desktop":{"background-color":"","background-image":"","background-repeat":"repeat","background-position":"center center","background-size":"auto","background-attachment":"scroll","background-type":"","background-media":"","overlay-type":"","overlay-color":"","overlay-opacity":"","overlay-gradient":""},"tablet":{"background-color":"","background-image":"","background-repeat":"repeat","background-position":"center center","background-size":"auto","background-attachment":"scroll","background-type":"","background-media":"","overlay-type":"","overlay-color":"","overlay-opacity":"","overlay-gradient":""},"mobile":{"background-color":"","background-image":"","background-repeat":"repeat","background-position":"center center","background-size":"auto","background-attachment":"scroll","background-type":"","background-media":"","overlay-type":"","overlay-color":"","overlay-opacity":"","overlay-gradient":""}},"ast-content-background-meta":{"desktop":{"background-color":"var(--ast-global-color-5)","background-image":"","background-repeat":"repeat","background-position":"center center","background-size":"auto","background-attachment":"scroll","background-type":"","background-media":"","overlay-type":"","overlay-color":"","overlay-opacity":"","overlay-gradient":""},"tablet":{"background-color":"var(--ast-global-color-5)","background-image":"","background-repeat":"repeat","background-position":"center center","background-size":"auto","background-attachment":"scroll","background-type":"","background-media":"","overlay-type":"","overlay-color":"","overlay-opacity":"","overlay-gradient":""},"mobile":{"background-color":"var(--ast-global-color-5)","background-image":"","background-repeat":"repeat","background-position":"center center","background-size":"auto","background-attachment":"scroll","background-type":"","background-media":"","overlay-type":"","overlay-color":"","overlay-opacity":"","overlay-gradient":""}}},"pwb-brand":[4153],"product_brand":[],"product_cat":[3457,3611],"product_tag":[2307,2969,3873,2380],"class_list":{"0":"post-46366","1":"product","2":"type-product","3":"status-publish","4":"has-post-thumbnail","6":"pwb-brand-klean-kanteen","7":"product_cat-botellas","8":"product_cat-vuelta-al-cole","9":"product_tag-botella-es","10":"product_tag-inoxidable-es","11":"product_tag-klean-kanteen-es","12":"product_tag-vuelta-al-cole-es","13":"pa_color-azul","14":"pa_color-lemons-es","15":"pa_color-lila-es","16":"pa_color-menta-es","17":"pa_color-pepper-es","18":"desktop-align-left","19":"tablet-align-left","20":"mobile-align-left","22":"first","23":"outofstock","24":"taxable","25":"shipping-taxable","26":"purchasable","27":"product-type-simple"},"acf":[],"yoast_head":"<!-- This site is optimized with the Yoast SEO Premium plugin v18.3 (Yoast SEO v27.4) - https:\/\/yoast.com\/product\/yoast-seo-premium-wordpress\/ -->\n<title>Botella de acero 532 ml Daisy - Klean Kanteen &#8212; Som Llavors<\/title>\n<meta name=\"description\" content=\"La botella de 532 ml. es la botella original de Klean Kanteen de acero inoxidable de alta resistencia para agua dise\u00f1ada para ni\u00f1os y adultos que tengan en mente una f\u00e1cil hidrataci\u00f3n. El dise\u00f1o de una sola pared es ligero, peque\u00f1o y f\u00e1cil de llevar a cualquier sitio.\" \/>\n<meta name=\"robots\" content=\"index, follow, max-snippet:-1, max-image-preview:large, max-video-preview:-1\" \/>\n<link rel=\"canonical\" href=\"https:\/\/somllavors.com\/es\/producte\/botella-acero-532-ml-daisy-klean-kanteen\" \/>\n<meta property=\"og:locale\" content=\"es_ES\" \/>\n<meta property=\"og:type\" content=\"article\" \/>\n<meta property=\"og:title\" content=\"Botella de acero 532 ml Daisy - Klean Kanteen\" \/>\n<meta property=\"og:description\" content=\"La teva botiga d\u2019ecocrian\u00e7a i espai d\u2019acompanyament a la maternitat\" \/>\n<meta property=\"og:url\" content=\"https:\/\/somllavors.com\/es\/producte\/botella-acero-532-ml-daisy-klean-kanteen\" \/>\n<meta property=\"og:site_name\" content=\"Som Llavors\" \/>\n<meta property=\"article:publisher\" content=\"https:\/\/www.facebook.com\/somllavorsvng\/?locale=ca_ES\" \/>\n<meta property=\"article:modified_time\" content=\"2025-09-04T08:06:06+00:00\" \/>\n<meta property=\"og:image\" content=\"https:\/\/somllavors.com\/wp-content\/uploads\/2023\/10\/Som-Llavors-Botella-Classic-con-Tapa-Sport-Klean-Kanteen-18oz-532ml-amarillo-1010118a-1.jpg\" \/>\n\t<meta property=\"og:image:width\" content=\"2000\" \/>\n\t<meta property=\"og:image:height\" content=\"2000\" \/>\n\t<meta property=\"og:image:type\" content=\"image\/jpeg\" \/>\n<meta name=\"twitter:card\" content=\"summary_large_image\" \/>\n<meta name=\"twitter:label1\" content=\"Precio\" \/>\n\t<meta name=\"twitter:data1\" content=\"24,95&euro; Iva incl\u00f2s\" \/>\n\t<meta name=\"twitter:label2\" content=\"Availability\" \/>\n\t<meta name=\"twitter:data2\" content=\"Out of stock\" \/>\n<script type=\"application\/ld+json\" class=\"yoast-schema-graph\">{\"@context\":\"https:\\\/\\\/schema.org\",\"@graph\":[{\"@type\":\"WebPage\",\"@id\":\"https:\\\/\\\/somllavors.com\\\/es\\\/producte\\\/botella-acero-532-ml-daisy-klean-kanteen\",\"url\":\"https:\\\/\\\/somllavors.com\\\/es\\\/producte\\\/botella-acero-532-ml-daisy-klean-kanteen\",\"name\":\"Botella de acero 532 ml Daisy - Klean Kanteen &#8212; Som Llavors\",\"isPartOf\":{\"@id\":\"https:\\\/\\\/somllavors.com\\\/es#website\"},\"primaryImageOfPage\":{\"@id\":\"https:\\\/\\\/somllavors.com\\\/es\\\/producte\\\/botella-acero-532-ml-daisy-klean-kanteen#primaryimage\"},\"image\":{\"@id\":\"https:\\\/\\\/somllavors.com\\\/es\\\/producte\\\/botella-acero-532-ml-daisy-klean-kanteen#primaryimage\"},\"thumbnailUrl\":\"https:\\\/\\\/somllavors.com\\\/wp-content\\\/uploads\\\/2023\\\/10\\\/Som-Llavors-Botella-Classic-con-Tapa-Sport-Klean-Kanteen-18oz-532ml-amarillo-1010118a-1.jpg\",\"datePublished\":\"2023-10-04T07:29:59+00:00\",\"dateModified\":\"2025-09-04T08:06:06+00:00\",\"description\":\"La botella de 532 ml. es la botella original de Klean Kanteen de acero inoxidable de alta resistencia para agua dise\u00f1ada para ni\u00f1os y adultos que tengan en mente una f\u00e1cil hidrataci\u00f3n. El dise\u00f1o de una sola pared es ligero, peque\u00f1o y f\u00e1cil de llevar a cualquier sitio.\",\"breadcrumb\":{\"@id\":\"https:\\\/\\\/somllavors.com\\\/es\\\/producte\\\/botella-acero-532-ml-daisy-klean-kanteen#breadcrumb\"},\"inLanguage\":\"es\",\"potentialAction\":[{\"@type\":\"ReadAction\",\"target\":[\"https:\\\/\\\/somllavors.com\\\/es\\\/producte\\\/botella-acero-532-ml-daisy-klean-kanteen\"]}]},{\"@type\":\"ImageObject\",\"inLanguage\":\"es\",\"@id\":\"https:\\\/\\\/somllavors.com\\\/es\\\/producte\\\/botella-acero-532-ml-daisy-klean-kanteen#primaryimage\",\"url\":\"https:\\\/\\\/somllavors.com\\\/wp-content\\\/uploads\\\/2023\\\/10\\\/Som-Llavors-Botella-Classic-con-Tapa-Sport-Klean-Kanteen-18oz-532ml-amarillo-1010118a-1.jpg\",\"contentUrl\":\"https:\\\/\\\/somllavors.com\\\/wp-content\\\/uploads\\\/2023\\\/10\\\/Som-Llavors-Botella-Classic-con-Tapa-Sport-Klean-Kanteen-18oz-532ml-amarillo-1010118a-1.jpg\",\"width\":2000,\"height\":2000,\"caption\":\"botella klean kanteen 500 ml\"},{\"@type\":\"BreadcrumbList\",\"@id\":\"https:\\\/\\\/somllavors.com\\\/es\\\/producte\\\/botella-acero-532-ml-daisy-klean-kanteen#breadcrumb\",\"itemListElement\":[{\"@type\":\"ListItem\",\"position\":1,\"name\":\"Inici\",\"item\":\"https:\\\/\\\/somllavors.com\\\/es\"},{\"@type\":\"ListItem\",\"position\":2,\"name\":\"Tienda\",\"item\":\"https:\\\/\\\/somllavors.com\\\/es\\\/botiga-2\"},{\"@type\":\"ListItem\",\"position\":3,\"name\":\"Botella de acero 532 ml Daisy &#8211; Klean Kanteen\"}]},{\"@type\":\"WebSite\",\"@id\":\"https:\\\/\\\/somllavors.com\\\/es#website\",\"url\":\"https:\\\/\\\/somllavors.com\\\/es\",\"name\":\"Som Llavors\",\"description\":\"Botiga de crian\u00e7a natural\",\"publisher\":{\"@id\":\"https:\\\/\\\/somllavors.com\\\/es#organization\"},\"alternateName\":\"Crian\u00e7a Natural i Sostenible\",\"potentialAction\":[{\"@type\":\"SearchAction\",\"target\":{\"@type\":\"EntryPoint\",\"urlTemplate\":\"https:\\\/\\\/somllavors.com\\\/es?s={search_term_string}\"},\"query-input\":{\"@type\":\"PropertyValueSpecification\",\"valueRequired\":true,\"valueName\":\"search_term_string\"}}],\"inLanguage\":\"es\"},{\"@type\":[\"Organization\",\"Place\",\"Store\"],\"@id\":\"https:\\\/\\\/somllavors.com\\\/es#organization\",\"name\":\"Som Llavors\",\"alternateName\":\"Crian\u00e7a Natural i Sostenible\",\"url\":\"https:\\\/\\\/somllavors.com\\\/es\",\"logo\":{\"@id\":\"https:\\\/\\\/somllavors.com\\\/es\\\/producte\\\/botella-acero-532-ml-daisy-klean-kanteen#local-main-organization-logo\"},\"image\":{\"@id\":\"https:\\\/\\\/somllavors.com\\\/es\\\/producte\\\/botella-acero-532-ml-daisy-klean-kanteen#local-main-organization-logo\"},\"sameAs\":[\"https:\\\/\\\/www.facebook.com\\\/somllavorsvng\\\/?locale=ca_ES\",\"https:\\\/\\\/www.instagram.com\\\/somllavors_vng\\\/\",\"https:\\\/\\\/www.youtube.com\\\/@somllavors\"],\"address\":{\"@id\":\"https:\\\/\\\/somllavors.com\\\/es\\\/producte\\\/botella-acero-532-ml-daisy-klean-kanteen#local-main-place-address\"},\"geo\":{\"@type\":\"GeoCoordinates\",\"latitude\":\"41.2257737\",\"longitude\":\"1.723258859\"},\"telephone\":[\"623152704\"],\"openingHoursSpecification\":[{\"@type\":\"OpeningHoursSpecification\",\"dayOfWeek\":[\"Monday\",\"Sunday\"],\"opens\":\"00:00\",\"closes\":\"00:00\"},{\"@type\":\"OpeningHoursSpecification\",\"dayOfWeek\":[\"Tuesday\",\"Wednesday\",\"Thursday\",\"Friday\"],\"opens\":\"10:00\",\"closes\":\"20:00\"},{\"@type\":\"OpeningHoursSpecification\",\"dayOfWeek\":[\"Saturday\"],\"opens\":\"10:00\",\"closes\":\"13:30\"}],\"email\":\"info@somllavors.com\"},{\"@type\":\"PostalAddress\",\"@id\":\"https:\\\/\\\/somllavors.com\\\/es\\\/producte\\\/botella-acero-532-ml-daisy-klean-kanteen#local-main-place-address\",\"streetAddress\":\"Carrer de l'aigua, 6\",\"addressLocality\":\"Vilanova i la Geltr\u00fa\",\"postalCode\":\"08800\",\"addressRegion\":\"Barcelona\",\"addressCountry\":\"ES\"},{\"@type\":\"ImageObject\",\"inLanguage\":\"es\",\"@id\":\"https:\\\/\\\/somllavors.com\\\/es\\\/producte\\\/botella-acero-532-ml-daisy-klean-kanteen#local-main-organization-logo\",\"url\":\"https:\\\/\\\/somllavors.com\\\/wp-content\\\/uploads\\\/Logotip-Som-Llavors.jpg\",\"contentUrl\":\"https:\\\/\\\/somllavors.com\\\/wp-content\\\/uploads\\\/Logotip-Som-Llavors.jpg\",\"width\":1444,\"height\":1323,\"caption\":\"Som Llavors\"}]}<\/script>\n<meta property=\"product:price:amount\" content=\"24.95\" \/>\n<meta property=\"product:price:currency\" content=\"EUR\" \/>\n<meta property=\"og:availability\" content=\"out of stock\" \/>\n<meta property=\"product:availability\" content=\"out of stock\" \/>\n<meta property=\"product:retailer_item_id\" content=\"1010118\" \/>\n<meta property=\"product:condition\" content=\"new\" \/>\n<meta name=\"geo.placename\" content=\"Vilanova i la Geltr\u00fa\" \/>\n<meta name=\"geo.position\" content=\"41.2257737;1.723258859\" \/>\n<meta name=\"geo.region\" content=\"Espa\u00f1a\" \/>\n<!-- \/ Yoast SEO Premium plugin. -->","yoast_head_json":{"title":"Botella de acero 532 ml Daisy - Klean Kanteen &#8212; Som Llavors","description":"La botella de 532 ml. es la botella original de Klean Kanteen de acero inoxidable de alta resistencia para agua dise\u00f1ada para ni\u00f1os y adultos que tengan en mente una f\u00e1cil hidrataci\u00f3n. El dise\u00f1o de una sola pared es ligero, peque\u00f1o y f\u00e1cil de llevar a cualquier sitio.","robots":{"index":"index","follow":"follow","max-snippet":"max-snippet:-1","max-image-preview":"max-image-preview:large","max-video-preview":"max-video-preview:-1"},"canonical":"https:\/\/somllavors.com\/es\/producte\/botella-acero-532-ml-daisy-klean-kanteen","og_locale":"es_ES","og_type":"article","og_title":"Botella de acero 532 ml Daisy - Klean Kanteen","og_description":"La teva botiga d\u2019ecocrian\u00e7a i espai d\u2019acompanyament a la maternitat","og_url":"https:\/\/somllavors.com\/es\/producte\/botella-acero-532-ml-daisy-klean-kanteen","og_site_name":"Som Llavors","article_publisher":"https:\/\/www.facebook.com\/somllavorsvng\/?locale=ca_ES","article_modified_time":"2025-09-04T08:06:06+00:00","og_image":[{"width":2000,"height":2000,"url":"https:\/\/somllavors.com\/wp-content\/uploads\/2023\/10\/Som-Llavors-Botella-Classic-con-Tapa-Sport-Klean-Kanteen-18oz-532ml-amarillo-1010118a-1.jpg","type":"image\/jpeg"}],"twitter_card":"summary_large_image","twitter_misc":{"Precio":"24,95&euro; Iva incl\u00f2s","Availability":"Out of stock"},"schema":{"@context":"https:\/\/schema.org","@graph":[{"@type":"WebPage","@id":"https:\/\/somllavors.com\/es\/producte\/botella-acero-532-ml-daisy-klean-kanteen","url":"https:\/\/somllavors.com\/es\/producte\/botella-acero-532-ml-daisy-klean-kanteen","name":"Botella de acero 532 ml Daisy - Klean Kanteen &#8212; Som Llavors","isPartOf":{"@id":"https:\/\/somllavors.com\/es#website"},"primaryImageOfPage":{"@id":"https:\/\/somllavors.com\/es\/producte\/botella-acero-532-ml-daisy-klean-kanteen#primaryimage"},"image":{"@id":"https:\/\/somllavors.com\/es\/producte\/botella-acero-532-ml-daisy-klean-kanteen#primaryimage"},"thumbnailUrl":"https:\/\/somllavors.com\/wp-content\/uploads\/2023\/10\/Som-Llavors-Botella-Classic-con-Tapa-Sport-Klean-Kanteen-18oz-532ml-amarillo-1010118a-1.jpg","datePublished":"2023-10-04T07:29:59+00:00","dateModified":"2025-09-04T08:06:06+00:00","description":"La botella de 532 ml. es la botella original de Klean Kanteen de acero inoxidable de alta resistencia para agua dise\u00f1ada para ni\u00f1os y adultos que tengan en mente una f\u00e1cil hidrataci\u00f3n. El dise\u00f1o de una sola pared es ligero, peque\u00f1o y f\u00e1cil de llevar a cualquier sitio.","breadcrumb":{"@id":"https:\/\/somllavors.com\/es\/producte\/botella-acero-532-ml-daisy-klean-kanteen#breadcrumb"},"inLanguage":"es","potentialAction":[{"@type":"ReadAction","target":["https:\/\/somllavors.com\/es\/producte\/botella-acero-532-ml-daisy-klean-kanteen"]}]},{"@type":"ImageObject","inLanguage":"es","@id":"https:\/\/somllavors.com\/es\/producte\/botella-acero-532-ml-daisy-klean-kanteen#primaryimage","url":"https:\/\/somllavors.com\/wp-content\/uploads\/2023\/10\/Som-Llavors-Botella-Classic-con-Tapa-Sport-Klean-Kanteen-18oz-532ml-amarillo-1010118a-1.jpg","contentUrl":"https:\/\/somllavors.com\/wp-content\/uploads\/2023\/10\/Som-Llavors-Botella-Classic-con-Tapa-Sport-Klean-Kanteen-18oz-532ml-amarillo-1010118a-1.jpg","width":2000,"height":2000,"caption":"botella klean kanteen 500 ml"},{"@type":"BreadcrumbList","@id":"https:\/\/somllavors.com\/es\/producte\/botella-acero-532-ml-daisy-klean-kanteen#breadcrumb","itemListElement":[{"@type":"ListItem","position":1,"name":"Inici","item":"https:\/\/somllavors.com\/es"},{"@type":"ListItem","position":2,"name":"Tienda","item":"https:\/\/somllavors.com\/es\/botiga-2"},{"@type":"ListItem","position":3,"name":"Botella de acero 532 ml Daisy &#8211; Klean Kanteen"}]},{"@type":"WebSite","@id":"https:\/\/somllavors.com\/es#website","url":"https:\/\/somllavors.com\/es","name":"Som Llavors","description":"Botiga de crian\u00e7a natural","publisher":{"@id":"https:\/\/somllavors.com\/es#organization"},"alternateName":"Crian\u00e7a Natural i Sostenible","potentialAction":[{"@type":"SearchAction","target":{"@type":"EntryPoint","urlTemplate":"https:\/\/somllavors.com\/es?s={search_term_string}"},"query-input":{"@type":"PropertyValueSpecification","valueRequired":true,"valueName":"search_term_string"}}],"inLanguage":"es"},{"@type":["Organization","Place","Store"],"@id":"https:\/\/somllavors.com\/es#organization","name":"Som Llavors","alternateName":"Crian\u00e7a Natural i Sostenible","url":"https:\/\/somllavors.com\/es","logo":{"@id":"https:\/\/somllavors.com\/es\/producte\/botella-acero-532-ml-daisy-klean-kanteen#local-main-organization-logo"},"image":{"@id":"https:\/\/somllavors.com\/es\/producte\/botella-acero-532-ml-daisy-klean-kanteen#local-main-organization-logo"},"sameAs":["https:\/\/www.facebook.com\/somllavorsvng\/?locale=ca_ES","https:\/\/www.instagram.com\/somllavors_vng\/","https:\/\/www.youtube.com\/@somllavors"],"address":{"@id":"https:\/\/somllavors.com\/es\/producte\/botella-acero-532-ml-daisy-klean-kanteen#local-main-place-address"},"geo":{"@type":"GeoCoordinates","latitude":"41.2257737","longitude":"1.723258859"},"telephone":["623152704","623152704"],"openingHoursSpecification":[{"@type":"OpeningHoursSpecification","dayOfWeek":["Monday","Sunday"],"opens":"00:00","closes":"00:00"},{"@type":"OpeningHoursSpecification","dayOfWeek":["Tuesday","Wednesday","Thursday","Friday"],"opens":"10:00","closes":"20:00"},{"@type":"OpeningHoursSpecification","dayOfWeek":["Saturday"],"opens":"10:00","closes":"13:30"}],"email":"info@somllavors.com"},{"@type":"PostalAddress","@id":"https:\/\/somllavors.com\/es\/producte\/botella-acero-532-ml-daisy-klean-kanteen#local-main-place-address","streetAddress":"Carrer de l'aigua, 6","addressLocality":"Vilanova i la Geltr\u00fa","postalCode":"08800","addressRegion":"Barcelona","addressCountry":"ES"},{"@type":"ImageObject","inLanguage":"es","@id":"https:\/\/somllavors.com\/es\/producte\/botella-acero-532-ml-daisy-klean-kanteen#local-main-organization-logo","url":"https:\/\/somllavors.com\/wp-content\/uploads\/Logotip-Som-Llavors.jpg","contentUrl":"https:\/\/somllavors.com\/wp-content\/uploads\/Logotip-Som-Llavors.jpg","width":1444,"height":1323,"caption":"Som Llavors"}]},"product_price_amount":"24.95","product_price_currency":"EUR","og_availability":"out of stock","product_availability":"out of stock","product_retailer_item_id":"1010118","product_condition":"new","geo.placename":"Vilanova i la Geltr\u00fa","geo.position":{"lat":"41.2257737","long":"1.723258859"},"geo.region":"Espa\u00f1a"},"brands":[{"id":4153,"name":"Klean Kanteen","slug":"klean-kanteen"}],"_links":{"self":[{"href":"https:\/\/somllavors.com\/es\/wp-json\/wp\/v2\/product\/46366","targetHints":{"allow":["GET"]}}],"collection":[{"href":"https:\/\/somllavors.com\/es\/wp-json\/wp\/v2\/product"}],"about":[{"href":"https:\/\/somllavors.com\/es\/wp-json\/wp\/v2\/types\/product"}],"wp:featuredmedia":[{"embeddable":true,"href":"https:\/\/somllavors.com\/es\/wp-json\/wp\/v2\/media\/46370"}],"wp:attachment":[{"href":"https:\/\/somllavors.com\/es\/wp-json\/wp\/v2\/media?parent=46366"}],"wp:term":[{"taxonomy":"pwb-brand","embeddable":true,"href":"https:\/\/somllavors.com\/es\/wp-json\/wp\/v2\/pwb-brand?post=46366"},{"taxonomy":"product_brand","embeddable":true,"href":"https:\/\/somllavors.com\/es\/wp-json\/wp\/v2\/product_brand?post=46366"},{"taxonomy":"product_cat","embeddable":true,"href":"https:\/\/somllavors.com\/es\/wp-json\/wp\/v2\/product_cat?post=46366"},{"taxonomy":"product_tag","embeddable":true,"href":"https:\/\/somllavors.com\/es\/wp-json\/wp\/v2\/product_tag?post=46366"}],"curies":[{"name":"wp","href":"https:\/\/api.w.org\/{rel}","templated":true}]}}