{"id":46387,"date":"2023-10-04T10:32:53","date_gmt":"2023-10-04T08:32:53","guid":{"rendered":"https:\/\/somllavors.com\/?post_type=product&#038;p=46387"},"modified":"2023-10-14T11:50:47","modified_gmt":"2023-10-14T09:50:47","slug":"motxilla-portanadons-flip-preschool-just-stone-kokadi","status":"publish","type":"product","link":"https:\/\/somllavors.com\/es\/producte\/motxilla-portanadons-flip-preschool-just-stone-kokadi","title":{"rendered":"Motxilla portanadons Flip Preschool Just Stone &#8211; Kokadi"},"content":{"rendered":"<ul>\n<li>Gr\u00e0cies a la motxilla Flip, podr\u00e0s portar el teu nad\u00f3 amb tu a tot arreu i tenir les dues mans lliures. Al mateix temps, el nad\u00f3 est\u00e0 arraulit a prop teu i se sent segur i protegit.<\/li>\n<li>El portanadons Flip \u00e9s tan f\u00e0cil de posar com una motxilla. Podeu obrir-los i tancar-los f\u00e0cilment amb sivelles al cintur\u00f3 de maluc i les corretges de les espatlles. Quan ho hagis configurat, estar\u00e0s preparat\/da per utilitzar-la en un instant.<\/li>\n<li>Amb el flip pots portar el teu nad\u00f3 a la part davantera o a l&#8217;esquena. Meravellosament senzill, \u00e9s perfecte per a principiants.<\/li>\n<li><span style=\"font-size: 16px;\">El portabeb\u00e8s Flip d\u00f3na suport al desenvolupament saludable dels malucs del seu nad\u00f3, ja que pot adoptar la posici\u00f3 en M ergon\u00f2micament correcta quan es transporta. Simplement s&#8217;ha d&#8217;ajustar el cintur\u00f3 de maluc del portabeb\u00e8s a la mida del nad\u00f3 usant el tancament de velcro. D&#8217;aquesta manera, el teu flip s&#8217;adapta perfectament al teu nad\u00f3 i sempre est\u00e0 llest per a la propera estirada.<\/span><\/li>\n<li><span style=\"font-size: 16px;\">Tamb\u00e9 es cuida la comoditat d&#8217;\u00fas. El Flip t\u00e9 corretges per a les espatlles de tall ergon\u00f2mic que estan suaument encoixinades, igual que el cintur\u00f3 de maluc. D&#8217;aquesta manera, el pes de l&#8217;infant es distribueix agradablement en transportar-lo i gaudeixes de la millor comoditat d&#8217;\u00fas.<\/span><\/li>\n<li>Meravellosament lleugera, moderna i s\u00faper tendre! Gaudeix de moments de porteig de somni amb el teu nad\u00f3 des del principi amb aquesta motxilla!<\/li>\n<li>Material: 100% cot\u00f3 org\u00e0nic<\/li>\n<li>Teixit: jacquard<\/li>\n<li>Veg\u00e0: S\u00ed<\/li>\n<\/ul>\n","protected":false},"excerpt":{"rendered":"<p>La motxilla portanadons \u00e9s incre\u00efblement c\u00f2moda i meravellosament suau. Dissenyat per a fam\u00edlies a qui els agrada el subtil i simple, els portanadons Flip d&#8217;un sol color s\u00f3n assequibles sense comprometre la qualitat o la funcionalitat dels productes.<\/p>\n<ul>\n<li>Corretges d&#8217;espatlla encoixinades i acolorides per les sivelles<\/li>\n<li>F\u00e0cil i r\u00e0pid de posar<\/li>\n<li>Fet de cot\u00f3 100% org\u00e0nic<\/li>\n<li>A partir de dos anys aproximadament.<\/li>\n<\/ul>\n<p>La motxilla porta nad\u00f3 Flip Just Stone est\u00e0 feta de 100% cot\u00f3 org\u00e0nic molt suau.<\/p>\n<p>&nbsp;<\/p>\n","protected":false},"featured_media":40629,"template":"","meta":{"_acf_changed":false,"site-sidebar-layout":"default","site-content-layout":"default","ast-site-content-layout":"default","site-content-style":"default","site-sidebar-style":"default","ast-global-header-display":"","ast-banner-title-visibility":"","ast-main-header-display":"","ast-hfb-above-header-display":"","ast-hfb-below-header-display":"","ast-hfb-mobile-header-display":"","site-post-title":"","ast-breadcrumbs-content":"","ast-featured-img":"","footer-sml-layout":"","ast-disable-related-posts":"","theme-transparent-header-meta":"default","adv-header-id-meta":"","stick-header-meta":"","header-above-stick-meta":"","header-main-stick-meta":"","header-below-stick-meta":"","astra-migrate-meta-layouts":"default","ast-page-background-enabled":"default","ast-page-background-meta":{"desktop":{"background-color":"","background-image":"","background-repeat":"repeat","background-position":"center center","background-size":"auto","background-attachment":"scroll","background-type":"","background-media":"","overlay-type":"","overlay-color":"","overlay-opacity":"","overlay-gradient":""},"tablet":{"background-color":"","background-image":"","background-repeat":"repeat","background-position":"center center","background-size":"auto","background-attachment":"scroll","background-type":"","background-media":"","overlay-type":"","overlay-color":"","overlay-opacity":"","overlay-gradient":""},"mobile":{"background-color":"","background-image":"","background-repeat":"repeat","background-position":"center center","background-size":"auto","background-attachment":"scroll","background-type":"","background-media":"","overlay-type":"","overlay-color":"","overlay-opacity":"","overlay-gradient":""}},"ast-content-background-meta":{"desktop":{"background-color":"var(--ast-global-color-5)","background-image":"","background-repeat":"repeat","background-position":"center center","background-size":"auto","background-attachment":"scroll","background-type":"","background-media":"","overlay-type":"","overlay-color":"","overlay-opacity":"","overlay-gradient":""},"tablet":{"background-color":"var(--ast-global-color-5)","background-image":"","background-repeat":"repeat","background-position":"center center","background-size":"auto","background-attachment":"scroll","background-type":"","background-media":"","overlay-type":"","overlay-color":"","overlay-opacity":"","overlay-gradient":""},"mobile":{"background-color":"var(--ast-global-color-5)","background-image":"","background-repeat":"repeat","background-position":"center center","background-size":"auto","background-attachment":"scroll","background-type":"","background-media":"","overlay-type":"","overlay-color":"","overlay-opacity":"","overlay-gradient":""}}},"pwb-brand":[4123],"product_brand":[],"product_cat":[77],"product_tag":[4125,4126,4127,4128,1590,4124],"class_list":{"0":"post-46387","1":"product","2":"type-product","3":"status-publish","4":"has-post-thumbnail","6":"pwb-brand-kokadi","7":"product_cat-motxilles-ergonomiques","8":"product_tag-flip","9":"product_tag-kokadi","10":"product_tag-mochilas-ergonomicas","11":"product_tag-mochilas-evolutivas","12":"product_tag-portabebes","13":"product_tag-portanadons","14":"desktop-align-left","15":"tablet-align-left","16":"mobile-align-left","18":"first","19":"outofstock","20":"taxable","21":"shipping-taxable","22":"purchasable","23":"product-type-simple"},"acf":[],"yoast_head":"<!-- This site is optimized with the Yoast SEO Premium plugin v18.3 (Yoast SEO v27.4) - https:\/\/yoast.com\/product\/yoast-seo-premium-wordpress\/ -->\n<title>Motxilla portanadons Flip Preschool Just Stone - Kokadi &#8212; Som Llavors<\/title>\n<meta name=\"description\" content=\"La motxilla portanadons \u00e9s incre\u00efblement c\u00f2moda i meravellosament suau. Dissenyat per a fam\u00edlies a qui els agrada el subtil i simple, els portanadons Flip d&#039;un sol color s\u00f3n assequibles sense comprometre la qualitat o la funcionalitat dels productes.   Corretges d&#039;espatlla encoixinades i acolorides per les sivelles  F\u00e0cil i r\u00e0pid de posar  Fet de cot\u00f3 100% org\u00e0nic  A partir de dos anys aproximadament.  La motxilla porta nad\u00f3 Flip Just Stone est\u00e0 feta de 100% cot\u00f3 org\u00e0nic molt suau.  &nbsp;\" \/>\n<meta name=\"robots\" content=\"index, follow, max-snippet:-1, max-image-preview:large, max-video-preview:-1\" \/>\n<link rel=\"canonical\" href=\"https:\/\/somllavors.com\/es\/producte\/motxilla-portanadons-flip-preschool-just-stone-kokadi\" \/>\n<meta property=\"og:locale\" content=\"es_ES\" \/>\n<meta property=\"og:type\" content=\"article\" \/>\n<meta property=\"og:title\" content=\"Motxilla portanadons Flip Preschool Just Stone - Kokadi\" \/>\n<meta property=\"og:description\" content=\"La teva botiga d\u2019ecocrian\u00e7a i espai d\u2019acompanyament a la maternitat\" \/>\n<meta property=\"og:url\" content=\"https:\/\/somllavors.com\/es\/producte\/motxilla-portanadons-flip-preschool-just-stone-kokadi\" \/>\n<meta property=\"og:site_name\" content=\"Som Llavors\" \/>\n<meta property=\"article:publisher\" content=\"https:\/\/www.facebook.com\/somllavorsvng\/?locale=ca_ES\" \/>\n<meta property=\"article:modified_time\" content=\"2023-10-14T09:50:47+00:00\" \/>\n<meta property=\"og:image\" content=\"https:\/\/somllavors.com\/wp-content\/uploads\/2023\/06\/kokadi_babytrage-flip-just-stone-1-e1697205916472.jpg\" \/>\n\t<meta property=\"og:image:width\" content=\"873\" \/>\n\t<meta property=\"og:image:height\" content=\"1006\" \/>\n\t<meta property=\"og:image:type\" content=\"image\/jpeg\" \/>\n<meta name=\"twitter:card\" content=\"summary_large_image\" \/>\n<meta name=\"twitter:label1\" content=\"Precio\" \/>\n\t<meta name=\"twitter:data1\" content=\"179,00&euro; Iva incl\u00f2s\" \/>\n\t<meta name=\"twitter:label2\" content=\"Availability\" \/>\n\t<meta name=\"twitter:data2\" content=\"Out of stock\" \/>\n<script type=\"application\/ld+json\" class=\"yoast-schema-graph\">{\"@context\":\"https:\\\/\\\/schema.org\",\"@graph\":[{\"@type\":\"WebPage\",\"@id\":\"https:\\\/\\\/somllavors.com\\\/es\\\/producte\\\/motxilla-portanadons-flip-preschool-just-stone-kokadi\",\"url\":\"https:\\\/\\\/somllavors.com\\\/es\\\/producte\\\/motxilla-portanadons-flip-preschool-just-stone-kokadi\",\"name\":\"Motxilla portanadons Flip Preschool Just Stone - Kokadi &#8212; Som Llavors\",\"isPartOf\":{\"@id\":\"https:\\\/\\\/somllavors.com\\\/es#website\"},\"primaryImageOfPage\":{\"@id\":\"https:\\\/\\\/somllavors.com\\\/es\\\/producte\\\/motxilla-portanadons-flip-preschool-just-stone-kokadi#primaryimage\"},\"image\":{\"@id\":\"https:\\\/\\\/somllavors.com\\\/es\\\/producte\\\/motxilla-portanadons-flip-preschool-just-stone-kokadi#primaryimage\"},\"thumbnailUrl\":\"https:\\\/\\\/somllavors.com\\\/wp-content\\\/uploads\\\/2023\\\/06\\\/kokadi_babytrage-flip-just-stone-1-e1697205916472.jpg\",\"datePublished\":\"2023-10-04T08:32:53+00:00\",\"dateModified\":\"2023-10-14T09:50:47+00:00\",\"description\":\"La motxilla portanadons \u00e9s incre\u00efblement c\u00f2moda i meravellosament suau. Dissenyat per a fam\u00edlies a qui els agrada el subtil i simple, els portanadons Flip d'un sol color s\u00f3n assequibles sense comprometre la qualitat o la funcionalitat dels productes. Corretges d'espatlla encoixinades i acolorides per les sivelles F\u00e0cil i r\u00e0pid de posar Fet de cot\u00f3 100% org\u00e0nic A partir de dos anys aproximadament. La motxilla porta nad\u00f3 Flip Just Stone est\u00e0 feta de 100% cot\u00f3 org\u00e0nic molt suau. &nbsp;\",\"breadcrumb\":{\"@id\":\"https:\\\/\\\/somllavors.com\\\/es\\\/producte\\\/motxilla-portanadons-flip-preschool-just-stone-kokadi#breadcrumb\"},\"inLanguage\":\"es\",\"potentialAction\":[{\"@type\":\"ReadAction\",\"target\":[\"https:\\\/\\\/somllavors.com\\\/es\\\/producte\\\/motxilla-portanadons-flip-preschool-just-stone-kokadi\"]}]},{\"@type\":\"ImageObject\",\"inLanguage\":\"es\",\"@id\":\"https:\\\/\\\/somllavors.com\\\/es\\\/producte\\\/motxilla-portanadons-flip-preschool-just-stone-kokadi#primaryimage\",\"url\":\"https:\\\/\\\/somllavors.com\\\/wp-content\\\/uploads\\\/2023\\\/06\\\/kokadi_babytrage-flip-just-stone-1-e1697205916472.jpg\",\"contentUrl\":\"https:\\\/\\\/somllavors.com\\\/wp-content\\\/uploads\\\/2023\\\/06\\\/kokadi_babytrage-flip-just-stone-1-e1697205916472.jpg\",\"width\":873,\"height\":1006,\"caption\":\"mochila ergon\u00f3mica porteo Kokadi\"},{\"@type\":\"BreadcrumbList\",\"@id\":\"https:\\\/\\\/somllavors.com\\\/es\\\/producte\\\/motxilla-portanadons-flip-preschool-just-stone-kokadi#breadcrumb\",\"itemListElement\":[{\"@type\":\"ListItem\",\"position\":1,\"name\":\"Inici\",\"item\":\"https:\\\/\\\/somllavors.com\\\/es\"},{\"@type\":\"ListItem\",\"position\":2,\"name\":\"Tienda\",\"item\":\"https:\\\/\\\/somllavors.com\\\/es\\\/botiga-2\"},{\"@type\":\"ListItem\",\"position\":3,\"name\":\"Motxilla portanadons Flip Preschool Just Stone &#8211; Kokadi\"}]},{\"@type\":\"WebSite\",\"@id\":\"https:\\\/\\\/somllavors.com\\\/es#website\",\"url\":\"https:\\\/\\\/somllavors.com\\\/es\",\"name\":\"Som Llavors\",\"description\":\"Botiga de crian\u00e7a natural\",\"publisher\":{\"@id\":\"https:\\\/\\\/somllavors.com\\\/es#organization\"},\"alternateName\":\"Crian\u00e7a Natural i Sostenible\",\"potentialAction\":[{\"@type\":\"SearchAction\",\"target\":{\"@type\":\"EntryPoint\",\"urlTemplate\":\"https:\\\/\\\/somllavors.com\\\/es?s={search_term_string}\"},\"query-input\":{\"@type\":\"PropertyValueSpecification\",\"valueRequired\":true,\"valueName\":\"search_term_string\"}}],\"inLanguage\":\"es\"},{\"@type\":[\"Organization\",\"Place\",\"Store\"],\"@id\":\"https:\\\/\\\/somllavors.com\\\/es#organization\",\"name\":\"Som Llavors\",\"alternateName\":\"Crian\u00e7a Natural i Sostenible\",\"url\":\"https:\\\/\\\/somllavors.com\\\/es\",\"logo\":{\"@id\":\"https:\\\/\\\/somllavors.com\\\/es\\\/producte\\\/motxilla-portanadons-flip-preschool-just-stone-kokadi#local-main-organization-logo\"},\"image\":{\"@id\":\"https:\\\/\\\/somllavors.com\\\/es\\\/producte\\\/motxilla-portanadons-flip-preschool-just-stone-kokadi#local-main-organization-logo\"},\"sameAs\":[\"https:\\\/\\\/www.facebook.com\\\/somllavorsvng\\\/?locale=ca_ES\",\"https:\\\/\\\/www.instagram.com\\\/somllavors_vng\\\/\",\"https:\\\/\\\/www.youtube.com\\\/@somllavors\"],\"address\":{\"@id\":\"https:\\\/\\\/somllavors.com\\\/es\\\/producte\\\/motxilla-portanadons-flip-preschool-just-stone-kokadi#local-main-place-address\"},\"geo\":{\"@type\":\"GeoCoordinates\",\"latitude\":\"41.2257737\",\"longitude\":\"1.723258859\"},\"telephone\":[\"623152704\"],\"openingHoursSpecification\":[{\"@type\":\"OpeningHoursSpecification\",\"dayOfWeek\":[\"Monday\",\"Sunday\"],\"opens\":\"00:00\",\"closes\":\"00:00\"},{\"@type\":\"OpeningHoursSpecification\",\"dayOfWeek\":[\"Tuesday\",\"Wednesday\",\"Thursday\",\"Friday\"],\"opens\":\"10:00\",\"closes\":\"20:00\"},{\"@type\":\"OpeningHoursSpecification\",\"dayOfWeek\":[\"Saturday\"],\"opens\":\"10:00\",\"closes\":\"13:30\"}],\"email\":\"info@somllavors.com\"},{\"@type\":\"PostalAddress\",\"@id\":\"https:\\\/\\\/somllavors.com\\\/es\\\/producte\\\/motxilla-portanadons-flip-preschool-just-stone-kokadi#local-main-place-address\",\"streetAddress\":\"Carrer de l'aigua, 6\",\"addressLocality\":\"Vilanova i la Geltr\u00fa\",\"postalCode\":\"08800\",\"addressRegion\":\"Barcelona\",\"addressCountry\":\"ES\"},{\"@type\":\"ImageObject\",\"inLanguage\":\"es\",\"@id\":\"https:\\\/\\\/somllavors.com\\\/es\\\/producte\\\/motxilla-portanadons-flip-preschool-just-stone-kokadi#local-main-organization-logo\",\"url\":\"https:\\\/\\\/somllavors.com\\\/wp-content\\\/uploads\\\/Logotip-Som-Llavors.jpg\",\"contentUrl\":\"https:\\\/\\\/somllavors.com\\\/wp-content\\\/uploads\\\/Logotip-Som-Llavors.jpg\",\"width\":1444,\"height\":1323,\"caption\":\"Som Llavors\"}]}<\/script>\n<meta property=\"product:price:amount\" content=\"179.00\" \/>\n<meta property=\"product:price:currency\" content=\"EUR\" \/>\n<meta property=\"og:availability\" content=\"out of stock\" \/>\n<meta property=\"product:availability\" content=\"out of stock\" \/>\n<meta property=\"product:retailer_item_id\" content=\"20265203\" \/>\n<meta property=\"product:condition\" content=\"new\" \/>\n<meta name=\"geo.placename\" content=\"Vilanova i la Geltr\u00fa\" \/>\n<meta name=\"geo.position\" content=\"41.2257737;1.723258859\" \/>\n<meta name=\"geo.region\" content=\"Espa\u00f1a\" \/>\n<!-- \/ Yoast SEO Premium plugin. -->","yoast_head_json":{"title":"Motxilla portanadons Flip Preschool Just Stone - Kokadi &#8212; Som Llavors","description":"La motxilla portanadons \u00e9s incre\u00efblement c\u00f2moda i meravellosament suau. Dissenyat per a fam\u00edlies a qui els agrada el subtil i simple, els portanadons Flip d'un sol color s\u00f3n assequibles sense comprometre la qualitat o la funcionalitat dels productes.   Corretges d'espatlla encoixinades i acolorides per les sivelles  F\u00e0cil i r\u00e0pid de posar  Fet de cot\u00f3 100% org\u00e0nic  A partir de dos anys aproximadament.  La motxilla porta nad\u00f3 Flip Just Stone est\u00e0 feta de 100% cot\u00f3 org\u00e0nic molt suau.  &nbsp;","robots":{"index":"index","follow":"follow","max-snippet":"max-snippet:-1","max-image-preview":"max-image-preview:large","max-video-preview":"max-video-preview:-1"},"canonical":"https:\/\/somllavors.com\/es\/producte\/motxilla-portanadons-flip-preschool-just-stone-kokadi","og_locale":"es_ES","og_type":"article","og_title":"Motxilla portanadons Flip Preschool Just Stone - Kokadi","og_description":"La teva botiga d\u2019ecocrian\u00e7a i espai d\u2019acompanyament a la maternitat","og_url":"https:\/\/somllavors.com\/es\/producte\/motxilla-portanadons-flip-preschool-just-stone-kokadi","og_site_name":"Som Llavors","article_publisher":"https:\/\/www.facebook.com\/somllavorsvng\/?locale=ca_ES","article_modified_time":"2023-10-14T09:50:47+00:00","og_image":[{"width":873,"height":1006,"url":"https:\/\/somllavors.com\/wp-content\/uploads\/2023\/06\/kokadi_babytrage-flip-just-stone-1-e1697205916472.jpg","type":"image\/jpeg"}],"twitter_card":"summary_large_image","twitter_misc":{"Precio":"179,00&euro; Iva incl\u00f2s","Availability":"Out of stock"},"schema":{"@context":"https:\/\/schema.org","@graph":[{"@type":"WebPage","@id":"https:\/\/somllavors.com\/es\/producte\/motxilla-portanadons-flip-preschool-just-stone-kokadi","url":"https:\/\/somllavors.com\/es\/producte\/motxilla-portanadons-flip-preschool-just-stone-kokadi","name":"Motxilla portanadons Flip Preschool Just Stone - Kokadi &#8212; Som Llavors","isPartOf":{"@id":"https:\/\/somllavors.com\/es#website"},"primaryImageOfPage":{"@id":"https:\/\/somllavors.com\/es\/producte\/motxilla-portanadons-flip-preschool-just-stone-kokadi#primaryimage"},"image":{"@id":"https:\/\/somllavors.com\/es\/producte\/motxilla-portanadons-flip-preschool-just-stone-kokadi#primaryimage"},"thumbnailUrl":"https:\/\/somllavors.com\/wp-content\/uploads\/2023\/06\/kokadi_babytrage-flip-just-stone-1-e1697205916472.jpg","datePublished":"2023-10-04T08:32:53+00:00","dateModified":"2023-10-14T09:50:47+00:00","description":"La motxilla portanadons \u00e9s incre\u00efblement c\u00f2moda i meravellosament suau. Dissenyat per a fam\u00edlies a qui els agrada el subtil i simple, els portanadons Flip d'un sol color s\u00f3n assequibles sense comprometre la qualitat o la funcionalitat dels productes. Corretges d'espatlla encoixinades i acolorides per les sivelles F\u00e0cil i r\u00e0pid de posar Fet de cot\u00f3 100% org\u00e0nic A partir de dos anys aproximadament. La motxilla porta nad\u00f3 Flip Just Stone est\u00e0 feta de 100% cot\u00f3 org\u00e0nic molt suau. &nbsp;","breadcrumb":{"@id":"https:\/\/somllavors.com\/es\/producte\/motxilla-portanadons-flip-preschool-just-stone-kokadi#breadcrumb"},"inLanguage":"es","potentialAction":[{"@type":"ReadAction","target":["https:\/\/somllavors.com\/es\/producte\/motxilla-portanadons-flip-preschool-just-stone-kokadi"]}]},{"@type":"ImageObject","inLanguage":"es","@id":"https:\/\/somllavors.com\/es\/producte\/motxilla-portanadons-flip-preschool-just-stone-kokadi#primaryimage","url":"https:\/\/somllavors.com\/wp-content\/uploads\/2023\/06\/kokadi_babytrage-flip-just-stone-1-e1697205916472.jpg","contentUrl":"https:\/\/somllavors.com\/wp-content\/uploads\/2023\/06\/kokadi_babytrage-flip-just-stone-1-e1697205916472.jpg","width":873,"height":1006,"caption":"mochila ergon\u00f3mica porteo Kokadi"},{"@type":"BreadcrumbList","@id":"https:\/\/somllavors.com\/es\/producte\/motxilla-portanadons-flip-preschool-just-stone-kokadi#breadcrumb","itemListElement":[{"@type":"ListItem","position":1,"name":"Inici","item":"https:\/\/somllavors.com\/es"},{"@type":"ListItem","position":2,"name":"Tienda","item":"https:\/\/somllavors.com\/es\/botiga-2"},{"@type":"ListItem","position":3,"name":"Motxilla portanadons Flip Preschool Just Stone &#8211; Kokadi"}]},{"@type":"WebSite","@id":"https:\/\/somllavors.com\/es#website","url":"https:\/\/somllavors.com\/es","name":"Som Llavors","description":"Botiga de crian\u00e7a natural","publisher":{"@id":"https:\/\/somllavors.com\/es#organization"},"alternateName":"Crian\u00e7a Natural i Sostenible","potentialAction":[{"@type":"SearchAction","target":{"@type":"EntryPoint","urlTemplate":"https:\/\/somllavors.com\/es?s={search_term_string}"},"query-input":{"@type":"PropertyValueSpecification","valueRequired":true,"valueName":"search_term_string"}}],"inLanguage":"es"},{"@type":["Organization","Place","Store"],"@id":"https:\/\/somllavors.com\/es#organization","name":"Som Llavors","alternateName":"Crian\u00e7a Natural i Sostenible","url":"https:\/\/somllavors.com\/es","logo":{"@id":"https:\/\/somllavors.com\/es\/producte\/motxilla-portanadons-flip-preschool-just-stone-kokadi#local-main-organization-logo"},"image":{"@id":"https:\/\/somllavors.com\/es\/producte\/motxilla-portanadons-flip-preschool-just-stone-kokadi#local-main-organization-logo"},"sameAs":["https:\/\/www.facebook.com\/somllavorsvng\/?locale=ca_ES","https:\/\/www.instagram.com\/somllavors_vng\/","https:\/\/www.youtube.com\/@somllavors"],"address":{"@id":"https:\/\/somllavors.com\/es\/producte\/motxilla-portanadons-flip-preschool-just-stone-kokadi#local-main-place-address"},"geo":{"@type":"GeoCoordinates","latitude":"41.2257737","longitude":"1.723258859"},"telephone":["623152704","623152704"],"openingHoursSpecification":[{"@type":"OpeningHoursSpecification","dayOfWeek":["Monday","Sunday"],"opens":"00:00","closes":"00:00"},{"@type":"OpeningHoursSpecification","dayOfWeek":["Tuesday","Wednesday","Thursday","Friday"],"opens":"10:00","closes":"20:00"},{"@type":"OpeningHoursSpecification","dayOfWeek":["Saturday"],"opens":"10:00","closes":"13:30"}],"email":"info@somllavors.com"},{"@type":"PostalAddress","@id":"https:\/\/somllavors.com\/es\/producte\/motxilla-portanadons-flip-preschool-just-stone-kokadi#local-main-place-address","streetAddress":"Carrer de l'aigua, 6","addressLocality":"Vilanova i la Geltr\u00fa","postalCode":"08800","addressRegion":"Barcelona","addressCountry":"ES"},{"@type":"ImageObject","inLanguage":"es","@id":"https:\/\/somllavors.com\/es\/producte\/motxilla-portanadons-flip-preschool-just-stone-kokadi#local-main-organization-logo","url":"https:\/\/somllavors.com\/wp-content\/uploads\/Logotip-Som-Llavors.jpg","contentUrl":"https:\/\/somllavors.com\/wp-content\/uploads\/Logotip-Som-Llavors.jpg","width":1444,"height":1323,"caption":"Som Llavors"}]},"product_price_amount":"179.00","product_price_currency":"EUR","og_availability":"out of stock","product_availability":"out of stock","product_retailer_item_id":"20265203","product_condition":"new","geo.placename":"Vilanova i la Geltr\u00fa","geo.position":{"lat":"41.2257737","long":"1.723258859"},"geo.region":"Espa\u00f1a"},"brands":[{"id":4123,"name":"Kokadi","slug":"kokadi"}],"_links":{"self":[{"href":"https:\/\/somllavors.com\/es\/wp-json\/wp\/v2\/product\/46387","targetHints":{"allow":["GET"]}}],"collection":[{"href":"https:\/\/somllavors.com\/es\/wp-json\/wp\/v2\/product"}],"about":[{"href":"https:\/\/somllavors.com\/es\/wp-json\/wp\/v2\/types\/product"}],"wp:featuredmedia":[{"embeddable":true,"href":"https:\/\/somllavors.com\/es\/wp-json\/wp\/v2\/media\/40629"}],"wp:attachment":[{"href":"https:\/\/somllavors.com\/es\/wp-json\/wp\/v2\/media?parent=46387"}],"wp:term":[{"taxonomy":"pwb-brand","embeddable":true,"href":"https:\/\/somllavors.com\/es\/wp-json\/wp\/v2\/pwb-brand?post=46387"},{"taxonomy":"product_brand","embeddable":true,"href":"https:\/\/somllavors.com\/es\/wp-json\/wp\/v2\/product_brand?post=46387"},{"taxonomy":"product_cat","embeddable":true,"href":"https:\/\/somllavors.com\/es\/wp-json\/wp\/v2\/product_cat?post=46387"},{"taxonomy":"product_tag","embeddable":true,"href":"https:\/\/somllavors.com\/es\/wp-json\/wp\/v2\/product_tag?post=46387"}],"curies":[{"name":"wp","href":"https:\/\/api.w.org\/{rel}","templated":true}]}}