{"id":46545,"date":"2023-10-04T12:32:33","date_gmt":"2023-10-04T10:32:33","guid":{"rendered":"https:\/\/somllavors.com\/?post_type=product&#038;p=46545"},"modified":"2025-12-22T12:30:16","modified_gmt":"2025-12-22T11:30:16","slug":"cobertor-wombat-shell-verd-wombat-london-co","status":"publish","type":"product","link":"https:\/\/somllavors.com\/es\/producte\/cobertor-wombat-shell-verd-wombat-london-co","title":{"rendered":"Cobertor Wombat Shell Verd &#8211; Wombat London &#038; Co"},"content":{"rendered":"<ul>\n<li>La seva versatilitat i disseny unisex el fan ideal per a qualsevol portabeb\u00e8s ergon\u00f2mic, i el sistema d&#8217;ajust permet el seu \u00fas tant a la posici\u00f3 frontal com a l&#8217;esquena.<\/li>\n<li>Amb una capacitat de resist\u00e8ncia a l&#8217;aigua de fins a 10.000 mm i un teixit polar interior, aquest cobertor \u00e9s la teva opci\u00f3 ideal per al porteig en climes freds, apte per a temperatures fins a 0\u00baC.<\/li>\n<\/ul>\n","protected":false},"excerpt":{"rendered":"<p>Descobreix la comoditat i protecci\u00f3 del cobertor de porteeig Wombat Shell en elegant negre, dissenyat per a les estacions m\u00e9s fredes. Confeccionat en teixit t\u00e8cnic soft shell d&#8217;alta qualitat, aquest cobertor et brinda una barrera efica\u00e7 contra la pluja i el vent, assegurant que el teu nad\u00f3 estigui sempre c\u00e0lid i segur.<\/p>\n<p>&nbsp;<\/p>\n","protected":false},"featured_media":46533,"template":"","meta":{"_acf_changed":false,"site-sidebar-layout":"default","site-content-layout":"default","ast-site-content-layout":"default","site-content-style":"default","site-sidebar-style":"default","ast-global-header-display":"","ast-banner-title-visibility":"","ast-main-header-display":"","ast-hfb-above-header-display":"","ast-hfb-below-header-display":"","ast-hfb-mobile-header-display":"","site-post-title":"","ast-breadcrumbs-content":"","ast-featured-img":"","footer-sml-layout":"","theme-transparent-header-meta":"default","adv-header-id-meta":"","stick-header-meta":"","header-above-stick-meta":"","header-main-stick-meta":"","header-below-stick-meta":"","astra-migrate-meta-layouts":"default","ast-page-background-enabled":"default","ast-page-background-meta":{"desktop":{"background-color":"","background-image":"","background-repeat":"repeat","background-position":"center center","background-size":"auto","background-attachment":"scroll","background-type":"","background-media":"","overlay-type":"","overlay-color":"","overlay-opacity":"","overlay-gradient":""},"tablet":{"background-color":"","background-image":"","background-repeat":"repeat","background-position":"center center","background-size":"auto","background-attachment":"scroll","background-type":"","background-media":"","overlay-type":"","overlay-color":"","overlay-opacity":"","overlay-gradient":""},"mobile":{"background-color":"","background-image":"","background-repeat":"repeat","background-position":"center center","background-size":"auto","background-attachment":"scroll","background-type":"","background-media":"","overlay-type":"","overlay-color":"","overlay-opacity":"","overlay-gradient":""}},"ast-content-background-meta":{"desktop":{"background-color":"var(--ast-global-color-5)","background-image":"","background-repeat":"repeat","background-position":"center center","background-size":"auto","background-attachment":"scroll","background-type":"","background-media":"","overlay-type":"","overlay-color":"","overlay-opacity":"","overlay-gradient":""},"tablet":{"background-color":"var(--ast-global-color-5)","background-image":"","background-repeat":"repeat","background-position":"center center","background-size":"auto","background-attachment":"scroll","background-type":"","background-media":"","overlay-type":"","overlay-color":"","overlay-opacity":"","overlay-gradient":""},"mobile":{"background-color":"var(--ast-global-color-5)","background-image":"","background-repeat":"repeat","background-position":"center center","background-size":"auto","background-attachment":"scroll","background-type":"","background-media":"","overlay-type":"","overlay-color":"","overlay-opacity":"","overlay-gradient":""}}},"pwb-brand":[4322],"product_brand":[],"product_cat":[580],"product_tag":[401,1365],"class_list":{"0":"post-46545","1":"product","2":"type-product","3":"status-publish","4":"has-post-thumbnail","6":"pwb-brand-wombat-london-co","7":"product_cat-jaquetes-abrics-i-cobertors","8":"product_tag-cobertor","9":"product_tag-wombat-london","10":"desktop-align-left","11":"tablet-align-left","12":"mobile-align-left","14":"first","15":"outofstock","16":"taxable","17":"shipping-taxable","18":"purchasable","19":"product-type-simple"},"acf":[],"yoast_head":"<!-- This site is optimized with the Yoast SEO Premium plugin v18.3 (Yoast SEO v27.4) - https:\/\/yoast.com\/product\/yoast-seo-premium-wordpress\/ -->\n<title>Cobertor Wombat Shell Verd - Wombat London &amp; Co &#8212; Som Llavors<\/title>\n<meta name=\"description\" content=\"Descobreix la comoditat i protecci\u00f3 del cobertor de porteeig Wombat Shell en elegant negre, dissenyat per a les estacions m\u00e9s fredes. Confeccionat en teixit t\u00e8cnic soft shell d&#039;alta qualitat, aquest cobertor et brinda una barrera efica\u00e7 contra la pluja i el vent, assegurant que el teu nad\u00f3 estigui sempre c\u00e0lid i segur.  &nbsp;\" \/>\n<meta name=\"robots\" content=\"index, follow, max-snippet:-1, max-image-preview:large, max-video-preview:-1\" \/>\n<link rel=\"canonical\" href=\"https:\/\/somllavors.com\/es\/producte\/cobertor-wombat-shell-verd-wombat-london-co\" \/>\n<meta property=\"og:locale\" content=\"es_ES\" \/>\n<meta property=\"og:type\" content=\"article\" \/>\n<meta property=\"og:title\" content=\"Cobertor Wombat Shell Verd - Wombat London &amp; Co\" \/>\n<meta property=\"og:description\" content=\"La teva botiga d\u2019ecocrian\u00e7a i espai d\u2019acompanyament a la maternitat\" \/>\n<meta property=\"og:url\" content=\"https:\/\/somllavors.com\/es\/producte\/cobertor-wombat-shell-verd-wombat-london-co\" \/>\n<meta property=\"og:site_name\" content=\"Som Llavors\" \/>\n<meta property=\"article:publisher\" content=\"https:\/\/www.facebook.com\/somllavorsvng\/?locale=ca_ES\" \/>\n<meta property=\"article:modified_time\" content=\"2025-12-22T11:30:16+00:00\" \/>\n<meta property=\"og:image\" content=\"https:\/\/somllavors.com\/wp-content\/uploads\/2021\/12\/Som-Llavors-cobertor-de-porteo-wombat-shell-verde.jpg\" \/>\n\t<meta property=\"og:image:width\" content=\"1100\" \/>\n\t<meta property=\"og:image:height\" content=\"1422\" \/>\n\t<meta property=\"og:image:type\" content=\"image\/jpeg\" \/>\n<meta name=\"twitter:card\" content=\"summary_large_image\" \/>\n<meta name=\"twitter:label1\" content=\"Precio\" \/>\n\t<meta name=\"twitter:data1\" content=\"79,90&euro; Iva incl\u00f2s\" \/>\n\t<meta name=\"twitter:label2\" content=\"Availability\" \/>\n\t<meta name=\"twitter:data2\" content=\"Out of stock\" \/>\n<script type=\"application\/ld+json\" class=\"yoast-schema-graph\">{\"@context\":\"https:\\\/\\\/schema.org\",\"@graph\":[{\"@type\":\"WebPage\",\"@id\":\"https:\\\/\\\/somllavors.com\\\/es\\\/producte\\\/cobertor-wombat-shell-verd-wombat-london-co\",\"url\":\"https:\\\/\\\/somllavors.com\\\/es\\\/producte\\\/cobertor-wombat-shell-verd-wombat-london-co\",\"name\":\"Cobertor Wombat Shell Verd - Wombat London & Co &#8212; Som Llavors\",\"isPartOf\":{\"@id\":\"https:\\\/\\\/somllavors.com\\\/es#website\"},\"primaryImageOfPage\":{\"@id\":\"https:\\\/\\\/somllavors.com\\\/es\\\/producte\\\/cobertor-wombat-shell-verd-wombat-london-co#primaryimage\"},\"image\":{\"@id\":\"https:\\\/\\\/somllavors.com\\\/es\\\/producte\\\/cobertor-wombat-shell-verd-wombat-london-co#primaryimage\"},\"thumbnailUrl\":\"https:\\\/\\\/somllavors.com\\\/wp-content\\\/uploads\\\/2021\\\/12\\\/Som-Llavors-cobertor-de-porteo-wombat-shell-verde.jpg\",\"datePublished\":\"2023-10-04T10:32:33+00:00\",\"dateModified\":\"2025-12-22T11:30:16+00:00\",\"description\":\"Descobreix la comoditat i protecci\u00f3 del cobertor de porteeig Wombat Shell en elegant negre, dissenyat per a les estacions m\u00e9s fredes. Confeccionat en teixit t\u00e8cnic soft shell d'alta qualitat, aquest cobertor et brinda una barrera efica\u00e7 contra la pluja i el vent, assegurant que el teu nad\u00f3 estigui sempre c\u00e0lid i segur. &nbsp;\",\"breadcrumb\":{\"@id\":\"https:\\\/\\\/somllavors.com\\\/es\\\/producte\\\/cobertor-wombat-shell-verd-wombat-london-co#breadcrumb\"},\"inLanguage\":\"es\",\"potentialAction\":[{\"@type\":\"ReadAction\",\"target\":[\"https:\\\/\\\/somllavors.com\\\/es\\\/producte\\\/cobertor-wombat-shell-verd-wombat-london-co\"]}]},{\"@type\":\"ImageObject\",\"inLanguage\":\"es\",\"@id\":\"https:\\\/\\\/somllavors.com\\\/es\\\/producte\\\/cobertor-wombat-shell-verd-wombat-london-co#primaryimage\",\"url\":\"https:\\\/\\\/somllavors.com\\\/wp-content\\\/uploads\\\/2021\\\/12\\\/Som-Llavors-cobertor-de-porteo-wombat-shell-verde.jpg\",\"contentUrl\":\"https:\\\/\\\/somllavors.com\\\/wp-content\\\/uploads\\\/2021\\\/12\\\/Som-Llavors-cobertor-de-porteo-wombat-shell-verde.jpg\",\"width\":1100,\"height\":1422},{\"@type\":\"BreadcrumbList\",\"@id\":\"https:\\\/\\\/somllavors.com\\\/es\\\/producte\\\/cobertor-wombat-shell-verd-wombat-london-co#breadcrumb\",\"itemListElement\":[{\"@type\":\"ListItem\",\"position\":1,\"name\":\"Inici\",\"item\":\"https:\\\/\\\/somllavors.com\\\/es\"},{\"@type\":\"ListItem\",\"position\":2,\"name\":\"Tienda\",\"item\":\"https:\\\/\\\/somllavors.com\\\/es\\\/botiga-2\"},{\"@type\":\"ListItem\",\"position\":3,\"name\":\"Cobertor Wombat Shell Verd &#8211; Wombat London &#038; Co\"}]},{\"@type\":\"WebSite\",\"@id\":\"https:\\\/\\\/somllavors.com\\\/es#website\",\"url\":\"https:\\\/\\\/somllavors.com\\\/es\",\"name\":\"Som Llavors\",\"description\":\"Botiga de crian\u00e7a natural\",\"publisher\":{\"@id\":\"https:\\\/\\\/somllavors.com\\\/es#organization\"},\"alternateName\":\"Crian\u00e7a Natural i Sostenible\",\"potentialAction\":[{\"@type\":\"SearchAction\",\"target\":{\"@type\":\"EntryPoint\",\"urlTemplate\":\"https:\\\/\\\/somllavors.com\\\/es?s={search_term_string}\"},\"query-input\":{\"@type\":\"PropertyValueSpecification\",\"valueRequired\":true,\"valueName\":\"search_term_string\"}}],\"inLanguage\":\"es\"},{\"@type\":[\"Organization\",\"Place\",\"Store\"],\"@id\":\"https:\\\/\\\/somllavors.com\\\/es#organization\",\"name\":\"Som Llavors\",\"alternateName\":\"Crian\u00e7a Natural i Sostenible\",\"url\":\"https:\\\/\\\/somllavors.com\\\/es\",\"logo\":{\"@id\":\"https:\\\/\\\/somllavors.com\\\/es\\\/producte\\\/cobertor-wombat-shell-verd-wombat-london-co#local-main-organization-logo\"},\"image\":{\"@id\":\"https:\\\/\\\/somllavors.com\\\/es\\\/producte\\\/cobertor-wombat-shell-verd-wombat-london-co#local-main-organization-logo\"},\"sameAs\":[\"https:\\\/\\\/www.facebook.com\\\/somllavorsvng\\\/?locale=ca_ES\",\"https:\\\/\\\/www.instagram.com\\\/somllavors_vng\\\/\",\"https:\\\/\\\/www.youtube.com\\\/@somllavors\"],\"address\":{\"@id\":\"https:\\\/\\\/somllavors.com\\\/es\\\/producte\\\/cobertor-wombat-shell-verd-wombat-london-co#local-main-place-address\"},\"geo\":{\"@type\":\"GeoCoordinates\",\"latitude\":\"41.2257737\",\"longitude\":\"1.723258859\"},\"telephone\":[\"623152704\"],\"openingHoursSpecification\":[{\"@type\":\"OpeningHoursSpecification\",\"dayOfWeek\":[\"Monday\",\"Sunday\"],\"opens\":\"00:00\",\"closes\":\"00:00\"},{\"@type\":\"OpeningHoursSpecification\",\"dayOfWeek\":[\"Tuesday\",\"Wednesday\",\"Thursday\",\"Friday\"],\"opens\":\"10:00\",\"closes\":\"20:00\"},{\"@type\":\"OpeningHoursSpecification\",\"dayOfWeek\":[\"Saturday\"],\"opens\":\"10:00\",\"closes\":\"13:30\"}],\"email\":\"info@somllavors.com\"},{\"@type\":\"PostalAddress\",\"@id\":\"https:\\\/\\\/somllavors.com\\\/es\\\/producte\\\/cobertor-wombat-shell-verd-wombat-london-co#local-main-place-address\",\"streetAddress\":\"Carrer de l'aigua, 6\",\"addressLocality\":\"Vilanova i la Geltr\u00fa\",\"postalCode\":\"08800\",\"addressRegion\":\"Barcelona\",\"addressCountry\":\"ES\"},{\"@type\":\"ImageObject\",\"inLanguage\":\"es\",\"@id\":\"https:\\\/\\\/somllavors.com\\\/es\\\/producte\\\/cobertor-wombat-shell-verd-wombat-london-co#local-main-organization-logo\",\"url\":\"https:\\\/\\\/somllavors.com\\\/wp-content\\\/uploads\\\/Logotip-Som-Llavors.jpg\",\"contentUrl\":\"https:\\\/\\\/somllavors.com\\\/wp-content\\\/uploads\\\/Logotip-Som-Llavors.jpg\",\"width\":1444,\"height\":1323,\"caption\":\"Som Llavors\"}]}<\/script>\n<meta property=\"product:price:amount\" content=\"79.90\" \/>\n<meta property=\"product:price:currency\" content=\"EUR\" \/>\n<meta property=\"og:availability\" content=\"out of stock\" \/>\n<meta property=\"product:availability\" content=\"out of stock\" \/>\n<meta property=\"product:retailer_item_id\" content=\"CO-SHE-GR\" \/>\n<meta property=\"product:condition\" content=\"new\" \/>\n<meta name=\"geo.placename\" content=\"Vilanova i la Geltr\u00fa\" \/>\n<meta name=\"geo.position\" content=\"41.2257737;1.723258859\" \/>\n<meta name=\"geo.region\" content=\"Espa\u00f1a\" \/>\n<!-- \/ Yoast SEO Premium plugin. -->","yoast_head_json":{"title":"Cobertor Wombat Shell Verd - Wombat London & Co &#8212; Som Llavors","description":"Descobreix la comoditat i protecci\u00f3 del cobertor de porteeig Wombat Shell en elegant negre, dissenyat per a les estacions m\u00e9s fredes. Confeccionat en teixit t\u00e8cnic soft shell d'alta qualitat, aquest cobertor et brinda una barrera efica\u00e7 contra la pluja i el vent, assegurant que el teu nad\u00f3 estigui sempre c\u00e0lid i segur.  &nbsp;","robots":{"index":"index","follow":"follow","max-snippet":"max-snippet:-1","max-image-preview":"max-image-preview:large","max-video-preview":"max-video-preview:-1"},"canonical":"https:\/\/somllavors.com\/es\/producte\/cobertor-wombat-shell-verd-wombat-london-co","og_locale":"es_ES","og_type":"article","og_title":"Cobertor Wombat Shell Verd - Wombat London & Co","og_description":"La teva botiga d\u2019ecocrian\u00e7a i espai d\u2019acompanyament a la maternitat","og_url":"https:\/\/somllavors.com\/es\/producte\/cobertor-wombat-shell-verd-wombat-london-co","og_site_name":"Som Llavors","article_publisher":"https:\/\/www.facebook.com\/somllavorsvng\/?locale=ca_ES","article_modified_time":"2025-12-22T11:30:16+00:00","og_image":[{"width":1100,"height":1422,"url":"https:\/\/somllavors.com\/wp-content\/uploads\/2021\/12\/Som-Llavors-cobertor-de-porteo-wombat-shell-verde.jpg","type":"image\/jpeg"}],"twitter_card":"summary_large_image","twitter_misc":{"Precio":"79,90&euro; Iva incl\u00f2s","Availability":"Out of stock"},"schema":{"@context":"https:\/\/schema.org","@graph":[{"@type":"WebPage","@id":"https:\/\/somllavors.com\/es\/producte\/cobertor-wombat-shell-verd-wombat-london-co","url":"https:\/\/somllavors.com\/es\/producte\/cobertor-wombat-shell-verd-wombat-london-co","name":"Cobertor Wombat Shell Verd - Wombat London & Co &#8212; Som Llavors","isPartOf":{"@id":"https:\/\/somllavors.com\/es#website"},"primaryImageOfPage":{"@id":"https:\/\/somllavors.com\/es\/producte\/cobertor-wombat-shell-verd-wombat-london-co#primaryimage"},"image":{"@id":"https:\/\/somllavors.com\/es\/producte\/cobertor-wombat-shell-verd-wombat-london-co#primaryimage"},"thumbnailUrl":"https:\/\/somllavors.com\/wp-content\/uploads\/2021\/12\/Som-Llavors-cobertor-de-porteo-wombat-shell-verde.jpg","datePublished":"2023-10-04T10:32:33+00:00","dateModified":"2025-12-22T11:30:16+00:00","description":"Descobreix la comoditat i protecci\u00f3 del cobertor de porteeig Wombat Shell en elegant negre, dissenyat per a les estacions m\u00e9s fredes. Confeccionat en teixit t\u00e8cnic soft shell d'alta qualitat, aquest cobertor et brinda una barrera efica\u00e7 contra la pluja i el vent, assegurant que el teu nad\u00f3 estigui sempre c\u00e0lid i segur. &nbsp;","breadcrumb":{"@id":"https:\/\/somllavors.com\/es\/producte\/cobertor-wombat-shell-verd-wombat-london-co#breadcrumb"},"inLanguage":"es","potentialAction":[{"@type":"ReadAction","target":["https:\/\/somllavors.com\/es\/producte\/cobertor-wombat-shell-verd-wombat-london-co"]}]},{"@type":"ImageObject","inLanguage":"es","@id":"https:\/\/somllavors.com\/es\/producte\/cobertor-wombat-shell-verd-wombat-london-co#primaryimage","url":"https:\/\/somllavors.com\/wp-content\/uploads\/2021\/12\/Som-Llavors-cobertor-de-porteo-wombat-shell-verde.jpg","contentUrl":"https:\/\/somllavors.com\/wp-content\/uploads\/2021\/12\/Som-Llavors-cobertor-de-porteo-wombat-shell-verde.jpg","width":1100,"height":1422},{"@type":"BreadcrumbList","@id":"https:\/\/somllavors.com\/es\/producte\/cobertor-wombat-shell-verd-wombat-london-co#breadcrumb","itemListElement":[{"@type":"ListItem","position":1,"name":"Inici","item":"https:\/\/somllavors.com\/es"},{"@type":"ListItem","position":2,"name":"Tienda","item":"https:\/\/somllavors.com\/es\/botiga-2"},{"@type":"ListItem","position":3,"name":"Cobertor Wombat Shell Verd &#8211; Wombat London &#038; Co"}]},{"@type":"WebSite","@id":"https:\/\/somllavors.com\/es#website","url":"https:\/\/somllavors.com\/es","name":"Som Llavors","description":"Botiga de crian\u00e7a natural","publisher":{"@id":"https:\/\/somllavors.com\/es#organization"},"alternateName":"Crian\u00e7a Natural i Sostenible","potentialAction":[{"@type":"SearchAction","target":{"@type":"EntryPoint","urlTemplate":"https:\/\/somllavors.com\/es?s={search_term_string}"},"query-input":{"@type":"PropertyValueSpecification","valueRequired":true,"valueName":"search_term_string"}}],"inLanguage":"es"},{"@type":["Organization","Place","Store"],"@id":"https:\/\/somllavors.com\/es#organization","name":"Som Llavors","alternateName":"Crian\u00e7a Natural i Sostenible","url":"https:\/\/somllavors.com\/es","logo":{"@id":"https:\/\/somllavors.com\/es\/producte\/cobertor-wombat-shell-verd-wombat-london-co#local-main-organization-logo"},"image":{"@id":"https:\/\/somllavors.com\/es\/producte\/cobertor-wombat-shell-verd-wombat-london-co#local-main-organization-logo"},"sameAs":["https:\/\/www.facebook.com\/somllavorsvng\/?locale=ca_ES","https:\/\/www.instagram.com\/somllavors_vng\/","https:\/\/www.youtube.com\/@somllavors"],"address":{"@id":"https:\/\/somllavors.com\/es\/producte\/cobertor-wombat-shell-verd-wombat-london-co#local-main-place-address"},"geo":{"@type":"GeoCoordinates","latitude":"41.2257737","longitude":"1.723258859"},"telephone":["623152704","623152704"],"openingHoursSpecification":[{"@type":"OpeningHoursSpecification","dayOfWeek":["Monday","Sunday"],"opens":"00:00","closes":"00:00"},{"@type":"OpeningHoursSpecification","dayOfWeek":["Tuesday","Wednesday","Thursday","Friday"],"opens":"10:00","closes":"20:00"},{"@type":"OpeningHoursSpecification","dayOfWeek":["Saturday"],"opens":"10:00","closes":"13:30"}],"email":"info@somllavors.com"},{"@type":"PostalAddress","@id":"https:\/\/somllavors.com\/es\/producte\/cobertor-wombat-shell-verd-wombat-london-co#local-main-place-address","streetAddress":"Carrer de l'aigua, 6","addressLocality":"Vilanova i la Geltr\u00fa","postalCode":"08800","addressRegion":"Barcelona","addressCountry":"ES"},{"@type":"ImageObject","inLanguage":"es","@id":"https:\/\/somllavors.com\/es\/producte\/cobertor-wombat-shell-verd-wombat-london-co#local-main-organization-logo","url":"https:\/\/somllavors.com\/wp-content\/uploads\/Logotip-Som-Llavors.jpg","contentUrl":"https:\/\/somllavors.com\/wp-content\/uploads\/Logotip-Som-Llavors.jpg","width":1444,"height":1323,"caption":"Som Llavors"}]},"product_price_amount":"79.90","product_price_currency":"EUR","og_availability":"out of stock","product_availability":"out of stock","product_retailer_item_id":"CO-SHE-GR","product_condition":"new","geo.placename":"Vilanova i la Geltr\u00fa","geo.position":{"lat":"41.2257737","long":"1.723258859"},"geo.region":"Espa\u00f1a"},"brands":[{"id":4322,"name":"Wombat London &amp; Co","slug":"wombat-london-co"}],"_links":{"self":[{"href":"https:\/\/somllavors.com\/es\/wp-json\/wp\/v2\/product\/46545","targetHints":{"allow":["GET"]}}],"collection":[{"href":"https:\/\/somllavors.com\/es\/wp-json\/wp\/v2\/product"}],"about":[{"href":"https:\/\/somllavors.com\/es\/wp-json\/wp\/v2\/types\/product"}],"wp:featuredmedia":[{"embeddable":true,"href":"https:\/\/somllavors.com\/es\/wp-json\/wp\/v2\/media\/46533"}],"wp:attachment":[{"href":"https:\/\/somllavors.com\/es\/wp-json\/wp\/v2\/media?parent=46545"}],"wp:term":[{"taxonomy":"pwb-brand","embeddable":true,"href":"https:\/\/somllavors.com\/es\/wp-json\/wp\/v2\/pwb-brand?post=46545"},{"taxonomy":"product_brand","embeddable":true,"href":"https:\/\/somllavors.com\/es\/wp-json\/wp\/v2\/product_brand?post=46545"},{"taxonomy":"product_cat","embeddable":true,"href":"https:\/\/somllavors.com\/es\/wp-json\/wp\/v2\/product_cat?post=46545"},{"taxonomy":"product_tag","embeddable":true,"href":"https:\/\/somllavors.com\/es\/wp-json\/wp\/v2\/product_tag?post=46545"}],"curies":[{"name":"wp","href":"https:\/\/api.w.org\/{rel}","templated":true}]}}