{"id":47309,"date":"2023-10-11T11:27:33","date_gmt":"2023-10-11T09:27:33","guid":{"rendered":"https:\/\/somllavors.com\/?post_type=product&#038;p=47309"},"modified":"2026-01-02T12:38:59","modified_gmt":"2026-01-02T11:38:59","slug":"imans-de-bambu-mitjans-de-transport-nowordbooks","status":"publish","type":"product","link":"https:\/\/somllavors.com\/es\/producte\/imans-de-bambu-mitjans-de-transport-nowordbooks","title":{"rendered":"Imans de bamb\u00fa Mitjans de transport &#8211; Nowordbooks"},"content":{"rendered":"<ul>\n<li>Per col\u00b7locar sobre qualsevol superf\u00edcie met\u00e0l\u00b7lica.<\/li>\n<li>Edat: 1-4 anys<\/li>\n<li>Format: 10 peces magn\u00e8tiques<\/li>\n<li>Material: Bamb\u00fa<\/li>\n<li>Gruix pe\u00e7a de fusta: 4mm.<\/li>\n<li>Gruix imant: 1mm<\/li>\n<li>Mida m\u00e0xima: 123mm x 108mm.<\/li>\n<li>Mida m\u00ednima: 102mm x 80mm.<\/li>\n<\/ul>\n<p>La utilitzaci\u00f3 del bamb\u00fa per a l&#8217;elaboraci\u00f3 dels productes de NoWordBooks respon a les raons seg\u00fcents:<\/p>\n<p>D&#8217;una banda, una major resist\u00e8ncia comparat amb altres materials, aix\u00f2 implica m\u00e9s seguretat per infants, ja que redueix considerablement la probabilitat que les peces es trenquin.<\/p>\n<p>D&#8217;altra banda, la reforestaci\u00f3 del bamb\u00fa \u00e9s fins a 5 vegades m\u00e9s r\u00e0pida que la d&#8217;un bosc d&#8217;arbres, en 5 anys la planta ja pot arribar als 25 metres. Aix\u00f2 implica que l&#8217;\u00fas del bamb\u00fa redueix dr\u00e0sticament la desforestaci\u00f3.<\/p>\n<p>Un altre aspecte de gran import\u00e0ncia \u00e9s que el bamb\u00fa, durant la fase de creixement, absorbeix diverses vegades m\u00e9s CO2 que moltes altres esp\u00e8cies, cosa que redueix la pres\u00e8ncia de gasos d&#8217;efecte hivernacle a l&#8217;atmosfera.<\/p>\n","protected":false},"excerpt":{"rendered":"<p>Deu imants de fusta de bamb\u00fa amb imatges reals de mitjans de transport impreses directament sobre la superf\u00edcie de bamb\u00fa.<\/p>\n<p>Inclou: avi\u00f3, moto, vaixell, helic\u00f2pter, autob\u00fas, tren, bicicleta, cotxe, cami\u00f3 i patinet.<\/p>\n<p>&nbsp;<\/p>\n<p>&nbsp;<\/p>\n<p>&nbsp;<\/p>\n<p>&nbsp;<\/p>\n","protected":false},"featured_media":47311,"template":"","meta":{"_acf_changed":false,"site-sidebar-layout":"default","site-content-layout":"default","ast-site-content-layout":"default","site-content-style":"default","site-sidebar-style":"default","ast-global-header-display":"","ast-banner-title-visibility":"","ast-main-header-display":"","ast-hfb-above-header-display":"","ast-hfb-below-header-display":"","ast-hfb-mobile-header-display":"","site-post-title":"","ast-breadcrumbs-content":"","ast-featured-img":"","footer-sml-layout":"","theme-transparent-header-meta":"default","adv-header-id-meta":"","stick-header-meta":"","header-above-stick-meta":"","header-main-stick-meta":"","header-below-stick-meta":"","astra-migrate-meta-layouts":"set","ast-page-background-enabled":"default","ast-page-background-meta":{"desktop":{"background-color":"","background-image":"","background-repeat":"repeat","background-position":"center center","background-size":"auto","background-attachment":"scroll","background-type":"","background-media":"","overlay-type":"","overlay-color":"","overlay-opacity":"","overlay-gradient":""},"tablet":{"background-color":"","background-image":"","background-repeat":"repeat","background-position":"center center","background-size":"auto","background-attachment":"scroll","background-type":"","background-media":"","overlay-type":"","overlay-color":"","overlay-opacity":"","overlay-gradient":""},"mobile":{"background-color":"","background-image":"","background-repeat":"repeat","background-position":"center center","background-size":"auto","background-attachment":"scroll","background-type":"","background-media":"","overlay-type":"","overlay-color":"","overlay-opacity":"","overlay-gradient":""}},"ast-content-background-meta":{"desktop":{"background-color":"var(--ast-global-color-5)","background-image":"","background-repeat":"repeat","background-position":"center center","background-size":"auto","background-attachment":"scroll","background-type":"","background-media":"","overlay-type":"","overlay-color":"","overlay-opacity":"","overlay-gradient":""},"tablet":{"background-color":"var(--ast-global-color-5)","background-image":"","background-repeat":"repeat","background-position":"center center","background-size":"auto","background-attachment":"scroll","background-type":"","background-media":"","overlay-type":"","overlay-color":"","overlay-opacity":"","overlay-gradient":""},"mobile":{"background-color":"var(--ast-global-color-5)","background-image":"","background-repeat":"repeat","background-position":"center center","background-size":"auto","background-attachment":"scroll","background-type":"","background-media":"","overlay-type":"","overlay-color":"","overlay-opacity":"","overlay-gradient":""}}},"pwb-brand":[],"product_brand":[],"product_cat":[3360,3361,3362,3363,3364,4500,3352],"product_tag":[462,1083,3353,1790,3354],"class_list":{"0":"post-47309","1":"product","2":"type-product","3":"status-publish","4":"has-post-thumbnail","6":"product_cat-12-mesos","7":"product_cat-18-mesos","8":"product_cat-2-anys","9":"product_cat-3-anys","10":"product_cat-4-anys","11":"product_cat-10-20e","12":"product_cat-imans","13":"product_tag-bambu","14":"product_tag-imanes","15":"product_tag-imans","16":"product_tag-nowordbooks","17":"product_tag-piezas-magneticas","18":"desktop-align-left","19":"tablet-align-left","20":"mobile-align-left","22":"first","23":"instock","24":"taxable","25":"shipping-taxable","26":"purchasable","27":"product-type-simple"},"acf":[],"yoast_head":"<!-- This site is optimized with the Yoast SEO Premium plugin v18.3 (Yoast SEO v27.4) - https:\/\/yoast.com\/product\/yoast-seo-premium-wordpress\/ -->\n<title>Imans de bamb\u00fa Mitjans de transport - Nowordbooks &#8212; Som Llavors<\/title>\n<meta name=\"description\" content=\"Deu imants de fusta de bamb\u00fa amb imatges reals de mitjans de transport impreses directament sobre la superf\u00edcie de bamb\u00fa.  Inclou: avi\u00f3, moto, vaixell, helic\u00f2pter, autob\u00fas, tren, bicicleta, cotxe, cami\u00f3 i patinet.  &nbsp;  &nbsp;  &nbsp;  &nbsp;\" \/>\n<meta name=\"robots\" content=\"index, follow, max-snippet:-1, max-image-preview:large, max-video-preview:-1\" \/>\n<link rel=\"canonical\" href=\"https:\/\/somllavors.com\/es\/producte\/imans-de-bambu-mitjans-de-transport-nowordbooks\" \/>\n<meta property=\"og:locale\" content=\"es_ES\" \/>\n<meta property=\"og:type\" content=\"article\" \/>\n<meta property=\"og:title\" content=\"Imans de bamb\u00fa Mitjans de transport - Nowordbooks\" \/>\n<meta property=\"og:description\" content=\"La teva botiga d\u2019ecocrian\u00e7a i espai d\u2019acompanyament a la maternitat\" \/>\n<meta property=\"og:url\" content=\"https:\/\/somllavors.com\/es\/producte\/imans-de-bambu-mitjans-de-transport-nowordbooks\" \/>\n<meta property=\"og:site_name\" content=\"Som Llavors\" \/>\n<meta property=\"article:publisher\" content=\"https:\/\/www.facebook.com\/somllavorsvng\/?locale=ca_ES\" \/>\n<meta property=\"article:modified_time\" content=\"2026-01-02T11:38:59+00:00\" \/>\n<meta property=\"og:image\" content=\"https:\/\/somllavors.com\/wp-content\/uploads\/2023\/10\/Som-Llavors-piezas-magneticas-de-bambu-de-medios-de-transporte-1.jpg\" \/>\n\t<meta property=\"og:image:width\" content=\"1500\" \/>\n\t<meta property=\"og:image:height\" content=\"1422\" \/>\n\t<meta property=\"og:image:type\" content=\"image\/jpeg\" \/>\n<meta name=\"twitter:card\" content=\"summary_large_image\" \/>\n<meta name=\"twitter:label1\" content=\"Precio\" \/>\n\t<meta name=\"twitter:data1\" content=\"15,00&euro; Iva incl\u00f2s\" \/>\n\t<meta name=\"twitter:label2\" content=\"Availability\" \/>\n\t<meta name=\"twitter:data2\" content=\"Hay existencias\" \/>\n<script type=\"application\/ld+json\" class=\"yoast-schema-graph\">{\"@context\":\"https:\\\/\\\/schema.org\",\"@graph\":[{\"@type\":\"WebPage\",\"@id\":\"https:\\\/\\\/somllavors.com\\\/es\\\/producte\\\/imans-de-bambu-mitjans-de-transport-nowordbooks\",\"url\":\"https:\\\/\\\/somllavors.com\\\/es\\\/producte\\\/imans-de-bambu-mitjans-de-transport-nowordbooks\",\"name\":\"Imans de bamb\u00fa Mitjans de transport - Nowordbooks &#8212; Som Llavors\",\"isPartOf\":{\"@id\":\"https:\\\/\\\/somllavors.com\\\/es#website\"},\"primaryImageOfPage\":{\"@id\":\"https:\\\/\\\/somllavors.com\\\/es\\\/producte\\\/imans-de-bambu-mitjans-de-transport-nowordbooks#primaryimage\"},\"image\":{\"@id\":\"https:\\\/\\\/somllavors.com\\\/es\\\/producte\\\/imans-de-bambu-mitjans-de-transport-nowordbooks#primaryimage\"},\"thumbnailUrl\":\"https:\\\/\\\/somllavors.com\\\/wp-content\\\/uploads\\\/2023\\\/10\\\/Som-Llavors-piezas-magneticas-de-bambu-de-medios-de-transporte-1.jpg\",\"datePublished\":\"2023-10-11T09:27:33+00:00\",\"dateModified\":\"2026-01-02T11:38:59+00:00\",\"description\":\"Deu imants de fusta de bamb\u00fa amb imatges reals de mitjans de transport impreses directament sobre la superf\u00edcie de bamb\u00fa. Inclou: avi\u00f3, moto, vaixell, helic\u00f2pter, autob\u00fas, tren, bicicleta, cotxe, cami\u00f3 i patinet. &nbsp; &nbsp; &nbsp; &nbsp;\",\"breadcrumb\":{\"@id\":\"https:\\\/\\\/somllavors.com\\\/es\\\/producte\\\/imans-de-bambu-mitjans-de-transport-nowordbooks#breadcrumb\"},\"inLanguage\":\"es\",\"potentialAction\":[{\"@type\":\"ReadAction\",\"target\":[\"https:\\\/\\\/somllavors.com\\\/es\\\/producte\\\/imans-de-bambu-mitjans-de-transport-nowordbooks\"]}]},{\"@type\":\"ImageObject\",\"inLanguage\":\"es\",\"@id\":\"https:\\\/\\\/somllavors.com\\\/es\\\/producte\\\/imans-de-bambu-mitjans-de-transport-nowordbooks#primaryimage\",\"url\":\"https:\\\/\\\/somllavors.com\\\/wp-content\\\/uploads\\\/2023\\\/10\\\/Som-Llavors-piezas-magneticas-de-bambu-de-medios-de-transporte-1.jpg\",\"contentUrl\":\"https:\\\/\\\/somllavors.com\\\/wp-content\\\/uploads\\\/2023\\\/10\\\/Som-Llavors-piezas-magneticas-de-bambu-de-medios-de-transporte-1.jpg\",\"width\":1500,\"height\":1422,\"caption\":\"imanes imagenes reales medios transporte nowordbooks\"},{\"@type\":\"BreadcrumbList\",\"@id\":\"https:\\\/\\\/somllavors.com\\\/es\\\/producte\\\/imans-de-bambu-mitjans-de-transport-nowordbooks#breadcrumb\",\"itemListElement\":[{\"@type\":\"ListItem\",\"position\":1,\"name\":\"Inici\",\"item\":\"https:\\\/\\\/somllavors.com\\\/es\"},{\"@type\":\"ListItem\",\"position\":2,\"name\":\"Tienda\",\"item\":\"https:\\\/\\\/somllavors.com\\\/es\\\/botiga-2\"},{\"@type\":\"ListItem\",\"position\":3,\"name\":\"Imans de bamb\u00fa Mitjans de transport &#8211; Nowordbooks\"}]},{\"@type\":\"WebSite\",\"@id\":\"https:\\\/\\\/somllavors.com\\\/es#website\",\"url\":\"https:\\\/\\\/somllavors.com\\\/es\",\"name\":\"Som Llavors\",\"description\":\"Botiga de crian\u00e7a natural\",\"publisher\":{\"@id\":\"https:\\\/\\\/somllavors.com\\\/es#organization\"},\"alternateName\":\"Crian\u00e7a Natural i Sostenible\",\"potentialAction\":[{\"@type\":\"SearchAction\",\"target\":{\"@type\":\"EntryPoint\",\"urlTemplate\":\"https:\\\/\\\/somllavors.com\\\/es?s={search_term_string}\"},\"query-input\":{\"@type\":\"PropertyValueSpecification\",\"valueRequired\":true,\"valueName\":\"search_term_string\"}}],\"inLanguage\":\"es\"},{\"@type\":[\"Organization\",\"Place\",\"Store\"],\"@id\":\"https:\\\/\\\/somllavors.com\\\/es#organization\",\"name\":\"Som Llavors\",\"alternateName\":\"Crian\u00e7a Natural i Sostenible\",\"url\":\"https:\\\/\\\/somllavors.com\\\/es\",\"logo\":{\"@id\":\"https:\\\/\\\/somllavors.com\\\/es\\\/producte\\\/imans-de-bambu-mitjans-de-transport-nowordbooks#local-main-organization-logo\"},\"image\":{\"@id\":\"https:\\\/\\\/somllavors.com\\\/es\\\/producte\\\/imans-de-bambu-mitjans-de-transport-nowordbooks#local-main-organization-logo\"},\"sameAs\":[\"https:\\\/\\\/www.facebook.com\\\/somllavorsvng\\\/?locale=ca_ES\",\"https:\\\/\\\/www.instagram.com\\\/somllavors_vng\\\/\",\"https:\\\/\\\/www.youtube.com\\\/@somllavors\"],\"address\":{\"@id\":\"https:\\\/\\\/somllavors.com\\\/es\\\/producte\\\/imans-de-bambu-mitjans-de-transport-nowordbooks#local-main-place-address\"},\"geo\":{\"@type\":\"GeoCoordinates\",\"latitude\":\"41.2257737\",\"longitude\":\"1.723258859\"},\"telephone\":[\"623152704\"],\"openingHoursSpecification\":[{\"@type\":\"OpeningHoursSpecification\",\"dayOfWeek\":[\"Monday\",\"Sunday\"],\"opens\":\"00:00\",\"closes\":\"00:00\"},{\"@type\":\"OpeningHoursSpecification\",\"dayOfWeek\":[\"Tuesday\",\"Wednesday\",\"Thursday\",\"Friday\"],\"opens\":\"10:00\",\"closes\":\"20:00\"},{\"@type\":\"OpeningHoursSpecification\",\"dayOfWeek\":[\"Saturday\"],\"opens\":\"10:00\",\"closes\":\"13:30\"}],\"email\":\"info@somllavors.com\"},{\"@type\":\"PostalAddress\",\"@id\":\"https:\\\/\\\/somllavors.com\\\/es\\\/producte\\\/imans-de-bambu-mitjans-de-transport-nowordbooks#local-main-place-address\",\"streetAddress\":\"Carrer de l'aigua, 6\",\"addressLocality\":\"Vilanova i la Geltr\u00fa\",\"postalCode\":\"08800\",\"addressRegion\":\"Barcelona\",\"addressCountry\":\"ES\"},{\"@type\":\"ImageObject\",\"inLanguage\":\"es\",\"@id\":\"https:\\\/\\\/somllavors.com\\\/es\\\/producte\\\/imans-de-bambu-mitjans-de-transport-nowordbooks#local-main-organization-logo\",\"url\":\"https:\\\/\\\/somllavors.com\\\/wp-content\\\/uploads\\\/Logotip-Som-Llavors.jpg\",\"contentUrl\":\"https:\\\/\\\/somllavors.com\\\/wp-content\\\/uploads\\\/Logotip-Som-Llavors.jpg\",\"width\":1444,\"height\":1323,\"caption\":\"Som Llavors\"}]}<\/script>\n<meta property=\"product:price:amount\" content=\"15.00\" \/>\n<meta property=\"product:price:currency\" content=\"EUR\" \/>\n<meta property=\"og:availability\" content=\"instock\" \/>\n<meta property=\"product:availability\" content=\"instock\" \/>\n<meta property=\"product:retailer_item_id\" content=\"NWBM06\" \/>\n<meta property=\"product:condition\" content=\"new\" \/>\n<meta name=\"geo.placename\" content=\"Vilanova i la Geltr\u00fa\" \/>\n<meta name=\"geo.position\" content=\"41.2257737;1.723258859\" \/>\n<meta name=\"geo.region\" content=\"Espa\u00f1a\" \/>\n<!-- \/ Yoast SEO Premium plugin. -->","yoast_head_json":{"title":"Imans de bamb\u00fa Mitjans de transport - Nowordbooks &#8212; Som Llavors","description":"Deu imants de fusta de bamb\u00fa amb imatges reals de mitjans de transport impreses directament sobre la superf\u00edcie de bamb\u00fa.  Inclou: avi\u00f3, moto, vaixell, helic\u00f2pter, autob\u00fas, tren, bicicleta, cotxe, cami\u00f3 i patinet.  &nbsp;  &nbsp;  &nbsp;  &nbsp;","robots":{"index":"index","follow":"follow","max-snippet":"max-snippet:-1","max-image-preview":"max-image-preview:large","max-video-preview":"max-video-preview:-1"},"canonical":"https:\/\/somllavors.com\/es\/producte\/imans-de-bambu-mitjans-de-transport-nowordbooks","og_locale":"es_ES","og_type":"article","og_title":"Imans de bamb\u00fa Mitjans de transport - Nowordbooks","og_description":"La teva botiga d\u2019ecocrian\u00e7a i espai d\u2019acompanyament a la maternitat","og_url":"https:\/\/somllavors.com\/es\/producte\/imans-de-bambu-mitjans-de-transport-nowordbooks","og_site_name":"Som Llavors","article_publisher":"https:\/\/www.facebook.com\/somllavorsvng\/?locale=ca_ES","article_modified_time":"2026-01-02T11:38:59+00:00","og_image":[{"width":1500,"height":1422,"url":"https:\/\/somllavors.com\/wp-content\/uploads\/2023\/10\/Som-Llavors-piezas-magneticas-de-bambu-de-medios-de-transporte-1.jpg","type":"image\/jpeg"}],"twitter_card":"summary_large_image","twitter_misc":{"Precio":"15,00&euro; Iva incl\u00f2s","Availability":"Hay existencias"},"schema":{"@context":"https:\/\/schema.org","@graph":[{"@type":"WebPage","@id":"https:\/\/somllavors.com\/es\/producte\/imans-de-bambu-mitjans-de-transport-nowordbooks","url":"https:\/\/somllavors.com\/es\/producte\/imans-de-bambu-mitjans-de-transport-nowordbooks","name":"Imans de bamb\u00fa Mitjans de transport - Nowordbooks &#8212; Som Llavors","isPartOf":{"@id":"https:\/\/somllavors.com\/es#website"},"primaryImageOfPage":{"@id":"https:\/\/somllavors.com\/es\/producte\/imans-de-bambu-mitjans-de-transport-nowordbooks#primaryimage"},"image":{"@id":"https:\/\/somllavors.com\/es\/producte\/imans-de-bambu-mitjans-de-transport-nowordbooks#primaryimage"},"thumbnailUrl":"https:\/\/somllavors.com\/wp-content\/uploads\/2023\/10\/Som-Llavors-piezas-magneticas-de-bambu-de-medios-de-transporte-1.jpg","datePublished":"2023-10-11T09:27:33+00:00","dateModified":"2026-01-02T11:38:59+00:00","description":"Deu imants de fusta de bamb\u00fa amb imatges reals de mitjans de transport impreses directament sobre la superf\u00edcie de bamb\u00fa. Inclou: avi\u00f3, moto, vaixell, helic\u00f2pter, autob\u00fas, tren, bicicleta, cotxe, cami\u00f3 i patinet. &nbsp; &nbsp; &nbsp; &nbsp;","breadcrumb":{"@id":"https:\/\/somllavors.com\/es\/producte\/imans-de-bambu-mitjans-de-transport-nowordbooks#breadcrumb"},"inLanguage":"es","potentialAction":[{"@type":"ReadAction","target":["https:\/\/somllavors.com\/es\/producte\/imans-de-bambu-mitjans-de-transport-nowordbooks"]}]},{"@type":"ImageObject","inLanguage":"es","@id":"https:\/\/somllavors.com\/es\/producte\/imans-de-bambu-mitjans-de-transport-nowordbooks#primaryimage","url":"https:\/\/somllavors.com\/wp-content\/uploads\/2023\/10\/Som-Llavors-piezas-magneticas-de-bambu-de-medios-de-transporte-1.jpg","contentUrl":"https:\/\/somllavors.com\/wp-content\/uploads\/2023\/10\/Som-Llavors-piezas-magneticas-de-bambu-de-medios-de-transporte-1.jpg","width":1500,"height":1422,"caption":"imanes imagenes reales medios transporte nowordbooks"},{"@type":"BreadcrumbList","@id":"https:\/\/somllavors.com\/es\/producte\/imans-de-bambu-mitjans-de-transport-nowordbooks#breadcrumb","itemListElement":[{"@type":"ListItem","position":1,"name":"Inici","item":"https:\/\/somllavors.com\/es"},{"@type":"ListItem","position":2,"name":"Tienda","item":"https:\/\/somllavors.com\/es\/botiga-2"},{"@type":"ListItem","position":3,"name":"Imans de bamb\u00fa Mitjans de transport &#8211; Nowordbooks"}]},{"@type":"WebSite","@id":"https:\/\/somllavors.com\/es#website","url":"https:\/\/somllavors.com\/es","name":"Som Llavors","description":"Botiga de crian\u00e7a natural","publisher":{"@id":"https:\/\/somllavors.com\/es#organization"},"alternateName":"Crian\u00e7a Natural i Sostenible","potentialAction":[{"@type":"SearchAction","target":{"@type":"EntryPoint","urlTemplate":"https:\/\/somllavors.com\/es?s={search_term_string}"},"query-input":{"@type":"PropertyValueSpecification","valueRequired":true,"valueName":"search_term_string"}}],"inLanguage":"es"},{"@type":["Organization","Place","Store"],"@id":"https:\/\/somllavors.com\/es#organization","name":"Som Llavors","alternateName":"Crian\u00e7a Natural i Sostenible","url":"https:\/\/somllavors.com\/es","logo":{"@id":"https:\/\/somllavors.com\/es\/producte\/imans-de-bambu-mitjans-de-transport-nowordbooks#local-main-organization-logo"},"image":{"@id":"https:\/\/somllavors.com\/es\/producte\/imans-de-bambu-mitjans-de-transport-nowordbooks#local-main-organization-logo"},"sameAs":["https:\/\/www.facebook.com\/somllavorsvng\/?locale=ca_ES","https:\/\/www.instagram.com\/somllavors_vng\/","https:\/\/www.youtube.com\/@somllavors"],"address":{"@id":"https:\/\/somllavors.com\/es\/producte\/imans-de-bambu-mitjans-de-transport-nowordbooks#local-main-place-address"},"geo":{"@type":"GeoCoordinates","latitude":"41.2257737","longitude":"1.723258859"},"telephone":["623152704","623152704"],"openingHoursSpecification":[{"@type":"OpeningHoursSpecification","dayOfWeek":["Monday","Sunday"],"opens":"00:00","closes":"00:00"},{"@type":"OpeningHoursSpecification","dayOfWeek":["Tuesday","Wednesday","Thursday","Friday"],"opens":"10:00","closes":"20:00"},{"@type":"OpeningHoursSpecification","dayOfWeek":["Saturday"],"opens":"10:00","closes":"13:30"}],"email":"info@somllavors.com"},{"@type":"PostalAddress","@id":"https:\/\/somllavors.com\/es\/producte\/imans-de-bambu-mitjans-de-transport-nowordbooks#local-main-place-address","streetAddress":"Carrer de l'aigua, 6","addressLocality":"Vilanova i la Geltr\u00fa","postalCode":"08800","addressRegion":"Barcelona","addressCountry":"ES"},{"@type":"ImageObject","inLanguage":"es","@id":"https:\/\/somllavors.com\/es\/producte\/imans-de-bambu-mitjans-de-transport-nowordbooks#local-main-organization-logo","url":"https:\/\/somllavors.com\/wp-content\/uploads\/Logotip-Som-Llavors.jpg","contentUrl":"https:\/\/somllavors.com\/wp-content\/uploads\/Logotip-Som-Llavors.jpg","width":1444,"height":1323,"caption":"Som Llavors"}]},"product_price_amount":"15.00","product_price_currency":"EUR","og_availability":"instock","product_availability":"instock","product_retailer_item_id":"NWBM06","product_condition":"new","geo.placename":"Vilanova i la Geltr\u00fa","geo.position":{"lat":"41.2257737","long":"1.723258859"},"geo.region":"Espa\u00f1a"},"brands":[],"_links":{"self":[{"href":"https:\/\/somllavors.com\/es\/wp-json\/wp\/v2\/product\/47309","targetHints":{"allow":["GET"]}}],"collection":[{"href":"https:\/\/somllavors.com\/es\/wp-json\/wp\/v2\/product"}],"about":[{"href":"https:\/\/somllavors.com\/es\/wp-json\/wp\/v2\/types\/product"}],"wp:featuredmedia":[{"embeddable":true,"href":"https:\/\/somllavors.com\/es\/wp-json\/wp\/v2\/media\/47311"}],"wp:attachment":[{"href":"https:\/\/somllavors.com\/es\/wp-json\/wp\/v2\/media?parent=47309"}],"wp:term":[{"taxonomy":"pwb-brand","embeddable":true,"href":"https:\/\/somllavors.com\/es\/wp-json\/wp\/v2\/pwb-brand?post=47309"},{"taxonomy":"product_brand","embeddable":true,"href":"https:\/\/somllavors.com\/es\/wp-json\/wp\/v2\/product_brand?post=47309"},{"taxonomy":"product_cat","embeddable":true,"href":"https:\/\/somllavors.com\/es\/wp-json\/wp\/v2\/product_cat?post=47309"},{"taxonomy":"product_tag","embeddable":true,"href":"https:\/\/somllavors.com\/es\/wp-json\/wp\/v2\/product_tag?post=47309"}],"curies":[{"name":"wp","href":"https:\/\/api.w.org\/{rel}","templated":true}]}}