{"id":47633,"date":"2023-10-18T12:07:41","date_gmt":"2023-10-18T10:07:41","guid":{"rendered":"https:\/\/somllavors.com\/?post_type=product&#038;p=47633"},"modified":"2023-12-08T22:38:30","modified_gmt":"2023-12-08T21:38:30","slug":"saco-de-cochecito-entretiempo-cuore-fundas-bcn","status":"publish","type":"product","link":"https:\/\/somllavors.com\/es\/producte\/saco-de-cochecito-entretiempo-cuore-fundas-bcn","title":{"rendered":"Saco de cochecito entretiempo Cuore &#8211; Fundas Bcn"},"content":{"rendered":"<ul>\n<li>Tapa reducible y extra\u00edble con una \u00fanica cremallera<\/li>\n<li>F\u00e1cil colocaci\u00f3n con aberturas para los arneses<\/li>\n<li>Algod\u00f3n suave<\/li>\n<li>Plegable con el cochecito<\/li>\n<\/ul>\n","protected":false},"excerpt":{"rendered":"<p>Para las sillitas de cochecito m\u00e1s peque\u00f1as, encuentramos esta colecci\u00f3n de sacos de entretiempo para Babyzen Yoyo, Baby Monsters Easy Twin, Joolz Hub, Cybex Priam y cochecitos de gemelares. \u00a1Pon con total confort con toda tu familia!<\/p>\n<ul>\n<li>Ideal para temperatura moderada (15 a 22\u00baC aprox.)<\/li>\n<\/ul>\n","protected":false},"featured_media":47657,"template":"","meta":{"_acf_changed":false,"site-sidebar-layout":"default","site-content-layout":"default","ast-site-content-layout":"default","site-content-style":"default","site-sidebar-style":"default","ast-global-header-display":"","ast-banner-title-visibility":"","ast-main-header-display":"","ast-hfb-above-header-display":"","ast-hfb-below-header-display":"","ast-hfb-mobile-header-display":"","site-post-title":"","ast-breadcrumbs-content":"","ast-featured-img":"","footer-sml-layout":"","theme-transparent-header-meta":"default","adv-header-id-meta":"","stick-header-meta":"","header-above-stick-meta":"","header-main-stick-meta":"","header-below-stick-meta":"","astra-migrate-meta-layouts":"default","ast-page-background-enabled":"default","ast-page-background-meta":{"desktop":{"background-color":"","background-image":"","background-repeat":"repeat","background-position":"center center","background-size":"auto","background-attachment":"scroll","background-type":"","background-media":"","overlay-type":"","overlay-color":"","overlay-opacity":"","overlay-gradient":""},"tablet":{"background-color":"","background-image":"","background-repeat":"repeat","background-position":"center center","background-size":"auto","background-attachment":"scroll","background-type":"","background-media":"","overlay-type":"","overlay-color":"","overlay-opacity":"","overlay-gradient":""},"mobile":{"background-color":"","background-image":"","background-repeat":"repeat","background-position":"center center","background-size":"auto","background-attachment":"scroll","background-type":"","background-media":"","overlay-type":"","overlay-color":"","overlay-opacity":"","overlay-gradient":""}},"ast-content-background-meta":{"desktop":{"background-color":"var(--ast-global-color-5)","background-image":"","background-repeat":"repeat","background-position":"center center","background-size":"auto","background-attachment":"scroll","background-type":"","background-media":"","overlay-type":"","overlay-color":"","overlay-opacity":"","overlay-gradient":""},"tablet":{"background-color":"var(--ast-global-color-5)","background-image":"","background-repeat":"repeat","background-position":"center center","background-size":"auto","background-attachment":"scroll","background-type":"","background-media":"","overlay-type":"","overlay-color":"","overlay-opacity":"","overlay-gradient":""},"mobile":{"background-color":"var(--ast-global-color-5)","background-image":"","background-repeat":"repeat","background-position":"center center","background-size":"auto","background-attachment":"scroll","background-type":"","background-media":"","overlay-type":"","overlay-color":"","overlay-opacity":"","overlay-gradient":""}}},"pwb-brand":[4150],"product_brand":[],"product_cat":[3509,4616,3596,3598],"product_tag":[4529,4523,4530,3803,4522,4527,4524,4526,4525,4528],"class_list":{"0":"post-47633","1":"product","2":"type-product","3":"status-publish","4":"has-post-thumbnail","6":"pwb-brand-fundas-bcn","7":"product_cat-bienvenido-verano","8":"product_cat-accesorios-de-carritos","9":"product_cat-fundas-de-cochecito","10":"product_cat-sacos","11":"product_tag-baby-monsters-es","12":"product_tag-colchoneta-silla-paseo-es","13":"product_tag-cybex-priam-es","14":"product_tag-funda-cochecito-es","15":"product_tag-funda-silla-paseo-es","16":"product_tag-gemelares-es","17":"product_tag-joolz-hub-es","18":"product_tag-sac-cadireta-cotxet-entretemps-es","19":"product_tag-saco-cochecito-entretiempo-es","20":"product_tag-yoyo-es","21":"desktop-align-left","22":"tablet-align-left","23":"mobile-align-left","25":"first","26":"outofstock","27":"taxable","28":"shipping-taxable","29":"purchasable","30":"product-type-simple"},"acf":[],"yoast_head":"<!-- This site is optimized with the Yoast SEO Premium plugin v18.3 (Yoast SEO v27.4) - https:\/\/yoast.com\/product\/yoast-seo-premium-wordpress\/ -->\n<title>Saco de cochecito entretiempo Cuore - Fundas Bcn &#8212; Som Llavors<\/title>\n<meta name=\"description\" content=\"Para las sillitas de cochecito m\u00e1s peque\u00f1as, encuentramos esta colecci\u00f3n de sacos de entretiempo para Babyzen Yoyo, Baby Monsters Easy Twin, Joolz Hub, Cybex Priam y cochecitos de gemelares. \u00a1Pon con total confort con toda tu familia!   Ideal para temperatura moderada (15 a 22\u00baC aprox.)\" \/>\n<meta name=\"robots\" content=\"index, follow, max-snippet:-1, max-image-preview:large, max-video-preview:-1\" \/>\n<link rel=\"canonical\" href=\"https:\/\/somllavors.com\/es\/producte\/saco-de-cochecito-entretiempo-cuore-fundas-bcn\" \/>\n<meta property=\"og:locale\" content=\"es_ES\" \/>\n<meta property=\"og:type\" content=\"article\" \/>\n<meta property=\"og:title\" content=\"Saco de cochecito entretiempo Cuore - Fundas Bcn\" \/>\n<meta property=\"og:description\" content=\"La teva botiga d\u2019ecocrian\u00e7a i espai d\u2019acompanyament a la maternitat\" \/>\n<meta property=\"og:url\" content=\"https:\/\/somllavors.com\/es\/producte\/saco-de-cochecito-entretiempo-cuore-fundas-bcn\" \/>\n<meta property=\"og:site_name\" content=\"Som Llavors\" \/>\n<meta property=\"article:publisher\" content=\"https:\/\/www.facebook.com\/somllavorsvng\/?locale=ca_ES\" \/>\n<meta property=\"article:modified_time\" content=\"2023-12-08T21:38:30+00:00\" \/>\n<meta property=\"og:image\" content=\"https:\/\/somllavors.com\/wp-content\/uploads\/2023\/10\/Som-Llavors-saco-de-entretiempo-para-babyzen-yoyo-y-gemelares-4.jpg\" \/>\n\t<meta property=\"og:image:width\" content=\"610\" \/>\n\t<meta property=\"og:image:height\" content=\"724\" \/>\n\t<meta property=\"og:image:type\" content=\"image\/jpeg\" \/>\n<meta name=\"twitter:card\" content=\"summary_large_image\" \/>\n<meta name=\"twitter:label1\" content=\"Precio\" \/>\n\t<meta name=\"twitter:data1\" content=\"94,95&euro; Iva incl\u00f2s\" \/>\n\t<meta name=\"twitter:label2\" content=\"Availability\" \/>\n\t<meta name=\"twitter:data2\" content=\"Out of stock\" \/>\n<script type=\"application\/ld+json\" class=\"yoast-schema-graph\">{\"@context\":\"https:\\\/\\\/schema.org\",\"@graph\":[{\"@type\":\"WebPage\",\"@id\":\"https:\\\/\\\/somllavors.com\\\/es\\\/producte\\\/saco-de-cochecito-entretiempo-cuore-fundas-bcn\",\"url\":\"https:\\\/\\\/somllavors.com\\\/es\\\/producte\\\/saco-de-cochecito-entretiempo-cuore-fundas-bcn\",\"name\":\"Saco de cochecito entretiempo Cuore - Fundas Bcn &#8212; Som Llavors\",\"isPartOf\":{\"@id\":\"https:\\\/\\\/somllavors.com\\\/es#website\"},\"primaryImageOfPage\":{\"@id\":\"https:\\\/\\\/somllavors.com\\\/es\\\/producte\\\/saco-de-cochecito-entretiempo-cuore-fundas-bcn#primaryimage\"},\"image\":{\"@id\":\"https:\\\/\\\/somllavors.com\\\/es\\\/producte\\\/saco-de-cochecito-entretiempo-cuore-fundas-bcn#primaryimage\"},\"thumbnailUrl\":\"https:\\\/\\\/somllavors.com\\\/wp-content\\\/uploads\\\/2023\\\/10\\\/Som-Llavors-saco-de-entretiempo-para-babyzen-yoyo-y-gemelares-4.jpg\",\"datePublished\":\"2023-10-18T10:07:41+00:00\",\"dateModified\":\"2023-12-08T21:38:30+00:00\",\"description\":\"Para las sillitas de cochecito m\u00e1s peque\u00f1as, encuentramos esta colecci\u00f3n de sacos de entretiempo para Babyzen Yoyo, Baby Monsters Easy Twin, Joolz Hub, Cybex Priam y cochecitos de gemelares. \u00a1Pon con total confort con toda tu familia! Ideal para temperatura moderada (15 a 22\u00baC aprox.)\",\"breadcrumb\":{\"@id\":\"https:\\\/\\\/somllavors.com\\\/es\\\/producte\\\/saco-de-cochecito-entretiempo-cuore-fundas-bcn#breadcrumb\"},\"inLanguage\":\"es\",\"potentialAction\":[{\"@type\":\"ReadAction\",\"target\":[\"https:\\\/\\\/somllavors.com\\\/es\\\/producte\\\/saco-de-cochecito-entretiempo-cuore-fundas-bcn\"]}]},{\"@type\":\"ImageObject\",\"inLanguage\":\"es\",\"@id\":\"https:\\\/\\\/somllavors.com\\\/es\\\/producte\\\/saco-de-cochecito-entretiempo-cuore-fundas-bcn#primaryimage\",\"url\":\"https:\\\/\\\/somllavors.com\\\/wp-content\\\/uploads\\\/2023\\\/10\\\/Som-Llavors-saco-de-entretiempo-para-babyzen-yoyo-y-gemelares-4.jpg\",\"contentUrl\":\"https:\\\/\\\/somllavors.com\\\/wp-content\\\/uploads\\\/2023\\\/10\\\/Som-Llavors-saco-de-entretiempo-para-babyzen-yoyo-y-gemelares-4.jpg\",\"width\":610,\"height\":724,\"caption\":\"saco entretiempo fundas bcn\"},{\"@type\":\"BreadcrumbList\",\"@id\":\"https:\\\/\\\/somllavors.com\\\/es\\\/producte\\\/saco-de-cochecito-entretiempo-cuore-fundas-bcn#breadcrumb\",\"itemListElement\":[{\"@type\":\"ListItem\",\"position\":1,\"name\":\"Inici\",\"item\":\"https:\\\/\\\/somllavors.com\\\/es\"},{\"@type\":\"ListItem\",\"position\":2,\"name\":\"Tienda\",\"item\":\"https:\\\/\\\/somllavors.com\\\/es\\\/botiga-2\"},{\"@type\":\"ListItem\",\"position\":3,\"name\":\"Saco de cochecito entretiempo Cuore &#8211; Fundas Bcn\"}]},{\"@type\":\"WebSite\",\"@id\":\"https:\\\/\\\/somllavors.com\\\/es#website\",\"url\":\"https:\\\/\\\/somllavors.com\\\/es\",\"name\":\"Som Llavors\",\"description\":\"Botiga de crian\u00e7a natural\",\"publisher\":{\"@id\":\"https:\\\/\\\/somllavors.com\\\/es#organization\"},\"alternateName\":\"Crian\u00e7a Natural i Sostenible\",\"potentialAction\":[{\"@type\":\"SearchAction\",\"target\":{\"@type\":\"EntryPoint\",\"urlTemplate\":\"https:\\\/\\\/somllavors.com\\\/es?s={search_term_string}\"},\"query-input\":{\"@type\":\"PropertyValueSpecification\",\"valueRequired\":true,\"valueName\":\"search_term_string\"}}],\"inLanguage\":\"es\"},{\"@type\":[\"Organization\",\"Place\",\"Store\"],\"@id\":\"https:\\\/\\\/somllavors.com\\\/es#organization\",\"name\":\"Som Llavors\",\"alternateName\":\"Crian\u00e7a Natural i Sostenible\",\"url\":\"https:\\\/\\\/somllavors.com\\\/es\",\"logo\":{\"@id\":\"https:\\\/\\\/somllavors.com\\\/es\\\/producte\\\/saco-de-cochecito-entretiempo-cuore-fundas-bcn#local-main-organization-logo\"},\"image\":{\"@id\":\"https:\\\/\\\/somllavors.com\\\/es\\\/producte\\\/saco-de-cochecito-entretiempo-cuore-fundas-bcn#local-main-organization-logo\"},\"sameAs\":[\"https:\\\/\\\/www.facebook.com\\\/somllavorsvng\\\/?locale=ca_ES\",\"https:\\\/\\\/www.instagram.com\\\/somllavors_vng\\\/\",\"https:\\\/\\\/www.youtube.com\\\/@somllavors\"],\"address\":{\"@id\":\"https:\\\/\\\/somllavors.com\\\/es\\\/producte\\\/saco-de-cochecito-entretiempo-cuore-fundas-bcn#local-main-place-address\"},\"geo\":{\"@type\":\"GeoCoordinates\",\"latitude\":\"41.2257737\",\"longitude\":\"1.723258859\"},\"telephone\":[\"623152704\"],\"openingHoursSpecification\":[{\"@type\":\"OpeningHoursSpecification\",\"dayOfWeek\":[\"Monday\",\"Sunday\"],\"opens\":\"00:00\",\"closes\":\"00:00\"},{\"@type\":\"OpeningHoursSpecification\",\"dayOfWeek\":[\"Tuesday\",\"Wednesday\",\"Thursday\",\"Friday\"],\"opens\":\"10:00\",\"closes\":\"20:00\"},{\"@type\":\"OpeningHoursSpecification\",\"dayOfWeek\":[\"Saturday\"],\"opens\":\"10:00\",\"closes\":\"13:30\"}],\"email\":\"info@somllavors.com\"},{\"@type\":\"PostalAddress\",\"@id\":\"https:\\\/\\\/somllavors.com\\\/es\\\/producte\\\/saco-de-cochecito-entretiempo-cuore-fundas-bcn#local-main-place-address\",\"streetAddress\":\"Carrer de l'aigua, 6\",\"addressLocality\":\"Vilanova i la Geltr\u00fa\",\"postalCode\":\"08800\",\"addressRegion\":\"Barcelona\",\"addressCountry\":\"ES\"},{\"@type\":\"ImageObject\",\"inLanguage\":\"es\",\"@id\":\"https:\\\/\\\/somllavors.com\\\/es\\\/producte\\\/saco-de-cochecito-entretiempo-cuore-fundas-bcn#local-main-organization-logo\",\"url\":\"https:\\\/\\\/somllavors.com\\\/wp-content\\\/uploads\\\/Logotip-Som-Llavors.jpg\",\"contentUrl\":\"https:\\\/\\\/somllavors.com\\\/wp-content\\\/uploads\\\/Logotip-Som-Llavors.jpg\",\"width\":1444,\"height\":1323,\"caption\":\"Som Llavors\"}]}<\/script>\n<meta property=\"product:price:amount\" content=\"94.95\" \/>\n<meta property=\"product:price:currency\" content=\"EUR\" \/>\n<meta property=\"og:availability\" content=\"out of stock\" \/>\n<meta property=\"product:availability\" content=\"out of stock\" \/>\n<meta property=\"product:retailer_item_id\" content=\"SC379398\" \/>\n<meta property=\"product:condition\" content=\"new\" \/>\n<meta name=\"geo.placename\" content=\"Vilanova i la Geltr\u00fa\" \/>\n<meta name=\"geo.position\" content=\"41.2257737;1.723258859\" \/>\n<meta name=\"geo.region\" content=\"Espa\u00f1a\" \/>\n<!-- \/ Yoast SEO Premium plugin. -->","yoast_head_json":{"title":"Saco de cochecito entretiempo Cuore - Fundas Bcn &#8212; Som Llavors","description":"Para las sillitas de cochecito m\u00e1s peque\u00f1as, encuentramos esta colecci\u00f3n de sacos de entretiempo para Babyzen Yoyo, Baby Monsters Easy Twin, Joolz Hub, Cybex Priam y cochecitos de gemelares. \u00a1Pon con total confort con toda tu familia!   Ideal para temperatura moderada (15 a 22\u00baC aprox.)","robots":{"index":"index","follow":"follow","max-snippet":"max-snippet:-1","max-image-preview":"max-image-preview:large","max-video-preview":"max-video-preview:-1"},"canonical":"https:\/\/somllavors.com\/es\/producte\/saco-de-cochecito-entretiempo-cuore-fundas-bcn","og_locale":"es_ES","og_type":"article","og_title":"Saco de cochecito entretiempo Cuore - Fundas Bcn","og_description":"La teva botiga d\u2019ecocrian\u00e7a i espai d\u2019acompanyament a la maternitat","og_url":"https:\/\/somllavors.com\/es\/producte\/saco-de-cochecito-entretiempo-cuore-fundas-bcn","og_site_name":"Som Llavors","article_publisher":"https:\/\/www.facebook.com\/somllavorsvng\/?locale=ca_ES","article_modified_time":"2023-12-08T21:38:30+00:00","og_image":[{"width":610,"height":724,"url":"https:\/\/somllavors.com\/wp-content\/uploads\/2023\/10\/Som-Llavors-saco-de-entretiempo-para-babyzen-yoyo-y-gemelares-4.jpg","type":"image\/jpeg"}],"twitter_card":"summary_large_image","twitter_misc":{"Precio":"94,95&euro; Iva incl\u00f2s","Availability":"Out of stock"},"schema":{"@context":"https:\/\/schema.org","@graph":[{"@type":"WebPage","@id":"https:\/\/somllavors.com\/es\/producte\/saco-de-cochecito-entretiempo-cuore-fundas-bcn","url":"https:\/\/somllavors.com\/es\/producte\/saco-de-cochecito-entretiempo-cuore-fundas-bcn","name":"Saco de cochecito entretiempo Cuore - Fundas Bcn &#8212; Som Llavors","isPartOf":{"@id":"https:\/\/somllavors.com\/es#website"},"primaryImageOfPage":{"@id":"https:\/\/somllavors.com\/es\/producte\/saco-de-cochecito-entretiempo-cuore-fundas-bcn#primaryimage"},"image":{"@id":"https:\/\/somllavors.com\/es\/producte\/saco-de-cochecito-entretiempo-cuore-fundas-bcn#primaryimage"},"thumbnailUrl":"https:\/\/somllavors.com\/wp-content\/uploads\/2023\/10\/Som-Llavors-saco-de-entretiempo-para-babyzen-yoyo-y-gemelares-4.jpg","datePublished":"2023-10-18T10:07:41+00:00","dateModified":"2023-12-08T21:38:30+00:00","description":"Para las sillitas de cochecito m\u00e1s peque\u00f1as, encuentramos esta colecci\u00f3n de sacos de entretiempo para Babyzen Yoyo, Baby Monsters Easy Twin, Joolz Hub, Cybex Priam y cochecitos de gemelares. \u00a1Pon con total confort con toda tu familia! Ideal para temperatura moderada (15 a 22\u00baC aprox.)","breadcrumb":{"@id":"https:\/\/somllavors.com\/es\/producte\/saco-de-cochecito-entretiempo-cuore-fundas-bcn#breadcrumb"},"inLanguage":"es","potentialAction":[{"@type":"ReadAction","target":["https:\/\/somllavors.com\/es\/producte\/saco-de-cochecito-entretiempo-cuore-fundas-bcn"]}]},{"@type":"ImageObject","inLanguage":"es","@id":"https:\/\/somllavors.com\/es\/producte\/saco-de-cochecito-entretiempo-cuore-fundas-bcn#primaryimage","url":"https:\/\/somllavors.com\/wp-content\/uploads\/2023\/10\/Som-Llavors-saco-de-entretiempo-para-babyzen-yoyo-y-gemelares-4.jpg","contentUrl":"https:\/\/somllavors.com\/wp-content\/uploads\/2023\/10\/Som-Llavors-saco-de-entretiempo-para-babyzen-yoyo-y-gemelares-4.jpg","width":610,"height":724,"caption":"saco entretiempo fundas bcn"},{"@type":"BreadcrumbList","@id":"https:\/\/somllavors.com\/es\/producte\/saco-de-cochecito-entretiempo-cuore-fundas-bcn#breadcrumb","itemListElement":[{"@type":"ListItem","position":1,"name":"Inici","item":"https:\/\/somllavors.com\/es"},{"@type":"ListItem","position":2,"name":"Tienda","item":"https:\/\/somllavors.com\/es\/botiga-2"},{"@type":"ListItem","position":3,"name":"Saco de cochecito entretiempo Cuore &#8211; Fundas Bcn"}]},{"@type":"WebSite","@id":"https:\/\/somllavors.com\/es#website","url":"https:\/\/somllavors.com\/es","name":"Som Llavors","description":"Botiga de crian\u00e7a natural","publisher":{"@id":"https:\/\/somllavors.com\/es#organization"},"alternateName":"Crian\u00e7a Natural i Sostenible","potentialAction":[{"@type":"SearchAction","target":{"@type":"EntryPoint","urlTemplate":"https:\/\/somllavors.com\/es?s={search_term_string}"},"query-input":{"@type":"PropertyValueSpecification","valueRequired":true,"valueName":"search_term_string"}}],"inLanguage":"es"},{"@type":["Organization","Place","Store"],"@id":"https:\/\/somllavors.com\/es#organization","name":"Som Llavors","alternateName":"Crian\u00e7a Natural i Sostenible","url":"https:\/\/somllavors.com\/es","logo":{"@id":"https:\/\/somllavors.com\/es\/producte\/saco-de-cochecito-entretiempo-cuore-fundas-bcn#local-main-organization-logo"},"image":{"@id":"https:\/\/somllavors.com\/es\/producte\/saco-de-cochecito-entretiempo-cuore-fundas-bcn#local-main-organization-logo"},"sameAs":["https:\/\/www.facebook.com\/somllavorsvng\/?locale=ca_ES","https:\/\/www.instagram.com\/somllavors_vng\/","https:\/\/www.youtube.com\/@somllavors"],"address":{"@id":"https:\/\/somllavors.com\/es\/producte\/saco-de-cochecito-entretiempo-cuore-fundas-bcn#local-main-place-address"},"geo":{"@type":"GeoCoordinates","latitude":"41.2257737","longitude":"1.723258859"},"telephone":["623152704","623152704"],"openingHoursSpecification":[{"@type":"OpeningHoursSpecification","dayOfWeek":["Monday","Sunday"],"opens":"00:00","closes":"00:00"},{"@type":"OpeningHoursSpecification","dayOfWeek":["Tuesday","Wednesday","Thursday","Friday"],"opens":"10:00","closes":"20:00"},{"@type":"OpeningHoursSpecification","dayOfWeek":["Saturday"],"opens":"10:00","closes":"13:30"}],"email":"info@somllavors.com"},{"@type":"PostalAddress","@id":"https:\/\/somllavors.com\/es\/producte\/saco-de-cochecito-entretiempo-cuore-fundas-bcn#local-main-place-address","streetAddress":"Carrer de l'aigua, 6","addressLocality":"Vilanova i la Geltr\u00fa","postalCode":"08800","addressRegion":"Barcelona","addressCountry":"ES"},{"@type":"ImageObject","inLanguage":"es","@id":"https:\/\/somllavors.com\/es\/producte\/saco-de-cochecito-entretiempo-cuore-fundas-bcn#local-main-organization-logo","url":"https:\/\/somllavors.com\/wp-content\/uploads\/Logotip-Som-Llavors.jpg","contentUrl":"https:\/\/somllavors.com\/wp-content\/uploads\/Logotip-Som-Llavors.jpg","width":1444,"height":1323,"caption":"Som Llavors"}]},"product_price_amount":"94.95","product_price_currency":"EUR","og_availability":"out of stock","product_availability":"out of stock","product_retailer_item_id":"SC379398","product_condition":"new","geo.placename":"Vilanova i la Geltr\u00fa","geo.position":{"lat":"41.2257737","long":"1.723258859"},"geo.region":"Espa\u00f1a"},"brands":[{"id":4150,"name":"Fun*das Bcn","slug":"fundas-bcn"}],"_links":{"self":[{"href":"https:\/\/somllavors.com\/es\/wp-json\/wp\/v2\/product\/47633","targetHints":{"allow":["GET"]}}],"collection":[{"href":"https:\/\/somllavors.com\/es\/wp-json\/wp\/v2\/product"}],"about":[{"href":"https:\/\/somllavors.com\/es\/wp-json\/wp\/v2\/types\/product"}],"wp:featuredmedia":[{"embeddable":true,"href":"https:\/\/somllavors.com\/es\/wp-json\/wp\/v2\/media\/47657"}],"wp:attachment":[{"href":"https:\/\/somllavors.com\/es\/wp-json\/wp\/v2\/media?parent=47633"}],"wp:term":[{"taxonomy":"pwb-brand","embeddable":true,"href":"https:\/\/somllavors.com\/es\/wp-json\/wp\/v2\/pwb-brand?post=47633"},{"taxonomy":"product_brand","embeddable":true,"href":"https:\/\/somllavors.com\/es\/wp-json\/wp\/v2\/product_brand?post=47633"},{"taxonomy":"product_cat","embeddable":true,"href":"https:\/\/somllavors.com\/es\/wp-json\/wp\/v2\/product_cat?post=47633"},{"taxonomy":"product_tag","embeddable":true,"href":"https:\/\/somllavors.com\/es\/wp-json\/wp\/v2\/product_tag?post=47633"}],"curies":[{"name":"wp","href":"https:\/\/api.w.org\/{rel}","templated":true}]}}