{"id":48151,"date":"2023-10-24T10:51:04","date_gmt":"2023-10-24T08:51:04","guid":{"rendered":"https:\/\/somllavors.com\/?post_type=product&#038;p=48151"},"modified":"2026-03-02T19:44:51","modified_gmt":"2026-03-02T18:44:51","slug":"sostenidor-de-lactancia-original-honey-carriwell","status":"publish","type":"product","link":"https:\/\/somllavors.com\/es\/producte\/sostenidor-de-lactancia-original-honey-carriwell","title":{"rendered":"Sostenidor de lact\u00e0ncia Original Honey &#8211; Carriwell"},"content":{"rendered":"<ul>\n<li>Comoditat: Sense irritants costures ni aros r\u00edgids.<\/li>\n<li>Flexibilitat: Inclou extensor addicional per a millor ajustament.<\/li>\n<li>Recomanat: El Sostenidor sense Costures Lact\u00e0ncia Carriwell est\u00e0 \u00e0mpliament recomanat per les especialistes en lact\u00e0ncia.<\/li>\n<li>Suport: L&#8217;\u00e0mplia banda inferior de suport ofereix un c\u00f2mode i suau suport sense aros.<\/li>\n<\/ul>\n<div class=\"ast-oembed-container \" style=\"height: 100%;\"><iframe loading=\"lazy\" title=\"SUJETADOR SIN COSTURAS LACTANCIA\" width=\"500\" height=\"375\" src=\"https:\/\/www.youtube.com\/embed\/cgFI4pckNNY?feature=oembed\" frameborder=\"0\" allow=\"accelerometer; autoplay; clipboard-write; encrypted-media; gyroscope; picture-in-picture; web-share\" referrerpolicy=\"strict-origin-when-cross-origin\" allowfullscreen><\/iframe><\/div>\n<p>Com mesurar la talla del contorn<\/p>\n<ul>\n<li>Mesura al voltant del seu tors, just a sota dels pits (posici\u00f3 \u201cb\u201d). Si mesura en cent\u00edmetres arrodoneix la talla de contorn m\u00e9s propera.<\/li>\n<\/ul>\n<p>Com mesurar la talla de la copa<\/p>\n<ul>\n<li>Mesura al voltant del seu tors sobre la part m\u00e9s prominent del pit (posici\u00f3 \u201ca\u201d). Despr\u00e9s haureu d&#8217;obtenir la difer\u00e8ncia entre \u201ca\u201d i \u201cb\u201d i guiant-vos amb la taula a sota (taula amb talles de copa) determineu la seva mesura de copa (Ex. A, B, C) veient la columna \u201c+ cm\u201d.<\/li>\n<\/ul>\n","protected":false},"excerpt":{"rendered":"<p>Sostenidor sense costures suau i c\u00f2mode que s&#8217;adapta als canvis que experimenten els pits de la dona lactant. Els tancaments de lact\u00e0ncia, f\u00e0cils de fer servir amb una sola m\u00e0, permeten treure el pit sencer per maximitzar el contacte pell amb pell amb el nad\u00f3 durant la lact\u00e0ncia.<\/p>\n","protected":false},"featured_media":48170,"template":"","meta":{"_acf_changed":false,"site-sidebar-layout":"default","site-content-layout":"default","ast-site-content-layout":"default","site-content-style":"default","site-sidebar-style":"default","ast-global-header-display":"","ast-banner-title-visibility":"","ast-main-header-display":"","ast-hfb-above-header-display":"","ast-hfb-below-header-display":"","ast-hfb-mobile-header-display":"","site-post-title":"","ast-breadcrumbs-content":"","ast-featured-img":"","footer-sml-layout":"","ast-disable-related-posts":"","theme-transparent-header-meta":"default","adv-header-id-meta":"","stick-header-meta":"","header-above-stick-meta":"","header-main-stick-meta":"","header-below-stick-meta":"","astra-migrate-meta-layouts":"set","ast-page-background-enabled":"default","ast-page-background-meta":{"desktop":{"background-color":"","background-image":"","background-repeat":"repeat","background-position":"center center","background-size":"auto","background-attachment":"scroll","background-type":"","background-media":"","overlay-type":"","overlay-color":"","overlay-opacity":"","overlay-gradient":""},"tablet":{"background-color":"","background-image":"","background-repeat":"repeat","background-position":"center center","background-size":"auto","background-attachment":"scroll","background-type":"","background-media":"","overlay-type":"","overlay-color":"","overlay-opacity":"","overlay-gradient":""},"mobile":{"background-color":"","background-image":"","background-repeat":"repeat","background-position":"center center","background-size":"auto","background-attachment":"scroll","background-type":"","background-media":"","overlay-type":"","overlay-color":"","overlay-opacity":"","overlay-gradient":""}},"ast-content-background-meta":{"desktop":{"background-color":"var(--ast-global-color-5)","background-image":"","background-repeat":"repeat","background-position":"center center","background-size":"auto","background-attachment":"scroll","background-type":"","background-media":"","overlay-type":"","overlay-color":"","overlay-opacity":"","overlay-gradient":""},"tablet":{"background-color":"var(--ast-global-color-5)","background-image":"","background-repeat":"repeat","background-position":"center center","background-size":"auto","background-attachment":"scroll","background-type":"","background-media":"","overlay-type":"","overlay-color":"","overlay-opacity":"","overlay-gradient":""},"mobile":{"background-color":"var(--ast-global-color-5)","background-image":"","background-repeat":"repeat","background-position":"center center","background-size":"auto","background-attachment":"scroll","background-type":"","background-media":"","overlay-type":"","overlay-color":"","overlay-opacity":"","overlay-gradient":""}}},"pwb-brand":[4104],"product_brand":[],"product_cat":[301],"product_tag":[2033,2042,2038],"class_list":{"0":"post-48151","1":"product","2":"type-product","3":"status-publish","4":"has-post-thumbnail","6":"pwb-brand-carriwell","7":"product_cat-per-la-dona","8":"product_tag-carriwell","9":"product_tag-sin-costuras","10":"product_tag-sujetador-lactancia","11":"pa_talla-l","12":"pa_talla-m","13":"pa_talla-s","14":"pa_talla-xl","15":"desktop-align-left","16":"tablet-align-left","17":"mobile-align-left","19":"first","20":"instock","21":"taxable","22":"shipping-taxable","23":"purchasable","24":"product-type-variable"},"acf":[],"yoast_head":"<!-- This site is optimized with the Yoast SEO Premium plugin v18.3 (Yoast SEO v27.4) - https:\/\/yoast.com\/product\/yoast-seo-premium-wordpress\/ -->\n<title>Sostenidor de lact\u00e0ncia Original Honey - Carriwell &#8212; Som Llavors<\/title>\n<meta name=\"description\" content=\"Sostenidor sense costures suau i c\u00f2mode que s&#039;adapta als canvis que experimenten els pits de la dona lactant. Els tancaments de lact\u00e0ncia, f\u00e0cils de fer servir amb una sola m\u00e0, permeten treure el pit sencer per maximitzar el contacte pell amb pell amb el nad\u00f3 durant la lact\u00e0ncia.\" \/>\n<meta name=\"robots\" content=\"index, follow, max-snippet:-1, max-image-preview:large, max-video-preview:-1\" \/>\n<link rel=\"canonical\" href=\"https:\/\/somllavors.com\/es\/producte\/sostenidor-de-lactancia-original-honey-carriwell\" \/>\n<meta property=\"og:locale\" content=\"es_ES\" \/>\n<meta property=\"og:type\" content=\"article\" \/>\n<meta property=\"og:title\" content=\"Sostenidor de lact\u00e0ncia Original Honey - Carriwell\" \/>\n<meta property=\"og:description\" content=\"La teva botiga d\u2019ecocrian\u00e7a i espai d\u2019acompanyament a la maternitat\" \/>\n<meta property=\"og:url\" content=\"https:\/\/somllavors.com\/es\/producte\/sostenidor-de-lactancia-original-honey-carriwell\" \/>\n<meta property=\"og:site_name\" content=\"Som Llavors\" \/>\n<meta property=\"article:publisher\" content=\"https:\/\/www.facebook.com\/somllavorsvng\/?locale=ca_ES\" \/>\n<meta property=\"article:modified_time\" content=\"2026-03-02T18:44:51+00:00\" \/>\n<meta property=\"og:image\" content=\"https:\/\/somllavors.com\/wp-content\/uploads\/2023\/10\/Som-Llavors-3005-Seamless-Original-Maternity-Nursing-Bra-Beige-3-1.png\" \/>\n\t<meta property=\"og:image:width\" content=\"920\" \/>\n\t<meta property=\"og:image:height\" content=\"1020\" \/>\n\t<meta property=\"og:image:type\" content=\"image\/png\" \/>\n<meta name=\"twitter:card\" content=\"summary_large_image\" \/>\n<meta name=\"twitter:label1\" content=\"Availability\" \/>\n\t<meta name=\"twitter:data1\" content=\"Hay existencias\" \/>\n<script type=\"application\/ld+json\" class=\"yoast-schema-graph\">{\"@context\":\"https:\\\/\\\/schema.org\",\"@graph\":[{\"@type\":\"WebPage\",\"@id\":\"https:\\\/\\\/somllavors.com\\\/es\\\/producte\\\/sostenidor-de-lactancia-original-honey-carriwell\",\"url\":\"https:\\\/\\\/somllavors.com\\\/es\\\/producte\\\/sostenidor-de-lactancia-original-honey-carriwell\",\"name\":\"Sostenidor de lact\u00e0ncia Original Honey - Carriwell &#8212; Som Llavors\",\"isPartOf\":{\"@id\":\"https:\\\/\\\/somllavors.com\\\/es#website\"},\"primaryImageOfPage\":{\"@id\":\"https:\\\/\\\/somllavors.com\\\/es\\\/producte\\\/sostenidor-de-lactancia-original-honey-carriwell#primaryimage\"},\"image\":{\"@id\":\"https:\\\/\\\/somllavors.com\\\/es\\\/producte\\\/sostenidor-de-lactancia-original-honey-carriwell#primaryimage\"},\"thumbnailUrl\":\"https:\\\/\\\/somllavors.com\\\/wp-content\\\/uploads\\\/2023\\\/10\\\/Som-Llavors-3005-Seamless-Original-Maternity-Nursing-Bra-Beige-3-1.png\",\"datePublished\":\"2023-10-24T08:51:04+00:00\",\"dateModified\":\"2026-03-02T18:44:51+00:00\",\"description\":\"Sostenidor sense costures suau i c\u00f2mode que s'adapta als canvis que experimenten els pits de la dona lactant. Els tancaments de lact\u00e0ncia, f\u00e0cils de fer servir amb una sola m\u00e0, permeten treure el pit sencer per maximitzar el contacte pell amb pell amb el nad\u00f3 durant la lact\u00e0ncia.\",\"breadcrumb\":{\"@id\":\"https:\\\/\\\/somllavors.com\\\/es\\\/producte\\\/sostenidor-de-lactancia-original-honey-carriwell#breadcrumb\"},\"inLanguage\":\"es\",\"potentialAction\":[{\"@type\":\"ReadAction\",\"target\":[\"https:\\\/\\\/somllavors.com\\\/es\\\/producte\\\/sostenidor-de-lactancia-original-honey-carriwell\"]}]},{\"@type\":\"ImageObject\",\"inLanguage\":\"es\",\"@id\":\"https:\\\/\\\/somllavors.com\\\/es\\\/producte\\\/sostenidor-de-lactancia-original-honey-carriwell#primaryimage\",\"url\":\"https:\\\/\\\/somllavors.com\\\/wp-content\\\/uploads\\\/2023\\\/10\\\/Som-Llavors-3005-Seamless-Original-Maternity-Nursing-Bra-Beige-3-1.png\",\"contentUrl\":\"https:\\\/\\\/somllavors.com\\\/wp-content\\\/uploads\\\/2023\\\/10\\\/Som-Llavors-3005-Seamless-Original-Maternity-Nursing-Bra-Beige-3-1.png\",\"width\":920,\"height\":1020,\"caption\":\"CARRIWELL SUJETADOR\"},{\"@type\":\"BreadcrumbList\",\"@id\":\"https:\\\/\\\/somllavors.com\\\/es\\\/producte\\\/sostenidor-de-lactancia-original-honey-carriwell#breadcrumb\",\"itemListElement\":[{\"@type\":\"ListItem\",\"position\":1,\"name\":\"Inici\",\"item\":\"https:\\\/\\\/somllavors.com\\\/es\"},{\"@type\":\"ListItem\",\"position\":2,\"name\":\"Tienda\",\"item\":\"https:\\\/\\\/somllavors.com\\\/es\\\/botiga-2\"},{\"@type\":\"ListItem\",\"position\":3,\"name\":\"Sostenidor de lact\u00e0ncia Original Honey &#8211; Carriwell\"}]},{\"@type\":\"WebSite\",\"@id\":\"https:\\\/\\\/somllavors.com\\\/es#website\",\"url\":\"https:\\\/\\\/somllavors.com\\\/es\",\"name\":\"Som Llavors\",\"description\":\"Botiga de crian\u00e7a natural\",\"publisher\":{\"@id\":\"https:\\\/\\\/somllavors.com\\\/es#organization\"},\"alternateName\":\"Crian\u00e7a Natural i Sostenible\",\"potentialAction\":[{\"@type\":\"SearchAction\",\"target\":{\"@type\":\"EntryPoint\",\"urlTemplate\":\"https:\\\/\\\/somllavors.com\\\/es?s={search_term_string}\"},\"query-input\":{\"@type\":\"PropertyValueSpecification\",\"valueRequired\":true,\"valueName\":\"search_term_string\"}}],\"inLanguage\":\"es\"},{\"@type\":[\"Organization\",\"Place\",\"Store\"],\"@id\":\"https:\\\/\\\/somllavors.com\\\/es#organization\",\"name\":\"Som Llavors\",\"alternateName\":\"Crian\u00e7a Natural i Sostenible\",\"url\":\"https:\\\/\\\/somllavors.com\\\/es\",\"logo\":{\"@id\":\"https:\\\/\\\/somllavors.com\\\/es\\\/producte\\\/sostenidor-de-lactancia-original-honey-carriwell#local-main-organization-logo\"},\"image\":{\"@id\":\"https:\\\/\\\/somllavors.com\\\/es\\\/producte\\\/sostenidor-de-lactancia-original-honey-carriwell#local-main-organization-logo\"},\"sameAs\":[\"https:\\\/\\\/www.facebook.com\\\/somllavorsvng\\\/?locale=ca_ES\",\"https:\\\/\\\/www.instagram.com\\\/somllavors_vng\\\/\",\"https:\\\/\\\/www.youtube.com\\\/@somllavors\"],\"address\":{\"@id\":\"https:\\\/\\\/somllavors.com\\\/es\\\/producte\\\/sostenidor-de-lactancia-original-honey-carriwell#local-main-place-address\"},\"geo\":{\"@type\":\"GeoCoordinates\",\"latitude\":\"41.2257737\",\"longitude\":\"1.723258859\"},\"telephone\":[\"623152704\"],\"openingHoursSpecification\":[{\"@type\":\"OpeningHoursSpecification\",\"dayOfWeek\":[\"Monday\",\"Sunday\"],\"opens\":\"00:00\",\"closes\":\"00:00\"},{\"@type\":\"OpeningHoursSpecification\",\"dayOfWeek\":[\"Tuesday\",\"Wednesday\",\"Thursday\",\"Friday\"],\"opens\":\"10:00\",\"closes\":\"20:00\"},{\"@type\":\"OpeningHoursSpecification\",\"dayOfWeek\":[\"Saturday\"],\"opens\":\"10:00\",\"closes\":\"13:30\"}],\"email\":\"info@somllavors.com\"},{\"@type\":\"PostalAddress\",\"@id\":\"https:\\\/\\\/somllavors.com\\\/es\\\/producte\\\/sostenidor-de-lactancia-original-honey-carriwell#local-main-place-address\",\"streetAddress\":\"Carrer de l'aigua, 6\",\"addressLocality\":\"Vilanova i la Geltr\u00fa\",\"postalCode\":\"08800\",\"addressRegion\":\"Barcelona\",\"addressCountry\":\"ES\"},{\"@type\":\"ImageObject\",\"inLanguage\":\"es\",\"@id\":\"https:\\\/\\\/somllavors.com\\\/es\\\/producte\\\/sostenidor-de-lactancia-original-honey-carriwell#local-main-organization-logo\",\"url\":\"https:\\\/\\\/somllavors.com\\\/wp-content\\\/uploads\\\/Logotip-Som-Llavors.jpg\",\"contentUrl\":\"https:\\\/\\\/somllavors.com\\\/wp-content\\\/uploads\\\/Logotip-Som-Llavors.jpg\",\"width\":1444,\"height\":1323,\"caption\":\"Som Llavors\"}]}<\/script>\n<meta property=\"og:availability\" content=\"instock\" \/>\n<meta property=\"product:availability\" content=\"instock\" \/>\n<meta property=\"product:condition\" content=\"new\" \/>\n<meta name=\"geo.placename\" content=\"Vilanova i la Geltr\u00fa\" \/>\n<meta name=\"geo.position\" content=\"41.2257737;1.723258859\" \/>\n<meta name=\"geo.region\" content=\"Espa\u00f1a\" \/>\n<!-- \/ Yoast SEO Premium plugin. -->","yoast_head_json":{"title":"Sostenidor de lact\u00e0ncia Original Honey - Carriwell &#8212; Som Llavors","description":"Sostenidor sense costures suau i c\u00f2mode que s'adapta als canvis que experimenten els pits de la dona lactant. Els tancaments de lact\u00e0ncia, f\u00e0cils de fer servir amb una sola m\u00e0, permeten treure el pit sencer per maximitzar el contacte pell amb pell amb el nad\u00f3 durant la lact\u00e0ncia.","robots":{"index":"index","follow":"follow","max-snippet":"max-snippet:-1","max-image-preview":"max-image-preview:large","max-video-preview":"max-video-preview:-1"},"canonical":"https:\/\/somllavors.com\/es\/producte\/sostenidor-de-lactancia-original-honey-carriwell","og_locale":"es_ES","og_type":"article","og_title":"Sostenidor de lact\u00e0ncia Original Honey - Carriwell","og_description":"La teva botiga d\u2019ecocrian\u00e7a i espai d\u2019acompanyament a la maternitat","og_url":"https:\/\/somllavors.com\/es\/producte\/sostenidor-de-lactancia-original-honey-carriwell","og_site_name":"Som Llavors","article_publisher":"https:\/\/www.facebook.com\/somllavorsvng\/?locale=ca_ES","article_modified_time":"2026-03-02T18:44:51+00:00","og_image":[{"width":920,"height":1020,"url":"https:\/\/somllavors.com\/wp-content\/uploads\/2023\/10\/Som-Llavors-3005-Seamless-Original-Maternity-Nursing-Bra-Beige-3-1.png","type":"image\/png"}],"twitter_card":"summary_large_image","twitter_misc":{"Availability":"Hay existencias"},"schema":{"@context":"https:\/\/schema.org","@graph":[{"@type":"WebPage","@id":"https:\/\/somllavors.com\/es\/producte\/sostenidor-de-lactancia-original-honey-carriwell","url":"https:\/\/somllavors.com\/es\/producte\/sostenidor-de-lactancia-original-honey-carriwell","name":"Sostenidor de lact\u00e0ncia Original Honey - Carriwell &#8212; Som Llavors","isPartOf":{"@id":"https:\/\/somllavors.com\/es#website"},"primaryImageOfPage":{"@id":"https:\/\/somllavors.com\/es\/producte\/sostenidor-de-lactancia-original-honey-carriwell#primaryimage"},"image":{"@id":"https:\/\/somllavors.com\/es\/producte\/sostenidor-de-lactancia-original-honey-carriwell#primaryimage"},"thumbnailUrl":"https:\/\/somllavors.com\/wp-content\/uploads\/2023\/10\/Som-Llavors-3005-Seamless-Original-Maternity-Nursing-Bra-Beige-3-1.png","datePublished":"2023-10-24T08:51:04+00:00","dateModified":"2026-03-02T18:44:51+00:00","description":"Sostenidor sense costures suau i c\u00f2mode que s'adapta als canvis que experimenten els pits de la dona lactant. Els tancaments de lact\u00e0ncia, f\u00e0cils de fer servir amb una sola m\u00e0, permeten treure el pit sencer per maximitzar el contacte pell amb pell amb el nad\u00f3 durant la lact\u00e0ncia.","breadcrumb":{"@id":"https:\/\/somllavors.com\/es\/producte\/sostenidor-de-lactancia-original-honey-carriwell#breadcrumb"},"inLanguage":"es","potentialAction":[{"@type":"ReadAction","target":["https:\/\/somllavors.com\/es\/producte\/sostenidor-de-lactancia-original-honey-carriwell"]}]},{"@type":"ImageObject","inLanguage":"es","@id":"https:\/\/somllavors.com\/es\/producte\/sostenidor-de-lactancia-original-honey-carriwell#primaryimage","url":"https:\/\/somllavors.com\/wp-content\/uploads\/2023\/10\/Som-Llavors-3005-Seamless-Original-Maternity-Nursing-Bra-Beige-3-1.png","contentUrl":"https:\/\/somllavors.com\/wp-content\/uploads\/2023\/10\/Som-Llavors-3005-Seamless-Original-Maternity-Nursing-Bra-Beige-3-1.png","width":920,"height":1020,"caption":"CARRIWELL SUJETADOR"},{"@type":"BreadcrumbList","@id":"https:\/\/somllavors.com\/es\/producte\/sostenidor-de-lactancia-original-honey-carriwell#breadcrumb","itemListElement":[{"@type":"ListItem","position":1,"name":"Inici","item":"https:\/\/somllavors.com\/es"},{"@type":"ListItem","position":2,"name":"Tienda","item":"https:\/\/somllavors.com\/es\/botiga-2"},{"@type":"ListItem","position":3,"name":"Sostenidor de lact\u00e0ncia Original Honey &#8211; Carriwell"}]},{"@type":"WebSite","@id":"https:\/\/somllavors.com\/es#website","url":"https:\/\/somllavors.com\/es","name":"Som Llavors","description":"Botiga de crian\u00e7a natural","publisher":{"@id":"https:\/\/somllavors.com\/es#organization"},"alternateName":"Crian\u00e7a Natural i Sostenible","potentialAction":[{"@type":"SearchAction","target":{"@type":"EntryPoint","urlTemplate":"https:\/\/somllavors.com\/es?s={search_term_string}"},"query-input":{"@type":"PropertyValueSpecification","valueRequired":true,"valueName":"search_term_string"}}],"inLanguage":"es"},{"@type":["Organization","Place","Store"],"@id":"https:\/\/somllavors.com\/es#organization","name":"Som Llavors","alternateName":"Crian\u00e7a Natural i Sostenible","url":"https:\/\/somllavors.com\/es","logo":{"@id":"https:\/\/somllavors.com\/es\/producte\/sostenidor-de-lactancia-original-honey-carriwell#local-main-organization-logo"},"image":{"@id":"https:\/\/somllavors.com\/es\/producte\/sostenidor-de-lactancia-original-honey-carriwell#local-main-organization-logo"},"sameAs":["https:\/\/www.facebook.com\/somllavorsvng\/?locale=ca_ES","https:\/\/www.instagram.com\/somllavors_vng\/","https:\/\/www.youtube.com\/@somllavors"],"address":{"@id":"https:\/\/somllavors.com\/es\/producte\/sostenidor-de-lactancia-original-honey-carriwell#local-main-place-address"},"geo":{"@type":"GeoCoordinates","latitude":"41.2257737","longitude":"1.723258859"},"telephone":["623152704","623152704"],"openingHoursSpecification":[{"@type":"OpeningHoursSpecification","dayOfWeek":["Monday","Sunday"],"opens":"00:00","closes":"00:00"},{"@type":"OpeningHoursSpecification","dayOfWeek":["Tuesday","Wednesday","Thursday","Friday"],"opens":"10:00","closes":"20:00"},{"@type":"OpeningHoursSpecification","dayOfWeek":["Saturday"],"opens":"10:00","closes":"13:30"}],"email":"info@somllavors.com"},{"@type":"PostalAddress","@id":"https:\/\/somllavors.com\/es\/producte\/sostenidor-de-lactancia-original-honey-carriwell#local-main-place-address","streetAddress":"Carrer de l'aigua, 6","addressLocality":"Vilanova i la Geltr\u00fa","postalCode":"08800","addressRegion":"Barcelona","addressCountry":"ES"},{"@type":"ImageObject","inLanguage":"es","@id":"https:\/\/somllavors.com\/es\/producte\/sostenidor-de-lactancia-original-honey-carriwell#local-main-organization-logo","url":"https:\/\/somllavors.com\/wp-content\/uploads\/Logotip-Som-Llavors.jpg","contentUrl":"https:\/\/somllavors.com\/wp-content\/uploads\/Logotip-Som-Llavors.jpg","width":1444,"height":1323,"caption":"Som Llavors"}]},"og_availability":"instock","product_availability":"instock","product_condition":"new","geo.placename":"Vilanova i la Geltr\u00fa","geo.position":{"lat":"41.2257737","long":"1.723258859"},"geo.region":"Espa\u00f1a"},"brands":[{"id":4104,"name":"Carriwell","slug":"carriwell"}],"_links":{"self":[{"href":"https:\/\/somllavors.com\/es\/wp-json\/wp\/v2\/product\/48151","targetHints":{"allow":["GET"]}}],"collection":[{"href":"https:\/\/somllavors.com\/es\/wp-json\/wp\/v2\/product"}],"about":[{"href":"https:\/\/somllavors.com\/es\/wp-json\/wp\/v2\/types\/product"}],"wp:featuredmedia":[{"embeddable":true,"href":"https:\/\/somllavors.com\/es\/wp-json\/wp\/v2\/media\/48170"}],"wp:attachment":[{"href":"https:\/\/somllavors.com\/es\/wp-json\/wp\/v2\/media?parent=48151"}],"wp:term":[{"taxonomy":"pwb-brand","embeddable":true,"href":"https:\/\/somllavors.com\/es\/wp-json\/wp\/v2\/pwb-brand?post=48151"},{"taxonomy":"product_brand","embeddable":true,"href":"https:\/\/somllavors.com\/es\/wp-json\/wp\/v2\/product_brand?post=48151"},{"taxonomy":"product_cat","embeddable":true,"href":"https:\/\/somllavors.com\/es\/wp-json\/wp\/v2\/product_cat?post=48151"},{"taxonomy":"product_tag","embeddable":true,"href":"https:\/\/somllavors.com\/es\/wp-json\/wp\/v2\/product_tag?post=48151"}],"curies":[{"name":"wp","href":"https:\/\/api.w.org\/{rel}","templated":true}]}}