{"id":49108,"date":"2023-11-16T10:55:46","date_gmt":"2023-11-16T09:55:46","guid":{"rendered":"https:\/\/somllavors.com\/?post_type=product&#038;p=49108"},"modified":"2024-05-08T12:09:42","modified_gmt":"2024-05-08T10:09:42","slug":"infinit-anar-i-tornar","status":"publish","type":"product","link":"https:\/\/somllavors.com\/es\/producte\/infinit-anar-i-tornar","title":{"rendered":"Infinit anar i tornar"},"content":{"rendered":"","protected":false},"excerpt":{"rendered":"<p><b>Ja \u00e9s aqu\u00ed el nou \u00e1lbum il\u00b7lustrat de M\u00edriam Tirado, l&#8217;autora referent de la crian\u00e7a respectuosa amb m\u00e9s de 450.000 persones lectores!<\/b><\/p>\n<ul>\n<li>El Jan \u00e9s conscient que la mare l&#8217;estima, per\u00f2 li encnatar\u00eda saber ins a quin punt: \u00abEs pot mesusrar l&#8217;amor?\u00bb, es pregunta. Ell voldria enir un term\u00f2metre o una cinta m\u00e8trica que li indiquessin com de gran \u00e9s l&#8217;amor de la mare&#8230; Per aix\u00f2, quan ella li diu: \u00abT&#8217;estimo fins a l&#8217;infinit, anar i tornar\u00bb, ell no ho acaba d&#8217;entendre. Per\u00f2 amb l&#8217;ajuda de la seva gosseta, la Kala, intentar\u00e0 descobrir-ho.<\/li>\n<\/ul>\n<p><b>Un conte per aprendre a identificar, rebre i donar amor incondicional i per sentir-nos sempre connectats i estimats.<\/b><\/p>\n","protected":false},"featured_media":49109,"template":"","meta":{"_acf_changed":false,"site-sidebar-layout":"default","site-content-layout":"default","ast-site-content-layout":"default","site-content-style":"default","site-sidebar-style":"default","ast-global-header-display":"","ast-banner-title-visibility":"","ast-main-header-display":"","ast-hfb-above-header-display":"","ast-hfb-below-header-display":"","ast-hfb-mobile-header-display":"","site-post-title":"","ast-breadcrumbs-content":"","ast-featured-img":"","footer-sml-layout":"","ast-disable-related-posts":"","theme-transparent-header-meta":"default","adv-header-id-meta":"","stick-header-meta":"","header-above-stick-meta":"","header-main-stick-meta":"","header-below-stick-meta":"","astra-migrate-meta-layouts":"default","ast-page-background-enabled":"default","ast-page-background-meta":{"desktop":{"background-color":"","background-image":"","background-repeat":"repeat","background-position":"center center","background-size":"auto","background-attachment":"scroll","background-type":"","background-media":"","overlay-type":"","overlay-color":"","overlay-opacity":"","overlay-gradient":""},"tablet":{"background-color":"","background-image":"","background-repeat":"repeat","background-position":"center center","background-size":"auto","background-attachment":"scroll","background-type":"","background-media":"","overlay-type":"","overlay-color":"","overlay-opacity":"","overlay-gradient":""},"mobile":{"background-color":"","background-image":"","background-repeat":"repeat","background-position":"center center","background-size":"auto","background-attachment":"scroll","background-type":"","background-media":"","overlay-type":"","overlay-color":"","overlay-opacity":"","overlay-gradient":""}},"ast-content-background-meta":{"desktop":{"background-color":"var(--ast-global-color-5)","background-image":"","background-repeat":"repeat","background-position":"center center","background-size":"auto","background-attachment":"scroll","background-type":"","background-media":"","overlay-type":"","overlay-color":"","overlay-opacity":"","overlay-gradient":""},"tablet":{"background-color":"var(--ast-global-color-5)","background-image":"","background-repeat":"repeat","background-position":"center center","background-size":"auto","background-attachment":"scroll","background-type":"","background-media":"","overlay-type":"","overlay-color":"","overlay-opacity":"","overlay-gradient":""},"mobile":{"background-color":"var(--ast-global-color-5)","background-image":"","background-repeat":"repeat","background-position":"center center","background-size":"auto","background-attachment":"scroll","background-type":"","background-media":"","overlay-type":"","overlay-color":"","overlay-opacity":"","overlay-gradient":""}}},"pwb-brand":[],"product_brand":[],"product_cat":[567],"product_tag":[990,992],"class_list":{"0":"post-49108","1":"product","2":"type-product","3":"status-publish","4":"has-post-thumbnail","6":"product_cat-infantils","7":"product_tag-b-de-blok","8":"product_tag-miriam-tirado","9":"desktop-align-left","10":"tablet-align-left","11":"mobile-align-left","13":"first","14":"instock","15":"taxable","16":"shipping-taxable","17":"purchasable","18":"product-type-simple"},"acf":[],"yoast_head":"<!-- This site is optimized with the Yoast SEO Premium plugin v18.3 (Yoast SEO v27.4) - https:\/\/yoast.com\/product\/yoast-seo-premium-wordpress\/ -->\n<title>Infinit anar i tornar &#8212; Som Llavors<\/title>\n<meta name=\"description\" content=\"Ja \u00e9s aqu\u00ed el nou \u00e1lbum il\u00b7lustrat de M\u00edriam Tirado, l&#039;autora referent de la crian\u00e7a respectuosa amb m\u00e9s de 450.000 persones lectores!   El Jan \u00e9s conscient que la mare l&#039;estima, per\u00f2 li encnatar\u00eda saber ins a quin punt: \u00abEs pot mesusrar l&#039;amor?\u00bb, es pregunta. Ell voldria enir un term\u00f2metre o una cinta m\u00e8trica que li indiquessin com de gran \u00e9s l&#039;amor de la mare... Per aix\u00f2, quan ella li diu: \u00abT&#039;estimo fins a l&#039;infinit, anar i tornar\u00bb, ell no ho acaba d&#039;entendre. Per\u00f2 amb l&#039;ajuda de la seva gosseta, la Kala, intentar\u00e0 descobrir-ho.  Un conte per aprendre a identificar, rebre i donar amor incondicional i per sentir-nos sempre connectats i estimats.\" \/>\n<meta name=\"robots\" content=\"index, follow, max-snippet:-1, max-image-preview:large, max-video-preview:-1\" \/>\n<link rel=\"canonical\" href=\"https:\/\/somllavors.com\/es\/producte\/infinit-anar-i-tornar\" \/>\n<meta property=\"og:locale\" content=\"es_ES\" \/>\n<meta property=\"og:type\" content=\"article\" \/>\n<meta property=\"og:title\" content=\"Infinit anar i tornar\" \/>\n<meta property=\"og:description\" content=\"La teva botiga d\u2019ecocrian\u00e7a i espai d\u2019acompanyament a la maternitat\" \/>\n<meta property=\"og:url\" content=\"https:\/\/somllavors.com\/es\/producte\/infinit-anar-i-tornar\" \/>\n<meta property=\"og:site_name\" content=\"Som Llavors\" \/>\n<meta property=\"article:publisher\" content=\"https:\/\/www.facebook.com\/somllavorsvng\/?locale=ca_ES\" \/>\n<meta property=\"article:modified_time\" content=\"2024-05-08T10:09:42+00:00\" \/>\n<meta property=\"og:image\" content=\"https:\/\/somllavors.com\/wp-content\/uploads\/2023\/11\/9788419378378.jpg\" \/>\n\t<meta property=\"og:image:width\" content=\"800\" \/>\n\t<meta property=\"og:image:height\" content=\"894\" \/>\n\t<meta property=\"og:image:type\" content=\"image\/jpeg\" \/>\n<meta name=\"twitter:card\" content=\"summary_large_image\" \/>\n<meta name=\"twitter:label1\" content=\"Precio\" \/>\n\t<meta name=\"twitter:data1\" content=\"24,95&euro; Iva incl\u00f2s\" \/>\n\t<meta name=\"twitter:label2\" content=\"Availability\" \/>\n\t<meta name=\"twitter:data2\" content=\"Hay existencias\" \/>\n<script type=\"application\/ld+json\" class=\"yoast-schema-graph\">{\"@context\":\"https:\\\/\\\/schema.org\",\"@graph\":[{\"@type\":\"WebPage\",\"@id\":\"https:\\\/\\\/somllavors.com\\\/es\\\/producte\\\/infinit-anar-i-tornar\",\"url\":\"https:\\\/\\\/somllavors.com\\\/es\\\/producte\\\/infinit-anar-i-tornar\",\"name\":\"Infinit anar i tornar &#8212; Som Llavors\",\"isPartOf\":{\"@id\":\"https:\\\/\\\/somllavors.com\\\/es#website\"},\"primaryImageOfPage\":{\"@id\":\"https:\\\/\\\/somllavors.com\\\/es\\\/producte\\\/infinit-anar-i-tornar#primaryimage\"},\"image\":{\"@id\":\"https:\\\/\\\/somllavors.com\\\/es\\\/producte\\\/infinit-anar-i-tornar#primaryimage\"},\"thumbnailUrl\":\"https:\\\/\\\/somllavors.com\\\/wp-content\\\/uploads\\\/2023\\\/11\\\/9788419378378.jpg\",\"datePublished\":\"2023-11-16T09:55:46+00:00\",\"dateModified\":\"2024-05-08T10:09:42+00:00\",\"description\":\"Ja \u00e9s aqu\u00ed el nou \u00e1lbum il\u00b7lustrat de M\u00edriam Tirado, l'autora referent de la crian\u00e7a respectuosa amb m\u00e9s de 450.000 persones lectores! El Jan \u00e9s conscient que la mare l'estima, per\u00f2 li encnatar\u00eda saber ins a quin punt: \u00abEs pot mesusrar l'amor?\u00bb, es pregunta. Ell voldria enir un term\u00f2metre o una cinta m\u00e8trica que li indiquessin com de gran \u00e9s l'amor de la mare... Per aix\u00f2, quan ella li diu: \u00abT'estimo fins a l'infinit, anar i tornar\u00bb, ell no ho acaba d'entendre. Per\u00f2 amb l'ajuda de la seva gosseta, la Kala, intentar\u00e0 descobrir-ho. Un conte per aprendre a identificar, rebre i donar amor incondicional i per sentir-nos sempre connectats i estimats.\",\"breadcrumb\":{\"@id\":\"https:\\\/\\\/somllavors.com\\\/es\\\/producte\\\/infinit-anar-i-tornar#breadcrumb\"},\"inLanguage\":\"es\",\"potentialAction\":[{\"@type\":\"ReadAction\",\"target\":[\"https:\\\/\\\/somllavors.com\\\/es\\\/producte\\\/infinit-anar-i-tornar\"]}]},{\"@type\":\"ImageObject\",\"inLanguage\":\"es\",\"@id\":\"https:\\\/\\\/somllavors.com\\\/es\\\/producte\\\/infinit-anar-i-tornar#primaryimage\",\"url\":\"https:\\\/\\\/somllavors.com\\\/wp-content\\\/uploads\\\/2023\\\/11\\\/9788419378378.jpg\",\"contentUrl\":\"https:\\\/\\\/somllavors.com\\\/wp-content\\\/uploads\\\/2023\\\/11\\\/9788419378378.jpg\",\"width\":800,\"height\":894,\"caption\":\"infinit miriam tirado\"},{\"@type\":\"BreadcrumbList\",\"@id\":\"https:\\\/\\\/somllavors.com\\\/es\\\/producte\\\/infinit-anar-i-tornar#breadcrumb\",\"itemListElement\":[{\"@type\":\"ListItem\",\"position\":1,\"name\":\"Inici\",\"item\":\"https:\\\/\\\/somllavors.com\\\/es\"},{\"@type\":\"ListItem\",\"position\":2,\"name\":\"Tienda\",\"item\":\"https:\\\/\\\/somllavors.com\\\/es\\\/botiga-2\"},{\"@type\":\"ListItem\",\"position\":3,\"name\":\"Infinit anar i tornar\"}]},{\"@type\":\"WebSite\",\"@id\":\"https:\\\/\\\/somllavors.com\\\/es#website\",\"url\":\"https:\\\/\\\/somllavors.com\\\/es\",\"name\":\"Som Llavors\",\"description\":\"Botiga de crian\u00e7a natural\",\"publisher\":{\"@id\":\"https:\\\/\\\/somllavors.com\\\/es#organization\"},\"alternateName\":\"Crian\u00e7a Natural i Sostenible\",\"potentialAction\":[{\"@type\":\"SearchAction\",\"target\":{\"@type\":\"EntryPoint\",\"urlTemplate\":\"https:\\\/\\\/somllavors.com\\\/es?s={search_term_string}\"},\"query-input\":{\"@type\":\"PropertyValueSpecification\",\"valueRequired\":true,\"valueName\":\"search_term_string\"}}],\"inLanguage\":\"es\"},{\"@type\":[\"Organization\",\"Place\",\"Store\"],\"@id\":\"https:\\\/\\\/somllavors.com\\\/es#organization\",\"name\":\"Som Llavors\",\"alternateName\":\"Crian\u00e7a Natural i Sostenible\",\"url\":\"https:\\\/\\\/somllavors.com\\\/es\",\"logo\":{\"@id\":\"https:\\\/\\\/somllavors.com\\\/es\\\/producte\\\/infinit-anar-i-tornar#local-main-organization-logo\"},\"image\":{\"@id\":\"https:\\\/\\\/somllavors.com\\\/es\\\/producte\\\/infinit-anar-i-tornar#local-main-organization-logo\"},\"sameAs\":[\"https:\\\/\\\/www.facebook.com\\\/somllavorsvng\\\/?locale=ca_ES\",\"https:\\\/\\\/www.instagram.com\\\/somllavors_vng\\\/\",\"https:\\\/\\\/www.youtube.com\\\/@somllavors\"],\"address\":{\"@id\":\"https:\\\/\\\/somllavors.com\\\/es\\\/producte\\\/infinit-anar-i-tornar#local-main-place-address\"},\"geo\":{\"@type\":\"GeoCoordinates\",\"latitude\":\"41.2257737\",\"longitude\":\"1.723258859\"},\"telephone\":[\"623152704\"],\"openingHoursSpecification\":[{\"@type\":\"OpeningHoursSpecification\",\"dayOfWeek\":[\"Monday\",\"Sunday\"],\"opens\":\"00:00\",\"closes\":\"00:00\"},{\"@type\":\"OpeningHoursSpecification\",\"dayOfWeek\":[\"Tuesday\",\"Wednesday\",\"Thursday\",\"Friday\"],\"opens\":\"10:00\",\"closes\":\"20:00\"},{\"@type\":\"OpeningHoursSpecification\",\"dayOfWeek\":[\"Saturday\"],\"opens\":\"10:00\",\"closes\":\"13:30\"}],\"email\":\"info@somllavors.com\"},{\"@type\":\"PostalAddress\",\"@id\":\"https:\\\/\\\/somllavors.com\\\/es\\\/producte\\\/infinit-anar-i-tornar#local-main-place-address\",\"streetAddress\":\"Carrer de l'aigua, 6\",\"addressLocality\":\"Vilanova i la Geltr\u00fa\",\"postalCode\":\"08800\",\"addressRegion\":\"Barcelona\",\"addressCountry\":\"ES\"},{\"@type\":\"ImageObject\",\"inLanguage\":\"es\",\"@id\":\"https:\\\/\\\/somllavors.com\\\/es\\\/producte\\\/infinit-anar-i-tornar#local-main-organization-logo\",\"url\":\"https:\\\/\\\/somllavors.com\\\/wp-content\\\/uploads\\\/Logotip-Som-Llavors.jpg\",\"contentUrl\":\"https:\\\/\\\/somllavors.com\\\/wp-content\\\/uploads\\\/Logotip-Som-Llavors.jpg\",\"width\":1444,\"height\":1323,\"caption\":\"Som Llavors\"}]}<\/script>\n<meta property=\"product:price:amount\" content=\"24.95\" \/>\n<meta property=\"product:price:currency\" content=\"EUR\" \/>\n<meta property=\"og:availability\" content=\"instock\" \/>\n<meta property=\"product:availability\" content=\"instock\" \/>\n<meta property=\"product:retailer_item_id\" content=\"9788419378378\" \/>\n<meta property=\"product:condition\" content=\"new\" \/>\n<meta name=\"geo.placename\" content=\"Vilanova i la Geltr\u00fa\" \/>\n<meta name=\"geo.position\" content=\"41.2257737;1.723258859\" \/>\n<meta name=\"geo.region\" content=\"Espa\u00f1a\" \/>\n<!-- \/ Yoast SEO Premium plugin. -->","yoast_head_json":{"title":"Infinit anar i tornar &#8212; Som Llavors","description":"Ja \u00e9s aqu\u00ed el nou \u00e1lbum il\u00b7lustrat de M\u00edriam Tirado, l'autora referent de la crian\u00e7a respectuosa amb m\u00e9s de 450.000 persones lectores!   El Jan \u00e9s conscient que la mare l'estima, per\u00f2 li encnatar\u00eda saber ins a quin punt: \u00abEs pot mesusrar l'amor?\u00bb, es pregunta. Ell voldria enir un term\u00f2metre o una cinta m\u00e8trica que li indiquessin com de gran \u00e9s l'amor de la mare... Per aix\u00f2, quan ella li diu: \u00abT'estimo fins a l'infinit, anar i tornar\u00bb, ell no ho acaba d'entendre. Per\u00f2 amb l'ajuda de la seva gosseta, la Kala, intentar\u00e0 descobrir-ho.  Un conte per aprendre a identificar, rebre i donar amor incondicional i per sentir-nos sempre connectats i estimats.","robots":{"index":"index","follow":"follow","max-snippet":"max-snippet:-1","max-image-preview":"max-image-preview:large","max-video-preview":"max-video-preview:-1"},"canonical":"https:\/\/somllavors.com\/es\/producte\/infinit-anar-i-tornar","og_locale":"es_ES","og_type":"article","og_title":"Infinit anar i tornar","og_description":"La teva botiga d\u2019ecocrian\u00e7a i espai d\u2019acompanyament a la maternitat","og_url":"https:\/\/somllavors.com\/es\/producte\/infinit-anar-i-tornar","og_site_name":"Som Llavors","article_publisher":"https:\/\/www.facebook.com\/somllavorsvng\/?locale=ca_ES","article_modified_time":"2024-05-08T10:09:42+00:00","og_image":[{"width":800,"height":894,"url":"https:\/\/somllavors.com\/wp-content\/uploads\/2023\/11\/9788419378378.jpg","type":"image\/jpeg"}],"twitter_card":"summary_large_image","twitter_misc":{"Precio":"24,95&euro; Iva incl\u00f2s","Availability":"Hay existencias"},"schema":{"@context":"https:\/\/schema.org","@graph":[{"@type":"WebPage","@id":"https:\/\/somllavors.com\/es\/producte\/infinit-anar-i-tornar","url":"https:\/\/somllavors.com\/es\/producte\/infinit-anar-i-tornar","name":"Infinit anar i tornar &#8212; Som Llavors","isPartOf":{"@id":"https:\/\/somllavors.com\/es#website"},"primaryImageOfPage":{"@id":"https:\/\/somllavors.com\/es\/producte\/infinit-anar-i-tornar#primaryimage"},"image":{"@id":"https:\/\/somllavors.com\/es\/producte\/infinit-anar-i-tornar#primaryimage"},"thumbnailUrl":"https:\/\/somllavors.com\/wp-content\/uploads\/2023\/11\/9788419378378.jpg","datePublished":"2023-11-16T09:55:46+00:00","dateModified":"2024-05-08T10:09:42+00:00","description":"Ja \u00e9s aqu\u00ed el nou \u00e1lbum il\u00b7lustrat de M\u00edriam Tirado, l'autora referent de la crian\u00e7a respectuosa amb m\u00e9s de 450.000 persones lectores! El Jan \u00e9s conscient que la mare l'estima, per\u00f2 li encnatar\u00eda saber ins a quin punt: \u00abEs pot mesusrar l'amor?\u00bb, es pregunta. Ell voldria enir un term\u00f2metre o una cinta m\u00e8trica que li indiquessin com de gran \u00e9s l'amor de la mare... Per aix\u00f2, quan ella li diu: \u00abT'estimo fins a l'infinit, anar i tornar\u00bb, ell no ho acaba d'entendre. Per\u00f2 amb l'ajuda de la seva gosseta, la Kala, intentar\u00e0 descobrir-ho. Un conte per aprendre a identificar, rebre i donar amor incondicional i per sentir-nos sempre connectats i estimats.","breadcrumb":{"@id":"https:\/\/somllavors.com\/es\/producte\/infinit-anar-i-tornar#breadcrumb"},"inLanguage":"es","potentialAction":[{"@type":"ReadAction","target":["https:\/\/somllavors.com\/es\/producte\/infinit-anar-i-tornar"]}]},{"@type":"ImageObject","inLanguage":"es","@id":"https:\/\/somllavors.com\/es\/producte\/infinit-anar-i-tornar#primaryimage","url":"https:\/\/somllavors.com\/wp-content\/uploads\/2023\/11\/9788419378378.jpg","contentUrl":"https:\/\/somllavors.com\/wp-content\/uploads\/2023\/11\/9788419378378.jpg","width":800,"height":894,"caption":"infinit miriam tirado"},{"@type":"BreadcrumbList","@id":"https:\/\/somllavors.com\/es\/producte\/infinit-anar-i-tornar#breadcrumb","itemListElement":[{"@type":"ListItem","position":1,"name":"Inici","item":"https:\/\/somllavors.com\/es"},{"@type":"ListItem","position":2,"name":"Tienda","item":"https:\/\/somllavors.com\/es\/botiga-2"},{"@type":"ListItem","position":3,"name":"Infinit anar i tornar"}]},{"@type":"WebSite","@id":"https:\/\/somllavors.com\/es#website","url":"https:\/\/somllavors.com\/es","name":"Som Llavors","description":"Botiga de crian\u00e7a natural","publisher":{"@id":"https:\/\/somllavors.com\/es#organization"},"alternateName":"Crian\u00e7a Natural i Sostenible","potentialAction":[{"@type":"SearchAction","target":{"@type":"EntryPoint","urlTemplate":"https:\/\/somllavors.com\/es?s={search_term_string}"},"query-input":{"@type":"PropertyValueSpecification","valueRequired":true,"valueName":"search_term_string"}}],"inLanguage":"es"},{"@type":["Organization","Place","Store"],"@id":"https:\/\/somllavors.com\/es#organization","name":"Som Llavors","alternateName":"Crian\u00e7a Natural i Sostenible","url":"https:\/\/somllavors.com\/es","logo":{"@id":"https:\/\/somllavors.com\/es\/producte\/infinit-anar-i-tornar#local-main-organization-logo"},"image":{"@id":"https:\/\/somllavors.com\/es\/producte\/infinit-anar-i-tornar#local-main-organization-logo"},"sameAs":["https:\/\/www.facebook.com\/somllavorsvng\/?locale=ca_ES","https:\/\/www.instagram.com\/somllavors_vng\/","https:\/\/www.youtube.com\/@somllavors"],"address":{"@id":"https:\/\/somllavors.com\/es\/producte\/infinit-anar-i-tornar#local-main-place-address"},"geo":{"@type":"GeoCoordinates","latitude":"41.2257737","longitude":"1.723258859"},"telephone":["623152704","623152704"],"openingHoursSpecification":[{"@type":"OpeningHoursSpecification","dayOfWeek":["Monday","Sunday"],"opens":"00:00","closes":"00:00"},{"@type":"OpeningHoursSpecification","dayOfWeek":["Tuesday","Wednesday","Thursday","Friday"],"opens":"10:00","closes":"20:00"},{"@type":"OpeningHoursSpecification","dayOfWeek":["Saturday"],"opens":"10:00","closes":"13:30"}],"email":"info@somllavors.com"},{"@type":"PostalAddress","@id":"https:\/\/somllavors.com\/es\/producte\/infinit-anar-i-tornar#local-main-place-address","streetAddress":"Carrer de l'aigua, 6","addressLocality":"Vilanova i la Geltr\u00fa","postalCode":"08800","addressRegion":"Barcelona","addressCountry":"ES"},{"@type":"ImageObject","inLanguage":"es","@id":"https:\/\/somllavors.com\/es\/producte\/infinit-anar-i-tornar#local-main-organization-logo","url":"https:\/\/somllavors.com\/wp-content\/uploads\/Logotip-Som-Llavors.jpg","contentUrl":"https:\/\/somllavors.com\/wp-content\/uploads\/Logotip-Som-Llavors.jpg","width":1444,"height":1323,"caption":"Som Llavors"}]},"product_price_amount":"24.95","product_price_currency":"EUR","og_availability":"instock","product_availability":"instock","product_retailer_item_id":"9788419378378","product_condition":"new","geo.placename":"Vilanova i la Geltr\u00fa","geo.position":{"lat":"41.2257737","long":"1.723258859"},"geo.region":"Espa\u00f1a"},"brands":[],"_links":{"self":[{"href":"https:\/\/somllavors.com\/es\/wp-json\/wp\/v2\/product\/49108","targetHints":{"allow":["GET"]}}],"collection":[{"href":"https:\/\/somllavors.com\/es\/wp-json\/wp\/v2\/product"}],"about":[{"href":"https:\/\/somllavors.com\/es\/wp-json\/wp\/v2\/types\/product"}],"wp:featuredmedia":[{"embeddable":true,"href":"https:\/\/somllavors.com\/es\/wp-json\/wp\/v2\/media\/49109"}],"wp:attachment":[{"href":"https:\/\/somllavors.com\/es\/wp-json\/wp\/v2\/media?parent=49108"}],"wp:term":[{"taxonomy":"pwb-brand","embeddable":true,"href":"https:\/\/somllavors.com\/es\/wp-json\/wp\/v2\/pwb-brand?post=49108"},{"taxonomy":"product_brand","embeddable":true,"href":"https:\/\/somllavors.com\/es\/wp-json\/wp\/v2\/product_brand?post=49108"},{"taxonomy":"product_cat","embeddable":true,"href":"https:\/\/somllavors.com\/es\/wp-json\/wp\/v2\/product_cat?post=49108"},{"taxonomy":"product_tag","embeddable":true,"href":"https:\/\/somllavors.com\/es\/wp-json\/wp\/v2\/product_tag?post=49108"}],"curies":[{"name":"wp","href":"https:\/\/api.w.org\/{rel}","templated":true}]}}